{"id":689,"date":"2026-02-09T11:54:48","date_gmt":"2026-02-09T11:54:48","guid":{"rendered":"https:\/\/researchchemicalshop.eu\/?post_type=product&#038;p=689"},"modified":"2026-02-13T13:35:49","modified_gmt":"2026-02-13T13:35:49","slug":"4b-mar","status":"publish","type":"product","link":"https:\/\/researchchemicalshop.eu\/sk\/produkt\/4b-mar\/","title":{"rendered":"4B MAR (4-Bromo-4-methylaminorex)"},"content":{"rendered":"<p data-start=\"5051\" data-end=\"5284\"><strong data-start=\"5051\" data-end=\"5088\">4B-MAR (4-Broom-4-methylaminorex)<\/strong> je <strong data-start=\"5096\" data-end=\"5129\">synthetisch aminorex-derivaat<\/strong> uit de <strong data-start=\"5137\" data-end=\"5157\">oxazoline-klasse<\/strong>. Pou\u017e\u00edva sa v <strong data-start=\"5181\" data-end=\"5218\">forensische en analytische chemie<\/strong> vanwege de structurele gelijkenis met andere aminorex-analogen. <span class=\"___SBox_epc1q-ko_ ___SText_zko9t-ko_\" data-ui-name=\"Link.Text\">4b mar<\/span><\/p>\n<p data-start=\"5286\" data-end=\"5540\">Tento v\u00fdrobok je <strong data-start=\"5301\" data-end=\"5370\">uitsluitend bedoeld voor wetenschappelijk en analytisch onderzoek<\/strong>. Laboratoria gebruiken het om <strong data-start=\"5401\" data-end=\"5441\">substitueerde oxazoline-verbindingen<\/strong> te bestuderen, <strong data-start=\"5457\" data-end=\"5492\">detectiemethoden te ontwikkelen<\/strong> a <strong data-start=\"5496\" data-end=\"5537\">spectrale eigenschappen te analyseren<\/strong>.<\/p>\n<p data-start=\"5542\" data-end=\"5689\">Het product is <strong data-start=\"5557\" data-end=\"5614\">nevhodn\u00e9 na \u013eudsk\u00fa alebo \u017eivo\u010d\u00ed\u0161nu spotrebu<\/strong> en mag alleen worden gehanteerd door gekwalificeerd laboratoriumpersoneel.<\/p>\n<hr data-start=\"5691\" data-end=\"5694\" \/>\n<h3 data-start=\"5696\" data-end=\"5727\"><strong data-start=\"5700\" data-end=\"5727\">K\u013e\u00fa\u010dov\u00e9 vlastnosti<\/strong><\/h3>\n<ul data-start=\"5729\" data-end=\"6240\">\n<li data-start=\"5729\" data-end=\"5827\">\n<p data-start=\"5731\" data-end=\"5827\"><strong data-start=\"5731\" data-end=\"5751\">Vysok\u00e1 \u010distota:<\/strong> Geproduceerd voor nauwkeurigheid en reproduceerbare onderzoeksresultaten.<\/p>\n<\/li>\n<li data-start=\"5828\" data-end=\"5937\">\n<p data-start=\"5830\" data-end=\"5937\"><strong data-start=\"5830\" data-end=\"5869\">Certifikovan\u00fd referen\u010dn\u00fd materi\u00e1l:<\/strong> Dod\u00e1va sa s <strong data-start=\"5883\" data-end=\"5911\">osved\u010denie o anal\u00fdze (COA)<\/strong> voor kwaliteitsborging.<\/p>\n<\/li>\n<li data-start=\"5938\" data-end=\"6035\">\n<p data-start=\"5940\" data-end=\"6035\"><strong data-start=\"5940\" data-end=\"5972\">Analytische Compatibiliteit:<\/strong> Vhodn\u00e9 pre <strong data-start=\"5987\" data-end=\"5996\">GC-MS<\/strong>, <strong data-start=\"5998\" data-end=\"6007\">LC-MS<\/strong> a <strong data-start=\"6011\" data-end=\"6019\">HPLC<\/strong> aplik\u00e1cie.<\/p>\n<\/li>\n<li data-start=\"6036\" data-end=\"6141\">\n<p data-start=\"6038\" data-end=\"6141\"><strong data-start=\"6038\" data-end=\"6064\">Forensisch Toepasbaar:<\/strong> Gebruikt in toxicologie, verbindingidentificatie en spectrale referenties.<\/p>\n<\/li>\n<li data-start=\"6142\" data-end=\"6240\">\n<p data-start=\"6144\" data-end=\"6240\"><strong data-start=\"6144\" data-end=\"6171\">Stabiln\u00e9 zlo\u017eenie:<\/strong> Ontworpen voor langdurige opslag onder laboratoriumomstandigheden.<\/p>\n<\/li>\n<\/ul>\n<hr data-start=\"6242\" data-end=\"6245\" \/>\n<h3 data-start=\"6247\" data-end=\"6264\"><strong data-start=\"6251\" data-end=\"6264\">V\u00fdhody<\/strong><\/h3>\n<ul data-start=\"6266\" data-end=\"6740\">\n<li data-start=\"6266\" data-end=\"6367\">\n<p data-start=\"6268\" data-end=\"6367\"><strong data-start=\"6268\" data-end=\"6305\">Podporuje forenzn\u00fd v\u00fdskum:<\/strong> Helpt bij identificatie en validatie van aminorex-analogen.<\/p>\n<\/li>\n<li data-start=\"6368\" data-end=\"6448\">\n<p data-start=\"6370\" data-end=\"6448\"><strong data-start=\"6370\" data-end=\"6397\">Betrouwbare Resultaten:<\/strong> Biedt consistente data voor analytische studies.<\/p>\n<\/li>\n<li data-start=\"6449\" data-end=\"6541\">\n<p data-start=\"6451\" data-end=\"6541\"><strong data-start=\"6451\" data-end=\"6477\">Educatieve Toepassing:<\/strong> Geschikt voor academisch onderzoek naar chemische structuren.<\/p>\n<\/li>\n<li data-start=\"6542\" data-end=\"6643\">\n<p data-start=\"6544\" data-end=\"6643\"><strong data-start=\"6544\" data-end=\"6574\">Toxicologische Relevantie:<\/strong> Ondersteunt studies naar detectiemethoden in biologische monsters. <span class=\"___SBox_epc1q-ko_ ___SText_zko9t-ko_\" data-ui-name=\"Link.Text\">4b mar<\/span><\/p>\n<\/li>\n<li data-start=\"6644\" data-end=\"6740\">\n<p data-start=\"6646\" data-end=\"6740\"><strong data-start=\"6646\" data-end=\"6686\">Voldoet aan Laboratoriumstandaarden:<\/strong> Geproduceerd volgens strikte onderzoeksrichtlijnen.<\/p>\n<\/li>\n<\/ul>\n<hr data-start=\"6742\" data-end=\"6745\" \/>\n<h3 data-start=\"6747\" data-end=\"6808\"><strong data-start=\"6751\" data-end=\"6808\">N\u00e1vod na pou\u017eitie (len na v\u00fdskumn\u00e9 \u00fa\u010dely)<\/strong><\/h3>\n<ol data-start=\"6810\" data-end=\"7175\">\n<li data-start=\"6810\" data-end=\"6928\">\n<p data-start=\"6813\" data-end=\"6928\"><strong data-start=\"6813\" data-end=\"6831\">Pr\u00edprava:<\/strong> Gebruik in erkende laboratoria met geschikte veiligheidsmiddelen (handschoenen, bril, labjas).<\/p>\n<\/li>\n<li data-start=\"6929\" data-end=\"7018\">\n<p data-start=\"6932\" data-end=\"7018\"><strong data-start=\"6932\" data-end=\"6947\">Pou\u017eitie:<\/strong> Gebruik volgens gevalideerde analytische of forensische protocollen.<\/p>\n<\/li>\n<li data-start=\"7019\" data-end=\"7095\">\n<p data-start=\"7022\" data-end=\"7095\"><strong data-start=\"7022\" data-end=\"7033\">Skladovanie:<\/strong> Bewaar koel, droog en donker in goed afgesloten containers.<\/p>\n<\/li>\n<li data-start=\"7096\" data-end=\"7175\">\n<p data-start=\"7099\" data-end=\"7175\"><strong data-start=\"7099\" data-end=\"7110\">Odvodnenie:<\/strong> Verwerk resten volgens lokale richtlijnen voor chemisch afval.<\/p>\n<\/li>\n<\/ol>\n<hr data-start=\"7177\" data-end=\"7180\" \/>\n<h3 data-start=\"7182\" data-end=\"7216\"><strong data-start=\"7186\" data-end=\"7216\">Bezpe\u010dnos\u0165 a dodr\u017eiavanie predpisov<\/strong><\/h3>\n<ul data-start=\"7218\" data-end=\"7645\">\n<li data-start=\"7218\" data-end=\"7313\">\n<p data-start=\"7220\" data-end=\"7313\"><strong data-start=\"7220\" data-end=\"7256\">Len na laborat\u00f3rne pou\u017eitie:<\/strong> Nie je vhodn\u00fd na \u013eudsk\u00fa ani \u017eivo\u010d\u00ed\u0161nu spotrebu.<\/p>\n<\/li>\n<li data-start=\"7314\" data-end=\"7436\">\n<p data-start=\"7316\" data-end=\"7436\"><strong data-start=\"7316\" data-end=\"7344\">Pr\u00e1vne aspekty:<\/strong> De status van 4B-MAR kan per land verschillen. Controleer altijd de geldende regelgeving.<\/p>\n<\/li>\n<li data-start=\"7437\" data-end=\"7520\">\n<p data-start=\"7439\" data-end=\"7520\"><strong data-start=\"7439\" data-end=\"7457\">Veilig Werken:<\/strong> Vermijd contact en gebruik in een goed geventileerde ruimte.<\/p>\n<\/li>\n<li data-start=\"7521\" data-end=\"7645\">\n<p data-start=\"7523\" data-end=\"7645\"><strong data-start=\"7523\" data-end=\"7540\">Dokument\u00e1cia:<\/strong> A <strong data-start=\"7545\" data-end=\"7581\">karta bezpe\u010dnostn\u00fdch \u00fadajov (MSDS)<\/strong> a <strong data-start=\"7585\" data-end=\"7613\">osved\u010denie o anal\u00fdze (COA)<\/strong> zijn op aanvraag beschikbaar.<\/p>\n<\/li>\n<\/ul>\n<hr data-start=\"7647\" data-end=\"7650\" \/>\n<h3 data-start=\"7652\" data-end=\"7687\"><strong data-start=\"7656\" data-end=\"7687\">\u010casto kladen\u00e9 ot\u00e1zky (FAQ)<\/strong><\/h3>\n<p data-start=\"7689\" data-end=\"7838\"><strong data-start=\"7689\" data-end=\"7727\">1. Waarvoor wordt 4B-MAR gebruikt?<\/strong><br data-start=\"7727\" data-end=\"7730\" \/>4B-MAR wordt gebruikt als <strong data-start=\"7756\" data-end=\"7774\">referen\u010dn\u00e1 l\u00e1tka<\/strong> bij analytische en forensische studies van aminorex-analogen.<\/p>\n<p data-start=\"7840\" data-end=\"8016\"><strong data-start=\"7840\" data-end=\"7891\">2. Is 4B-MAR veilig voor menselijke consumptie?<\/strong><br data-start=\"7891\" data-end=\"7894\" \/>Nie. Tento v\u00fdrobok je <strong data-start=\"7914\" data-end=\"7952\">len na v\u00fdskumn\u00e9 \u00fa\u010dely<\/strong> a <strong data-start=\"7956\" data-end=\"8013\">nevhodn\u00e9 na \u013eudsk\u00fa alebo \u017eivo\u010d\u00ed\u0161nu spotrebu<\/strong>.<\/p>\n<p data-start=\"8018\" data-end=\"8163\"><strong data-start=\"8018\" data-end=\"8059\">3. Hoe moet 4B-MAR worden opgeslagen?<\/strong><br data-start=\"8059\" data-end=\"8062\" \/>Ulo\u017ei\u0165 na <strong data-start=\"8076\" data-end=\"8110\">chladn\u00e9, such\u00e9 a tmav\u00e9 miesto<\/strong>, goed afgesloten en buiten bereik van onbevoegden.<\/p>","protected":false},"excerpt":{"rendered":"<h2>4B-MAR \/ <b>4\u2032-bromo-4-methylaminorex <\/b>eigenschappen<\/h2>\n<p><strong>Synoniem: 4-methyl-5-(4-bromophenyl)-4,5-dihydro-1,3-oxazol-2-amine<br \/>\nCAS Nummer<\/strong>: NVT<br \/>\n<strong>Formule<\/strong>: <span title=\"Carbon\">C<\/span><sub>10<\/sub><span title=\"Hydrogen\">H<\/span><sub>11<\/sub><span title=\"Fluorine\">F<\/span><span title=\"Nitrogen\">N<\/span><sub>2<\/sub><span title=\"Oxygen\">O<\/span><br \/>\n<strong>Molmassa<\/strong>: <span class=\"nowrap\">195.039<\/span> g\u00b7mol<br \/>\n<strong>\u010cistota<\/strong>: \u226598%<\/p>","protected":false},"featured_media":0,"comment_status":"closed","ping_status":"closed","template":"","meta":[],"product_brand":[],"product_cat":[359],"product_tag":[362,363,22],"class_list":{"0":"post-689","1":"product","2":"type-product","3":"status-publish","5":"product_cat-aminorex","6":"product_tag-4b-mar-kopen","7":"product_tag-4b-mar","8":"product_tag-nl","10":"first","11":"instock","12":"shipping-taxable","13":"purchasable","14":"product-type-variable"},"_links":{"self":[{"href":"https:\/\/researchchemicalshop.eu\/sk\/wp-json\/wp\/v2\/product\/689","targetHints":{"allow":["GET"]}}],"collection":[{"href":"https:\/\/researchchemicalshop.eu\/sk\/wp-json\/wp\/v2\/product"}],"about":[{"href":"https:\/\/researchchemicalshop.eu\/sk\/wp-json\/wp\/v2\/types\/product"}],"replies":[{"embeddable":true,"href":"https:\/\/researchchemicalshop.eu\/sk\/wp-json\/wp\/v2\/comments?post=689"}],"version-history":[{"count":2,"href":"https:\/\/researchchemicalshop.eu\/sk\/wp-json\/wp\/v2\/product\/689\/revisions"}],"predecessor-version":[{"id":16673,"href":"https:\/\/researchchemicalshop.eu\/sk\/wp-json\/wp\/v2\/product\/689\/revisions\/16673"}],"wp:attachment":[{"href":"https:\/\/researchchemicalshop.eu\/sk\/wp-json\/wp\/v2\/media?parent=689"}],"wp:term":[{"taxonomy":"product_brand","embeddable":true,"href":"https:\/\/researchchemicalshop.eu\/sk\/wp-json\/wp\/v2\/product_brand?post=689"},{"taxonomy":"product_cat","embeddable":true,"href":"https:\/\/researchchemicalshop.eu\/sk\/wp-json\/wp\/v2\/product_cat?post=689"},{"taxonomy":"product_tag","embeddable":true,"href":"https:\/\/researchchemicalshop.eu\/sk\/wp-json\/wp\/v2\/product_tag?post=689"}],"curies":[{"name":"wp","href":"https:\/\/api.w.org\/{rel}","templated":true}]}}