{"id":688,"date":"2026-02-09T11:54:48","date_gmt":"2026-02-09T11:54:48","guid":{"rendered":"https:\/\/researchchemicalshop.eu\/?post_type=product&#038;p=688"},"modified":"2026-02-13T13:02:47","modified_gmt":"2026-02-13T13:02:47","slug":"4f-mar","status":"publish","type":"product","link":"https:\/\/researchchemicalshop.eu\/sk\/produkt\/4f-mar\/","title":{"rendered":"4F-MAR (4-Fluoro-4-methylaminorex)"},"content":{"rendered":"<p data-start=\"4818\" data-end=\"5118\"><strong data-start=\"4818\" data-end=\"4856\">4F-MAR (4-Fluoro-4-methylaminorex)<\/strong> je <strong data-start=\"4864\" data-end=\"4897\">synthetisch aminorex-derivaat<\/strong> dat behoort tot de <strong data-start=\"4917\" data-end=\"4937\">oxazoline-klasse<\/strong>. Het wordt gebruikt als <strong data-start=\"4962\" data-end=\"4985\">referentiemateriaal<\/strong> in analytische en forensische laboratoria om de chemische structuur en eigenschappen van vergelijkbare verbindingen te bestuderen. 4FMAR<\/p>\n<p data-start=\"5120\" data-end=\"5377\">Tento v\u00fdrobok je <strong data-start=\"5135\" data-end=\"5190\">ur\u010den\u00e9 v\u00fdlu\u010dne na vedeck\u00fd v\u00fdskum<\/strong> a <strong data-start=\"5194\" data-end=\"5251\">nevhodn\u00e9 na \u013eudsk\u00fa alebo \u017eivo\u010d\u00ed\u0161nu spotrebu<\/strong>. Het onderzoek naar 4F-MAR draagt bij aan de ontwikkeling van detectie- en analysemethoden binnen de forensische toxicologie.<\/p>\n<hr data-start=\"5379\" data-end=\"5382\" \/>\n<h3 data-start=\"5384\" data-end=\"5415\"><strong data-start=\"5388\" data-end=\"5415\">K\u013e\u00fa\u010dov\u00e9 vlastnosti<\/strong><\/h3>\n<ul data-start=\"5417\" data-end=\"5939\">\n<li data-start=\"5417\" data-end=\"5519\">\n<p data-start=\"5419\" data-end=\"5519\"><strong data-start=\"5419\" data-end=\"5439\">Vysok\u00e1 \u010distota:<\/strong> Geproduceerd onder gecontroleerde omstandigheden voor betrouwbare resultaten.<\/p>\n<\/li>\n<li data-start=\"5520\" data-end=\"5629\">\n<p data-start=\"5522\" data-end=\"5629\"><strong data-start=\"5522\" data-end=\"5561\">Certifikovan\u00fd referen\u010dn\u00fd materi\u00e1l:<\/strong> Dod\u00e1va sa s <strong data-start=\"5575\" data-end=\"5603\">osved\u010denie o anal\u00fdze (COA)<\/strong> en zuiverheidsgegevens.<\/p>\n<\/li>\n<li data-start=\"5630\" data-end=\"5734\">\n<p data-start=\"5632\" data-end=\"5734\"><strong data-start=\"5632\" data-end=\"5658\">Forensisch Toepasbaar:<\/strong> Geschikt voor chemische profilering en toxicologisch referentieonderzoek. 4FMAR<\/p>\n<\/li>\n<li data-start=\"5735\" data-end=\"5837\">\n<p data-start=\"5737\" data-end=\"5837\"><strong data-start=\"5737\" data-end=\"5774\">Compatibel met Analyseapparatuur:<\/strong> Geschikt voor gebruik met <strong data-start=\"5801\" data-end=\"5810\">GC-MS<\/strong>, <strong data-start=\"5812\" data-end=\"5821\">LC-MS<\/strong>, a <strong data-start=\"5826\" data-end=\"5834\">HPLC<\/strong>.<\/p>\n<\/li>\n<li data-start=\"5838\" data-end=\"5939\">\n<p data-start=\"5840\" data-end=\"5939\"><strong data-start=\"5840\" data-end=\"5860\">Stabiel Product:<\/strong> Ontworpen voor langdurige opslag onder standaard laboratoriumomstandigheden.<\/p>\n<\/li>\n<\/ul>\n<hr data-start=\"5941\" data-end=\"5944\" \/>\n<h3 data-start=\"5946\" data-end=\"5963\"><strong data-start=\"5950\" data-end=\"5963\">V\u00fdhody<\/strong><\/h3>\n<ul data-start=\"5965\" data-end=\"6483\">\n<li data-start=\"5965\" data-end=\"6078\">\n<p data-start=\"5967\" data-end=\"6078\"><strong data-start=\"5967\" data-end=\"6003\">Ondersteunt Forensische Analyse:<\/strong> Helpt bij het identificeren van aminorex-analogen in onderzoeksmonsters.<\/p>\n<\/li>\n<li data-start=\"6079\" data-end=\"6182\">\n<p data-start=\"6081\" data-end=\"6182\"><strong data-start=\"6081\" data-end=\"6121\">Verhoogt Analytische Nauwkeurigheid:<\/strong> Biedt een betrouwbaar ijkpunt voor laboratoriumkalibratie.<\/p>\n<\/li>\n<li data-start=\"6183\" data-end=\"6284\">\n<p data-start=\"6185\" data-end=\"6284\"><strong data-start=\"6185\" data-end=\"6218\">Wetenschappelijke Relevantie:<\/strong> Geschikt voor chemische, structurele en toxicologische studies.<\/p>\n<\/li>\n<li data-start=\"6285\" data-end=\"6383\">\n<p data-start=\"6287\" data-end=\"6383\"><strong data-start=\"6287\" data-end=\"6320\">Voldoet aan Kwaliteitsnormen:<\/strong> Vyroben\u00e9 pod\u013ea medzin\u00e1rodn\u00fdch laborat\u00f3rnych smern\u00edc.<\/p>\n<\/li>\n<li data-start=\"6384\" data-end=\"6483\">\n<p data-start=\"6386\" data-end=\"6483\"><strong data-start=\"6386\" data-end=\"6417\">Breed Onderzoekstoepasbaar:<\/strong> Gebruikt in toxicologisch en analytisch onderwijs en onderzoek.<\/p>\n<\/li>\n<\/ul>\n<hr data-start=\"6485\" data-end=\"6488\" \/>\n<h3 data-start=\"6490\" data-end=\"6551\"><strong data-start=\"6494\" data-end=\"6551\">N\u00e1vod na pou\u017eitie (len na v\u00fdskumn\u00e9 \u00fa\u010dely)<\/strong><\/h3>\n<ol data-start=\"6553\" data-end=\"6940\">\n<li data-start=\"6553\" data-end=\"6655\">\n<p data-start=\"6556\" data-end=\"6655\"><strong data-start=\"6556\" data-end=\"6570\">Manipul\u00e1cia:<\/strong> Pou\u017e\u00edvajte len v schv\u00e1len\u00fdch laborat\u00f3ri\u00e1ch s pr\u00edslu\u0161n\u00fdmi bezpe\u010dnostn\u00fdmi zariadeniami.<\/p>\n<\/li>\n<li data-start=\"6656\" data-end=\"6746\">\n<p data-start=\"6659\" data-end=\"6746\"><strong data-start=\"6659\" data-end=\"6677\">Pr\u00edprava:<\/strong> Bereid volgens gevalideerde protocollen voor analytisch onderzoek.<\/p>\n<\/li>\n<li data-start=\"6747\" data-end=\"6848\">\n<p data-start=\"6750\" data-end=\"6848\"><strong data-start=\"6750\" data-end=\"6761\">Skladovanie:<\/strong> Bewaar koel, droog en donker, goed afgesloten in een chemisch bestendige verpakking.<\/p>\n<\/li>\n<li data-start=\"6849\" data-end=\"6940\">\n<p data-start=\"6852\" data-end=\"6940\"><strong data-start=\"6852\" data-end=\"6863\">Odvodnenie:<\/strong> Zvy\u0161ky zlikvidujte v s\u00falade s miestnymi smernicami pre nakladanie s chemick\u00fdm odpadom.<\/p>\n<\/li>\n<\/ol>\n<hr data-start=\"6942\" data-end=\"6945\" \/>\n<h3 data-start=\"6947\" data-end=\"6981\"><strong data-start=\"6951\" data-end=\"6981\">Bezpe\u010dnos\u0165 a dodr\u017eiavanie predpisov<\/strong><\/h3>\n<ul data-start=\"6983\" data-end=\"7382\">\n<li data-start=\"6983\" data-end=\"7077\">\n<p data-start=\"6985\" data-end=\"7077\"><strong data-start=\"6985\" data-end=\"7021\">Len na laborat\u00f3rne pou\u017eitie:<\/strong> Nie je ur\u010den\u00fd na \u013eudsk\u00fa ani \u017eivo\u010d\u00ed\u0161nu spotrebu.<\/p>\n<\/li>\n<li data-start=\"7078\" data-end=\"7200\">\n<p data-start=\"7080\" data-end=\"7200\"><strong data-start=\"7080\" data-end=\"7108\">Pr\u00e1vne aspekty:<\/strong> Controleer altijd de lokale wetgeving met betrekking tot het bezit en gebruik van 4F-MAR.<\/p>\n<\/li>\n<li data-start=\"7201\" data-end=\"7257\">\n<p data-start=\"7203\" data-end=\"7257\"><strong data-start=\"7203\" data-end=\"7221\">Veilig Werken:<\/strong> Vermijd inademing en huidcontact.<\/p>\n<\/li>\n<li data-start=\"7258\" data-end=\"7382\">\n<p data-start=\"7260\" data-end=\"7382\"><strong data-start=\"7260\" data-end=\"7277\">Dokument\u00e1cia:<\/strong> A <strong data-start=\"7282\" data-end=\"7318\">karta bezpe\u010dnostn\u00fdch \u00fadajov (MSDS)<\/strong> a <strong data-start=\"7322\" data-end=\"7350\">osved\u010denie o anal\u00fdze (COA)<\/strong> s\u00fa k dispoz\u00edcii na po\u017eiadanie.<\/p>\n<\/li>\n<\/ul>\n<hr data-start=\"7384\" data-end=\"7387\" \/>\n<h3 data-start=\"7389\" data-end=\"7424\"><strong data-start=\"7393\" data-end=\"7424\">\u010casto kladen\u00e9 ot\u00e1zky (FAQ)<\/strong><\/h3>\n<p data-start=\"7426\" data-end=\"7579\"><strong data-start=\"7426\" data-end=\"7464\">1. Waarvoor wordt 4F-MAR gebruikt?<\/strong><br data-start=\"7464\" data-end=\"7467\" \/>4F-MAR wordt gebruikt als <strong data-start=\"7493\" data-end=\"7511\">referen\u010dn\u00e1 l\u00e1tka<\/strong> voor analytische en forensische onderzoeken naar aminorex-analogen.<\/p>\n<p data-start=\"7581\" data-end=\"7755\"><strong data-start=\"7581\" data-end=\"7632\">2. Is 4F-MAR veilig voor menselijke consumptie?<\/strong><br data-start=\"7632\" data-end=\"7635\" \/>Nie. Tento v\u00fdrobok je <strong data-start=\"7655\" data-end=\"7693\">len na v\u00fdskumn\u00e9 \u00fa\u010dely<\/strong> a <strong data-start=\"7697\" data-end=\"7754\">nevhodn\u00e9 na \u013eudsk\u00fa alebo \u017eivo\u010d\u00ed\u0161nu spotrebu<\/strong>.<\/p>\n<p data-start=\"7757\" data-end=\"7871\"><strong data-start=\"7757\" data-end=\"7798\">3. Hoe moet 4F-MAR worden opgeslagen?<\/strong><br data-start=\"7798\" data-end=\"7801\" \/>Bewaar koel, donker en goed afgesloten, buiten bereik van onbevoegden.<\/p>\n<p><em>.<a href=\"https:\/\/researchchemicalshop.eu\/sk\/obchod\/iboga-ibogaine\/iboga-root-bark\/\">iboga root bark\u200b<\/a> <a href=\"https:\/\/researchchemicalshop.eu\/sk\/obchod\/iboga-ibogaine\/buy-ibogaine-hcl-online\/\">buy ibogaine hcl online\u200b<\/a> <a href=\"https:\/\/researchchemicalshop.eu\/sk\/obchod\/lyzergamidy\/1cp-lsd\/\">1cp LSD<\/a> <a href=\"https:\/\/researchchemicalshop.eu\/sk\/obchod\/pelety\/o-dsmt-50mg-pellets\/\">o-dsmt<\/a> <a href=\"https:\/\/researchchemicalshop.eu\/sk\/obchod\/lyzergamidy\/1vlsd\/\">1vlsd\u200b<\/a>\u00a0<\/em><\/p>","protected":false},"excerpt":{"rendered":"<h2>4F-MAR \/ <b>4\u2032-Fluoro-4-methylaminorex \/ 4-FPO<\/b> eigenschappen<\/h2>\n<p><strong>CAS Nummer<\/strong>: 1364933-64-1<br \/>\n<strong>Formule<\/strong>: <span title=\"Carbon\">C<\/span><sub>10<\/sub><span title=\"Hydrogen\">H<\/span><sub>11<\/sub><span title=\"Fluorine\">F<\/span><span title=\"Nitrogen\">N<\/span><sub>2<\/sub><span title=\"Oxygen\">O<\/span><br \/>\n<strong>Molmassa<\/strong>: <span class=\"nowrap\">194.209<\/span> g\u00b7mol<br \/>\n<strong>\u010cistota<\/strong>: \u226598%<\/p>","protected":false},"featured_media":0,"comment_status":"closed","ping_status":"closed","template":"","meta":[],"product_brand":[],"product_cat":[359],"product_tag":[967,360,361,22],"class_list":{"0":"post-688","1":"product","2":"type-product","3":"status-publish","5":"product_cat-aminorex","6":"product_tag-4f-mar","7":"product_tag-4fma","8":"product_tag-4fmar-kopen","9":"product_tag-nl","11":"first","12":"instock","13":"shipping-taxable","14":"purchasable","15":"product-type-variable"},"_links":{"self":[{"href":"https:\/\/researchchemicalshop.eu\/sk\/wp-json\/wp\/v2\/product\/688","targetHints":{"allow":["GET"]}}],"collection":[{"href":"https:\/\/researchchemicalshop.eu\/sk\/wp-json\/wp\/v2\/product"}],"about":[{"href":"https:\/\/researchchemicalshop.eu\/sk\/wp-json\/wp\/v2\/types\/product"}],"replies":[{"embeddable":true,"href":"https:\/\/researchchemicalshop.eu\/sk\/wp-json\/wp\/v2\/comments?post=688"}],"version-history":[{"count":1,"href":"https:\/\/researchchemicalshop.eu\/sk\/wp-json\/wp\/v2\/product\/688\/revisions"}],"predecessor-version":[{"id":16627,"href":"https:\/\/researchchemicalshop.eu\/sk\/wp-json\/wp\/v2\/product\/688\/revisions\/16627"}],"wp:attachment":[{"href":"https:\/\/researchchemicalshop.eu\/sk\/wp-json\/wp\/v2\/media?parent=688"}],"wp:term":[{"taxonomy":"product_brand","embeddable":true,"href":"https:\/\/researchchemicalshop.eu\/sk\/wp-json\/wp\/v2\/product_brand?post=688"},{"taxonomy":"product_cat","embeddable":true,"href":"https:\/\/researchchemicalshop.eu\/sk\/wp-json\/wp\/v2\/product_cat?post=688"},{"taxonomy":"product_tag","embeddable":true,"href":"https:\/\/researchchemicalshop.eu\/sk\/wp-json\/wp\/v2\/product_tag?post=688"}],"curies":[{"name":"wp","href":"https:\/\/api.w.org\/{rel}","templated":true}]}}