{"id":685,"date":"2026-02-09T11:54:48","date_gmt":"2026-02-09T11:54:48","guid":{"rendered":"https:\/\/researchchemicalshop.eu\/?post_type=product&#038;p=685"},"modified":"2026-03-05T20:05:02","modified_gmt":"2026-03-05T20:05:02","slug":"zelena-mandala-mix","status":"publish","type":"product","link":"https:\/\/researchchemicalshop.eu\/sk\/produkt\/zelena-mandala-mix\/","title":{"rendered":"Zelen\u00e1 mandala Mix"},"content":{"rendered":"<p data-start=\"4798\" data-end=\"5022\"><strong data-start=\"4798\" data-end=\"4819\">Zelen\u00e1 mandala Mix<\/strong> je <strong data-start=\"4827\" data-end=\"4848\">v\u00fdskumn\u00fd vzorec<\/strong> pou\u017e\u00edva sa na <strong data-start=\"4873\" data-end=\"4914\">analytick\u00e9 a forenzn\u00e9 \u00fa\u010dely<\/strong>. Sl\u00fa\u017ei ako <strong data-start=\"4930\" data-end=\"4951\">referen\u010dn\u00e1 zmes<\/strong> na kalibr\u00e1ciu, chemick\u00e9 porovnanie a spektrometrick\u00fa anal\u00fdzu.<\/p>\n<p data-start=\"5024\" data-end=\"5201\">Tento v\u00fdrobok sa pou\u017e\u00edva v <strong data-start=\"5055\" data-end=\"5124\">forenzn\u00e9 laborat\u00f3ri\u00e1, univerzity a v\u00fdskumn\u00e9 \u00fastavy<\/strong> ktor\u00e9 sa zameriavaj\u00fa na \u0161t\u00fadium komplexn\u00e9ho chemick\u00e9ho zlo\u017eenia.<\/p>\n<p data-start=\"5203\" data-end=\"5327\">Je to <strong data-start=\"5210\" data-end=\"5265\">ur\u010den\u00e9 v\u00fdlu\u010dne na vedeck\u00fd v\u00fdskum<\/strong> a <strong data-start=\"5269\" data-end=\"5326\">nevhodn\u00e9 na \u013eudsk\u00fa alebo \u017eivo\u010d\u00ed\u0161nu spotrebu<\/strong>.<\/p>\n<hr data-start=\"5329\" data-end=\"5332\" \/>\n<h3 data-start=\"5334\" data-end=\"5365\"><strong data-start=\"5338\" data-end=\"5365\">K\u013e\u00fa\u010dov\u00e9 vlastnosti<\/strong><\/h3>\n<ul data-start=\"5367\" data-end=\"5870\">\n<li data-start=\"5367\" data-end=\"5491\">\n<p data-start=\"5369\" data-end=\"5491\"><strong data-start=\"5369\" data-end=\"5389\">Vysok\u00e1 \u010distota:<\/strong> Vyr\u00e1ba sa v kontrolovan\u00fdch laborat\u00f3rnych podmienkach pre konzistentn\u00e9 v\u00fdsledky v\u00fdskumu.<\/p>\n<\/li>\n<li data-start=\"5492\" data-end=\"5574\">\n<p data-start=\"5494\" data-end=\"5574\"><strong data-start=\"5494\" data-end=\"5516\">V\u00fdskumn\u00fd vzorec:<\/strong> Ur\u010den\u00e9 na analytick\u00e9 a chemick\u00e9 testovanie.<\/p>\n<\/li>\n<li data-start=\"5575\" data-end=\"5669\">\n<p data-start=\"5577\" data-end=\"5669\"><strong data-start=\"5577\" data-end=\"5606\">Certifikovan\u00e9 \u00fadaje:<\/strong> Dod\u00e1va sa s dokument\u00e1ciou na valid\u00e1ciu a vysledovate\u013enos\u0165.<\/p>\n<\/li>\n<li data-start=\"5670\" data-end=\"5767\">\n<p data-start=\"5672\" data-end=\"5767\"><strong data-start=\"5672\" data-end=\"5709\">Kompatibiln\u00fd s technikami anal\u00fdzy:<\/strong> Vhodn\u00e9 pre <strong data-start=\"5724\" data-end=\"5733\">GC-MS<\/strong>, <strong data-start=\"5735\" data-end=\"5743\">HPLC<\/strong> a <strong data-start=\"5747\" data-end=\"5755\">FTIR<\/strong> anal\u00fdzy.<\/p>\n<\/li>\n<li data-start=\"5768\" data-end=\"5870\">\n<p data-start=\"5770\" data-end=\"5870\"><strong data-start=\"5770\" data-end=\"5797\">Stabiln\u00e9 zlo\u017eenie:<\/strong> Zachov\u00e1va si stabilitu a \u010distotu pri odpor\u00fa\u010dan\u00fdch podmienkach skladovania.<\/p>\n<\/li>\n<\/ul>\n<hr data-start=\"5872\" data-end=\"5875\" \/>\n<h3 data-start=\"5877\" data-end=\"5894\"><strong data-start=\"5881\" data-end=\"5894\">V\u00fdhody<\/strong><\/h3>\n<ul data-start=\"5896\" data-end=\"6364\">\n<li data-start=\"5896\" data-end=\"5999\">\n<p data-start=\"5898\" data-end=\"5999\"><strong data-start=\"5898\" data-end=\"5925\">Forenzn\u00e1 aplik\u00e1cia:<\/strong> Podporuje \u0161t\u00fadie detekcie a identifik\u00e1cie chemick\u00fdch zmes\u00ed.<\/p>\n<\/li>\n<li data-start=\"6000\" data-end=\"6091\">\n<p data-start=\"6002\" data-end=\"6091\"><strong data-start=\"6002\" data-end=\"6027\">Presn\u00e9 anal\u00fdzy:<\/strong> Poskytuje spo\u013eahliv\u00e9 \u00fadaje pre chromatografiu a spektroskopiu.<\/p>\n<\/li>\n<li data-start=\"6092\" data-end=\"6180\">\n<p data-start=\"6094\" data-end=\"6180\"><strong data-start=\"6094\" data-end=\"6121\">Spo\u013eahliv\u00fd odkaz:<\/strong> Vhodn\u00e9 na porovn\u00e1vanie a kalibr\u00e1ciu v laborat\u00f3ri\u00e1ch.<\/p>\n<\/li>\n<li data-start=\"6181\" data-end=\"6264\">\n<p data-start=\"6183\" data-end=\"6264\"><strong data-start=\"6183\" data-end=\"6205\">Vzdel\u00e1vacia hodnota:<\/strong> Ide\u00e1lne pre vzdel\u00e1vacie programy v oblasti analytickej ch\u00e9mie.<\/p>\n<\/li>\n<li data-start=\"6265\" data-end=\"6364\">\n<p data-start=\"6267\" data-end=\"6364\"><strong data-start=\"6267\" data-end=\"6301\">Sp\u013a\u0148a bezpe\u010dnostn\u00e9 normy:<\/strong> Vyroben\u00e9 pod\u013ea medzin\u00e1rodn\u00fdch laborat\u00f3rnych smern\u00edc.<\/p>\n<\/li>\n<\/ul>\n<hr data-start=\"6366\" data-end=\"6369\" \/>\n<h3 data-start=\"6371\" data-end=\"6432\"><strong data-start=\"6375\" data-end=\"6432\">N\u00e1vod na pou\u017eitie (len na v\u00fdskumn\u00e9 \u00fa\u010dely)<\/strong><\/h3>\n<ol data-start=\"6434\" data-end=\"6815\">\n<li data-start=\"6434\" data-end=\"6540\">\n<p data-start=\"6437\" data-end=\"6540\"><strong data-start=\"6437\" data-end=\"6455\">Pr\u00edprava:<\/strong> Pou\u017e\u00edvajte len v schv\u00e1len\u00fdch laborat\u00f3ri\u00e1ch s pr\u00edslu\u0161n\u00fdmi bezpe\u010dnostn\u00fdmi zariadeniami.<\/p>\n<\/li>\n<li data-start=\"6541\" data-end=\"6637\">\n<p data-start=\"6544\" data-end=\"6637\"><strong data-start=\"6544\" data-end=\"6559\">Pou\u017eitie:<\/strong> Pou\u017e\u00edvajte pod\u013ea validovan\u00fdch analytick\u00fdch met\u00f3d pod odborn\u00fdm doh\u013eadom.<\/p>\n<\/li>\n<li data-start=\"6638\" data-end=\"6723\">\n<p data-start=\"6641\" data-end=\"6723\"><strong data-start=\"6641\" data-end=\"6652\">Skladovanie:<\/strong> Skladujte v chlade, suchu a tme, dobre uzavret\u00e9 a zrete\u013ene ozna\u010den\u00e9.<\/p>\n<\/li>\n<li data-start=\"6724\" data-end=\"6815\">\n<p data-start=\"6727\" data-end=\"6815\"><strong data-start=\"6727\" data-end=\"6738\">Odvodnenie:<\/strong> Zvy\u0161ky zlikvidujte v s\u00falade s miestnymi smernicami pre nakladanie s chemick\u00fdm odpadom.<\/p>\n<\/li>\n<\/ol>\n<hr data-start=\"6817\" data-end=\"6820\" \/>\n<h3 data-start=\"6822\" data-end=\"6856\"><strong data-start=\"6826\" data-end=\"6856\">Bezpe\u010dnos\u0165 a dodr\u017eiavanie predpisov<\/strong><\/h3>\n<ul data-start=\"6858\" data-end=\"7320\">\n<li data-start=\"6858\" data-end=\"6952\">\n<p data-start=\"6860\" data-end=\"6952\"><strong data-start=\"6860\" data-end=\"6896\">Len na laborat\u00f3rne pou\u017eitie:<\/strong> Nie je ur\u010den\u00fd na \u013eudsk\u00fa ani \u017eivo\u010d\u00ed\u0161nu spotrebu.<\/p>\n<\/li>\n<li data-start=\"6953\" data-end=\"7095\">\n<p data-start=\"6955\" data-end=\"7095\"><strong data-start=\"6955\" data-end=\"6983\">Pr\u00e1vne aspekty:<\/strong> Pr\u00e1vny status zmesi Green Mandala Mix sa m\u00f4\u017ee v jednotliv\u00fdch krajin\u00e1ch l\u00ed\u0161i\u0165. V\u017edy si overte miestne predpisy.<\/p>\n<\/li>\n<li data-start=\"7096\" data-end=\"7192\">\n<p data-start=\"7098\" data-end=\"7192\"><strong data-start=\"7098\" data-end=\"7126\">Zdravie a bezpe\u010dnos\u0165:<\/strong> Zabr\u00e1\u0148te kontaktu s poko\u017ekou alebo o\u010dami a pou\u017e\u00edvajte ochrann\u00e9 prostriedky.<\/p>\n<\/li>\n<li data-start=\"7193\" data-end=\"7320\">\n<p data-start=\"7195\" data-end=\"7320\"><strong data-start=\"7195\" data-end=\"7212\">Dokument\u00e1cia:<\/strong> A <strong data-start=\"7217\" data-end=\"7253\">karta bezpe\u010dnostn\u00fdch \u00fadajov (MSDS)<\/strong> a \u010fal\u0161ie certifik\u00e1ty anal\u00fdzy s\u00fa k dispoz\u00edcii na po\u017eiadanie.<\/p>\n<\/li>\n<\/ul>\n<hr data-start=\"7322\" data-end=\"7325\" \/>\n<h3 data-start=\"7327\" data-end=\"7362\"><strong data-start=\"7331\" data-end=\"7362\">\u010casto kladen\u00e9 ot\u00e1zky (FAQ)<\/strong><\/h3>\n<p data-start=\"7364\" data-end=\"7550\"><strong data-start=\"7364\" data-end=\"7413\">1. Na \u010do sa pou\u017e\u00edva zmes Green Mandala?<\/strong><br data-start=\"7413\" data-end=\"7416\" \/>Pou\u017e\u00edva sa ako <strong data-start=\"7439\" data-end=\"7460\">referen\u010dn\u00e1 zmes<\/strong> vo forenzn\u00fdch a analytick\u00fdch laborat\u00f3ri\u00e1ch na \u00fa\u010dely identifika\u010dn\u00fdch a porovn\u00e1vac\u00edch \u0161t\u00fadi\u00ed.<\/p>\n<p data-start=\"7552\" data-end=\"7758\"><strong data-start=\"7552\" data-end=\"7616\">2. Je zmes Green Mandala Mix vhodn\u00e1 na \u013eudsk\u00fa spotrebu?<\/strong><br data-start=\"7616\" data-end=\"7619\" \/>Nie. Tento v\u00fdrobok je <strong data-start=\"7639\" data-end=\"7694\">ur\u010den\u00e9 v\u00fdlu\u010dne na vedeck\u00fd v\u00fdskum<\/strong> a <strong data-start=\"7698\" data-end=\"7755\">nevhodn\u00e9 na \u013eudsk\u00fa alebo \u017eivo\u010d\u00ed\u0161nu spotrebu<\/strong>.<\/p>\n<p data-start=\"7760\" data-end=\"7896\"><strong data-start=\"7760\" data-end=\"7812\">3. Ako sa m\u00e1 zmes Green Mandala Mix skladova\u0165?<\/strong><br data-start=\"7812\" data-end=\"7815\" \/>Skladujte v chlade, suchu a tme, dobre uzavret\u00e9 a mimo dosahu nepovolan\u00fdch os\u00f4b.<\/p>","protected":false},"excerpt":{"rendered":"<h2>Green Mandala 4-FMA + 2-CE + 1cP-LSD<\/h2>\n<p><strong>De Green Mandala mix bevat voldoende 4-FMA, 2-CE en 1cP-LSD voor onderzoek uit te voeren door 1 persoon. Start altijd je onderzoek met een kwart of half buisje en ga op zoek naar beste dosering voor jouw research!<\/strong><\/p>","protected":false},"featured_media":17003,"comment_status":"closed","ping_status":"closed","template":"","meta":[],"product_brand":[],"product_cat":[145,16,89,17,18,32,306,46,307,26],"product_tag":[90,91,346,347,348,349,22],"class_list":{"0":"post-685","1":"product","2":"type-product","3":"status-publish","4":"has-post-thumbnail","6":"product_cat-1cp-lsd-kopen","7":"product_cat-2c-e","8":"product_cat-4-fma","9":"product_cat-bijna-verboden","10":"product_cat-fenethylamine","11":"product_cat-gefluoreerden","12":"product_cat-liquid-rc","13":"product_cat-lysergamides","14":"product_cat-mandala-mixes","15":"product_cat-sale","16":"product_tag-4-fma-kopen","17":"product_tag-4-fma","18":"product_tag-green-mandala","19":"product_tag-green-mandala-mix","20":"product_tag-jwh-210","21":"product_tag-maxtc","22":"product_tag-nl","24":"first","25":"instock","26":"sale","27":"shipping-taxable","28":"purchasable","29":"product-type-variable"},"_links":{"self":[{"href":"https:\/\/researchchemicalshop.eu\/sk\/wp-json\/wp\/v2\/product\/685","targetHints":{"allow":["GET"]}}],"collection":[{"href":"https:\/\/researchchemicalshop.eu\/sk\/wp-json\/wp\/v2\/product"}],"about":[{"href":"https:\/\/researchchemicalshop.eu\/sk\/wp-json\/wp\/v2\/types\/product"}],"replies":[{"embeddable":true,"href":"https:\/\/researchchemicalshop.eu\/sk\/wp-json\/wp\/v2\/comments?post=685"}],"version-history":[{"count":1,"href":"https:\/\/researchchemicalshop.eu\/sk\/wp-json\/wp\/v2\/product\/685\/revisions"}],"predecessor-version":[{"id":16624,"href":"https:\/\/researchchemicalshop.eu\/sk\/wp-json\/wp\/v2\/product\/685\/revisions\/16624"}],"wp:featuredmedia":[{"embeddable":true,"href":"https:\/\/researchchemicalshop.eu\/sk\/wp-json\/wp\/v2\/media\/17003"}],"wp:attachment":[{"href":"https:\/\/researchchemicalshop.eu\/sk\/wp-json\/wp\/v2\/media?parent=685"}],"wp:term":[{"taxonomy":"product_brand","embeddable":true,"href":"https:\/\/researchchemicalshop.eu\/sk\/wp-json\/wp\/v2\/product_brand?post=685"},{"taxonomy":"product_cat","embeddable":true,"href":"https:\/\/researchchemicalshop.eu\/sk\/wp-json\/wp\/v2\/product_cat?post=685"},{"taxonomy":"product_tag","embeddable":true,"href":"https:\/\/researchchemicalshop.eu\/sk\/wp-json\/wp\/v2\/product_tag?post=685"}],"curies":[{"name":"wp","href":"https:\/\/api.w.org\/{rel}","templated":true}]}}