{"id":682,"date":"2026-02-09T11:54:47","date_gmt":"2026-02-09T11:54:47","guid":{"rendered":"https:\/\/researchchemicalshop.eu\/?post_type=product&#038;p=682"},"modified":"2026-03-06T01:20:57","modified_gmt":"2026-03-06T01:20:57","slug":"3-cmc-2","status":"publish","type":"product","link":"https:\/\/researchchemicalshop.eu\/sk\/produkt\/3-cmc-2\/","title":{"rendered":"3 CMC 250 MG pelety (3-chl\u00f3rmetkatin\u00f3n)"},"content":{"rendered":"<p data-start=\"5198\" data-end=\"5499\"><strong data-start=\"5198\" data-end=\"5231\">3-CMC (3-Chloromethcathinone)<\/strong> je <strong data-start=\"5239\" data-end=\"5272\">synthetisch cathinon-derivaat<\/strong> uit de <strong data-start=\"5280\" data-end=\"5306\">\u03b2-keto amfetaminegroep<\/strong>. 3 cmc<br data-start=\"5307\" data-end=\"5310\" \/>Het wordt gebruikt in <strong data-start=\"5332\" data-end=\"5374\">forenzn\u00e9 a analytick\u00e9 laborat\u00f3ri\u00e1<\/strong> als <strong data-start=\"5379\" data-end=\"5397\">referen\u010dn\u00e1 l\u00e1tka<\/strong> voor het bestuderen van chemische eigenschappen en detectiemethoden van gesubstitueerde cathinonen.<\/p>\n<p data-start=\"5501\" data-end=\"5804\">Str\u00e1nka <strong data-start=\"5504\" data-end=\"5525\">250 mg pelletvorm<\/strong> zorgt voor <strong data-start=\"5537\" data-end=\"5593\">nauwkeurige kalibratie en reproduceerbare resultaten<\/strong> in analytische methoden zoals <strong data-start=\"5624\" data-end=\"5642\">chromatografie<\/strong> a <strong data-start=\"5646\" data-end=\"5668\">massaspectrometrie<\/strong>.<br data-start=\"5669\" data-end=\"5672\" \/>Tento v\u00fdrobok je <strong data-start=\"5687\" data-end=\"5742\">ur\u010den\u00e9 v\u00fdlu\u010dne na vedeck\u00fd v\u00fdskum<\/strong> a <strong data-start=\"5746\" data-end=\"5803\">nevhodn\u00e9 na \u013eudsk\u00fa alebo \u017eivo\u010d\u00ed\u0161nu spotrebu<\/strong>.<\/p>\n<hr data-start=\"5806\" data-end=\"5809\" \/>\n<h3 data-start=\"5811\" data-end=\"5842\"><strong data-start=\"5815\" data-end=\"5842\">K\u013e\u00fa\u010dov\u00e9 vlastnosti<\/strong><\/h3>\n<ul data-start=\"5844\" data-end=\"6296\">\n<li data-start=\"5844\" data-end=\"5920\">\n<p data-start=\"5846\" data-end=\"5920\"><strong data-start=\"5846\" data-end=\"5866\">Vysok\u00e1 \u010distota:<\/strong> Geproduceerd onder strikte laboratoriumvoorwaarden.<\/p>\n<\/li>\n<li data-start=\"5921\" data-end=\"6001\">\n<p data-start=\"5923\" data-end=\"6001\"><strong data-start=\"5923\" data-end=\"5955\">Gestandaardiseerde Dosering:<\/strong> 250 mg per pellet voor nauwkeurige analyse.<\/p>\n<\/li>\n<li data-start=\"6002\" data-end=\"6111\">\n<p data-start=\"6004\" data-end=\"6111\"><strong data-start=\"6004\" data-end=\"6043\">Certifikovan\u00fd referen\u010dn\u00fd materi\u00e1l:<\/strong> Dod\u00e1va sa s <strong data-start=\"6057\" data-end=\"6085\">osved\u010denie o anal\u00fdze (COA)<\/strong> en zuiverheidsgegevens.<\/p>\n<\/li>\n<li data-start=\"6112\" data-end=\"6208\">\n<p data-start=\"6114\" data-end=\"6208\"><strong data-start=\"6114\" data-end=\"6145\">Analytick\u00e9 \u0161irok\u00e9 nasadenie:<\/strong> Vhodn\u00e9 pre <strong data-start=\"6160\" data-end=\"6169\">GC-MS<\/strong>, <strong data-start=\"6171\" data-end=\"6183\">LC-MS\/MS<\/strong>, a <strong data-start=\"6188\" data-end=\"6196\">HPLC<\/strong> anal\u00fdzy.<\/p>\n<\/li>\n<li data-start=\"6209\" data-end=\"6296\">\n<p data-start=\"6211\" data-end=\"6296\"><strong data-start=\"6211\" data-end=\"6232\">Stabiele Formule:<\/strong> Ontworpen voor langdurige opslag onder laboratoriumcondities. 3 cmc<\/p>\n<\/li>\n<\/ul>\n<hr data-start=\"6298\" data-end=\"6301\" \/>\n<h3 data-start=\"6303\" data-end=\"6320\"><strong data-start=\"6307\" data-end=\"6320\">V\u00fdhody<\/strong><\/h3>\n<ul data-start=\"6322\" data-end=\"6804\">\n<li data-start=\"6322\" data-end=\"6441\">\n<p data-start=\"6324\" data-end=\"6441\"><strong data-start=\"6324\" data-end=\"6350\">Forensisch Toepasbaar:<\/strong> Ondersteunt identificatie van cathinon-analogen in chemische en toxicologische analyses.<\/p>\n<\/li>\n<li data-start=\"6442\" data-end=\"6537\">\n<p data-start=\"6444\" data-end=\"6537\"><strong data-start=\"6444\" data-end=\"6471\">Spo\u013eahliv\u00e1 kalibr\u00e1cia:<\/strong> Zorgt voor consistente en reproduceerbare onderzoeksresultaten.<\/p>\n<\/li>\n<li data-start=\"6538\" data-end=\"6622\">\n<p data-start=\"6540\" data-end=\"6622\"><strong data-start=\"6540\" data-end=\"6562\">Vzdel\u00e1vacia hodnota:<\/strong> Geschikt voor academisch onderwijs in analytische chemie.<\/p>\n<\/li>\n<li data-start=\"6623\" data-end=\"6704\">\n<p data-start=\"6625\" data-end=\"6704\"><strong data-start=\"6625\" data-end=\"6652\">\u00dapln\u00e1 dokument\u00e1cia:<\/strong> Geleverd met veiligheids- en analysecertificaten.<\/p>\n<\/li>\n<li data-start=\"6705\" data-end=\"6804\">\n<p data-start=\"6707\" data-end=\"6804\"><strong data-start=\"6707\" data-end=\"6741\">Sp\u013a\u0148a bezpe\u010dnostn\u00e9 normy:<\/strong> Vyroben\u00e9 pod\u013ea medzin\u00e1rodn\u00fdch laborat\u00f3rnych smern\u00edc.<\/p>\n<\/li>\n<\/ul>\n<hr data-start=\"6806\" data-end=\"6809\" \/>\n<h3 data-start=\"6811\" data-end=\"6872\"><strong data-start=\"6815\" data-end=\"6872\">N\u00e1vod na pou\u017eitie (len na v\u00fdskumn\u00e9 \u00fa\u010dely)<\/strong><\/h3>\n<ol data-start=\"6874\" data-end=\"7215\">\n<li data-start=\"6874\" data-end=\"6976\">\n<p data-start=\"6877\" data-end=\"6976\"><strong data-start=\"6877\" data-end=\"6891\">Manipul\u00e1cia:<\/strong> Pou\u017e\u00edvajte len v schv\u00e1len\u00fdch laborat\u00f3ri\u00e1ch s pr\u00edslu\u0161n\u00fdmi bezpe\u010dnostn\u00fdmi zariadeniami.<\/p>\n<\/li>\n<li data-start=\"6977\" data-end=\"7055\">\n<p data-start=\"6980\" data-end=\"7055\"><strong data-start=\"6980\" data-end=\"6995\">Pou\u017eitie:<\/strong> Gebruik pellets voor analytische kalibratie en validatie.<\/p>\n<\/li>\n<li data-start=\"7056\" data-end=\"7119\">\n<p data-start=\"7059\" data-end=\"7119\"><strong data-start=\"7059\" data-end=\"7070\">Skladovanie:<\/strong> Skladujte v chlade, suchu a tme, dobre uzavret\u00e9.<\/p>\n<\/li>\n<li data-start=\"7120\" data-end=\"7215\">\n<p data-start=\"7123\" data-end=\"7215\"><strong data-start=\"7123\" data-end=\"7134\">Odvodnenie:<\/strong> Verwijder restanten volgens de lokale voorschriften voor chemisch afvalbeheer.<\/p>\n<\/li>\n<\/ol>\n<hr data-start=\"7217\" data-end=\"7220\" \/>\n<h3 data-start=\"7222\" data-end=\"7256\"><strong data-start=\"7226\" data-end=\"7256\">Bezpe\u010dnos\u0165 a dodr\u017eiavanie predpisov<\/strong><\/h3>\n<ul data-start=\"7258\" data-end=\"7711\">\n<li data-start=\"7258\" data-end=\"7353\">\n<p data-start=\"7260\" data-end=\"7353\"><strong data-start=\"7260\" data-end=\"7296\">Len na laborat\u00f3rne pou\u017eitie:<\/strong> Nie je vhodn\u00fd na \u013eudsk\u00fa ani \u017eivo\u010d\u00ed\u0161nu spotrebu.<\/p>\n<\/li>\n<li data-start=\"7354\" data-end=\"7475\">\n<p data-start=\"7356\" data-end=\"7475\"><strong data-start=\"7356\" data-end=\"7384\">Pr\u00e1vne aspekty:<\/strong> De juridische status van 3-CMC varieert per land. Controleer altijd de lokale wetgeving.<\/p>\n<\/li>\n<li data-start=\"7476\" data-end=\"7586\">\n<p data-start=\"7478\" data-end=\"7586\"><strong data-start=\"7478\" data-end=\"7506\">Zdravie a bezpe\u010dnos\u0165:<\/strong> Vermijd contact, inademing en inslikken. Gebruik altijd beschermingsmiddelen.<\/p>\n<\/li>\n<li data-start=\"7587\" data-end=\"7711\">\n<p data-start=\"7589\" data-end=\"7711\"><strong data-start=\"7589\" data-end=\"7606\">Dokument\u00e1cia:<\/strong> A <strong data-start=\"7611\" data-end=\"7647\">karta bezpe\u010dnostn\u00fdch \u00fadajov (MSDS)<\/strong> a <strong data-start=\"7651\" data-end=\"7679\">osved\u010denie o anal\u00fdze (COA)<\/strong> s\u00fa k dispoz\u00edcii na po\u017eiadanie.<\/p>\n<\/li>\n<\/ul>\n<hr data-start=\"7713\" data-end=\"7716\" \/>\n<h3 data-start=\"7718\" data-end=\"7753\"><strong data-start=\"7722\" data-end=\"7753\">\u010casto kladen\u00e9 ot\u00e1zky (FAQ)<\/strong><\/h3>\n<p data-start=\"7755\" data-end=\"7902\"><strong data-start=\"7755\" data-end=\"7808\">1. Waarvoor worden 3-CMC 250 mg Pellets gebruikt?<\/strong><br data-start=\"7808\" data-end=\"7811\" \/>Ze worden gebruikt als <strong data-start=\"7834\" data-end=\"7857\">referentiemateriaal<\/strong> in forensische en analytische laboratoria.<\/p>\n<p data-start=\"7904\" data-end=\"8077\"><strong data-start=\"7904\" data-end=\"7966\">2. Zijn 3-CMC Pellets geschikt voor menselijke consumptie?<\/strong><br data-start=\"7966\" data-end=\"7969\" \/>Nie. Tento v\u00fdrobok je <strong data-start=\"7989\" data-end=\"8027\">len na v\u00fdskumn\u00e9 \u00fa\u010dely<\/strong> a <strong data-start=\"8031\" data-end=\"8074\">neschv\u00e1len\u00e9 na hum\u00e1nne pou\u017eitie<\/strong>.<\/p>\n<p data-start=\"8079\" data-end=\"8213\"><strong data-start=\"8079\" data-end=\"8129\">3. Hoe moeten 3-CMC Pellets worden opgeslagen?<\/strong><br data-start=\"8129\" data-end=\"8132\" \/>Skladujte v chlade, suchu a tme, dobre uzavret\u00e9 a mimo dosahu nepovolan\u00fdch os\u00f4b. <a href=\"https:\/\/researchchemicalshop.eu\/sk\/obchod\/lyzergamidy\/1cp-lsd\/\">1cp LSD<\/a><a href=\"https:\/\/researchchemicalshop.eu\/sk\/obchod\/pellets-for-pellet\/o-dsmt-50mg-pellets\/\">o-dsmt<\/a><a href=\"https:\/\/researchchemicalshop.eu\/sk\/obchod\/pellets-for-pellet\/1p-lsd-microdose\/\">1P-LSD microdose<\/a><a href=\"https:\/\/researchchemicalshop.eu\/sk\/obchod\/pellets-for-pellet\/1v-lsd-valerie-225mcg\/\">1V-LSD<\/a><\/p>","protected":false},"excerpt":{"rendered":"<h2><span data-sheets-value=\"{\" data-sheets-userformat=\"{\"><span style=\"vertical-align: inherit;\"><span style=\"vertical-align: inherit;\"><span dir=\"auto\" style=\"vertical-align: inherit;\"><span dir=\"auto\" style=\"vertical-align: inherit;\">3-CMC Pellets<\/span><\/span><\/span><\/span><\/span><span style=\"vertical-align: inherit;\"><span style=\"vertical-align: inherit;\"><span dir=\"auto\" style=\"vertical-align: inherit;\"><span dir=\"auto\" style=\"vertical-align: inherit;\"> properties<\/span><\/span><\/span><\/span><\/h2>\n<p><strong><span style=\"vertical-align: inherit;\"><span style=\"vertical-align: inherit;\"><span dir=\"auto\" style=\"vertical-align: inherit;\"><span dir=\"auto\" style=\"vertical-align: inherit;\">Synonym<\/span><\/span><\/span><\/span><\/strong><span style=\"vertical-align: inherit;\"><span style=\"vertical-align: inherit;\"><span dir=\"auto\" style=\"vertical-align: inherit;\"><span dir=\"auto\" style=\"vertical-align: inherit;\"> : 3-Chloromethcathinone <\/span><\/span><\/span><\/span><br \/>\n<strong><span style=\"vertical-align: inherit;\"><span style=\"vertical-align: inherit;\"><span dir=\"auto\" style=\"vertical-align: inherit;\"><span dir=\"auto\" style=\"vertical-align: inherit;\">CAS Number<\/span><\/span><\/span><\/span><\/strong><span style=\"vertical-align: inherit;\"><span style=\"vertical-align: inherit;\"><span dir=\"auto\" style=\"vertical-align: inherit;\"><span dir=\"auto\" style=\"vertical-align: inherit;\"> : 1607439-32-6 <\/span><\/span><\/span><\/span><br \/>\n<strong><span style=\"vertical-align: inherit;\"><span style=\"vertical-align: inherit;\"><span dir=\"auto\" style=\"vertical-align: inherit;\"><span dir=\"auto\" style=\"vertical-align: inherit;\">Formula<\/span><\/span><\/span><\/span><\/strong><span style=\"vertical-align: inherit;\"><span style=\"vertical-align: inherit;\"><span dir=\"auto\" style=\"vertical-align: inherit;\"><span dir=\"auto\" style=\"vertical-align: inherit;\"> : C10H12CINO \u2022 HCL <\/span><\/span><\/span><\/span><br \/>\n<strong><span style=\"vertical-align: inherit;\"><span style=\"vertical-align: inherit;\"><span dir=\"auto\" style=\"vertical-align: inherit;\"><span dir=\"auto\" style=\"vertical-align: inherit;\">Molar mass<\/span><\/span><\/span><\/span><\/strong><span style=\"vertical-align: inherit;\"><span style=\"vertical-align: inherit;\"><span dir=\"auto\" style=\"vertical-align: inherit;\"><span dir=\"auto\" style=\"vertical-align: inherit;\"> : 234.1 g\/mol <\/span><\/span><\/span><\/span><br \/>\n<strong><span style=\"vertical-align: inherit;\"><span style=\"vertical-align: inherit;\"><span dir=\"auto\" style=\"vertical-align: inherit;\"><span dir=\"auto\" style=\"vertical-align: inherit;\">Purity<\/span><\/span><\/span><\/span><\/strong><span style=\"vertical-align: inherit;\"><span style=\"vertical-align: inherit;\"><span dir=\"auto\" style=\"vertical-align: inherit;\"><span dir=\"auto\" style=\"vertical-align: inherit;\"> : \u226599%<\/span><\/span><\/span><\/span><\/p>","protected":false},"featured_media":16854,"comment_status":"closed","ping_status":"closed","template":"","meta":[],"product_brand":[],"product_cat":[36],"product_tag":[37,39,22],"class_list":{"0":"post-682","1":"product","2":"type-product","3":"status-publish","4":"has-post-thumbnail","6":"product_cat-verboden","7":"product_tag-3-cmc","8":"product_tag-3-cmc-kopen","9":"product_tag-nl","11":"first","12":"instock","13":"shipping-taxable","14":"purchasable","15":"product-type-variable"},"_links":{"self":[{"href":"https:\/\/researchchemicalshop.eu\/sk\/wp-json\/wp\/v2\/product\/682","targetHints":{"allow":["GET"]}}],"collection":[{"href":"https:\/\/researchchemicalshop.eu\/sk\/wp-json\/wp\/v2\/product"}],"about":[{"href":"https:\/\/researchchemicalshop.eu\/sk\/wp-json\/wp\/v2\/types\/product"}],"replies":[{"embeddable":true,"href":"https:\/\/researchchemicalshop.eu\/sk\/wp-json\/wp\/v2\/comments?post=682"}],"version-history":[{"count":1,"href":"https:\/\/researchchemicalshop.eu\/sk\/wp-json\/wp\/v2\/product\/682\/revisions"}],"predecessor-version":[{"id":16638,"href":"https:\/\/researchchemicalshop.eu\/sk\/wp-json\/wp\/v2\/product\/682\/revisions\/16638"}],"wp:featuredmedia":[{"embeddable":true,"href":"https:\/\/researchchemicalshop.eu\/sk\/wp-json\/wp\/v2\/media\/16854"}],"wp:attachment":[{"href":"https:\/\/researchchemicalshop.eu\/sk\/wp-json\/wp\/v2\/media?parent=682"}],"wp:term":[{"taxonomy":"product_brand","embeddable":true,"href":"https:\/\/researchchemicalshop.eu\/sk\/wp-json\/wp\/v2\/product_brand?post=682"},{"taxonomy":"product_cat","embeddable":true,"href":"https:\/\/researchchemicalshop.eu\/sk\/wp-json\/wp\/v2\/product_cat?post=682"},{"taxonomy":"product_tag","embeddable":true,"href":"https:\/\/researchchemicalshop.eu\/sk\/wp-json\/wp\/v2\/product_tag?post=682"}],"curies":[{"name":"wp","href":"https:\/\/api.w.org\/{rel}","templated":true}]}}