{"id":668,"date":"2026-02-09T11:54:47","date_gmt":"2026-02-09T11:54:47","guid":{"rendered":"https:\/\/researchchemicalshop.eu\/?post_type=product&#038;p=668"},"modified":"2026-03-05T19:00:41","modified_gmt":"2026-03-05T19:00:41","slug":"clonazolam","status":"publish","type":"product","link":"https:\/\/researchchemicalshop.eu\/sk\/produkt\/clonazolam\/","title":{"rendered":"Clonazolam 0,6 MG blistre po 10 pelet\u00e1ch"},"content":{"rendered":"<p data-start=\"5197\" data-end=\"5465\"><strong data-start=\"5197\" data-end=\"5211\">Clonazolam<\/strong> je <strong data-start=\"5219\" data-end=\"5256\">triazolobenzodiazepine-verbinding<\/strong>, verwant aan <strong data-start=\"5270\" data-end=\"5284\">clonazepam<\/strong> en andere benzodiazepinen.<br data-start=\"5311\" data-end=\"5314\" \/>Het wordt gebruikt in <strong data-start=\"5336\" data-end=\"5378\">forenzn\u00e9 a analytick\u00e9 laborat\u00f3ri\u00e1<\/strong> als <strong data-start=\"5383\" data-end=\"5406\">referentiemateriaal<\/strong> pre <strong data-start=\"5412\" data-end=\"5462\">identificatie, kalibratie en detectieonderzoek<\/strong>. clonazolam<\/p>\n<p data-start=\"5467\" data-end=\"5705\">Str\u00e1nka <strong data-start=\"5470\" data-end=\"5491\">0,6 mg pelletvorm<\/strong> zorgt voor <strong data-start=\"5503\" data-end=\"5534\">gestandaardiseerde dosering<\/strong> a <strong data-start=\"5538\" data-end=\"5569\">nauwkeurige analysemethoden<\/strong>.<br data-start=\"5570\" data-end=\"5573\" \/>Het product is <strong data-start=\"5588\" data-end=\"5643\">ur\u010den\u00e9 v\u00fdlu\u010dne na vedeck\u00fd v\u00fdskum<\/strong> a <strong data-start=\"5647\" data-end=\"5704\">nevhodn\u00e9 na \u013eudsk\u00fa alebo \u017eivo\u010d\u00ed\u0161nu spotrebu<\/strong>.<\/p>\n<hr data-start=\"5707\" data-end=\"5710\" \/>\n<h3 data-start=\"5712\" data-end=\"5743\"><strong data-start=\"5716\" data-end=\"5743\">K\u013e\u00fa\u010dov\u00e9 vlastnosti<\/strong><\/h3>\n<ul data-start=\"5745\" data-end=\"6188\">\n<li data-start=\"5745\" data-end=\"5831\">\n<p data-start=\"5747\" data-end=\"5831\"><strong data-start=\"5747\" data-end=\"5767\">Vysok\u00e1 \u010distota:<\/strong> Vyroben\u00e9 v kontrolovan\u00fdch laborat\u00f3rnych podmienkach.<\/p>\n<\/li>\n<li data-start=\"5832\" data-end=\"5919\">\n<p data-start=\"5834\" data-end=\"5919\"><strong data-start=\"5834\" data-end=\"5866\">Gestandaardiseerde Dosering:<\/strong> 0,6 mg per pellet voor reproduceerbare resultaten.<\/p>\n<\/li>\n<li data-start=\"5920\" data-end=\"6006\">\n<p data-start=\"5922\" data-end=\"6006\"><strong data-start=\"5922\" data-end=\"5961\">Certifikovan\u00fd referen\u010dn\u00fd materi\u00e1l:<\/strong> Dod\u00e1va sa s <strong data-start=\"5975\" data-end=\"6003\">osved\u010denie o anal\u00fdze (COA)<\/strong>.<\/p>\n<\/li>\n<li data-start=\"6007\" data-end=\"6103\">\n<p data-start=\"6009\" data-end=\"6103\"><strong data-start=\"6009\" data-end=\"6040\">Analytick\u00e9 \u0161irok\u00e9 nasadenie:<\/strong> Vhodn\u00e9 pre <strong data-start=\"6055\" data-end=\"6064\">GC-MS<\/strong>, <strong data-start=\"6066\" data-end=\"6074\">HPLC<\/strong>, a <strong data-start=\"6079\" data-end=\"6091\">LC-MS\/MS<\/strong> anal\u00fdzy.<\/p>\n<\/li>\n<li data-start=\"6104\" data-end=\"6188\">\n<p data-start=\"6106\" data-end=\"6188\"><strong data-start=\"6106\" data-end=\"6124\">Stabiele Vorm:<\/strong> Ontworpen voor langdurige opslag onder laboratoriumcondities.<\/p>\n<\/li>\n<\/ul>\n<hr data-start=\"6190\" data-end=\"6193\" \/>\n<h3 data-start=\"6195\" data-end=\"6212\"><strong data-start=\"6199\" data-end=\"6212\">V\u00fdhody<\/strong><\/h3>\n<ul data-start=\"6214\" data-end=\"6616\">\n<li data-start=\"6214\" data-end=\"6295\">\n<p data-start=\"6216\" data-end=\"6295\"><strong data-start=\"6216\" data-end=\"6243\">Forenzn\u00e1 aplik\u00e1cia:<\/strong> Ondersteunt detectie van benzodiazepine-analogen.<\/p>\n<\/li>\n<li data-start=\"6296\" data-end=\"6381\">\n<p data-start=\"6298\" data-end=\"6381\"><strong data-start=\"6298\" data-end=\"6325\">Spo\u013eahliv\u00e1 kalibr\u00e1cia:<\/strong> Zorgt voor consistente en nauwkeurige meetresultaten.<\/p>\n<\/li>\n<li data-start=\"6382\" data-end=\"6467\">\n<p data-start=\"6384\" data-end=\"6467\"><strong data-start=\"6384\" data-end=\"6406\">Vzdel\u00e1vacia hodnota:<\/strong> Geschikt voor academische studies en laboratoriumtraining.<\/p>\n<\/li>\n<li data-start=\"6468\" data-end=\"6558\">\n<p data-start=\"6470\" data-end=\"6558\"><strong data-start=\"6470\" data-end=\"6501\">Veilig Laboratoriumgebruik:<\/strong> Geproduceerd volgens internationale veiligheidsnormen.<\/p>\n<\/li>\n<li data-start=\"6559\" data-end=\"6616\">\n<p data-start=\"6561\" data-end=\"6616\"><strong data-start=\"6561\" data-end=\"6588\">\u00dapln\u00e1 dokument\u00e1cia:<\/strong> Geleverd met COA en MSDS.<\/p>\n<\/li>\n<\/ul>\n<hr data-start=\"6618\" data-end=\"6621\" \/>\n<h3 data-start=\"6623\" data-end=\"6684\"><strong data-start=\"6627\" data-end=\"6684\">N\u00e1vod na pou\u017eitie (len na v\u00fdskumn\u00e9 \u00fa\u010dely)<\/strong><\/h3>\n<ol data-start=\"6686\" data-end=\"7016\">\n<li data-start=\"6686\" data-end=\"6783\">\n<p data-start=\"6689\" data-end=\"6783\"><strong data-start=\"6689\" data-end=\"6703\">Manipul\u00e1cia:<\/strong> Gebruik alleen in erkende laboratoria met geschikte veiligheidsvoorzieningen.<\/p>\n<\/li>\n<li data-start=\"6784\" data-end=\"6858\">\n<p data-start=\"6787\" data-end=\"6858\"><strong data-start=\"6787\" data-end=\"6802\">Pou\u017eitie:<\/strong> Gebruik pellets volgens gevalideerde analysemethoden.<\/p>\n<\/li>\n<li data-start=\"6859\" data-end=\"6922\">\n<p data-start=\"6862\" data-end=\"6922\"><strong data-start=\"6862\" data-end=\"6873\">Skladovanie:<\/strong> Skladujte v chlade, suchu a tme, dobre uzavret\u00e9.<\/p>\n<\/li>\n<li data-start=\"6923\" data-end=\"7016\">\n<p data-start=\"6926\" data-end=\"7016\"><strong data-start=\"6926\" data-end=\"6937\">Odvodnenie:<\/strong> Verwijder restanten volgens de lokale regelgeving voor chemisch afvalbeheer.<\/p>\n<\/li>\n<\/ol>\n<hr data-start=\"7018\" data-end=\"7021\" \/>\n<h3 data-start=\"7023\" data-end=\"7057\"><strong data-start=\"7027\" data-end=\"7057\">Bezpe\u010dnos\u0165 a dodr\u017eiavanie predpisov<\/strong><\/h3>\n<ul data-start=\"7059\" data-end=\"7506\">\n<li data-start=\"7059\" data-end=\"7154\">\n<p data-start=\"7061\" data-end=\"7154\"><strong data-start=\"7061\" data-end=\"7097\">Len na laborat\u00f3rne pou\u017eitie:<\/strong> Nie je vhodn\u00fd na \u013eudsk\u00fa ani \u017eivo\u010d\u00ed\u0161nu spotrebu.<\/p>\n<\/li>\n<li data-start=\"7155\" data-end=\"7279\">\n<p data-start=\"7157\" data-end=\"7279\"><strong data-start=\"7157\" data-end=\"7185\">Pr\u00e1vne aspekty:<\/strong> Clonazolam valt onder de wetgeving inzake gecontroleerde stoffen; controleer lokale regels.<\/p>\n<\/li>\n<li data-start=\"7280\" data-end=\"7381\">\n<p data-start=\"7282\" data-end=\"7381\"><strong data-start=\"7282\" data-end=\"7310\">Zdravie a bezpe\u010dnos\u0165:<\/strong> Vermijd huidcontact en inademing. Draag altijd beschermingsmiddelen.<\/p>\n<\/li>\n<li data-start=\"7382\" data-end=\"7506\">\n<p data-start=\"7384\" data-end=\"7506\"><strong data-start=\"7384\" data-end=\"7401\">Dokument\u00e1cia:<\/strong> A <strong data-start=\"7406\" data-end=\"7442\">karta bezpe\u010dnostn\u00fdch \u00fadajov (MSDS)<\/strong> a <strong data-start=\"7446\" data-end=\"7474\">osved\u010denie o anal\u00fdze (COA)<\/strong> s\u00fa k dispoz\u00edcii na po\u017eiadanie.<\/p>\n<\/li>\n<\/ul>\n<hr data-start=\"7508\" data-end=\"7511\" \/>\n<h3 data-start=\"7513\" data-end=\"7548\"><strong data-start=\"7517\" data-end=\"7548\">\u010casto kladen\u00e9 ot\u00e1zky (FAQ)<\/strong><\/h3>\n<p data-start=\"7550\" data-end=\"7702\"><strong data-start=\"7550\" data-end=\"7608\">1. Waarvoor worden Clonazolam 0,6 mg Pellets gebruikt?<\/strong><br data-start=\"7608\" data-end=\"7611\" \/>Ze worden gebruikt als <strong data-start=\"7634\" data-end=\"7657\">referentiemateriaal<\/strong> in analytische en forensische laboratoria.<\/p>\n<p data-start=\"7704\" data-end=\"7876\"><strong data-start=\"7704\" data-end=\"7765\">2. Zijn deze pellets geschikt voor menselijke consumptie?<\/strong><br data-start=\"7765\" data-end=\"7768\" \/>Nie. Tento v\u00fdrobok je <strong data-start=\"7788\" data-end=\"7826\">len na v\u00fdskumn\u00e9 \u00fa\u010dely<\/strong> a <strong data-start=\"7830\" data-end=\"7873\">neschv\u00e1len\u00e9 na hum\u00e1nne pou\u017eitie<\/strong>.<\/p>\n<p data-start=\"7878\" data-end=\"8017\"><strong data-start=\"7878\" data-end=\"7933\">3. Hoe moeten Clonazolam Pellets worden opgeslagen?<\/strong><br data-start=\"7933\" data-end=\"7936\" \/>Skladujte v chlade, suchu a tme, dobre uzavret\u00e9 a mimo dosahu nepovolan\u00fdch os\u00f4b.<\/p>","protected":false},"excerpt":{"rendered":"<h2><span dir=\"auto\" style=\"vertical-align: inherit;\"><span dir=\"auto\" style=\"vertical-align: inherit;\">Clonazolam pellets properties<\/span><\/span><\/h2>\n<p><strong><span dir=\"auto\" style=\"vertical-align: inherit;\"><span dir=\"auto\" style=\"vertical-align: inherit;\">Synonym:<\/span><\/span><\/strong><span dir=\"auto\" style=\"vertical-align: inherit;\"><span dir=\"auto\" style=\"vertical-align: inherit;\"> 6-(2-chlorophenyl)-1-methyl-8-nitro-4H-[1,2,4]triazolo[4,3-a] [1,4]benzodiazepine <\/span><\/span><br \/>\n<strong><span dir=\"auto\" style=\"vertical-align: inherit;\"><span dir=\"auto\" style=\"vertical-align: inherit;\">CAS Number:<\/span><\/span><\/strong><span dir=\"auto\" style=\"vertical-align: inherit;\"><span dir=\"auto\" style=\"vertical-align: inherit;\"> 33887-02-4 <\/span><\/span><br \/>\n<strong><span dir=\"auto\" style=\"vertical-align: inherit;\"><span dir=\"auto\" style=\"vertical-align: inherit;\">Formula:<\/span><\/span><\/strong><span dir=\"auto\" style=\"vertical-align: inherit;\"><span dir=\"auto\" style=\"vertical-align: inherit;\"> C17H12C1N5O2 <\/span><\/span><br \/>\n<strong><span dir=\"auto\" style=\"vertical-align: inherit;\"><span dir=\"auto\" style=\"vertical-align: inherit;\">Molar mass:<\/span><\/span><\/strong><span dir=\"auto\" style=\"vertical-align: inherit;\"><span dir=\"auto\" style=\"vertical-align: inherit;\"> 353.8 g\/mol <\/span><\/span><br \/>\n<strong><span dir=\"auto\" style=\"vertical-align: inherit;\"><span dir=\"auto\" style=\"vertical-align: inherit;\">Purity:<\/span><\/span><\/strong><span dir=\"auto\" style=\"vertical-align: inherit;\"><span dir=\"auto\" style=\"vertical-align: inherit;\"> \u226598%<\/span><\/span><\/p>\n","protected":false},"featured_media":16967,"comment_status":"closed","ping_status":"closed","template":"","meta":[],"product_brand":[],"product_cat":[36],"product_tag":[63,64,22],"class_list":{"0":"post-668","1":"product","2":"type-product","3":"status-publish","4":"has-post-thumbnail","6":"product_cat-verboden","7":"product_tag-clonazolam","8":"product_tag-clonazolam-kopen","9":"product_tag-nl","11":"first","12":"outofstock","13":"shipping-taxable","14":"purchasable","15":"product-type-simple"},"_links":{"self":[{"href":"https:\/\/researchchemicalshop.eu\/sk\/wp-json\/wp\/v2\/product\/668","targetHints":{"allow":["GET"]}}],"collection":[{"href":"https:\/\/researchchemicalshop.eu\/sk\/wp-json\/wp\/v2\/product"}],"about":[{"href":"https:\/\/researchchemicalshop.eu\/sk\/wp-json\/wp\/v2\/types\/product"}],"replies":[{"embeddable":true,"href":"https:\/\/researchchemicalshop.eu\/sk\/wp-json\/wp\/v2\/comments?post=668"}],"version-history":[{"count":1,"href":"https:\/\/researchchemicalshop.eu\/sk\/wp-json\/wp\/v2\/product\/668\/revisions"}],"predecessor-version":[{"id":16640,"href":"https:\/\/researchchemicalshop.eu\/sk\/wp-json\/wp\/v2\/product\/668\/revisions\/16640"}],"wp:featuredmedia":[{"embeddable":true,"href":"https:\/\/researchchemicalshop.eu\/sk\/wp-json\/wp\/v2\/media\/16967"}],"wp:attachment":[{"href":"https:\/\/researchchemicalshop.eu\/sk\/wp-json\/wp\/v2\/media?parent=668"}],"wp:term":[{"taxonomy":"product_brand","embeddable":true,"href":"https:\/\/researchchemicalshop.eu\/sk\/wp-json\/wp\/v2\/product_brand?post=668"},{"taxonomy":"product_cat","embeddable":true,"href":"https:\/\/researchchemicalshop.eu\/sk\/wp-json\/wp\/v2\/product_cat?post=668"},{"taxonomy":"product_tag","embeddable":true,"href":"https:\/\/researchchemicalshop.eu\/sk\/wp-json\/wp\/v2\/product_tag?post=668"}],"curies":[{"name":"wp","href":"https:\/\/api.w.org\/{rel}","templated":true}]}}