{"id":396,"date":"2026-02-09T11:52:43","date_gmt":"2026-02-09T11:52:43","guid":{"rendered":"https:\/\/researchchemicalshop.eu\/?post_type=product&#038;p=396"},"modified":"2026-03-06T02:22:20","modified_gmt":"2026-03-06T02:22:20","slug":"2-3-fea-40-mg-120mg-pellets","status":"publish","type":"product","link":"https:\/\/researchchemicalshop.eu\/sk\/produkt\/2-3-fea-40-mg-120mg-pellets\/","title":{"rendered":"2\/3-FEA 40 MG\/120MG pelety"},"content":{"rendered":"<h3><strong>2\/3-FEA 40 MG \/ 120 MG Pellets \u2013 Wetenschappelijke Productbeschrijving<\/strong><\/h3>\n<p data-start=\"3981\" data-end=\"4200\"><strong data-start=\"3981\" data-end=\"4016\">2-FEA (2-Fluoroethylamfetamine)<\/strong> a <strong data-start=\"4020\" data-end=\"4055\">3-FEA (3-Fluoroethylamfetamine)<\/strong> Pellets zijn <strong data-start=\"4069\" data-end=\"4115\">v\u00fdskumn\u00e9 zl\u00fa\u010deniny vysokej \u010distoty<\/strong>, ur\u010den\u00e9 pre <strong data-start=\"4132\" data-end=\"4197\">neuroveda, farmakol\u00f3gia a analytick\u00fd v\u00fdskum<\/strong>. 2 fea<\/p>\n<p data-start=\"4202\" data-end=\"4469\">Deze fluorvarianten van amfetamine en methamfetamine worden onderzocht vanwege hun <strong data-start=\"4285\" data-end=\"4329\">invloed op monoaminerge neurotransmissie<\/strong> a <strong data-start=\"4333\" data-end=\"4370\">dopamine-\/noradrenaline-heropname<\/strong>. De fluor-substitutie biedt waardevolle inzichten in <strong data-start=\"4424\" data-end=\"4466\">vz\u0165ahy medzi \u0161trukt\u00farou a aktivitou (SAR)<\/strong>.<\/p>\n<p data-start=\"4471\" data-end=\"4606\">Ka\u017ed\u00e1 peleta obsahuje <strong data-start=\"4489\" data-end=\"4504\">40 mg 2-FEA<\/strong> of <strong data-start=\"4508\" data-end=\"4524\">120 mg 3-FEA<\/strong>, zorgvuldig afgemeten voor nauwkeurige en reproduceerbare onderzoeksresultaten.<\/p>\n<blockquote data-start=\"4608\" data-end=\"4754\">\n<p data-start=\"4610\" data-end=\"4754\">\u26a0\ufe0f <strong data-start=\"4613\" data-end=\"4624\">Pozn\u00e1mka:<\/strong> Deze verbindingen zijn <strong data-start=\"4648\" data-end=\"4703\">ur\u010den\u00e9 v\u00fdlu\u010dne na vedeck\u00fd v\u00fdskum<\/strong> a <strong data-start=\"4707\" data-end=\"4751\">nevhodn\u00e9 na \u013eudsk\u00fa spotrebu<\/strong>.<\/p>\n<\/blockquote>\n<hr data-start=\"4756\" data-end=\"4759\" \/>\n<h3 data-start=\"4761\" data-end=\"4792\"><strong data-start=\"4765\" data-end=\"4792\">K\u013e\u00fa\u010dov\u00e9 vlastnosti<\/strong><\/h3>\n<ul data-start=\"4793\" data-end=\"5227\">\n<li data-start=\"4793\" data-end=\"4877\">\n<p data-start=\"4795\" data-end=\"4877\"><strong data-start=\"4795\" data-end=\"4821\">Vysok\u00e1 \u010distota (\u226599%)<\/strong> \u2013 Laboratoriumgetest voor identiteit en consistentie.<\/p>\n<\/li>\n<li data-start=\"4878\" data-end=\"4969\">\n<p data-start=\"4880\" data-end=\"4969\"><strong data-start=\"4880\" data-end=\"4921\">Nauwkeurige Dosering (40 MG \/ 120 MG)<\/strong> \u2013 Voor betrouwbare en herhaalbare resultaten.<\/p>\n<\/li>\n<li data-start=\"4970\" data-end=\"5059\">\n<p data-start=\"4972\" data-end=\"5059\"><strong data-start=\"4972\" data-end=\"4998\">Zlep\u0161en\u00e1 stabilita<\/strong> \u2013 Pelletvorm verlengt de houdbaarheid en voorkomt afbraak.<\/p>\n<\/li>\n<li data-start=\"5060\" data-end=\"5142\">\n<p data-start=\"5062\" data-end=\"5142\"><strong data-start=\"5062\" data-end=\"5087\">GMP-achtige Productie<\/strong> \u2013 Gegarandeerde kwaliteit voor onderzoeksdoeleinden.<\/p>\n<\/li>\n<li data-start=\"5143\" data-end=\"5227\">\n<p data-start=\"5145\" data-end=\"5227\"><strong data-start=\"5145\" data-end=\"5167\">Bezpe\u010dn\u00e9 balenie<\/strong> \u2013 Luchtdicht en vochtbestendig voor maximale bescherming.<\/p>\n<\/li>\n<\/ul>\n<hr data-start=\"5229\" data-end=\"5232\" \/>\n<h3 data-start=\"5234\" data-end=\"5251\"><strong data-start=\"5238\" data-end=\"5251\">V\u00fdhody<\/strong><\/h3>\n<ul data-start=\"5252\" data-end=\"5503\">\n<li data-start=\"5252\" data-end=\"5324\">\n<p data-start=\"5254\" data-end=\"5324\">Vhodn\u00e9 pre <strong data-start=\"5268\" data-end=\"5321\">farmacologisch en neurowetenschappelijk onderzoek<\/strong>.<\/p>\n<\/li>\n<li data-start=\"5325\" data-end=\"5389\">\n<p data-start=\"5327\" data-end=\"5389\"><strong data-start=\"5327\" data-end=\"5351\">Nauwkeurige dosering<\/strong> en betrouwbare reproduceerbaarheid. 2 fea<\/p>\n<\/li>\n<li data-start=\"5390\" data-end=\"5450\">\n<p data-start=\"5392\" data-end=\"5450\">Podporuje <strong data-start=\"5404\" data-end=\"5447\">onderzoek naar fluoramfetamine-analogen<\/strong>.<\/p>\n<\/li>\n<li data-start=\"5451\" data-end=\"5503\">\n<p data-start=\"5453\" data-end=\"5503\"><strong data-start=\"5453\" data-end=\"5478\">Eenvoudig te hanteren<\/strong> en veilig op te slaan.<\/p>\n<\/li>\n<\/ul>\n<hr data-start=\"5505\" data-end=\"5508\" \/>\n<h3 data-start=\"5510\" data-end=\"5525\"><strong data-start=\"5514\" data-end=\"5525\">Pou\u017eite<\/strong><\/h3>\n<ul data-start=\"5526\" data-end=\"5807\">\n<li data-start=\"5526\" data-end=\"5596\">\n<p data-start=\"5528\" data-end=\"5596\">Pou\u017e\u00edva\u0165 len <strong data-start=\"5553\" data-end=\"5593\">kvalifikovan\u00fd laborat\u00f3rny person\u00e1l<\/strong>.<\/p>\n<\/li>\n<li data-start=\"5597\" data-end=\"5671\">\n<p data-start=\"5599\" data-end=\"5671\">Oble\u010dte si vhodn\u00e9 <strong data-start=\"5615\" data-end=\"5639\">ochrann\u00e9 vybavenie<\/strong> (rukavice, okuliare, laborat\u00f3rny pl\u00e1\u0161\u0165).<\/p>\n<\/li>\n<li data-start=\"5672\" data-end=\"5748\">\n<p data-start=\"5674\" data-end=\"5748\">Ulo\u017ei\u0165 na <strong data-start=\"5689\" data-end=\"5712\">chladn\u00e9, such\u00e9 miesto<\/strong>, uit de buurt van licht en vocht.<\/p>\n<\/li>\n<li data-start=\"5749\" data-end=\"5807\">\n<p data-start=\"5751\" data-end=\"5807\">Nie je vhodn\u00fd na \u013eudsk\u00fa ani \u017eivo\u010d\u00ed\u0161nu spotrebu.<\/p>\n<\/li>\n<\/ul>\n<hr data-start=\"5809\" data-end=\"5812\" \/>\n<h3 data-start=\"5814\" data-end=\"5849\"><strong data-start=\"5818\" data-end=\"5849\">\u010casto kladen\u00e9 ot\u00e1zky (FAQ)<\/strong><\/h3>\n<p data-start=\"5851\" data-end=\"6023\"><strong data-start=\"5851\" data-end=\"5898\">1. Waarvoor worden 2-FEA en 3-FEA gebruikt?<\/strong><br data-start=\"5898\" data-end=\"5901\" \/>Ze worden gebruikt voor <strong data-start=\"5925\" data-end=\"5978\">neurowetenschappelijk en farmacologisch onderzoek<\/strong> naar stimulantia en monoaminerge systemen.<\/p>\n<p data-start=\"6025\" data-end=\"6210\"><strong data-start=\"6025\" data-end=\"6082\">2. Zijn 2-FEA en 3-FEA veilig voor menselijk gebruik?<\/strong><br data-start=\"6082\" data-end=\"6085\" \/>Nee. Deze producten zijn <strong data-start=\"6110\" data-end=\"6160\">ur\u010den\u00e9 v\u00fdlu\u010dne na laborat\u00f3rne testovanie<\/strong> a nie s\u00fa schv\u00e1len\u00e9 na \u013eudsk\u00fa spotrebu.<\/p>\n<p data-start=\"6212\" data-end=\"6384\"><strong data-start=\"6212\" data-end=\"6267\">3. Hoe moeten 2-FEA \/ 3-FEA Pellets worden bewaard?<\/strong><br data-start=\"6267\" data-end=\"6270\" \/>Ulo\u017ei\u0165 do <strong data-start=\"6285\" data-end=\"6315\">tesne uzavret\u00fd obal<\/strong> bij kamertemperatuur (15\u201325\u00b0C), beschermd tegen vocht en zonlicht.<\/p>","protected":false},"excerpt":{"rendered":"<p><span style=\"color: #ff6600;\"><strong><span style=\"vertical-align: inherit;\"><span style=\"vertical-align: inherit;\">Replaced by Newphoria 2\/3-FEA Pellets &gt;&gt;<\/span><\/span><\/strong><\/span><\/p>","protected":false},"featured_media":16931,"comment_status":"closed","ping_status":"closed","template":"","meta":[],"product_brand":[],"product_cat":[17,32,71],"product_tag":[267,268,980,269,270,22],"class_list":{"0":"post-396","1":"product","2":"type-product","3":"status-publish","4":"has-post-thumbnail","6":"product_cat-bijna-verboden","7":"product_cat-gefluoreerden","8":"product_cat-pellets","9":"product_tag-2-fea","10":"product_tag-2-fea-kopen","11":"product_tag-2-3-fea-40-mg-120mg-pellets","12":"product_tag-3-fea-kopen","13":"product_tag-3-fea","14":"product_tag-nl","16":"first","17":"instock","18":"shipping-taxable","19":"purchasable","20":"product-type-variable"},"_links":{"self":[{"href":"https:\/\/researchchemicalshop.eu\/sk\/wp-json\/wp\/v2\/product\/396","targetHints":{"allow":["GET"]}}],"collection":[{"href":"https:\/\/researchchemicalshop.eu\/sk\/wp-json\/wp\/v2\/product"}],"about":[{"href":"https:\/\/researchchemicalshop.eu\/sk\/wp-json\/wp\/v2\/types\/product"}],"replies":[{"embeddable":true,"href":"https:\/\/researchchemicalshop.eu\/sk\/wp-json\/wp\/v2\/comments?post=396"}],"version-history":[{"count":1,"href":"https:\/\/researchchemicalshop.eu\/sk\/wp-json\/wp\/v2\/product\/396\/revisions"}],"predecessor-version":[{"id":16688,"href":"https:\/\/researchchemicalshop.eu\/sk\/wp-json\/wp\/v2\/product\/396\/revisions\/16688"}],"wp:featuredmedia":[{"embeddable":true,"href":"https:\/\/researchchemicalshop.eu\/sk\/wp-json\/wp\/v2\/media\/16931"}],"wp:attachment":[{"href":"https:\/\/researchchemicalshop.eu\/sk\/wp-json\/wp\/v2\/media?parent=396"}],"wp:term":[{"taxonomy":"product_brand","embeddable":true,"href":"https:\/\/researchchemicalshop.eu\/sk\/wp-json\/wp\/v2\/product_brand?post=396"},{"taxonomy":"product_cat","embeddable":true,"href":"https:\/\/researchchemicalshop.eu\/sk\/wp-json\/wp\/v2\/product_cat?post=396"},{"taxonomy":"product_tag","embeddable":true,"href":"https:\/\/researchchemicalshop.eu\/sk\/wp-json\/wp\/v2\/product_tag?post=396"}],"curies":[{"name":"wp","href":"https:\/\/api.w.org\/{rel}","templated":true}]}}