{"id":380,"date":"2026-02-09T11:52:43","date_gmt":"2026-02-09T11:52:43","guid":{"rendered":"https:\/\/researchchemicalshop.eu\/?post_type=product&#038;p=380"},"modified":"2026-03-06T01:44:23","modified_gmt":"2026-03-06T01:44:23","slug":"5-meo-mipt-hydrochlorid","status":"publish","type":"product","link":"https:\/\/researchchemicalshop.eu\/sk\/produkt\/5-meo-mipt-hydrochlorid\/","title":{"rendered":"5-MeO-MiPT hydrochlorid"},"content":{"rendered":"<h1><strong><span dir=\"auto\" style=\"vertical-align: inherit;\"><span dir=\"auto\" style=\"vertical-align: inherit;\">5-MeO-MiPT Hydrochloride \u2013 High-Performance Research Chemical for Advanced Analysis<\/span><\/span><\/strong><\/h1>\n<p data-start=\"4248\" data-end=\"4459\"><strong data-start=\"4248\" data-end=\"4323\">5-MeO-MiPT Hydrochloride (5-Methoxy-N-Methyl-N-Isopropyltryptamine HCl)<\/strong> je <strong data-start=\"4331\" data-end=\"4373\">v\u00fdskumn\u00e1 zl\u00fa\u010denina vysokej \u010distoty<\/strong>, vyvinut\u00e9 pre <strong data-start=\"4391\" data-end=\"4456\">neuroveda, farmakol\u00f3gia a analytick\u00fd v\u00fdskum<\/strong>. <span class=\"___SBox_epc1q-ko_ ___SText_zko9t-ko_\" data-ui-name=\"Link.Text\">5-meo-mipt hydrochloride<\/span><\/p>\n<p data-start=\"4461\" data-end=\"4685\">Ako <strong data-start=\"4465\" data-end=\"4501\">methoxy-gesubstitueerde analogon<\/strong> z adresy <strong data-start=\"4506\" data-end=\"4514\">MiPT<\/strong>, biedt 5-MeO-MiPT waardevolle inzichten in <strong data-start=\"4558\" data-end=\"4609\">serotonine-receptoronderzoek (5-HT2A en 5-HT1A)<\/strong> a <strong data-start=\"4613\" data-end=\"4655\">vz\u0165ahy medzi \u0161trukt\u00farou a aktivitou (SAR)<\/strong> binnen de tryptamineklasse.<\/p>\n<p data-start=\"4687\" data-end=\"4871\">Str\u00e1nka <strong data-start=\"4690\" data-end=\"4717\">hydrochloridevorm (HCl)<\/strong> zvy\u0161uje <strong data-start=\"4730\" data-end=\"4787\">chemische stabiliteit, oplosbaarheid en gebruiksgemak<\/strong>, wat het ideaal maakt voor langdurige opslag en herhaalbare onderzoeksresultaten.<\/p>\n<blockquote data-start=\"4873\" data-end=\"5024\">\n<p data-start=\"4875\" data-end=\"5024\">\u26a0\ufe0f <strong data-start=\"4878\" data-end=\"4889\">Pozn\u00e1mka:<\/strong> Tento v\u00fdrobok je <strong data-start=\"4905\" data-end=\"4960\">ur\u010den\u00e9 v\u00fdlu\u010dne na vedeck\u00fd v\u00fdskum<\/strong> a <strong data-start=\"4964\" data-end=\"5021\">nevhodn\u00e9 na \u013eudsk\u00fa alebo \u017eivo\u010d\u00ed\u0161nu spotrebu<\/strong>.<\/p>\n<\/blockquote>\n<hr data-start=\"5026\" data-end=\"5029\" \/>\n<h3 data-start=\"5031\" data-end=\"5062\"><strong data-start=\"5035\" data-end=\"5062\">K\u013e\u00fa\u010dov\u00e9 vlastnosti<\/strong><\/h3>\n<ul data-start=\"5063\" data-end=\"5472\">\n<li data-start=\"5063\" data-end=\"5146\">\n<p data-start=\"5065\" data-end=\"5146\"><strong data-start=\"5065\" data-end=\"5091\">Vysok\u00e1 \u010distota (\u226599%)<\/strong> \u2013 Laboratoriumgetest voor identiteit en stabiliteit.<\/p>\n<\/li>\n<li data-start=\"5147\" data-end=\"5223\">\n<p data-start=\"5149\" data-end=\"5223\"><strong data-start=\"5149\" data-end=\"5179\">Stabiele Hydrochloridevorm<\/strong> \u2013 Verhoogt houdbaarheid en oplosbaarheid.<\/p>\n<\/li>\n<li data-start=\"5224\" data-end=\"5311\">\n<p data-start=\"5226\" data-end=\"5311\"><strong data-start=\"5226\" data-end=\"5265\">\u0160tandard farmakologick\u00e9ho v\u00fdskumu<\/strong> - Vhodn\u00e9 na \u0161t\u00fadie receptorov a SAR.<\/p>\n<\/li>\n<li data-start=\"5312\" data-end=\"5382\">\n<p data-start=\"5314\" data-end=\"5382\"><strong data-start=\"5314\" data-end=\"5339\">Konzistentn\u00e1 kvalita<\/strong> - Vyr\u00e1ba sa pod\u013ea \u0161tandardov GMP.<\/p>\n<\/li>\n<li data-start=\"5383\" data-end=\"5472\">\n<p data-start=\"5385\" data-end=\"5472\"><strong data-start=\"5385\" data-end=\"5407\">Bezpe\u010dn\u00e9 balenie<\/strong> \u2013 Luchtdicht en lichtdicht verpakt om degradatie te voorkomen.<\/p>\n<\/li>\n<\/ul>\n<hr data-start=\"5474\" data-end=\"5477\" \/>\n<h3 data-start=\"5479\" data-end=\"5496\"><strong data-start=\"5483\" data-end=\"5496\">V\u00fdhody<\/strong><\/h3>\n<ul data-start=\"5497\" data-end=\"5804\">\n<li data-start=\"5497\" data-end=\"5577\">\n<p data-start=\"5499\" data-end=\"5577\">Podporuje <strong data-start=\"5511\" data-end=\"5574\">v\u00fdskum seroton\u00ednov\u00fdch receptorov a anal\u00f3gov tryptam\u00ednu<\/strong>.<\/p>\n<\/li>\n<li data-start=\"5578\" data-end=\"5654\">\n<p data-start=\"5580\" data-end=\"5654\"><strong data-start=\"5580\" data-end=\"5625\">Betrouwbare en reproduceerbare resultaten<\/strong> bij laboratoriumonderzoek.<\/p>\n<\/li>\n<li data-start=\"5655\" data-end=\"5732\">\n<p data-start=\"5657\" data-end=\"5732\"><strong data-start=\"5657\" data-end=\"5683\">Verbeterde stabiliteit<\/strong> en langere houdbaarheid dan de vrije basevorm.<\/p>\n<\/li>\n<li data-start=\"5733\" data-end=\"5804\">\n<p data-start=\"5735\" data-end=\"5804\">Ide\u00e1lne pre <strong data-start=\"5747\" data-end=\"5801\">academisch, farmacologisch en analytisch onderzoek<\/strong>.<\/p>\n<\/li>\n<\/ul>\n<hr data-start=\"5806\" data-end=\"5809\" \/>\n<h3 data-start=\"5811\" data-end=\"5826\"><strong data-start=\"5815\" data-end=\"5826\">Pou\u017eite<\/strong><\/h3>\n<ul data-start=\"5827\" data-end=\"6098\">\n<li data-start=\"5827\" data-end=\"5897\">\n<p data-start=\"5829\" data-end=\"5897\">Pou\u017e\u00edva\u0165 len <strong data-start=\"5854\" data-end=\"5894\">kvalifikovan\u00fd laborat\u00f3rny person\u00e1l<\/strong>.<\/p>\n<\/li>\n<li data-start=\"5898\" data-end=\"5974\">\n<p data-start=\"5900\" data-end=\"5974\">Pou\u017e\u00edvajte vhodn\u00e9 <strong data-start=\"5918\" data-end=\"5942\">ochrann\u00e9 vybavenie<\/strong> (rukavice, okuliare, laborat\u00f3rny pl\u00e1\u0161\u0165).<\/p>\n<\/li>\n<li data-start=\"5975\" data-end=\"6039\">\n<p data-start=\"5977\" data-end=\"6039\">Ulo\u017ei\u0165 na <strong data-start=\"5992\" data-end=\"6026\">chladn\u00e9, such\u00e9 a tmav\u00e9 miesto<\/strong> (15-25\u00b0C).<\/p>\n<\/li>\n<li data-start=\"6040\" data-end=\"6098\">\n<p data-start=\"6042\" data-end=\"6098\">Nie je vhodn\u00fd na \u013eudsk\u00fa ani \u017eivo\u010d\u00ed\u0161nu spotrebu.<\/p>\n<\/li>\n<\/ul>\n<hr data-start=\"6100\" data-end=\"6103\" \/>\n<h3 data-start=\"6105\" data-end=\"6140\"><strong data-start=\"6109\" data-end=\"6140\">\u010casto kladen\u00e9 ot\u00e1zky (FAQ)<\/strong><\/h3>\n<p data-start=\"6142\" data-end=\"6354\"><strong data-start=\"6142\" data-end=\"6198\">1. Waarvoor wordt 5-MeO-MiPT Hydrochloride gebruikt?<\/strong><br data-start=\"6198\" data-end=\"6201\" \/>5-MeO-MiPT Hydrochloride wordt gebruikt in <strong data-start=\"6244\" data-end=\"6289\">farmakologick\u00fd a neurochemick\u00fd v\u00fdskum<\/strong> naar serotonine-receptoren en structurele tryptamine-analogen.<\/p>\n<p data-start=\"6356\" data-end=\"6543\"><strong data-start=\"6356\" data-end=\"6421\">2. Is 5-MeO-MiPT Hydrochloride veilig voor menselijk gebruik?<\/strong><br data-start=\"6421\" data-end=\"6424\" \/>Nie. Tento v\u00fdrobok je <strong data-start=\"6444\" data-end=\"6493\">ur\u010den\u00e9 len na v\u00fdskumn\u00e9 \u00fa\u010dely<\/strong> a nie s\u00fa schv\u00e1len\u00e9 na \u013eudsk\u00fa spotrebu.<\/p>\n<p data-start=\"6545\" data-end=\"6723\"><strong data-start=\"6545\" data-end=\"6601\">3. Hoe moet 5-MeO-MiPT Hydrochloride worden bewaard?<\/strong><br data-start=\"6601\" data-end=\"6604\" \/>Ulo\u017ei\u0165 do <strong data-start=\"6619\" data-end=\"6649\">tesne uzavret\u00fd obal<\/strong> pri izbovej teplote (15-25 \u00b0C), chr\u00e1nen\u00e9 pred vlhkos\u0165ou, teplom a svetlom.<\/p>\n<p>&nbsp;<\/p>","protected":false},"excerpt":{"rendered":"<h3><span data-sheets-value=\"{\" data-sheets-userformat=\"{\"><span dir=\"auto\" style=\"vertical-align: inherit;\"><span dir=\"auto\" style=\"vertical-align: inherit;\">5-MeO-MiPT hydrochloride properties<\/span><\/span><\/span><\/h3>\n<p><strong><span style=\"vertical-align: inherit;\"><span style=\"vertical-align: inherit;\"><span dir=\"auto\" style=\"vertical-align: inherit;\"><span dir=\"auto\" style=\"vertical-align: inherit;\">Synonym:<\/span><\/span><\/span><\/span><\/strong><span style=\"vertical-align: inherit;\"><span style=\"vertical-align: inherit;\"><span dir=\"auto\" style=\"vertical-align: inherit;\"><span dir=\"auto\" style=\"vertical-align: inherit;\"> 5-methoxy-N-isopropyl-N-methyltryptamine hydrochloride <\/span><\/span><\/span><\/span><br \/>\n<strong><span style=\"vertical-align: inherit;\"><span style=\"vertical-align: inherit;\"><span dir=\"auto\" style=\"vertical-align: inherit;\"><span dir=\"auto\" style=\"vertical-align: inherit;\">CAS Number:<\/span><\/span><\/span><\/span><\/strong><span style=\"vertical-align: inherit;\"><span style=\"vertical-align: inherit;\"><span dir=\"auto\" style=\"vertical-align: inherit;\"><span dir=\"auto\" style=\"vertical-align: inherit;\"> 96096-55-8 <\/span><\/span><\/span><\/span><br \/>\n<strong><span style=\"vertical-align: inherit;\"><span style=\"vertical-align: inherit;\"><span dir=\"auto\" style=\"vertical-align: inherit;\"><span dir=\"auto\" style=\"vertical-align: inherit;\">Formula:<\/span><\/span><\/span><\/span><\/strong><span style=\"vertical-align: inherit;\"><span style=\"vertical-align: inherit;\"><span dir=\"auto\" style=\"vertical-align: inherit;\"><span dir=\"auto\" style=\"vertical-align: inherit;\"> 3-[2-(isopropylmethylamino)ethyl]-5-methoxyindole hydrochloride <\/span><\/span><\/span><\/span><br \/>\n<strong><span style=\"vertical-align: inherit;\"><span style=\"vertical-align: inherit;\"><span dir=\"auto\" style=\"vertical-align: inherit;\"><span dir=\"auto\" style=\"vertical-align: inherit;\">Molar mass:<\/span><\/span><\/span><\/span><\/strong><span style=\"vertical-align: inherit;\"><span style=\"vertical-align: inherit;\"><span dir=\"auto\" style=\"vertical-align: inherit;\"><span dir=\"auto\" style=\"vertical-align: inherit;\"> 282.8 g\/mol <\/span><\/span><\/span><\/span><br \/>\n<strong><span style=\"vertical-align: inherit;\"><span style=\"vertical-align: inherit;\"><span dir=\"auto\" style=\"vertical-align: inherit;\"><span dir=\"auto\" style=\"vertical-align: inherit;\">Purity:<\/span><\/span><\/span><\/span><\/strong><span style=\"vertical-align: inherit;\"><span style=\"vertical-align: inherit;\"><span dir=\"auto\" style=\"vertical-align: inherit;\"><span dir=\"auto\" style=\"vertical-align: inherit;\"> &gt;97%<\/span><\/span><\/span><\/span><\/p>\n","protected":false},"featured_media":16924,"comment_status":"closed","ping_status":"closed","template":"","meta":[],"product_brand":[],"product_cat":[173,41],"product_tag":[233,22],"class_list":{"0":"post-380","1":"product","2":"type-product","3":"status-publish","4":"has-post-thumbnail","6":"product_cat-5-meo-mipt","7":"product_cat-tryptamine","8":"product_tag-5-meo-mipt-hydrochloride","9":"product_tag-nl","11":"first","12":"instock","13":"shipping-taxable","14":"purchasable","15":"product-type-variable"},"_links":{"self":[{"href":"https:\/\/researchchemicalshop.eu\/sk\/wp-json\/wp\/v2\/product\/380","targetHints":{"allow":["GET"]}}],"collection":[{"href":"https:\/\/researchchemicalshop.eu\/sk\/wp-json\/wp\/v2\/product"}],"about":[{"href":"https:\/\/researchchemicalshop.eu\/sk\/wp-json\/wp\/v2\/types\/product"}],"replies":[{"embeddable":true,"href":"https:\/\/researchchemicalshop.eu\/sk\/wp-json\/wp\/v2\/comments?post=380"}],"version-history":[{"count":1,"href":"https:\/\/researchchemicalshop.eu\/sk\/wp-json\/wp\/v2\/product\/380\/revisions"}],"predecessor-version":[{"id":16687,"href":"https:\/\/researchchemicalshop.eu\/sk\/wp-json\/wp\/v2\/product\/380\/revisions\/16687"}],"wp:featuredmedia":[{"embeddable":true,"href":"https:\/\/researchchemicalshop.eu\/sk\/wp-json\/wp\/v2\/media\/16924"}],"wp:attachment":[{"href":"https:\/\/researchchemicalshop.eu\/sk\/wp-json\/wp\/v2\/media?parent=380"}],"wp:term":[{"taxonomy":"product_brand","embeddable":true,"href":"https:\/\/researchchemicalshop.eu\/sk\/wp-json\/wp\/v2\/product_brand?post=380"},{"taxonomy":"product_cat","embeddable":true,"href":"https:\/\/researchchemicalshop.eu\/sk\/wp-json\/wp\/v2\/product_cat?post=380"},{"taxonomy":"product_tag","embeddable":true,"href":"https:\/\/researchchemicalshop.eu\/sk\/wp-json\/wp\/v2\/product_tag?post=380"}],"curies":[{"name":"wp","href":"https:\/\/api.w.org\/{rel}","templated":true}]}}