{"id":379,"date":"2026-02-09T11:52:43","date_gmt":"2026-02-09T11:52:43","guid":{"rendered":"https:\/\/researchchemicalshop.eu\/?post_type=product&#038;p=379"},"modified":"2026-03-06T01:43:08","modified_gmt":"2026-03-06T01:43:08","slug":"5-meo-met-fumarate","status":"publish","type":"product","link":"https:\/\/researchchemicalshop.eu\/sk\/produkt\/5-meo-met-fumarate\/","title":{"rendered":"5-MeO-MET fumarate"},"content":{"rendered":"<h3><strong><span dir=\"auto\" style=\"vertical-align: inherit;\"><span dir=\"auto\" style=\"vertical-align: inherit;\">5-MeO-MET Fumarate \u2013 Product Description, Uses, Benefits &amp; Disadvantages &amp; FAQs<\/span><\/span><\/strong><\/h3>\n<p data-start=\"4063\" data-end=\"4259\"><strong data-start=\"4063\" data-end=\"4124\">5-MeO-MET Fumaraat (5-Methoxy-N-Methyl-N-Ethyltryptamine)<\/strong> je <strong data-start=\"4132\" data-end=\"4174\">v\u00fdskumn\u00e1 zl\u00fa\u010denina vysokej \u010distoty<\/strong>, ur\u010den\u00e9 pre <strong data-start=\"4191\" data-end=\"4256\">neuroveda, farmakol\u00f3gia a analytick\u00fd v\u00fdskum<\/strong>. 5 meo met fumarate<\/p>\n<p data-start=\"4261\" data-end=\"4523\">Ako <strong data-start=\"4265\" data-end=\"4301\">methoxy-gesubstitueerde analogon<\/strong> z adresy <strong data-start=\"4306\" data-end=\"4342\">MET (N-Methyl-N-Ethyltryptamine)<\/strong> behoort 5-MeO-MET tot de <strong data-start=\"4368\" data-end=\"4388\">trieda tryptam\u00ednov<\/strong> en is het van belang voor onderzoek naar <strong data-start=\"4430\" data-end=\"4474\">serotonine-receptoren (5-HT2A en 5-HT1A)<\/strong> a <strong data-start=\"4478\" data-end=\"4520\">vz\u0165ahy medzi \u0161trukt\u00farou a aktivitou (SAR)<\/strong>.<\/p>\n<p data-start=\"4525\" data-end=\"4704\">Str\u00e1nka <strong data-start=\"4528\" data-end=\"4548\">forma fumar\u00e1tovej soli<\/strong> zorgt voor <strong data-start=\"4560\" data-end=\"4623\">betere chemische stabiliteit, oplosbaarheid en houdbaarheid<\/strong>, wat essentieel is voor langdurige opslag en nauwkeurig laboratoriumonderzoek.<\/p>\n<blockquote data-start=\"4706\" data-end=\"4857\">\n<p data-start=\"4708\" data-end=\"4857\">\u26a0\ufe0f <strong data-start=\"4711\" data-end=\"4722\">Pozn\u00e1mka:<\/strong> Tento v\u00fdrobok je <strong data-start=\"4738\" data-end=\"4793\">ur\u010den\u00e9 v\u00fdlu\u010dne na vedeck\u00fd v\u00fdskum<\/strong> a <strong data-start=\"4797\" data-end=\"4854\">nevhodn\u00e9 na \u013eudsk\u00fa alebo \u017eivo\u010d\u00ed\u0161nu spotrebu<\/strong>.<\/p>\n<\/blockquote>\n<hr data-start=\"4859\" data-end=\"4862\" \/>\n<h3 data-start=\"4864\" data-end=\"4895\"><strong data-start=\"4868\" data-end=\"4895\">K\u013e\u00fa\u010dov\u00e9 vlastnosti<\/strong><\/h3>\n<ul data-start=\"4896\" data-end=\"5326\">\n<li data-start=\"4896\" data-end=\"4994\">\n<p data-start=\"4898\" data-end=\"4994\"><strong data-start=\"4898\" data-end=\"4924\">Vysok\u00e1 \u010distota (\u226599%)<\/strong> \u2013 Laboratoriumgetest voor identiteit, stabiliteit en samenstelling.<\/p>\n<\/li>\n<li data-start=\"4995\" data-end=\"5070\">\n<p data-start=\"4997\" data-end=\"5070\"><strong data-start=\"4997\" data-end=\"5026\">Stabiln\u00e1 forma fumar\u00e1tovej soli<\/strong> \u2013 Verhoogt houdbaarheid en oplosbaarheid.<\/p>\n<\/li>\n<li data-start=\"5071\" data-end=\"5158\">\n<p data-start=\"5073\" data-end=\"5158\"><strong data-start=\"5073\" data-end=\"5112\">\u0160tandard farmakologick\u00e9ho v\u00fdskumu<\/strong> - Vhodn\u00e9 na \u0161t\u00fadie receptorov a SAR.<\/p>\n<\/li>\n<li data-start=\"5159\" data-end=\"5237\">\n<p data-start=\"5161\" data-end=\"5237\"><strong data-start=\"5161\" data-end=\"5186\">Konzistentn\u00e1 kvalita<\/strong> \u2013 Geproduceerd onder GMP-achtige omstandigheden.<\/p>\n<\/li>\n<li data-start=\"5238\" data-end=\"5326\">\n<p data-start=\"5240\" data-end=\"5326\"><strong data-start=\"5240\" data-end=\"5262\">Bezpe\u010dn\u00e9 balenie<\/strong> \u2013 Luchtdicht en lichtdicht verpakt voor maximale bescherming. 5 meo met fumarate<\/p>\n<\/li>\n<\/ul>\n<hr data-start=\"5328\" data-end=\"5331\" \/>\n<h3 data-start=\"5333\" data-end=\"5350\"><strong data-start=\"5337\" data-end=\"5350\">V\u00fdhody<\/strong><\/h3>\n<ul data-start=\"5351\" data-end=\"5645\">\n<li data-start=\"5351\" data-end=\"5431\">\n<p data-start=\"5353\" data-end=\"5431\">Podporuje <strong data-start=\"5365\" data-end=\"5428\">v\u00fdskum seroton\u00ednov\u00fdch receptorov a anal\u00f3gov tryptam\u00ednu<\/strong>.<\/p>\n<\/li>\n<li data-start=\"5432\" data-end=\"5510\">\n<p data-start=\"5434\" data-end=\"5510\"><strong data-start=\"5434\" data-end=\"5479\">Betrouwbare en reproduceerbare resultaten<\/strong> bij gecontroleerd onderzoek.<\/p>\n<\/li>\n<li data-start=\"5511\" data-end=\"5575\">\n<p data-start=\"5513\" data-end=\"5575\"><strong data-start=\"5513\" data-end=\"5539\">Verbeterde stabiliteit<\/strong> vergeleken met de vrije basevorm.<\/p>\n<\/li>\n<li data-start=\"5576\" data-end=\"5645\">\n<p data-start=\"5578\" data-end=\"5645\">Vhodn\u00e9 pre <strong data-start=\"5592\" data-end=\"5642\">academisch, analytisch en forensisch onderzoek<\/strong>.<\/p>\n<\/li>\n<\/ul>\n<hr data-start=\"5647\" data-end=\"5650\" \/>\n<h3 data-start=\"5652\" data-end=\"5667\"><strong data-start=\"5656\" data-end=\"5667\">Pou\u017eite<\/strong><\/h3>\n<ul data-start=\"5668\" data-end=\"5950\">\n<li data-start=\"5668\" data-end=\"5738\">\n<p data-start=\"5670\" data-end=\"5738\">Pou\u017e\u00edva\u0165 len <strong data-start=\"5695\" data-end=\"5735\">kvalifikovan\u00fd laborat\u00f3rny person\u00e1l<\/strong>.<\/p>\n<\/li>\n<li data-start=\"5739\" data-end=\"5826\">\n<p data-start=\"5741\" data-end=\"5826\">Pou\u017e\u00edvajte vhodn\u00e9 <strong data-start=\"5759\" data-end=\"5783\">ochrann\u00e9 vybavenie<\/strong> (handschoenen, veiligheidsbril, labjas).<\/p>\n<\/li>\n<li data-start=\"5827\" data-end=\"5891\">\n<p data-start=\"5829\" data-end=\"5891\">Ulo\u017ei\u0165 na <strong data-start=\"5844\" data-end=\"5878\">chladn\u00e9, such\u00e9 a tmav\u00e9 miesto<\/strong> (15-25\u00b0C).<\/p>\n<\/li>\n<li data-start=\"5892\" data-end=\"5950\">\n<p data-start=\"5894\" data-end=\"5950\">Nie je vhodn\u00fd na \u013eudsk\u00fa ani \u017eivo\u010d\u00ed\u0161nu spotrebu.<\/p>\n<\/li>\n<\/ul>\n<hr data-start=\"5952\" data-end=\"5955\" \/>\n<h3 data-start=\"5957\" data-end=\"5992\"><strong data-start=\"5961\" data-end=\"5992\">\u010casto kladen\u00e9 ot\u00e1zky (FAQ)<\/strong><\/h3>\n<p data-start=\"5994\" data-end=\"6184\"><strong data-start=\"5994\" data-end=\"6044\">1. Waarvoor wordt 5-MeO-MET Fumaraat gebruikt?<\/strong><br data-start=\"6044\" data-end=\"6047\" \/>5-MeO-MET Fumaraat wordt gebruikt voor <strong data-start=\"6086\" data-end=\"6131\">farmakologick\u00fd a neurochemick\u00fd v\u00fdskum<\/strong> na seroton\u00ednov\u00e9 receptory a tryptam\u00ednov\u00e9 anal\u00f3gy.<\/p>\n<p data-start=\"6186\" data-end=\"6367\"><strong data-start=\"6186\" data-end=\"6245\">2. Is 5-MeO-MET Fumaraat veilig voor menselijk gebruik?<\/strong><br data-start=\"6245\" data-end=\"6248\" \/>Nie. Tento v\u00fdrobok je <strong data-start=\"6268\" data-end=\"6317\">ur\u010den\u00e9 len na v\u00fdskumn\u00e9 \u00fa\u010dely<\/strong> a nie s\u00fa schv\u00e1len\u00e9 na \u013eudsk\u00fa spotrebu.<\/p>\n<p data-start=\"6369\" data-end=\"6541\"><strong data-start=\"6369\" data-end=\"6419\">3. Hoe moet 5-MeO-MET Fumaraat worden bewaard?<\/strong><br data-start=\"6419\" data-end=\"6422\" \/>Ulo\u017ei\u0165 do <strong data-start=\"6437\" data-end=\"6467\">tesne uzavret\u00fd obal<\/strong> pri izbovej teplote (15-25 \u00b0C), chr\u00e1nen\u00e9 pred vlhkos\u0165ou, teplom a svetlom.<\/p>","protected":false},"excerpt":{"rendered":"<h3><span data-sheets-value=\"{\" data-sheets-userformat=\"{\"><span dir=\"auto\" style=\"vertical-align: inherit;\"><span dir=\"auto\" style=\"vertical-align: inherit;\">5-MeO-MET fumarate properties<\/span><\/span><\/span><\/h3>\n<p><strong><span style=\"vertical-align: inherit;\"><span style=\"vertical-align: inherit;\"><span dir=\"auto\" style=\"vertical-align: inherit;\"><span dir=\"auto\" style=\"vertical-align: inherit;\">Synonym:<\/span><\/span><\/span><\/span><\/strong><span style=\"vertical-align: inherit;\"><span style=\"vertical-align: inherit;\"><span dir=\"auto\" style=\"vertical-align: inherit;\"><span dir=\"auto\" style=\"vertical-align: inherit;\"> 5-methoxy-N-methyl-N-ethyltryptamine fumarate <\/span><\/span><\/span><\/span><br \/>\n<strong><span style=\"vertical-align: inherit;\"><span style=\"vertical-align: inherit;\"><span dir=\"auto\" style=\"vertical-align: inherit;\"><span dir=\"auto\" style=\"vertical-align: inherit;\">CAS Number:<\/span><\/span><\/span><\/span><\/strong><span style=\"vertical-align: inherit;\"><span style=\"vertical-align: inherit;\"><span dir=\"auto\" style=\"vertical-align: inherit;\"><span dir=\"auto\" style=\"vertical-align: inherit;\"> n\/a <\/span><\/span><\/span><\/span><br \/>\n<strong><span style=\"vertical-align: inherit;\"><span style=\"vertical-align: inherit;\"><span dir=\"auto\" style=\"vertical-align: inherit;\"><span dir=\"auto\" style=\"vertical-align: inherit;\">Formula:<\/span><\/span><\/span><\/span><\/strong><span style=\"vertical-align: inherit;\"><span style=\"vertical-align: inherit;\"><span dir=\"auto\" style=\"vertical-align: inherit;\"><span dir=\"auto\" style=\"vertical-align: inherit;\"> 3-[2-(ethylmethylamino)ethyl]-5-methoxyindole fumarate <\/span><\/span><\/span><\/span><br \/>\n<strong><span style=\"vertical-align: inherit;\"><span style=\"vertical-align: inherit;\"><span dir=\"auto\" style=\"vertical-align: inherit;\"><span dir=\"auto\" style=\"vertical-align: inherit;\">Molar Mass:<\/span><\/span><\/span><\/span><\/strong><span style=\"vertical-align: inherit;\"><span style=\"vertical-align: inherit;\"><span dir=\"auto\" style=\"vertical-align: inherit;\"><span dir=\"auto\" style=\"vertical-align: inherit;\"> 348.4 g\/mol <\/span><\/span><\/span><\/span><br \/>\n<strong><span style=\"vertical-align: inherit;\"><span style=\"vertical-align: inherit;\"><span dir=\"auto\" style=\"vertical-align: inherit;\"><span dir=\"auto\" style=\"vertical-align: inherit;\">Purity:<\/span><\/span><\/span><\/span><\/strong><span style=\"vertical-align: inherit;\"><span style=\"vertical-align: inherit;\"><span dir=\"auto\" style=\"vertical-align: inherit;\"><span dir=\"auto\" style=\"vertical-align: inherit;\"> &gt;97%<\/span><\/span><\/span><\/span><\/p>\n","protected":false},"featured_media":16921,"comment_status":"closed","ping_status":"closed","template":"","meta":[],"product_brand":[],"product_cat":[229,41],"product_tag":[230,231,232,22],"class_list":{"0":"post-379","1":"product","2":"type-product","3":"status-publish","4":"has-post-thumbnail","6":"product_cat-5-meo-met","7":"product_cat-tryptamine","8":"product_tag-5-meo-met","9":"product_tag-5-meo-met-fumarate","10":"product_tag-5-meo-met-fumarate-kopen","11":"product_tag-nl","13":"first","14":"instock","15":"shipping-taxable","16":"purchasable","17":"product-type-variable"},"_links":{"self":[{"href":"https:\/\/researchchemicalshop.eu\/sk\/wp-json\/wp\/v2\/product\/379","targetHints":{"allow":["GET"]}}],"collection":[{"href":"https:\/\/researchchemicalshop.eu\/sk\/wp-json\/wp\/v2\/product"}],"about":[{"href":"https:\/\/researchchemicalshop.eu\/sk\/wp-json\/wp\/v2\/types\/product"}],"replies":[{"embeddable":true,"href":"https:\/\/researchchemicalshop.eu\/sk\/wp-json\/wp\/v2\/comments?post=379"}],"version-history":[{"count":1,"href":"https:\/\/researchchemicalshop.eu\/sk\/wp-json\/wp\/v2\/product\/379\/revisions"}],"predecessor-version":[{"id":16686,"href":"https:\/\/researchchemicalshop.eu\/sk\/wp-json\/wp\/v2\/product\/379\/revisions\/16686"}],"wp:featuredmedia":[{"embeddable":true,"href":"https:\/\/researchchemicalshop.eu\/sk\/wp-json\/wp\/v2\/media\/16921"}],"wp:attachment":[{"href":"https:\/\/researchchemicalshop.eu\/sk\/wp-json\/wp\/v2\/media?parent=379"}],"wp:term":[{"taxonomy":"product_brand","embeddable":true,"href":"https:\/\/researchchemicalshop.eu\/sk\/wp-json\/wp\/v2\/product_brand?post=379"},{"taxonomy":"product_cat","embeddable":true,"href":"https:\/\/researchchemicalshop.eu\/sk\/wp-json\/wp\/v2\/product_cat?post=379"},{"taxonomy":"product_tag","embeddable":true,"href":"https:\/\/researchchemicalshop.eu\/sk\/wp-json\/wp\/v2\/product_tag?post=379"}],"curies":[{"name":"wp","href":"https:\/\/api.w.org\/{rel}","templated":true}]}}