{"id":374,"date":"2026-02-09T11:52:42","date_gmt":"2026-02-09T11:52:42","guid":{"rendered":"https:\/\/researchchemicalshop.eu\/?post_type=product&#038;p=374"},"modified":"2026-03-06T03:46:37","modified_gmt":"2026-03-06T03:46:37","slug":"4-ho-mpt-fumarate","status":"publish","type":"product","link":"https:\/\/researchchemicalshop.eu\/sk\/produkt\/4-ho-mpt-fumarate\/","title":{"rendered":"4-HO-MPT fumarate"},"content":{"rendered":"<h1><strong><span dir=\"auto\" style=\"vertical-align: inherit;\"><span dir=\"auto\" style=\"vertical-align: inherit;\">4-HO-MPT Fumarate \u2013 High-Quality Research Chemical for Advanced Studies<\/span><\/span><\/strong><\/h1>\n<p data-start=\"4191\" data-end=\"4388\"><strong data-start=\"4191\" data-end=\"4252\">4-HO-MPT Fumaraat (4-Hydroxy-N-Methyl-N-Propyltryptamine)<\/strong> je <strong data-start=\"4260\" data-end=\"4302\">v\u00fdskumn\u00e1 zl\u00fa\u010denina vysokej \u010distoty<\/strong>, vyvinut\u00e9 pre <strong data-start=\"4320\" data-end=\"4385\">neuroveda, farmakol\u00f3gia a analytick\u00fd v\u00fdskum<\/strong>. 4-ho-mpt fumarate<\/p>\n<p data-start=\"4390\" data-end=\"4735\">Ako <strong data-start=\"4394\" data-end=\"4431\">hydroxylzast\u00fapen\u00fd anal\u00f3g<\/strong> z adresy <strong data-start=\"4436\" data-end=\"4443\">MPT<\/strong>, behoort 4-HO-MPT tot de <strong data-start=\"4469\" data-end=\"4505\">4-hydroxytryptamineklasse (4-HO)<\/strong> en is het nauw verwant aan verbindingen zoals <strong data-start=\"4552\" data-end=\"4576\">4-HO-DMT (psiloc\u00edn)<\/strong>. Het is van belang voor onderzoek naar <strong data-start=\"4616\" data-end=\"4658\">serotonine-receptoren (5-HT1A, 5-HT2A)<\/strong> a <strong data-start=\"4662\" data-end=\"4704\">vz\u0165ahy medzi \u0161trukt\u00farou a aktivitou (SAR)<\/strong> binnen de tryptaminefamilie.<\/p>\n<p data-start=\"4737\" data-end=\"4924\">Str\u00e1nka <strong data-start=\"4740\" data-end=\"4760\">forma fumar\u00e1tovej soli<\/strong> biedt <strong data-start=\"4767\" data-end=\"4825\">uitstekende stabiliteit, oplosbaarheid en houdbaarheid<\/strong>, waardoor dit product ideaal is voor langdurig gebruik in gecontroleerde laboratoriumomgevingen.<\/p>\n<blockquote data-start=\"4926\" data-end=\"5077\">\n<p data-start=\"4928\" data-end=\"5077\">\u26a0\ufe0f <strong data-start=\"4931\" data-end=\"4942\">Pozn\u00e1mka:<\/strong> Tento v\u00fdrobok je <strong data-start=\"4958\" data-end=\"5013\">ur\u010den\u00e9 v\u00fdlu\u010dne na vedeck\u00fd v\u00fdskum<\/strong> a <strong data-start=\"5017\" data-end=\"5074\">nevhodn\u00e9 na \u013eudsk\u00fa alebo \u017eivo\u010d\u00ed\u0161nu spotrebu<\/strong>.<\/p>\n<\/blockquote>\n<hr data-start=\"5079\" data-end=\"5082\" \/>\n<h3 data-start=\"5084\" data-end=\"5115\"><strong data-start=\"5088\" data-end=\"5115\">K\u013e\u00fa\u010dov\u00e9 vlastnosti<\/strong><\/h3>\n<ul data-start=\"5116\" data-end=\"5510\">\n<li data-start=\"5116\" data-end=\"5180\">\n<p data-start=\"5118\" data-end=\"5180\"><strong data-start=\"5118\" data-end=\"5144\">Vysok\u00e1 \u010distota (\u226599%)<\/strong> \u2013 Geanalyseerd via HPLC en GC-MS.<\/p>\n<\/li>\n<li data-start=\"5181\" data-end=\"5254\">\n<p data-start=\"5183\" data-end=\"5254\"><strong data-start=\"5183\" data-end=\"5212\">Stabiln\u00e1 forma fumar\u00e1tovej soli<\/strong> \u2013 Verhoogt houdbaarheid en stabiliteit.<\/p>\n<\/li>\n<li data-start=\"5255\" data-end=\"5342\">\n<p data-start=\"5257\" data-end=\"5342\"><strong data-start=\"5257\" data-end=\"5296\">\u0160tandard farmakologick\u00e9ho v\u00fdskumu<\/strong> - Vhodn\u00e9 na \u0161t\u00fadie receptorov a SAR.<\/p>\n<\/li>\n<li data-start=\"5343\" data-end=\"5421\">\n<p data-start=\"5345\" data-end=\"5421\"><strong data-start=\"5345\" data-end=\"5370\">Konzistentn\u00e1 kvalita<\/strong> \u2013 Geproduceerd onder GMP-achtige omstandigheden.<\/p>\n<\/li>\n<li data-start=\"5422\" data-end=\"5510\">\n<p data-start=\"5424\" data-end=\"5510\"><strong data-start=\"5424\" data-end=\"5446\">Bezpe\u010dn\u00e9 balenie<\/strong> - Vzduchotesn\u00e9 a \u013eahko utesnen\u00e9 pre maxim\u00e1lnu ochranu.<\/p>\n<\/li>\n<\/ul>\n<hr data-start=\"5512\" data-end=\"5515\" \/>\n<h3 data-start=\"5517\" data-end=\"5534\"><strong data-start=\"5521\" data-end=\"5534\">V\u00fdhody<\/strong><\/h3>\n<ul data-start=\"5535\" data-end=\"5830\">\n<li data-start=\"5535\" data-end=\"5615\">\n<p data-start=\"5537\" data-end=\"5615\">Podporuje <strong data-start=\"5549\" data-end=\"5612\">v\u00fdskum seroton\u00ednov\u00fdch receptorov a anal\u00f3gov tryptam\u00ednu<\/strong>.<\/p>\n<\/li>\n<li data-start=\"5616\" data-end=\"5691\">\n<p data-start=\"5618\" data-end=\"5691\"><strong data-start=\"5618\" data-end=\"5663\">Presn\u00e9 a reprodukovate\u013en\u00e9 v\u00fdsledky<\/strong> v laborat\u00f3rnom v\u00fdskume.<\/p>\n<\/li>\n<li data-start=\"5692\" data-end=\"5758\">\n<p data-start=\"5694\" data-end=\"5758\"><strong data-start=\"5694\" data-end=\"5733\">Lep\u0161ia stabilita a rozpustnos\u0165<\/strong> ako vo\u013en\u00e1 z\u00e1kladn\u00e1 forma.<\/p>\n<\/li>\n<li data-start=\"5759\" data-end=\"5830\">\n<p data-start=\"5761\" data-end=\"5830\">Ide\u00e1lne pre <strong data-start=\"5773\" data-end=\"5827\">academisch, farmacologisch en analytisch onderzoek<\/strong>.<\/p>\n<\/li>\n<\/ul>\n<hr data-start=\"5832\" data-end=\"5835\" \/>\n<h3 data-start=\"5837\" data-end=\"5852\"><strong data-start=\"5841\" data-end=\"5852\">Pou\u017eite<\/strong><\/h3>\n<ul data-start=\"5853\" data-end=\"6124\">\n<li data-start=\"5853\" data-end=\"5923\">\n<p data-start=\"5855\" data-end=\"5923\">Pou\u017e\u00edva\u0165 len <strong data-start=\"5880\" data-end=\"5920\">kvalifikovan\u00fd laborat\u00f3rny person\u00e1l<\/strong>.<\/p>\n<\/li>\n<li data-start=\"5924\" data-end=\"6000\">\n<p data-start=\"5926\" data-end=\"6000\">Pou\u017e\u00edvajte vhodn\u00e9 <strong data-start=\"5944\" data-end=\"5968\">ochrann\u00e9 vybavenie<\/strong> (rukavice, okuliare, laborat\u00f3rny pl\u00e1\u0161\u0165).<\/p>\n<\/li>\n<li data-start=\"6001\" data-end=\"6065\">\n<p data-start=\"6003\" data-end=\"6065\">Ulo\u017ei\u0165 na <strong data-start=\"6018\" data-end=\"6052\">chladn\u00e9, such\u00e9 a tmav\u00e9 miesto<\/strong> (15-25\u00b0C).<\/p>\n<\/li>\n<li data-start=\"6066\" data-end=\"6124\">\n<p data-start=\"6068\" data-end=\"6124\">Nie je vhodn\u00fd na \u013eudsk\u00fa ani \u017eivo\u010d\u00ed\u0161nu spotrebu.<\/p>\n<\/li>\n<\/ul>\n<hr data-start=\"6126\" data-end=\"6129\" \/>\n<h3 data-start=\"6131\" data-end=\"6166\"><strong data-start=\"6135\" data-end=\"6166\">\u010casto kladen\u00e9 ot\u00e1zky (FAQ)<\/strong><\/h3>\n<p data-start=\"6168\" data-end=\"6368\"><strong data-start=\"6168\" data-end=\"6217\">1. Waarvoor wordt 4-HO-MPT Fumaraat gebruikt?<\/strong><br data-start=\"6217\" data-end=\"6220\" \/>4-HO-MPT Fumaraat wordt gebruikt voor <strong data-start=\"6258\" data-end=\"6303\">farmakologick\u00fd a neurochemick\u00fd v\u00fdskum<\/strong> naar serotonine-receptoren en structurele tryptamine-analogen.<\/p>\n<p data-start=\"6370\" data-end=\"6550\"><strong data-start=\"6370\" data-end=\"6428\">2. Is 4-HO-MPT Fumaraat veilig voor menselijk gebruik?<\/strong><br data-start=\"6428\" data-end=\"6431\" \/>Nie. Tento v\u00fdrobok je <strong data-start=\"6451\" data-end=\"6500\">ur\u010den\u00e9 len na v\u00fdskumn\u00e9 \u00fa\u010dely<\/strong> a nie s\u00fa schv\u00e1len\u00e9 na \u013eudsk\u00fa spotrebu.<\/p>\n<p data-start=\"6552\" data-end=\"6723\"><strong data-start=\"6552\" data-end=\"6601\">3. Hoe moet 4-HO-MPT Fumaraat worden bewaard?<\/strong><br data-start=\"6601\" data-end=\"6604\" \/>Ulo\u017ei\u0165 do <strong data-start=\"6619\" data-end=\"6649\">tesne uzavret\u00fd obal<\/strong> pri izbovej teplote (15-25 \u00b0C), chr\u00e1nen\u00e9 pred vlhkos\u0165ou, teplom a svetlom.<\/p>","protected":false},"excerpt":{"rendered":"<h3><span style=\"vertical-align: inherit;\"><span style=\"vertical-align: inherit;\"><span dir=\"auto\" style=\"vertical-align: inherit;\"><span dir=\"auto\" style=\"vertical-align: inherit;\">4-HO-MPT fumarate properties<\/span><\/span><\/span><\/span><\/h3>\n<p><strong><span style=\"vertical-align: inherit;\"><span style=\"vertical-align: inherit;\"><span dir=\"auto\" style=\"vertical-align: inherit;\"><span dir=\"auto\" style=\"vertical-align: inherit;\">Synonym:<\/span><\/span><\/span><\/span><\/strong><span style=\"vertical-align: inherit;\"><span style=\"vertical-align: inherit;\"><span dir=\"auto\" style=\"vertical-align: inherit;\"><span dir=\"auto\" style=\"vertical-align: inherit;\"> 4-hydroxy-N-methyl-N-propyltryptamine fumarate <\/span><\/span><\/span><\/span><br \/>\n<strong><span style=\"vertical-align: inherit;\"><span style=\"vertical-align: inherit;\"><span dir=\"auto\" style=\"vertical-align: inherit;\"><span dir=\"auto\" style=\"vertical-align: inherit;\">CAS Number:<\/span><\/span><\/span><\/span><\/strong><span style=\"vertical-align: inherit;\"><span style=\"vertical-align: inherit;\"><span dir=\"auto\" style=\"vertical-align: inherit;\"><span dir=\"auto\" style=\"vertical-align: inherit;\"> 763035-03-6 <\/span><\/span><\/span><\/span><br \/>\n<strong><span style=\"vertical-align: inherit;\"><span style=\"vertical-align: inherit;\"><span dir=\"auto\" style=\"vertical-align: inherit;\"><span dir=\"auto\" style=\"vertical-align: inherit;\">Formula:<\/span><\/span><\/span><\/span><\/strong><span style=\"vertical-align: inherit;\"><span style=\"vertical-align: inherit;\"><span dir=\"auto\" style=\"vertical-align: inherit;\"><span dir=\"auto\" style=\"vertical-align: inherit;\"> 3-(2-(methyl(propyl)amino)ethyl)-1H-indole-4-ol fumarate <\/span><\/span><\/span><\/span><br \/>\n<strong><span style=\"vertical-align: inherit;\"><span style=\"vertical-align: inherit;\"><span dir=\"auto\" style=\"vertical-align: inherit;\"><span dir=\"auto\" style=\"vertical-align: inherit;\">Molar Mass:<\/span><\/span><\/span><\/span><\/strong><span style=\"vertical-align: inherit;\"><span style=\"vertical-align: inherit;\"><span dir=\"auto\" style=\"vertical-align: inherit;\"><span dir=\"auto\" style=\"vertical-align: inherit;\"> 348.4 g\/mol <\/span><\/span><\/span><\/span><br \/>\n<strong><span style=\"vertical-align: inherit;\"><span style=\"vertical-align: inherit;\"><span dir=\"auto\" style=\"vertical-align: inherit;\"><span dir=\"auto\" style=\"vertical-align: inherit;\">Purity:<\/span><\/span><\/span><\/span><\/strong><span style=\"vertical-align: inherit;\"><span style=\"vertical-align: inherit;\"><span dir=\"auto\" style=\"vertical-align: inherit;\"><span dir=\"auto\" style=\"vertical-align: inherit;\"> &gt;97%<\/span><\/span><\/span><\/span><\/p>","protected":false},"featured_media":16907,"comment_status":"closed","ping_status":"closed","template":"","meta":[],"product_brand":[],"product_cat":[217,41],"product_tag":[997,22],"class_list":{"0":"post-374","1":"product","2":"type-product","3":"status-publish","4":"has-post-thumbnail","6":"product_cat-4-ho-mpt","7":"product_cat-tryptamine","8":"product_tag-4-ho-mpt-fumarate","9":"product_tag-nl","11":"first","12":"instock","13":"shipping-taxable","14":"purchasable","15":"product-type-variable"},"_links":{"self":[{"href":"https:\/\/researchchemicalshop.eu\/sk\/wp-json\/wp\/v2\/product\/374","targetHints":{"allow":["GET"]}}],"collection":[{"href":"https:\/\/researchchemicalshop.eu\/sk\/wp-json\/wp\/v2\/product"}],"about":[{"href":"https:\/\/researchchemicalshop.eu\/sk\/wp-json\/wp\/v2\/types\/product"}],"replies":[{"embeddable":true,"href":"https:\/\/researchchemicalshop.eu\/sk\/wp-json\/wp\/v2\/comments?post=374"}],"version-history":[{"count":1,"href":"https:\/\/researchchemicalshop.eu\/sk\/wp-json\/wp\/v2\/product\/374\/revisions"}],"predecessor-version":[{"id":16712,"href":"https:\/\/researchchemicalshop.eu\/sk\/wp-json\/wp\/v2\/product\/374\/revisions\/16712"}],"wp:featuredmedia":[{"embeddable":true,"href":"https:\/\/researchchemicalshop.eu\/sk\/wp-json\/wp\/v2\/media\/16907"}],"wp:attachment":[{"href":"https:\/\/researchchemicalshop.eu\/sk\/wp-json\/wp\/v2\/media?parent=374"}],"wp:term":[{"taxonomy":"product_brand","embeddable":true,"href":"https:\/\/researchchemicalshop.eu\/sk\/wp-json\/wp\/v2\/product_brand?post=374"},{"taxonomy":"product_cat","embeddable":true,"href":"https:\/\/researchchemicalshop.eu\/sk\/wp-json\/wp\/v2\/product_cat?post=374"},{"taxonomy":"product_tag","embeddable":true,"href":"https:\/\/researchchemicalshop.eu\/sk\/wp-json\/wp\/v2\/product_tag?post=374"}],"curies":[{"name":"wp","href":"https:\/\/api.w.org\/{rel}","templated":true}]}}