{"id":373,"date":"2026-02-09T11:52:42","date_gmt":"2026-02-09T11:52:42","guid":{"rendered":"https:\/\/researchchemicalshop.eu\/?post_type=product&#038;p=373"},"modified":"2026-03-06T03:42:40","modified_gmt":"2026-03-06T03:42:40","slug":"4-ho-mipt-fumarate","status":"publish","type":"product","link":"https:\/\/researchchemicalshop.eu\/sk\/produkt\/4-ho-mipt-fumarate\/","title":{"rendered":"4-HO-MiPT fumar\u00e1t"},"content":{"rendered":"<h3><strong><span dir=\"auto\" style=\"vertical-align: inherit;\"><span dir=\"auto\" style=\"vertical-align: inherit;\">4-HO-MiPT Fumarate \u2013 Product Description, Uses, Benefits &amp; Disadvantages &amp; FAQs<\/span><\/span><\/strong><\/h3>\n<p data-start=\"4058\" data-end=\"4259\"><strong data-start=\"4058\" data-end=\"4123\">4-HO-MiPT Fumaraat (4-Hydroxy-N-Methyl-N-Isopropyltryptamine)<\/strong> je <strong data-start=\"4131\" data-end=\"4173\">v\u00fdskumn\u00e1 zl\u00fa\u010denina vysokej \u010distoty<\/strong>, vyvinut\u00e9 pre <strong data-start=\"4191\" data-end=\"4256\">neuroveda, farmakol\u00f3gia a analytick\u00fd v\u00fdskum<\/strong>. 4-HO-MiPT fumarate<\/p>\n<p data-start=\"4261\" data-end=\"4597\">Als lid van de <strong data-start=\"4276\" data-end=\"4312\">4-hydroxytryptamineklasse (4-HO)<\/strong> is het structureel verwant aan <strong data-start=\"4344\" data-end=\"4368\">psiloc\u00edn (4-HO-DMT)<\/strong> en andere natuurlijke tryptaminen. De <strong data-start=\"4407\" data-end=\"4440\">hydroxylgroep op de 4-positie<\/strong> be\u00efnvloedt de <strong data-start=\"4455\" data-end=\"4504\">serotonine-receptorbinding (5-HT1A en 5-HT2A)<\/strong>, waardoor 4-HO-MiPT waardevol is voor <strong data-start=\"4543\" data-end=\"4584\">structure-activity relationship (SAR)<\/strong>-onderzoek.<\/p>\n<p data-start=\"4599\" data-end=\"4793\">Str\u00e1nka <strong data-start=\"4602\" data-end=\"4622\">forma fumar\u00e1tovej soli<\/strong> zorgt voor <strong data-start=\"4634\" data-end=\"4702\">uitstekende chemische stabiliteit, oplosbaarheid en houdbaarheid<\/strong>, wat het ideaal maakt voor langdurige opslag en gecontroleerde laboratoriumtoepassingen.<\/p>\n<blockquote data-start=\"4795\" data-end=\"4946\">\n<p data-start=\"4797\" data-end=\"4946\">\u26a0\ufe0f <strong data-start=\"4800\" data-end=\"4811\">Pozn\u00e1mka:<\/strong> Tento v\u00fdrobok je <strong data-start=\"4827\" data-end=\"4882\">ur\u010den\u00e9 v\u00fdlu\u010dne na vedeck\u00fd v\u00fdskum<\/strong> a <strong data-start=\"4886\" data-end=\"4943\">nevhodn\u00e9 na \u013eudsk\u00fa alebo \u017eivo\u010d\u00ed\u0161nu spotrebu<\/strong>.<\/p>\n<\/blockquote>\n<hr data-start=\"4948\" data-end=\"4951\" \/>\n<h3 data-start=\"4953\" data-end=\"4984\"><strong data-start=\"4957\" data-end=\"4984\">K\u013e\u00fa\u010dov\u00e9 vlastnosti<\/strong><\/h3>\n<ul data-start=\"4985\" data-end=\"5377\">\n<li data-start=\"4985\" data-end=\"5055\">\n<p data-start=\"4987\" data-end=\"5055\"><strong data-start=\"4987\" data-end=\"5013\">Vysok\u00e1 \u010distota (\u226599%)<\/strong> \u2013 Bevestigd via HPLC- en GC-MS-analyse.<\/p>\n<\/li>\n<li data-start=\"5056\" data-end=\"5130\">\n<p data-start=\"5058\" data-end=\"5130\"><strong data-start=\"5058\" data-end=\"5087\">Stabiln\u00e1 forma fumar\u00e1tovej soli<\/strong> \u2013 Verhoogt stabiliteit en gebruiksgemak.<\/p>\n<\/li>\n<li data-start=\"5131\" data-end=\"5218\">\n<p data-start=\"5133\" data-end=\"5218\"><strong data-start=\"5133\" data-end=\"5172\">\u0160tandard farmakologick\u00e9ho v\u00fdskumu<\/strong> - Vhodn\u00e9 na \u0161t\u00fadie receptorov a SAR.<\/p>\n<\/li>\n<li data-start=\"5219\" data-end=\"5288\">\n<p data-start=\"5221\" data-end=\"5288\"><strong data-start=\"5221\" data-end=\"5246\">GMP-achtige Productie<\/strong> \u2013 Garandeert consistentie en kwaliteit.<\/p>\n<\/li>\n<li data-start=\"5289\" data-end=\"5377\">\n<p data-start=\"5291\" data-end=\"5377\"><strong data-start=\"5291\" data-end=\"5313\">Bezpe\u010dn\u00e9 balenie<\/strong> \u2013 Luchtdicht en lichtdicht verpakt voor maximale bescherming. 4-HO-MiPT fumarate<\/p>\n<\/li>\n<\/ul>\n<hr data-start=\"5379\" data-end=\"5382\" \/>\n<h3 data-start=\"5384\" data-end=\"5401\"><strong data-start=\"5388\" data-end=\"5401\">V\u00fdhody<\/strong><\/h3>\n<ul data-start=\"5402\" data-end=\"5699\">\n<li data-start=\"5402\" data-end=\"5482\">\n<p data-start=\"5404\" data-end=\"5482\">Podporuje <strong data-start=\"5416\" data-end=\"5479\">v\u00fdskum seroton\u00ednov\u00fdch receptorov a anal\u00f3gov tryptam\u00ednu<\/strong>.<\/p>\n<\/li>\n<li data-start=\"5483\" data-end=\"5560\">\n<p data-start=\"5485\" data-end=\"5560\"><strong data-start=\"5485\" data-end=\"5530\">Presn\u00e9 a reprodukovate\u013en\u00e9 v\u00fdsledky<\/strong> in gecontroleerd onderzoek.<\/p>\n<\/li>\n<li data-start=\"5561\" data-end=\"5627\">\n<p data-start=\"5563\" data-end=\"5627\"><strong data-start=\"5563\" data-end=\"5589\">Verbeterde stabiliteit<\/strong> ten opzichte van de vrije basevorm.<\/p>\n<\/li>\n<li data-start=\"5628\" data-end=\"5699\">\n<p data-start=\"5630\" data-end=\"5699\">Ide\u00e1lne pre <strong data-start=\"5642\" data-end=\"5696\">academisch, farmacologisch en analytisch onderzoek<\/strong>.<\/p>\n<\/li>\n<\/ul>\n<hr data-start=\"5701\" data-end=\"5704\" \/>\n<h3 data-start=\"5706\" data-end=\"5721\"><strong data-start=\"5710\" data-end=\"5721\">Pou\u017eite<\/strong><\/h3>\n<ul data-start=\"5722\" data-end=\"5993\">\n<li data-start=\"5722\" data-end=\"5792\">\n<p data-start=\"5724\" data-end=\"5792\">Pou\u017e\u00edva\u0165 len <strong data-start=\"5749\" data-end=\"5789\">kvalifikovan\u00fd laborat\u00f3rny person\u00e1l<\/strong>.<\/p>\n<\/li>\n<li data-start=\"5793\" data-end=\"5869\">\n<p data-start=\"5795\" data-end=\"5869\">Pou\u017e\u00edvajte vhodn\u00e9 <strong data-start=\"5813\" data-end=\"5837\">ochrann\u00e9 vybavenie<\/strong> (rukavice, okuliare, laborat\u00f3rny pl\u00e1\u0161\u0165).<\/p>\n<\/li>\n<li data-start=\"5870\" data-end=\"5934\">\n<p data-start=\"5872\" data-end=\"5934\">Ulo\u017ei\u0165 na <strong data-start=\"5887\" data-end=\"5921\">chladn\u00e9, such\u00e9 a tmav\u00e9 miesto<\/strong> (15-25\u00b0C).<\/p>\n<\/li>\n<li data-start=\"5935\" data-end=\"5993\">\n<p data-start=\"5937\" data-end=\"5993\">Nie je vhodn\u00fd na \u013eudsk\u00fa ani \u017eivo\u010d\u00ed\u0161nu spotrebu.<\/p>\n<\/li>\n<\/ul>\n<hr data-start=\"5995\" data-end=\"5998\" \/>\n<h3 data-start=\"6000\" data-end=\"6035\"><strong data-start=\"6004\" data-end=\"6035\">\u010casto kladen\u00e9 ot\u00e1zky (FAQ)<\/strong><\/h3>\n<p data-start=\"6037\" data-end=\"6225\"><strong data-start=\"6037\" data-end=\"6087\">1. Waarvoor wordt 4-HO-MiPT Fumaraat gebruikt?<\/strong><br data-start=\"6087\" data-end=\"6090\" \/>4-HO-MiPT Fumaraat wordt gebruikt in <strong data-start=\"6127\" data-end=\"6172\">farmakologick\u00fd a neurochemick\u00fd v\u00fdskum<\/strong> na seroton\u00ednov\u00e9 receptory a tryptam\u00ednov\u00e9 anal\u00f3gy.<\/p>\n<p data-start=\"6227\" data-end=\"6408\"><strong data-start=\"6227\" data-end=\"6286\">2. Is 4-HO-MiPT Fumaraat veilig voor menselijk gebruik?<\/strong><br data-start=\"6286\" data-end=\"6289\" \/>Nie. Tento v\u00fdrobok je <strong data-start=\"6309\" data-end=\"6358\">ur\u010den\u00e9 len na v\u00fdskumn\u00e9 \u00fa\u010dely<\/strong> a nie s\u00fa schv\u00e1len\u00e9 na \u013eudsk\u00fa spotrebu.<\/p>\n<p data-start=\"6410\" data-end=\"6582\"><strong data-start=\"6410\" data-end=\"6460\">3. Hoe moet 4-HO-MiPT Fumaraat worden bewaard?<\/strong><br data-start=\"6460\" data-end=\"6463\" \/>Ulo\u017ei\u0165 do <strong data-start=\"6478\" data-end=\"6508\">tesne uzavret\u00fd obal<\/strong> pri izbovej teplote (15-25 \u00b0C), chr\u00e1nen\u00e9 pred vlhkos\u0165ou, teplom a svetlom.<\/p>","protected":false},"excerpt":{"rendered":"<h3><span data-sheets-value=\"{\" data-sheets-userformat=\"{\"><span style=\"vertical-align: inherit;\"><span style=\"vertical-align: inherit;\"><span dir=\"auto\" style=\"vertical-align: inherit;\"><span dir=\"auto\" style=\"vertical-align: inherit;\">4-HO-MiPT fumarate properties<\/span><\/span><\/span><\/span><\/span><\/h3>\n<p><strong><span style=\"vertical-align: inherit;\"><span style=\"vertical-align: inherit;\"><span dir=\"auto\" style=\"vertical-align: inherit;\"><span dir=\"auto\" style=\"vertical-align: inherit;\">Synonym:<\/span><\/span><\/span><\/span><\/strong><span style=\"vertical-align: inherit;\"><span style=\"vertical-align: inherit;\"><span dir=\"auto\" style=\"vertical-align: inherit;\"><span dir=\"auto\" style=\"vertical-align: inherit;\"> 4-hydroxy-N-methyl-N-isopropyltryptamine fumarate <\/span><\/span><\/span><\/span><br \/>\n<strong><span style=\"vertical-align: inherit;\"><span style=\"vertical-align: inherit;\"><span dir=\"auto\" style=\"vertical-align: inherit;\"><span dir=\"auto\" style=\"vertical-align: inherit;\">CAS Number:<\/span><\/span><\/span><\/span><\/strong><span style=\"vertical-align: inherit;\"><span style=\"vertical-align: inherit;\"><span dir=\"auto\" style=\"vertical-align: inherit;\"><span dir=\"auto\" style=\"vertical-align: inherit;\"> 77872-43-6 <\/span><\/span><\/span><\/span><br \/>\n<strong><span style=\"vertical-align: inherit;\"><span style=\"vertical-align: inherit;\"><span dir=\"auto\" style=\"vertical-align: inherit;\"><span dir=\"auto\" style=\"vertical-align: inherit;\">Formula:<\/span><\/span><\/span><\/span><\/strong><span style=\"vertical-align: inherit;\"><span style=\"vertical-align: inherit;\"><span dir=\"auto\" style=\"vertical-align: inherit;\"><span dir=\"auto\" style=\"vertical-align: inherit;\"> 3-[2-(isopropyl(methyl)amino)ethyl]-1H-indole-4-ol fumarate <\/span><\/span><\/span><\/span><br \/>\n<strong><span style=\"vertical-align: inherit;\"><span style=\"vertical-align: inherit;\"><span dir=\"auto\" style=\"vertical-align: inherit;\"><span dir=\"auto\" style=\"vertical-align: inherit;\">Molar Mass:<\/span><\/span><\/span><\/span><\/strong><span style=\"vertical-align: inherit;\"><span style=\"vertical-align: inherit;\"><span dir=\"auto\" style=\"vertical-align: inherit;\"><span dir=\"auto\" style=\"vertical-align: inherit;\"> 348.4 g\/mol <\/span><\/span><\/span><\/span><br \/>\n<strong><span style=\"vertical-align: inherit;\"><span style=\"vertical-align: inherit;\"><span dir=\"auto\" style=\"vertical-align: inherit;\"><span dir=\"auto\" style=\"vertical-align: inherit;\">Purity:<\/span><\/span><\/span><\/span><\/strong><span style=\"vertical-align: inherit;\"><span style=\"vertical-align: inherit;\"><span dir=\"auto\" style=\"vertical-align: inherit;\"><span dir=\"auto\" style=\"vertical-align: inherit;\"> &gt;97%<\/span><\/span><\/span><\/span><\/p>\n","protected":false},"featured_media":16906,"comment_status":"closed","ping_status":"closed","template":"","meta":[],"product_brand":[],"product_cat":[214,41],"product_tag":[215,216,22],"class_list":{"0":"post-373","1":"product","2":"type-product","3":"status-publish","4":"has-post-thumbnail","6":"product_cat-4-ho-mipt","7":"product_cat-tryptamine","8":"product_tag-4-ho-mipt-fumarate","9":"product_tag-4-ho-mipt-fumarate-kopen","10":"product_tag-nl","12":"first","13":"instock","14":"shipping-taxable","15":"purchasable","16":"product-type-variable"},"_links":{"self":[{"href":"https:\/\/researchchemicalshop.eu\/sk\/wp-json\/wp\/v2\/product\/373","targetHints":{"allow":["GET"]}}],"collection":[{"href":"https:\/\/researchchemicalshop.eu\/sk\/wp-json\/wp\/v2\/product"}],"about":[{"href":"https:\/\/researchchemicalshop.eu\/sk\/wp-json\/wp\/v2\/types\/product"}],"replies":[{"embeddable":true,"href":"https:\/\/researchchemicalshop.eu\/sk\/wp-json\/wp\/v2\/comments?post=373"}],"version-history":[{"count":1,"href":"https:\/\/researchchemicalshop.eu\/sk\/wp-json\/wp\/v2\/product\/373\/revisions"}],"predecessor-version":[{"id":16711,"href":"https:\/\/researchchemicalshop.eu\/sk\/wp-json\/wp\/v2\/product\/373\/revisions\/16711"}],"wp:featuredmedia":[{"embeddable":true,"href":"https:\/\/researchchemicalshop.eu\/sk\/wp-json\/wp\/v2\/media\/16906"}],"wp:attachment":[{"href":"https:\/\/researchchemicalshop.eu\/sk\/wp-json\/wp\/v2\/media?parent=373"}],"wp:term":[{"taxonomy":"product_brand","embeddable":true,"href":"https:\/\/researchchemicalshop.eu\/sk\/wp-json\/wp\/v2\/product_brand?post=373"},{"taxonomy":"product_cat","embeddable":true,"href":"https:\/\/researchchemicalshop.eu\/sk\/wp-json\/wp\/v2\/product_cat?post=373"},{"taxonomy":"product_tag","embeddable":true,"href":"https:\/\/researchchemicalshop.eu\/sk\/wp-json\/wp\/v2\/product_tag?post=373"}],"curies":[{"name":"wp","href":"https:\/\/api.w.org\/{rel}","templated":true}]}}