{"id":342,"date":"2026-02-09T11:52:35","date_gmt":"2026-02-09T11:52:35","guid":{"rendered":"https:\/\/researchchemicalshop.eu\/?post_type=product&#038;p=342"},"modified":"2026-03-06T04:10:30","modified_gmt":"2026-03-06T04:10:30","slug":"4-aco-det-fumarat","status":"publish","type":"product","link":"https:\/\/researchchemicalshop.eu\/sk\/produkt\/4-aco-det-fumarat\/","title":{"rendered":"4-AcO-DET fumar\u00e1t"},"content":{"rendered":"<h1>4 AcO DET Fumar\u00e1t - roz\u0161\u00edren\u00fd opis produktu<\/h1>\n<h2>\u00davod<\/h2>\n<p>4 AcO DET fumar\u00e1t je v\u00fdskumn\u00e1 chemik\u00e1lia, ktor\u00e1 je a\u017e <a href=\"http:\/\/google.nl\" target=\"_blank\" rel=\"noopener\">.<\/a> trieda tryptam\u00ednov. Zn\u00e1my aj ako 4-acetoxy-N,N-dietyltryptam\u00edn, pou\u017e\u00edva sa najm\u00e4 vo vedeck\u00fdch a farmakologick\u00fdch \u0161t\u00fadi\u00e1ch. Kyselina fumarov\u00e1 poskytuje stabiln\u00fa zl\u00fa\u010deninu, v\u010faka \u010domu je vhodn\u00e1 na experiment\u00e1lne \u00fa\u010dely. Tento opis v\u00fdrobku poskytuje podrobn\u00e9 inform\u00e1cie o vlastnostiach, aplik\u00e1ci\u00e1ch a bezpe\u010dnostn\u00fdch aspektoch 4-acO-DET fumar\u00e1tu.<a href=\"https:\/\/researchchemicalshop.eu\/sk\/obchod\/pelety\/o-dsmt-50mg-pellets\/\">O-DSMT 50 mg pelety<\/a><\/p>\n<h2>Chemick\u00e9 vlastnosti<\/h2>\n<ul>\n<li>Chemick\u00fd n\u00e1zov: 4-acetoxy-N,N-dietyltryptam\u00edn fumar\u00e1t<\/li>\n<li>Molekulov\u00fd vzorec: C\u2081\u2088H\u2082\u2085N\u2082O\u2086<\/li>\n<li>Molekulov\u00e1 hmotnos\u0165: 365,41 g\/mol<\/li>\n<li>\u010cistota: \u226598% (HPLC anal\u00fdza)<\/li>\n<li>Forma: Kry\u0161talick\u00fd pr\u00e1\u0161ok<\/li>\n<li>Farba: biela a\u017e svetlo b\u00e9\u017eov\u00e1<\/li>\n<li>Rozpustnos\u0165: Rozpustn\u00fd vo vode a organick\u00fdch rozp\u00fa\u0161\u0165adl\u00e1ch<\/li>\n<\/ul>\n<h2>Aplik\u00e1cie a v\u00fdskum<\/h2>\n<p>4-AcO-DET fumar\u00e1t sa pou\u017e\u00edva najm\u00e4 vo vedeck\u00fdch \u0161t\u00fadi\u00e1ch, najm\u00e4 v oblasti neurovedy a psychofarmakol\u00f3gie. Vedci sk\u00famaj\u00fa jeho interakciu so seroton\u00ednov\u00fdmi receptormi a jeho mo\u017en\u00e9 \u00fa\u010dinky na kognit\u00edvne procesy. Je d\u00f4le\u017eit\u00e9 zd\u00f4razni\u0165, \u017ee tento produkt je ur\u010den\u00fd len na v\u00fdskumn\u00e9 \u00fa\u010dely a nie na konzum\u00e1ciu \u013eu\u010fmi alebo zvieratami.<\/p>\n<h2>Bezpe\u010dnostn\u00e9 inform\u00e1cie a skladovanie<\/h2>\n<ul>\n<li>Podmienky skladovania: Skladujte v chladnom a suchom prostred\u00ed, chr\u00e1nen\u00e9 pred svetlom a vlhkos\u0165ou.<\/li>\n<li>Skladovate\u013enos\u0165: minim\u00e1lne 2 roky pri spr\u00e1vnom skladovan\u00ed<\/li>\n<li>Bezpe\u010dnostn\u00e9 opatrenia: Pri manipul\u00e1cii s touto l\u00e1tkou pou\u017e\u00edvajte vhodn\u00e9 osobn\u00e9 ochrann\u00e9 prostriedky (rukavice, laborat\u00f3rny pl\u00e1\u0161\u0165, ochrann\u00e9 okuliare). Zabr\u00e1\u0148te priamemu kontaktu s poko\u017ekou a o\u010dami. Pracujte vo vetran\u00fdch podmienkach<\/li>\n<\/ul>\n<h2>Pr\u00e1vne postavenie<\/h2>\n<p>4-AcO-DET fumar\u00e1t je ur\u010den\u00fd len na v\u00fdskumn\u00e9 \u00fa\u010dely a nemal by sa pou\u017e\u00edva\u0165 ako spotrebite\u013esk\u00fd v\u00fdrobok, doplnok stravy alebo liek. Predaj a pou\u017e\u00edvanie tejto l\u00e1tky podlieha miestnym a medzin\u00e1rodn\u00fdm z\u00e1konom. Kupuj\u00faci je zodpovedn\u00fd za overenie, \u010di je dr\u017eba a pou\u017e\u00edvanie tejto l\u00e1tky v jeho regi\u00f3ne leg\u00e1lne.<\/p>\n<h2>Pre\u010do si vybra\u0165 n\u00e1\u0161 produkt?<\/h2>\n<p>N\u00e1\u0161 fumar\u00e1t 4-AcO-DET sa vyr\u00e1ba pod pr\u00edsnou kontrolou kvality, \u010d\u00edm sa zabezpe\u010duje vysok\u00e1 \u010distota a konzistencia. Ka\u017ed\u00e1 \u0161ar\u017ea sa analyzuje pomocou pokro\u010dil\u00fdch techn\u00edk HPLC, aby sa zabezpe\u010dila kvalita. Dod\u00e1vame len uzn\u00e1van\u00fdm v\u00fdskumn\u00fdm in\u0161tit\u00faci\u00e1m a profesion\u00e1lnym laborat\u00f3ri\u00e1m.<\/p>\n<h2>Z\u00e1ver<\/h2>\n<p>4-AcO-DET fumar\u00e1t je cenn\u00e1 v\u00fdskumn\u00e1 chemik\u00e1lia pre vedcov zameran\u00fdch na \u0161t\u00fadium deriv\u00e1tov tryptam\u00ednu. V\u010faka vysokej \u010distote a stabiln\u00e9mu zlo\u017eeniu pon\u00faka tento produkt spo\u013eahliv\u00e9 v\u00fdsledky v kontrolovan\u00fdch v\u00fdskumn\u00fdch prostrediach. Pre viac inform\u00e1ci\u00ed o \u0161pecifik\u00e1ci\u00e1ch, pou\u017eit\u00ed alebo objedn\u00e1vkach n\u00e1s kontaktujte.<a href=\"https:\/\/researchchemicalshop.eu\/sk\/obchod\/lyzergamidy\/1vlsd\/\">1V-LSD 150 MCG Blotters<\/a><\/p>\n<h2>Zrieknutie sa zodpovednosti<\/h2>\n<p>Tento v\u00fdrobok nie je ur\u010den\u00fd na pou\u017eitie pre \u013eud\u00ed a je ur\u010den\u00fd len na vedeck\u00e9 a priemyseln\u00e9 \u00fa\u010dely. V\u017edy berte do \u00favahy platn\u00e9 z\u00e1kony a predpisy vo va\u0161ej krajine.<a href=\"https:\/\/researchchemicalshop.eu\/sk\/obchod\/lyzergamidy\/1cp-lsd\/\">1cP-LSD 150 MCG Art Blotters<\/a><\/p>","protected":false},"excerpt":{"rendered":"<h3><span style=\"vertical-align: inherit;\"><span style=\"vertical-align: inherit;\">4-AcO-DET fumarate properties<\/span><\/span><\/h3>\n<p><strong><span style=\"vertical-align: inherit;\"><span style=\"vertical-align: inherit;\">Synonym:<\/span><\/span><\/strong><span style=\"vertical-align: inherit;\"><span style=\"vertical-align: inherit;\"> 4-acetoxy-N,N-diethyltryptamine fumarate <\/span><\/span><br \/>\n<strong><span style=\"vertical-align: inherit;\"><span style=\"vertical-align: inherit;\">CAS Number:<\/span><\/span><\/strong><span style=\"vertical-align: inherit;\"><span style=\"vertical-align: inherit;\"> 1135424-15-5 <\/span><\/span><br \/>\n<strong><span style=\"vertical-align: inherit;\"><span style=\"vertical-align: inherit;\">Formula:<\/span><\/span><\/strong><span style=\"vertical-align: inherit;\"><span style=\"vertical-align: inherit;\"> 3-[2-(diethylamino)ethyl]-1H-indol-4-yl acetate fumarate <\/span><\/span><br \/>\n<strong><span style=\"vertical-align: inherit;\"><span style=\"vertical-align: inherit;\">Mole mass:<\/span><\/span><\/strong><span style=\"vertical-align: inherit;\"><span style=\"vertical-align: inherit;\"> 390.4 g\/mol <\/span><\/span><br \/>\n<strong><span style=\"vertical-align: inherit;\"><span style=\"vertical-align: inherit;\">Purity:<\/span><\/span><\/strong><span style=\"vertical-align: inherit;\"><span style=\"vertical-align: inherit;\"> &gt;97%<\/span><\/span><\/p>\n","protected":false},"featured_media":16877,"comment_status":"closed","ping_status":"closed","template":"","meta":[],"product_brand":[23],"product_cat":[169,41],"product_tag":[171,1000,22],"class_list":{"0":"post-342","1":"product","2":"type-product","3":"status-publish","4":"has-post-thumbnail","6":"product_brand-research-chemical","7":"product_cat-4-aco-det","8":"product_cat-tryptamine","9":"product_tag-4-aco-det","10":"product_tag-4-aco-det-fumarate","11":"product_tag-nl","13":"first","14":"instock","15":"shipping-taxable","16":"purchasable","17":"product-type-variable"},"_links":{"self":[{"href":"https:\/\/researchchemicalshop.eu\/sk\/wp-json\/wp\/v2\/product\/342","targetHints":{"allow":["GET"]}}],"collection":[{"href":"https:\/\/researchchemicalshop.eu\/sk\/wp-json\/wp\/v2\/product"}],"about":[{"href":"https:\/\/researchchemicalshop.eu\/sk\/wp-json\/wp\/v2\/types\/product"}],"replies":[{"embeddable":true,"href":"https:\/\/researchchemicalshop.eu\/sk\/wp-json\/wp\/v2\/comments?post=342"}],"version-history":[{"count":1,"href":"https:\/\/researchchemicalshop.eu\/sk\/wp-json\/wp\/v2\/product\/342\/revisions"}],"predecessor-version":[{"id":16720,"href":"https:\/\/researchchemicalshop.eu\/sk\/wp-json\/wp\/v2\/product\/342\/revisions\/16720"}],"wp:featuredmedia":[{"embeddable":true,"href":"https:\/\/researchchemicalshop.eu\/sk\/wp-json\/wp\/v2\/media\/16877"}],"wp:attachment":[{"href":"https:\/\/researchchemicalshop.eu\/sk\/wp-json\/wp\/v2\/media?parent=342"}],"wp:term":[{"taxonomy":"product_brand","embeddable":true,"href":"https:\/\/researchchemicalshop.eu\/sk\/wp-json\/wp\/v2\/product_brand?post=342"},{"taxonomy":"product_cat","embeddable":true,"href":"https:\/\/researchchemicalshop.eu\/sk\/wp-json\/wp\/v2\/product_cat?post=342"},{"taxonomy":"product_tag","embeddable":true,"href":"https:\/\/researchchemicalshop.eu\/sk\/wp-json\/wp\/v2\/product_tag?post=342"}],"curies":[{"name":"wp","href":"https:\/\/api.w.org\/{rel}","templated":true}]}}