{"id":1616,"date":"2026-02-09T11:57:05","date_gmt":"2026-02-09T11:57:05","guid":{"rendered":"https:\/\/researchchemicalshop.eu\/?post_type=product&#038;p=1616"},"modified":"2026-02-28T17:34:09","modified_gmt":"2026-02-28T17:34:09","slug":"fluclotizolam","status":"publish","type":"product","link":"https:\/\/researchchemicalshop.eu\/sk\/produkt\/fluclotizolam\/","title":{"rendered":"Fluclotizolam 1 MG Blotters"},"content":{"rendered":"<h3 data-start=\"4104\" data-end=\"4123\"><strong data-start=\"4108\" data-end=\"4123\">\u00davod<\/strong><\/h3>\n<p data-start=\"4124\" data-end=\"4415\"><span class=\"___SBox_4905a-ko_ ___SText_1ifhk-ko_\" data-ui-name=\"Link.Text\">fluclotizolam<\/span>, Onze <strong data-start=\"4129\" data-end=\"4156\">1 mg onderzoeksblotters<\/strong> zijn zorgvuldig ontwikkeld voor <strong data-start=\"4189\" data-end=\"4233\">vedeck\u00fd a analytick\u00fd v\u00fdskum<\/strong>.<br data-start=\"4234\" data-end=\"4237\" \/>Elke blotter wordt vervaardigd onder <strong data-start=\"4274\" data-end=\"4304\">strikte laboratoriumnormen<\/strong>, wat zorgt voor <strong data-start=\"4321\" data-end=\"4374\">zuiverheid, nauwkeurigheid en reproduceerbaarheid<\/strong> in professionele onderzoeksomgevingen. Fluclotizolam<\/p>\n<p data-start=\"4417\" data-end=\"4592\">Dankzij hun <strong data-start=\"4429\" data-end=\"4470\">stabiele en consistente samenstelling<\/strong> bieden deze blotters betrouwbare prestaties bij <strong data-start=\"4519\" data-end=\"4589\">chemische analyses, kalibratieonderzoek en educatieve toepassingen<\/strong>.<\/p>\n<blockquote data-start=\"4593\" data-end=\"4703\">\n<p data-start=\"4595\" data-end=\"4703\">\u26a0\ufe0f <strong data-start=\"4598\" data-end=\"4703\">Uitsluitend bedoeld voor onderzoeksdoeleinden. Niet geschikt voor menselijke of dierlijke consumptie.<\/strong><\/p>\n<\/blockquote>\n<h3 data-start=\"4710\" data-end=\"4741\"><strong data-start=\"4714\" data-end=\"4741\">K\u013e\u00fa\u010dov\u00e9 vlastnosti<\/strong><\/h3>\n<ul data-start=\"4742\" data-end=\"5225\">\n<li data-start=\"4742\" data-end=\"4827\">\n<p data-start=\"4744\" data-end=\"4827\"><strong data-start=\"4744\" data-end=\"4770\">Vysok\u00e1 \u010distota (\u226599%)<\/strong> \u2013 Onafhankelijk getest in geaccrediteerde laboratoria.<\/p>\n<\/li>\n<li data-start=\"4828\" data-end=\"4921\">\n<p data-start=\"4830\" data-end=\"4921\"><strong data-start=\"4830\" data-end=\"4872\">Precieze Dosering van 1 mg per Blotter<\/strong> \u2013 Voor nauwkeurige en gecontroleerde analyses.<\/p>\n<\/li>\n<li data-start=\"4922\" data-end=\"4998\">\n<p data-start=\"4924\" data-end=\"4998\"><strong data-start=\"4924\" data-end=\"4950\">Stabiele Samenstelling<\/strong> \u2013 Behoudt zijn integriteit bij juiste opslag.<\/p>\n<\/li>\n<li data-start=\"4999\" data-end=\"5066\">\n<p data-start=\"5001\" data-end=\"5066\"><strong data-start=\"5001\" data-end=\"5029\">Gecontroleerde Productie<\/strong> \u2013 Gefabriceerd volgens ISO-normen.<\/p>\n<\/li>\n<li data-start=\"5067\" data-end=\"5146\">\n<p data-start=\"5069\" data-end=\"5146\"><strong data-start=\"5069\" data-end=\"5095\">Lichtdichte Verpakking<\/strong> \u2013 Beschermt tegen degradatie en verontreiniging.<\/p>\n<\/li>\n<li data-start=\"5147\" data-end=\"5225\">\n<p data-start=\"5149\" data-end=\"5225\"><strong data-start=\"5149\" data-end=\"5174\">Alleen voor Onderzoek<\/strong> \u2013 Bedoeld voor professioneel analytisch gebruik.<\/p>\n<\/li>\n<\/ul>\n<h3 data-start=\"5232\" data-end=\"5249\"><strong data-start=\"5236\" data-end=\"5249\">V\u00fdhody<\/strong><\/h3>\n<ul data-start=\"5250\" data-end=\"5707\">\n<li data-start=\"5250\" data-end=\"5340\">\n<p data-start=\"5252\" data-end=\"5340\"><strong data-start=\"5252\" data-end=\"5288\">Betrouwbare Onderzoeksresultaten<\/strong> \u2013 Zorgt voor consistente en reproduceerbare data.<\/p>\n<\/li>\n<li data-start=\"5341\" data-end=\"5442\">\n<p data-start=\"5343\" data-end=\"5442\"><strong data-start=\"5343\" data-end=\"5390\">Geoptimaliseerd voor Analytische Toepassing<\/strong> \u2013 Ideaal voor kalibratie en forensisch onderzoek.<\/p>\n<\/li>\n<li data-start=\"5443\" data-end=\"5518\">\n<p data-start=\"5445\" data-end=\"5518\"><strong data-start=\"5445\" data-end=\"5468\">Stabiel en Duurzaam<\/strong> \u2013 Behoudt chemische stabiliteit tijdens opslag.<\/p>\n<\/li>\n<li data-start=\"5519\" data-end=\"5613\">\n<p data-start=\"5521\" data-end=\"5613\"><strong data-start=\"5521\" data-end=\"5558\">Ethisch en Wettelijk Geproduceerd<\/strong> \u2013 In overeenstemming met internationale richtlijnen. Fluclotizolam<\/p>\n<\/li>\n<li data-start=\"5614\" data-end=\"5707\">\n<p data-start=\"5616\" data-end=\"5707\"><strong data-start=\"5616\" data-end=\"5655\">Wetenschappelijk Geteste Zuiverheid<\/strong> \u2013 Getest op identiteit, potentie en contaminatie.<\/p>\n<\/li>\n<\/ul>\n<h3 data-start=\"5714\" data-end=\"5729\"><strong data-start=\"5718\" data-end=\"5729\">Pou\u017eite<\/strong><\/h3>\n<ol data-start=\"5730\" data-end=\"6137\">\n<li data-start=\"5730\" data-end=\"5814\">\n<p data-start=\"5733\" data-end=\"5814\"><strong data-start=\"5733\" data-end=\"5766\">Alleen voor Onderzoeksgebruik<\/strong> \u2013 Gebruik uitsluitend in erkende laboratoria.<\/p>\n<\/li>\n<li data-start=\"5815\" data-end=\"5882\">\n<p data-start=\"5818\" data-end=\"5882\"><strong data-start=\"5818\" data-end=\"5828\">Opslag<\/strong> \u2013 Bewaar op een <strong data-start=\"5845\" data-end=\"5879\">chladn\u00e9, such\u00e9 a tmav\u00e9 miesto<\/strong>.<\/p>\n<\/li>\n<li data-start=\"5883\" data-end=\"5966\">\n<p data-start=\"5886\" data-end=\"5966\"><strong data-start=\"5886\" data-end=\"5903\">Veilig Werken<\/strong> \u2013 Draag handschoenen en beschermende laboratoriumuitrusting.<\/p>\n<\/li>\n<li data-start=\"5967\" data-end=\"6048\">\n<p data-start=\"5970\" data-end=\"6048\"><strong data-start=\"5970\" data-end=\"5982\">Metingen<\/strong> \u2013 Gebruik gekalibreerde apparatuur voor nauwkeurige resultaten.<\/p>\n<\/li>\n<li data-start=\"6049\" data-end=\"6137\">\n<p data-start=\"6052\" data-end=\"6137\"><strong data-start=\"6052\" data-end=\"6079\">Veiligheidswaarschuwing<\/strong> \u2013 Niet bedoeld voor menselijke of dierlijke consumptie.<\/p>\n<\/li>\n<\/ol>\n<h3 data-start=\"6144\" data-end=\"6171\"><strong data-start=\"6148\" data-end=\"6171\">Veelgestelde Vragen<\/strong><\/h3>\n<p data-start=\"6173\" data-end=\"6340\"><strong data-start=\"6173\" data-end=\"6229\">1. Waarvoor worden 1 mg onderzoeksblotters gebruikt?<\/strong><br data-start=\"6229\" data-end=\"6232\" \/>Ze zijn bedoeld voor <strong data-start=\"6253\" data-end=\"6297\">vedeck\u00fd a analytick\u00fd v\u00fdskum<\/strong>, zoals chemische analyses en kalibratie.<\/p>\n<p data-start=\"6342\" data-end=\"6505\"><strong data-start=\"6342\" data-end=\"6410\">2. Kunnen deze blotters buiten een laboratorium worden gebruikt?<\/strong><br data-start=\"6410\" data-end=\"6413\" \/>Nee. Deze producten zijn <strong data-start=\"6438\" data-end=\"6502\">uitsluitend bedoeld voor professioneel laboratoriumonderzoek<\/strong>.<\/p>\n<p data-start=\"6507\" data-end=\"6645\"><strong data-start=\"6507\" data-end=\"6552\">3. Hoe moeten de blotters worden bewaard?<\/strong><br data-start=\"6552\" data-end=\"6555\" \/>Ukladajte ich do <strong data-start=\"6572\" data-end=\"6608\">koele, droge en donkere omgeving<\/strong> v <strong data-start=\"6616\" data-end=\"6642\">lichtdichte verpakking<\/strong>.<\/p>\n<h3 data-start=\"6652\" data-end=\"6670\"><strong data-start=\"6656\" data-end=\"6670\">Zrieknutie sa zodpovednosti<\/strong><\/h3>\n<p data-start=\"6671\" data-end=\"6899\">Tento v\u00fdrobok je <strong data-start=\"6686\" data-end=\"6735\">ur\u010den\u00e9 len na v\u00fdskumn\u00e9 \u00fa\u010dely<\/strong>. <strong data-start=\"6737\" data-end=\"6795\">Nie je vhodn\u00fd na \u013eudsk\u00fa ani \u017eivo\u010d\u00ed\u0161nu spotrebu.<\/strong><br data-start=\"6795\" data-end=\"6798\" \/>Door aankoop bevestigt u dat u voldoet aan alle toepasselijke veiligheids- en wettelijke vereisten.<\/p>\n<p class=\"ds-markdown-paragraph\"><a href=\"https:\/\/researchchemicalshop.eu\/sk\/obchod\/iboga-ibogaine\/iboga-root-bark\/\"><span dir=\"auto\" style=\"vertical-align: inherit;\"><span dir=\"auto\" style=\"vertical-align: inherit;\">iboga root bark<\/span><\/span><\/a><a href=\"https:\/\/researchchemicalshop.eu\/sk\/obchod\/iboga-ibogaine\/buy-ibogaine-hcl-online\/\"><span dir=\"auto\" style=\"vertical-align: inherit;\"><span dir=\"auto\" style=\"vertical-align: inherit;\">\u200b buy ibogaine hcl online<\/span><\/span><\/a><a href=\"https:\/\/researchchemicalshop.eu\/sk\/obchod\/pellets-for-pellet\/o-dsmt-50mg-pellets\/\"><span dir=\"auto\" style=\"vertical-align: inherit;\"><span dir=\"auto\" style=\"vertical-align: inherit;\">\u200b o-dsmt <\/span><\/span><\/a><a href=\"https:\/\/researchchemicalshop.eu\/sk\/obchod\/lyzergamidy\/1vlsd\/\"><span dir=\"auto\" style=\"vertical-align: inherit;\"><span dir=\"auto\" style=\"vertical-align: inherit;\">1vlsd<\/span><\/span><\/a><a href=\"https:\/\/researchchemicalshop.eu\/sk\/obchod\/lyzergamidy\/1cp-lsd\/\"><span dir=\"auto\" style=\"vertical-align: inherit;\"><span dir=\"auto\" style=\"vertical-align: inherit;\">\u200b 1cp lsd<\/span><\/span><\/a><\/p>","protected":false},"excerpt":{"rendered":"<p>Introductie fluclotizolam, Onze 1 mg onderzoeksblotters zijn zorgvuldig ontwikkeld voor wetenschappelijk en analytisch onderzoek.Elke blotter wordt vervaardigd onder strikte laboratoriumnormen,<\/p>","protected":false},"featured_media":16996,"comment_status":"closed","ping_status":"closed","template":"","meta":[],"product_brand":[23],"product_cat":[74,779],"product_tag":[780,781,782,783,925,784,22],"class_list":{"0":"post-1616","1":"product","2":"type-product","3":"status-publish","4":"has-post-thumbnail","6":"product_brand-research-chemical","7":"product_cat-benzodiazepinen","8":"product_cat-fluclotizolam","9":"product_tag-buy-fluclotizolam","10":"product_tag-fluclotizolam","11":"product_tag-fluclotizolam-buy","12":"product_tag-fluclotizolam-half-life","13":"product_tag-fluclotizolam-kopen","14":"product_tag-fluclotizolam-solution","15":"product_tag-nl","17":"first","18":"instock","19":"shipping-taxable","20":"purchasable","21":"product-type-variable"},"_links":{"self":[{"href":"https:\/\/researchchemicalshop.eu\/sk\/wp-json\/wp\/v2\/product\/1616","targetHints":{"allow":["GET"]}}],"collection":[{"href":"https:\/\/researchchemicalshop.eu\/sk\/wp-json\/wp\/v2\/product"}],"about":[{"href":"https:\/\/researchchemicalshop.eu\/sk\/wp-json\/wp\/v2\/types\/product"}],"replies":[{"embeddable":true,"href":"https:\/\/researchchemicalshop.eu\/sk\/wp-json\/wp\/v2\/comments?post=1616"}],"version-history":[{"count":3,"href":"https:\/\/researchchemicalshop.eu\/sk\/wp-json\/wp\/v2\/product\/1616\/revisions"}],"predecessor-version":[{"id":16431,"href":"https:\/\/researchchemicalshop.eu\/sk\/wp-json\/wp\/v2\/product\/1616\/revisions\/16431"}],"wp:featuredmedia":[{"embeddable":true,"href":"https:\/\/researchchemicalshop.eu\/sk\/wp-json\/wp\/v2\/media\/16996"}],"wp:attachment":[{"href":"https:\/\/researchchemicalshop.eu\/sk\/wp-json\/wp\/v2\/media?parent=1616"}],"wp:term":[{"taxonomy":"product_brand","embeddable":true,"href":"https:\/\/researchchemicalshop.eu\/sk\/wp-json\/wp\/v2\/product_brand?post=1616"},{"taxonomy":"product_cat","embeddable":true,"href":"https:\/\/researchchemicalshop.eu\/sk\/wp-json\/wp\/v2\/product_cat?post=1616"},{"taxonomy":"product_tag","embeddable":true,"href":"https:\/\/researchchemicalshop.eu\/sk\/wp-json\/wp\/v2\/product_tag?post=1616"}],"curies":[{"name":"wp","href":"https:\/\/api.w.org\/{rel}","templated":true}]}}