{"id":1303,"date":"2026-02-09T11:56:21","date_gmt":"2026-02-09T11:56:21","guid":{"rendered":"https:\/\/researchchemicalshop.eu\/?post_type=product&#038;p=1303"},"modified":"2026-02-13T11:14:06","modified_gmt":"2026-02-13T11:14:06","slug":"maxtc-5-mapb-4-fma-5-meo-mipt","status":"publish","type":"product","link":"https:\/\/researchchemicalshop.eu\/sk\/produkt\/maxtc-5-mapb-4-fma-5-meo-mipt\/","title":{"rendered":"MaXTC 5-MAPB\/4-FMA\/5-MeO-MiPT"},"content":{"rendered":"<h3 data-start=\"4388\" data-end=\"4409\"><strong data-start=\"4392\" data-end=\"4407\">\u00davod<\/strong><\/h3>\n<p data-start=\"4410\" data-end=\"4641\"><strong data-start=\"4410\" data-end=\"4449\">MaXTC (5-MAPB \/ 4-FMA \/ 5-MeO-MiPT)<\/strong> je <strong data-start=\"4457\" data-end=\"4488\">analytick\u00e1 v\u00fdskumn\u00e1 zmes<\/strong> ktor\u00fd kombinuje tri zn\u00e1me zl\u00fa\u010deniny - <strong data-start=\"4532\" data-end=\"4542\">5-MAPB<\/strong>, <strong data-start=\"4544\" data-end=\"4553\">4-FMA<\/strong> a <strong data-start=\"4557\" data-end=\"4571\">5-MeO-MiPT<\/strong> - pre <strong data-start=\"4579\" data-end=\"4638\">chromatografick\u00fd, forenzn\u00fd a neurochemick\u00fd v\u00fdskum<\/strong>. maxtc<\/p>\n<p data-start=\"4643\" data-end=\"4898\">T\u00e1to jedine\u010dn\u00e1 kombin\u00e1cia umo\u017e\u0148uje <strong data-start=\"4688\" data-end=\"4769\">chemick\u00e9 interakcie medzi anal\u00f3gmi benzofur\u00e1nu, amfetam\u00ednu a tryptam\u00ednu<\/strong> \u0161t\u00fadia, ktor\u00e1 pon\u00faka cenn\u00e9 poznatky o <strong data-start=\"4820\" data-end=\"4862\">vz\u0165ahy medzi \u0161trukt\u00farou a aktivitou (SAR)<\/strong> a <strong data-start=\"4866\" data-end=\"4895\">spektroskopick\u00e9 anal\u00fdzy<\/strong>.<\/p>\n<p data-start=\"4900\" data-end=\"5167\">Ka\u017ed\u00e1 d\u00e1vka MaXTC sa vyr\u00e1ba pod <strong data-start=\"4946\" data-end=\"4979\">pr\u00edsne laborat\u00f3rne podmienky<\/strong> a testovan\u00e9 na <strong data-start=\"4997\" data-end=\"5021\">\u010distota \u2265 98%<\/strong> cez <strong data-start=\"5026\" data-end=\"5043\">HPLC a GC\/MS<\/strong>. V\u00fdrobok sa dod\u00e1va ako <strong data-start=\"5080\" data-end=\"5107\">jemn\u00fd kry\u0161talick\u00fd pr\u00e1\u0161ok<\/strong> v <strong data-start=\"5115\" data-end=\"5164\">laborat\u00f3rne vrecko odoln\u00e9 vo\u010di vlhkosti<\/strong>.<\/p>\n<blockquote data-start=\"5169\" data-end=\"5309\">\n<p data-start=\"5171\" data-end=\"5309\">\u26a0\ufe0f <strong data-start=\"5174\" data-end=\"5185\">Pozn\u00e1mka:<\/strong> MaXTC je ur\u010den\u00fd v\u00fdlu\u010dne pre <strong data-start=\"5220\" data-end=\"5255\">v\u00fdskumn\u00e9 a analytick\u00e9 vyu\u017eitie<\/strong> \u2014 <strong data-start=\"5258\" data-end=\"5306\">nie s\u00fa ur\u010den\u00e9 na \u013eudsk\u00fa ani \u017eivo\u010d\u00ed\u0161nu spotrebu<\/strong>.<\/p>\n<\/blockquote>\n<hr data-start=\"5311\" data-end=\"5314\" \/>\n<h3 data-start=\"5316\" data-end=\"5347\"><strong data-start=\"5320\" data-end=\"5347\">K\u013e\u00fa\u010dov\u00e9 vlastnosti<\/strong><\/h3>\n<div class=\"_tableContainer_1rjym_1\">\n<div class=\"group _tableWrapper_1rjym_13 flex w-fit flex-col-reverse\" tabindex=\"-1\">\n<table class=\"w-fit min-w-(--thread-content-width)\" data-start=\"5349\" data-end=\"5865\">\n<thead data-start=\"5349\" data-end=\"5375\">\n<tr data-start=\"5349\" data-end=\"5375\">\n<th data-start=\"5349\" data-end=\"5359\" data-col-size=\"sm\">Funkcia<\/th>\n<th data-start=\"5359\" data-end=\"5375\" data-col-size=\"md\">Popis<\/th>\n<\/tr>\n<\/thead>\n<tbody data-start=\"5404\" data-end=\"5865\">\n<tr data-start=\"5404\" data-end=\"5461\">\n<td data-start=\"5404\" data-end=\"5422\" data-col-size=\"sm\"><strong data-start=\"5406\" data-end=\"5421\">N\u00e1zov produktu<\/strong><\/td>\n<td data-start=\"5422\" data-end=\"5461\" data-col-size=\"md\">MaXTC (5-MAPB \/ 4-FMA \/ 5-MeO-MiPT)<\/td>\n<\/tr>\n<tr data-start=\"5462\" data-end=\"5511\">\n<td data-start=\"5462\" data-end=\"5482\" data-col-size=\"sm\"><strong data-start=\"5464\" data-end=\"5481\">Zlo\u017eenie<\/strong><\/td>\n<td data-start=\"5482\" data-end=\"5511\" data-col-size=\"md\">5-MAPB, 4-FMA, 5-MeO-MiPT<\/td>\n<\/tr>\n<tr data-start=\"5512\" data-end=\"5585\">\n<td data-start=\"5512\" data-end=\"5535\" data-col-size=\"sm\"><strong data-start=\"5514\" data-end=\"5534\">Chemick\u00e1 trieda<\/strong><\/td>\n<td data-start=\"5535\" data-end=\"5585\" data-col-size=\"md\">Anal\u00f3gy benzofur\u00e1nu \/ amfetam\u00ednu \/ tryptam\u00ednu<\/td>\n<\/tr>\n<tr data-start=\"5586\" data-end=\"5624\">\n<td data-start=\"5586\" data-end=\"5597\" data-col-size=\"sm\"><strong data-start=\"5588\" data-end=\"5596\">Formul\u00e1r<\/strong><\/td>\n<td data-start=\"5597\" data-end=\"5624\" data-col-size=\"md\">Jemn\u00fd kry\u0161talick\u00fd pr\u00e1\u0161ok<\/td>\n<\/tr>\n<tr data-start=\"5625\" data-end=\"5678\">\n<td data-start=\"5625\" data-end=\"5642\" data-col-size=\"sm\"><strong data-start=\"5627\" data-end=\"5641\">\u010cistota<\/strong><\/td>\n<td data-start=\"5642\" data-end=\"5678\" data-col-size=\"md\">\u2265 98% (testovan\u00e9 pomocou HPLC a GC\/MS)<\/td>\n<\/tr>\n<tr data-start=\"5679\" data-end=\"5717\">\n<td data-start=\"5679\" data-end=\"5697\" data-col-size=\"sm\"><strong data-start=\"5681\" data-end=\"5696\">Mno\u017estvo<\/strong><\/td>\n<td data-start=\"5697\" data-end=\"5717\" data-col-size=\"md\">1 gram na vrec\u00fa\u0161ko<\/td>\n<\/tr>\n<tr data-start=\"5718\" data-end=\"5797\">\n<td data-start=\"5718\" data-end=\"5732\" data-col-size=\"sm\"><strong data-start=\"5720\" data-end=\"5731\">Pou\u017eite<\/strong><\/td>\n<td data-start=\"5732\" data-end=\"5797\" data-col-size=\"md\">Len na analytick\u00fd, forenzn\u00fd a neurochemick\u00fd v\u00fdskum<\/td>\n<\/tr>\n<tr data-start=\"5798\" data-end=\"5865\">\n<td data-start=\"5798\" data-end=\"5815\" data-col-size=\"sm\"><strong data-start=\"5800\" data-end=\"5814\">Balenie<\/strong><\/td>\n<td data-start=\"5815\" data-end=\"5865\" data-col-size=\"md\">Uzatv\u00e1rate\u013en\u00e9 laborat\u00f3rne vrecko odoln\u00e9 vo\u010di vlhkosti<\/td>\n<\/tr>\n<\/tbody>\n<\/table>\n<\/div>\n<\/div>\n<hr data-start=\"5867\" data-end=\"5870\" \/>\n<h3 data-start=\"5872\" data-end=\"5889\"><strong data-start=\"5876\" data-end=\"5889\">V\u00fdhody<\/strong><\/h3>\n<ul data-start=\"5891\" data-end=\"6333\">\n<li data-start=\"5891\" data-end=\"5993\">\n<p data-start=\"5893\" data-end=\"5993\"><strong data-start=\"5893\" data-end=\"5926\">Triple Research Formula<\/strong> - Kombinuje tri chemick\u00e9 triedy na porovn\u00e1vacie testovanie.<\/p>\n<\/li>\n<li data-start=\"5994\" data-end=\"6063\">\n<p data-start=\"5996\" data-end=\"6063\"><strong data-start=\"5996\" data-end=\"6015\">Vysok\u00e1 \u010distota<\/strong> - Ka\u017ed\u00e1 zlo\u017eka \u2265 98% laborat\u00f3rnej triedy.<\/p>\n<\/li>\n<li data-start=\"6064\" data-end=\"6147\">\n<p data-start=\"6066\" data-end=\"6147\"><strong data-start=\"6066\" data-end=\"6096\">\u0160irok\u00fd v\u00fdskumn\u00fd chodn\u00edk<\/strong> - Vhodn\u00e9 pre GC\/MS, LC-MS, FTIR, NMR a HPLC.<\/p>\n<\/li>\n<li data-start=\"6148\" data-end=\"6246\">\n<p data-start=\"6150\" data-end=\"6246\"><strong data-start=\"6150\" data-end=\"6176\">Stabiln\u00e9 a spo\u013eahliv\u00e9<\/strong> - Balen\u00e9 v materi\u00e1li odolnom vo\u010di vlhkosti pre dlh\u00fa trvanlivos\u0165.<\/p>\n<\/li>\n<li data-start=\"6247\" data-end=\"6333\">\n<p data-start=\"6249\" data-end=\"6333\"><strong data-start=\"6249\" data-end=\"6274\">Sledovate\u013en\u00e1 v\u00fdroba<\/strong> - Ka\u017ed\u00e1 \u0161ar\u017ea sa testuje a dod\u00e1va sa s certifik\u00e1tmi anal\u00fdzy.<\/p>\n<\/li>\n<\/ul>\n<hr data-start=\"6335\" data-end=\"6338\" \/>\n<h3 data-start=\"6340\" data-end=\"6392\"><strong data-start=\"6344\" data-end=\"6390\">Pou\u017eitie (len na v\u00fdskumn\u00e9 \u00fa\u010dely)<\/strong><\/h3>\n<ol data-start=\"6394\" data-end=\"6747\">\n<li data-start=\"6394\" data-end=\"6463\">\n<p data-start=\"6397\" data-end=\"6463\"><strong data-start=\"6397\" data-end=\"6412\">Manipul\u00e1cia:<\/strong> Pou\u017e\u00edvajte rukavice, ochrann\u00e9 okuliare a laborat\u00f3rny pl\u00e1\u0161\u0165.<\/p>\n<\/li>\n<li data-start=\"6464\" data-end=\"6527\">\n<p data-start=\"6467\" data-end=\"6527\"><strong data-start=\"6467\" data-end=\"6480\">Rozmery:<\/strong> Pou\u017e\u00edvajte presn\u00e9 laborat\u00f3rne v\u00e1hy.<\/p>\n<\/li>\n<li data-start=\"6528\" data-end=\"6582\">\n<p data-start=\"6531\" data-end=\"6582\"><strong data-start=\"6531\" data-end=\"6542\">Skladovanie:<\/strong> Skladujte v chlade (2-8 \u00b0C), v suchu a tme.<\/p>\n<\/li>\n<li data-start=\"6583\" data-end=\"6671\">\n<p data-start=\"6586\" data-end=\"6671\"><strong data-start=\"6586\" data-end=\"6598\">Anal\u00fdza:<\/strong> Vhodn\u00e9 na chromatografiu, spektroskopiu a porovn\u00e1vacie \u0161t\u00fadie.<\/p>\n<\/li>\n<li data-start=\"6672\" data-end=\"6747\">\n<p data-start=\"6675\" data-end=\"6747\"><strong data-start=\"6675\" data-end=\"6692\">Dokument\u00e1cia:<\/strong> Zaznamen\u00e1vajte \u010d\u00edsla \u0161ar\u017e\u00ed a v\u00fdsledky testov zhody.<\/p>\n<\/li>\n<\/ol>\n<hr data-start=\"6749\" data-end=\"6752\" \/>\n<h3 data-start=\"6754\" data-end=\"6789\"><strong data-start=\"6758\" data-end=\"6787\">\u010casto kladen\u00e9 ot\u00e1zky (FAQ)<\/strong><\/h3>\n<p data-start=\"6791\" data-end=\"6964\"><strong data-start=\"6791\" data-end=\"6841\">1. \u010co je MaXTC (5-MAPB \/ 4-FMA \/ 5-MeO-MiPT)?<\/strong><br data-start=\"6841\" data-end=\"6844\" \/><strong data-start=\"6844\" data-end=\"6853\">MaXTC<\/strong> je <strong data-start=\"6861\" data-end=\"6880\">v\u00fdskumn\u00e1 zmes<\/strong> ktor\u00e1 kombinuje tri chemick\u00e9 triedy pre pokro\u010dil\u00e9 analytick\u00e9 aplik\u00e1cie.<\/p>\n<p data-start=\"6966\" data-end=\"7070\"><strong data-start=\"6966\" data-end=\"6993\">2. Ak\u00fd \u010dist\u00fd je MaXTC?<\/strong><br data-start=\"6993\" data-end=\"6996\" \/>Ka\u017ed\u00e1 d\u00e1vka bola testovan\u00e1 a obsahuje <strong data-start=\"7026\" data-end=\"7046\">\u2265 98% \u010distota<\/strong> v\u0161etk\u00fdch komponentov.<\/p>\n<p data-start=\"7072\" data-end=\"7284\"><strong data-start=\"7072\" data-end=\"7111\">3. Je leg\u00e1lne kupova\u0165 MaXTC?<\/strong><br data-start=\"7111\" data-end=\"7114\" \/>Str\u00e1nka <strong data-start=\"7117\" data-end=\"7141\">z\u00e1konnos\u0165 MaXTC<\/strong> sa v jednotliv\u00fdch krajin\u00e1ch l\u00ed\u0161i v z\u00e1vislosti od stavu jednotliv\u00fdch l\u00e1tok. Predt\u00fdm, ako za\u010dnete pracova\u0165, si v\u017edy overte miestnu legislat\u00edvu <strong data-start=\"7266\" data-end=\"7281\">MaXTC nakupuje<\/strong>.<\/p>","protected":false},"excerpt":{"rendered":"<p>Introductie MaXTC (5-MAPB \/ 4-FMA \/ 5-MeO-MiPT) is een analytische onderzoeksblend die drie bekende verbindingen combineert \u2014 5-MAPB, 4-FMA en<\/p>","protected":false},"featured_media":1078,"comment_status":"closed","ping_status":"closed","template":"","meta":[],"product_brand":[],"product_cat":[89,287,136,593,173,174,25,17,32,594,595,71,41],"product_tag":[349,948,22],"class_list":{"0":"post-1303","1":"product","2":"type-product","3":"status-publish","4":"has-post-thumbnail","6":"product_cat-4-fma","7":"product_cat-4-fma-pellets","8":"product_cat-5-mapb","9":"product_cat-5-mapb-pellets","10":"product_cat-5-meo-mipt","11":"product_cat-5-meo-mipt-pellets","12":"product_cat-benzofuran","13":"product_cat-bijna-verboden","14":"product_cat-gefluoreerden","15":"product_cat-maxtc","16":"product_cat-maxtc-pellets","17":"product_cat-pellets","18":"product_cat-tryptamine","19":"product_tag-maxtc","20":"product_tag-maxtc-5-mapb-4-fma-5-meo-mipt","21":"product_tag-nl","23":"first","24":"instock","25":"shipping-taxable","26":"purchasable","27":"product-type-variable"},"_links":{"self":[{"href":"https:\/\/researchchemicalshop.eu\/sk\/wp-json\/wp\/v2\/product\/1303","targetHints":{"allow":["GET"]}}],"collection":[{"href":"https:\/\/researchchemicalshop.eu\/sk\/wp-json\/wp\/v2\/product"}],"about":[{"href":"https:\/\/researchchemicalshop.eu\/sk\/wp-json\/wp\/v2\/types\/product"}],"replies":[{"embeddable":true,"href":"https:\/\/researchchemicalshop.eu\/sk\/wp-json\/wp\/v2\/comments?post=1303"}],"version-history":[{"count":1,"href":"https:\/\/researchchemicalshop.eu\/sk\/wp-json\/wp\/v2\/product\/1303\/revisions"}],"predecessor-version":[{"id":16526,"href":"https:\/\/researchchemicalshop.eu\/sk\/wp-json\/wp\/v2\/product\/1303\/revisions\/16526"}],"wp:featuredmedia":[{"embeddable":true,"href":"https:\/\/researchchemicalshop.eu\/sk\/wp-json\/wp\/v2\/media\/1078"}],"wp:attachment":[{"href":"https:\/\/researchchemicalshop.eu\/sk\/wp-json\/wp\/v2\/media?parent=1303"}],"wp:term":[{"taxonomy":"product_brand","embeddable":true,"href":"https:\/\/researchchemicalshop.eu\/sk\/wp-json\/wp\/v2\/product_brand?post=1303"},{"taxonomy":"product_cat","embeddable":true,"href":"https:\/\/researchchemicalshop.eu\/sk\/wp-json\/wp\/v2\/product_cat?post=1303"},{"taxonomy":"product_tag","embeddable":true,"href":"https:\/\/researchchemicalshop.eu\/sk\/wp-json\/wp\/v2\/product_tag?post=1303"}],"curies":[{"name":"wp","href":"https:\/\/api.w.org\/{rel}","templated":true}]}}