{"id":1275,"date":"2026-02-09T11:56:13","date_gmt":"2026-02-09T11:56:13","guid":{"rendered":"https:\/\/researchchemicalshop.eu\/?post_type=product&#038;p=1275"},"modified":"2026-02-13T11:18:14","modified_gmt":"2026-02-13T11:18:14","slug":"4-fluor-2","status":"publish","type":"product","link":"https:\/\/researchchemicalshop.eu\/sk\/produkt\/4-fluor-2\/","title":{"rendered":"RC+ 4-Fluor 120mg Blister"},"content":{"rendered":"<h3 data-start=\"4031\" data-end=\"4052\"><strong data-start=\"4035\" data-end=\"4050\">\u00davod<\/strong><\/h3>\n<p data-start=\"4053\" data-end=\"4448\"><strong data-start=\"4053\" data-end=\"4082\">RC+ 4-Fluor 120mg Blister<\/strong> obsahuje <strong data-start=\"4089\" data-end=\"4144\">120 milligram hoogzuivere 4-FMA (4-Fluoramfetamine)<\/strong> \u2014 een <strong data-start=\"4151\" data-end=\"4188\">fluorvervangen amfetamine-analoog<\/strong> uit de <strong data-start=\"4196\" data-end=\"4219\">trieda fenetylam\u00ednu<\/strong>. fluor 4<br data-start=\"4220\" data-end=\"4223\" \/>Het wordt gebruikt in <strong data-start=\"4245\" data-end=\"4283\">forensisch en analytisch onderzoek<\/strong> om <strong data-start=\"4287\" data-end=\"4319\">monoamine-transporterbinding<\/strong>, <strong data-start=\"4321\" data-end=\"4363\">vz\u0165ahy medzi \u0161trukt\u00farou a aktivitou (SAR)<\/strong> a <strong data-start=\"4367\" data-end=\"4402\">chromatografick\u00e9 vlastnosti<\/strong> van gefluoreerde amfetaminen te bestuderen.<\/p>\n<p data-start=\"4450\" data-end=\"4654\">Ka\u017ed\u00e1 peleta obsahuje <strong data-start=\"4468\" data-end=\"4482\">120mg \u00b12mg<\/strong> s <strong data-start=\"4491\" data-end=\"4515\">\u010distota \u2265 98%<\/strong>, getest via <strong data-start=\"4528\" data-end=\"4543\">HPLC en NMR<\/strong>.<br data-start=\"4544\" data-end=\"4547\" \/>De pellets worden geleverd in <strong data-start=\"4577\" data-end=\"4609\">verzegelde blisterverpakking<\/strong> om stabiliteit en kwaliteit te waarborgen.<\/p>\n<blockquote data-start=\"4656\" data-end=\"4802\">\n<p data-start=\"4658\" data-end=\"4802\">\u26a0\ufe0f <strong data-start=\"4661\" data-end=\"4672\">Pozn\u00e1mka:<\/strong> Tento v\u00fdrobok je ur\u010den\u00fd v\u00fdlu\u010dne pre <strong data-start=\"4713\" data-end=\"4748\">v\u00fdskumn\u00e9 a analytick\u00e9 vyu\u017eitie<\/strong> \u2014 <strong data-start=\"4751\" data-end=\"4799\">nie s\u00fa ur\u010den\u00e9 na \u013eudsk\u00fa ani \u017eivo\u010d\u00ed\u0161nu spotrebu<\/strong>.<\/p>\n<\/blockquote>\n<hr data-start=\"4804\" data-end=\"4807\" \/>\n<h3 data-start=\"4809\" data-end=\"4840\"><strong data-start=\"4813\" data-end=\"4840\">K\u013e\u00fa\u010dov\u00e9 vlastnosti<\/strong><\/h3>\n<div class=\"_tableContainer_1rjym_1\">\n<div class=\"group _tableWrapper_1rjym_13 flex w-fit flex-col-reverse\" tabindex=\"-1\">\n<table class=\"w-fit min-w-(--thread-content-width)\" data-start=\"4842\" data-end=\"5470\">\n<thead data-start=\"4842\" data-end=\"4868\">\n<tr data-start=\"4842\" data-end=\"4868\">\n<th data-start=\"4842\" data-end=\"4852\" data-col-size=\"sm\">Funkcia<\/th>\n<th data-start=\"4852\" data-end=\"4868\" data-col-size=\"md\">Popis<\/th>\n<\/tr>\n<\/thead>\n<tbody data-start=\"4897\" data-end=\"5470\">\n<tr data-start=\"4897\" data-end=\"4953\">\n<td data-start=\"4897\" data-end=\"4918\" data-col-size=\"sm\"><strong data-start=\"4899\" data-end=\"4917\">Chemick\u00fd n\u00e1zov<\/strong><\/td>\n<td data-start=\"4918\" data-end=\"4953\" data-col-size=\"md\">4-Fluoramfetamine Hydrochloride<\/td>\n<\/tr>\n<tr data-start=\"4954\" data-end=\"4998\">\n<td data-start=\"4954\" data-end=\"4979\" data-col-size=\"sm\"><strong data-start=\"4956\" data-end=\"4978\">Spolo\u010dn\u00fd n\u00e1zov<\/strong><\/td>\n<td data-start=\"4979\" data-end=\"4998\" data-col-size=\"md\">4-FMA \/ 4-Fluor<\/td>\n<\/tr>\n<tr data-start=\"4999\" data-end=\"5039\">\n<td data-start=\"4999\" data-end=\"5023\" data-col-size=\"sm\"><strong data-start=\"5001\" data-end=\"5022\">Chemick\u00fd vzorec<\/strong><\/td>\n<td data-start=\"5023\" data-end=\"5039\" data-col-size=\"md\">C\u2081\u2080H\u2081\u2084FN\u00b7HCl<\/td>\n<\/tr>\n<tr data-start=\"5040\" data-end=\"5078\">\n<td data-start=\"5040\" data-end=\"5062\" data-col-size=\"sm\"><strong data-start=\"5042\" data-end=\"5061\">Molekulov\u00e1 hmotnos\u0165<\/strong><\/td>\n<td data-start=\"5062\" data-end=\"5078\" data-col-size=\"md\">203,68 g\/mol<\/td>\n<\/tr>\n<tr data-start=\"5079\" data-end=\"5114\">\n<td data-start=\"5079\" data-end=\"5094\" data-col-size=\"sm\"><strong data-start=\"5081\" data-end=\"5093\">D\u00e1vkovanie<\/strong><\/td>\n<td data-start=\"5094\" data-end=\"5114\" data-col-size=\"md\">120mg per pellet<\/td>\n<\/tr>\n<tr data-start=\"5115\" data-end=\"5162\">\n<td data-start=\"5115\" data-end=\"5126\" data-col-size=\"sm\"><strong data-start=\"5117\" data-end=\"5125\">Formul\u00e1r<\/strong><\/td>\n<td data-start=\"5126\" data-end=\"5162\" data-col-size=\"md\">Pevn\u00e9 pelety (blistrov\u00e9 balenie)<\/td>\n<\/tr>\n<tr data-start=\"5163\" data-end=\"5214\">\n<td data-start=\"5163\" data-end=\"5180\" data-col-size=\"sm\"><strong data-start=\"5165\" data-end=\"5179\">\u010cistota<\/strong><\/td>\n<td data-start=\"5180\" data-end=\"5214\" data-col-size=\"md\">\u2265 98% (testovan\u00e9 pomocou HPLC a NMR)<\/td>\n<\/tr>\n<tr data-start=\"5215\" data-end=\"5281\">\n<td data-start=\"5215\" data-end=\"5238\" data-col-size=\"sm\"><strong data-start=\"5217\" data-end=\"5237\">Chemick\u00e1 trieda<\/strong><\/td>\n<td data-start=\"5238\" data-end=\"5281\" data-col-size=\"md\">Fluoramfetamine \/ Fenethylamine-analoog<\/td>\n<\/tr>\n<tr data-start=\"5282\" data-end=\"5361\">\n<td data-start=\"5282\" data-end=\"5296\" data-col-size=\"sm\"><strong data-start=\"5284\" data-end=\"5295\">Pou\u017eite<\/strong><\/td>\n<td data-start=\"5296\" data-end=\"5361\" data-col-size=\"md\">Len na analytick\u00fd, forenzn\u00fd a neurochemick\u00fd v\u00fdskum<\/td>\n<\/tr>\n<tr data-start=\"5362\" data-end=\"5411\">\n<td data-start=\"5362\" data-end=\"5379\" data-col-size=\"sm\"><strong data-start=\"5364\" data-end=\"5378\">Balenie<\/strong><\/td>\n<td data-start=\"5379\" data-end=\"5411\" data-col-size=\"md\">Blisterstrip met verzegeling<\/td>\n<\/tr>\n<tr data-start=\"5412\" data-end=\"5470\">\n<td data-start=\"5412\" data-end=\"5430\" data-col-size=\"sm\"><strong data-start=\"5414\" data-end=\"5429\">Mno\u017estvo<\/strong><\/td>\n<td data-start=\"5430\" data-end=\"5470\" data-col-size=\"md\">1 blister met meerdere 120mg pellets<\/td>\n<\/tr>\n<\/tbody>\n<\/table>\n<\/div>\n<\/div>\n<hr data-start=\"5472\" data-end=\"5475\" \/>\n<h3 data-start=\"5477\" data-end=\"5494\"><strong data-start=\"5481\" data-end=\"5494\">V\u00fdhody<\/strong><\/h3>\n<ul data-start=\"5496\" data-end=\"5896\">\n<li data-start=\"5496\" data-end=\"5578\">\n<p data-start=\"5498\" data-end=\"5578\"><strong data-start=\"5498\" data-end=\"5517\">Vysok\u00e1 \u010distota<\/strong> - \u2265 98% laborat\u00f3rna trieda pre konzistentn\u00e9 v\u00fdsledky.<\/p>\n<\/li>\n<li data-start=\"5579\" data-end=\"5632\">\n<p data-start=\"5581\" data-end=\"5632\"><strong data-start=\"5581\" data-end=\"5605\">Nauwkeurig Gedoseerd<\/strong> \u2013 120mg \u00b12mg per pellet.<\/p>\n<\/li>\n<li data-start=\"5633\" data-end=\"5725\">\n<p data-start=\"5635\" data-end=\"5725\"><strong data-start=\"5635\" data-end=\"5660\">Ochrann\u00e9 obaly<\/strong> \u2013 Blisterverpakking voorkomt blootstelling aan licht en vocht.<\/p>\n<\/li>\n<li data-start=\"5726\" data-end=\"5817\">\n<p data-start=\"5728\" data-end=\"5817\"><strong data-start=\"5728\" data-end=\"5753\">Betrouwbare Productie<\/strong> \u2013 Gecontroleerde laboratoriumomgeving met kwaliteitscontrole.<\/p>\n<\/li>\n<li data-start=\"5818\" data-end=\"5896\">\n<p data-start=\"5820\" data-end=\"5896\"><strong data-start=\"5820\" data-end=\"5850\">\u0160irok\u00fd v\u00fdskumn\u00fd chodn\u00edk<\/strong> \u2013 Geschikt voor GC\/MS, LC-MS, FTIR en HPLC.<\/p>\n<\/li>\n<\/ul>\n<hr data-start=\"5898\" data-end=\"5901\" \/>\n<h3 data-start=\"5903\" data-end=\"5955\"><strong data-start=\"5907\" data-end=\"5953\">Pou\u017eitie (len na v\u00fdskumn\u00e9 \u00fa\u010dely)<\/strong><\/h3>\n<ol data-start=\"5957\" data-end=\"6302\">\n<li data-start=\"5957\" data-end=\"6026\">\n<p data-start=\"5960\" data-end=\"6026\"><strong data-start=\"5960\" data-end=\"5975\">Manipul\u00e1cia:<\/strong> Pou\u017e\u00edvajte rukavice, ochrann\u00e9 okuliare a laborat\u00f3rny pl\u00e1\u0161\u0165.<\/p>\n<\/li>\n<li data-start=\"6027\" data-end=\"6089\">\n<p data-start=\"6030\" data-end=\"6089\"><strong data-start=\"6030\" data-end=\"6043\">Rozmery:<\/strong> Noteer batchnummer, zuiverheid en dosering.<\/p>\n<\/li>\n<li data-start=\"6090\" data-end=\"6168\">\n<p data-start=\"6093\" data-end=\"6168\"><strong data-start=\"6093\" data-end=\"6104\">Skladovanie:<\/strong> Bewaar in originele blisterverpakking, koel (2\u20138\u00b0C) en droog.<\/p>\n<\/li>\n<li data-start=\"6169\" data-end=\"6233\">\n<p data-start=\"6172\" data-end=\"6233\"><strong data-start=\"6172\" data-end=\"6184\">Anal\u00fdza:<\/strong> Geschikt voor chromatografie en spectroscopie.<\/p>\n<\/li>\n<li data-start=\"6234\" data-end=\"6302\">\n<p data-start=\"6237\" data-end=\"6302\"><strong data-start=\"6237\" data-end=\"6254\">Dokument\u00e1cia:<\/strong> Registreer testresultaten en analysemethoden. fluor 4<\/p>\n<\/li>\n<\/ol>\n<hr data-start=\"6304\" data-end=\"6307\" \/>\n<h3 data-start=\"6309\" data-end=\"6344\"><strong data-start=\"6313\" data-end=\"6342\">\u010casto kladen\u00e9 ot\u00e1zky (FAQ)<\/strong><\/h3>\n<p data-start=\"6346\" data-end=\"6517\"><strong data-start=\"6346\" data-end=\"6380\">1. Wat is RC+ 4-Fluor (4-FMA)?<\/strong><br data-start=\"6380\" data-end=\"6383\" \/>A <strong data-start=\"6387\" data-end=\"6407\">onderzoekspellet<\/strong> s <strong data-start=\"6412\" data-end=\"6421\">4-FMA<\/strong>, gebruikt voor analytisch en forensisch onderzoek naar fluoramfetamine-analoog eigenschappen.<\/p>\n<p data-start=\"6519\" data-end=\"6641\"><strong data-start=\"6519\" data-end=\"6559\">2. Wat is de zuiverheid en dosering?<\/strong><br data-start=\"6559\" data-end=\"6562\" \/>Ka\u017ed\u00e1 peleta obsahuje <strong data-start=\"6580\" data-end=\"6614\">120mg 4-FMA (\u2265 98% zuiverheid)<\/strong>, testovan\u00e9 pomocou HPLC a NMR.<\/p>\n<p data-start=\"6643\" data-end=\"6811\"><strong data-start=\"6643\" data-end=\"6688\">3. Is het legaal om RC+ 4-Fluor te kopen?<\/strong><br data-start=\"6688\" data-end=\"6691\" \/>Str\u00e1nka <strong data-start=\"6694\" data-end=\"6718\">legaliteit van 4-FMA<\/strong> sa v jednotliv\u00fdch krajin\u00e1ch l\u00ed\u0161i. Predt\u00fdm, ako za\u010dnete pracova\u0165, si v\u017edy overte miestne z\u00e1kony. <strong data-start=\"6787\" data-end=\"6808\">RC+ 4-Fluor koopt<\/strong>.<\/p>","protected":false},"excerpt":{"rendered":"<p><strong>CAS Nummer:<\/strong> 52063-62-4<br \/>\n<strong>Formule:<\/strong> C10H14FN \u2022 HCL<br \/>\n<strong>Molmassa:<\/strong> 203,7 g\/mol<br \/>\n<strong>\u010cistota:<\/strong> \u226599%<\/p>","protected":false},"featured_media":1293,"comment_status":"closed","ping_status":"closed","template":"","meta":[],"product_brand":[23],"product_cat":[468],"product_tag":[566,567,568,569,946,570,22,949],"class_list":{"0":"post-1275","1":"product","2":"type-product","3":"status-publish","4":"has-post-thumbnail","6":"product_brand-research-chemical","7":"product_cat-b2b","8":"product_tag-3-fluor-4-tributylstanyl-pyridine","9":"product_tag-4-fluor-amfetamine-74","10":"product_tag-4-fluor-amfetamine-kopen","11":"product_tag-4-fluor-amfetamine-wiki","12":"product_tag-4-fluor","13":"product_tag-fluor-4","14":"product_tag-nl","15":"product_tag-rc-4-fluor-120mg-blister","17":"first","18":"instock","19":"shipping-taxable","20":"purchasable","21":"product-type-variable"},"_links":{"self":[{"href":"https:\/\/researchchemicalshop.eu\/sk\/wp-json\/wp\/v2\/product\/1275","targetHints":{"allow":["GET"]}}],"collection":[{"href":"https:\/\/researchchemicalshop.eu\/sk\/wp-json\/wp\/v2\/product"}],"about":[{"href":"https:\/\/researchchemicalshop.eu\/sk\/wp-json\/wp\/v2\/types\/product"}],"replies":[{"embeddable":true,"href":"https:\/\/researchchemicalshop.eu\/sk\/wp-json\/wp\/v2\/comments?post=1275"}],"version-history":[{"count":1,"href":"https:\/\/researchchemicalshop.eu\/sk\/wp-json\/wp\/v2\/product\/1275\/revisions"}],"predecessor-version":[{"id":16529,"href":"https:\/\/researchchemicalshop.eu\/sk\/wp-json\/wp\/v2\/product\/1275\/revisions\/16529"}],"wp:featuredmedia":[{"embeddable":true,"href":"https:\/\/researchchemicalshop.eu\/sk\/wp-json\/wp\/v2\/media\/1293"}],"wp:attachment":[{"href":"https:\/\/researchchemicalshop.eu\/sk\/wp-json\/wp\/v2\/media?parent=1275"}],"wp:term":[{"taxonomy":"product_brand","embeddable":true,"href":"https:\/\/researchchemicalshop.eu\/sk\/wp-json\/wp\/v2\/product_brand?post=1275"},{"taxonomy":"product_cat","embeddable":true,"href":"https:\/\/researchchemicalshop.eu\/sk\/wp-json\/wp\/v2\/product_cat?post=1275"},{"taxonomy":"product_tag","embeddable":true,"href":"https:\/\/researchchemicalshop.eu\/sk\/wp-json\/wp\/v2\/product_tag?post=1275"}],"curies":[{"name":"wp","href":"https:\/\/api.w.org\/{rel}","templated":true}]}}