{"id":1273,"date":"2026-02-09T11:56:12","date_gmt":"2026-02-09T11:56:12","guid":{"rendered":"https:\/\/researchchemicalshop.eu\/?post_type=product&#038;p=1273"},"modified":"2026-03-05T16:22:54","modified_gmt":"2026-03-05T16:22:54","slug":"dck-2","status":"publish","type":"product","link":"https:\/\/researchchemicalshop.eu\/sk\/produkt\/dck-2\/","title":{"rendered":"DCK (Deschloroketamine)"},"content":{"rendered":"<h3 data-start=\"4022\" data-end=\"4043\"><strong data-start=\"4026\" data-end=\"4041\">\u00davod<\/strong><\/h3>\n<p data-start=\"4044\" data-end=\"4403\"><strong data-start=\"4044\" data-end=\"4071\">DCK (Deschloroketamine)<\/strong>, ook bekend als <strong data-start=\"4088\" data-end=\"4109\">O-PCM (2-oxo-PCM)<\/strong>, is een <strong data-start=\"4118\" data-end=\"4155\">dissociatieve arylcyclohexylamine<\/strong> die structureel verwant is aan <strong data-start=\"4187\" data-end=\"4199\">ketamine<\/strong> a <strong data-start=\"4203\" data-end=\"4219\">PCE-analogen<\/strong>. dck<br data-start=\"4220\" data-end=\"4223\" \/>Het wordt gebruikt in <strong data-start=\"4245\" data-end=\"4283\">analytick\u00e9 a forenzn\u00e9 vy\u0161etrovanie<\/strong> na <strong data-start=\"4289\" data-end=\"4317\">NMDA-receptorinteracties<\/strong>, <strong data-start=\"4319\" data-end=\"4361\">vz\u0165ahy medzi \u0161trukt\u00farou a aktivitou (SAR)<\/strong> a <strong data-start=\"4365\" data-end=\"4400\">chromatografick\u00e9 vlastnosti<\/strong>.<\/p>\n<p data-start=\"4405\" data-end=\"4697\">Elke batch wordt geproduceerd onder <strong data-start=\"4441\" data-end=\"4486\">gecontroleerde laboratoriumomstandigheden<\/strong> a testovan\u00e9 na <strong data-start=\"4504\" data-end=\"4528\">\u010distota \u2265 98%<\/strong> cez <strong data-start=\"4533\" data-end=\"4557\">HPLC- en NMR-analyse<\/strong>.<br data-start=\"4558\" data-end=\"4561\" \/>DCK wordt geleverd in <strong data-start=\"4583\" data-end=\"4623\">kristallijne hydrochloridevorm (HCl)<\/strong>, wat zorgt voor <strong data-start=\"4640\" data-end=\"4672\">stabiliteit en oplosbaarheid<\/strong> bij onderzoeksgebruik.<\/p>\n<blockquote data-start=\"4699\" data-end=\"4837\">\n<p data-start=\"4701\" data-end=\"4837\">\u26a0\ufe0f <strong data-start=\"4704\" data-end=\"4715\">Pozn\u00e1mka:<\/strong> DCK is uitsluitend bedoeld voor <strong data-start=\"4748\" data-end=\"4783\">v\u00fdskumn\u00e9 a analytick\u00e9 vyu\u017eitie<\/strong> \u2014 <strong data-start=\"4786\" data-end=\"4835\">nie s\u00fa ur\u010den\u00e9 na \u013eudsk\u00fa ani \u017eivo\u010d\u00ed\u0161nu spotrebu.<\/strong><\/p>\n<\/blockquote>\n<hr data-start=\"4839\" data-end=\"4842\" \/>\n<h3 data-start=\"4844\" data-end=\"4875\"><strong data-start=\"4848\" data-end=\"4875\">K\u013e\u00fa\u010dov\u00e9 vlastnosti<\/strong><\/h3>\n<div class=\"_tableContainer_1rjym_1\">\n<div class=\"group _tableWrapper_1rjym_13 flex w-fit flex-col-reverse\" tabindex=\"-1\">\n<table class=\"w-fit min-w-(--thread-content-width)\" data-start=\"4877\" data-end=\"5536\">\n<thead data-start=\"4877\" data-end=\"4903\">\n<tr data-start=\"4877\" data-end=\"4903\">\n<th data-start=\"4877\" data-end=\"4887\" data-col-size=\"sm\">Funkcia<\/th>\n<th data-start=\"4887\" data-end=\"4903\" data-col-size=\"md\">Popis<\/th>\n<\/tr>\n<\/thead>\n<tbody data-start=\"4932\" data-end=\"5536\">\n<tr data-start=\"4932\" data-end=\"5007\">\n<td data-start=\"4932\" data-end=\"4953\" data-col-size=\"sm\"><strong data-start=\"4934\" data-end=\"4952\">Chemick\u00fd n\u00e1zov<\/strong><\/td>\n<td data-start=\"4953\" data-end=\"5007\" data-col-size=\"md\">2-Phenyl-2-(methylamino)cyclohexanon Hydrochloride<\/td>\n<\/tr>\n<tr data-start=\"5008\" data-end=\"5068\">\n<td data-start=\"5008\" data-end=\"5033\" data-col-size=\"sm\"><strong data-start=\"5010\" data-end=\"5032\">Spolo\u010dn\u00fd n\u00e1zov<\/strong><\/td>\n<td data-start=\"5033\" data-end=\"5068\" data-col-size=\"md\">DCK \/ Deschloroketamine \/ O-PCM<\/td>\n<\/tr>\n<tr data-start=\"5069\" data-end=\"5109\">\n<td data-start=\"5069\" data-end=\"5093\" data-col-size=\"sm\"><strong data-start=\"5071\" data-end=\"5092\">Chemick\u00fd vzorec<\/strong><\/td>\n<td data-start=\"5093\" data-end=\"5109\" data-col-size=\"md\">C\u2081\u2083H\u2081\u2087NO\u00b7HCl<\/td>\n<\/tr>\n<tr data-start=\"5110\" data-end=\"5148\">\n<td data-start=\"5110\" data-end=\"5132\" data-col-size=\"sm\"><strong data-start=\"5112\" data-end=\"5131\">Molekulov\u00e1 hmotnos\u0165<\/strong><\/td>\n<td data-start=\"5132\" data-end=\"5148\" data-col-size=\"md\">239,74 g\/mol<\/td>\n<\/tr>\n<tr data-start=\"5149\" data-end=\"5193\">\n<td data-start=\"5149\" data-end=\"5160\" data-col-size=\"sm\"><strong data-start=\"5151\" data-end=\"5159\">Formul\u00e1r<\/strong><\/td>\n<td data-start=\"5160\" data-end=\"5193\" data-col-size=\"md\">Kristallijn poeder (HCl-zout)<\/td>\n<\/tr>\n<tr data-start=\"5194\" data-end=\"5245\">\n<td data-start=\"5194\" data-end=\"5211\" data-col-size=\"sm\"><strong data-start=\"5196\" data-end=\"5210\">\u010cistota<\/strong><\/td>\n<td data-start=\"5211\" data-end=\"5245\" data-col-size=\"md\">\u2265 98% (testovan\u00e9 pomocou HPLC a NMR)<\/td>\n<\/tr>\n<tr data-start=\"5246\" data-end=\"5319\">\n<td data-start=\"5246\" data-end=\"5269\" data-col-size=\"sm\"><strong data-start=\"5248\" data-end=\"5268\">Chemick\u00e1 trieda<\/strong><\/td>\n<td data-start=\"5269\" data-end=\"5319\" data-col-size=\"md\">Arylcyclohexylamine \/ Dissociatieve verbinding<\/td>\n<\/tr>\n<tr data-start=\"5320\" data-end=\"5399\">\n<td data-start=\"5320\" data-end=\"5334\" data-col-size=\"sm\"><strong data-start=\"5322\" data-end=\"5333\">Pou\u017eite<\/strong><\/td>\n<td data-start=\"5334\" data-end=\"5399\" data-col-size=\"md\">Len na analytick\u00fd, forenzn\u00fd a neurochemick\u00fd v\u00fdskum<\/td>\n<\/tr>\n<tr data-start=\"5400\" data-end=\"5467\">\n<td data-start=\"5400\" data-end=\"5417\" data-col-size=\"sm\"><strong data-start=\"5402\" data-end=\"5416\">Balenie<\/strong><\/td>\n<td data-start=\"5417\" data-end=\"5467\" data-col-size=\"md\">Uzatv\u00e1rate\u013en\u00e9 laborat\u00f3rne vrecko odoln\u00e9 vo\u010di vlhkosti<\/td>\n<\/tr>\n<tr data-start=\"5468\" data-end=\"5536\">\n<td data-start=\"5468\" data-end=\"5486\" data-col-size=\"sm\"><strong data-start=\"5470\" data-end=\"5485\">Mno\u017estvo<\/strong><\/td>\n<td data-start=\"5486\" data-end=\"5536\" data-col-size=\"md\">Meestal geleverd per 1 gram (batchafhankelijk)<\/td>\n<\/tr>\n<\/tbody>\n<\/table>\n<\/div>\n<\/div>\n<hr data-start=\"5538\" data-end=\"5541\" \/>\n<h3 data-start=\"5543\" data-end=\"5560\"><strong data-start=\"5547\" data-end=\"5560\">V\u00fdhody<\/strong><\/h3>\n<ul data-start=\"5562\" data-end=\"5960\">\n<li data-start=\"5562\" data-end=\"5654\">\n<p data-start=\"5564\" data-end=\"5654\"><strong data-start=\"5564\" data-end=\"5583\">Vysok\u00e1 \u010distota<\/strong> \u2013 \u2265 98% laboratoriumkwaliteit voor betrouwbare onderzoeksresultaten.<\/p>\n<\/li>\n<li data-start=\"5655\" data-end=\"5723\">\n<p data-start=\"5657\" data-end=\"5723\"><strong data-start=\"5657\" data-end=\"5678\">Stabiele HCl-Vorm<\/strong> \u2013 Verbetert houdbaarheid en oplosbaarheid.<\/p>\n<\/li>\n<li data-start=\"5724\" data-end=\"5805\">\n<p data-start=\"5726\" data-end=\"5805\"><strong data-start=\"5726\" data-end=\"5765\">Ideaal voor Neurochemisch Onderzoek<\/strong> \u2013 Geschikt voor NMDA- en SAR-studies.<\/p>\n<\/li>\n<li data-start=\"5806\" data-end=\"5885\">\n<p data-start=\"5808\" data-end=\"5885\"><strong data-start=\"5808\" data-end=\"5838\">\u0160irok\u00fd v\u00fdskumn\u00fd chodn\u00edk<\/strong> \u2013 Compatibel met GC\/MS, LC-MS, FTIR en HPLC.<\/p>\n<\/li>\n<li data-start=\"5886\" data-end=\"5960\">\n<p data-start=\"5888\" data-end=\"5960\"><strong data-start=\"5888\" data-end=\"5914\">Geteste Batchkwaliteit<\/strong> \u2013 Elke batch gedocumenteerd en traceerbaar.<\/p>\n<\/li>\n<\/ul>\n<hr data-start=\"5962\" data-end=\"5965\" \/>\n<h3 data-start=\"5967\" data-end=\"6019\"><strong data-start=\"5971\" data-end=\"6017\">Pou\u017eitie (len na v\u00fdskumn\u00e9 \u00fa\u010dely)<\/strong><\/h3>\n<ol data-start=\"6021\" data-end=\"6345\">\n<li data-start=\"6021\" data-end=\"6090\">\n<p data-start=\"6024\" data-end=\"6090\"><strong data-start=\"6024\" data-end=\"6039\">Manipul\u00e1cia:<\/strong> Pou\u017e\u00edvajte rukavice, ochrann\u00e9 okuliare a laborat\u00f3rny pl\u00e1\u0161\u0165.<\/p>\n<\/li>\n<li data-start=\"6091\" data-end=\"6153\">\n<p data-start=\"6094\" data-end=\"6153\"><strong data-start=\"6094\" data-end=\"6107\">Rozmery:<\/strong> Weeg nauwkeurig met een analytische balans. dck<\/p>\n<\/li>\n<li data-start=\"6154\" data-end=\"6208\">\n<p data-start=\"6157\" data-end=\"6208\"><strong data-start=\"6157\" data-end=\"6168\">Skladovanie:<\/strong> Skladujte v chlade (2-8 \u00b0C), v suchu a tme.<\/p>\n<\/li>\n<li data-start=\"6209\" data-end=\"6283\">\n<p data-start=\"6212\" data-end=\"6283\"><strong data-start=\"6212\" data-end=\"6224\">Anal\u00fdza:<\/strong> Geschikt voor chromatografie en neurochemisch onderzoek.<\/p>\n<\/li>\n<li data-start=\"6284\" data-end=\"6345\">\n<p data-start=\"6287\" data-end=\"6345\"><strong data-start=\"6287\" data-end=\"6304\">Dokument\u00e1cia:<\/strong> Noteer batchnummer en analysemethoden.<\/p>\n<\/li>\n<\/ol>\n<hr data-start=\"6347\" data-end=\"6350\" \/>\n<h3 data-start=\"6352\" data-end=\"6387\"><strong data-start=\"6356\" data-end=\"6385\">\u010casto kladen\u00e9 ot\u00e1zky (FAQ)<\/strong><\/h3>\n<p data-start=\"6389\" data-end=\"6562\"><strong data-start=\"6389\" data-end=\"6427\">1. Wat is DCK (Deschloroketamine)?<\/strong><br data-start=\"6427\" data-end=\"6430\" \/><strong data-start=\"6430\" data-end=\"6437\">DCK<\/strong> je <strong data-start=\"6445\" data-end=\"6469\">onderzoekssubstantie<\/strong> verwant aan ketamine, gebruikt in laboratoria voor onderzoek naar NMDA-receptoractiviteit.<\/p>\n<p data-start=\"6564\" data-end=\"6664\"><strong data-start=\"6564\" data-end=\"6589\">2. Hoe zuiver is DCK?<\/strong><br data-start=\"6589\" data-end=\"6592\" \/>Elke batch heeft een <strong data-start=\"6613\" data-end=\"6637\">\u010distota \u2265 98%<\/strong>, testovan\u00e9 pomocou HPLC a NMR.<\/p>\n<p data-start=\"6666\" data-end=\"6816\"><strong data-start=\"6666\" data-end=\"6703\">3. Is het legaal om DCK te kopen?<\/strong><br data-start=\"6703\" data-end=\"6706\" \/>Str\u00e1nka <strong data-start=\"6709\" data-end=\"6731\">legaliteit van DCK<\/strong> sa v jednotliv\u00fdch krajin\u00e1ch l\u00ed\u0161i. Predt\u00fdm, ako za\u010dnete pracova\u0165, si v\u017edy overte miestne z\u00e1kony. <strong data-start=\"6800\" data-end=\"6813\">DCK koopt<\/strong>.<\/p>\n<ul>\n<li><\/li>\n<\/ul>","protected":false},"excerpt":{"rendered":"<h3>DCK eigenschappen<\/h3>\n<p><strong>Synoniem:<\/strong> 2\u2032-oxo-PCM, deschloroketamine<br \/>\n<strong>CAS Nummer:<\/strong> 4631-27-0<br \/>\n<strong>Formule:<\/strong> 2-(methylamino)-2-phenyl-cyclohexanone<br \/>\n<strong>Molmassa:<\/strong> 239,7 g\/mol<br \/>\n<strong>\u010cistota:<\/strong> &gt;97%<\/p>","protected":false},"featured_media":16968,"comment_status":"closed","ping_status":"closed","template":"","meta":[],"product_brand":[],"product_cat":[98,559],"product_tag":[512,560,561,22],"class_list":{"0":"post-1273","1":"product","2":"type-product","3":"status-publish","4":"has-post-thumbnail","6":"product_cat-arylcyclohexylamines","7":"product_cat-dck","8":"product_tag-2f-dck-kopen","9":"product_tag-dck","10":"product_tag-dcks","11":"product_tag-nl","13":"first","14":"instock","15":"shipping-taxable","16":"purchasable","17":"product-type-variable"},"_links":{"self":[{"href":"https:\/\/researchchemicalshop.eu\/sk\/wp-json\/wp\/v2\/product\/1273","targetHints":{"allow":["GET"]}}],"collection":[{"href":"https:\/\/researchchemicalshop.eu\/sk\/wp-json\/wp\/v2\/product"}],"about":[{"href":"https:\/\/researchchemicalshop.eu\/sk\/wp-json\/wp\/v2\/types\/product"}],"replies":[{"embeddable":true,"href":"https:\/\/researchchemicalshop.eu\/sk\/wp-json\/wp\/v2\/comments?post=1273"}],"version-history":[{"count":1,"href":"https:\/\/researchchemicalshop.eu\/sk\/wp-json\/wp\/v2\/product\/1273\/revisions"}],"predecessor-version":[{"id":16539,"href":"https:\/\/researchchemicalshop.eu\/sk\/wp-json\/wp\/v2\/product\/1273\/revisions\/16539"}],"wp:featuredmedia":[{"embeddable":true,"href":"https:\/\/researchchemicalshop.eu\/sk\/wp-json\/wp\/v2\/media\/16968"}],"wp:attachment":[{"href":"https:\/\/researchchemicalshop.eu\/sk\/wp-json\/wp\/v2\/media?parent=1273"}],"wp:term":[{"taxonomy":"product_brand","embeddable":true,"href":"https:\/\/researchchemicalshop.eu\/sk\/wp-json\/wp\/v2\/product_brand?post=1273"},{"taxonomy":"product_cat","embeddable":true,"href":"https:\/\/researchchemicalshop.eu\/sk\/wp-json\/wp\/v2\/product_cat?post=1273"},{"taxonomy":"product_tag","embeddable":true,"href":"https:\/\/researchchemicalshop.eu\/sk\/wp-json\/wp\/v2\/product_tag?post=1273"}],"curies":[{"name":"wp","href":"https:\/\/api.w.org\/{rel}","templated":true}]}}