{"id":1087,"date":"2026-02-09T11:55:47","date_gmt":"2026-02-09T11:55:47","guid":{"rendered":"https:\/\/researchchemicalshop.eu\/?post_type=product&#038;p=1087"},"modified":"2026-02-13T11:50:09","modified_gmt":"2026-02-13T11:50:09","slug":"rc-flubrotizolam-05-mg-box","status":"publish","type":"product","link":"https:\/\/researchchemicalshop.eu\/sk\/produkt\/rc-flubrotizolam-05-mg-box\/","title":{"rendered":"RC+ Flubrotizolam 0,5 MG Box"},"content":{"rendered":"<h2 data-start=\"3808\" data-end=\"3834\"><strong data-start=\"3811\" data-end=\"3834\">Productbeschrijving<\/strong><\/h2>\n<p data-start=\"3836\" data-end=\"4166\"><strong data-start=\"3836\" data-end=\"3868\">RC+ Flubrotizolam 0,5 MG Box<\/strong> obsahuje <strong data-start=\"3875\" data-end=\"3904\">hoogzuivere Flubrotizolam<\/strong>, zl\u00fa\u010denina z <strong data-start=\"3928\" data-end=\"3961\">thienotriazolodiazepineklasse<\/strong>, vyvinut\u00e9 pre <strong data-start=\"3979\" data-end=\"4032\">toxicologisch, analytisch en forensisch onderzoek<\/strong>.<br data-start=\"4033\" data-end=\"4036\" \/>Het maakt deel uit van de <strong data-start=\"4062\" data-end=\"4085\">RC+ onderzoeksreeks<\/strong>, bekend om zijn <strong data-start=\"4102\" data-end=\"4163\">gestandaardiseerde formuleringen en consistente kwaliteit<\/strong>.<\/p>\n<p data-start=\"4168\" data-end=\"4325\">Elke box bevat <strong data-start=\"4183\" data-end=\"4225\">0,5mg pellets van onderzoekszuiverheid<\/strong>, geproduceerd onder gecontroleerde laboratoriumomstandigheden volgens Europese veiligheidsnormen.<\/p>\n<p data-start=\"4327\" data-end=\"4463\">\u26a0\ufe0f <strong data-start=\"4330\" data-end=\"4341\">Pozn\u00e1mka:<\/strong> Tento v\u00fdrobok je <strong data-start=\"4357\" data-end=\"4406\">ur\u010den\u00e9 len na v\u00fdskumn\u00e9 \u00fa\u010dely<\/strong> a <strong data-start=\"4410\" data-end=\"4462\">niet geschikt voor menselijk of dierlijk gebruik<\/strong>.<\/p>\n<hr data-start=\"4465\" data-end=\"4468\" \/>\n<h2 data-start=\"4470\" data-end=\"4500\"><strong data-start=\"4473\" data-end=\"4500\">K\u013e\u00fa\u010dov\u00e9 vlastnosti<\/strong><\/h2>\n<ul data-start=\"4502\" data-end=\"4872\">\n<li data-start=\"4502\" data-end=\"4567\">\n<p data-start=\"4504\" data-end=\"4567\"><strong data-start=\"4504\" data-end=\"4524\">Vysok\u00e1 \u010distota:<\/strong> Geproduceerd volgens laboratoriumnormen.<\/p>\n<\/li>\n<li data-start=\"4568\" data-end=\"4648\">\n<p data-start=\"4570\" data-end=\"4648\"><strong data-start=\"4570\" data-end=\"4602\">Gestandaardiseerde Dosering:<\/strong> 0,5mg per pellet voor nauwkeurige analyses.<\/p>\n<\/li>\n<li data-start=\"4649\" data-end=\"4714\">\n<p data-start=\"4651\" data-end=\"4714\"><strong data-start=\"4651\" data-end=\"4676\">Stabiele Formulering:<\/strong> Bestand tegen chemische degradatie.<\/p>\n<\/li>\n<li data-start=\"4715\" data-end=\"4786\">\n<p data-start=\"4717\" data-end=\"4786\"><strong data-start=\"4717\" data-end=\"4740\">Veilige Verpakking:<\/strong> Luchtdicht en verzegeld tegen contaminatie.<\/p>\n<\/li>\n<li data-start=\"4787\" data-end=\"4872\">\n<p data-start=\"4789\" data-end=\"4872\"><strong data-start=\"4789\" data-end=\"4816\">Conform EU-Regelgeving:<\/strong> Geproduceerd volgens Europese veiligheidsrichtlijnen.<\/p>\n<\/li>\n<\/ul>\n<hr data-start=\"4874\" data-end=\"4877\" \/>\n<h2 data-start=\"4879\" data-end=\"4913\"><strong data-start=\"4882\" data-end=\"4913\">Voordelen voor Onderzoekers<\/strong><\/h2>\n<ul data-start=\"4915\" data-end=\"5186\">\n<li data-start=\"4915\" data-end=\"4975\">\n<p data-start=\"4917\" data-end=\"4975\">Vhodn\u00e9 pre <strong data-start=\"4931\" data-end=\"4972\">forensisch en toxicologisch onderzoek<\/strong>.<\/p>\n<\/li>\n<li data-start=\"4976\" data-end=\"5049\">\n<p data-start=\"4978\" data-end=\"5049\">Podporuje <strong data-start=\"4990\" data-end=\"5026\">analytische methodenontwikkeling<\/strong> (LC-MS, GC-MS, NMR).<\/p>\n<\/li>\n<li data-start=\"5050\" data-end=\"5114\">\n<p data-start=\"5052\" data-end=\"5114\">Biedt <strong data-start=\"5058\" data-end=\"5080\">referentiemonsters<\/strong> voor vergelijking en validatie.<\/p>\n<\/li>\n<li data-start=\"5115\" data-end=\"5186\">\n<p data-start=\"5117\" data-end=\"5186\">Zabezpe\u010duje <strong data-start=\"5128\" data-end=\"5183\">reproduceerbare en betrouwbare onderzoeksresultaten<\/strong>.<\/p>\n<\/li>\n<\/ul>\n<hr data-start=\"5188\" data-end=\"5191\" \/>\n<h2 data-start=\"5193\" data-end=\"5227\"><strong data-start=\"5196\" data-end=\"5227\">Gebruik (Onderzoekscontext)<\/strong><\/h2>\n<ol data-start=\"5229\" data-end=\"5446\">\n<li data-start=\"5229\" data-end=\"5274\">\n<p data-start=\"5232\" data-end=\"5274\">Alleen gebruiken in erkende laboratoria.<\/p>\n<\/li>\n<li data-start=\"5275\" data-end=\"5335\">\n<p data-start=\"5278\" data-end=\"5335\">Draag handschoenen, veiligheidsbril en laboratoriumjas.<\/p>\n<\/li>\n<li data-start=\"5336\" data-end=\"5383\">\n<p data-start=\"5339\" data-end=\"5383\">Bewaar koel, droog en donker (onder 25\u00b0C).<\/p>\n<\/li>\n<li data-start=\"5384\" data-end=\"5446\">\n<p data-start=\"5387\" data-end=\"5446\">Verwijder resten volgens lokale veiligheidsvoorschriften.<\/p>\n<\/li>\n<\/ol>\n<blockquote data-start=\"5448\" data-end=\"5546\">\n<p data-start=\"5450\" data-end=\"5546\"><strong data-start=\"5450\" data-end=\"5461\">Pozn\u00e1mka:<\/strong> <em data-start=\"5462\" data-end=\"5492\">RC+ Flubrotizolam 0,5 MG Box<\/em> is <strong data-start=\"5496\" data-end=\"5545\">ur\u010den\u00e9 len na v\u00fdskumn\u00e9 \u00fa\u010dely<\/strong>.<\/p>\n<\/blockquote>\n<hr data-start=\"5548\" data-end=\"5551\" \/>\n<h2 data-start=\"5553\" data-end=\"5587\"><strong data-start=\"5556\" data-end=\"5587\">\u010casto kladen\u00e9 ot\u00e1zky (FAQ)<\/strong><\/h2>\n<p data-start=\"5589\" data-end=\"5761\"><strong data-start=\"5589\" data-end=\"5638\">1. Waarvoor wordt RC+ Flubrotizolam gebruikt?<\/strong><br data-start=\"5638\" data-end=\"5641\" \/>RC+ Flubrotizolam wordt gebruikt voor <strong data-start=\"5679\" data-end=\"5717\">analytick\u00e9 a forenzn\u00e9 vy\u0161etrovanie<\/strong> naar thienotriazolodiazepineverbindingen.<\/p>\n<p data-start=\"5763\" data-end=\"5871\"><strong data-start=\"5763\" data-end=\"5792\">2. Hoeveel bevat \u00e9\u00e9n box?<\/strong><br data-start=\"5792\" data-end=\"5795\" \/>Elke box bevat <strong data-start=\"5810\" data-end=\"5827\">0,5mg pellets<\/strong> met een gestandaardiseerde samenstelling.<\/p>\n<p data-start=\"5873\" data-end=\"6011\"><strong data-start=\"5873\" data-end=\"5927\">3. Mag ik RC+ Flubrotizolam kopen als particulier?<\/strong><br data-start=\"5927\" data-end=\"5930\" \/>Nee, dit product is alleen beschikbaar voor <strong data-start=\"5974\" data-end=\"6008\">erkende onderzoeksinstellingen<\/strong>.<\/p>","protected":false},"excerpt":{"rendered":"<p>Productbeschrijving RC+ Flubrotizolam 0,5 MG Box bevat hoogzuivere Flubrotizolam, een verbinding uit de thienotriazolodiazepineklasse, ontwikkeld voor toxicologisch, analytisch en forensisch<\/p>","protected":false},"featured_media":1117,"comment_status":"closed","ping_status":"closed","template":"","meta":[],"product_brand":[23],"product_cat":[468],"product_tag":[294,497,498,499,500,501,22],"class_list":{"0":"post-1087","1":"product","2":"type-product","3":"status-publish","4":"has-post-thumbnail","6":"product_brand-research-chemical","7":"product_cat-b2b","8":"product_tag-flubrotizolam","9":"product_tag-flubrotizolam-dosage","10":"product_tag-flubrotizolam-ervaring","11":"product_tag-flubrotizolam-half-life","12":"product_tag-flubrotizolam-werking","13":"product_tag-flunitrazolam-bijwerkingen","14":"product_tag-nl","16":"first","17":"instock","18":"shipping-taxable","19":"purchasable","20":"product-type-simple"},"_links":{"self":[{"href":"https:\/\/researchchemicalshop.eu\/sk\/wp-json\/wp\/v2\/product\/1087","targetHints":{"allow":["GET"]}}],"collection":[{"href":"https:\/\/researchchemicalshop.eu\/sk\/wp-json\/wp\/v2\/product"}],"about":[{"href":"https:\/\/researchchemicalshop.eu\/sk\/wp-json\/wp\/v2\/types\/product"}],"replies":[{"embeddable":true,"href":"https:\/\/researchchemicalshop.eu\/sk\/wp-json\/wp\/v2\/comments?post=1087"}],"version-history":[{"count":1,"href":"https:\/\/researchchemicalshop.eu\/sk\/wp-json\/wp\/v2\/product\/1087\/revisions"}],"predecessor-version":[{"id":16560,"href":"https:\/\/researchchemicalshop.eu\/sk\/wp-json\/wp\/v2\/product\/1087\/revisions\/16560"}],"wp:featuredmedia":[{"embeddable":true,"href":"https:\/\/researchchemicalshop.eu\/sk\/wp-json\/wp\/v2\/media\/1117"}],"wp:attachment":[{"href":"https:\/\/researchchemicalshop.eu\/sk\/wp-json\/wp\/v2\/media?parent=1087"}],"wp:term":[{"taxonomy":"product_brand","embeddable":true,"href":"https:\/\/researchchemicalshop.eu\/sk\/wp-json\/wp\/v2\/product_brand?post=1087"},{"taxonomy":"product_cat","embeddable":true,"href":"https:\/\/researchchemicalshop.eu\/sk\/wp-json\/wp\/v2\/product_cat?post=1087"},{"taxonomy":"product_tag","embeddable":true,"href":"https:\/\/researchchemicalshop.eu\/sk\/wp-json\/wp\/v2\/product_tag?post=1087"}],"curies":[{"name":"wp","href":"https:\/\/api.w.org\/{rel}","templated":true}]}}