{"id":1043,"date":"2026-02-09T11:55:38","date_gmt":"2026-02-09T11:55:38","guid":{"rendered":"https:\/\/researchchemicalshop.eu\/?post_type=product&#038;p=1043"},"modified":"2026-03-05T16:52:37","modified_gmt":"2026-03-05T16:52:37","slug":"1d-lsd","status":"publish","type":"product","link":"https:\/\/researchchemicalshop.eu\/sk\/produkt\/1d-lsd\/","title":{"rendered":"1D-LSD 225mcg Pellets"},"content":{"rendered":"<h3 data-start=\"5974\" data-end=\"5993\"><strong data-start=\"5978\" data-end=\"5993\">\u00davod<\/strong><\/h3>\n<p data-start=\"5995\" data-end=\"6298\"><strong data-start=\"5995\" data-end=\"6020\">1D-LSD 225mcg Pellets<\/strong> jeho <strong data-start=\"6026\" data-end=\"6073\">laborat\u00f3rne testovacie l\u00e1tky<\/strong>, bedoeld voor <strong data-start=\"6088\" data-end=\"6132\">vedeck\u00fd a analytick\u00fd v\u00fdskum<\/strong>. Elke pellet bevat <strong data-start=\"6152\" data-end=\"6226\">225 microgram (mcg) 1D-LSD (1-Diethylamide-Lysergic Acid Diethylamide)<\/strong>, geformuleerd voor <strong data-start=\"6246\" data-end=\"6295\">zuiverheid, precisie en chemische stabiliteit<\/strong>. 1D-LSD bestellen<\/p>\n<p data-start=\"6300\" data-end=\"6583\">De pellets zijn ideaal voor <strong data-start=\"6328\" data-end=\"6367\">onderzoek naar lysergamide-analogen<\/strong>, <strong data-start=\"6369\" data-end=\"6388\">v\u00e4zba na receptor<\/strong> a <strong data-start=\"6392\" data-end=\"6428\">kwantitatieve chemische analyses<\/strong>. Ze worden geproduceerd volgens strikte <strong data-start=\"6469\" data-end=\"6493\">GLP-kwaliteitsnormen<\/strong> om consistentie en betrouwbaarheid te garanderen in professionele onderzoeksomgevingen.<\/p>\n<blockquote data-start=\"6585\" data-end=\"6723\">\n<p data-start=\"6587\" data-end=\"6723\">\u26a0\ufe0f <strong data-start=\"6590\" data-end=\"6601\">Pozn\u00e1mka:<\/strong> Tento v\u00fdrobok je ur\u010den\u00fd v\u00fdlu\u010dne pre <strong data-start=\"6642\" data-end=\"6667\">laboratoriumonderzoek<\/strong>. Niet geschikt voor menselijke of dierlijke consumptie.<\/p>\n<\/blockquote>\n<hr data-start=\"6725\" data-end=\"6728\" \/>\n<h3 data-start=\"6730\" data-end=\"6761\"><strong data-start=\"6734\" data-end=\"6761\">K\u013e\u00fa\u010dov\u00e9 vlastnosti<\/strong><\/h3>\n<ul data-start=\"6763\" data-end=\"7251\">\n<li data-start=\"6763\" data-end=\"6826\">\n<p data-start=\"6765\" data-end=\"6826\"><strong data-start=\"6765\" data-end=\"6787\">Precieze dosering:<\/strong> Ka\u017ed\u00e1 peleta obsahuje <strong data-start=\"6806\" data-end=\"6823\">225mcg 1D-LSD<\/strong>.<\/p>\n<\/li>\n<li data-start=\"6827\" data-end=\"6906\">\n<p data-start=\"6829\" data-end=\"6906\"><strong data-start=\"6829\" data-end=\"6849\">Vysok\u00e1 \u010distota:<\/strong> Laboratoriumkwaliteit met \u226599% analytische zuiverheid.<\/p>\n<\/li>\n<li data-start=\"6907\" data-end=\"6994\">\n<p data-start=\"6909\" data-end=\"6994\"><strong data-start=\"6909\" data-end=\"6935\">Chemische stabiliteit:<\/strong> Ontworpen voor langdurige opslag en betrouwbaar gebruik. 1D-LSD bestellen<\/p>\n<\/li>\n<li data-start=\"6995\" data-end=\"7070\">\n<p data-start=\"6997\" data-end=\"7070\"><strong data-start=\"6997\" data-end=\"7024\">Consistente resultaten:<\/strong> Herhaalbare data bij meerdere experimenten.<\/p>\n<\/li>\n<li data-start=\"7071\" data-end=\"7153\">\n<p data-start=\"7073\" data-end=\"7153\"><strong data-start=\"7073\" data-end=\"7096\">Bezpe\u010dn\u00e9 balenie:<\/strong> Verzegeld en vochtbestendig voor maximale bescherming.<\/p>\n<\/li>\n<li data-start=\"7154\" data-end=\"7251\">\n<p data-start=\"7156\" data-end=\"7251\"><strong data-start=\"7156\" data-end=\"7186\">Gebruiksvriendelijke vorm:<\/strong> Pelletformaat voorkomt besmetting en vergemakkelijkt dosering.<\/p>\n<\/li>\n<\/ul>\n<hr data-start=\"7253\" data-end=\"7256\" \/>\n<h3 data-start=\"7258\" data-end=\"7275\"><strong data-start=\"7262\" data-end=\"7275\">V\u00fdhody<\/strong><\/h3>\n<ol data-start=\"7277\" data-end=\"7659\">\n<li data-start=\"7277\" data-end=\"7375\">\n<p data-start=\"7280\" data-end=\"7375\"><strong data-start=\"7280\" data-end=\"7317\">Nauwkeurige onderzoeksresultaten:<\/strong> Geschikt voor studies waarbij microdosering vereist is.<\/p>\n<\/li>\n<li data-start=\"7376\" data-end=\"7444\">\n<p data-start=\"7379\" data-end=\"7444\"><strong data-start=\"7379\" data-end=\"7401\">Veilig in gebruik:<\/strong> Minder blootstelling dankzij pelletvorm.<\/p>\n<\/li>\n<li data-start=\"7445\" data-end=\"7516\">\n<p data-start=\"7448\" data-end=\"7516\"><strong data-start=\"7448\" data-end=\"7472\">Constante kwaliteit:<\/strong> Consistente samenstelling tussen batches.<\/p>\n<\/li>\n<li data-start=\"7517\" data-end=\"7606\">\n<p data-start=\"7520\" data-end=\"7606\"><strong data-start=\"7520\" data-end=\"7553\">Wetenschappelijk betrouwbaar:<\/strong> Geproduceerd volgens laboratoriumkwaliteitsnormen.<\/p>\n<\/li>\n<li data-start=\"7607\" data-end=\"7659\">\n<p data-start=\"7610\" data-end=\"7659\"><strong data-start=\"7610\" data-end=\"7628\">Lang houdbaar:<\/strong> Stabiel bij correcte opslag.<\/p>\n<\/li>\n<\/ol>\n<hr data-start=\"7661\" data-end=\"7664\" \/>\n<h3 data-start=\"7666\" data-end=\"7705\"><strong data-start=\"7670\" data-end=\"7705\">Pou\u017e\u00edvanie (len pre v\u00fdskum)<\/strong><\/h3>\n<ol data-start=\"7707\" data-end=\"8033\">\n<li data-start=\"7707\" data-end=\"7785\">\n<p data-start=\"7710\" data-end=\"7785\"><strong data-start=\"7710\" data-end=\"7742\">Gebruik beschermende kleding<\/strong> (handschoenen, veiligheidsbril, labjas).<\/p>\n<\/li>\n<li data-start=\"7786\" data-end=\"7861\">\n<p data-start=\"7789\" data-end=\"7861\"><strong data-start=\"7789\" data-end=\"7827\">Pou\u017e\u00edvajte kalibrovan\u00e9 pr\u00edstroje<\/strong> om pellets nauwkeurig te meten.<\/p>\n<\/li>\n<li data-start=\"7862\" data-end=\"7913\">\n<p data-start=\"7865\" data-end=\"7913\"><strong data-start=\"7865\" data-end=\"7889\">Noteer batchgegevens<\/strong> pre vysledovate\u013enos\u0165.<\/p>\n<\/li>\n<li data-start=\"7914\" data-end=\"7973\">\n<p data-start=\"7917\" data-end=\"7973\"><strong data-start=\"7917\" data-end=\"7948\">Bewaar overgebleven pellets<\/strong> koel, droog en donker.<\/p>\n<\/li>\n<li data-start=\"7974\" data-end=\"8033\">\n<p data-start=\"7977\" data-end=\"8033\"><strong data-start=\"7977\" data-end=\"7996\">Verwijder afval<\/strong> volgens laboratoriumvoorschriften.<\/p>\n<\/li>\n<\/ol>\n<blockquote data-start=\"8035\" data-end=\"8142\">\n<p data-start=\"8037\" data-end=\"8142\">\u26a0\ufe0f <strong data-start=\"8040\" data-end=\"8098\">Nie je vhodn\u00fd na \u013eudsk\u00fa ani \u017eivo\u010d\u00ed\u0161nu spotrebu.<\/strong> Alleen voor <strong data-start=\"8111\" data-end=\"8141\">vedeck\u00fd v\u00fdskum<\/strong>.<\/p>\n<\/blockquote>\n<hr data-start=\"8144\" data-end=\"8147\" \/>\n<h3 data-start=\"8149\" data-end=\"8174\"><strong data-start=\"8153\" data-end=\"8174\">Pokyny na skladovanie<\/strong><\/h3>\n<ul data-start=\"8176\" data-end=\"8341\">\n<li data-start=\"8176\" data-end=\"8218\">\n<p data-start=\"8178\" data-end=\"8218\">Ulo\u017ei\u0165 na <strong data-start=\"8189\" data-end=\"8198\">2-8\u00b0C<\/strong>, donker en droog.<\/p>\n<\/li>\n<li data-start=\"8219\" data-end=\"8258\">\n<p data-start=\"8221\" data-end=\"8258\">Houd de verpakking goed afgesloten.<\/p>\n<\/li>\n<li data-start=\"8259\" data-end=\"8298\">\n<p data-start=\"8261\" data-end=\"8298\">Vermijd contact met vocht en licht.<\/p>\n<\/li>\n<li data-start=\"8299\" data-end=\"8341\">\n<p data-start=\"8301\" data-end=\"8341\">Uchov\u00e1vajte mimo dosahu nepovolan\u00fdch os\u00f4b.<\/p>\n<\/li>\n<\/ul>\n<hr data-start=\"8343\" data-end=\"8346\" \/>\n<h3 data-start=\"8348\" data-end=\"8383\"><strong data-start=\"8352\" data-end=\"8383\">\u010casto kladen\u00e9 ot\u00e1zky (FAQ)<\/strong><\/h3>\n<p data-start=\"8385\" data-end=\"8543\"><strong data-start=\"8385\" data-end=\"8439\">1. Waarvoor worden 1D-LSD 225mcg Pellets gebruikt?<\/strong><br data-start=\"8439\" data-end=\"8442\" \/>Pre <strong data-start=\"8447\" data-end=\"8491\">vedeck\u00fd a analytick\u00fd v\u00fdskum<\/strong> naar lysergamide-analogen en receptorinteracties.<\/p>\n<p data-start=\"8545\" data-end=\"8703\"><strong data-start=\"8545\" data-end=\"8595\">2. Zijn deze pellets geschikt voor consumptie?<\/strong><br data-start=\"8595\" data-end=\"8598\" \/>Nee. Ze zijn <strong data-start=\"8611\" data-end=\"8661\">ur\u010den\u00e9 v\u00fdlu\u010dne na laborat\u00f3rne testovanie<\/strong> a <strong data-start=\"8665\" data-end=\"8700\">niet voor menselijke consumptie<\/strong>.<\/p>\n<p data-start=\"8705\" data-end=\"8843\"><strong data-start=\"8705\" data-end=\"8739\">3. Hoe bewaar ik ze het beste?<\/strong><br data-start=\"8739\" data-end=\"8742\" \/>Bewaar ze op een <strong data-start=\"8759\" data-end=\"8793\">chladn\u00e9, such\u00e9 a tmav\u00e9 miesto<\/strong> tussen <strong data-start=\"8801\" data-end=\"8810\">2-8\u00b0C<\/strong> in goed afgesloten verpakking.<\/p>\n<hr data-start=\"8845\" data-end=\"8848\" \/>\n<h3 data-start=\"8850\" data-end=\"8867\"><strong data-start=\"8854\" data-end=\"8867\">Z\u00e1ver<\/strong><\/h3>\n<p data-start=\"8869\" data-end=\"9103\"><strong data-start=\"8869\" data-end=\"8894\">1D-LSD 225mcg Pellets<\/strong> staan garant voor <strong data-start=\"8913\" data-end=\"8962\">nauwkeurigheid, zuiverheid en betrouwbaarheid<\/strong>, ontwikkeld voor professioneel analytisch onderzoek. Perfect voor laboratoria die streven naar <strong data-start=\"9058\" data-end=\"9100\">precisie en reproduceerbare resultaten<\/strong>.<\/p>","protected":false},"excerpt":{"rendered":"<p>Introductie 1D-LSD 225mcg Pellets zijn onderzoeksstoffen van laboratoriumkwaliteit, bedoeld voor wetenschappelijk en analytisch onderzoek. Elke pellet bevat 225 microgram (mcg)<\/p>","protected":false},"featured_media":16813,"comment_status":"closed","ping_status":"closed","template":"","meta":[],"product_brand":[],"product_cat":[447,448,46,71],"product_tag":[960,396,253],"class_list":{"0":"post-1043","1":"product","2":"type-product","3":"status-publish","4":"has-post-thumbnail","6":"product_cat-1d-lsd","7":"product_cat-1d-lsd-pellets","8":"product_cat-lysergamides","9":"product_cat-pellets","10":"product_tag-1d-lsd","11":"product_tag-de","12":"product_tag-lsd-bestellen","14":"first","15":"instock","16":"shipping-taxable","17":"purchasable","18":"product-type-variable"},"_links":{"self":[{"href":"https:\/\/researchchemicalshop.eu\/sk\/wp-json\/wp\/v2\/product\/1043","targetHints":{"allow":["GET"]}}],"collection":[{"href":"https:\/\/researchchemicalshop.eu\/sk\/wp-json\/wp\/v2\/product"}],"about":[{"href":"https:\/\/researchchemicalshop.eu\/sk\/wp-json\/wp\/v2\/types\/product"}],"replies":[{"embeddable":true,"href":"https:\/\/researchchemicalshop.eu\/sk\/wp-json\/wp\/v2\/comments?post=1043"}],"version-history":[{"count":1,"href":"https:\/\/researchchemicalshop.eu\/sk\/wp-json\/wp\/v2\/product\/1043\/revisions"}],"predecessor-version":[{"id":16595,"href":"https:\/\/researchchemicalshop.eu\/sk\/wp-json\/wp\/v2\/product\/1043\/revisions\/16595"}],"wp:featuredmedia":[{"embeddable":true,"href":"https:\/\/researchchemicalshop.eu\/sk\/wp-json\/wp\/v2\/media\/16813"}],"wp:attachment":[{"href":"https:\/\/researchchemicalshop.eu\/sk\/wp-json\/wp\/v2\/media?parent=1043"}],"wp:term":[{"taxonomy":"product_brand","embeddable":true,"href":"https:\/\/researchchemicalshop.eu\/sk\/wp-json\/wp\/v2\/product_brand?post=1043"},{"taxonomy":"product_cat","embeddable":true,"href":"https:\/\/researchchemicalshop.eu\/sk\/wp-json\/wp\/v2\/product_cat?post=1043"},{"taxonomy":"product_tag","embeddable":true,"href":"https:\/\/researchchemicalshop.eu\/sk\/wp-json\/wp\/v2\/product_tag?post=1043"}],"curies":[{"name":"wp","href":"https:\/\/api.w.org\/{rel}","templated":true}]}}