{"id":1039,"date":"2026-02-09T11:55:38","date_gmt":"2026-02-09T11:55:38","guid":{"rendered":"https:\/\/researchchemicalshop.eu\/?post_type=product&#038;p=1039"},"modified":"2026-03-05T16:45:04","modified_gmt":"2026-03-05T16:45:04","slug":"mdphp-poeder","status":"publish","type":"product","link":"https:\/\/researchchemicalshop.eu\/sk\/produkt\/mdphp-poeder\/","title":{"rendered":"MDPHP Poeder (freebase)"},"content":{"rendered":"<h3 data-start=\"5389\" data-end=\"5408\"><strong data-start=\"5393\" data-end=\"5408\">\u00davod<\/strong><\/h3>\n<p data-start=\"5410\" data-end=\"5742\"><strong data-start=\"5410\" data-end=\"5437\">MDPHP Poeder (Freebase)<\/strong> je <strong data-start=\"5445\" data-end=\"5489\">onderzoeksstof van laboratoriumkwaliteit<\/strong>, ur\u010den\u00e9 pre <strong data-start=\"5506\" data-end=\"5550\">vedeck\u00fd a analytick\u00fd v\u00fdskum<\/strong>.<br data-start=\"5551\" data-end=\"5554\" \/>Ook bekend als <strong data-start=\"5569\" data-end=\"5618\">3\u2032,4\u2032-Methyleendioxy-\u03b1-pyrrolidinohexanofenon<\/strong>, behoort MDPHP tot de <strong data-start=\"5641\" data-end=\"5667\">pyrrolidinofenonklasse<\/strong> en wordt gebruikt bij <strong data-start=\"5690\" data-end=\"5739\">forensisch, chemisch en structureel onderzoek<\/strong>. mdphp kopen<\/p>\n<p data-start=\"5744\" data-end=\"5951\">Str\u00e1nka <strong data-start=\"5747\" data-end=\"5764\">freebase-vorm<\/strong> van MDPHP biedt <strong data-start=\"5781\" data-end=\"5819\">optimale stabiliteit en zuiverheid<\/strong>, waardoor het ideaal is voor <strong data-start=\"5849\" data-end=\"5907\">chromatografie, spectroscopie en kwantitatieve analyse<\/strong> v kontrolovanom laborat\u00f3rnom prostred\u00ed.<\/p>\n<blockquote data-start=\"5953\" data-end=\"6097\">\n<p data-start=\"5955\" data-end=\"6097\">\u26a0\ufe0f <strong data-start=\"5958\" data-end=\"5969\">Pozn\u00e1mka:<\/strong> Tento v\u00fdrobok je <strong data-start=\"5985\" data-end=\"6035\">ur\u010den\u00e9 v\u00fdlu\u010dne na laborat\u00f3rne testovanie<\/strong> a <strong data-start=\"6039\" data-end=\"6096\">nevhodn\u00e9 na \u013eudsk\u00fa alebo \u017eivo\u010d\u00ed\u0161nu spotrebu<\/strong>.<\/p>\n<\/blockquote>\n<hr data-start=\"6099\" data-end=\"6102\" \/>\n<h3 data-start=\"6104\" data-end=\"6135\"><strong data-start=\"6108\" data-end=\"6135\">K\u013e\u00fa\u010dov\u00e9 vlastnosti<\/strong><\/h3>\n<ul data-start=\"6137\" data-end=\"6650\">\n<li data-start=\"6137\" data-end=\"6228\">\n<p data-start=\"6139\" data-end=\"6228\"><strong data-start=\"6139\" data-end=\"6159\">Vysok\u00e1 \u010distota:<\/strong> \u226599% analytische kwaliteit, getest in gecertificeerde laboratoria. mdphp kopen<\/p>\n<\/li>\n<li data-start=\"6229\" data-end=\"6314\">\n<p data-start=\"6231\" data-end=\"6314\"><strong data-start=\"6231\" data-end=\"6249\">Freebase-vorm:<\/strong> Verhoogde stabiliteit en veelzijdige toepassingsmogelijkheden.<\/p>\n<\/li>\n<li data-start=\"6315\" data-end=\"6395\">\n<p data-start=\"6317\" data-end=\"6395\"><strong data-start=\"6317\" data-end=\"6334\">D\u00e1vkov\u00e9 testovanie:<\/strong> Elke batch gecontroleerd op samenstelling en consistentie.<\/p>\n<\/li>\n<li data-start=\"6396\" data-end=\"6480\">\n<p data-start=\"6398\" data-end=\"6480\"><strong data-start=\"6398\" data-end=\"6421\">Laboratoriumnormen:<\/strong> Vyroben\u00e9 pod\u013ea <strong data-start=\"6443\" data-end=\"6477\">Good Laboratory Practice (GLP)<\/strong>.<\/p>\n<\/li>\n<li data-start=\"6481\" data-end=\"6573\">\n<p data-start=\"6483\" data-end=\"6573\"><strong data-start=\"6483\" data-end=\"6504\">Breed toepasbaar:<\/strong> Geschikt voor spectroscopie, chromatografie en massaspectrometrie.<\/p>\n<\/li>\n<li data-start=\"6574\" data-end=\"6650\">\n<p data-start=\"6576\" data-end=\"6650\"><strong data-start=\"6576\" data-end=\"6599\">Bezpe\u010dn\u00e9 balenie:<\/strong> Verzegeld, luchtdicht en vochtbestendig verpakt.<\/p>\n<\/li>\n<\/ul>\n<hr data-start=\"6652\" data-end=\"6655\" \/>\n<h3 data-start=\"6657\" data-end=\"6674\"><strong data-start=\"6661\" data-end=\"6674\">V\u00fdhody<\/strong><\/h3>\n<ol data-start=\"6676\" data-end=\"7118\">\n<li data-start=\"6676\" data-end=\"6772\">\n<p data-start=\"6679\" data-end=\"6772\"><strong data-start=\"6679\" data-end=\"6716\">Betrouwbare onderzoeksresultaten:<\/strong> Constante zuiverheid garandeert reproduceerbare data.<\/p>\n<\/li>\n<li data-start=\"6773\" data-end=\"6851\">\n<p data-start=\"6776\" data-end=\"6851\"><strong data-start=\"6776\" data-end=\"6802\">Chemische stabiliteit:<\/strong> Freebase-vorm voorkomt afbraak tijdens opslag.<\/p>\n<\/li>\n<li data-start=\"6852\" data-end=\"6949\">\n<p data-start=\"6855\" data-end=\"6949\"><strong data-start=\"6855\" data-end=\"6878\">V\u0161estrann\u00e9 pou\u017eitie:<\/strong> Geschikt voor verschillende analytische en forensische toepassingen.<\/p>\n<\/li>\n<li data-start=\"6950\" data-end=\"7038\">\n<p data-start=\"6953\" data-end=\"7038\"><strong data-start=\"6953\" data-end=\"6981\">Profesion\u00e1lna kvalita:<\/strong> Geproduceerd onder strikte laboratoriumomstandigheden.<\/p>\n<\/li>\n<li data-start=\"7039\" data-end=\"7118\">\n<p data-start=\"7042\" data-end=\"7118\"><strong data-start=\"7042\" data-end=\"7070\">Langdurige houdbaarheid:<\/strong> Blijft stabiel en zuiver bij correcte opslag.<\/p>\n<\/li>\n<\/ol>\n<hr data-start=\"7120\" data-end=\"7123\" \/>\n<h3 data-start=\"7125\" data-end=\"7164\"><strong data-start=\"7129\" data-end=\"7164\">Pou\u017e\u00edvanie (len pre v\u00fdskum)<\/strong><\/h3>\n<ol data-start=\"7166\" data-end=\"7537\">\n<li data-start=\"7166\" data-end=\"7257\">\n<p data-start=\"7169\" data-end=\"7257\"><strong data-start=\"7169\" data-end=\"7199\">Noste ochrann\u00fd odev<\/strong> zoals handschoenen, veiligheidsbril en laboratoriumjas.<\/p>\n<\/li>\n<li data-start=\"7258\" data-end=\"7326\">\n<p data-start=\"7261\" data-end=\"7326\"><strong data-start=\"7261\" data-end=\"7299\">Pou\u017e\u00edvajte kalibrovan\u00e9 pr\u00edstroje<\/strong> voor nauwkeurig afwegen.<\/p>\n<\/li>\n<li data-start=\"7327\" data-end=\"7393\">\n<p data-start=\"7330\" data-end=\"7393\"><strong data-start=\"7330\" data-end=\"7363\">Volg het laboratoriumprotocol<\/strong> voor uw specifieke analyse.<\/p>\n<\/li>\n<li data-start=\"7394\" data-end=\"7467\">\n<p data-start=\"7397\" data-end=\"7467\"><strong data-start=\"7397\" data-end=\"7428\">Bewaar ongebruikt materiaal<\/strong> op een koele, droge, donkere plaats.<\/p>\n<\/li>\n<li data-start=\"7468\" data-end=\"7537\">\n<p data-start=\"7471\" data-end=\"7537\"><strong data-start=\"7471\" data-end=\"7491\">Verwijder resten<\/strong> v s\u00falade s platn\u00fdmi bezpe\u010dnostn\u00fdmi pokynmi.<\/p>\n<\/li>\n<\/ol>\n<blockquote data-start=\"7539\" data-end=\"7616\">\n<p data-start=\"7541\" data-end=\"7616\">\u2697\ufe0f <strong data-start=\"7544\" data-end=\"7616\">Len na laborat\u00f3rne testovanie - nie na \u013eudsk\u00fa spotrebu.<\/strong><\/p>\n<\/blockquote>\n<hr data-start=\"7618\" data-end=\"7621\" \/>\n<h3 data-start=\"7623\" data-end=\"7648\"><strong data-start=\"7627\" data-end=\"7648\">Pokyny na skladovanie<\/strong><\/h3>\n<ul data-start=\"7650\" data-end=\"7825\">\n<li data-start=\"7650\" data-end=\"7692\">\n<p data-start=\"7652\" data-end=\"7692\">Ulo\u017ei\u0165 na <strong data-start=\"7663\" data-end=\"7672\">2-8\u00b0C<\/strong>, such\u00e9 a tmav\u00e9.<\/p>\n<\/li>\n<li data-start=\"7693\" data-end=\"7736\">\n<p data-start=\"7695\" data-end=\"7736\">Uchov\u00e1vajte obaly <strong data-start=\"7714\" data-end=\"7733\">dobre utesnen\u00e9<\/strong>.<\/p>\n<\/li>\n<li data-start=\"7737\" data-end=\"7782\">\n<p data-start=\"7739\" data-end=\"7782\">Chr\u00e1\u0148te pred <strong data-start=\"7754\" data-end=\"7779\">licht, lucht en vocht<\/strong>.<\/p>\n<\/li>\n<li data-start=\"7783\" data-end=\"7825\">\n<p data-start=\"7785\" data-end=\"7825\">Uchov\u00e1vajte mimo dosahu nepovolan\u00fdch os\u00f4b.<\/p>\n<\/li>\n<\/ul>\n<hr data-start=\"7827\" data-end=\"7830\" \/>\n<h3 data-start=\"7832\" data-end=\"7867\"><strong data-start=\"7836\" data-end=\"7867\">\u010casto kladen\u00e9 ot\u00e1zky (FAQ)<\/strong><\/h3>\n<p data-start=\"7869\" data-end=\"8041\"><strong data-start=\"7869\" data-end=\"7924\">1. Waarvoor wordt MDPHP Poeder (Freebase) gebruikt?<\/strong><br data-start=\"7924\" data-end=\"7927\" \/>Pre <strong data-start=\"7932\" data-end=\"7976\">vedeck\u00fd a analytick\u00fd v\u00fdskum<\/strong>, zoals <strong data-start=\"7984\" data-end=\"8038\">forensische analyses en chemische structuurstudies<\/strong>.<\/p>\n<p data-start=\"8043\" data-end=\"8226\"><strong data-start=\"8043\" data-end=\"8090\">2. Je tento v\u00fdrobok vhodn\u00fd na konzum\u00e1ciu?<\/strong><br data-start=\"8090\" data-end=\"8093\" \/>Nee. MDPHP Poeder (Freebase) is <strong data-start=\"8125\" data-end=\"8175\">ur\u010den\u00e9 v\u00fdlu\u010dne na laborat\u00f3rne testovanie<\/strong> a <strong data-start=\"8179\" data-end=\"8223\">nevhodn\u00e9 na \u013eudsk\u00fa spotrebu<\/strong>.<\/p>\n<p data-start=\"8228\" data-end=\"8372\"><strong data-start=\"8228\" data-end=\"8276\">3. Hoe kan ik dit product het beste bewaren?<\/strong><br data-start=\"8276\" data-end=\"8279\" \/>Ulo\u017ei\u0165 na <strong data-start=\"8293\" data-end=\"8335\">chladn\u00e9, such\u00e9 a tmav\u00e9 miesto (2-8 \u00b0C)<\/strong> v tesne uzavretej n\u00e1dobe.<\/p>\n<hr data-start=\"8374\" data-end=\"8377\" \/>\n<h3 data-start=\"8379\" data-end=\"8396\"><strong data-start=\"8383\" data-end=\"8396\">Z\u00e1ver<\/strong><\/h3>\n<p data-start=\"8398\" data-end=\"8643\"><strong data-start=\"8398\" data-end=\"8425\">MDPHP Poeder (Freebase)<\/strong> biedt <strong data-start=\"8432\" data-end=\"8493\">uitzonderlijke zuiverheid, stabiliteit en betrouwbaarheid<\/strong> voor professioneel laboratoriumonderzoek. Perfect voor analytische, forensische en structurele toepassingen in gecontroleerde onderzoeksomgevingen.<\/p>\n<ul>\n<li><\/li>\n<\/ul>","protected":false},"excerpt":{"rendered":"<h2><strong>MDPHP Poeder (freebase)<\/strong><\/h2>\n<p>CAS Nr: 776994-64-0<br \/>\nFormule: C17H23NO3 FREEBASE<br \/>\nMolmassa: 289.375 g\u00b7mol<br \/>\nZuiverheid: \u226598%<\/p>","protected":false},"featured_media":17021,"comment_status":"closed","ping_status":"closed","template":"","meta":[],"product_brand":[],"product_cat":[36],"product_tag":[444,436,437,22],"class_list":{"0":"post-1039","1":"product","2":"type-product","3":"status-publish","4":"has-post-thumbnail","6":"product_cat-verboden","7":"product_tag-mdphp-freebase-kopen","8":"product_tag-mdphp-kopen","9":"product_tag-mdphp-poeder","10":"product_tag-nl","12":"first","13":"instock","14":"shipping-taxable","15":"purchasable","16":"product-type-variable"},"_links":{"self":[{"href":"https:\/\/researchchemicalshop.eu\/sk\/wp-json\/wp\/v2\/product\/1039","targetHints":{"allow":["GET"]}}],"collection":[{"href":"https:\/\/researchchemicalshop.eu\/sk\/wp-json\/wp\/v2\/product"}],"about":[{"href":"https:\/\/researchchemicalshop.eu\/sk\/wp-json\/wp\/v2\/types\/product"}],"replies":[{"embeddable":true,"href":"https:\/\/researchchemicalshop.eu\/sk\/wp-json\/wp\/v2\/comments?post=1039"}],"version-history":[{"count":1,"href":"https:\/\/researchchemicalshop.eu\/sk\/wp-json\/wp\/v2\/product\/1039\/revisions"}],"predecessor-version":[{"id":16591,"href":"https:\/\/researchchemicalshop.eu\/sk\/wp-json\/wp\/v2\/product\/1039\/revisions\/16591"}],"wp:featuredmedia":[{"embeddable":true,"href":"https:\/\/researchchemicalshop.eu\/sk\/wp-json\/wp\/v2\/media\/17021"}],"wp:attachment":[{"href":"https:\/\/researchchemicalshop.eu\/sk\/wp-json\/wp\/v2\/media?parent=1039"}],"wp:term":[{"taxonomy":"product_brand","embeddable":true,"href":"https:\/\/researchchemicalshop.eu\/sk\/wp-json\/wp\/v2\/product_brand?post=1039"},{"taxonomy":"product_cat","embeddable":true,"href":"https:\/\/researchchemicalshop.eu\/sk\/wp-json\/wp\/v2\/product_cat?post=1039"},{"taxonomy":"product_tag","embeddable":true,"href":"https:\/\/researchchemicalshop.eu\/sk\/wp-json\/wp\/v2\/product_tag?post=1039"}],"curies":[{"name":"wp","href":"https:\/\/api.w.org\/{rel}","templated":true}]}}