{"id":676,"date":"2026-02-09T11:54:47","date_gmt":"2026-02-09T11:54:47","guid":{"rendered":"https:\/\/researchchemicalshop.eu\/?post_type=product&#038;p=676"},"modified":"2026-02-13T13:07:05","modified_gmt":"2026-02-13T13:07:05","slug":"chem-mist-4f-mph-spray","status":"publish","type":"product","link":"https:\/\/researchchemicalshop.eu\/pt\/produto\/chem-mist-4f-mph-spray\/","title":{"rendered":"Chem-mist 4F-MPH Spray 10%"},"content":{"rendered":"<p data-start=\"5226\" data-end=\"5495\"><strong data-start=\"5226\" data-end=\"5261\">4F-MPH (4-Fluoromethylfenidaat)<\/strong> is een <strong data-start=\"5269\" data-end=\"5294\">synthetisch stimulant<\/strong> uit de <strong data-start=\"5302\" data-end=\"5322\">fenidaat-familie<\/strong>, structureel verwant aan methylfenidaat. Het wordt gebruikt in <strong data-start=\"5386\" data-end=\"5428\">forensische en analytische laboratoria<\/strong> als <strong data-start=\"5433\" data-end=\"5451\">referentiestof<\/strong> voor chemisch en toxicologisch onderzoek.<\/p>\n<p data-start=\"5497\" data-end=\"5774\"><strong data-start=\"5497\" data-end=\"5527\">Chem-Mist 4F-MPH Spray 10%<\/strong> is ontworpen als <strong data-start=\"5545\" data-end=\"5568\">referentieoplossing<\/strong> para <strong data-start=\"5574\" data-end=\"5611\">kalibratie, validatie en detectie<\/strong> binnen forensische analyse.<br data-start=\"5639\" data-end=\"5642\" \/>Het product is <strong data-start=\"5657\" data-end=\"5712\">destinados exclusivamente \u00e0 investiga\u00e7\u00e3o cient\u00edfica<\/strong> e <strong data-start=\"5716\" data-end=\"5773\">niet geschikt voor menselijke of dierlijke consumptie<\/strong>.<\/p>\n<hr data-start=\"5776\" data-end=\"5779\" \/>\n<h3 data-start=\"5781\" data-end=\"5812\"><strong data-start=\"5785\" data-end=\"5812\">Carater\u00edsticas principais<\/strong><\/h3>\n<ul data-start=\"5814\" data-end=\"6327\">\n<li data-start=\"5814\" data-end=\"5928\">\n<p data-start=\"5816\" data-end=\"5928\"><strong data-start=\"5816\" data-end=\"5836\">Hoge Zuiverheid:<\/strong> Geproduceerd onder gecontroleerde laboratoriumomstandigheden voor nauwkeurige resultaten.<\/p>\n<\/li>\n<li data-start=\"5929\" data-end=\"6033\">\n<p data-start=\"5931\" data-end=\"6033\"><strong data-start=\"5931\" data-end=\"5971\">Gestandaardiseerde 10% Concentratie:<\/strong> Biedt consistente referentie voor analytische toepassingen.<\/p>\n<\/li>\n<li data-start=\"6034\" data-end=\"6137\">\n<p data-start=\"6036\" data-end=\"6137\"><strong data-start=\"6036\" data-end=\"6075\">Gecertificeerd Referentiemateriaal:<\/strong> Geleverd met <strong data-start=\"6089\" data-end=\"6117\">analysecertificaat (COA)<\/strong> en batchgegevens.<\/p>\n<\/li>\n<li data-start=\"6138\" data-end=\"6233\">\n<p data-start=\"6140\" data-end=\"6233\"><strong data-start=\"6140\" data-end=\"6171\">Analytisch Breed Inzetbaar:<\/strong> Adequado para <strong data-start=\"6186\" data-end=\"6195\">GC-MS<\/strong>, <strong data-start=\"6197\" data-end=\"6205\">HPLC<\/strong> e <strong data-start=\"6209\" data-end=\"6221\">LC-MS\/MS<\/strong> analyses.<\/p>\n<\/li>\n<li data-start=\"6234\" data-end=\"6327\">\n<p data-start=\"6236\" data-end=\"6327\"><strong data-start=\"6236\" data-end=\"6262\">Stabiel Spray Systeem:<\/strong> Zorgt voor gecontroleerde toepassing in onderzoeksprotocollen.<\/p>\n<\/li>\n<\/ul>\n<hr data-start=\"6329\" data-end=\"6332\" \/>\n<h3 data-start=\"6334\" data-end=\"6351\"><strong data-start=\"6338\" data-end=\"6351\">Vantagens<\/strong><\/h3>\n<ul data-start=\"6353\" data-end=\"6838\">\n<li data-start=\"6353\" data-end=\"6440\">\n<p data-start=\"6355\" data-end=\"6440\"><strong data-start=\"6355\" data-end=\"6377\">Forensisch Belang:<\/strong> Ondersteunt detectie en identificatie van fenidaat-analogen.<\/p>\n<\/li>\n<li data-start=\"6441\" data-end=\"6535\">\n<p data-start=\"6443\" data-end=\"6535\"><strong data-start=\"6443\" data-end=\"6470\">Betrouwbare Kalibratie:<\/strong> Zorgt voor reproduceerbare resultaten bij analytische studies.<\/p>\n<\/li>\n<li data-start=\"6536\" data-end=\"6637\">\n<p data-start=\"6538\" data-end=\"6637\"><strong data-start=\"6538\" data-end=\"6568\">Toxicologische Relevantie:<\/strong> Helpt bij validatie van analysemethoden voor stimulerende stoffen.<\/p>\n<\/li>\n<li data-start=\"6638\" data-end=\"6743\">\n<p data-start=\"6640\" data-end=\"6743\"><strong data-start=\"6640\" data-end=\"6671\">Veilig Laboratoriumgebruik:<\/strong> Geproduceerd volgens internationale kwaliteits- en veiligheidsnormen.<\/p>\n<\/li>\n<li data-start=\"6744\" data-end=\"6838\">\n<p data-start=\"6746\" data-end=\"6838\"><strong data-start=\"6746\" data-end=\"6772\">Educatieve Toepassing:<\/strong> Geschikt voor academische opleidingen in chemie en toxicologie.<\/p>\n<\/li>\n<\/ul>\n<hr data-start=\"6840\" data-end=\"6843\" \/>\n<h3 data-start=\"6845\" data-end=\"6906\"><strong data-start=\"6849\" data-end=\"6906\">Gebruiksaanwijzing (Alleen voor Onderzoeksdoeleinden)<\/strong><\/h3>\n<ol data-start=\"6908\" data-end=\"7256\">\n<li data-start=\"6908\" data-end=\"6996\">\n<p data-start=\"6911\" data-end=\"6996\"><strong data-start=\"6911\" data-end=\"6925\">Hantering:<\/strong> Gebruik uitsluitend in erkende laboratoria door deskundig personeel.<\/p>\n<\/li>\n<li data-start=\"6997\" data-end=\"7101\">\n<p data-start=\"7000\" data-end=\"7101\"><strong data-start=\"7000\" data-end=\"7015\">Toepassing:<\/strong> Gebruik volgens gevalideerde analytische protocollen in goed geventileerde ruimtes.<\/p>\n<\/li>\n<li data-start=\"7102\" data-end=\"7165\">\n<p data-start=\"7105\" data-end=\"7165\"><strong data-start=\"7105\" data-end=\"7116\">Opslag:<\/strong> Bewaar koel, droog en donker, goed afgesloten.<\/p>\n<\/li>\n<li data-start=\"7166\" data-end=\"7256\">\n<p data-start=\"7169\" data-end=\"7256\"><strong data-start=\"7169\" data-end=\"7180\">Afvoer:<\/strong> Verwijder resten conform de lokale regelgeving voor chemisch afvalbeheer.<\/p>\n<\/li>\n<\/ol>\n<hr data-start=\"7258\" data-end=\"7261\" \/>\n<h3 data-start=\"7263\" data-end=\"7297\"><strong data-start=\"7267\" data-end=\"7297\">Veiligheid en Conformiteit<\/strong><\/h3>\n<ul data-start=\"7299\" data-end=\"7742\">\n<li data-start=\"7299\" data-end=\"7393\">\n<p data-start=\"7301\" data-end=\"7393\"><strong data-start=\"7301\" data-end=\"7337\">Alleen voor Laboratoriumgebruik:<\/strong> Niet bedoeld voor menselijke of dierlijke consumptie.<\/p>\n<\/li>\n<li data-start=\"7394\" data-end=\"7512\">\n<p data-start=\"7396\" data-end=\"7512\"><strong data-start=\"7396\" data-end=\"7424\">Wettelijke Overwegingen:<\/strong> De status van 4F-MPH kan per land verschillen; controleer altijd de lokale wetgeving.<\/p>\n<\/li>\n<li data-start=\"7513\" data-end=\"7617\">\n<p data-start=\"7515\" data-end=\"7617\"><strong data-start=\"7515\" data-end=\"7543\">Gezondheid &amp; Veiligheid:<\/strong> Vermijd huidcontact en inademing; draag geschikte beschermingsmiddelen.<\/p>\n<\/li>\n<li data-start=\"7618\" data-end=\"7742\">\n<p data-start=\"7620\" data-end=\"7742\"><strong data-start=\"7620\" data-end=\"7637\">Documentatie:<\/strong> Een <strong data-start=\"7642\" data-end=\"7678\">veiligheidsinformatieblad (MSDS)<\/strong> e <strong data-start=\"7682\" data-end=\"7710\">analysecertificaat (COA)<\/strong> zijn beschikbaar op aanvraag.<\/p>\n<\/li>\n<\/ul>\n<hr data-start=\"7744\" data-end=\"7747\" \/>\n<h3 data-start=\"7749\" data-end=\"7784\"><strong data-start=\"7753\" data-end=\"7784\">Veelgestelde Vragen (FAQ\u2019s)<\/strong><\/h3>\n<p data-start=\"7786\" data-end=\"7979\"><strong data-start=\"7786\" data-end=\"7844\">1. Waarvoor wordt Chem-Mist 4F-MPH Spray 10% gebruikt?<\/strong><br data-start=\"7844\" data-end=\"7847\" \/>Het wordt gebruikt als <strong data-start=\"7870\" data-end=\"7893\">referentieoplossing<\/strong> in forensische en toxicologische laboratoria voor detectie- en kalibratieonderzoek.<\/p>\n<p data-start=\"7981\" data-end=\"8182\"><strong data-start=\"7981\" data-end=\"8054\">2. Is Chem-Mist 4F-MPH Spray 10% geschikt voor menselijke consumptie?<\/strong><br data-start=\"8054\" data-end=\"8057\" \/>N\u00e3o. Este produto \u00e9 <strong data-start=\"8077\" data-end=\"8132\">destinados exclusivamente \u00e0 investiga\u00e7\u00e3o cient\u00edfica<\/strong> e <strong data-start=\"8136\" data-end=\"8179\">niet goedgekeurd voor menselijk gebruik<\/strong>.<\/p>\n<p data-start=\"8184\" data-end=\"8329\"><strong data-start=\"8184\" data-end=\"8245\">3. Hoe moet Chem-Mist 4F-MPH Spray 10% worden opgeslagen?<\/strong><br data-start=\"8245\" data-end=\"8248\" \/>Bewaar koel, droog en donker, goed afgesloten en buiten bereik van onbevoegden.<\/p>\n<h1><\/h1>\n<p><a href=\"https:\/\/researchchemicalshop.eu\/pt\/loja\/lisergamidas\/1cp-lsd-150-mcg\/\"><span dir=\"auto\" style=\"vertical-align: inherit;\"><span dir=\"auto\" style=\"vertical-align: inherit;\">1cP-LSD 150 MCG Art Blotters <\/span><\/span><\/a><a href=\"https:\/\/researchchemicalshop.eu\/pt\/loja\/pellets\/o-dsmt-50mg-pellets\/\"><span dir=\"auto\" style=\"vertical-align: inherit;\"><span dir=\"auto\" style=\"vertical-align: inherit;\">O-DSMT 50mg Pellets <\/span><\/span><\/a><a href=\"https:\/\/researchchemicalshop.eu\/pt\/loja\/lisergamidas\/1v-lsd-150-mcg-blotters\/\"><span dir=\"auto\" style=\"vertical-align: inherit;\"><span dir=\"auto\" style=\"vertical-align: inherit;\">1V-LSD 150 MCG Blotters <\/span><\/span><\/a><a href=\"https:\/\/researchchemicalshop.eu\/pt\/loja\/fenethylamine\/2c-ef-2mg-capsules\/\"><span dir=\"auto\" style=\"vertical-align: inherit;\"><span dir=\"auto\" style=\"vertical-align: inherit;\">2C-EF 2mg Capsules <\/span><\/span><\/a><a href=\"https:\/\/researchchemicalshop.eu\/pt\/loja\/quase-proibido\/6-cl-adba\/\"><span dir=\"auto\" style=\"vertical-align: inherit;\"><span dir=\"auto\" style=\"vertical-align: inherit;\">6-CL-ADBA<\/span><\/span><\/a><\/p>\n<p>&nbsp;<\/p>","protected":false},"excerpt":{"rendered":"<h2><strong><span dir=\"auto\" style=\"vertical-align: inherit;\"><span dir=\"auto\" style=\"vertical-align: inherit;\">Chem-mist 4F-MPH Spray<\/span><\/span><\/strong><span dir=\"auto\" style=\"vertical-align: inherit;\"><span dir=\"auto\" style=\"vertical-align: inherit;\"> 10% Fresh Focus properties<\/span><\/span><\/h2>\n<p><strong><span dir=\"auto\" style=\"vertical-align: inherit;\"><span dir=\"auto\" style=\"vertical-align: inherit;\">Synonym<\/span><\/span><\/strong><span dir=\"auto\" style=\"vertical-align: inherit;\"><span dir=\"auto\" style=\"vertical-align: inherit;\"> : 4-Fluoromethylphenidate <\/span><\/span><br \/>\n<strong><span dir=\"auto\" style=\"vertical-align: inherit;\"><span dir=\"auto\" style=\"vertical-align: inherit;\">CAS Number<\/span><\/span><\/strong><span dir=\"auto\" style=\"vertical-align: inherit;\"><span dir=\"auto\" style=\"vertical-align: inherit;\"> : 1354631-33-6 <\/span><\/span><br \/>\n<strong><span dir=\"auto\" style=\"vertical-align: inherit;\"><span dir=\"auto\" style=\"vertical-align: inherit;\">Formula<\/span><\/span><\/strong><span dir=\"auto\" style=\"vertical-align: inherit;\"><span dir=\"auto\" style=\"vertical-align: inherit;\"> : methyl 2-(4-fluorophenyl)-2-(piperidin-2-yl)acetate hydrochloride <\/span><\/span><br \/>\n<strong><span dir=\"auto\" style=\"vertical-align: inherit;\"><span dir=\"auto\" style=\"vertical-align: inherit;\">Molar mass<\/span><\/span><\/strong><span dir=\"auto\" style=\"vertical-align: inherit;\"><span dir=\"auto\" style=\"vertical-align: inherit;\"> : 287.8 g\/mol <\/span><\/span><br \/>\n<strong><span dir=\"auto\" style=\"vertical-align: inherit;\"><span dir=\"auto\" style=\"vertical-align: inherit;\">Purity<\/span><\/span><\/strong><span dir=\"auto\" style=\"vertical-align: inherit;\"><span dir=\"auto\" style=\"vertical-align: inherit;\"> : &gt;98%<\/span><\/span><\/p>","protected":false},"featured_media":705,"comment_status":"closed","ping_status":"closed","template":"","meta":[],"product_brand":[23],"product_cat":[101,325,17,322,32,306],"product_tag":[92,968,22,324],"class_list":{"0":"post-676","1":"product","2":"type-product","3":"status-publish","4":"has-post-thumbnail","6":"product_brand-research-chemical","7":"product_cat-4f-mph","8":"product_cat-4f-mph-sprays","9":"product_cat-bijna-verboden","10":"product_cat-chem-mist-spray","11":"product_cat-gefluoreerden","12":"product_cat-liquid-rc","13":"product_tag-4f-mph","14":"product_tag-chem-mist-4f-mph-spray","15":"product_tag-nl","16":"product_tag-spring-is-in-the-air","18":"first","19":"instock","20":"shipping-taxable","21":"purchasable","22":"product-type-variable"},"_links":{"self":[{"href":"https:\/\/researchchemicalshop.eu\/pt\/wp-json\/wp\/v2\/product\/676","targetHints":{"allow":["GET"]}}],"collection":[{"href":"https:\/\/researchchemicalshop.eu\/pt\/wp-json\/wp\/v2\/product"}],"about":[{"href":"https:\/\/researchchemicalshop.eu\/pt\/wp-json\/wp\/v2\/types\/product"}],"replies":[{"embeddable":true,"href":"https:\/\/researchchemicalshop.eu\/pt\/wp-json\/wp\/v2\/comments?post=676"}],"version-history":[{"count":1,"href":"https:\/\/researchchemicalshop.eu\/pt\/wp-json\/wp\/v2\/product\/676\/revisions"}],"predecessor-version":[{"id":16632,"href":"https:\/\/researchchemicalshop.eu\/pt\/wp-json\/wp\/v2\/product\/676\/revisions\/16632"}],"wp:featuredmedia":[{"embeddable":true,"href":"https:\/\/researchchemicalshop.eu\/pt\/wp-json\/wp\/v2\/media\/705"}],"wp:attachment":[{"href":"https:\/\/researchchemicalshop.eu\/pt\/wp-json\/wp\/v2\/media?parent=676"}],"wp:term":[{"taxonomy":"product_brand","embeddable":true,"href":"https:\/\/researchchemicalshop.eu\/pt\/wp-json\/wp\/v2\/product_brand?post=676"},{"taxonomy":"product_cat","embeddable":true,"href":"https:\/\/researchchemicalshop.eu\/pt\/wp-json\/wp\/v2\/product_cat?post=676"},{"taxonomy":"product_tag","embeddable":true,"href":"https:\/\/researchchemicalshop.eu\/pt\/wp-json\/wp\/v2\/product_tag?post=676"}],"curies":[{"name":"wp","href":"https:\/\/api.w.org\/{rel}","templated":true}]}}