{"id":432,"date":"2026-02-09T11:52:52","date_gmt":"2026-02-09T11:52:52","guid":{"rendered":"https:\/\/researchchemicalshop.eu\/?post_type=product&#038;p=432"},"modified":"2026-03-06T01:39:53","modified_gmt":"2026-03-06T01:39:53","slug":"noopept","status":"publish","type":"product","link":"https:\/\/researchchemicalshop.eu\/pt\/produto\/noopept\/","title":{"rendered":"NOOPEPT 20 MG Pellets"},"content":{"rendered":"<p data-start=\"3633\" data-end=\"3937\"><strong data-start=\"3633\" data-end=\"3658\">Noopept 20 MG Pellets<\/strong> zijn hoogwaardige onderzoeksverbindingen, speciaal ontwikkeld voor <strong data-start=\"3726\" data-end=\"3774\">neurowetenschappelijk en cognitief onderzoek<\/strong>. Chemisch bekend als <strong data-start=\"3796\" data-end=\"3840\">N-fenylacetyl-L-prolylglycine ethylester<\/strong>, wordt Noopept breed bestudeerd vanwege zijn <strong data-start=\"3886\" data-end=\"3934\">neuroprotectieve en cognitieve eigenschappen<\/strong>. noopept kopen<\/p>\n<p data-start=\"3939\" data-end=\"4151\">Cada pellet cont\u00e9m <strong data-start=\"3957\" data-end=\"3982\">20 mg zuivere Noopept<\/strong>, zorgvuldig gedoseerd voor betrouwbare en herhaalbare onderzoeksresultaten. Deze compound is populair in studies naar <strong data-start=\"4101\" data-end=\"4148\">geheugen, leervermogen en neuroplasticiteit<\/strong>.<\/p>\n<blockquote data-start=\"4153\" data-end=\"4285\">\n<p data-start=\"4155\" data-end=\"4285\">\u26a0\ufe0f <strong data-start=\"4158\" data-end=\"4169\">Nota:<\/strong> Dit product is <strong data-start=\"4185\" data-end=\"4240\">destinados exclusivamente \u00e0 investiga\u00e7\u00e3o cient\u00edfica<\/strong>. Niet geschikt voor menselijke consumptie.<\/p>\n<\/blockquote>\n<hr data-start=\"4287\" data-end=\"4290\" \/>\n<h3 data-start=\"4292\" data-end=\"4323\"><strong data-start=\"4296\" data-end=\"4323\">Carater\u00edsticas principais<\/strong><\/h3>\n<ul data-start=\"4324\" data-end=\"4777\">\n<li data-start=\"4324\" data-end=\"4419\">\n<p data-start=\"4326\" data-end=\"4419\"><strong data-start=\"4326\" data-end=\"4352\">Alta pureza (\u226599%)<\/strong> \u2013 Laboratoriumgetest op kwaliteit, stabiliteit en samenstelling.<\/p>\n<\/li>\n<li data-start=\"4420\" data-end=\"4527\">\n<p data-start=\"4422\" data-end=\"4527\"><strong data-start=\"4422\" data-end=\"4463\">Nauwkeurig Gedoseerde Pellets (20 MG)<\/strong> \u2013 Zorgt voor betrouwbare en herhaalbare onderzoeksresultaten.<\/p>\n<\/li>\n<li data-start=\"4528\" data-end=\"4613\">\n<p data-start=\"4530\" data-end=\"4613\"><strong data-start=\"4530\" data-end=\"4554\">Stabiele Formulering<\/strong> \u2013 De pelletvorm verbetert houdbaarheid en gebruiksgemak.<\/p>\n<\/li>\n<li data-start=\"4614\" data-end=\"4684\">\n<p data-start=\"4616\" data-end=\"4684\"><strong data-start=\"4616\" data-end=\"4641\">Consistente Kwaliteit<\/strong> \u2013 Geproduceerd onder GMP-achtige normen.<\/p>\n<\/li>\n<li data-start=\"4685\" data-end=\"4777\">\n<p data-start=\"4687\" data-end=\"4777\"><strong data-start=\"4687\" data-end=\"4709\">Embalagem segura<\/strong> \u2013 Luchtdicht en vochtbestendig verpakt voor optimale bescherming.<\/p>\n<\/li>\n<\/ul>\n<hr data-start=\"4779\" data-end=\"4782\" \/>\n<h3 data-start=\"4784\" data-end=\"4801\"><strong data-start=\"4788\" data-end=\"4801\">Vantagens<\/strong><\/h3>\n<ul data-start=\"4802\" data-end=\"5109\">\n<li data-start=\"4802\" data-end=\"4883\">\n<p data-start=\"4804\" data-end=\"4883\">Ondersteunt onderzoek naar <strong data-start=\"4831\" data-end=\"4880\">cognitieve functies, geheugen en leervermogen<\/strong>.<\/p>\n<\/li>\n<li data-start=\"4884\" data-end=\"4962\">\n<p data-start=\"4886\" data-end=\"4962\">Adequado para <strong data-start=\"4900\" data-end=\"4959\">studies naar neuroprotectie en synaptische plasticiteit<\/strong>.<\/p>\n<\/li>\n<li data-start=\"4963\" data-end=\"5029\">\n<p data-start=\"4965\" data-end=\"5029\">Zorgt voor <strong data-start=\"4976\" data-end=\"5026\">nauwkeurige dosering en betrouwbare resultaten<\/strong>.<\/p>\n<\/li>\n<li data-start=\"5030\" data-end=\"5109\">\n<p data-start=\"5032\" data-end=\"5109\">Eenvoudig te hanteren, bewaren en vervoeren dankzij de stabiele pelletvorm. noopept kopen<\/p>\n<\/li>\n<\/ul>\n<hr data-start=\"5111\" data-end=\"5114\" \/>\n<h3 data-start=\"5116\" data-end=\"5131\"><strong data-start=\"5120\" data-end=\"5131\">Utiliza\u00e7\u00e3o<\/strong><\/h3>\n<ul data-start=\"5132\" data-end=\"5424\">\n<li data-start=\"5132\" data-end=\"5202\">\n<p data-start=\"5134\" data-end=\"5202\">Alleen te gebruiken door <strong data-start=\"5159\" data-end=\"5199\">gekwalificeerd laboratoriumpersoneel<\/strong>.<\/p>\n<\/li>\n<li data-start=\"5203\" data-end=\"5286\">\n<p data-start=\"5205\" data-end=\"5286\">Draag geschikte <strong data-start=\"5221\" data-end=\"5245\">beschermingsmiddelen<\/strong> zoals handschoenen en veiligheidsbril.<\/p>\n<\/li>\n<li data-start=\"5287\" data-end=\"5365\">\n<p data-start=\"5289\" data-end=\"5365\">Bewaren op een <strong data-start=\"5304\" data-end=\"5327\">koele, droge plaats<\/strong>, beschermd tegen zonlicht en vocht.<\/p>\n<\/li>\n<li data-start=\"5366\" data-end=\"5424\">\n<p data-start=\"5368\" data-end=\"5424\">Niet geschikt voor menselijke of dierlijke consumptie.<\/p>\n<\/li>\n<\/ul>\n<hr data-start=\"5426\" data-end=\"5429\" \/>\n<h3 data-start=\"5431\" data-end=\"5466\"><strong data-start=\"5435\" data-end=\"5466\">Veelgestelde Vragen (FAQ\u2019s)<\/strong><\/h3>\n<p data-start=\"5468\" data-end=\"5640\"><strong data-start=\"5468\" data-end=\"5507\">1. Waarvoor wordt Noopept gebruikt?<\/strong><br data-start=\"5507\" data-end=\"5510\" \/>Noopept wordt gebruikt voor <strong data-start=\"5538\" data-end=\"5597\">onderzoek naar cognitieve en neuroprotectieve processen<\/strong>, met nadruk op geheugen en leervermogen.<\/p>\n<p data-start=\"5642\" data-end=\"5811\"><strong data-start=\"5642\" data-end=\"5700\">2. Is Noopept 20 MG geschikt voor persoonlijk gebruik?<\/strong><br data-start=\"5700\" data-end=\"5703\" \/>N\u00e3o. Este produto \u00e9 <strong data-start=\"5723\" data-end=\"5773\">uitsluitend bedoeld voor laboratoriumonderzoek<\/strong> en niet voor menselijke consumptie.<\/p>\n<p data-start=\"5813\" data-end=\"5980\"><strong data-start=\"5813\" data-end=\"5858\">3. Hoe moet Noopept 20 MG worden bewaard?<\/strong><br data-start=\"5858\" data-end=\"5861\" \/>Armazenar num <strong data-start=\"5876\" data-end=\"5913\">droge, goed afgesloten verpakking<\/strong> bij kamertemperatuur (15\u201325\u00b0C), uit de buurt van vocht en licht.<\/p>","protected":false},"excerpt":{"rendered":"<p>Noopept 20 MG Pellets zijn hoogwaardige onderzoeksverbindingen, speciaal ontwikkeld voor neurowetenschappelijk en cognitief onderzoek. Chemisch bekend als N-fenylacetyl-L-prolylglycine ethylester, wordt<\/p>","protected":false},"featured_media":17043,"comment_status":"closed","ping_status":"closed","template":"","meta":[],"product_brand":[],"product_cat":[67,283,68,71,26],"product_tag":[22,284,285],"class_list":{"0":"post-432","1":"product","2":"type-product","3":"status-publish","4":"has-post-thumbnail","6":"product_cat-noopept","7":"product_cat-noopept-pellets","8":"product_cat-nootropics","9":"product_cat-pellets","10":"product_cat-sale","11":"product_tag-nl","12":"product_tag-noopept","13":"product_tag-noopept-kopen","15":"first","16":"instock","17":"shipping-taxable","18":"purchasable","19":"product-type-variable"},"_links":{"self":[{"href":"https:\/\/researchchemicalshop.eu\/pt\/wp-json\/wp\/v2\/product\/432","targetHints":{"allow":["GET"]}}],"collection":[{"href":"https:\/\/researchchemicalshop.eu\/pt\/wp-json\/wp\/v2\/product"}],"about":[{"href":"https:\/\/researchchemicalshop.eu\/pt\/wp-json\/wp\/v2\/types\/product"}],"replies":[{"embeddable":true,"href":"https:\/\/researchchemicalshop.eu\/pt\/wp-json\/wp\/v2\/comments?post=432"}],"version-history":[{"count":1,"href":"https:\/\/researchchemicalshop.eu\/pt\/wp-json\/wp\/v2\/product\/432\/revisions"}],"predecessor-version":[{"id":16645,"href":"https:\/\/researchchemicalshop.eu\/pt\/wp-json\/wp\/v2\/product\/432\/revisions\/16645"}],"wp:featuredmedia":[{"embeddable":true,"href":"https:\/\/researchchemicalshop.eu\/pt\/wp-json\/wp\/v2\/media\/17043"}],"wp:attachment":[{"href":"https:\/\/researchchemicalshop.eu\/pt\/wp-json\/wp\/v2\/media?parent=432"}],"wp:term":[{"taxonomy":"product_brand","embeddable":true,"href":"https:\/\/researchchemicalshop.eu\/pt\/wp-json\/wp\/v2\/product_brand?post=432"},{"taxonomy":"product_cat","embeddable":true,"href":"https:\/\/researchchemicalshop.eu\/pt\/wp-json\/wp\/v2\/product_cat?post=432"},{"taxonomy":"product_tag","embeddable":true,"href":"https:\/\/researchchemicalshop.eu\/pt\/wp-json\/wp\/v2\/product_tag?post=432"}],"curies":[{"name":"wp","href":"https:\/\/api.w.org\/{rel}","templated":true}]}}