{"id":396,"date":"2026-02-09T11:52:43","date_gmt":"2026-02-09T11:52:43","guid":{"rendered":"https:\/\/researchchemicalshop.eu\/?post_type=product&#038;p=396"},"modified":"2026-03-06T02:22:20","modified_gmt":"2026-03-06T02:22:20","slug":"2-3-fea-40-mg-120mg-pellets","status":"publish","type":"product","link":"https:\/\/researchchemicalshop.eu\/pt\/produto\/2-3-fea-40-mg-120mg-pellets\/","title":{"rendered":"2\/3-FEA 40 MG\/120MG Comprimidos"},"content":{"rendered":"<h3><strong>2\/3-FEA 40 MG \/ 120 MG Pellets - Descri\u00e7\u00e3o cient\u00edfica do produto<\/strong><\/h3>\n<p data-start=\"3981\" data-end=\"4200\"><strong data-start=\"3981\" data-end=\"4016\">2-FEA (2-Fluoroetilanfetamina)<\/strong> e <strong data-start=\"4020\" data-end=\"4055\">3-FEA (3-Fluoroetilanfetamina)<\/strong> Os granulados s\u00e3o <strong data-start=\"4069\" data-end=\"4115\">compostos de investiga\u00e7\u00e3o de elevada pureza<\/strong>, Concebido para <strong data-start=\"4132\" data-end=\"4197\">neuroci\u00eancia, farmacologia e investiga\u00e7\u00e3o anal\u00edtica<\/strong>. 2 fea<\/p>\n<p data-start=\"4202\" data-end=\"4469\">Estas variantes de fl\u00faor da anfetamina e da metanfetamina est\u00e3o a ser investigadas quanto \u00e0 sua <strong data-start=\"4285\" data-end=\"4329\">influ\u00eancia na neurotransmiss\u00e3o monoamin\u00e9rgica<\/strong> e <strong data-start=\"4333\" data-end=\"4370\">recapta\u00e7\u00e3o de dopamina\/noradrenalina<\/strong>. A substitui\u00e7\u00e3o do fl\u00faor fornece informa\u00e7\u00f5es valiosas sobre <strong data-start=\"4424\" data-end=\"4466\">rela\u00e7\u00f5es estrutura-atividade (SAR)<\/strong>.<\/p>\n<p data-start=\"4471\" data-end=\"4606\">Cada pellet cont\u00e9m <strong data-start=\"4489\" data-end=\"4504\">40 mg de 2-FEA<\/strong> ou <strong data-start=\"4508\" data-end=\"4524\">120 mg de 3-FEA<\/strong>, O seu tamanho \u00e9 cuidadosamente medido para obter resultados de exame exactos e reprodut\u00edveis.<\/p>\n<blockquote data-start=\"4608\" data-end=\"4754\">\n<p data-start=\"4610\" data-end=\"4754\">\u26a0\ufe0f <strong data-start=\"4613\" data-end=\"4624\">Nota:<\/strong> Estas liga\u00e7\u00f5es s\u00e3o <strong data-start=\"4648\" data-end=\"4703\">destinados exclusivamente \u00e0 investiga\u00e7\u00e3o cient\u00edfica<\/strong> e <strong data-start=\"4707\" data-end=\"4751\">impr\u00f3prio para consumo humano<\/strong>.<\/p>\n<\/blockquote>\n<hr data-start=\"4756\" data-end=\"4759\" \/>\n<h3 data-start=\"4761\" data-end=\"4792\"><strong data-start=\"4765\" data-end=\"4792\">Carater\u00edsticas principais<\/strong><\/h3>\n<ul data-start=\"4793\" data-end=\"5227\">\n<li data-start=\"4793\" data-end=\"4877\">\n<p data-start=\"4795\" data-end=\"4877\"><strong data-start=\"4795\" data-end=\"4821\">Alta pureza (\u226599%)<\/strong> - Testado em laborat\u00f3rio quanto \u00e0 sua identidade e consist\u00eancia.<\/p>\n<\/li>\n<li data-start=\"4878\" data-end=\"4969\">\n<p data-start=\"4880\" data-end=\"4969\"><strong data-start=\"4880\" data-end=\"4921\">Dosagem exacta (40 MG \/ 120 MG)<\/strong> - Para resultados fi\u00e1veis e repet\u00edveis.<\/p>\n<\/li>\n<li data-start=\"4970\" data-end=\"5059\">\n<p data-start=\"4972\" data-end=\"5059\"><strong data-start=\"4972\" data-end=\"4998\">Estabilidade melhorada<\/strong> - A forma de pellets prolonga o prazo de validade e evita a degrada\u00e7\u00e3o.<\/p>\n<\/li>\n<li data-start=\"5060\" data-end=\"5142\">\n<p data-start=\"5062\" data-end=\"5142\"><strong data-start=\"5062\" data-end=\"5087\">Produ\u00e7\u00e3o tipo GMP<\/strong> - Qualidade garantida para fins de investiga\u00e7\u00e3o.<\/p>\n<\/li>\n<li data-start=\"5143\" data-end=\"5227\">\n<p data-start=\"5145\" data-end=\"5227\"><strong data-start=\"5145\" data-end=\"5167\">Embalagem segura<\/strong> - Estanque ao ar e resistente \u00e0 humidade para uma prote\u00e7\u00e3o m\u00e1xima.<\/p>\n<\/li>\n<\/ul>\n<hr data-start=\"5229\" data-end=\"5232\" \/>\n<h3 data-start=\"5234\" data-end=\"5251\"><strong data-start=\"5238\" data-end=\"5251\">Vantagens<\/strong><\/h3>\n<ul data-start=\"5252\" data-end=\"5503\">\n<li data-start=\"5252\" data-end=\"5324\">\n<p data-start=\"5254\" data-end=\"5324\">Adequado para <strong data-start=\"5268\" data-end=\"5321\">investiga\u00e7\u00e3o farmacol\u00f3gica e neurocient\u00edfica<\/strong>.<\/p>\n<\/li>\n<li data-start=\"5325\" data-end=\"5389\">\n<p data-start=\"5327\" data-end=\"5389\"><strong data-start=\"5327\" data-end=\"5351\">Dosagem exacta<\/strong> e reprodutibilidade fi\u00e1vel. 2 carater\u00edsticas<\/p>\n<\/li>\n<li data-start=\"5390\" data-end=\"5450\">\n<p data-start=\"5392\" data-end=\"5450\">Apoios <strong data-start=\"5404\" data-end=\"5447\">investiga\u00e7\u00e3o de an\u00e1logos da fluoranfetamina<\/strong>.<\/p>\n<\/li>\n<li data-start=\"5451\" data-end=\"5503\">\n<p data-start=\"5453\" data-end=\"5503\"><strong data-start=\"5453\" data-end=\"5478\">F\u00e1cil de manusear<\/strong> e armazenamento seguro.<\/p>\n<\/li>\n<\/ul>\n<hr data-start=\"5505\" data-end=\"5508\" \/>\n<h3 data-start=\"5510\" data-end=\"5525\"><strong data-start=\"5514\" data-end=\"5525\">Utiliza\u00e7\u00e3o<\/strong><\/h3>\n<ul data-start=\"5526\" data-end=\"5807\">\n<li data-start=\"5526\" data-end=\"5596\">\n<p data-start=\"5528\" data-end=\"5596\">Alleen te gebruiken door <strong data-start=\"5553\" data-end=\"5593\">gekwalificeerd laboratoriumpersoneel<\/strong>.<\/p>\n<\/li>\n<li data-start=\"5597\" data-end=\"5671\">\n<p data-start=\"5599\" data-end=\"5671\">Draag geschikte <strong data-start=\"5615\" data-end=\"5639\">beschermingsmiddelen<\/strong> (handschoenen, bril, labjas).<\/p>\n<\/li>\n<li data-start=\"5672\" data-end=\"5748\">\n<p data-start=\"5674\" data-end=\"5748\">Bewaren op een <strong data-start=\"5689\" data-end=\"5712\">koele, droge plaats<\/strong>, uit de buurt van licht en vocht.<\/p>\n<\/li>\n<li data-start=\"5749\" data-end=\"5807\">\n<p data-start=\"5751\" data-end=\"5807\">Niet geschikt voor menselijke of dierlijke consumptie.<\/p>\n<\/li>\n<\/ul>\n<hr data-start=\"5809\" data-end=\"5812\" \/>\n<h3 data-start=\"5814\" data-end=\"5849\"><strong data-start=\"5818\" data-end=\"5849\">Veelgestelde Vragen (FAQ\u2019s)<\/strong><\/h3>\n<p data-start=\"5851\" data-end=\"6023\"><strong data-start=\"5851\" data-end=\"5898\">1. Waarvoor worden 2-FEA en 3-FEA gebruikt?<\/strong><br data-start=\"5898\" data-end=\"5901\" \/>Ze worden gebruikt voor <strong data-start=\"5925\" data-end=\"5978\">neurowetenschappelijk en farmacologisch onderzoek<\/strong> naar stimulantia en monoaminerge systemen.<\/p>\n<p data-start=\"6025\" data-end=\"6210\"><strong data-start=\"6025\" data-end=\"6082\">2. Zijn 2-FEA en 3-FEA veilig voor menselijk gebruik?<\/strong><br data-start=\"6082\" data-end=\"6085\" \/>Nee. Deze producten zijn <strong data-start=\"6110\" data-end=\"6160\">uitsluitend bedoeld voor laboratoriumonderzoek<\/strong> e n\u00e3o aprovado para consumo humano.<\/p>\n<p data-start=\"6212\" data-end=\"6384\"><strong data-start=\"6212\" data-end=\"6267\">3. Hoe moeten 2-FEA \/ 3-FEA Pellets worden bewaard?<\/strong><br data-start=\"6267\" data-end=\"6270\" \/>Armazenar num <strong data-start=\"6285\" data-end=\"6315\">embalagem hermeticamente fechada<\/strong> bij kamertemperatuur (15\u201325\u00b0C), beschermd tegen vocht en zonlicht.<\/p>","protected":false},"excerpt":{"rendered":"<p><span style=\"color: #ff6600;\"><strong><span style=\"vertical-align: inherit;\"><span style=\"vertical-align: inherit;\">Substitu\u00edda por Newphoria 2\/3-FEA Pellets &gt;&gt;<\/span><\/span><\/strong><\/span><\/p>","protected":false},"featured_media":16931,"comment_status":"closed","ping_status":"closed","template":"","meta":[],"product_brand":[],"product_cat":[17,32,71],"product_tag":[267,268,980,269,270,22],"class_list":{"0":"post-396","1":"product","2":"type-product","3":"status-publish","4":"has-post-thumbnail","6":"product_cat-bijna-verboden","7":"product_cat-gefluoreerden","8":"product_cat-pellets","9":"product_tag-2-fea","10":"product_tag-2-fea-kopen","11":"product_tag-2-3-fea-40-mg-120mg-pellets","12":"product_tag-3-fea-kopen","13":"product_tag-3-fea","14":"product_tag-nl","16":"first","17":"instock","18":"shipping-taxable","19":"purchasable","20":"product-type-variable"},"_links":{"self":[{"href":"https:\/\/researchchemicalshop.eu\/pt\/wp-json\/wp\/v2\/product\/396","targetHints":{"allow":["GET"]}}],"collection":[{"href":"https:\/\/researchchemicalshop.eu\/pt\/wp-json\/wp\/v2\/product"}],"about":[{"href":"https:\/\/researchchemicalshop.eu\/pt\/wp-json\/wp\/v2\/types\/product"}],"replies":[{"embeddable":true,"href":"https:\/\/researchchemicalshop.eu\/pt\/wp-json\/wp\/v2\/comments?post=396"}],"version-history":[{"count":1,"href":"https:\/\/researchchemicalshop.eu\/pt\/wp-json\/wp\/v2\/product\/396\/revisions"}],"predecessor-version":[{"id":16688,"href":"https:\/\/researchchemicalshop.eu\/pt\/wp-json\/wp\/v2\/product\/396\/revisions\/16688"}],"wp:featuredmedia":[{"embeddable":true,"href":"https:\/\/researchchemicalshop.eu\/pt\/wp-json\/wp\/v2\/media\/16931"}],"wp:attachment":[{"href":"https:\/\/researchchemicalshop.eu\/pt\/wp-json\/wp\/v2\/media?parent=396"}],"wp:term":[{"taxonomy":"product_brand","embeddable":true,"href":"https:\/\/researchchemicalshop.eu\/pt\/wp-json\/wp\/v2\/product_brand?post=396"},{"taxonomy":"product_cat","embeddable":true,"href":"https:\/\/researchchemicalshop.eu\/pt\/wp-json\/wp\/v2\/product_cat?post=396"},{"taxonomy":"product_tag","embeddable":true,"href":"https:\/\/researchchemicalshop.eu\/pt\/wp-json\/wp\/v2\/product_tag?post=396"}],"curies":[{"name":"wp","href":"https:\/\/api.w.org\/{rel}","templated":true}]}}