{"id":679,"date":"2026-02-09T11:54:47","date_gmt":"2026-02-09T11:54:47","guid":{"rendered":"https:\/\/researchchemicalshop.eu\/?post_type=product&#038;p=679"},"modified":"2026-03-06T01:16:32","modified_gmt":"2026-03-06T01:16:32","slug":"chem-mist-2f-dck-spray-2","status":"publish","type":"product","link":"https:\/\/researchchemicalshop.eu\/pl\/produkt\/chem-mist-2f-dck-spray-2\/","title":{"rendered":"Chem-mist 2F-DCK spray 10%"},"content":{"rendered":"<p data-start=\"5182\" data-end=\"5517\"><strong data-start=\"5182\" data-end=\"5212\">Chem-Mist 2F-DCK Spray 10%<\/strong> jest <strong data-start=\"5220\" data-end=\"5255\">analityczne rozwi\u0105zanie referencyjne<\/strong> te <strong data-start=\"5260\" data-end=\"5298\">2-Fluorodechloroketamina (2F-DCK)<\/strong> zawiera zwi\u0105zek z <strong data-start=\"5328\" data-end=\"5359\">rodzina arylocykloheksyloamin<\/strong>. mg\u0142a chemiczna w sprayu<br data-start=\"5360\" data-end=\"5363\" \/>Jest on u\u017cywany w <strong data-start=\"5385\" data-end=\"5427\">laboratoria kryminalistyczne i analityczne<\/strong> dla <strong data-start=\"5433\" data-end=\"5468\">kalibracja i walidacja metody<\/strong> Podczas badania podobnych zwi\u0105zk\u00f3w.<\/p>\n<p data-start=\"5519\" data-end=\"5651\">Ten produkt jest <strong data-start=\"5534\" data-end=\"5589\">przeznaczone wy\u0142\u0105cznie do bada\u0144 naukowych<\/strong> oraz <strong data-start=\"5593\" data-end=\"5650\">nie nadaje si\u0119 do spo\u017cycia przez ludzi lub zwierz\u0119ta<\/strong>.<\/p>\n<hr data-start=\"5653\" data-end=\"5656\" \/>\n<h3 data-start=\"5658\" data-end=\"5689\"><strong data-start=\"5662\" data-end=\"5689\">Najwa\u017cniejsze cechy<\/strong><\/h3>\n<ul data-start=\"5691\" data-end=\"6145\">\n<li data-start=\"5691\" data-end=\"5777\">\n<p data-start=\"5693\" data-end=\"5777\"><strong data-start=\"5693\" data-end=\"5713\">Wysoka czysto\u015b\u0107:<\/strong> Produkowany w kontrolowanych warunkach laboratoryjnych.<\/p>\n<\/li>\n<li data-start=\"5778\" data-end=\"5854\">\n<p data-start=\"5780\" data-end=\"5854\"><strong data-start=\"5780\" data-end=\"5801\">10% St\u0119\u017cenie:<\/strong> Zaprojektowany z my\u015bl\u0105 o sta\u0142ej wydajno\u015bci analitycznej.<\/p>\n<\/li>\n<li data-start=\"5855\" data-end=\"5957\">\n<p data-start=\"5857\" data-end=\"5957\"><strong data-start=\"5857\" data-end=\"5896\">Certyfikowany materia\u0142 referencyjny:<\/strong> W zestawie <strong data-start=\"5910\" data-end=\"5938\">certyfikat analizy (COA)<\/strong> i dokumentacj\u0119.<\/p>\n<\/li>\n<li data-start=\"5958\" data-end=\"6053\">\n<p data-start=\"5960\" data-end=\"6053\"><strong data-start=\"5960\" data-end=\"5991\">Szerokie wdro\u017cenie analityczne:<\/strong> Odpowiedni dla <strong data-start=\"6006\" data-end=\"6015\">GC-MS<\/strong>, <strong data-start=\"6017\" data-end=\"6025\">HPLC<\/strong> oraz <strong data-start=\"6029\" data-end=\"6041\">LC-MS\/MS<\/strong> analizy.<\/p>\n<\/li>\n<li data-start=\"6054\" data-end=\"6145\">\n<p data-start=\"6056\" data-end=\"6145\"><strong data-start=\"6056\" data-end=\"6082\">Stabilny system natryskowy:<\/strong> Zapewnia niezawodne dzia\u0142anie w \u015brodowiskach analitycznych.<\/p>\n<\/li>\n<\/ul>\n<hr data-start=\"6147\" data-end=\"6150\" \/>\n<h3 data-start=\"6152\" data-end=\"6169\"><strong data-start=\"6156\" data-end=\"6169\">Zalety<\/strong><\/h3>\n<ul data-start=\"6171\" data-end=\"6680\">\n<li data-start=\"6171\" data-end=\"6278\">\n<p data-start=\"6173\" data-end=\"6278\"><strong data-start=\"6173\" data-end=\"6209\">Obs\u0142uguje analiz\u0119 kryminalistyczn\u0105:<\/strong> Pomaga w wykrywaniu i kalibracji analog\u00f3w arylocykloheksyloaminy.<\/p>\n<\/li>\n<li data-start=\"6279\" data-end=\"6399\">\n<p data-start=\"6281\" data-end=\"6399\"><strong data-start=\"6281\" data-end=\"6308\">Niezawodna kalibracja:<\/strong> Zapewnia powtarzalne wyniki w badaniach chromatograficznych i spektroskopowych.<\/p>\n<\/li>\n<li data-start=\"6400\" data-end=\"6476\">\n<p data-start=\"6402\" data-end=\"6476\"><strong data-start=\"6402\" data-end=\"6424\">Warto\u015b\u0107 edukacyjna:<\/strong> Nadaje si\u0119 do bada\u0144 akademickich i analitycznych.<\/p>\n<\/li>\n<li data-start=\"6477\" data-end=\"6572\">\n<p data-start=\"6479\" data-end=\"6572\"><strong data-start=\"6479\" data-end=\"6510\">Bezpieczne u\u017cytkowanie w laboratorium:<\/strong> Zaprojektowany do kontrolowanych zastosowa\u0144 naukowych.<\/p>\n<\/li>\n<li data-start=\"6573\" data-end=\"6680\">\n<p data-start=\"6575\" data-end=\"6680\"><strong data-start=\"6575\" data-end=\"6609\">Spe\u0142nia normy bezpiecze\u0144stwa:<\/strong> Dostarczane z dokumentacj\u0105 zgodno\u015bci z wytycznymi laboratoryjnymi.<\/p>\n<\/li>\n<\/ul>\n<hr data-start=\"6682\" data-end=\"6685\" \/>\n<h3 data-start=\"6687\" data-end=\"6748\"><strong data-start=\"6691\" data-end=\"6748\">Instrukcja u\u017cytkowania (tylko do cel\u00f3w badawczych)<\/strong><\/h3>\n<ol data-start=\"6750\" data-end=\"7103\">\n<li data-start=\"6750\" data-end=\"6848\">\n<p data-start=\"6753\" data-end=\"6848\"><strong data-start=\"6753\" data-end=\"6771\">Przygotowanie:<\/strong> U\u017cywa\u0107 wy\u0142\u0105cznie w zatwierdzonych laboratoriach z odpowiednim wyposa\u017ceniem ochronnym.<\/p>\n<\/li>\n<li data-start=\"6849\" data-end=\"6945\">\n<p data-start=\"6852\" data-end=\"6945\"><strong data-start=\"6852\" data-end=\"6867\">Zastosowanie:<\/strong> Stosowa\u0107 w dobrze wentylowanych pomieszczeniach zgodnie z zatwierdzonymi protoko\u0142ami.<\/p>\n<\/li>\n<li data-start=\"6946\" data-end=\"7009\">\n<p data-start=\"6949\" data-end=\"7009\"><strong data-start=\"6949\" data-end=\"6960\">Opslag:<\/strong> Bewaar koel, droog en donker, goed afgesloten.<\/p>\n<\/li>\n<li data-start=\"7010\" data-end=\"7103\">\n<p data-start=\"7013\" data-end=\"7103\"><strong data-start=\"7013\" data-end=\"7024\">Afvoer:<\/strong> Verwijder restanten volgens de lokale regelgeving voor chemisch afvalbeheer.<\/p>\n<\/li>\n<\/ol>\n<hr data-start=\"7105\" data-end=\"7108\" \/>\n<h3 data-start=\"7110\" data-end=\"7144\"><strong data-start=\"7114\" data-end=\"7144\">Veiligheid en Conformiteit<\/strong><\/h3>\n<ul data-start=\"7146\" data-end=\"7599\">\n<li data-start=\"7146\" data-end=\"7241\">\n<p data-start=\"7148\" data-end=\"7241\"><strong data-start=\"7148\" data-end=\"7184\">Alleen voor Laboratoriumgebruik:<\/strong> Niet geschikt voor menselijke of dierlijke consumptie.<\/p>\n<\/li>\n<li data-start=\"7242\" data-end=\"7364\">\n<p data-start=\"7244\" data-end=\"7364\"><strong data-start=\"7244\" data-end=\"7272\">Wettelijke Overwegingen:<\/strong> De juridische status van 2F-DCK varieert per land; controleer altijd de lokale wetgeving.<\/p>\n<\/li>\n<li data-start=\"7365\" data-end=\"7474\">\n<p data-start=\"7367\" data-end=\"7474\"><strong data-start=\"7367\" data-end=\"7395\">Gezondheid &amp; Veiligheid:<\/strong> Vermijd inademing of huidcontact; gebruik persoonlijke beschermingsmiddelen. chem mist spray<\/p>\n<\/li>\n<li data-start=\"7475\" data-end=\"7599\">\n<p data-start=\"7477\" data-end=\"7599\"><strong data-start=\"7477\" data-end=\"7494\">Documentatie:<\/strong> Een <strong data-start=\"7499\" data-end=\"7535\">veiligheidsinformatieblad (MSDS)<\/strong> oraz <strong data-start=\"7539\" data-end=\"7567\">certyfikat analizy (COA)<\/strong> zijn beschikbaar op aanvraag.<\/p>\n<\/li>\n<\/ul>\n<hr data-start=\"7601\" data-end=\"7604\" \/>\n<h3 data-start=\"7606\" data-end=\"7641\"><strong data-start=\"7610\" data-end=\"7641\">Veelgestelde Vragen (FAQ\u2019s)<\/strong><\/h3>\n<p data-start=\"7643\" data-end=\"7831\"><strong data-start=\"7643\" data-end=\"7701\">1. Waarvoor wordt Chem-Mist 2F-DCK Spray 10% gebruikt?<\/strong><br data-start=\"7701\" data-end=\"7704\" \/>Het wordt gebruikt als <strong data-start=\"7727\" data-end=\"7750\">referentieoplossing<\/strong> in forensische en chemische laboratoria voor detectie- en kalibratieonderzoek.<\/p>\n<p data-start=\"7833\" data-end=\"8034\"><strong data-start=\"7833\" data-end=\"7906\">2. Is Chem-Mist 2F-DCK Spray 10% geschikt voor menselijke consumptie?<\/strong><br data-start=\"7906\" data-end=\"7909\" \/>Nee. Dit product is <strong data-start=\"7929\" data-end=\"7984\">przeznaczone wy\u0142\u0105cznie do bada\u0144 naukowych<\/strong> oraz <strong data-start=\"7988\" data-end=\"8031\">niet goedgekeurd voor menselijk gebruik<\/strong>.<\/p>\n<p data-start=\"8036\" data-end=\"8181\"><strong data-start=\"8036\" data-end=\"8097\">3. Hoe moet Chem-Mist 2F-DCK Spray 10% worden opgeslagen?<\/strong><br data-start=\"8097\" data-end=\"8100\" \/>Bewaar koel, droog en donker, goed afgesloten en buiten bereik van onbevoegden.<\/p>\n<p data-start=\"8036\" data-end=\"8181\"><a href=\"https:\/\/researchchemicalshop.eu\/pl\/sklep\/lizergamidy\/1cp-lsd\/\">1cp lsd<\/a><a href=\"https:\/\/researchchemicalshop.eu\/pl\/sklep\/pellets-for-pellet\/o-dsmt-50mg-pellets\/\">o-dsmt<\/a><a href=\"https:\/\/researchchemicalshop.eu\/pl\/sklep\/pellets-for-pellet\/1p-lsd-microdose\/\">1P-LSD microdose<\/a><\/p>","protected":false},"excerpt":{"rendered":"<h2><span style=\"vertical-align: inherit;\"><span style=\"vertical-align: inherit;\">Chem-mist 2F-DCK spray 10% Vanilla Sky properties<\/span><\/span><\/h2>\n<p><strong><span style=\"vertical-align: inherit;\"><span style=\"vertical-align: inherit;\">Synonym:<\/span><\/span><\/strong><span style=\"vertical-align: inherit;\"><span style=\"vertical-align: inherit;\"> 2-fluorodeschloroketamine HCl <\/span><\/span><br \/>\n<strong><span style=\"vertical-align: inherit;\"><span style=\"vertical-align: inherit;\">CAS Number:<\/span><\/span><\/strong><span style=\"vertical-align: inherit;\"><span style=\"vertical-align: inherit;\"> 111982-49-1 <\/span><\/span><br \/>\n<strong><span style=\"vertical-align: inherit;\"><span style=\"vertical-align: inherit;\">Formula:<\/span><\/span><\/strong><span style=\"vertical-align: inherit;\"><span style=\"vertical-align: inherit;\"> 2-(2-fluorophenyl)-2-(methylamino)-cyclohexanone <\/span><\/span><br \/>\n<strong><span style=\"vertical-align: inherit;\"><span style=\"vertical-align: inherit;\">Molar Mass:<\/span><\/span><\/strong><span style=\"vertical-align: inherit;\"><span style=\"vertical-align: inherit;\"> 257.7 g\/mol <\/span><\/span><br \/>\n<strong><span style=\"vertical-align: inherit;\"><span style=\"vertical-align: inherit;\">Purity:<\/span><\/span><\/strong><span style=\"vertical-align: inherit;\"><span style=\"vertical-align: inherit;\"> &gt;98%<\/span><\/span><\/p>","protected":false},"featured_media":16957,"comment_status":"closed","ping_status":"closed","template":"","meta":[],"product_brand":[],"product_cat":[97,321,98,322,306],"product_tag":[335,333,334,22,324],"class_list":{"0":"post-679","1":"product","2":"type-product","3":"status-publish","4":"has-post-thumbnail","6":"product_cat-2f-dck","7":"product_cat-2f-dck-spray","8":"product_cat-arylcyclohexylamines","9":"product_cat-chem-mist-spray","10":"product_cat-liquid-rc","11":"product_tag-chem-mist-2f-dck-spray","12":"product_tag-chem-mist-spray","13":"product_tag-chem-mist-spray-kopen","14":"product_tag-nl","15":"product_tag-spring-is-in-the-air","17":"first","18":"instock","19":"shipping-taxable","20":"purchasable","21":"product-type-variable"},"_links":{"self":[{"href":"https:\/\/researchchemicalshop.eu\/pl\/wp-json\/wp\/v2\/product\/679","targetHints":{"allow":["GET"]}}],"collection":[{"href":"https:\/\/researchchemicalshop.eu\/pl\/wp-json\/wp\/v2\/product"}],"about":[{"href":"https:\/\/researchchemicalshop.eu\/pl\/wp-json\/wp\/v2\/types\/product"}],"replies":[{"embeddable":true,"href":"https:\/\/researchchemicalshop.eu\/pl\/wp-json\/wp\/v2\/comments?post=679"}],"version-history":[{"count":1,"href":"https:\/\/researchchemicalshop.eu\/pl\/wp-json\/wp\/v2\/product\/679\/revisions"}],"predecessor-version":[{"id":16635,"href":"https:\/\/researchchemicalshop.eu\/pl\/wp-json\/wp\/v2\/product\/679\/revisions\/16635"}],"wp:featuredmedia":[{"embeddable":true,"href":"https:\/\/researchchemicalshop.eu\/pl\/wp-json\/wp\/v2\/media\/16957"}],"wp:attachment":[{"href":"https:\/\/researchchemicalshop.eu\/pl\/wp-json\/wp\/v2\/media?parent=679"}],"wp:term":[{"taxonomy":"product_brand","embeddable":true,"href":"https:\/\/researchchemicalshop.eu\/pl\/wp-json\/wp\/v2\/product_brand?post=679"},{"taxonomy":"product_cat","embeddable":true,"href":"https:\/\/researchchemicalshop.eu\/pl\/wp-json\/wp\/v2\/product_cat?post=679"},{"taxonomy":"product_tag","embeddable":true,"href":"https:\/\/researchchemicalshop.eu\/pl\/wp-json\/wp\/v2\/product_tag?post=679"}],"curies":[{"name":"wp","href":"https:\/\/api.w.org\/{rel}","templated":true}]}}