{"id":4448,"date":"2026-02-09T12:04:39","date_gmt":"2026-02-09T12:04:39","guid":{"rendered":"https:\/\/researchchemicalshop.eu\/?post_type=product&#038;p=4448"},"modified":"2026-02-11T20:51:52","modified_gmt":"2026-02-11T20:51:52","slug":"4mmc","status":"publish","type":"product","link":"https:\/\/researchchemicalshop.eu\/pl\/produkt\/4mmc\/","title":{"rendered":"Kup Mefedron ( 4MMC )"},"content":{"rendered":"<h1 class=\"serp-title\">Kup 4mmc<\/h1>\n<h2 data-start=\"557\" data-end=\"590\"><strong data-start=\"560\" data-end=\"590\">Czym jest Mefedron (4-MMC)?<\/strong><\/h2>\n<p data-start=\"592\" data-end=\"923\"><span class=\"___SBox_4905a-ko_ ___SText_1ifhk-ko_\" data-ui-name=\"Link.Text\">4mmc<\/span>, buy 4mmc, mefedron, buy 4mmc, Mefedron, wissenschaftlich bekannt als <strong data-start=\"632\" data-end=\"664\">4-metylometkatynon (4-MMC)<\/strong>, jest syntetyczn\u0105 substancj\u0105 z grupy der <strong data-start=\"716\" data-end=\"729\">Katynon<\/strong>, kt\u00f3ry chemicznie \u0142agodzi <strong data-start=\"748\" data-end=\"764\">Amfetaminy<\/strong> verwandt ist. Pocz\u0105tkowo w 2000 roku by\u0142a sprzedawana jako \u201eLegal High\u201c lub \u201eBadesalz\u201c, jednak w wi\u0119kszo\u015bci kraj\u00f3w zosta\u0142a zakazana.<\/p>\n<p data-start=\"925\" data-end=\"1301\">Z chemicznego punktu widzenia Mefedron dzia\u0142a jak <strong data-start=\"962\" data-end=\"975\">Zach\u0119ta<\/strong>, kt\u00f3ry zwi\u0119ksza aktywno\u015b\u0107 centralnego uk\u0142adu nerwowego. Es wurde h\u00e4ufig wegen seiner euphorisierenden und anregenden Wirkung konsumiert - \u00e4hnlich wie <strong data-start=\"1125\" data-end=\"1143\">MDMA (Ecstasy)<\/strong> porz\u0105dek <strong data-start=\"1149\" data-end=\"1159\">Kokain<\/strong>. Da die Substanz jedoch unreguliert und often verunreinigt war, f\u00fchrten <strong data-start=\"1230\" data-end=\"1272\">ryzyko zdrowotne i choroby nowotworowe<\/strong> zu internationalen Verboten.<\/p>\n<h2 data-start=\"1308\" data-end=\"1345\"><strong data-start=\"1311\" data-end=\"1345\">Jak dzia\u0142a Mefedron w ciele?<\/strong><\/h2>\n<p data-start=\"1347\" data-end=\"1672\">Mefedron wp\u0142ywa na st\u0119\u017cenie neuroprzeka\u017anika <strong data-start=\"1408\" data-end=\"1419\">Dopamina<\/strong>, <strong data-start=\"1421\" data-end=\"1434\">Serotonina<\/strong> i <strong data-start=\"1439\" data-end=\"1455\">Noradrenalina<\/strong> im Gehirn. Te sk\u0142adniki od\u017cywcze s\u0105 niezwykle wa\u017cne dla efektu wizualnego, motywacji i wydajno\u015bci.<br data-start=\"1543\" data-end=\"1546\" \/>Durch die erh\u00f6hte Aussch\u00fcttung dieser Stoffe kommt es zu einem <strong data-start=\"1609\" data-end=\"1671\">kr\u00f3tkotrwa\u0142e uczucie euforii, energii i dobrego samopoczucia<\/strong>.<\/p>\n<p data-start=\"1674\" data-end=\"1966\">Doch dieser k\u00fcnstliche Effekt h\u00e4lt nur kurz an. Nach Abklingen der Wirkung kann es zu einem <strong data-start=\"1766\" data-end=\"1777\">\u201eCrash\u201c<\/strong> w stanie zm\u0119czenia, choroby psychicznej lub depresji. Przy wiederholtem Konsum besteht das Risiko einer <strong data-start=\"1894\" data-end=\"1922\">psychischen Abh\u00e4ngigkeit<\/strong> und einer <strong data-start=\"1933\" data-end=\"1965\">Uszkodzenie geochemii<\/strong>.<\/p>\n<h2 data-start=\"1973\" data-end=\"2015\"><strong data-start=\"1976\" data-end=\"2015\">Kr\u00f3tkotrwa\u0142e dzia\u0142anie mefedronu<\/strong><\/h2>\n<p data-start=\"2017\" data-end=\"2168\">Die Wirkung tritt in der Regel <strong data-start=\"2048\" data-end=\"2083\">w ci\u0105gu 15 do 45 minut<\/strong> nach der Einnahme auf und h\u00e4lt etwa <strong data-start=\"2120\" data-end=\"2139\">2 bis 4 Stunden<\/strong> an.<br data-start=\"2143\" data-end=\"2146\" \/>Typische Effekte sind:<\/p>\n<ul data-start=\"2170\" data-end=\"2333\">\n<li data-start=\"2170\" data-end=\"2206\">\n<p data-start=\"2172\" data-end=\"2206\">Najwy\u017csza energia i wydajno\u015b\u0107<\/p>\n<\/li>\n<li data-start=\"2207\" data-end=\"2251\">\n<p data-start=\"2209\" data-end=\"2251\">Erh\u00f6hte Geselligkeit und Gespr\u00e4chsfreude<\/p>\n<\/li>\n<li data-start=\"2252\" data-end=\"2284\">\n<p data-start=\"2254\" data-end=\"2284\">Gesteigertes Selbstvertrauen<\/p>\n<\/li>\n<li data-start=\"2285\" data-end=\"2333\">\n<p data-start=\"2287\" data-end=\"2333\">Intensywne s\u0142uchanie muzyki i kolor\u00f3w<\/p>\n<\/li>\n<\/ul>\n<p data-start=\"2335\" data-end=\"2488\">Te efekty mog\u0105 by\u0107 szybko osi\u0105gni\u0119te przez <strong data-start=\"2375\" data-end=\"2405\">nieangenehmen Nachwirkungen<\/strong> abgel\u00f6st werden - z. B. Schlaflosigkeit, Gereiztheit oder Konzentrationsst\u00f6rungen.<\/p>\n<h2 data-start=\"2495\" data-end=\"2537\"><strong data-start=\"2498\" data-end=\"2537\">Mo\u017cliwe zagro\u017cenia i skutki uboczne<\/strong><\/h2>\n<h3 data-start=\"2539\" data-end=\"2573\"><strong data-start=\"2543\" data-end=\"2573\">K\u00f6rperliche Nebenwirkungen<\/strong><\/h3>\n<ul data-start=\"2575\" data-end=\"2779\">\n<li data-start=\"2575\" data-end=\"2606\">\n<p data-start=\"2577\" data-end=\"2606\">Erh\u00f6hter Puls und Blutdruck<\/p>\n<\/li>\n<li data-start=\"2607\" data-end=\"2649\">\n<p data-start=\"2609\" data-end=\"2649\">\u00dcberm\u00e4\u00dfiges Schwitzen und Dehydrierung<\/p>\n<\/li>\n<li data-start=\"2650\" data-end=\"2691\">\n<p data-start=\"2652\" data-end=\"2691\">Muskelverspannungen und Kieferpressen<\/p>\n<\/li>\n<li data-start=\"2692\" data-end=\"2731\">\n<p data-start=\"2694\" data-end=\"2731\">Schlafprobleme und Appetitlosigkeit<\/p>\n<\/li>\n<li data-start=\"2732\" data-end=\"2779\">\n<p data-start=\"2734\" data-end=\"2779\">Risiko einer <strong data-start=\"2747\" data-end=\"2777\">\u00dcberhitzung (Hyperthermie)<\/strong><\/p>\n<\/li>\n<\/ul>\n<h3 data-start=\"2781\" data-end=\"2814\"><strong data-start=\"2785\" data-end=\"2814\">Psychische Nebenwirkungen<\/strong><\/h3>\n<ul data-start=\"2816\" data-end=\"2967\">\n<li data-start=\"2816\" data-end=\"2851\">\n<p data-start=\"2818\" data-end=\"2851\">Angstzust\u00e4nde und Panikattacken<\/p>\n<\/li>\n<li data-start=\"2852\" data-end=\"2885\">\n<p data-start=\"2854\" data-end=\"2885\">Paranoia oder Halluzinationen<\/p>\n<\/li>\n<li data-start=\"2886\" data-end=\"2926\">\n<p data-start=\"2888\" data-end=\"2926\">Stimmungsschwankungen und Depression<\/p>\n<\/li>\n<li data-start=\"2927\" data-end=\"2967\">\n<p data-start=\"2929\" data-end=\"2967\">Erh\u00f6htes Risiko f\u00fcr <strong data-start=\"2949\" data-end=\"2965\">Abh\u00e4ngigkeit<\/strong><\/p>\n<\/li>\n<\/ul>\n<p data-start=\"2969\" data-end=\"3075\">Langfristiger Konsum kann das <strong data-start=\"2999\" data-end=\"3024\">Herz-Kreislauf-System<\/strong>, die <strong data-start=\"3030\" data-end=\"3039\">Leber<\/strong> und das <strong data-start=\"3048\" data-end=\"3064\">Nervensystem<\/strong> sch\u00e4digen.<\/p>\n<h2 data-start=\"3082\" data-end=\"3129\"><strong data-start=\"3085\" data-end=\"3129\">Rechtlicher Status von Mephedron (4-MMC)<\/strong><\/h2>\n<p data-start=\"3131\" data-end=\"3235\">Nach einem rasanten Anstieg des Missbrauchs wurde Mephedron <strong data-start=\"3191\" data-end=\"3202\">ab 2010<\/strong> in den meisten L\u00e4ndern verboten.<\/p>\n<ul data-start=\"3237\" data-end=\"3584\">\n<li data-start=\"3237\" data-end=\"3348\">\n<p data-start=\"3239\" data-end=\"3348\"><strong data-start=\"3239\" data-end=\"3255\">Deutschland:<\/strong> Seit 2010 im <strong data-start=\"3269\" data-end=\"3302\">Bet\u00e4ubungsmittelgesetz (BtMG)<\/strong> als nicht verkehrsf\u00e4hige Substanz gelistet.<\/p>\n<\/li>\n<li data-start=\"3349\" data-end=\"3439\">\n<p data-start=\"3351\" data-end=\"3439\"><strong data-start=\"3351\" data-end=\"3390\">Europ\u00e4ische Union &amp; Gro\u00dfbritannien:<\/strong> Einstufung als verbotene psychotrope Substanz.<\/p>\n<\/li>\n<li data-start=\"3440\" data-end=\"3513\">\n<p data-start=\"3442\" data-end=\"3513\"><strong data-start=\"3442\" data-end=\"3450\">USA:<\/strong> In <strong data-start=\"3454\" data-end=\"3468\">Schedule I<\/strong> des Controlled Substances Act aufgenommen.<\/p>\n<\/li>\n<li data-start=\"3514\" data-end=\"3584\">\n<p data-start=\"3516\" data-end=\"3584\"><strong data-start=\"3516\" data-end=\"3540\">Australien &amp; Kanada:<\/strong> Unter \u00e4hnlichen Gesetzen streng verboten.<\/p>\n<\/li>\n<\/ul>\n<h3 data-start=\"3586\" data-end=\"3621\"><strong data-start=\"3590\" data-end=\"3621\">Warum wurde 4-MMC verboten?<\/strong><\/h3>\n<p data-start=\"3623\" data-end=\"3884\">Regierungen reagierten auf eine Zunahme von <strong data-start=\"3667\" data-end=\"3704\">Krankenhausf\u00e4llen und Todesf\u00e4llen<\/strong> nach dem Konsum von Mephedron.<br data-start=\"3735\" data-end=\"3738\" \/>Da die Substanz meist <strong data-start=\"3760\" data-end=\"3783\">illegal im Internet<\/strong> verkauft wurde, war keine Qualit\u00e4tskontrolle m\u00f6glich \u2013 ein erheblicher Risikofaktor f\u00fcr Konsumenten.<\/p>\n<h2 data-start=\"3891\" data-end=\"3949\"><strong data-start=\"3894\" data-end=\"3949\">Pr\u00e4vention und Schadensminimierung (Harm Reduction)<\/strong><\/h2>\n<p data-start=\"3951\" data-end=\"4125\">Auch wenn Mephedron illegal ist, setzen sich viele Gesundheitsorganisationen f\u00fcr <strong data-start=\"4032\" data-end=\"4061\">Aufkl\u00e4rung und Pr\u00e4vention<\/strong> ein, anstatt nur zu bestrafen.<br data-start=\"4092\" data-end=\"4095\" \/>Empfohlene Vorsichtsma\u00dfnahmen:<\/p>\n<ul data-start=\"4127\" data-end=\"4354\">\n<li data-start=\"4127\" data-end=\"4180\">\n<p data-start=\"4129\" data-end=\"4180\">Keine Kombination mit anderen Drogen oder Alkohol<\/p>\n<\/li>\n<li data-start=\"4181\" data-end=\"4242\">\n<p data-start=\"4183\" data-end=\"4242\">Ausreichend Wasser trinken, aber \u00dcberhydrierung vermeiden<\/p>\n<\/li>\n<li data-start=\"4243\" data-end=\"4287\">\n<p data-start=\"4245\" data-end=\"4287\">Pausen zwischen Konsumepisoden einhalten<\/p>\n<\/li>\n<li data-start=\"4288\" data-end=\"4354\">\n<p data-start=\"4290\" data-end=\"4354\">Fr\u00fchzeitig Hilfe suchen, wenn der Konsum au\u00dfer Kontrolle ger\u00e4t<\/p>\n<\/li>\n<\/ul>\n<h3 data-start=\"4356\" data-end=\"4399\"><strong data-start=\"4360\" data-end=\"4399\">Warnsignale problematischen Konsums<\/strong><\/h3>\n<ul data-start=\"4401\" data-end=\"4589\">\n<li data-start=\"4401\" data-end=\"4436\">\n<p data-start=\"4403\" data-end=\"4436\">H\u00e4ufiges \u201eNachlegen\u201c (Redosing)<\/p>\n<\/li>\n<li data-start=\"4437\" data-end=\"4499\">\n<p data-start=\"4439\" data-end=\"4499\">Vernachl\u00e4ssigung sozialer oder beruflicher Verpflichtungen<\/p>\n<\/li>\n<li data-start=\"4500\" data-end=\"4538\">\n<p data-start=\"4502\" data-end=\"4538\">Stimmungseinbr\u00fcche nach dem Konsum<\/p>\n<\/li>\n<li data-start=\"4539\" data-end=\"4589\">\n<p data-start=\"4541\" data-end=\"4589\">Zwanghafte Beschaffung oder Gedanken an Konsum<\/p>\n<\/li>\n<\/ul>\n<h2 data-start=\"4596\" data-end=\"4648\"><strong data-start=\"4599\" data-end=\"4648\">Aktuelle wissenschaftliche Forschung zu 4-MMC<\/strong><\/h2>\n<p data-start=\"4650\" data-end=\"5018\">Neuere Studien zeigen, dass 4-MMC auf \u00e4hnliche Weise wie <strong data-start=\"4707\" data-end=\"4715\">MDMA<\/strong> porz\u0105dek <strong data-start=\"4721\" data-end=\"4735\">Amphetamin<\/strong> die Aussch\u00fcttung von Neurotransmittern ver\u00e4ndert.<br data-start=\"4785\" data-end=\"4788\" \/>Forschungen weisen zudem auf <strong data-start=\"4817\" data-end=\"4842\">neurotoxische Effekte<\/strong> i <strong data-start=\"4847\" data-end=\"4874\">kardiovaskul\u00e4re Risiken<\/strong> hin.<br data-start=\"4879\" data-end=\"4882\" \/>Wissenschaftler fordern daher <strong data-start=\"4912\" data-end=\"4931\">weitere Studien<\/strong>, um die Langzeitwirkungen besser zu verstehen und Pr\u00e4ventionsstrategien zu entwickeln.<\/p>\n<h2 data-start=\"5025\" data-end=\"5073\"><strong data-start=\"5028\" data-end=\"5073\">Sichere, legale Alternativen zu Mephedron<\/strong><\/h2>\n<p data-start=\"5075\" data-end=\"5184\">Wer nach Energie und Fokus sucht, sollte auf <strong data-start=\"5120\" data-end=\"5155\">legale und getestete Substanzen<\/strong> zur\u00fcckgreifen. Dazu geh\u00f6ren:<\/p>\n<ul data-start=\"5186\" data-end=\"5406\">\n<li data-start=\"5186\" data-end=\"5239\">\n<p data-start=\"5188\" data-end=\"5239\"><strong data-start=\"5188\" data-end=\"5211\">Koffein und Guarana<\/strong> (nat\u00fcrliche Stimulanzien)<\/p>\n<\/li>\n<li data-start=\"5240\" data-end=\"5296\">\n<p data-start=\"5242\" data-end=\"5296\"><strong data-start=\"5242\" data-end=\"5255\">L-Theanin<\/strong> (in gr\u00fcnem Tee, f\u00f6rdert Konzentration)<\/p>\n<\/li>\n<li data-start=\"5297\" data-end=\"5347\">\n<p data-start=\"5299\" data-end=\"5347\"><strong data-start=\"5299\" data-end=\"5317\">Rhodiola rosea<\/strong> (Adaptogen gegen M\u00fcdigkeit)<\/p>\n<\/li>\n<li data-start=\"5348\" data-end=\"5406\">\n<p data-start=\"5350\" data-end=\"5406\"><strong data-start=\"5350\" data-end=\"5372\">Vitamin-B-Komplexe<\/strong> f\u00fcr geistige Leistungsf\u00e4higkeit<\/p>\n<\/li>\n<\/ul>\n<p data-start=\"5408\" data-end=\"5500\">Solche Alternativen sind <strong data-start=\"5433\" data-end=\"5455\">sicherer und legal<\/strong>, wenn sie aus <strong data-start=\"5470\" data-end=\"5491\">gepr\u00fcften Quellen<\/strong> stammen.<\/p>\n<h2 data-start=\"5507\" data-end=\"5544\"><strong data-start=\"5510\" data-end=\"5544\">H\u00e4ufig gestellte Fragen (FAQs)<\/strong><\/h2>\n<p data-start=\"5546\" data-end=\"5727\"><strong data-start=\"5546\" data-end=\"5598\">1. Wof\u00fcr wurde Mephedron urspr\u00fcnglich verwendet?<\/strong><br data-start=\"5598\" data-end=\"5601\" \/>Mephedron wurde zun\u00e4chst als \u201eResearch Chemical\u201c verkauft und von Konsumenten wegen seiner stimulierenden Wirkung missbraucht.<\/p>\n<p data-start=\"5729\" data-end=\"5874\"><strong data-start=\"5729\" data-end=\"5767\">2. Ist 4-MMC heute irgendwo legal?<\/strong><br data-start=\"5767\" data-end=\"5770\" \/>Nein, in fast allen L\u00e4ndern ist Mephedron verboten. Es steht auf den Listen verbotener Bet\u00e4ubungsmittel.<\/p>\n<p data-start=\"5876\" data-end=\"6062\"><strong data-start=\"5876\" data-end=\"5925\">3. Gibt es sichere Alternativen zu Mephedron?<\/strong><br data-start=\"5925\" data-end=\"5928\" \/>Ja, nat\u00fcrliche oder legale Aufputschmittel wie Koffein, Theanin oder pflanzliche Adaptogene bieten \u00e4hnliche Effekte ohne hohe Risiken.<\/p>\n<p data-start=\"5876\" data-end=\"6062\"><a href=\"https:\/\/researchchemicalshop.eu\/pl\/sklep\/okategoriserad\/benzocaine-powder\/\">benzocaine powder<\/a><a href=\"https:\/\/researchchemicalshop.eu\/pl\/sklep\/okategoriserad\/fentanyl-kopen\/\">fentanyl kopen\u200b<\/a><a href=\"https:\/\/researchchemicalshop.eu\/pl\/sklep\/iboga-ibogaine\/iboga-root-bark\/\">iboga root bark\u200b<\/a><a href=\"https:\/\/researchchemicalshop.eu\/pl\/sklep\/iboga-ibogaine\/iboga-kopen\/\">iboga\u200b kopen<\/a><a href=\"https:\/\/researchchemicalshop.eu\/pl\/sklep\/iboga-ibogaine\/buy-ibogaine-hcl-online\/\">buy ibogaine hcl online\u200b<\/a><\/p>","protected":false},"excerpt":{"rendered":"<p>4mmc Kopen Was ist Mephedron (4-MMC)? 4mmc, 4mmc kopen, mephedrone, 4mmc kopen, Mephedron, wissenschaftlich bekannt als 4-Methylmethcathinon (4-MMC), ist eine<\/p>","protected":false},"featured_media":1927,"comment_status":"open","ping_status":"closed","template":"","meta":[],"product_brand":[],"product_cat":[522],"product_tag":[920,921,846,847,848,849,850,22],"class_list":{"0":"post-4448","1":"product","2":"type-product","3":"status-publish","4":"has-post-thumbnail","6":"product_cat-niet-gecategoriseerd","7":"product_tag-4mmc","8":"product_tag-4mmc-drugs","9":"product_tag-4mmc-kopen","10":"product_tag-buy-mephedrone","11":"product_tag-is-it-ok-to-take-xanax-after-mephedrone","12":"product_tag-mephedron","13":"product_tag-mephedrone","14":"product_tag-nl","16":"first","17":"instock","18":"shipping-taxable","19":"purchasable","20":"product-type-variable"},"_links":{"self":[{"href":"https:\/\/researchchemicalshop.eu\/pl\/wp-json\/wp\/v2\/product\/4448","targetHints":{"allow":["GET"]}}],"collection":[{"href":"https:\/\/researchchemicalshop.eu\/pl\/wp-json\/wp\/v2\/product"}],"about":[{"href":"https:\/\/researchchemicalshop.eu\/pl\/wp-json\/wp\/v2\/types\/product"}],"replies":[{"embeddable":true,"href":"https:\/\/researchchemicalshop.eu\/pl\/wp-json\/wp\/v2\/comments?post=4448"}],"version-history":[{"count":3,"href":"https:\/\/researchchemicalshop.eu\/pl\/wp-json\/wp\/v2\/product\/4448\/revisions"}],"predecessor-version":[{"id":16395,"href":"https:\/\/researchchemicalshop.eu\/pl\/wp-json\/wp\/v2\/product\/4448\/revisions\/16395"}],"wp:featuredmedia":[{"embeddable":true,"href":"https:\/\/researchchemicalshop.eu\/pl\/wp-json\/wp\/v2\/media\/1927"}],"wp:attachment":[{"href":"https:\/\/researchchemicalshop.eu\/pl\/wp-json\/wp\/v2\/media?parent=4448"}],"wp:term":[{"taxonomy":"product_brand","embeddable":true,"href":"https:\/\/researchchemicalshop.eu\/pl\/wp-json\/wp\/v2\/product_brand?post=4448"},{"taxonomy":"product_cat","embeddable":true,"href":"https:\/\/researchchemicalshop.eu\/pl\/wp-json\/wp\/v2\/product_cat?post=4448"},{"taxonomy":"product_tag","embeddable":true,"href":"https:\/\/researchchemicalshop.eu\/pl\/wp-json\/wp\/v2\/product_tag?post=4448"}],"curies":[{"name":"wp","href":"https:\/\/api.w.org\/{rel}","templated":true}]}}