{"id":1042,"date":"2026-02-09T11:55:38","date_gmt":"2026-02-09T11:55:38","guid":{"rendered":"https:\/\/researchchemicalshop.eu\/?post_type=product&#038;p=1042"},"modified":"2026-03-05T16:51:01","modified_gmt":"2026-03-05T16:51:01","slug":"1d-lsd-3","status":"publish","type":"product","link":"https:\/\/researchchemicalshop.eu\/pl\/produkt\/1d-lsd-3\/","title":{"rendered":"1D LSD 10 MCG Pellets - Microdose"},"content":{"rendered":"<h3 data-start=\"5807\" data-end=\"5826\"><strong data-start=\"5811\" data-end=\"5826\"><span dir=\"auto\" style=\"vertical-align: inherit;\"><span dir=\"auto\" style=\"vertical-align: inherit;\">Introduction<\/span><\/span><\/strong><\/h3>\n<p data-start=\"5828\" data-end=\"6174\"><strong data-start=\"5828\" data-end=\"5871\"><span dir=\"auto\" style=\"vertical-align: inherit;\"><span dir=\"auto\" style=\"vertical-align: inherit;\">1D-LSD 10mcg Pellets \u2013 Microdose Edition<\/span><\/span><\/strong><span dir=\"auto\" style=\"vertical-align: inherit;\"><span dir=\"auto\" style=\"vertical-align: inherit;\"> are <\/span><\/span><strong data-start=\"5877\" data-end=\"5924\"><span dir=\"auto\" style=\"vertical-align: inherit;\"><span dir=\"auto\" style=\"vertical-align: inherit;\">laboratory-grade research compounds<\/span><\/span><\/strong><span dir=\"auto\" style=\"vertical-align: inherit;\"><span dir=\"auto\" style=\"vertical-align: inherit;\"> developed for <\/span><\/span><strong data-start=\"5942\" data-end=\"5986\"><span dir=\"auto\" style=\"vertical-align: inherit;\"><span dir=\"auto\" style=\"vertical-align: inherit;\">scientific and analytical research<\/span><\/span><\/strong><span dir=\"auto\" style=\"vertical-align: inherit;\"><span dir=\"auto\" style=\"vertical-align: inherit;\"> . Each pellet contains exactly <\/span><\/span><strong data-start=\"6012\" data-end=\"6085\"><span dir=\"auto\" style=\"vertical-align: inherit;\"><span dir=\"auto\" style=\"vertical-align: inherit;\">10 micrograms (mcg) of 1D-LSD (1-Diethylamide-Lysergic Acid Diethylamide)<\/span><\/span><\/strong><span dir=\"auto\" style=\"vertical-align: inherit;\"><span dir=\"auto\" style=\"vertical-align: inherit;\"> , ensuring <\/span><\/span><strong data-start=\"6102\" data-end=\"6143\"><span dir=\"auto\" style=\"vertical-align: inherit;\"><span dir=\"auto\" style=\"vertical-align: inherit;\">exceptional precision and purity<\/span><\/span><\/strong><span dir=\"auto\" style=\"vertical-align: inherit;\"><span dir=\"auto\" style=\"vertical-align: inherit;\"> in microdosing research. Microdose 1p LSD<\/span><\/span><\/p>\n<p data-start=\"6176\" data-end=\"6334\"><span dir=\"auto\" style=\"vertical-align: inherit;\"><span dir=\"auto\" style=\"vertical-align: inherit;\">These pellets are ideal for researchers wishing to study <\/span><\/span><strong data-start=\"6223\" data-end=\"6247\"><span dir=\"auto\" style=\"vertical-align: inherit;\"><span dir=\"auto\" style=\"vertical-align: inherit;\">lysergamide analogs<\/span><\/span><\/strong><span dir=\"auto\" style=\"vertical-align: inherit;\"><span dir=\"auto\" style=\"vertical-align: inherit;\"> and <\/span><\/span><strong data-start=\"6251\" data-end=\"6277\"><span dir=\"auto\" style=\"vertical-align: inherit;\"><span dir=\"auto\" style=\"vertical-align: inherit;\">microdosing effects<\/span><\/span><\/strong><span dir=\"auto\" style=\"vertical-align: inherit;\"><span dir=\"auto\" style=\"vertical-align: inherit;\"> under controlled conditions.<\/span><\/span><\/p>\n<blockquote data-start=\"6336\" data-end=\"6474\">\n<p data-start=\"6338\" data-end=\"6474\"><span dir=\"auto\" style=\"vertical-align: inherit;\"><span dir=\"auto\" style=\"vertical-align: inherit;\">\u26a0\ufe0f <\/span><\/span><strong data-start=\"6341\" data-end=\"6352\"><span dir=\"auto\" style=\"vertical-align: inherit;\"><span dir=\"auto\" style=\"vertical-align: inherit;\">Please note:<\/span><\/span><\/strong><span dir=\"auto\" style=\"vertical-align: inherit;\"><span dir=\"auto\" style=\"vertical-align: inherit;\"> This product is for <\/span><\/span><strong data-start=\"6393\" data-end=\"6418\"><span dir=\"auto\" style=\"vertical-align: inherit;\"><span dir=\"auto\" style=\"vertical-align: inherit;\">laboratory testing<\/span><\/span><\/strong><span dir=\"auto\" style=\"vertical-align: inherit;\"><span dir=\"auto\" style=\"vertical-align: inherit;\"> only . Not suitable for human or animal consumption.<\/span><\/span><\/p>\n<\/blockquote>\n<hr data-start=\"6476\" data-end=\"6479\" \/>\n<h3 data-start=\"6481\" data-end=\"6512\"><strong data-start=\"6485\" data-end=\"6512\"><span dir=\"auto\" style=\"vertical-align: inherit;\"><span dir=\"auto\" style=\"vertical-align: inherit;\">Key Features<\/span><\/span><\/strong><\/h3>\n<ul data-start=\"6514\" data-end=\"6999\">\n<li data-start=\"6514\" data-end=\"6613\">\n<p data-start=\"6516\" data-end=\"6613\"><strong data-start=\"6516\" data-end=\"6536\"><span dir=\"auto\" style=\"vertical-align: inherit;\"><span dir=\"auto\" style=\"vertical-align: inherit;\">Precise Dosage:<\/span><\/span><\/strong><span dir=\"auto\" style=\"vertical-align: inherit;\"><span dir=\"auto\" style=\"vertical-align: inherit;\"> Each pellet contains <\/span><\/span><strong data-start=\"6555\" data-end=\"6571\"><span dir=\"auto\" style=\"vertical-align: inherit;\"><span dir=\"auto\" style=\"vertical-align: inherit;\">10mcg of 1D-LSD<\/span><\/span><\/strong><span dir=\"auto\" style=\"vertical-align: inherit;\"><span dir=\"auto\" style=\"vertical-align: inherit;\"> for precise microdosing studies.<\/span><\/span><\/p>\n<\/li>\n<li data-start=\"6614\" data-end=\"6704\">\n<p data-start=\"6616\" data-end=\"6704\"><strong data-start=\"6616\" data-end=\"6636\"><span dir=\"auto\" style=\"vertical-align: inherit;\"><span dir=\"auto\" style=\"vertical-align: inherit;\">High purity:<\/span><\/span><\/strong><span dir=\"auto\" style=\"vertical-align: inherit;\"><span dir=\"auto\" style=\"vertical-align: inherit;\"> \u226599% analytical grade, tested under laboratory conditions.<\/span><\/span><\/p>\n<\/li>\n<li data-start=\"6705\" data-end=\"6772\">\n<p data-start=\"6707\" data-end=\"6772\"><strong data-start=\"6707\" data-end=\"6733\"><span dir=\"auto\" style=\"vertical-align: inherit;\"><span dir=\"auto\" style=\"vertical-align: inherit;\">Consistent quality:<\/span><\/span><\/strong><span dir=\"auto\" style=\"vertical-align: inherit;\"><span dir=\"auto\" style=\"vertical-align: inherit;\"> Produced to <\/span><\/span><strong data-start=\"6755\" data-end=\"6769\"><span dir=\"auto\" style=\"vertical-align: inherit;\"><span dir=\"auto\" style=\"vertical-align: inherit;\">GLP standards<\/span><\/span><\/strong><span dir=\"auto\" style=\"vertical-align: inherit;\"><span dir=\"auto\" style=\"vertical-align: inherit;\"> .<\/span><\/span><\/p>\n<\/li>\n<li data-start=\"6773\" data-end=\"6831\">\n<p data-start=\"6775\" data-end=\"6831\"><strong data-start=\"6775\" data-end=\"6796\"><span dir=\"auto\" style=\"vertical-align: inherit;\"><span dir=\"auto\" style=\"vertical-align: inherit;\">Chemically stable:<\/span><\/span><\/strong><span dir=\"auto\" style=\"vertical-align: inherit;\"><span dir=\"auto\" style=\"vertical-align: inherit;\"> Suitable for long-term storage. Microdose 1p LSD<\/span><\/span><\/p>\n<\/li>\n<li data-start=\"6832\" data-end=\"6916\">\n<p data-start=\"6834\" data-end=\"6916\"><strong data-start=\"6834\" data-end=\"6856\"><span dir=\"auto\" style=\"vertical-align: inherit;\"><span dir=\"auto\" style=\"vertical-align: inherit;\">Safe handling:<\/span><\/span><\/strong><span dir=\"auto\" style=\"vertical-align: inherit;\"><span dir=\"auto\" style=\"vertical-align: inherit;\"> Pellet form reduces exposure and risk of contamination.<\/span><\/span><\/p>\n<\/li>\n<li data-start=\"6917\" data-end=\"6999\">\n<p data-start=\"6919\" data-end=\"6999\"><strong data-start=\"6919\" data-end=\"6942\"><span dir=\"auto\" style=\"vertical-align: inherit;\"><span dir=\"auto\" style=\"vertical-align: inherit;\">Secure Packaging:<\/span><\/span><\/strong><span dir=\"auto\" style=\"vertical-align: inherit;\"><span dir=\"auto\" style=\"vertical-align: inherit;\"> Sealed and moisture resistant for maximum protection.<\/span><\/span><\/p>\n<\/li>\n<\/ul>\n<hr data-start=\"7001\" data-end=\"7004\" \/>\n<h3 data-start=\"7006\" data-end=\"7023\"><strong data-start=\"7010\" data-end=\"7023\"><span dir=\"auto\" style=\"vertical-align: inherit;\"><span dir=\"auto\" style=\"vertical-align: inherit;\">Advantages<\/span><\/span><\/strong><\/h3>\n<ol data-start=\"7025\" data-end=\"7421\">\n<li data-start=\"7025\" data-end=\"7126\">\n<p data-start=\"7028\" data-end=\"7126\"><strong data-start=\"7028\" data-end=\"7068\"><span dir=\"auto\" style=\"vertical-align: inherit;\"><span dir=\"auto\" style=\"vertical-align: inherit;\">Perfect for microdosing research:<\/span><\/span><\/strong><span dir=\"auto\" style=\"vertical-align: inherit;\"><span dir=\"auto\" style=\"vertical-align: inherit;\"> Designed for ultra-precise laboratory experiments.<\/span><\/span><\/p>\n<\/li>\n<li data-start=\"7127\" data-end=\"7200\">\n<p data-start=\"7130\" data-end=\"7200\"><strong data-start=\"7130\" data-end=\"7161\"><span dir=\"auto\" style=\"vertical-align: inherit;\"><span dir=\"auto\" style=\"vertical-align: inherit;\">Reproducible results:<\/span><\/span><\/strong><span dir=\"auto\" style=\"vertical-align: inherit;\"><span dir=\"auto\" style=\"vertical-align: inherit;\"> Constant data across repeated tests.<\/span><\/span><\/p>\n<\/li>\n<li data-start=\"7201\" data-end=\"7265\">\n<p data-start=\"7204\" data-end=\"7265\"><strong data-start=\"7204\" data-end=\"7226\"><span dir=\"auto\" style=\"vertical-align: inherit;\"><span dir=\"auto\" style=\"vertical-align: inherit;\">Safe to use:<\/span><\/span><\/strong><span dir=\"auto\" style=\"vertical-align: inherit;\"><span dir=\"auto\" style=\"vertical-align: inherit;\"> Less risk due to solid pellet shape.<\/span><\/span><\/p>\n<\/li>\n<li data-start=\"7266\" data-end=\"7352\">\n<p data-start=\"7269\" data-end=\"7352\"><strong data-start=\"7269\" data-end=\"7295\"><span dir=\"auto\" style=\"vertical-align: inherit;\"><span dir=\"auto\" style=\"vertical-align: inherit;\">Laboratory quality:<\/span><\/span><\/strong><span dir=\"auto\" style=\"vertical-align: inherit;\"><span dir=\"auto\" style=\"vertical-align: inherit;\"> Reliable for analytical and chemical tests.<\/span><\/span><\/p>\n<\/li>\n<li data-start=\"7353\" data-end=\"7421\">\n<p data-start=\"7356\" data-end=\"7421\"><strong data-start=\"7356\" data-end=\"7374\"><span dir=\"auto\" style=\"vertical-align: inherit;\"><span dir=\"auto\" style=\"vertical-align: inherit;\">Long shelf life:<\/span><\/span><\/strong><span dir=\"auto\" style=\"vertical-align: inherit;\"><span dir=\"auto\" style=\"vertical-align: inherit;\"> Remains stable under correct storage conditions.<\/span><\/span><\/p>\n<\/li>\n<\/ol>\n<hr data-start=\"7423\" data-end=\"7426\" \/>\n<h3 data-start=\"7428\" data-end=\"7467\"><strong data-start=\"7432\" data-end=\"7467\"><span dir=\"auto\" style=\"vertical-align: inherit;\"><span dir=\"auto\" style=\"vertical-align: inherit;\">Use (For Research Only)<\/span><\/span><\/strong><\/h3>\n<ol data-start=\"7469\" data-end=\"7825\">\n<li data-start=\"7469\" data-end=\"7534\">\n<p data-start=\"7472\" data-end=\"7534\"><strong data-start=\"7472\" data-end=\"7502\"><span dir=\"auto\" style=\"vertical-align: inherit;\"><span dir=\"auto\" style=\"vertical-align: inherit;\">Wear protective clothing<\/span><\/span><\/strong><span dir=\"auto\" style=\"vertical-align: inherit;\"><span dir=\"auto\" style=\"vertical-align: inherit;\"> (r\u0119kawice, okulary ochronne, fartuch laboratoryjny).<\/span><\/span><\/p>\n<\/li>\n<li data-start=\"7535\" data-end=\"7623\">\n<p data-start=\"7538\" data-end=\"7623\"><strong data-start=\"7538\" data-end=\"7576\"><span dir=\"auto\" style=\"vertical-align: inherit;\"><span dir=\"auto\" style=\"vertical-align: inherit;\">U\u017cywanie skalibrowanych przyrz\u0105d\u00f3w<\/span><\/span><\/strong><span dir=\"auto\" style=\"vertical-align: inherit;\"><span dir=\"auto\" style=\"vertical-align: inherit;\"> aby odmierzy\u0107 \u017c\u0105dan\u0105 ilo\u015b\u0107 granulek.<\/span><\/span><\/p>\n<\/li>\n<li data-start=\"7624\" data-end=\"7695\">\n<p data-start=\"7627\" data-end=\"7695\"><strong data-start=\"7627\" data-end=\"7649\"><span dir=\"auto\" style=\"vertical-align: inherit;\"><span dir=\"auto\" style=\"vertical-align: inherit;\">Nale\u017cy obchodzi\u0107 si\u0119 ostro\u017cnie<\/span><\/span><\/strong><span dir=\"auto\" style=\"vertical-align: inherit;\"><span dir=\"auto\" style=\"vertical-align: inherit;\"> w kontrolowanym \u015brodowisku laboratoryjnym.<\/span><\/span><\/p>\n<\/li>\n<li data-start=\"7696\" data-end=\"7754\">\n<p data-start=\"7699\" data-end=\"7754\"><strong data-start=\"7699\" data-end=\"7729\"><span dir=\"auto\" style=\"vertical-align: inherit;\"><span dir=\"auto\" style=\"vertical-align: inherit;\">Przechowywanie niewykorzystanych granulek<\/span><\/span><\/strong><span dir=\"auto\" style=\"vertical-align: inherit;\"><span dir=\"auto\" style=\"vertical-align: inherit;\"> w ch\u0142odnym, suchym i ciemnym miejscu.<\/span><\/span><\/p>\n<\/li>\n<li data-start=\"7755\" data-end=\"7825\">\n<p data-start=\"7758\" data-end=\"7825\"><strong data-start=\"7758\" data-end=\"7777\"><span dir=\"auto\" style=\"vertical-align: inherit;\"><span dir=\"auto\" style=\"vertical-align: inherit;\">Usuwanie odpad\u00f3w<\/span><\/span><\/strong><span dir=\"auto\" style=\"vertical-align: inherit;\"><span dir=\"auto\" style=\"vertical-align: inherit;\"> zgodnie z obowi\u0105zuj\u0105cymi przepisami bezpiecze\u0144stwa.<\/span><\/span><\/p>\n<\/li>\n<\/ol>\n<blockquote data-start=\"7827\" data-end=\"7904\">\n<p data-start=\"7829\" data-end=\"7904\"><span dir=\"auto\" style=\"vertical-align: inherit;\"><span dir=\"auto\" style=\"vertical-align: inherit;\">\u2697\ufe0f <\/span><\/span><strong data-start=\"7832\" data-end=\"7904\"><span dir=\"auto\" style=\"vertical-align: inherit;\"><span dir=\"auto\" style=\"vertical-align: inherit;\">Wy\u0142\u0105cznie do test\u00f3w laboratoryjnych - nie do spo\u017cycia przez ludzi.<\/span><\/span><\/strong><\/p>\n<\/blockquote>\n<hr data-start=\"7906\" data-end=\"7909\" \/>\n<h3 data-start=\"7911\" data-end=\"7936\"><strong data-start=\"7915\" data-end=\"7936\"><span dir=\"auto\" style=\"vertical-align: inherit;\"><span dir=\"auto\" style=\"vertical-align: inherit;\">Instrukcje przechowywania<\/span><\/span><\/strong><\/h3>\n<ul data-start=\"7938\" data-end=\"8110\">\n<li data-start=\"7938\" data-end=\"7976\">\n<p data-start=\"7940\" data-end=\"7976\"><strong data-start=\"7940\" data-end=\"7956\"><span dir=\"auto\" style=\"vertical-align: inherit;\"><span dir=\"auto\" style=\"vertical-align: inherit;\">Temperatura:<\/span><\/span><\/strong><span dir=\"auto\" style=\"vertical-align: inherit;\"><span dir=\"auto\" style=\"vertical-align: inherit;\"> Zalecana temperatura 2-8\u00b0C.<\/span><\/span><\/p>\n<\/li>\n<li data-start=\"7977\" data-end=\"8020\">\n<p data-start=\"7979\" data-end=\"8020\"><strong data-start=\"7979\" data-end=\"7992\"><span dir=\"auto\" style=\"vertical-align: inherit;\"><span dir=\"auto\" style=\"vertical-align: inherit;\">\u015arodowisko:<\/span><\/span><\/strong><span dir=\"auto\" style=\"vertical-align: inherit;\"><span dir=\"auto\" style=\"vertical-align: inherit;\"> Sucha, ciemna i stabilna.<\/span><\/span><\/p>\n<\/li>\n<li data-start=\"8021\" data-end=\"8062\">\n<p data-start=\"8023\" data-end=\"8062\"><strong data-start=\"8023\" data-end=\"8038\"><span dir=\"auto\" style=\"vertical-align: inherit;\"><span dir=\"auto\" style=\"vertical-align: inherit;\">Opakowanie:<\/span><\/span><\/strong><span dir=\"auto\" style=\"vertical-align: inherit;\"><span dir=\"auto\" style=\"vertical-align: inherit;\"> Przechowywa\u0107 szczelnie zamkni\u0119te.<\/span><\/span><\/p>\n<\/li>\n<li data-start=\"8063\" data-end=\"8110\">\n<p data-start=\"8065\" data-end=\"8110\"><strong data-start=\"8065\" data-end=\"8077\"><span dir=\"auto\" style=\"vertical-align: inherit;\"><span dir=\"auto\" style=\"vertical-align: inherit;\">Dost\u0119p:<\/span><\/span><\/strong><span dir=\"auto\" style=\"vertical-align: inherit;\"><span dir=\"auto\" style=\"vertical-align: inherit;\"> Tylko dla upowa\u017cnionych os\u00f3b.<\/span><\/span><\/p>\n<\/li>\n<\/ul>\n<hr data-start=\"8112\" data-end=\"8115\" \/>\n<h3 data-start=\"8117\" data-end=\"8152\"><strong data-start=\"8121\" data-end=\"8152\"><span dir=\"auto\" style=\"vertical-align: inherit;\"><span dir=\"auto\" style=\"vertical-align: inherit;\">Cz\u0119sto zadawane pytania (FAQ)<\/span><\/span><\/strong><\/h3>\n<p data-start=\"8154\" data-end=\"8318\"><strong data-start=\"8154\" data-end=\"8207\"><span dir=\"auto\" style=\"vertical-align: inherit;\"><span dir=\"auto\" style=\"vertical-align: inherit;\">1. Do czego s\u0142u\u017c\u0105 granulki 1D-LSD 10mcg?<\/span><\/span><\/strong><br data-start=\"8207\" data-end=\"8210\" \/><span dir=\"auto\" style=\"vertical-align: inherit;\"><span dir=\"auto\" style=\"vertical-align: inherit;\"> Dla <\/span><\/span><strong data-start=\"8215\" data-end=\"8259\"><span dir=\"auto\" style=\"vertical-align: inherit;\"><span dir=\"auto\" style=\"vertical-align: inherit;\">scientific and analytical research<\/span><\/span><\/strong><span dir=\"auto\" style=\"vertical-align: inherit;\"><span dir=\"auto\" style=\"vertical-align: inherit;\"> , w szczeg\u00f3lno\u015bci badania mikrodawkowania i analizy lizergamidu.<\/span><\/span><\/p>\n<p data-start=\"8320\" data-end=\"8487\"><strong data-start=\"8320\" data-end=\"8370\"><span dir=\"auto\" style=\"vertical-align: inherit;\"><span dir=\"auto\" style=\"vertical-align: inherit;\">2. Czy te granulki nadaj\u0105 si\u0119 do spo\u017cycia przez ludzi?<\/span><\/span><\/strong><br data-start=\"8370\" data-end=\"8373\" \/><span dir=\"auto\" style=\"vertical-align: inherit;\"><span dir=\"auto\" style=\"vertical-align: inherit;\"> Nie, s\u0105 <\/span><\/span><strong data-start=\"8386\" data-end=\"8436\"><span dir=\"auto\" style=\"vertical-align: inherit;\"><span dir=\"auto\" style=\"vertical-align: inherit;\">przeznaczone wy\u0142\u0105cznie do bada\u0144 laboratoryjnych<\/span><\/span><\/strong><span dir=\"auto\" style=\"vertical-align: inherit;\"><span dir=\"auto\" style=\"vertical-align: inherit;\"> and <\/span><\/span><strong data-start=\"8440\" data-end=\"8484\"><span dir=\"auto\" style=\"vertical-align: inherit;\"><span dir=\"auto\" style=\"vertical-align: inherit;\">nie nadaj\u0105 si\u0119 do spo\u017cycia przez ludzi<\/span><\/span><\/strong><span dir=\"auto\" style=\"vertical-align: inherit;\"><span dir=\"auto\" style=\"vertical-align: inherit;\"> .<\/span><\/span><\/p>\n<p data-start=\"8489\" data-end=\"8630\"><strong data-start=\"8489\" data-end=\"8530\"><span dir=\"auto\" style=\"vertical-align: inherit;\"><span dir=\"auto\" style=\"vertical-align: inherit;\">3. Jak prawid\u0142owo przechowywa\u0107 produkt?<\/span><\/span><\/strong><br data-start=\"8530\" data-end=\"8533\" \/><span dir=\"auto\" style=\"vertical-align: inherit;\"><span dir=\"auto\" style=\"vertical-align: inherit;\"> Przechowywa\u0107 w <\/span><\/span><strong data-start=\"8551\" data-end=\"8593\"><span dir=\"auto\" style=\"vertical-align: inherit;\"><span dir=\"auto\" style=\"vertical-align: inherit;\">ch\u0142odne, suche i ciemne miejsce (2-8\u00b0C)<\/span><\/span><\/strong><span dir=\"auto\" style=\"vertical-align: inherit;\"><span dir=\"auto\" style=\"vertical-align: inherit;\"> w szczelnie zamkni\u0119tym pojemniku.<\/span><\/span><\/p>\n<hr data-start=\"8632\" data-end=\"8635\" \/>\n<h3 data-start=\"8637\" data-end=\"8654\"><strong data-start=\"8641\" data-end=\"8654\"><span dir=\"auto\" style=\"vertical-align: inherit;\"><span dir=\"auto\" style=\"vertical-align: inherit;\">Wnioski<\/span><\/span><\/strong><\/h3>\n<p data-start=\"8656\" data-end=\"8911\"><strong data-start=\"8656\" data-end=\"8690\"><span dir=\"auto\" style=\"vertical-align: inherit;\"><span dir=\"auto\" style=\"vertical-align: inherit;\">1D-LSD 10mcg Microdose Pellets<\/span><\/span><\/strong><span dir=\"auto\" style=\"vertical-align: inherit;\"><span dir=\"auto\" style=\"vertical-align: inherit;\"> po\u015bwi\u0119cenie <\/span><\/span><strong data-start=\"8702\" data-end=\"8747\"><span dir=\"auto\" style=\"vertical-align: inherit;\"><span dir=\"auto\" style=\"vertical-align: inherit;\">precyzja, czysto\u015b\u0107 i stabilno\u015b\u0107<\/span><\/span><\/strong><span dir=\"auto\" style=\"vertical-align: inherit;\"><span dir=\"auto\" style=\"vertical-align: inherit;\"> , idealny do profesjonalnych bada\u0144 laboratoryjnych. Idealny do analitycznych eksperyment\u00f3w mikrodozowania, w kt\u00f3rych niezawodno\u015b\u0107 i powtarzalno\u015b\u0107 s\u0105 niezb\u0119dne.<\/span><\/span><\/p>","protected":false},"excerpt":{"rendered":"<p>Introduction 1D-LSD 10mcg Pellets \u2013 Microdose Edition are laboratory-grade research compounds developed for scientific and analytical research . Each pellet<\/p>","protected":false},"featured_media":16811,"comment_status":"closed","ping_status":"closed","template":"","meta":[],"product_brand":[],"product_cat":[447,448,46,71],"product_tag":[960,449,396],"class_list":{"0":"post-1042","1":"product","2":"type-product","3":"status-publish","4":"has-post-thumbnail","6":"product_cat-1d-lsd","7":"product_cat-1d-lsd-pellets","8":"product_cat-lysergamides","9":"product_cat-pellets","10":"product_tag-1d-lsd","11":"product_tag-1p-lsd-microdose","12":"product_tag-de","14":"first","15":"instock","16":"shipping-taxable","17":"purchasable","18":"product-type-variable"},"_links":{"self":[{"href":"https:\/\/researchchemicalshop.eu\/pl\/wp-json\/wp\/v2\/product\/1042","targetHints":{"allow":["GET"]}}],"collection":[{"href":"https:\/\/researchchemicalshop.eu\/pl\/wp-json\/wp\/v2\/product"}],"about":[{"href":"https:\/\/researchchemicalshop.eu\/pl\/wp-json\/wp\/v2\/types\/product"}],"replies":[{"embeddable":true,"href":"https:\/\/researchchemicalshop.eu\/pl\/wp-json\/wp\/v2\/comments?post=1042"}],"version-history":[{"count":1,"href":"https:\/\/researchchemicalshop.eu\/pl\/wp-json\/wp\/v2\/product\/1042\/revisions"}],"predecessor-version":[{"id":16594,"href":"https:\/\/researchchemicalshop.eu\/pl\/wp-json\/wp\/v2\/product\/1042\/revisions\/16594"}],"wp:featuredmedia":[{"embeddable":true,"href":"https:\/\/researchchemicalshop.eu\/pl\/wp-json\/wp\/v2\/media\/16811"}],"wp:attachment":[{"href":"https:\/\/researchchemicalshop.eu\/pl\/wp-json\/wp\/v2\/media?parent=1042"}],"wp:term":[{"taxonomy":"product_brand","embeddable":true,"href":"https:\/\/researchchemicalshop.eu\/pl\/wp-json\/wp\/v2\/product_brand?post=1042"},{"taxonomy":"product_cat","embeddable":true,"href":"https:\/\/researchchemicalshop.eu\/pl\/wp-json\/wp\/v2\/product_cat?post=1042"},{"taxonomy":"product_tag","embeddable":true,"href":"https:\/\/researchchemicalshop.eu\/pl\/wp-json\/wp\/v2\/product_tag?post=1042"}],"curies":[{"name":"wp","href":"https:\/\/api.w.org\/{rel}","templated":true}]}}