{"id":17,"date":"2026-02-09T11:51:55","date_gmt":"2026-02-09T11:51:55","guid":{"rendered":"https:\/\/researchchemicalshop.eu\/?post_type=product&#038;p=17"},"modified":"2026-03-06T04:48:49","modified_gmt":"2026-03-06T04:48:49","slug":"4-ho-con-fumarato","status":"publish","type":"product","link":"https:\/\/researchchemicalshop.eu\/it\/prodotto\/4-ho-con-fumarato\/","title":{"rendered":"Fumarato di 4-HO-MET"},"content":{"rendered":"<h1><strong>Fumarato di 4HOMET - Pure Research Chemical<\/strong><\/h1>\n<h2><strong>Che cos'\u00e8 il 4-HO-MET Fumarato?<\/strong><\/h2>\n<p>Il fumarato 4HOMET (4-idrossi-N-metil-N-etil-triptamina fumarato) \u00e8 una triptamina psichedelica sintetica, affine alla psilocibina. \u00c8 nota per le sue propriet\u00e0 di stimolazione visiva e di arricchimento emotivo.<\/p>\n<p>Questa sostanza \u00e8 utilizzata esclusivamente per la ricerca scientifica, in particolare nell'ambito della farmacologia e degli studi sulla coscienza. Il prodotto \u00e8 disponibile in forma pura e accuratamente dosata ed \u00e8 adatto a scopi di ricerca controllata.<a title=\"1cP-LSD 150 MCG Art Blotter\" href=\"https:\/\/researchchemicalshop.eu\/it\/shop\/lisergamidi\/1cp-lsd\/\" target=\"_blank\" rel=\"noopener\">1cP-LSD 150 MCG Art Blotter<\/a><\/p>\n<h2><strong>Caratteristiche del 4-HO-MET Fumarato<\/strong><\/h2>\n<ul>\n<li><strong>Alta purezza<\/strong> - Prodotto secondo rigorosi standard di laboratorio<\/li>\n<li><strong>Dosaggio preciso<\/strong> - Composizione coerente per risultati affidabili<\/li>\n<li><strong>Imballaggio sicuro<\/strong> - Sigillato leggermente e a tenuta d'aria per garantire la stabilit\u00e0<\/li>\n<li><strong>Testato in modo indipendente<\/strong> - Controllo di qualit\u00e0 tramite analisi di laboratorio esterne<\/li>\n<\/ul>\n<h2><strong>Effetti e profilo operativo<\/strong><\/h2>\n<p>Il 4-HO-MET Fumarato \u00e8 noto per:<\/p>\n<ul>\n<li><strong>Effetti visivi intensi<\/strong> come il miglioramento del colore e la percezione dei modelli<\/li>\n<li><strong>Aumento dell'apertura emotiva e dell'euforia<\/strong><\/li>\n<li><strong>Basso carico cognitivo<\/strong> rispetto alle triptamine simili<\/li>\n<li><strong>Durata d'azione: da 4 a 6 ore<\/strong><\/li>\n<\/ul>\n<p>Gli effetti iniziano solitamente entro <strong>Da 20 a 40 minuti<\/strong> e raggiungere un picco intorno a <strong>Da 2 a 3 ore<\/strong> dopo l'ingestione.<\/p>\n<h2><strong>Dosi di ricerca raccomandate<\/strong><\/h2>\n<ul>\n<li><strong>A basso dosaggio:<\/strong> Da 5 a 10 mg<\/li>\n<li><strong>Dose media:<\/strong> Da 10 a 20 mg<\/li>\n<li><strong>Dose elevata:<\/strong> Da 20 a 30 mg (solo per ricercatori esperti)<\/li>\n<\/ul>\n<p>Iniziare sempre con una dose bassa per stabilire la sensibilit\u00e0 individuale.<a title=\"Comprare Ibogaine HCL\" href=\"https:\/\/researchchemicalshop.eu\/it\/shop\/iboga-ibogaine\/buy-ibogaine-hcl-online\/\" target=\"_blank\" rel=\"noopener\">Comprare Ibogaine HCL<\/a><\/p>\n<h2><strong>Istruzioni di sicurezza<\/strong><\/h2>\n<ul>\n<li>Non utilizzare in presenza di disturbi mentali come ansia o psicosi.<\/li>\n<li>Applicare sempre in un ambiente di ricerca controllato<\/li>\n<li>Non combinare con altre sostanze psicoattive<\/li>\n<li>Conservare in un luogo fresco, asciutto e sicuro, fuori dalla portata di persone non autorizzate.<\/li>\n<\/ul>\n<h2><strong>Applicazioni e gruppo target<\/strong><\/h2>\n<p>Il 4-HO MET Fumarato \u00e8 indicato per:<\/p>\n<ul>\n<li><strong>Ricerca scientifica<\/strong> alle sostanze psichedeliche<\/li>\n<li><strong>Studi di sensibilizzazione accademica<\/strong> nell'ambito delle neuroscienze e della psicologia<\/li>\n<li><strong>Ricercatori esperti<\/strong> Con la conoscenza delle triptamine.<a title=\"Corteccia di radice di iboga\" href=\"https:\/\/researchchemicalshop.eu\/it\/shop\/iboga-ibogaine\/iboga-root-bark\/\" target=\"_blank\" rel=\"noopener\">Corteccia di radice di iboga<\/a><\/li>\n<\/ul>\n<h2><strong>Informazioni per l'ordine<\/strong><\/h2>\n<p>Il 4-HO-MET Fumarato viene spedito in modo discreto e confezionato in modo sicuro. Disponibile come prodotto di ricerca di alta qualit\u00e0 per i professionisti.<\/p>","protected":false},"excerpt":{"rendered":"<h3><span style=\"vertical-align: inherit;\"><span style=\"vertical-align: inherit;\">4-HO-MET Fumarate<\/span><\/span><\/h3>\n<p><span style=\"vertical-align: inherit;\"><span style=\"vertical-align: inherit;\">Synonyms: 4-hydroxy-N-methyl-N-ethyltryptamine; metocin; <\/span><\/span><br \/>\n<span style=\"vertical-align: inherit;\"><span style=\"vertical-align: inherit;\">3-{2-[ethyl(methyl)amino]ethyl}-1H-indol-4-ol <\/span><\/span><br \/>\n<span style=\"vertical-align: inherit;\"><span style=\"vertical-align: inherit;\">CAS number: 77872-41-4 <\/span><\/span><br \/>\n<span style=\"vertical-align: inherit;\"><span style=\"vertical-align: inherit;\">Formula: C13H18N2O <\/span><\/span><br \/>\n<span style=\"vertical-align: inherit;\"><span style=\"vertical-align: inherit;\">Molar mass: 218.3 g\/mol <\/span><\/span><br \/>\n<span style=\"vertical-align: inherit;\"><span style=\"vertical-align: inherit;\">Purity: \u226598%<\/span><\/span><\/p>\n","protected":false},"featured_media":16905,"comment_status":"closed","ping_status":"closed","template":"","meta":[],"product_brand":[23],"product_cat":[40,41],"product_tag":[42,1021,43,44,22],"class_list":{"0":"post-17","1":"product","2":"type-product","3":"status-publish","4":"has-post-thumbnail","6":"product_brand-research-chemical","7":"product_cat-4-ho-met","8":"product_cat-tryptamine","9":"product_tag-4-ho-met","10":"product_tag-4-ho-met-fumarate","11":"product_tag-4ho-met","12":"product_tag-4homet","13":"product_tag-nl","15":"first","16":"instock","17":"shipping-taxable","18":"purchasable","19":"product-type-variable"},"_links":{"self":[{"href":"https:\/\/researchchemicalshop.eu\/it\/wp-json\/wp\/v2\/product\/17","targetHints":{"allow":["GET"]}}],"collection":[{"href":"https:\/\/researchchemicalshop.eu\/it\/wp-json\/wp\/v2\/product"}],"about":[{"href":"https:\/\/researchchemicalshop.eu\/it\/wp-json\/wp\/v2\/types\/product"}],"replies":[{"embeddable":true,"href":"https:\/\/researchchemicalshop.eu\/it\/wp-json\/wp\/v2\/comments?post=17"}],"version-history":[{"count":1,"href":"https:\/\/researchchemicalshop.eu\/it\/wp-json\/wp\/v2\/product\/17\/revisions"}],"predecessor-version":[{"id":16767,"href":"https:\/\/researchchemicalshop.eu\/it\/wp-json\/wp\/v2\/product\/17\/revisions\/16767"}],"wp:featuredmedia":[{"embeddable":true,"href":"https:\/\/researchchemicalshop.eu\/it\/wp-json\/wp\/v2\/media\/16905"}],"wp:attachment":[{"href":"https:\/\/researchchemicalshop.eu\/it\/wp-json\/wp\/v2\/media?parent=17"}],"wp:term":[{"taxonomy":"product_brand","embeddable":true,"href":"https:\/\/researchchemicalshop.eu\/it\/wp-json\/wp\/v2\/product_brand?post=17"},{"taxonomy":"product_cat","embeddable":true,"href":"https:\/\/researchchemicalshop.eu\/it\/wp-json\/wp\/v2\/product_cat?post=17"},{"taxonomy":"product_tag","embeddable":true,"href":"https:\/\/researchchemicalshop.eu\/it\/wp-json\/wp\/v2\/product_tag?post=17"}],"curies":[{"name":"wp","href":"https:\/\/api.w.org\/{rel}","templated":true}]}}