{"id":83,"date":"2026-02-09T11:52:07","date_gmt":"2026-02-09T11:52:07","guid":{"rendered":"https:\/\/researchchemicalshop.eu\/?post_type=product&#038;p=83"},"modified":"2026-03-07T03:39:49","modified_gmt":"2026-03-07T03:39:49","slug":"etizolam","status":"publish","type":"product","link":"https:\/\/researchchemicalshop.eu\/hr\/proizvod\/etizolam\/","title":{"rendered":"Etizolam 1mg bloteri"},"content":{"rendered":"<h1><span dir=\"auto\" style=\"vertical-align: inherit;\"><span dir=\"auto\" style=\"vertical-align: inherit;\">Etizolam Blotters 1mg \u2013 profesionalni istra\u017eiva\u010dki materijal za znanstvene primjene<\/span><\/span><\/h1>\n<p data-start=\"3736\" data-end=\"3880\"><strong data-start=\"3736\" data-end=\"3761\">Etizolam 1mg bloteri<\/strong> sadr\u017ee <strong data-start=\"3771\" data-end=\"3807\">1 miligram etizolama po blotteru<\/strong>, to\u010dno dozirano za <strong data-start=\"3835\" data-end=\"3877\">farmakolo\u0161ka i analiti\u010dka istra\u017eivanja<\/strong>. kupi etizolam<\/p>\n<p data-start=\"3882\" data-end=\"4147\">Etizolam je <strong data-start=\"3898\" data-end=\"3928\">tienodiazepinski spoj<\/strong>, strukturno srodan benzodiazepinima, i istra\u017euje se njegov u\u010dinak na <strong data-start=\"4015\" data-end=\"4036\">GABA-A receptori<\/strong>. \u010cesto se koristi u <strong data-start=\"4065\" data-end=\"4098\">neurofarmakolo\u0161ka istra\u017eivanja<\/strong> anksioliti\u010dka i sedativna svojstva.<\/p>\n<p data-start=\"4149\" data-end=\"4377\">Svaki papirni filter je proizveden pod <strong data-start=\"4186\" data-end=\"4224\">strogi laboratorijski uvjeti<\/strong>, s <strong data-start=\"4230\" data-end=\"4265\">Etizolam visoke \u010disto\u0107e (\u226599,1%)<\/strong> na <strong data-start=\"4269\" data-end=\"4297\">rad vrijedan istra\u017eivanja<\/strong>, \u0161to osigurava <strong data-start=\"4314\" data-end=\"4374\">ujedna\u010deno upijanje i dosljedna analiti\u010dka izvedba<\/strong>.<\/p>\n<blockquote data-start=\"4379\" data-end=\"4534\">\n<p data-start=\"4381\" data-end=\"4534\">\u26a0\ufe0f <strong data-start=\"4384\" data-end=\"4395\">Molimo imajte na umu:<\/strong> Ovi filter papiri\u0107i su <strong data-start=\"4415\" data-end=\"4470\">Namijenjeno isklju\u010divo za znanstvena istra\u017eivanja<\/strong> i <strong data-start=\"4474\" data-end=\"4531\">nije prikladno za ljudsku ili \u017eivotinjsku prehranu<\/strong>.<\/p>\n<\/blockquote>\n<hr data-start=\"4536\" data-end=\"4539\" \/>\n<h3 data-start=\"4541\" data-end=\"4572\"><strong data-start=\"4545\" data-end=\"4572\">Klju\u010dne zna\u010dajke<\/strong><\/h3>\n<ul data-start=\"4573\" data-end=\"5008\">\n<li data-start=\"4573\" data-end=\"4662\">\n<p data-start=\"4575\" data-end=\"4662\"><strong data-start=\"4575\" data-end=\"4617\">Precizna doza (1 mg po blotteru)<\/strong> \u2013 Za pouzdane analiti\u010dke rezultate.<\/p>\n<\/li>\n<li data-start=\"4663\" data-end=\"4737\">\n<p data-start=\"4665\" data-end=\"4737\"><strong data-start=\"4665\" data-end=\"4691\">Visoka \u010disto\u0107a (\u226599,1%)<\/strong> \u2013 Potvr\u0111eno HPLC i GC-MS analizom.<\/p>\n<\/li>\n<li data-start=\"4738\" data-end=\"4820\">\n<p data-start=\"4740\" data-end=\"4820\"><strong data-start=\"4740\" data-end=\"4762\">Uniformna raspodjela<\/strong> \u2013 Ujedna\u010deni premaz za dosljedne rezultate ispitivanja.<\/p>\n<\/li>\n<li data-start=\"4821\" data-end=\"4918\">\n<p data-start=\"4823\" data-end=\"4918\"><strong data-start=\"4823\" data-end=\"4862\">Farmakolo\u0161ki istra\u017eiva\u010dki standard<\/strong> \u2013 Pogodno za receptorska i bioanaliti\u010dka istra\u017eivanja.<\/p>\n<\/li>\n<li data-start=\"4919\" data-end=\"5008\">\n<p data-start=\"4921\" data-end=\"5008\"><strong data-start=\"4921\" data-end=\"4943\">Sigurno pakiranje<\/strong> \u2013 Za\u0161ti\u0107eno od svjetla i vlage radi dugog roka trajanja. Kupite etizolam<\/p>\n<\/li>\n<\/ul>\n<hr data-start=\"5010\" data-end=\"5013\" \/>\n<h3 data-start=\"5015\" data-end=\"5032\"><strong data-start=\"5019\" data-end=\"5032\">Prednosti<\/strong><\/h3>\n<ul data-start=\"5033\" data-end=\"5328\">\n<li data-start=\"5033\" data-end=\"5120\">\n<p data-start=\"5035\" data-end=\"5120\">Podr\u017eava <strong data-start=\"5047\" data-end=\"5117\">istra\u017eivanje GABA-A receptora i neurofarmakolo\u0161kih procesa<\/strong>.<\/p>\n<\/li>\n<li data-start=\"5121\" data-end=\"5181\">\n<p data-start=\"5123\" data-end=\"5181\"><strong data-start=\"5123\" data-end=\"5178\">To\u010dni i reproducibilni rezultati istra\u017eivanja<\/strong>.<\/p>\n<\/li>\n<li data-start=\"5182\" data-end=\"5254\">\n<p data-start=\"5184\" data-end=\"5254\"><strong data-start=\"5184\" data-end=\"5226\">Jednostavno za rukovanje i skladi\u0161tenje<\/strong> za laboratorijsku upotrebu.<\/p>\n<\/li>\n<li data-start=\"5255\" data-end=\"5328\">\n<p data-start=\"5257\" data-end=\"5328\">Pogodno za <strong data-start=\"5271\" data-end=\"5325\">akademsko, farmakolo\u0161ko i analiti\u010dko istra\u017eivanje<\/strong>.<\/p>\n<\/li>\n<\/ul>\n<hr data-start=\"5330\" data-end=\"5333\" \/>\n<h3 data-start=\"5335\" data-end=\"5350\"><strong data-start=\"5339\" data-end=\"5350\">Upotrebljavati<\/strong><\/h3>\n<ul data-start=\"5351\" data-end=\"5622\">\n<li data-start=\"5351\" data-end=\"5421\">\n<p data-start=\"5353\" data-end=\"5421\">Samo za upotrebu ovla\u0161tenog osoblja <strong data-start=\"5378\" data-end=\"5418\">kvalificirano laboratorijsko osoblje<\/strong>.<\/p>\n<\/li>\n<li data-start=\"5422\" data-end=\"5498\">\n<p data-start=\"5424\" data-end=\"5498\">Koristite prikladno <strong data-start=\"5442\" data-end=\"5466\">za\u0161titna oprema<\/strong> (rukavice, za\u0161titne nao\u010dale, laboratorijski mantil).<\/p>\n<\/li>\n<li data-start=\"5499\" data-end=\"5563\">\n<p data-start=\"5501\" data-end=\"5563\">Skladi\u0161tite u <strong data-start=\"5516\" data-end=\"5550\">hladno, suho i tamno mjesto<\/strong> (15\u201325 \u00b0C).<\/p>\n<\/li>\n<li data-start=\"5564\" data-end=\"5622\">\n<p data-start=\"5566\" data-end=\"5622\">Nije pogodno za ljudsku ili \u017eivotinjsku prehranu.<\/p>\n<\/li>\n<\/ul>\n<hr data-start=\"5624\" data-end=\"5627\" \/>\n<h3 data-start=\"5629\" data-end=\"5664\"><strong data-start=\"5633\" data-end=\"5664\">\u010cesto postavljana pitanja (FAQs)<\/strong><\/h3>\n<p data-start=\"5666\" data-end=\"5841\"><strong data-start=\"5666\" data-end=\"5720\">1. Za \u0161to se koriste Etizolam 1mg blotteri?<\/strong><br data-start=\"5720\" data-end=\"5723\" \/>Etizolam 1 mg blotteri se koriste u <strong data-start=\"5764\" data-end=\"5806\">analiti\u010dka i farmakolo\u0161ka istra\u017eivanja<\/strong> na interakcije s GABA-A receptorom.<\/p>\n<p data-start=\"5843\" data-end=\"6029\"><strong data-start=\"5843\" data-end=\"5903\">2. Jesu li Etizolam blotteri sigurni za ljudsku konzumaciju?<\/strong><br data-start=\"5903\" data-end=\"5906\" \/>Ne. Ovi filtri su <strong data-start=\"5930\" data-end=\"5979\">Namijenjeno isklju\u010divo u istra\u017eiva\u010dke svrhe<\/strong> i nije odobreno za ljudsku prehranu.<\/p>\n<p data-start=\"6031\" data-end=\"6169\"><strong data-start=\"6031\" data-end=\"6082\">3. Kako se Etizolam Blotters trebaju \u010duvati?<\/strong><br data-start=\"6082\" data-end=\"6085\" \/>Skladi\u0161tite u <strong data-start=\"6100\" data-end=\"6135\">pakiranje otporno na svjetlost i vlagu<\/strong> na sobnoj temperaturi (15\u201325 \u00b0C).<\/p>","protected":false},"excerpt":{"rendered":"<h2><strong><span dir=\"auto\" style=\"vertical-align: inherit;\"><span dir=\"auto\" style=\"vertical-align: inherit;\">Etizolam 1mg Blotters<\/span><\/span><\/strong><\/h2>\n<p><span dir=\"auto\" style=\"vertical-align: inherit;\"><span dir=\"auto\" style=\"vertical-align: inherit;\">CAS Number: 40054-69-1 <\/span><\/span><br \/>\n<span dir=\"auto\" style=\"vertical-align: inherit;\"><span dir=\"auto\" style=\"vertical-align: inherit;\">Formula: 4-(2-chlorophenyl)-2-ethyl-9-methyl-6H-thieno[3,2-f][1,2,4]triazolo[4,3-a][1,4]diazepine <\/span><\/span><br \/>\n<span dir=\"auto\" style=\"vertical-align: inherit;\"><span dir=\"auto\" style=\"vertical-align: inherit;\">Molecular mass: 342.8 g\/mol <\/span><\/span><br \/>\n<span dir=\"auto\" style=\"vertical-align: inherit;\"><span dir=\"auto\" style=\"vertical-align: inherit;\">Purity: \u2265 99%<\/span><\/span><\/p>\n","protected":false},"featured_media":16984,"comment_status":"closed","ping_status":"closed","template":"","meta":[],"product_brand":[23],"product_cat":[36],"product_tag":[57,147,148,22],"class_list":{"0":"post-83","1":"product","2":"type-product","3":"status-publish","4":"has-post-thumbnail","6":"product_brand-research-chemical","7":"product_cat-verboden","8":"product_tag-etizolam","9":"product_tag-etizolam-blotters","10":"product_tag-etizolam-kopen","11":"product_tag-nl","13":"first","14":"instock","15":"shipping-taxable","16":"purchasable","17":"product-type-simple"},"_links":{"self":[{"href":"https:\/\/researchchemicalshop.eu\/hr\/wp-json\/wp\/v2\/product\/83","targetHints":{"allow":["GET"]}}],"collection":[{"href":"https:\/\/researchchemicalshop.eu\/hr\/wp-json\/wp\/v2\/product"}],"about":[{"href":"https:\/\/researchchemicalshop.eu\/hr\/wp-json\/wp\/v2\/types\/product"}],"replies":[{"embeddable":true,"href":"https:\/\/researchchemicalshop.eu\/hr\/wp-json\/wp\/v2\/comments?post=83"}],"version-history":[{"count":1,"href":"https:\/\/researchchemicalshop.eu\/hr\/wp-json\/wp\/v2\/product\/83\/revisions"}],"predecessor-version":[{"id":16650,"href":"https:\/\/researchchemicalshop.eu\/hr\/wp-json\/wp\/v2\/product\/83\/revisions\/16650"}],"wp:featuredmedia":[{"embeddable":true,"href":"https:\/\/researchchemicalshop.eu\/hr\/wp-json\/wp\/v2\/media\/16984"}],"wp:attachment":[{"href":"https:\/\/researchchemicalshop.eu\/hr\/wp-json\/wp\/v2\/media?parent=83"}],"wp:term":[{"taxonomy":"product_brand","embeddable":true,"href":"https:\/\/researchchemicalshop.eu\/hr\/wp-json\/wp\/v2\/product_brand?post=83"},{"taxonomy":"product_cat","embeddable":true,"href":"https:\/\/researchchemicalshop.eu\/hr\/wp-json\/wp\/v2\/product_cat?post=83"},{"taxonomy":"product_tag","embeddable":true,"href":"https:\/\/researchchemicalshop.eu\/hr\/wp-json\/wp\/v2\/product_tag?post=83"}],"curies":[{"name":"wp","href":"https:\/\/api.w.org\/{rel}","templated":true}]}}