{"id":733,"date":"2026-02-09T11:54:59","date_gmt":"2026-02-09T11:54:59","guid":{"rendered":"https:\/\/researchchemicalshop.eu\/?post_type=product&#038;p=733"},"modified":"2026-03-05T17:03:53","modified_gmt":"2026-03-05T17:03:53","slug":"adb-trgovina","status":"publish","type":"product","link":"https:\/\/researchchemicalshop.eu\/hr\/proizvod\/adb-trgovina\/","title":{"rendered":"ADB BUTINACA"},"content":{"rendered":"<h3 data-start=\"6150\" data-end=\"6169\"><strong data-start=\"6154\" data-end=\"6169\">Uvod<\/strong><\/h3>\n<p data-start=\"6171\" data-end=\"6493\"><strong data-start=\"6171\" data-end=\"6180\">ADB-B<\/strong>, tako\u0111er poznat kao <strong data-start=\"6197\" data-end=\"6213\">ADB-BUTINACA<\/strong>, je <strong data-start=\"6222\" data-end=\"6277\">sinteti\u010dki kanabinoid analiti\u010dke \u010disto\u0107e<\/strong>, razvijeno za <strong data-start=\"6295\" data-end=\"6343\">forenzi\u010dka, analiti\u010dka i kemijska istraga<\/strong>. adb prekida\u010da<br data-start=\"6344\" data-end=\"6347\" \/>Veza pripada <strong data-start=\"6376\" data-end=\"6410\">obitelj indazol-3-karboksamida<\/strong> i strukturno je srodan tvarima kao \u0161to su <strong data-start=\"6455\" data-end=\"6469\">ADB-BINACA<\/strong> i <strong data-start=\"6473\" data-end=\"6490\">MDMB-BUTINACA<\/strong>.<\/p>\n<p data-start=\"6495\" data-end=\"6852\">Ovaj istra\u017eiva\u010dki materijal se \u0161iroko koristi u <strong data-start=\"6538\" data-end=\"6592\">studije vezanja za receptore, toksikolo\u0161ke analize<\/strong> i <strong data-start=\"6596\" data-end=\"6625\">forenzi\u010dka identifikacija<\/strong>.<br data-start=\"6626\" data-end=\"6629\" \/>Proizvedeno u skladu s <strong data-start=\"6650\" data-end=\"6691\">GLP standardi (Dobra laboratorijska praksa)<\/strong>, ADB-BUTINACA jam\u010di a <strong data-start=\"6721\" data-end=\"6744\">\u010disto\u0107a \u226599,1%<\/strong>, <strong data-start=\"6746\" data-end=\"6771\">kemijska stabilnost<\/strong> i <strong data-start=\"6775\" data-end=\"6797\">ujedna\u010denost serija<\/strong> \u2013 idealno za kontrolirana laboratorijska okru\u017eenja.<\/p>\n<blockquote data-start=\"6854\" data-end=\"6998\">\n<p data-start=\"6856\" data-end=\"6998\">\u26a0\ufe0f <strong data-start=\"6859\" data-end=\"6870\">Molimo imajte na umu:<\/strong> Ovaj proizvod je <strong data-start=\"6886\" data-end=\"6936\">Namijenjeno isklju\u010divo za laboratorijska istra\u017eivanja<\/strong> i <strong data-start=\"6940\" data-end=\"6997\">nije prikladno za ljudsku ili \u017eivotinjsku prehranu<\/strong>.<\/p>\n<\/blockquote>\n<hr data-start=\"7000\" data-end=\"7003\" \/>\n<h3 data-start=\"7005\" data-end=\"7036\"><strong data-start=\"7009\" data-end=\"7036\">Klju\u010dne zna\u010dajke<\/strong><\/h3>\n<ul data-start=\"7038\" data-end=\"7537\">\n<li data-start=\"7038\" data-end=\"7120\">\n<p data-start=\"7040\" data-end=\"7120\"><strong data-start=\"7040\" data-end=\"7072\">Visoka analiti\u010dka \u010disto\u0107a:<\/strong> \u226599% ispitano kromatografskim tehnikama.<\/p>\n<\/li>\n<li data-start=\"7121\" data-end=\"7215\">\n<p data-start=\"7123\" data-end=\"7215\"><strong data-start=\"7123\" data-end=\"7153\">Sinteti\u010dki kanabinoid:<\/strong> Izvedeno iz indazol-3-karboksamida za istra\u017eivanje receptora.<\/p>\n<\/li>\n<li data-start=\"7216\" data-end=\"7285\">\n<p data-start=\"7218\" data-end=\"7285\"><strong data-start=\"7218\" data-end=\"7239\">Kemijski stabilno:<\/strong> Otporno na razgradnju pri pravilnom skladi\u0161tenju.<\/p>\n<\/li>\n<li data-start=\"7286\" data-end=\"7372\">\n<p data-start=\"7288\" data-end=\"7372\"><strong data-start=\"7288\" data-end=\"7306\">Proizvodnja GLP-a:<\/strong> Proizvedeno pod strogim <strong data-start=\"7334\" data-end=\"7362\">Dobra laboratorijska praksa<\/strong>-standardi.<\/p>\n<\/li>\n<li data-start=\"7373\" data-end=\"7459\">\n<p data-start=\"7375\" data-end=\"7459\"><strong data-start=\"7375\" data-end=\"7392\">Serija testirana:<\/strong> Svaka serija se provjerava na identitet, strukturu i \u010disto\u0107u. adb butinaca<\/p>\n<\/li>\n<li data-start=\"7460\" data-end=\"7537\">\n<p data-start=\"7462\" data-end=\"7537\"><strong data-start=\"7462\" data-end=\"7485\">Sigurno pakiranje:<\/strong> Zrakonepropusno i hermeti\u010dki zatvoreno radi o\u010duvanja kvalitete.<\/p>\n<\/li>\n<\/ul>\n<hr data-start=\"7539\" data-end=\"7542\" \/>\n<h3 data-start=\"7544\" data-end=\"7561\"><strong data-start=\"7548\" data-end=\"7561\">Prednosti<\/strong><\/h3>\n<ol data-start=\"7563\" data-end=\"7988\">\n<li data-start=\"7563\" data-end=\"7650\">\n<p data-start=\"7566\" data-end=\"7650\"><strong data-start=\"7566\" data-end=\"7603\">Pouzdani rezultati istra\u017eivanja:<\/strong> Visoka \u010disto\u0107a osigurava dosljedne podatke.<\/p>\n<\/li>\n<li data-start=\"7651\" data-end=\"7739\">\n<p data-start=\"7654\" data-end=\"7739\"><strong data-start=\"7654\" data-end=\"7681\">Dugoro\u010dna stabilnost:<\/strong> Otporan na svjetlost, vlagu i temperaturne oscilacije.<\/p>\n<\/li>\n<li data-start=\"7740\" data-end=\"7808\">\n<p data-start=\"7743\" data-end=\"7808\"><strong data-start=\"7743\" data-end=\"7767\">Precizna formulacija:<\/strong> Jednostavno za rukovanje i doziranje.<\/p>\n<\/li>\n<li data-start=\"7809\" data-end=\"7897\">\n<p data-start=\"7812\" data-end=\"7897\"><strong data-start=\"7812\" data-end=\"7840\">Profesionalna kvaliteta:<\/strong> Pogodno za forenzi\u010dke i analiti\u010dke primjene.<\/p>\n<\/li>\n<li data-start=\"7898\" data-end=\"7988\">\n<p data-start=\"7901\" data-end=\"7988\"><strong data-start=\"7901\" data-end=\"7935\">Idealno za istra\u017eivanje receptora:<\/strong> Savr\u0161eno za <strong data-start=\"7949\" data-end=\"7985\">vezivne i strukturne studije<\/strong>.<\/p>\n<\/li>\n<\/ol>\n<hr data-start=\"7990\" data-end=\"7993\" \/>\n<h3 data-start=\"7995\" data-end=\"8034\"><strong data-start=\"7999\" data-end=\"8034\">Koristiti (samo u istra\u017eiva\u010dke svrhe)<\/strong><\/h3>\n<ol data-start=\"8036\" data-end=\"8458\">\n<li data-start=\"8036\" data-end=\"8128\">\n<p data-start=\"8039\" data-end=\"8128\"><strong data-start=\"8039\" data-end=\"8070\">Nosite za\u0161titnu odje\u0107u:<\/strong> Handschoenen, veiligheidsbril en labjas zijn verplicht.<\/p>\n<\/li>\n<li data-start=\"8129\" data-end=\"8207\">\n<p data-start=\"8132\" data-end=\"8207\"><strong data-start=\"8132\" data-end=\"8156\">Gebruik in zuurkast:<\/strong> Vermijd direct contact of inademing van de stof.<\/p>\n<\/li>\n<li data-start=\"8208\" data-end=\"8294\">\n<p data-start=\"8211\" data-end=\"8294\"><strong data-start=\"8211\" data-end=\"8231\">Meet nauwkeurig:<\/strong> Gebruik gekalibreerde instrumenten voor precieze resultaten.<\/p>\n<\/li>\n<li data-start=\"8295\" data-end=\"8365\">\n<p data-start=\"8298\" data-end=\"8365\"><strong data-start=\"8298\" data-end=\"8323\">Noteer batchgegevens:<\/strong> Registreer zuiverheid en samplegewicht.<\/p>\n<\/li>\n<li data-start=\"8366\" data-end=\"8458\">\n<p data-start=\"8369\" data-end=\"8458\"><strong data-start=\"8369\" data-end=\"8403\">Verwijder afvalstoffen veilig:<\/strong> Volg de veiligheidsrichtlijnen van het laboratorium.<\/p>\n<\/li>\n<\/ol>\n<blockquote data-start=\"8460\" data-end=\"8545\">\n<p data-start=\"8462\" data-end=\"8545\">\u2697\ufe0f <strong data-start=\"8465\" data-end=\"8545\">Alleen bedoeld voor laboratoriumonderzoek \u2013 niet voor menselijke consumptie.<\/strong><\/p>\n<\/blockquote>\n<hr data-start=\"8547\" data-end=\"8550\" \/>\n<h3 data-start=\"8552\" data-end=\"8577\"><strong data-start=\"8556\" data-end=\"8577\">Opslaginstructies<\/strong><\/h3>\n<ul data-start=\"8579\" data-end=\"8773\">\n<li data-start=\"8579\" data-end=\"8647\">\n<p data-start=\"8581\" data-end=\"8647\">Bewaar bij <strong data-start=\"8592\" data-end=\"8601\">2\u20138\u00b0C<\/strong>, op een <strong data-start=\"8610\" data-end=\"8644\">hladno, suho i tamno mjesto<\/strong>.<\/p>\n<\/li>\n<li data-start=\"8648\" data-end=\"8684\">\n<p data-start=\"8650\" data-end=\"8684\">Houd verpakking goed afgesloten.<\/p>\n<\/li>\n<li data-start=\"8685\" data-end=\"8730\">\n<p data-start=\"8687\" data-end=\"8730\">Bescherm tegen <strong data-start=\"8702\" data-end=\"8727\">licht, vocht en hitte<\/strong>.<\/p>\n<\/li>\n<li data-start=\"8731\" data-end=\"8773\">\n<p data-start=\"8733\" data-end=\"8773\">Buiten bereik van onbevoegden bewaren.<\/p>\n<\/li>\n<\/ul>\n<hr data-start=\"8775\" data-end=\"8778\" \/>\n<h3 data-start=\"8780\" data-end=\"8815\"><strong data-start=\"8784\" data-end=\"8815\">\u010cesto postavljana pitanja (FAQs)<\/strong><\/h3>\n<p data-start=\"8817\" data-end=\"9007\"><strong data-start=\"8817\" data-end=\"8869\">1. Waarvoor wordt ADB-B (ADB-BUTINACA) gebruikt?<\/strong><br data-start=\"8869\" data-end=\"8872\" \/>ADB-BUTINACA wordt gebruikt voor <strong data-start=\"8905\" data-end=\"8943\">forensisch en analytisch onderzoek<\/strong>, met name in <strong data-start=\"8957\" data-end=\"9004\">receptorbindings- en toxicologische studies<\/strong>.<\/p>\n<p data-start=\"9009\" data-end=\"9210\"><strong data-start=\"9009\" data-end=\"9068\">2. Is ADB-BUTINACA geschikt voor menselijke consumptie?<\/strong><br data-start=\"9068\" data-end=\"9071\" \/>Ne. <strong data-start=\"9076\" data-end=\"9092\">ADB-BUTINACA<\/strong> is <strong data-start=\"9096\" data-end=\"9146\">Namijenjeno isklju\u010divo za laboratorijska istra\u017eivanja<\/strong> i <strong data-start=\"9150\" data-end=\"9207\">nije prikladno za ljudsku ili \u017eivotinjsku prehranu<\/strong>.<\/p>\n<p data-start=\"9212\" data-end=\"9333\"><strong data-start=\"9212\" data-end=\"9256\">3. Hoe bewaar ik ADB-BUTINACA het beste?<\/strong><br data-start=\"9256\" data-end=\"9259\" \/>Bewaar bij <strong data-start=\"9270\" data-end=\"9279\">2\u20138\u00b0C<\/strong>, in een <strong data-start=\"9288\" data-end=\"9330\">droge, donkere en luchtdichte omgeving<\/strong>.<\/p>\n<hr data-start=\"9335\" data-end=\"9338\" \/>\n<h3 data-start=\"9340\" data-end=\"9357\"><strong data-start=\"9344\" data-end=\"9357\">Zaklju\u010dak<\/strong><\/h3>\n<p data-start=\"9359\" data-end=\"9628\"><strong data-start=\"9359\" data-end=\"9383\">ADB-B (ADB-BUTINACA)<\/strong> nudi <strong data-start=\"9390\" data-end=\"9452\">uitstekende zuiverheid, stabiliteit en reproduceerbaarheid<\/strong>, ideaal voor <strong data-start=\"9466\" data-end=\"9504\">forensisch en analytisch onderzoek<\/strong>.<br data-start=\"9505\" data-end=\"9508\" \/>Een betrouwbare keuze voor laboratoria die zich richten op <strong data-start=\"9567\" data-end=\"9625\">synthetische cannabino\u00efde-analyse en receptoronderzoek<\/strong>.<\/p>\n<h1><a style=\"font-size: 16px;\" href=\"https:\/\/researchchemicalshop.eu\/hr\/trgovina\/iboga-ibogaine\/iboga-root-bark\/\"><span dir=\"auto\" style=\"vertical-align: inherit;\"><span dir=\"auto\" style=\"vertical-align: inherit;\">Kora korijena iboge<\/span><\/span><\/a><a style=\"font-size: 16px;\" href=\"https:\/\/researchchemicalshop.eu\/hr\/trgovina\/iboga-ibogaine\/buy-ibogaine-hcl-online\/\"><span dir=\"auto\" style=\"vertical-align: inherit;\"><span dir=\"auto\" style=\"vertical-align: inherit;\">\u200b buy ibogaine hcl online<\/span><\/span><\/a><a style=\"font-size: 16px;\" href=\"https:\/\/researchchemicalshop.eu\/hr\/trgovina\/lizergamidi\/1cp-lsd\/\"><span dir=\"auto\" style=\"vertical-align: inherit;\"><span dir=\"auto\" style=\"vertical-align: inherit;\">\u200b 1cp lsd <\/span><\/span><\/a><a style=\"font-size: 16px;\" href=\"https:\/\/researchchemicalshop.eu\/hr\/trgovina\/pellets\/o-dsmt-50mg-pellets\/\"><span dir=\"auto\" style=\"vertical-align: inherit;\"><span dir=\"auto\" style=\"vertical-align: inherit;\">o-dsmt <\/span><\/span><\/a><a style=\"font-size: 16px;\" href=\"https:\/\/researchchemicalshop.eu\/hr\/trgovina\/lizergamidi\/1vlsd\/\"><span dir=\"auto\" style=\"vertical-align: inherit;\"><span dir=\"auto\" style=\"vertical-align: inherit;\">1vlsd<\/span><\/span><\/a><\/h1>","protected":false},"excerpt":{"rendered":"<h3><span dir=\"auto\" style=\"vertical-align: inherit;\"><span dir=\"auto\" style=\"vertical-align: inherit;\">ADB-B \/ ADB-BUTINACA properties<\/span><\/span><\/h3>\n<p><strong><span dir=\"auto\" style=\"vertical-align: inherit;\"><span dir=\"auto\" style=\"vertical-align: inherit;\">Synonym:<\/span><\/span><\/strong><span dir=\"auto\" style=\"vertical-align: inherit;\"><span dir=\"auto\" style=\"vertical-align: inherit;\"> ADB-B \/ ADB-BUTINACA <\/span><\/span><br \/>\n<strong><span dir=\"auto\" style=\"vertical-align: inherit;\"><span dir=\"auto\" style=\"vertical-align: inherit;\">CAS Number:<\/span><\/span><\/strong><span dir=\"auto\" style=\"vertical-align: inherit;\"><span dir=\"auto\" style=\"vertical-align: inherit;\"> 2682867-55-4 <\/span><\/span><br \/>\n<strong><span dir=\"auto\" style=\"vertical-align: inherit;\"><span dir=\"auto\" style=\"vertical-align: inherit;\">Formula:<\/span><\/span><\/strong><span dir=\"auto\" style=\"vertical-align: inherit;\"><span dir=\"auto\" style=\"vertical-align: inherit;\"> C <\/span><\/span><sub><small><span dir=\"auto\" style=\"vertical-align: inherit;\"><span dir=\"auto\" style=\"vertical-align: inherit;\">18<\/span><\/span><\/small><\/sub><span dir=\"auto\" style=\"vertical-align: inherit;\"><span dir=\"auto\" style=\"vertical-align: inherit;\"> H <\/span><\/span><sub><small><span dir=\"auto\" style=\"vertical-align: inherit;\"><span dir=\"auto\" style=\"vertical-align: inherit;\">26<\/span><\/span><\/small><\/sub><span dir=\"auto\" style=\"vertical-align: inherit;\"><span dir=\"auto\" style=\"vertical-align: inherit;\"> N <\/span><\/span><sub><small><span dir=\"auto\" style=\"vertical-align: inherit;\"><span dir=\"auto\" style=\"vertical-align: inherit;\">4<\/span><\/span><\/small><\/sub><span dir=\"auto\" style=\"vertical-align: inherit;\"><span dir=\"auto\" style=\"vertical-align: inherit;\"> O <\/span><\/span><sub><small><span dir=\"auto\" style=\"vertical-align: inherit;\"><span dir=\"auto\" style=\"vertical-align: inherit;\">2<\/span><\/span><\/small><\/sub><br \/>\n<strong><span dir=\"auto\" style=\"vertical-align: inherit;\"><span dir=\"auto\" style=\"vertical-align: inherit;\"> Molar Mass:<\/span><\/span><\/strong><span dir=\"auto\" style=\"vertical-align: inherit;\"><span dir=\"auto\" style=\"vertical-align: inherit;\"> 330.4 <\/span><\/span><br \/>\n<strong><span dir=\"auto\" style=\"vertical-align: inherit;\"><span dir=\"auto\" style=\"vertical-align: inherit;\">Purity:<\/span><\/span><\/strong><span dir=\"auto\" style=\"vertical-align: inherit;\"><span dir=\"auto\" style=\"vertical-align: inherit;\"> &gt;98%<\/span><\/span><\/p>","protected":false},"featured_media":16934,"comment_status":"closed","ping_status":"closed","template":"","meta":[],"product_brand":[23],"product_cat":[36],"product_tag":[400,401,402,403],"class_list":{"0":"post-733","1":"product","2":"type-product","3":"status-publish","4":"has-post-thumbnail","6":"product_brand-research-chemical","7":"product_cat-verboden","8":"product_tag-adb-butinaca","9":"product_tag-adb-butinaca-buy","10":"product_tag-adb-butinaca-psychonaut","11":"product_tag-adb-butinaca-wiki","13":"first","14":"instock","15":"shipping-taxable","16":"purchasable","17":"product-type-variable"},"_links":{"self":[{"href":"https:\/\/researchchemicalshop.eu\/hr\/wp-json\/wp\/v2\/product\/733","targetHints":{"allow":["GET"]}}],"collection":[{"href":"https:\/\/researchchemicalshop.eu\/hr\/wp-json\/wp\/v2\/product"}],"about":[{"href":"https:\/\/researchchemicalshop.eu\/hr\/wp-json\/wp\/v2\/types\/product"}],"replies":[{"embeddable":true,"href":"https:\/\/researchchemicalshop.eu\/hr\/wp-json\/wp\/v2\/comments?post=733"}],"version-history":[{"count":2,"href":"https:\/\/researchchemicalshop.eu\/hr\/wp-json\/wp\/v2\/product\/733\/revisions"}],"predecessor-version":[{"id":16670,"href":"https:\/\/researchchemicalshop.eu\/hr\/wp-json\/wp\/v2\/product\/733\/revisions\/16670"}],"wp:featuredmedia":[{"embeddable":true,"href":"https:\/\/researchchemicalshop.eu\/hr\/wp-json\/wp\/v2\/media\/16934"}],"wp:attachment":[{"href":"https:\/\/researchchemicalshop.eu\/hr\/wp-json\/wp\/v2\/media?parent=733"}],"wp:term":[{"taxonomy":"product_brand","embeddable":true,"href":"https:\/\/researchchemicalshop.eu\/hr\/wp-json\/wp\/v2\/product_brand?post=733"},{"taxonomy":"product_cat","embeddable":true,"href":"https:\/\/researchchemicalshop.eu\/hr\/wp-json\/wp\/v2\/product_cat?post=733"},{"taxonomy":"product_tag","embeddable":true,"href":"https:\/\/researchchemicalshop.eu\/hr\/wp-json\/wp\/v2\/product_tag?post=733"}],"curies":[{"name":"wp","href":"https:\/\/api.w.org\/{rel}","templated":true}]}}