{"id":431,"date":"2026-02-09T11:52:52","date_gmt":"2026-02-09T11:52:52","guid":{"rendered":"https:\/\/researchchemicalshop.eu\/?post_type=product&#038;p=431"},"modified":"2026-03-06T01:38:24","modified_gmt":"2026-03-06T01:38:24","slug":"4-aco-s-peletama-od-20-mg","status":"publish","type":"product","link":"https:\/\/researchchemicalshop.eu\/hr\/proizvod\/4-aco-s-peletama-od-20-mg\/","title":{"rendered":"4-AcO-MET 20 MG pelete"},"content":{"rendered":"<p data-start=\"3312\" data-end=\"3759\">4-AcO-MET (4-acetoksi-N-etil-N-metiltriptamin) pelete od 20 mg su <strong data-start=\"3380\" data-end=\"3425\">Visokopro\u010di\u0161\u0107eni istra\u017eiva\u010dki kemikaliji<\/strong>, posebno razvijeno za napredna kemijska i farmakolo\u0161ka istra\u017eivanja. Svaki pelet sadr\u017ei <strong data-start=\"3520\" data-end=\"3545\">to\u010dno 20 miligrama 4-AcO-MET-a<\/strong>, \u0161to osigurava dosljedne i reproducibilne rezultate. Ova spojina je strukturno srodna s 4-AcO-DMT i MET te se koristi u istra\u017eivanjima koja ispituju <strong data-start=\"3703\" data-end=\"3758\">serotoninski receptori i neurokemijske interakcije<\/strong>. 4-ACO-MET<\/p>\n<blockquote data-start=\"3761\" data-end=\"3891\">\n<p data-start=\"3763\" data-end=\"3891\">\u26a0\ufe0f <strong data-start=\"3766\" data-end=\"3777\">Molimo imajte na umu:<\/strong> Ovaj proizvod je <strong data-start=\"3793\" data-end=\"3848\">Namijenjeno isklju\u010divo za znanstvena istra\u017eivanja<\/strong>. Nije pogodno za ljudsku prehranu.<\/p>\n<\/blockquote>\n<hr data-start=\"3893\" data-end=\"3896\" \/>\n<h3 data-start=\"3898\" data-end=\"3929\"><strong data-start=\"3902\" data-end=\"3929\">Klju\u010dne zna\u010dajke<\/strong><\/h3>\n<ul data-start=\"3930\" data-end=\"4438\">\n<li data-start=\"3930\" data-end=\"4044\">\n<p data-start=\"3932\" data-end=\"4044\"><strong data-start=\"3932\" data-end=\"3958\">Visoka \u010disto\u0107a (\u226598%)<\/strong> \u2013 Proizvedeno prema strogim analiti\u010dkim standardima za pouzdane rezultate istra\u017eivanja.<\/p>\n<\/li>\n<li data-start=\"4045\" data-end=\"4149\">\n<p data-start=\"4047\" data-end=\"4149\"><strong data-start=\"4047\" data-end=\"4080\">Precizno dozirane pelete<\/strong> \u2013 Svaki pelet sadr\u017ei 20 mg 4-AcO-MET-a uz visoku to\u010dnost doziranja.<\/p>\n<\/li>\n<li data-start=\"4150\" data-end=\"4237\">\n<p data-start=\"4152\" data-end=\"4237\"><strong data-start=\"4152\" data-end=\"4177\">Kemijska stabilnost<\/strong> \u2013 Dizajnirano za osiguranje stabilnosti i trajnosti.<\/p>\n<\/li>\n<li data-start=\"4238\" data-end=\"4340\">\n<p data-start=\"4240\" data-end=\"4340\"><strong data-start=\"4240\" data-end=\"4262\">Jamstvo kvalitete<\/strong> \u2013 Proizvedeno u uvjetima sli\u010dnim GMP-u za dosljednu kvalitetu.<\/p>\n<\/li>\n<li data-start=\"4341\" data-end=\"4438\">\n<p data-start=\"4343\" data-end=\"4438\"><strong data-start=\"4343\" data-end=\"4365\">Sigurno pakiranje<\/strong> \u2013 Pakirano u hermeti\u010dki zatvorenu posudu radi za\u0161tite od vlage i svjetla.<\/p>\n<\/li>\n<\/ul>\n<hr data-start=\"4440\" data-end=\"4443\" \/>\n<h3 data-start=\"4445\" data-end=\"4462\"><strong data-start=\"4449\" data-end=\"4462\">Prednosti<\/strong><\/h3>\n<ul data-start=\"4463\" data-end=\"4766\">\n<li data-start=\"4463\" data-end=\"4541\">\n<p data-start=\"4465\" data-end=\"4541\">Pru\u017ea <strong data-start=\"4476\" data-end=\"4517\">to\u010dne i ponovljive doze<\/strong> tijekom eksperimenata.<\/p>\n<\/li>\n<li data-start=\"4542\" data-end=\"4640\">\n<p data-start=\"4544\" data-end=\"4640\">Idealno za <strong data-start=\"4556\" data-end=\"4596\">istra\u017eivanje derivata triptofana<\/strong> u kontroliranim laboratorijskim uvjetima.<\/p>\n<\/li>\n<li data-start=\"4641\" data-end=\"4701\">\n<p data-start=\"4643\" data-end=\"4701\"><strong data-start=\"4643\" data-end=\"4667\">Du\u017ei rok trajanja<\/strong> zahvaljuju\u0107i stabilnom obliku peleta.<\/p>\n<\/li>\n<li data-start=\"4702\" data-end=\"4766\">\n<p data-start=\"4704\" data-end=\"4766\"><strong data-start=\"4704\" data-end=\"4739\">Jednostavno i sigurno za rukovanje<\/strong> u laboratorijskim uvjetima.<\/p>\n<\/li>\n<\/ul>\n<hr data-start=\"4768\" data-end=\"4771\" \/>\n<h3 data-start=\"4773\" data-end=\"4788\"><strong data-start=\"4777\" data-end=\"4788\">Upotrebljavati<\/strong><\/h3>\n<ul data-start=\"4789\" data-end=\"5092\">\n<li data-start=\"4789\" data-end=\"4871\">\n<p data-start=\"4791\" data-end=\"4871\">Samo za upotrebu ovla\u0161tenog osoblja <strong data-start=\"4813\" data-end=\"4868\">kvalificirano istra\u017eiva\u010dko ili laboratorijsko osoblje<\/strong>.<\/p>\n<\/li>\n<li data-start=\"4872\" data-end=\"4946\">\n<p data-start=\"4874\" data-end=\"4946\">Nosite prikladno <strong data-start=\"4890\" data-end=\"4914\">za\u0161titna oprema<\/strong> (rukavice, za\u0161titne nao\u010dale, maska).<\/p>\n<\/li>\n<li data-start=\"4947\" data-end=\"5033\">\n<p data-start=\"4949\" data-end=\"5033\">Skladi\u0161tite u <strong data-start=\"4964\" data-end=\"4987\">hladno, suho mjesto<\/strong>, na za\u0161ti\u0107enom mjestu od topline i izravne sun\u010deve svjetlosti.<\/p>\n<\/li>\n<li data-start=\"5034\" data-end=\"5092\">\n<p data-start=\"5036\" data-end=\"5092\">Nije pogodno za ljudsku ili \u017eivotinjsku prehranu.<\/p>\n<\/li>\n<\/ul>\n<hr data-start=\"5094\" data-end=\"5097\" \/>\n<h3 data-start=\"5099\" data-end=\"5134\"><strong data-start=\"5103\" data-end=\"5134\">\u010cesto postavljana pitanja (FAQs)<\/strong><\/h3>\n<p data-start=\"5136\" data-end=\"5333\"><strong data-start=\"5136\" data-end=\"5177\">1. Za \u0161to se koristi 4-AcO-MET?<\/strong><br data-start=\"5177\" data-end=\"5180\" \/>4-AcO-MET se koristi za <strong data-start=\"5210\" data-end=\"5240\">znanstveno istra\u017eivanje<\/strong> akcija trip\u0442\u0430\u043c\u0438nskih spojeva, osobito u odnosu na serotoninergi\u010dke receptore.<\/p>\n<p data-start=\"5335\" data-end=\"5509\"><strong data-start=\"5335\" data-end=\"5395\">2. Je li 4-AcO-MET 20 MG pogodan za osobnu upotrebu?<\/strong><br data-start=\"5395\" data-end=\"5398\" \/>Ne. Ovaj proizvod je <strong data-start=\"5418\" data-end=\"5468\">Namijenjeno isklju\u010divo za laboratorijska istra\u017eivanja<\/strong> i nije pogodno za ljudsku prehranu.<\/p>\n<p data-start=\"5511\" data-end=\"5677\"><strong data-start=\"5511\" data-end=\"5558\">3. Kako treba \u010duvati 4-AcO-MET 20 MG?<\/strong><br data-start=\"5558\" data-end=\"5561\" \/>Skladi\u0161tite u <strong data-start=\"5576\" data-end=\"5613\">suha, dobro zatvorena ambala\u017ea<\/strong> na sobnoj temperaturi (15\u201325 \u00b0C), za\u0161ti\u0107eno od svjetla i vlage.<\/p>","protected":false},"excerpt":{"rendered":"<p>4-AcO-MET (4-Acetoxy-N-ethyl-N-methyltryptamine) 20 MG Pellets zijn onderzoekschemicali\u00ebn van hoge zuiverheid, speciaal ontwikkeld voor geavanceerd chemisch en farmacologisch onderzoek. Elke pellet<\/p>","protected":false},"featured_media":16879,"comment_status":"closed","ping_status":"closed","template":"","meta":[],"product_brand":[],"product_cat":[198,280,71,41],"product_tag":[281,978,282,22],"class_list":{"0":"post-431","1":"product","2":"type-product","3":"status-publish","4":"has-post-thumbnail","6":"product_cat-4-aco-met","7":"product_cat-4-aco-met-pellets","8":"product_cat-pellets","9":"product_cat-tryptamine","10":"product_tag-4-aco-met","11":"product_tag-4-aco-met-20-mg-pellets","12":"product_tag-4-aco-met-kopen","13":"product_tag-nl","15":"first","16":"instock","17":"shipping-taxable","18":"purchasable","19":"product-type-variable"},"_links":{"self":[{"href":"https:\/\/researchchemicalshop.eu\/hr\/wp-json\/wp\/v2\/product\/431","targetHints":{"allow":["GET"]}}],"collection":[{"href":"https:\/\/researchchemicalshop.eu\/hr\/wp-json\/wp\/v2\/product"}],"about":[{"href":"https:\/\/researchchemicalshop.eu\/hr\/wp-json\/wp\/v2\/types\/product"}],"replies":[{"embeddable":true,"href":"https:\/\/researchchemicalshop.eu\/hr\/wp-json\/wp\/v2\/comments?post=431"}],"version-history":[{"count":1,"href":"https:\/\/researchchemicalshop.eu\/hr\/wp-json\/wp\/v2\/product\/431\/revisions"}],"predecessor-version":[{"id":16684,"href":"https:\/\/researchchemicalshop.eu\/hr\/wp-json\/wp\/v2\/product\/431\/revisions\/16684"}],"wp:featuredmedia":[{"embeddable":true,"href":"https:\/\/researchchemicalshop.eu\/hr\/wp-json\/wp\/v2\/media\/16879"}],"wp:attachment":[{"href":"https:\/\/researchchemicalshop.eu\/hr\/wp-json\/wp\/v2\/media?parent=431"}],"wp:term":[{"taxonomy":"product_brand","embeddable":true,"href":"https:\/\/researchchemicalshop.eu\/hr\/wp-json\/wp\/v2\/product_brand?post=431"},{"taxonomy":"product_cat","embeddable":true,"href":"https:\/\/researchchemicalshop.eu\/hr\/wp-json\/wp\/v2\/product_cat?post=431"},{"taxonomy":"product_tag","embeddable":true,"href":"https:\/\/researchchemicalshop.eu\/hr\/wp-json\/wp\/v2\/product_tag?post=431"}],"curies":[{"name":"wp","href":"https:\/\/api.w.org\/{rel}","templated":true}]}}