{"id":41,"date":"2026-02-09T11:51:56","date_gmt":"2026-02-09T11:51:56","guid":{"rendered":"https:\/\/researchchemicalshop.eu\/?post_type=product&#038;p=41"},"modified":"2026-03-07T04:36:10","modified_gmt":"2026-03-07T04:36:10","slug":"3-hidroksi-nn-dimetil-1-feniciklidin","status":"publish","type":"product","link":"https:\/\/researchchemicalshop.eu\/hr\/proizvod\/3-hidroksi-nn-dimetil-1-feniciklidin\/","title":{"rendered":"3-HO-PCP (3-hidroksifenciklidin)"},"content":{"rendered":"<h1><span dir=\"auto\" style=\"vertical-align: inherit;\"><span dir=\"auto\" style=\"vertical-align: inherit;\">3-HO-PCP (3-hidroksifen ciklicidin) \u2013 Detaljne informacije o proizvodu za istra\u017eiva\u010dku upotrebu<\/span><\/span><\/h1>\n<p data-start=\"7125\" data-end=\"7423\"><strong data-start=\"7125\" data-end=\"7137\">3-HO-PCP<\/strong>, ili <strong data-start=\"7142\" data-end=\"7168\">3-hidroksifenciklidin<\/strong>, je <strong data-start=\"7177\" data-end=\"7205\">disocijativna veza<\/strong> iz <strong data-start=\"7213\" data-end=\"7243\">obitelj arilsikloheksamina<\/strong>, vezano uz <strong data-start=\"7257\" data-end=\"7264\">PCP<\/strong> i <strong data-start=\"7268\" data-end=\"7281\">3-MeO-PCP<\/strong>.<br data-start=\"7282\" data-end=\"7285\" \/>To se istra\u017euje u <strong data-start=\"7309\" data-end=\"7351\">farmakolo\u0161ka i forenzi\u010dka istra\u017eivanja<\/strong> zbog njega <strong data-start=\"7365\" data-end=\"7392\">profil vezanja receptora<\/strong> i <strong data-start=\"7396\" data-end=\"7420\">analiti\u010dka detekcija<\/strong>. <span class=\"___SBox_epc1q-ko_ ___SText_zko9t-ko_\" data-ui-name=\"Link.Text\">3 ho pcp<\/span><\/p>\n<p data-start=\"7425\" data-end=\"7559\">Iako se doga\u0111a unutar domene <strong data-start=\"7467\" data-end=\"7505\">nove psihoaktivne tvari (NPS)<\/strong>, ima li <strong data-start=\"7517\" data-end=\"7558\">nema odobrena medicinsko kori\u0161tenje<\/strong>.<\/p>\n<hr data-start=\"7561\" data-end=\"7564\" \/>\n<h2 data-start=\"7566\" data-end=\"7613\"><strong data-start=\"7569\" data-end=\"7613\">Kemijska i farmakolo\u0161ka pozadina<\/strong><\/h2>\n<p data-start=\"7615\" data-end=\"7640\"><strong data-start=\"7615\" data-end=\"7640\">Va\u017ene informacije:<\/strong><\/p>\n<ul data-start=\"7641\" data-end=\"7915\">\n<li data-start=\"7641\" data-end=\"7698\">\n<p data-start=\"7643\" data-end=\"7698\"><strong data-start=\"7643\" data-end=\"7658\">IUPAC naziv:<\/strong> 1-(1-(fenilcikloheksil)piperidin-3-ol)<\/p>\n<\/li>\n<li data-start=\"7699\" data-end=\"7732\">\n<p data-start=\"7701\" data-end=\"7732\"><strong data-start=\"7701\" data-end=\"7721\">Molekularna formula:<\/strong> C17H25NO<\/p>\n<\/li>\n<li data-start=\"7733\" data-end=\"7769\">\n<p data-start=\"7735\" data-end=\"7769\"><strong data-start=\"7735\" data-end=\"7753\">Molekulska masa:<\/strong> \u00b1259,39 g\/mol<\/p>\n<\/li>\n<li data-start=\"7770\" data-end=\"7817\">\n<p data-start=\"7772\" data-end=\"7817\"><strong data-start=\"7772\" data-end=\"7794\">Hemijska obitelj:<\/strong> Arilsikloheksilamini, <span class=\"___SBox_epc1q-ko_ ___SText_zko9t-ko_\" data-ui-name=\"Link.Text\">3 ho pcp<\/span><\/p>\n<\/li>\n<li data-start=\"7818\" data-end=\"7915\">\n<p data-start=\"7820\" data-end=\"7915\"><strong data-start=\"7820\" data-end=\"7840\">Akcija receptora:<\/strong> NMDA antagonist, mogu\u0107a afinost prema dopaminskim i sigma receptorima.<\/p>\n<\/li>\n<\/ul>\n<p data-start=\"7917\" data-end=\"8089\">The <strong data-start=\"7920\" data-end=\"7936\">hidroksilna skupina<\/strong> na <strong data-start=\"7943\" data-end=\"7956\">3-pozicijski<\/strong> utje\u010de na afinitet vezanja i metabolizam, \u0161to 3-HO-PCP \u010dini zanimljivim za <strong data-start=\"8048\" data-end=\"8088\">strukturna farmakolo\u0161ka istra\u017eivanja<\/strong>.<\/p>\n<hr data-start=\"8091\" data-end=\"8094\" \/>\n<h2 data-start=\"8096\" data-end=\"8123\"><strong data-start=\"8099\" data-end=\"8123\">Svrhe istra\u017eivanja<\/strong><\/h2>\n<ul data-start=\"8125\" data-end=\"8415\">\n<li data-start=\"8125\" data-end=\"8195\">\n<p data-start=\"8127\" data-end=\"8195\"><strong data-start=\"8127\" data-end=\"8155\">Forenzi\u010dka toksikologija:<\/strong> otkrivanje i analiza analoga PCP-a.<\/p>\n<\/li>\n<li data-start=\"8196\" data-end=\"8273\">\n<p data-start=\"8198\" data-end=\"8273\"><strong data-start=\"8198\" data-end=\"8221\">Analiti\u010dka kemija:<\/strong> razvoj metoda detekcije GC-MS i LC-MS.<\/p>\n<\/li>\n<li data-start=\"8274\" data-end=\"8345\">\n<p data-start=\"8276\" data-end=\"8345\"><strong data-start=\"8276\" data-end=\"8305\">Farmakolo\u0161ka istra\u017eivanja:<\/strong> prou\u010davanje NMDA i sigma receptora.<\/p>\n<\/li>\n<li data-start=\"8346\" data-end=\"8415\">\n<p data-start=\"8348\" data-end=\"8415\"><strong data-start=\"8348\" data-end=\"8368\">Javno zdravlje:<\/strong> nadzor novih psihoaktivnih tvari.<\/p>\n<\/li>\n<\/ul>\n<hr data-start=\"8417\" data-end=\"8420\" \/>\n<h2 data-start=\"8422\" data-end=\"8466\"><strong data-start=\"8425\" data-end=\"8466\">Sigurnosni i pravni aspekti<\/strong><\/h2>\n<p data-start=\"8468\" data-end=\"8483\"><strong data-start=\"8468\" data-end=\"8483\">Sigurnost:<\/strong><\/p>\n<ul data-start=\"8484\" data-end=\"8715\">\n<li data-start=\"8484\" data-end=\"8550\">\n<p data-start=\"8486\" data-end=\"8550\">Rukujte samo <strong data-start=\"8507\" data-end=\"8547\">kvalificirano laboratorijsko osoblje<\/strong>.<\/p>\n<\/li>\n<li data-start=\"8551\" data-end=\"8602\">\n<p data-start=\"8553\" data-end=\"8602\">Nositi <strong data-start=\"8559\" data-end=\"8599\">rukavice, za\u0161titne nao\u010dale, maska i laboratorijski mantil<\/strong>.<\/p>\n<\/li>\n<li data-start=\"8603\" data-end=\"8642\">\n<p data-start=\"8605\" data-end=\"8642\">Izbjegavajte izlaganje ili udisanje.<\/p>\n<\/li>\n<li data-start=\"8643\" data-end=\"8715\">\n<p data-start=\"8645\" data-end=\"8715\">Pratite <strong data-start=\"8650\" data-end=\"8688\">propisi o otpadu i sigurnosti<\/strong> za kemijski materijal.<\/p>\n<\/li>\n<\/ul>\n<p data-start=\"8717\" data-end=\"8895\"><strong data-start=\"8717\" data-end=\"8739\">Pravni status:<\/strong><br data-start=\"8739\" data-end=\"8742\" \/>3-HO-PCP je <strong data-start=\"8773\" data-end=\"8794\">kontrolirana supstanca<\/strong> pod <strong data-start=\"8804\" data-end=\"8816\">Zakon o opijumu<\/strong> bilo da <strong data-start=\"8823\" data-end=\"8844\">analogno zakonodavstvo<\/strong>.<br data-start=\"8845\" data-end=\"8848\" \/>Upotreba ili posjedovanje bez licence je zabranjeno.<\/p>\n<hr data-start=\"8897\" data-end=\"8900\" \/>\n<h2 data-start=\"8902\" data-end=\"8936\"><strong data-start=\"8905\" data-end=\"8936\">\u010cesto postavljana pitanja (FAQs)<\/strong><\/h2>\n<h3 data-start=\"8938\" data-end=\"8984\"><strong data-start=\"8942\" data-end=\"8984\">1. Za \u0161to se istra\u017euje 3-HO-PCP?<\/strong><\/h3>\n<p data-start=\"8985\" data-end=\"9077\">Za istra\u017eivanje u <strong data-start=\"9005\" data-end=\"9024\">vezanje na receptor<\/strong>, <strong data-start=\"9026\" data-end=\"9048\">strukturalna kemija<\/strong> i <strong data-start=\"9052\" data-end=\"9076\">analiti\u010dka detekcija<\/strong>.<\/p>\n<h3 data-start=\"9079\" data-end=\"9109\"><strong data-start=\"9083\" data-end=\"9109\">2. Je li 3-HO-PCP legalan?<\/strong><\/h3>\n<p data-start=\"9110\" data-end=\"9198\">U ve\u0107ini zemalja, 3-HO-PCP <strong data-start=\"9142\" data-end=\"9169\">zabranjeno ili regulirano<\/strong> kao kontrolirana supstanca.<\/p>\n<h3 data-start=\"9200\" data-end=\"9253\"><strong data-start=\"9204\" data-end=\"9253\">3. Kako se 3-HO-PCP mo\u017ee sigurno rukovati?<\/strong><\/h3>\n<p data-start=\"9254\" data-end=\"9383\">Samo <strong data-start=\"9261\" data-end=\"9291\">profesionalni istra\u017eiva\u010di<\/strong> mo\u017ee rukovati ovom tvari s odgovaraju\u0107om <strong data-start=\"9331\" data-end=\"9354\">sigurnosna oprema<\/strong> u laboratorijskom okru\u017eenju.<\/p>","protected":false},"excerpt":{"rendered":"<h3><span dir=\"auto\" style=\"vertical-align: inherit;\"><span dir=\"auto\" style=\"vertical-align: inherit;\">3-HO-PCP properties<\/span><\/span><\/h3>\n<p><strong><span dir=\"auto\" style=\"vertical-align: inherit;\"><span dir=\"auto\" style=\"vertical-align: inherit;\">Synonym<\/span><\/span><\/strong><span dir=\"auto\" style=\"vertical-align: inherit;\"><span dir=\"auto\" style=\"vertical-align: inherit;\"> : 3-hydroxyphencyclidine <\/span><\/span><br \/>\n<strong><span dir=\"auto\" style=\"vertical-align: inherit;\"><span dir=\"auto\" style=\"vertical-align: inherit;\">CAS Number<\/span><\/span><\/strong><span dir=\"auto\" style=\"vertical-align: inherit;\"><span dir=\"auto\" style=\"vertical-align: inherit;\"> : 79787-43-2 <\/span><\/span><br \/>\n<strong><span dir=\"auto\" style=\"vertical-align: inherit;\"><span dir=\"auto\" style=\"vertical-align: inherit;\">Formula<\/span><\/span><\/strong><span dir=\"auto\" style=\"vertical-align: inherit;\"><span dir=\"auto\" style=\"vertical-align: inherit;\"> : 1-[1-(3-hydroxyphenyl)cyclohexyl]-piperidine <\/span><\/span><br \/>\n<strong><span dir=\"auto\" style=\"vertical-align: inherit;\"><span dir=\"auto\" style=\"vertical-align: inherit;\">Molar mass<\/span><\/span><\/strong><span dir=\"auto\" style=\"vertical-align: inherit;\"><span dir=\"auto\" style=\"vertical-align: inherit;\"> : 295,9 g\/mol <\/span><\/span><br \/>\n<strong><span dir=\"auto\" style=\"vertical-align: inherit;\"><span dir=\"auto\" style=\"vertical-align: inherit;\">Purity<\/span><\/span><\/strong><span dir=\"auto\" style=\"vertical-align: inherit;\"><span dir=\"auto\" style=\"vertical-align: inherit;\"> : &gt;97%<\/span><\/span><\/p>\n","protected":false},"featured_media":16866,"comment_status":"closed","ping_status":"closed","template":"","meta":[],"product_brand":[23],"product_cat":[104,98],"product_tag":[105,106,107,108,109,110,22,111],"class_list":{"0":"post-41","1":"product","2":"type-product","3":"status-publish","4":"has-post-thumbnail","6":"product_brand-research-chemical","7":"product_cat-3-ho-pcp","8":"product_cat-arylcyclohexylamines","9":"product_tag-3-ho-pcp-kopen","10":"product_tag-3-ho-pcp","11":"product_tag-3-ho-pcp-erowid","12":"product_tag-3-ho-pcp-psychonaut","13":"product_tag-3-ho-pcp-reddit","14":"product_tag-3hopcp","15":"product_tag-nl","16":"product_tag-where-to-buy-3-ho-pcp","18":"first","19":"instock","20":"shipping-taxable","21":"purchasable","22":"product-type-variable"},"_links":{"self":[{"href":"https:\/\/researchchemicalshop.eu\/hr\/wp-json\/wp\/v2\/product\/41","targetHints":{"allow":["GET"]}}],"collection":[{"href":"https:\/\/researchchemicalshop.eu\/hr\/wp-json\/wp\/v2\/product"}],"about":[{"href":"https:\/\/researchchemicalshop.eu\/hr\/wp-json\/wp\/v2\/types\/product"}],"replies":[{"embeddable":true,"href":"https:\/\/researchchemicalshop.eu\/hr\/wp-json\/wp\/v2\/comments?post=41"}],"version-history":[{"count":1,"href":"https:\/\/researchchemicalshop.eu\/hr\/wp-json\/wp\/v2\/product\/41\/revisions"}],"predecessor-version":[{"id":16752,"href":"https:\/\/researchchemicalshop.eu\/hr\/wp-json\/wp\/v2\/product\/41\/revisions\/16752"}],"wp:featuredmedia":[{"embeddable":true,"href":"https:\/\/researchchemicalshop.eu\/hr\/wp-json\/wp\/v2\/media\/16866"}],"wp:attachment":[{"href":"https:\/\/researchchemicalshop.eu\/hr\/wp-json\/wp\/v2\/media?parent=41"}],"wp:term":[{"taxonomy":"product_brand","embeddable":true,"href":"https:\/\/researchchemicalshop.eu\/hr\/wp-json\/wp\/v2\/product_brand?post=41"},{"taxonomy":"product_cat","embeddable":true,"href":"https:\/\/researchchemicalshop.eu\/hr\/wp-json\/wp\/v2\/product_cat?post=41"},{"taxonomy":"product_tag","embeddable":true,"href":"https:\/\/researchchemicalshop.eu\/hr\/wp-json\/wp\/v2\/product_tag?post=41"}],"curies":[{"name":"wp","href":"https:\/\/api.w.org\/{rel}","templated":true}]}}