{"id":383,"date":"2026-02-09T11:52:43","date_gmt":"2026-02-09T11:52:43","guid":{"rendered":"https:\/\/researchchemicalshop.eu\/?post_type=product&#038;p=383"},"modified":"2026-03-06T01:49:14","modified_gmt":"2026-03-06T01:49:14","slug":"met-fumarate-n-methyl-n-ethyltryptamine","status":"publish","type":"product","link":"https:\/\/researchchemicalshop.eu\/hr\/proizvod\/met-fumarate-n-methyl-n-ethyltryptamine\/","title":{"rendered":"MET fumarat (N-metil-N-etil-triptamin)"},"content":{"rendered":"<h1><strong>MET Fumaraat \u2013 N-methyl-N-ethyltryptamine Onderzoeksstof van Farmaceutische Zuiverheid<\/strong><\/h1>\n<p data-start=\"3893\" data-end=\"4074\"><strong data-start=\"3893\" data-end=\"3938\">MET Fumaraat (N-Methyl-N-Ethyltryptamine)<\/strong> je <strong data-start=\"3946\" data-end=\"3988\">istra\u017eiva\u010dko spojenje visoke \u010disto\u0107e<\/strong>, razvijeno za <strong data-start=\"4006\" data-end=\"4071\">neuroznanstvena, farmakolo\u0161ka i analiti\u010dka istra\u017eivanja<\/strong>. met fumarate<\/p>\n<p data-start=\"4076\" data-end=\"4318\">Ako <strong data-start=\"4080\" data-end=\"4112\">structurele analogon van DMT<\/strong> i <strong data-start=\"4116\" data-end=\"4124\">MiPT<\/strong>, is MET bijzonder waardevol voor onderzoek naar <strong data-start=\"4173\" data-end=\"4217\">serotonine-receptoren (5-HT2A en 5-HT1A)<\/strong>, <strong data-start=\"4219\" data-end=\"4241\">bindingsaffiniteit<\/strong>, en <strong data-start=\"4246\" data-end=\"4288\">odnosi strukture i aktivnosti (SAR)<\/strong> unutar klase tripamina.<\/p>\n<p data-start=\"4320\" data-end=\"4516\">The <strong data-start=\"4323\" data-end=\"4343\">fumaratna sol<\/strong> zorgt voor <strong data-start=\"4355\" data-end=\"4418\">bolja kemijska stabilnost, topljivost i rok trajanja<\/strong>, waardoor dit product ideaal is voor langdurige opslag en nauwkeurige laboratoriumtoepassingen.<\/p>\n<blockquote data-start=\"4518\" data-end=\"4669\">\n<p data-start=\"4520\" data-end=\"4669\">\u26a0\ufe0f <strong data-start=\"4523\" data-end=\"4534\">Molimo imajte na umu:<\/strong> Ovaj proizvod je <strong data-start=\"4550\" data-end=\"4605\">Namijenjeno isklju\u010divo za znanstvena istra\u017eivanja<\/strong> i <strong data-start=\"4609\" data-end=\"4666\">nije prikladno za ljudsku ili \u017eivotinjsku prehranu<\/strong>.<\/p>\n<\/blockquote>\n<hr data-start=\"4671\" data-end=\"4674\" \/>\n<h3 data-start=\"4676\" data-end=\"4707\"><strong data-start=\"4680\" data-end=\"4707\">Klju\u010dne zna\u010dajke<\/strong><\/h3>\n<ul data-start=\"4708\" data-end=\"5128\">\n<li data-start=\"4708\" data-end=\"4806\">\n<p data-start=\"4710\" data-end=\"4806\"><strong data-start=\"4710\" data-end=\"4736\">Visoka \u010disto\u0107a (\u226599,1%)<\/strong> \u2013 Laboratoriumgetest voor identiteit, samenstelling en stabiliteit.<\/p>\n<\/li>\n<li data-start=\"4807\" data-end=\"4880\">\n<p data-start=\"4809\" data-end=\"4880\"><strong data-start=\"4809\" data-end=\"4838\">Stabilni oblik soli fumarne kiseline<\/strong> \u2013 Verhoogt houdbaarheid en opslaggemak.<\/p>\n<\/li>\n<li data-start=\"4881\" data-end=\"4968\">\n<p data-start=\"4883\" data-end=\"4968\"><strong data-start=\"4883\" data-end=\"4922\">Farmakolo\u0161ki istra\u017eiva\u010dki standard<\/strong> \u2013 Pogodno za istra\u017eivanje receptora i SAR.<\/p>\n<\/li>\n<li data-start=\"4969\" data-end=\"5039\">\n<p data-start=\"4971\" data-end=\"5039\"><strong data-start=\"4971\" data-end=\"4996\">Dosljedna kvaliteta<\/strong> \u2013 Geproduceerd onder GMP-achtige normen. met fumarate<\/p>\n<\/li>\n<li data-start=\"5040\" data-end=\"5128\">\n<p data-start=\"5042\" data-end=\"5128\"><strong data-start=\"5042\" data-end=\"5064\">Sigurno pakiranje<\/strong> \u2013 Pakirano na zrakonepropusan i svjetlosno nepropusan na\u010din za maksimalnu za\u0161titu.<\/p>\n<\/li>\n<\/ul>\n<hr data-start=\"5130\" data-end=\"5133\" \/>\n<h3 data-start=\"5135\" data-end=\"5152\"><strong data-start=\"5139\" data-end=\"5152\">Prednosti<\/strong><\/h3>\n<ul data-start=\"5153\" data-end=\"5458\">\n<li data-start=\"5153\" data-end=\"5233\">\n<p data-start=\"5155\" data-end=\"5233\">Podr\u017eava <strong data-start=\"5167\" data-end=\"5230\">istra\u017eivanje serotoninskih receptora i triptofannih analoga<\/strong>.<\/p>\n<\/li>\n<li data-start=\"5234\" data-end=\"5325\">\n<p data-start=\"5236\" data-end=\"5325\"><strong data-start=\"5236\" data-end=\"5281\">Nauwkeurige en reproduceerbare resultaten<\/strong> u kontroliranim laboratorijskim uvjetima.<\/p>\n<\/li>\n<li data-start=\"5326\" data-end=\"5384\">\n<p data-start=\"5328\" data-end=\"5384\"><strong data-start=\"5328\" data-end=\"5354\">Pobolj\u0161ana stabilnost<\/strong> en langdurige houdbaarheid.<\/p>\n<\/li>\n<li data-start=\"5385\" data-end=\"5458\">\n<p data-start=\"5387\" data-end=\"5458\">Pogodno za <strong data-start=\"5401\" data-end=\"5455\">akademsko, farmakolo\u0161ko i analiti\u010dko istra\u017eivanje<\/strong>.<\/p>\n<\/li>\n<\/ul>\n<hr data-start=\"5460\" data-end=\"5463\" \/>\n<h3 data-start=\"5465\" data-end=\"5480\"><strong data-start=\"5469\" data-end=\"5480\">Upotrebljavati<\/strong><\/h3>\n<ul data-start=\"5481\" data-end=\"5752\">\n<li data-start=\"5481\" data-end=\"5551\">\n<p data-start=\"5483\" data-end=\"5551\">Samo za upotrebu ovla\u0161tenog osoblja <strong data-start=\"5508\" data-end=\"5548\">kvalificirano laboratorijsko osoblje<\/strong>.<\/p>\n<\/li>\n<li data-start=\"5552\" data-end=\"5628\">\n<p data-start=\"5554\" data-end=\"5628\">Koristite prikladno <strong data-start=\"5572\" data-end=\"5596\">za\u0161titna oprema<\/strong> (rukavice, za\u0161titne nao\u010dale, laboratorijski mantil).<\/p>\n<\/li>\n<li data-start=\"5629\" data-end=\"5693\">\n<p data-start=\"5631\" data-end=\"5693\">Skladi\u0161tite u <strong data-start=\"5646\" data-end=\"5680\">hladno, suho i tamno mjesto<\/strong> (15\u201325 \u00b0C).<\/p>\n<\/li>\n<li data-start=\"5694\" data-end=\"5752\">\n<p data-start=\"5696\" data-end=\"5752\">Nije pogodno za ljudsku ili \u017eivotinjsku prehranu.<\/p>\n<\/li>\n<\/ul>\n<hr data-start=\"5754\" data-end=\"5757\" \/>\n<h3 data-start=\"5759\" data-end=\"5794\"><strong data-start=\"5763\" data-end=\"5794\">\u010cesto postavljana pitanja (FAQs)<\/strong><\/h3>\n<p data-start=\"5796\" data-end=\"5974\"><strong data-start=\"5796\" data-end=\"5840\">1. Waarvoor wordt MET Fumaraat gebruikt?<\/strong><br data-start=\"5840\" data-end=\"5843\" \/>MET Fumaraat wordt gebruikt voor <strong data-start=\"5876\" data-end=\"5921\">farmakolo\u0161ka i neurokemijska istra\u017eivanja<\/strong> naar serotonine-receptoren en tryptamine-analogen.<\/p>\n<p data-start=\"5976\" data-end=\"6151\"><strong data-start=\"5976\" data-end=\"6029\">2. Is MET Fumaraat veilig voor menselijk gebruik?<\/strong><br data-start=\"6029\" data-end=\"6032\" \/>Ne. Ovaj proizvod je <strong data-start=\"6052\" data-end=\"6101\">Namijenjeno isklju\u010divo u istra\u017eiva\u010dke svrhe<\/strong> i nije odobreno za ljudsku prehranu.<\/p>\n<p data-start=\"6153\" data-end=\"6319\"><strong data-start=\"6153\" data-end=\"6197\">3. Hoe moet MET Fumaraat worden bewaard?<\/strong><br data-start=\"6197\" data-end=\"6200\" \/>Skladi\u0161tite u <strong data-start=\"6215\" data-end=\"6245\">zape\u010da\u0107eno pakiranje<\/strong> na sobnoj temperaturi (15\u201325 \u00b0C), za\u0161ti\u0107eno od vlage, topline i svjetla.<\/p>","protected":false},"excerpt":{"rendered":"<h3><span data-sheets-value=\"{\" data-sheets-userformat=\"{\"><span style=\"vertical-align: inherit;\"><span style=\"vertical-align: inherit;\">WITH fumarate properties<\/span><\/span><\/span><\/h3>\n<p><strong><span style=\"vertical-align: inherit;\"><span style=\"vertical-align: inherit;\">Synonym:<\/span><\/span><\/strong><span style=\"vertical-align: inherit;\"><span style=\"vertical-align: inherit;\"> N-methyl-N-ethyltryptamine fumarate <\/span><\/span><br \/>\n<strong><span style=\"vertical-align: inherit;\"><span style=\"vertical-align: inherit;\">CAS Number:<\/span><\/span><\/strong><span style=\"vertical-align: inherit;\"><span style=\"vertical-align: inherit;\"> 5599-69-9 <\/span><\/span><br \/>\n<strong><span style=\"vertical-align: inherit;\"><span style=\"vertical-align: inherit;\">Formula:<\/span><\/span><\/strong><span style=\"vertical-align: inherit;\"><span style=\"vertical-align: inherit;\"> 3-[2-(ethyl(methyl)amino)ethyl]-1H-indole fumarate <\/span><\/span><br \/>\n<strong><span style=\"vertical-align: inherit;\"><span style=\"vertical-align: inherit;\">Molar Mass:<\/span><\/span><\/strong><span style=\"vertical-align: inherit;\"><span style=\"vertical-align: inherit;\"> 318.4 g\/mol <\/span><\/span><br \/>\n<strong><span style=\"vertical-align: inherit;\"><span style=\"vertical-align: inherit;\">Purity:<\/span><\/span><\/strong><span style=\"vertical-align: inherit;\"><span style=\"vertical-align: inherit;\"> &gt;97%<\/span><\/span><\/p>\n","protected":false},"featured_media":17024,"comment_status":"closed","ping_status":"closed","template":"","meta":[],"product_brand":[],"product_cat":[240,26,41],"product_tag":[241,242,22],"class_list":{"0":"post-383","1":"product","2":"type-product","3":"status-publish","4":"has-post-thumbnail","6":"product_cat-met","7":"product_cat-sale","8":"product_cat-tryptamine","9":"product_tag-met-fumarate","10":"product_tag-met-fumarate-kopen","11":"product_tag-nl","13":"first","14":"instock","15":"sale","16":"shipping-taxable","17":"purchasable","18":"product-type-variable"},"_links":{"self":[{"href":"https:\/\/researchchemicalshop.eu\/hr\/wp-json\/wp\/v2\/product\/383","targetHints":{"allow":["GET"]}}],"collection":[{"href":"https:\/\/researchchemicalshop.eu\/hr\/wp-json\/wp\/v2\/product"}],"about":[{"href":"https:\/\/researchchemicalshop.eu\/hr\/wp-json\/wp\/v2\/types\/product"}],"replies":[{"embeddable":true,"href":"https:\/\/researchchemicalshop.eu\/hr\/wp-json\/wp\/v2\/comments?post=383"}],"version-history":[{"count":1,"href":"https:\/\/researchchemicalshop.eu\/hr\/wp-json\/wp\/v2\/product\/383\/revisions"}],"predecessor-version":[{"id":16693,"href":"https:\/\/researchchemicalshop.eu\/hr\/wp-json\/wp\/v2\/product\/383\/revisions\/16693"}],"wp:featuredmedia":[{"embeddable":true,"href":"https:\/\/researchchemicalshop.eu\/hr\/wp-json\/wp\/v2\/media\/17024"}],"wp:attachment":[{"href":"https:\/\/researchchemicalshop.eu\/hr\/wp-json\/wp\/v2\/media?parent=383"}],"wp:term":[{"taxonomy":"product_brand","embeddable":true,"href":"https:\/\/researchchemicalshop.eu\/hr\/wp-json\/wp\/v2\/product_brand?post=383"},{"taxonomy":"product_cat","embeddable":true,"href":"https:\/\/researchchemicalshop.eu\/hr\/wp-json\/wp\/v2\/product_cat?post=383"},{"taxonomy":"product_tag","embeddable":true,"href":"https:\/\/researchchemicalshop.eu\/hr\/wp-json\/wp\/v2\/product_tag?post=383"}],"curies":[{"name":"wp","href":"https:\/\/api.w.org\/{rel}","templated":true}]}}