{"id":378,"date":"2026-02-09T11:52:42","date_gmt":"2026-02-09T11:52:42","guid":{"rendered":"https:\/\/researchchemicalshop.eu\/?post_type=product&#038;p=378"},"modified":"2026-03-06T03:52:23","modified_gmt":"2026-03-06T03:52:23","slug":"5-meo-dmt-hydrochloride","status":"publish","type":"product","link":"https:\/\/researchchemicalshop.eu\/hr\/proizvod\/5-meo-dmt-hydrochloride\/","title":{"rendered":"5-MeO-DMT hydrochloride"},"content":{"rendered":"<p data-start=\"4011\" data-end=\"4213\"><strong data-start=\"4011\" data-end=\"4077\">5-MeO-DMT Hydrochloride (5-Methoxy-N,N-Dimethyltryptamine HCl)<\/strong> je <strong data-start=\"4085\" data-end=\"4127\">istra\u017eiva\u010dko spojenje visoke \u010disto\u0107e<\/strong>, razvijeno za <strong data-start=\"4145\" data-end=\"4210\">neuroznanstvena, farmakolo\u0161ka i analiti\u010dka istra\u017eivanja<\/strong>.<\/p>\n<p data-start=\"4215\" data-end=\"4497\">Ako <strong data-start=\"4219\" data-end=\"4249\">natuurlijk indoolalkalo\u00efde<\/strong> is 5-MeO-DMT nauw verwant aan <strong data-start=\"4280\" data-end=\"4312\">DMT (N,N-Dimethyltryptamine)<\/strong> i <strong data-start=\"4316\" data-end=\"4330\">bufotenine<\/strong>. De <strong data-start=\"4335\" data-end=\"4374\">methoxy-substitutie op de 5-positie<\/strong> van de indoolring be\u00efnvloedt de <strong data-start=\"4407\" data-end=\"4437\">receptorbindingsactiviteit<\/strong>, vooral bij <strong data-start=\"4450\" data-end=\"4494\">serotonine-receptoren (5-HT1A en 5-HT2A)<\/strong>.<\/p>\n<p data-start=\"4499\" data-end=\"4681\">The <strong data-start=\"4502\" data-end=\"4529\">hidrokloridni oblik (HCl)<\/strong> pove\u0107ava <strong data-start=\"4542\" data-end=\"4608\">chemische stabiliteit, oplosbaarheid en veiligheid bij gebruik<\/strong>, wat het ideaal maakt voor langdurige opslag en laboratoriumonderzoek.<\/p>\n<blockquote data-start=\"4683\" data-end=\"4834\">\n<p data-start=\"4685\" data-end=\"4834\">\u26a0\ufe0f <strong data-start=\"4688\" data-end=\"4699\">Molimo imajte na umu:<\/strong> Ovaj proizvod je <strong data-start=\"4715\" data-end=\"4770\">Namijenjeno isklju\u010divo za znanstvena istra\u017eivanja<\/strong> i <strong data-start=\"4774\" data-end=\"4831\">nije prikladno za ljudsku ili \u017eivotinjsku prehranu<\/strong>.<\/p>\n<\/blockquote>\n<hr data-start=\"4836\" data-end=\"4839\" \/>\n<h3 data-start=\"4841\" data-end=\"4872\"><strong data-start=\"4845\" data-end=\"4872\">Klju\u010dne zna\u010dajke<\/strong><\/h3>\n<ul data-start=\"4873\" data-end=\"5277\">\n<li data-start=\"4873\" data-end=\"4960\">\n<p data-start=\"4875\" data-end=\"4960\"><strong data-start=\"4875\" data-end=\"4901\">Visoka \u010disto\u0107a (\u226599,1%)<\/strong> \u2013 Laboratoriumgetest met geavanceerde analysetechnieken.<\/p>\n<\/li>\n<li data-start=\"4961\" data-end=\"5037\">\n<p data-start=\"4963\" data-end=\"5037\"><strong data-start=\"4963\" data-end=\"4993\">Stabilni oblik hidroklorida<\/strong> \u2013 Pove\u0107ava rok trajanja i topljivost.<\/p>\n<\/li>\n<li data-start=\"5038\" data-end=\"5125\">\n<p data-start=\"5040\" data-end=\"5125\"><strong data-start=\"5040\" data-end=\"5079\">Farmakolo\u0161ki istra\u017eiva\u010dki standard<\/strong> \u2013 Pogodno za istra\u017eivanje receptora i SAR.<\/p>\n<\/li>\n<li data-start=\"5126\" data-end=\"5196\">\n<p data-start=\"5128\" data-end=\"5196\"><strong data-start=\"5128\" data-end=\"5153\">Dosljedna kvaliteta<\/strong> \u2013 Proizvedeno prema standardima sli\u010dnim GMP-u.<\/p>\n<\/li>\n<li data-start=\"5197\" data-end=\"5277\">\n<p data-start=\"5199\" data-end=\"5277\"><strong data-start=\"5199\" data-end=\"5221\">Sigurno pakiranje<\/strong> \u2013 Luchtdicht en lichtdicht voor maximale bescherming.<\/p>\n<\/li>\n<\/ul>\n<hr data-start=\"5279\" data-end=\"5282\" \/>\n<h3 data-start=\"5284\" data-end=\"5301\"><strong data-start=\"5288\" data-end=\"5301\">Prednosti<\/strong><\/h3>\n<ul data-start=\"5302\" data-end=\"5577\">\n<li data-start=\"5302\" data-end=\"5382\">\n<p data-start=\"5304\" data-end=\"5382\">Podr\u017eava <strong data-start=\"5316\" data-end=\"5379\">istra\u017eivanje serotoninskih receptora i triptofannih analoga<\/strong>.<\/p>\n<\/li>\n<li data-start=\"5383\" data-end=\"5461\">\n<p data-start=\"5385\" data-end=\"5461\"><strong data-start=\"5385\" data-end=\"5430\">Pouzdani i reproducibilni rezultati<\/strong> in farmacologisch onderzoek.<\/p>\n<\/li>\n<li data-start=\"5462\" data-end=\"5509\">\n<p data-start=\"5464\" data-end=\"5509\"><strong data-start=\"5464\" data-end=\"5486\">Pobolj\u0161ana stabilnost<\/strong> dan de freebasevorm.<\/p>\n<\/li>\n<li data-start=\"5510\" data-end=\"5577\">\n<p data-start=\"5512\" data-end=\"5577\">Idealno za <strong data-start=\"5524\" data-end=\"5574\">academisch, analytisch en forensisch onderzoek<\/strong>.<\/p>\n<\/li>\n<\/ul>\n<hr data-start=\"5579\" data-end=\"5582\" \/>\n<h3 data-start=\"5584\" data-end=\"5599\"><strong data-start=\"5588\" data-end=\"5599\">Upotrebljavati<\/strong><\/h3>\n<ul data-start=\"5600\" data-end=\"5871\">\n<li data-start=\"5600\" data-end=\"5670\">\n<p data-start=\"5602\" data-end=\"5670\">Samo za upotrebu ovla\u0161tenog osoblja <strong data-start=\"5627\" data-end=\"5667\">kvalificirano laboratorijsko osoblje<\/strong>.<\/p>\n<\/li>\n<li data-start=\"5671\" data-end=\"5747\">\n<p data-start=\"5673\" data-end=\"5747\">Koristite prikladno <strong data-start=\"5691\" data-end=\"5715\">za\u0161titna oprema<\/strong> (rukavice, za\u0161titne nao\u010dale, laboratorijski mantil).<\/p>\n<\/li>\n<li data-start=\"5748\" data-end=\"5812\">\n<p data-start=\"5750\" data-end=\"5812\">Skladi\u0161tite u <strong data-start=\"5765\" data-end=\"5799\">hladno, suho i tamno mjesto<\/strong> (15\u201325 \u00b0C).<\/p>\n<\/li>\n<li data-start=\"5813\" data-end=\"5871\">\n<p data-start=\"5815\" data-end=\"5871\">Nije pogodno za ljudsku ili \u017eivotinjsku prehranu.<\/p>\n<\/li>\n<\/ul>\n<hr data-start=\"5873\" data-end=\"5876\" \/>\n<h3 data-start=\"5878\" data-end=\"5913\"><strong data-start=\"5882\" data-end=\"5913\">\u010cesto postavljana pitanja (FAQs)<\/strong><\/h3>\n<p data-start=\"5915\" data-end=\"6140\"><strong data-start=\"5915\" data-end=\"5970\">1. Waarvoor wordt 5-MeO-DMT Hydrochloride gebruikt?<\/strong><br data-start=\"5970\" data-end=\"5973\" \/>5-MeO-DMT Hydrochloride wordt gebruikt in <strong data-start=\"6015\" data-end=\"6068\">neurowetenschappelijk en farmacologisch onderzoek<\/strong> naar serotonine-receptoren en structure-activity relationships (SAR).<\/p>\n<p data-start=\"6142\" data-end=\"6328\"><strong data-start=\"6142\" data-end=\"6206\">2. Is 5-MeO-DMT Hydrochloride veilig voor menselijk gebruik?<\/strong><br data-start=\"6206\" data-end=\"6209\" \/>Ne. Ovaj proizvod je <strong data-start=\"6229\" data-end=\"6278\">Namijenjeno isklju\u010divo u istra\u017eiva\u010dke svrhe<\/strong> i nije odobreno za ljudsku prehranu.<\/p>\n<p data-start=\"6330\" data-end=\"6499\"><strong data-start=\"6330\" data-end=\"6385\">3. Hoe moet 5-MeO-DMT Hydrochloride worden bewaard?<\/strong><br data-start=\"6385\" data-end=\"6388\" \/>Skladi\u0161tite u <strong data-start=\"6403\" data-end=\"6433\">zape\u010da\u0107eno pakiranje<\/strong> na sobnoj temperaturi (15\u201325 \u00b0C), za\u0161ti\u0107eno od svjetla i vlage.<\/p>","protected":false},"excerpt":{"rendered":"<h3><span data-sheets-value=\"{\" data-sheets-userformat=\"{\"><span dir=\"auto\" style=\"vertical-align: inherit;\"><span dir=\"auto\" style=\"vertical-align: inherit;\">5-MeO-DMT hydrochloride properties<\/span><\/span><\/span><\/h3>\n<p><strong><span dir=\"auto\" style=\"vertical-align: inherit;\"><span dir=\"auto\" style=\"vertical-align: inherit;\">Synonym:<\/span><\/span><\/strong><span dir=\"auto\" style=\"vertical-align: inherit;\"><span dir=\"auto\" style=\"vertical-align: inherit;\"> 5-methoxy-N,N-dimethyltryptamine hydrochloride <\/span><\/span><br \/>\n<strong><span dir=\"auto\" style=\"vertical-align: inherit;\"><span dir=\"auto\" style=\"vertical-align: inherit;\">CAS Number:<\/span><\/span><\/strong><span dir=\"auto\" style=\"vertical-align: inherit;\"><span dir=\"auto\" style=\"vertical-align: inherit;\"> n\/a <\/span><\/span><br \/>\n<strong><span dir=\"auto\" style=\"vertical-align: inherit;\"><span dir=\"auto\" style=\"vertical-align: inherit;\">Formula:<\/span><\/span><\/strong><span dir=\"auto\" style=\"vertical-align: inherit;\"><span dir=\"auto\" style=\"vertical-align: inherit;\"> 3-[2-(dimethylamino)ethyl]-5-methoxyindole hydrochloride <\/span><\/span><br \/>\n<strong><span dir=\"auto\" style=\"vertical-align: inherit;\"><span dir=\"auto\" style=\"vertical-align: inherit;\">Molar mass:<\/span><\/span><\/strong><span dir=\"auto\" style=\"vertical-align: inherit;\"><span dir=\"auto\" style=\"vertical-align: inherit;\"> 254.8 g\/mol <\/span><\/span><br \/>\n<strong><span dir=\"auto\" style=\"vertical-align: inherit;\"><span dir=\"auto\" style=\"vertical-align: inherit;\">Purity:<\/span><\/span><\/strong><span dir=\"auto\" style=\"vertical-align: inherit;\"><span dir=\"auto\" style=\"vertical-align: inherit;\"> &gt;97%<\/span><\/span><\/p>\n","protected":false},"featured_media":16920,"comment_status":"closed","ping_status":"closed","template":"","meta":[],"product_brand":[],"product_cat":[224,41],"product_tag":[227,228,22],"class_list":{"0":"post-378","1":"product","2":"type-product","3":"status-publish","4":"has-post-thumbnail","6":"product_cat-dmt-5-meo-dmt","7":"product_cat-tryptamine","8":"product_tag-5-meo-dmt-hydrochloride","9":"product_tag-5-meo-dmt-hydrochloride-kopen","10":"product_tag-nl","12":"first","13":"instock","14":"shipping-taxable","15":"purchasable","16":"product-type-variable"},"_links":{"self":[{"href":"https:\/\/researchchemicalshop.eu\/hr\/wp-json\/wp\/v2\/product\/378","targetHints":{"allow":["GET"]}}],"collection":[{"href":"https:\/\/researchchemicalshop.eu\/hr\/wp-json\/wp\/v2\/product"}],"about":[{"href":"https:\/\/researchchemicalshop.eu\/hr\/wp-json\/wp\/v2\/types\/product"}],"replies":[{"embeddable":true,"href":"https:\/\/researchchemicalshop.eu\/hr\/wp-json\/wp\/v2\/comments?post=378"}],"version-history":[{"count":1,"href":"https:\/\/researchchemicalshop.eu\/hr\/wp-json\/wp\/v2\/product\/378\/revisions"}],"predecessor-version":[{"id":16716,"href":"https:\/\/researchchemicalshop.eu\/hr\/wp-json\/wp\/v2\/product\/378\/revisions\/16716"}],"wp:featuredmedia":[{"embeddable":true,"href":"https:\/\/researchchemicalshop.eu\/hr\/wp-json\/wp\/v2\/media\/16920"}],"wp:attachment":[{"href":"https:\/\/researchchemicalshop.eu\/hr\/wp-json\/wp\/v2\/media?parent=378"}],"wp:term":[{"taxonomy":"product_brand","embeddable":true,"href":"https:\/\/researchchemicalshop.eu\/hr\/wp-json\/wp\/v2\/product_brand?post=378"},{"taxonomy":"product_cat","embeddable":true,"href":"https:\/\/researchchemicalshop.eu\/hr\/wp-json\/wp\/v2\/product_cat?post=378"},{"taxonomy":"product_tag","embeddable":true,"href":"https:\/\/researchchemicalshop.eu\/hr\/wp-json\/wp\/v2\/product_tag?post=378"}],"curies":[{"name":"wp","href":"https:\/\/api.w.org\/{rel}","templated":true}]}}