{"id":375,"date":"2026-02-09T11:52:42","date_gmt":"2026-02-09T11:52:42","guid":{"rendered":"https:\/\/researchchemicalshop.eu\/?post_type=product&#038;p=375"},"modified":"2026-03-06T03:48:08","modified_gmt":"2026-03-06T03:48:08","slug":"5-meo-dalt-freebase","status":"publish","type":"product","link":"https:\/\/researchchemicalshop.eu\/hr\/proizvod\/5-meo-dalt-freebase\/","title":{"rendered":"5-MeO-DALT freebase"},"content":{"rendered":"<h1><strong><span dir=\"auto\" style=\"vertical-align: inherit;\"><span dir=\"auto\" style=\"vertical-align: inherit;\">5-MeO-DALT Freebase \u2013 Synthetic Tryptamine for Research Uses<\/span><\/span><\/strong><\/h1>\n<p data-start=\"4137\" data-end=\"4330\"><strong data-start=\"4137\" data-end=\"4194\">5-MeO-DALT Freebase (5-Methoxy-N,N-Diallyltryptamine)<\/strong> je <strong data-start=\"4202\" data-end=\"4244\">istra\u017eiva\u010dko spojenje visoke \u010disto\u0107e<\/strong>, razvijeno za <strong data-start=\"4262\" data-end=\"4327\">neuroznanstvena, farmakolo\u0161ka i analiti\u010dka istra\u017eivanja<\/strong>. <span class=\"___SBox_epc1q-ko_ ___SText_zko9t-ko_\" data-ui-name=\"Link.Text\">5-meo-dalt freebase<\/span><\/p>\n<p data-start=\"4332\" data-end=\"4578\">Ako <strong data-start=\"4336\" data-end=\"4380\">methoxy-gesubstitueerde diallyl-analogon<\/strong> od <strong data-start=\"4385\" data-end=\"4417\">DMT (N,N-Dimethyltryptamine)<\/strong> behoort 5-MeO-DALT tot de <strong data-start=\"4444\" data-end=\"4464\">klasa trip\u0442\u0430\u043c\u0438na<\/strong> en wordt het onderzocht vanwege zijn <strong data-start=\"4502\" data-end=\"4575\">bindingsaffiniteit met serotonine-receptoren (5-HT1A, 5-HT2A, 5-HT2C)<\/strong>.<\/p>\n<p data-start=\"4580\" data-end=\"4757\">The <strong data-start=\"4583\" data-end=\"4599\">freebasevorm<\/strong> biedt optimale <strong data-start=\"4615\" data-end=\"4659\">chemische flexibiliteit en oplosbaarheid<\/strong>, waardoor het een ideale keuze is voor <strong data-start=\"4699\" data-end=\"4754\">analytisch, farmacologisch en structureel onderzoek<\/strong>.<\/p>\n<blockquote data-start=\"4759\" data-end=\"4910\">\n<p data-start=\"4761\" data-end=\"4910\">\u26a0\ufe0f <strong data-start=\"4764\" data-end=\"4775\">Molimo imajte na umu:<\/strong> Ovaj proizvod je <strong data-start=\"4791\" data-end=\"4846\">Namijenjeno isklju\u010divo za znanstvena istra\u017eivanja<\/strong> i <strong data-start=\"4850\" data-end=\"4907\">nije prikladno za ljudsku ili \u017eivotinjsku prehranu<\/strong>.<\/p>\n<\/blockquote>\n<hr data-start=\"4912\" data-end=\"4915\" \/>\n<h3 data-start=\"4917\" data-end=\"4948\"><strong data-start=\"4921\" data-end=\"4948\">Klju\u010dne zna\u010dajke<\/strong><\/h3>\n<ul data-start=\"4949\" data-end=\"5360\">\n<li data-start=\"4949\" data-end=\"5025\">\n<p data-start=\"4951\" data-end=\"5025\"><strong data-start=\"4951\" data-end=\"4977\">Visoka \u010disto\u0107a (\u226599,1%)<\/strong> \u2013 Potvr\u0111eno HPLC, NMR i GC-MS analizom.<\/p>\n<\/li>\n<li data-start=\"5026\" data-end=\"5105\">\n<p data-start=\"5028\" data-end=\"5105\"><strong data-start=\"5028\" data-end=\"5044\">Freebasevorm<\/strong> \u2013 Biedt maximale veelzijdigheid voor analytisch onderzoek.<\/p>\n<\/li>\n<li data-start=\"5106\" data-end=\"5193\">\n<p data-start=\"5108\" data-end=\"5193\"><strong data-start=\"5108\" data-end=\"5147\">Farmakolo\u0161ki istra\u017eiva\u010dki standard<\/strong> \u2013 Pogodno za istra\u017eivanje receptora i SAR.<\/p>\n<\/li>\n<li data-start=\"5194\" data-end=\"5271\">\n<p data-start=\"5196\" data-end=\"5271\"><strong data-start=\"5196\" data-end=\"5221\">GMP-achtige Productie<\/strong> \u2013 Consistente kwaliteit en reproduceerbaarheid.<\/p>\n<\/li>\n<li data-start=\"5272\" data-end=\"5360\">\n<p data-start=\"5274\" data-end=\"5360\"><strong data-start=\"5274\" data-end=\"5296\">Sigurno pakiranje<\/strong> \u2013 Pakirano na zrakonepropusan i svjetlosno nepropusan na\u010din za maksimalnu za\u0161titu.<\/p>\n<\/li>\n<\/ul>\n<hr data-start=\"5362\" data-end=\"5365\" \/>\n<h3 data-start=\"5367\" data-end=\"5384\"><strong data-start=\"5371\" data-end=\"5384\">Prednosti<\/strong><\/h3>\n<ul data-start=\"5385\" data-end=\"5667\">\n<li data-start=\"5385\" data-end=\"5465\">\n<p data-start=\"5387\" data-end=\"5465\">Podr\u017eava <strong data-start=\"5399\" data-end=\"5462\">istra\u017eivanje serotoninskih receptora i triptofannih analoga<\/strong>.<\/p>\n<\/li>\n<li data-start=\"5466\" data-end=\"5526\">\n<p data-start=\"5468\" data-end=\"5526\"><strong data-start=\"5468\" data-end=\"5523\">To\u010dni i reproducibilni rezultati istra\u017eivanja<\/strong>.<\/p>\n<\/li>\n<li data-start=\"5527\" data-end=\"5595\">\n<p data-start=\"5529\" data-end=\"5595\"><strong data-start=\"5529\" data-end=\"5573\">Uitstekende oplosbaarheid en stabiliteit<\/strong> in de freebasevorm.<\/p>\n<\/li>\n<li data-start=\"5596\" data-end=\"5667\">\n<p data-start=\"5598\" data-end=\"5667\">Idealno za <strong data-start=\"5610\" data-end=\"5664\">akademsko, farmakolo\u0161ko i analiti\u010dko istra\u017eivanje<\/strong>.<\/p>\n<\/li>\n<\/ul>\n<hr data-start=\"5669\" data-end=\"5672\" \/>\n<h3 data-start=\"5674\" data-end=\"5689\"><strong data-start=\"5678\" data-end=\"5689\">Upotrebljavati<\/strong><\/h3>\n<ul data-start=\"5690\" data-end=\"5961\">\n<li data-start=\"5690\" data-end=\"5760\">\n<p data-start=\"5692\" data-end=\"5760\">Samo za upotrebu ovla\u0161tenog osoblja <strong data-start=\"5717\" data-end=\"5757\">kvalificirano laboratorijsko osoblje<\/strong>.<\/p>\n<\/li>\n<li data-start=\"5761\" data-end=\"5837\">\n<p data-start=\"5763\" data-end=\"5837\">Koristite prikladno <strong data-start=\"5781\" data-end=\"5805\">za\u0161titna oprema<\/strong> (rukavice, za\u0161titne nao\u010dale, laboratorijski mantil).<\/p>\n<\/li>\n<li data-start=\"5838\" data-end=\"5902\">\n<p data-start=\"5840\" data-end=\"5902\">Skladi\u0161tite u <strong data-start=\"5855\" data-end=\"5889\">hladno, suho i tamno mjesto<\/strong> (15\u201325 \u00b0C).<\/p>\n<\/li>\n<li data-start=\"5903\" data-end=\"5961\">\n<p data-start=\"5905\" data-end=\"5961\">Nije pogodno za ljudsku ili \u017eivotinjsku prehranu.<\/p>\n<\/li>\n<\/ul>\n<hr data-start=\"5963\" data-end=\"5966\" \/>\n<h3 data-start=\"5968\" data-end=\"6003\"><strong data-start=\"5972\" data-end=\"6003\">\u010cesto postavljana pitanja (FAQs)<\/strong><\/h3>\n<p data-start=\"6005\" data-end=\"6214\"><strong data-start=\"6005\" data-end=\"6056\">1. Waarvoor wordt 5-MeO-DALT Freebase gebruikt?<\/strong><br data-start=\"6056\" data-end=\"6059\" \/>5-MeO-DALT Freebase wordt gebruikt in <strong data-start=\"6097\" data-end=\"6142\">farmakolo\u0161ka i neurokemijska istra\u017eivanja<\/strong> naar serotonine-receptoren en structure-activity relationships (SAR).<\/p>\n<p data-start=\"6216\" data-end=\"6398\"><strong data-start=\"6216\" data-end=\"6276\">2. Is 5-MeO-DALT Freebase veilig voor menselijk gebruik?<\/strong><br data-start=\"6276\" data-end=\"6279\" \/>Ne. Ovaj proizvod je <strong data-start=\"6299\" data-end=\"6348\">Namijenjeno isklju\u010divo u istra\u017eiva\u010dke svrhe<\/strong> i nije odobreno za ljudsku prehranu.<\/p>\n<p data-start=\"6400\" data-end=\"6573\"><strong data-start=\"6400\" data-end=\"6451\">3. Hoe moet 5-MeO-DALT Freebase worden bewaard?<\/strong><br data-start=\"6451\" data-end=\"6454\" \/>Skladi\u0161tite u <strong data-start=\"6469\" data-end=\"6499\">zape\u010da\u0107eno pakiranje<\/strong> na sobnoj temperaturi (15\u201325 \u00b0C), za\u0161ti\u0107eno od svjetla, vlage i topline.<\/p>","protected":false},"excerpt":{"rendered":"<h3><span data-sheets-value=\"{\" data-sheets-userformat=\"{\"><span dir=\"auto\" style=\"vertical-align: inherit;\"><span dir=\"auto\" style=\"vertical-align: inherit;\">5-MeO-DALT freebase properties<\/span><\/span><\/span><\/h3>\n<p><strong><span style=\"vertical-align: inherit;\"><span style=\"vertical-align: inherit;\"><span dir=\"auto\" style=\"vertical-align: inherit;\"><span dir=\"auto\" style=\"vertical-align: inherit;\">Synonym:<\/span><\/span><\/span><\/span><\/strong><span style=\"vertical-align: inherit;\"><span style=\"vertical-align: inherit;\"><span dir=\"auto\" style=\"vertical-align: inherit;\"><span dir=\"auto\" style=\"vertical-align: inherit;\"> 5-methoxy-N,N-diallyltryptamine <\/span><\/span><\/span><\/span><br \/>\n<strong><span style=\"vertical-align: inherit;\"><span style=\"vertical-align: inherit;\"><span dir=\"auto\" style=\"vertical-align: inherit;\"><span dir=\"auto\" style=\"vertical-align: inherit;\">CAS Number:<\/span><\/span><\/span><\/span><\/strong><span style=\"vertical-align: inherit;\"><span style=\"vertical-align: inherit;\"><span dir=\"auto\" style=\"vertical-align: inherit;\"><span dir=\"auto\" style=\"vertical-align: inherit;\"> 928822-98-4 <\/span><\/span><\/span><\/span><br \/>\n<strong><span style=\"vertical-align: inherit;\"><span style=\"vertical-align: inherit;\"><span dir=\"auto\" style=\"vertical-align: inherit;\"><span dir=\"auto\" style=\"vertical-align: inherit;\">Formula:<\/span><\/span><\/span><\/span><\/strong><span style=\"vertical-align: inherit;\"><span style=\"vertical-align: inherit;\"><span dir=\"auto\" style=\"vertical-align: inherit;\"><span dir=\"auto\" style=\"vertical-align: inherit;\"> 3-[2-(diallylamino)ethyl]-5-methoxyindole <\/span><\/span><\/span><\/span><br \/>\n<strong><span style=\"vertical-align: inherit;\"><span style=\"vertical-align: inherit;\"><span dir=\"auto\" style=\"vertical-align: inherit;\"><span dir=\"auto\" style=\"vertical-align: inherit;\">Molar Mass:<\/span><\/span><\/span><\/span><\/strong><span style=\"vertical-align: inherit;\"><span style=\"vertical-align: inherit;\"><span dir=\"auto\" style=\"vertical-align: inherit;\"><span dir=\"auto\" style=\"vertical-align: inherit;\"> 270.4 g\/mol <\/span><\/span><\/span><\/span><br \/>\n<strong><span style=\"vertical-align: inherit;\"><span style=\"vertical-align: inherit;\"><span dir=\"auto\" style=\"vertical-align: inherit;\"><span dir=\"auto\" style=\"vertical-align: inherit;\">Purity:<\/span><\/span><\/span><\/span><\/strong><span style=\"vertical-align: inherit;\"><span style=\"vertical-align: inherit;\"><span dir=\"auto\" style=\"vertical-align: inherit;\"><span dir=\"auto\" style=\"vertical-align: inherit;\"> &gt;97%<\/span><\/span><\/span><\/span><\/p>\n","protected":false},"featured_media":16916,"comment_status":"closed","ping_status":"closed","template":"","meta":[],"product_brand":[],"product_cat":[218,41],"product_tag":[219,220,221,22],"class_list":{"0":"post-375","1":"product","2":"type-product","3":"status-publish","4":"has-post-thumbnail","6":"product_cat-5-meo-dalt","7":"product_cat-tryptamine","8":"product_tag-5-meo-dalt-freebase","9":"product_tag-5-meo-dalt-freebase-kopen","10":"product_tag-5-meo-dalt-kopen","11":"product_tag-nl","13":"first","14":"instock","15":"shipping-taxable","16":"purchasable","17":"product-type-variable"},"_links":{"self":[{"href":"https:\/\/researchchemicalshop.eu\/hr\/wp-json\/wp\/v2\/product\/375","targetHints":{"allow":["GET"]}}],"collection":[{"href":"https:\/\/researchchemicalshop.eu\/hr\/wp-json\/wp\/v2\/product"}],"about":[{"href":"https:\/\/researchchemicalshop.eu\/hr\/wp-json\/wp\/v2\/types\/product"}],"replies":[{"embeddable":true,"href":"https:\/\/researchchemicalshop.eu\/hr\/wp-json\/wp\/v2\/comments?post=375"}],"version-history":[{"count":1,"href":"https:\/\/researchchemicalshop.eu\/hr\/wp-json\/wp\/v2\/product\/375\/revisions"}],"predecessor-version":[{"id":16713,"href":"https:\/\/researchchemicalshop.eu\/hr\/wp-json\/wp\/v2\/product\/375\/revisions\/16713"}],"wp:featuredmedia":[{"embeddable":true,"href":"https:\/\/researchchemicalshop.eu\/hr\/wp-json\/wp\/v2\/media\/16916"}],"wp:attachment":[{"href":"https:\/\/researchchemicalshop.eu\/hr\/wp-json\/wp\/v2\/media?parent=375"}],"wp:term":[{"taxonomy":"product_brand","embeddable":true,"href":"https:\/\/researchchemicalshop.eu\/hr\/wp-json\/wp\/v2\/product_brand?post=375"},{"taxonomy":"product_cat","embeddable":true,"href":"https:\/\/researchchemicalshop.eu\/hr\/wp-json\/wp\/v2\/product_cat?post=375"},{"taxonomy":"product_tag","embeddable":true,"href":"https:\/\/researchchemicalshop.eu\/hr\/wp-json\/wp\/v2\/product_tag?post=375"}],"curies":[{"name":"wp","href":"https:\/\/api.w.org\/{rel}","templated":true}]}}