{"id":371,"date":"2026-02-09T11:52:42","date_gmt":"2026-02-09T11:52:42","guid":{"rendered":"https:\/\/researchchemicalshop.eu\/?post_type=product&#038;p=371"},"modified":"2026-03-06T03:39:14","modified_gmt":"2026-03-06T03:39:14","slug":"4-hidroksi-malt-fumarat","status":"publish","type":"product","link":"https:\/\/researchchemicalshop.eu\/hr\/proizvod\/4-hidroksi-malt-fumarat\/","title":{"rendered":"4-HO-MALT fumarat"},"content":{"rendered":"<h3><strong><span dir=\"auto\" style=\"vertical-align: inherit;\"><span dir=\"auto\" style=\"vertical-align: inherit;\">4-HO-MALT fumarat \u2013 znanstveni opis proizvoda<\/span><\/span><\/strong><\/h3>\n<p data-start=\"4163\" data-end=\"4360\"><strong data-start=\"4163\" data-end=\"4224\">4-HO-MALT fumarat (4-hidroksi-N-metil-N-alil-triptamin)<\/strong> je <strong data-start=\"4232\" data-end=\"4274\">istra\u017eiva\u010dko spojenje visoke \u010disto\u0107e<\/strong>, razvijeno za <strong data-start=\"4292\" data-end=\"4357\">neuroznanstvena, farmakolo\u0161ka i analiti\u010dka istra\u017eivanja<\/strong>. 4-HO-MALT fumarat<\/p>\n<p data-start=\"4362\" data-end=\"4695\">Kao \u010dlan <strong data-start=\"4377\" data-end=\"4413\">Klasa 4-hidroksitriptamina (4-HO)<\/strong> je 4-HO-MALT a <strong data-start=\"4431\" data-end=\"4468\">hidroksil-substituirani analog<\/strong> od <strong data-start=\"4473\" data-end=\"4481\">MALT<\/strong>, i usko povezan s spojevima kao \u0161to su <strong data-start=\"4522\" data-end=\"4546\">4-HO-DMT (Psilocin)<\/strong> i <strong data-start=\"4550\" data-end=\"4563\">4-HO-MiPT<\/strong>. Koristi se za <strong data-start=\"4589\" data-end=\"4646\">istra\u017eivanje serotoninskih receptora (5-HT2A, 5-HT1A)<\/strong> i <strong data-start=\"4650\" data-end=\"4692\">odnosi strukture i aktivnosti (SAR)<\/strong>.<\/p>\n<p data-start=\"4697\" data-end=\"4878\">The <strong data-start=\"4700\" data-end=\"4720\">fumaratna sol<\/strong> pove\u0107ava <strong data-start=\"4733\" data-end=\"4789\">kemijska stabilnost, topljivost i rok trajanja<\/strong>, \u0161to ga \u010dini idealnim za dugoro\u010dno skladi\u0161tenje i kontrolirana laboratorijska istra\u017eivanja.<\/p>\n<blockquote data-start=\"4880\" data-end=\"5031\">\n<p data-start=\"4882\" data-end=\"5031\">\u26a0\ufe0f <strong data-start=\"4885\" data-end=\"4896\">Molimo imajte na umu:<\/strong> Ovaj proizvod je <strong data-start=\"4912\" data-end=\"4967\">Namijenjeno isklju\u010divo za znanstvena istra\u017eivanja<\/strong> i <strong data-start=\"4971\" data-end=\"5028\">nije prikladno za ljudsku ili \u017eivotinjsku prehranu<\/strong>.<\/p>\n<\/blockquote>\n<hr data-start=\"5033\" data-end=\"5036\" \/>\n<h3 data-start=\"5038\" data-end=\"5069\"><strong data-start=\"5042\" data-end=\"5069\">Klju\u010dne zna\u010dajke<\/strong><\/h3>\n<ul data-start=\"5070\" data-end=\"5454\">\n<li data-start=\"5070\" data-end=\"5140\">\n<p data-start=\"5072\" data-end=\"5140\"><strong data-start=\"5072\" data-end=\"5098\">Visoka \u010disto\u0107a (\u226599,1%)<\/strong> \u2013 Laboratorijski testirano metodama HPLC i GC-MS.<\/p>\n<\/li>\n<li data-start=\"5141\" data-end=\"5214\">\n<p data-start=\"5143\" data-end=\"5214\"><strong data-start=\"5143\" data-end=\"5172\">Stabilni oblik soli fumarne kiseline<\/strong> \u2013 Pove\u0107ava rok trajanja i stabilnost.<\/p>\n<\/li>\n<li data-start=\"5215\" data-end=\"5302\">\n<p data-start=\"5217\" data-end=\"5302\"><strong data-start=\"5217\" data-end=\"5256\">Farmakolo\u0161ki istra\u017eiva\u010dki standard<\/strong> \u2013 Pogodno za istra\u017eivanje receptora i SAR.<\/p>\n<\/li>\n<li data-start=\"5303\" data-end=\"5373\">\n<p data-start=\"5305\" data-end=\"5373\"><strong data-start=\"5305\" data-end=\"5330\">Dosljedna kvaliteta<\/strong> \u2013 Proizvedeno prema standardima sli\u010dnim GMP-u.<\/p>\n<\/li>\n<li data-start=\"5374\" data-end=\"5454\">\n<p data-start=\"5376\" data-end=\"5454\"><strong data-start=\"5376\" data-end=\"5398\">Sigurno pakiranje<\/strong> \u2013 Hermeti\u010dki i nepropusni za svjetlost za optimalnu za\u0161titu.<\/p>\n<\/li>\n<\/ul>\n<hr data-start=\"5456\" data-end=\"5459\" \/>\n<h3 data-start=\"5461\" data-end=\"5478\"><strong data-start=\"5465\" data-end=\"5478\">Prednosti<\/strong><\/h3>\n<ul data-start=\"5479\" data-end=\"5748\">\n<li data-start=\"5479\" data-end=\"5559\">\n<p data-start=\"5481\" data-end=\"5559\">Podr\u017eava <strong data-start=\"5493\" data-end=\"5556\">istra\u017eivanje serotoninskih receptora i triptofannih analoga<\/strong>.<\/p>\n<\/li>\n<li data-start=\"5560\" data-end=\"5620\">\n<p data-start=\"5562\" data-end=\"5620\"><strong data-start=\"5562\" data-end=\"5617\">To\u010dni i reproducibilni rezultati istra\u017eivanja<\/strong>.<\/p>\n<\/li>\n<li data-start=\"5621\" data-end=\"5676\">\n<p data-start=\"5623\" data-end=\"5676\"><strong data-start=\"5623\" data-end=\"5649\">Pobolj\u0161ana stabilnost<\/strong> i du\u017ei rok trajanja.<\/p>\n<\/li>\n<li data-start=\"5677\" data-end=\"5748\">\n<p data-start=\"5679\" data-end=\"5748\">Idealno za <strong data-start=\"5691\" data-end=\"5745\">akademsko, farmakolo\u0161ko i analiti\u010dko istra\u017eivanje<\/strong>. 4-HO-MALT fumarat<\/p>\n<\/li>\n<\/ul>\n<hr data-start=\"5750\" data-end=\"5753\" \/>\n<h3 data-start=\"5755\" data-end=\"5770\"><strong data-start=\"5759\" data-end=\"5770\">Upotrebljavati<\/strong><\/h3>\n<ul data-start=\"5771\" data-end=\"6042\">\n<li data-start=\"5771\" data-end=\"5841\">\n<p data-start=\"5773\" data-end=\"5841\">Samo za upotrebu ovla\u0161tenog osoblja <strong data-start=\"5798\" data-end=\"5838\">kvalificirano laboratorijsko osoblje<\/strong>.<\/p>\n<\/li>\n<li data-start=\"5842\" data-end=\"5918\">\n<p data-start=\"5844\" data-end=\"5918\">Koristite prikladno <strong data-start=\"5862\" data-end=\"5886\">za\u0161titna oprema<\/strong> (rukavice, za\u0161titne nao\u010dale, laboratorijski mantil).<\/p>\n<\/li>\n<li data-start=\"5919\" data-end=\"5983\">\n<p data-start=\"5921\" data-end=\"5983\">Skladi\u0161tite u <strong data-start=\"5936\" data-end=\"5970\">hladno, suho i tamno mjesto<\/strong> (15\u201325 \u00b0C).<\/p>\n<\/li>\n<li data-start=\"5984\" data-end=\"6042\">\n<p data-start=\"5986\" data-end=\"6042\">Nije pogodno za ljudsku ili \u017eivotinjsku prehranu.<\/p>\n<\/li>\n<\/ul>\n<hr data-start=\"6044\" data-end=\"6047\" \/>\n<h3 data-start=\"6049\" data-end=\"6084\"><strong data-start=\"6053\" data-end=\"6084\">\u010cesto postavljana pitanja (FAQs)<\/strong><\/h3>\n<p data-start=\"6086\" data-end=\"6289\"><strong data-start=\"6086\" data-end=\"6136\">1. Za \u0161to se koristi 4-HO-MALT fumarat?<\/strong><br data-start=\"6136\" data-end=\"6139\" \/>4-HO-MALT fumarat se koristi za <strong data-start=\"6178\" data-end=\"6223\">farmakolo\u0161ka i neurokemijska istra\u017eivanja<\/strong> na serotoninergi\u010dke receptore i odnose strukture i aktivnosti.<\/p>\n<p data-start=\"6291\" data-end=\"6472\"><strong data-start=\"6291\" data-end=\"6350\">2. Je li 4-HO-MALT fumarat siguran za ljudsku konzumaciju?<\/strong><br data-start=\"6350\" data-end=\"6353\" \/>Ne. Ovaj proizvod je <strong data-start=\"6373\" data-end=\"6422\">Namijenjeno isklju\u010divo u istra\u017eiva\u010dke svrhe<\/strong> i nije odobreno za ljudsku prehranu.<\/p>\n<p data-start=\"6474\" data-end=\"6646\"><strong data-start=\"6474\" data-end=\"6524\">3. Kako treba \u010duvati 4-HO-MALT fumarat?<\/strong><br data-start=\"6524\" data-end=\"6527\" \/>Skladi\u0161tite u <strong data-start=\"6542\" data-end=\"6572\">zape\u010da\u0107eno pakiranje<\/strong> na sobnoj temperaturi (15\u201325 \u00b0C), za\u0161ti\u0107eno od svjetla, topline i vlage.<\/p>","protected":false},"excerpt":{"rendered":"<p>4-HO-MALT Fumarate \u2013 Scientific Product Description 4-HO-MALT Fumaraat (4-Hydroxy-N-Methyl-N-Allyltryptamine) is een onderzoekscompound van hoge zuiverheid, ontwikkeld voor neurowetenschappelijk, farmacologisch en<\/p>","protected":false},"featured_media":16902,"comment_status":"closed","ping_status":"closed","template":"","meta":[],"product_brand":[],"product_cat":[208,41],"product_tag":[209,210,22],"class_list":{"0":"post-371","1":"product","2":"type-product","3":"status-publish","4":"has-post-thumbnail","6":"product_cat-4-ho-malt","7":"product_cat-tryptamine","8":"product_tag-4-ho-malt-fumarate","9":"product_tag-4-ho-malt-fumarate-kopen","10":"product_tag-nl","12":"first","13":"instock","14":"shipping-taxable","15":"purchasable","16":"product-type-variable"},"_links":{"self":[{"href":"https:\/\/researchchemicalshop.eu\/hr\/wp-json\/wp\/v2\/product\/371","targetHints":{"allow":["GET"]}}],"collection":[{"href":"https:\/\/researchchemicalshop.eu\/hr\/wp-json\/wp\/v2\/product"}],"about":[{"href":"https:\/\/researchchemicalshop.eu\/hr\/wp-json\/wp\/v2\/types\/product"}],"replies":[{"embeddable":true,"href":"https:\/\/researchchemicalshop.eu\/hr\/wp-json\/wp\/v2\/comments?post=371"}],"version-history":[{"count":1,"href":"https:\/\/researchchemicalshop.eu\/hr\/wp-json\/wp\/v2\/product\/371\/revisions"}],"predecessor-version":[{"id":16709,"href":"https:\/\/researchchemicalshop.eu\/hr\/wp-json\/wp\/v2\/product\/371\/revisions\/16709"}],"wp:featuredmedia":[{"embeddable":true,"href":"https:\/\/researchchemicalshop.eu\/hr\/wp-json\/wp\/v2\/media\/16902"}],"wp:attachment":[{"href":"https:\/\/researchchemicalshop.eu\/hr\/wp-json\/wp\/v2\/media?parent=371"}],"wp:term":[{"taxonomy":"product_brand","embeddable":true,"href":"https:\/\/researchchemicalshop.eu\/hr\/wp-json\/wp\/v2\/product_brand?post=371"},{"taxonomy":"product_cat","embeddable":true,"href":"https:\/\/researchchemicalshop.eu\/hr\/wp-json\/wp\/v2\/product_cat?post=371"},{"taxonomy":"product_tag","embeddable":true,"href":"https:\/\/researchchemicalshop.eu\/hr\/wp-json\/wp\/v2\/product_tag?post=371"}],"curies":[{"name":"wp","href":"https:\/\/api.w.org\/{rel}","templated":true}]}}