{"id":1557,"date":"2026-02-09T11:56:54","date_gmt":"2026-02-09T11:56:54","guid":{"rendered":"https:\/\/researchchemicalshop.eu\/?post_type=product&#038;p=1557"},"modified":"2026-02-28T17:54:43","modified_gmt":"2026-02-28T17:54:43","slug":"3-me-ekvivalentnih-dijelova-po-molu-hcl","status":"publish","type":"product","link":"https:\/\/researchchemicalshop.eu\/hr\/proizvod\/3-me-ekvivalentnih-dijelova-po-molu-hcl\/","title":{"rendered":"3 Me PCPy HCl"},"content":{"rendered":"<h3 data-start=\"4144\" data-end=\"4165\"><strong data-start=\"4148\" data-end=\"4163\">Uvod<\/strong><\/h3>\n<p data-start=\"4166\" data-end=\"4557\"><strong data-start=\"4166\" data-end=\"4241\">3-Me-PCPy HCl (3-metil-1-(1-fenilcikloheksil)pirrolidin hidroklorid)<\/strong> je <strong data-start=\"4249\" data-end=\"4296\">sinteti\u010dki arilsikloheksilaminni spoj<\/strong>, strukturno srodan s <strong data-start=\"4322\" data-end=\"4330\">PCPy<\/strong> i <strong data-start=\"4334\" data-end=\"4341\">PCP<\/strong>. 3-Me-PCPy<br data-start=\"4342\" data-end=\"4345\" \/>Tkanina se koristi u <strong data-start=\"4371\" data-end=\"4409\">neurokemijska i receptorska istra\u017eivanja<\/strong>, osobito za u\u010denje <strong data-start=\"4444\" data-end=\"4472\">Antagonizam NMDA receptora<\/strong> i <strong data-start=\"4476\" data-end=\"4517\">strukturalni odnosi aktivnosti (SAR)<\/strong> u klasi arilsicloheksilamina.<\/p>\n<p data-start=\"4559\" data-end=\"4764\"><strong data-start=\"4559\" data-end=\"4576\">3-Me-PCPy HCl<\/strong> isporu\u010duje se kao <strong data-start=\"4596\" data-end=\"4640\">kristalni hidroklorid visoke \u010disto\u0107e<\/strong> i namijenjen je isklju\u010divo za <strong data-start=\"4672\" data-end=\"4713\">laboratorijska i analiti\u010dka istra\u017eivanja<\/strong>, <strong data-start=\"4715\" data-end=\"4763\">nije za ljudsku ili \u017eivotinjsku prehranu<\/strong>.<\/p>\n<hr data-start=\"4766\" data-end=\"4769\" \/>\n<h3 data-start=\"4771\" data-end=\"4802\"><strong data-start=\"4775\" data-end=\"4802\">Klju\u010dne zna\u010dajke<\/strong><\/h3>\n<ul data-start=\"4804\" data-end=\"5219\">\n<li data-start=\"4804\" data-end=\"4883\">\n<p data-start=\"4806\" data-end=\"4883\"><strong data-start=\"4806\" data-end=\"4825\">Hemijski naziv:<\/strong> 3-Metil-1-(1-fenilcikloheksil)pirrolidin hidroklorid<\/p>\n<\/li>\n<li data-start=\"4884\" data-end=\"4925\">\n<p data-start=\"4886\" data-end=\"4925\"><strong data-start=\"4886\" data-end=\"4909\">Uobi\u010dajeni naziv:<\/strong> 3-Me-PCPy HCl<\/p>\n<\/li>\n<li data-start=\"4926\" data-end=\"4960\">\n<p data-start=\"4928\" data-end=\"4960\"><strong data-start=\"4928\" data-end=\"4948\">Molekularna formula:<\/strong> C\u2081\u2088H\u2082\u2088ClN<\/p>\n<\/li>\n<li data-start=\"4961\" data-end=\"4998\">\n<p data-start=\"4963\" data-end=\"4998\"><strong data-start=\"4963\" data-end=\"4983\">Molekulska masa:<\/strong> 293,88 g\/mol<\/p>\n<\/li>\n<li data-start=\"4999\" data-end=\"5060\">\n<p data-start=\"5001\" data-end=\"5060\"><strong data-start=\"5001\" data-end=\"5012\">Razred:<\/strong> A\u0440\u0438\u043bcikloheksilamin \/ antagonist NMDA receptora<\/p>\n<\/li>\n<li data-start=\"5061\" data-end=\"5104\">\n<p data-start=\"5063\" data-end=\"5104\"><strong data-start=\"5063\" data-end=\"5072\">Obrazac:<\/strong> Kristalni hidrokloridni spoj<\/p>\n<\/li>\n<li data-start=\"5105\" data-end=\"5157\">\n<p data-start=\"5107\" data-end=\"5157\"><strong data-start=\"5107\" data-end=\"5122\">\u010cisto\u0107a:<\/strong> \u2265 98 % (testirano GC-MS i NMR metodom)<\/p>\n<\/li>\n<li data-start=\"5158\" data-end=\"5219\">\n<p data-start=\"5160\" data-end=\"5219\"><strong data-start=\"5160\" data-end=\"5172\">Upotreba:<\/strong> Samo za analiti\u010dka i kemijska istra\u017eivanja<\/p>\n<\/li>\n<\/ul>\n<hr data-start=\"5221\" data-end=\"5224\" \/>\n<h3 data-start=\"5226\" data-end=\"5243\"><strong data-start=\"5230\" data-end=\"5243\">Prednosti<\/strong><\/h3>\n<ul data-start=\"5245\" data-end=\"5803\">\n<li data-start=\"5245\" data-end=\"5351\">\n<p data-start=\"5247\" data-end=\"5351\"><strong data-start=\"5247\" data-end=\"5277\">Analiti\u010dki referentni materijal<\/strong> \u2013 Pogodno za toksikolo\u0161ke pretrage GC-MS ili LC-MS i studije receptora. 3-Me-PCPy<\/p>\n<\/li>\n<li data-start=\"5352\" data-end=\"5472\">\n<p data-start=\"5354\" data-end=\"5472\"><strong data-start=\"5354\" data-end=\"5380\">Pore\u0111iva\u010dko istra\u017eivanje<\/strong> \u2013 Korisno za SAR studije izme\u0111u analoga sli\u010dnih PCP-u, kao \u0161to su PCP, 3-MeO-PCP i 3-Me-PCE.<\/p>\n<\/li>\n<li data-start=\"5473\" data-end=\"5574\">\n<p data-start=\"5475\" data-end=\"5574\"><strong data-start=\"5475\" data-end=\"5501\">Stabilan i pouzdan<\/strong> \u2013 Hidrokloridna forma osigurava dobru topljivost i rok trajanja.<\/p>\n<\/li>\n<li data-start=\"5575\" data-end=\"5691\">\n<p data-start=\"5577\" data-end=\"5691\"><strong data-start=\"5577\" data-end=\"5598\">Istra\u017eivanje receptora<\/strong> \u2013 Podr\u017eava istra\u017eivanja vezanja NMDA receptora i interakcija s dopaminergi\u010dkim sustavima.<\/p>\n<\/li>\n<li data-start=\"5692\" data-end=\"5803\">\n<p data-start=\"5694\" data-end=\"5803\"><strong data-start=\"5694\" data-end=\"5719\">Laboratorijska kvaliteta<\/strong> \u2013 Proizvedeno pod kontroliranim uvjetima s COA dostupan za svaku seriju.<\/p>\n<\/li>\n<\/ul>\n<hr data-start=\"5805\" data-end=\"5808\" \/>\n<h3 data-start=\"5810\" data-end=\"5862\"><strong data-start=\"5814\" data-end=\"5860\">Koristiti (samo u istra\u017eiva\u010dke svrhe)<\/strong><\/h3>\n<blockquote data-start=\"5864\" data-end=\"6024\">\n<p data-start=\"5866\" data-end=\"6024\">\u26a0\ufe0f <strong data-start=\"5869\" data-end=\"5880\">Molimo imajte na umu:<\/strong> 3-Me-PCPy HCl namijenjen je isklju\u010divo za <strong data-start=\"5923\" data-end=\"5964\">laboratorijska i analiti\u010dka istra\u017eivanja<\/strong>.<br data-start=\"5965\" data-end=\"5968\" \/>Nije pogodno za ljudsku ili \u017eivotinjsku prehranu.<\/p>\n<\/blockquote>\n<ol data-start=\"6026\" data-end=\"6442\">\n<li data-start=\"6026\" data-end=\"6115\">\n<p data-start=\"6029\" data-end=\"6115\"><strong data-start=\"6029\" data-end=\"6044\">Rukovanje:<\/strong> Nosite rukavice, za\u0161titne nao\u010dale i laboratorijsku haljinu; radite pod izvla\u010dnom plohom.<\/p>\n<\/li>\n<li data-start=\"6116\" data-end=\"6200\">\n<p data-start=\"6119\" data-end=\"6200\"><strong data-start=\"6119\" data-end=\"6132\">Mjerenja:<\/strong> Koristite kalibriranu analiti\u010dku opremu za precizno doziranje.<\/p>\n<\/li>\n<li data-start=\"6201\" data-end=\"6287\">\n<p data-start=\"6204\" data-end=\"6287\"><strong data-start=\"6204\" data-end=\"6215\">Skladi\u0161tenje:<\/strong> \u010cuvati na suhom, hladnom (2\u20138 \u00b0C) i tamnom mjestu, u dobro zatvorenoj posudi.<\/p>\n<\/li>\n<li data-start=\"6288\" data-end=\"6352\">\n<p data-start=\"6291\" data-end=\"6352\"><strong data-start=\"6291\" data-end=\"6303\">Analiza:<\/strong> Pogodno za GC-MS, LC-MS, FTIR, HPLC i NMR.<\/p>\n<\/li>\n<li data-start=\"6353\" data-end=\"6442\">\n<p data-start=\"6356\" data-end=\"6442\"><strong data-start=\"6356\" data-end=\"6373\">Dokumentacija:<\/strong> Zabilje\u017eite detalje o seriji, \u010disto\u0107u i uvjete skladi\u0161tenja radi uskla\u0111enosti.<\/p>\n<\/li>\n<\/ol>\n<hr data-start=\"6444\" data-end=\"6447\" \/>\n<h3 data-start=\"6449\" data-end=\"6484\"><strong data-start=\"6453\" data-end=\"6482\">\u010cesto postavljana pitanja (FAQ)<\/strong><\/h3>\n<p data-start=\"6486\" data-end=\"6674\"><strong data-start=\"6486\" data-end=\"6514\">1. \u0160to je 3-Me-PCPy HCl?<\/strong><br data-start=\"6514\" data-end=\"6517\" \/>3-Me-PCPy HCl je sinteti\u010dki <strong data-start=\"6551\" data-end=\"6574\">arilsikloheksilamin<\/strong> koristi se u analiti\u010dkim i neurofarmakolo\u0161kim istra\u017eivanjima antagonista NMDA receptora.<\/p>\n<p data-start=\"6676\" data-end=\"6853\"><strong data-start=\"6676\" data-end=\"6711\">2. Za \u0161to se koristi?<\/strong><br data-start=\"6711\" data-end=\"6714\" \/>Za <strong data-start=\"6719\" data-end=\"6748\">Studija vezanja za receptor<\/strong>, <strong data-start=\"6750\" data-end=\"6784\">studije strukturne aktivnosti<\/strong> i ako <strong data-start=\"6792\" data-end=\"6810\">referentni materijal<\/strong> u toksikolo\u0161koj i analiti\u010dkoj kemiji.<\/p>\n<p data-start=\"6855\" data-end=\"7122\"><strong data-start=\"6855\" data-end=\"6902\">3. Je li legalno kupiti 3-Me-PCPy HCl?<\/strong><br data-start=\"6902\" data-end=\"6905\" \/>The <strong data-start=\"6908\" data-end=\"6940\">Zakonitost 3-Me-PCPy HCl<\/strong> Varira ovisno o zemlji. U nekim regijama spada pod istra\u017eiva\u010dke kemikalije; drugdje mo\u017ee biti obuhva\u0107eno Zakonom o opijumu. Uvijek provjerite lokalno zakonodavstvo prije kupnje ili uvoza.<\/p>","protected":false},"excerpt":{"rendered":"<h3><span dir=\"auto\" style=\"vertical-align: inherit;\"><span dir=\"auto\" style=\"vertical-align: inherit;\">3-Me-PCPy properties<\/span><\/span><\/h3>\n<p><strong><span dir=\"auto\" style=\"vertical-align: inherit;\"><span dir=\"auto\" style=\"vertical-align: inherit;\">Synonym:<\/span><\/span><\/strong><span dir=\"auto\" style=\"vertical-align: inherit;\"><span dir=\"auto\" style=\"vertical-align: inherit;\"> 3-Methyl-PCPy <\/span><\/span><br \/>\n<strong><span dir=\"auto\" style=\"vertical-align: inherit;\"><span dir=\"auto\" style=\"vertical-align: inherit;\">CAS Number:<\/span><\/span><\/strong><span dir=\"auto\" style=\"vertical-align: inherit;\"><span dir=\"auto\" style=\"vertical-align: inherit;\"> 1622348-63-3 <\/span><\/span><br \/>\n<strong><span dir=\"auto\" style=\"vertical-align: inherit;\"><span dir=\"auto\" style=\"vertical-align: inherit;\">Formula: <\/span><\/span><\/strong> <span title=\"Carbon\"><span dir=\"auto\" style=\"vertical-align: inherit;\"><span dir=\"auto\" style=\"vertical-align: inherit;\">C <\/span><\/span><\/span><sub><span dir=\"auto\" style=\"vertical-align: inherit;\"><span dir=\"auto\" style=\"vertical-align: inherit;\">17 <\/span><\/span><\/sub><span title=\"Hydrogen\"><span dir=\"auto\" style=\"vertical-align: inherit;\"><span dir=\"auto\" style=\"vertical-align: inherit;\">H <\/span><\/span><\/span><sub><span dir=\"auto\" style=\"vertical-align: inherit;\"><span dir=\"auto\" style=\"vertical-align: inherit;\">25 <\/span><\/span><\/sub><span title=\"Nitrogen\"><span dir=\"auto\" style=\"vertical-align: inherit;\"><span dir=\"auto\" style=\"vertical-align: inherit;\">N <\/span><\/span><\/span><br \/>\n<strong><span dir=\"auto\" style=\"vertical-align: inherit;\"><span dir=\"auto\" style=\"vertical-align: inherit;\">Molar mass:<\/span><\/span><\/strong><span dir=\"auto\" style=\"vertical-align: inherit;\"><span dir=\"auto\" style=\"vertical-align: inherit;\"> 243.394 g\/mol <\/span><\/span><br \/>\n<strong><span dir=\"auto\" style=\"vertical-align: inherit;\"><span dir=\"auto\" style=\"vertical-align: inherit;\">Purity:<\/span><\/span><\/strong><span dir=\"auto\" style=\"vertical-align: inherit;\"><span dir=\"auto\" style=\"vertical-align: inherit;\"> &gt;97%<\/span><\/span><\/p>","protected":false},"featured_media":16872,"comment_status":"closed","ping_status":"closed","template":"","meta":[],"product_brand":[23],"product_cat":[664,98],"product_tag":[665,666,667,22],"class_list":{"0":"post-1557","1":"product","2":"type-product","3":"status-publish","4":"has-post-thumbnail","6":"product_brand-research-chemical","7":"product_cat-3-me-pcpy","8":"product_cat-arylcyclohexylamines","9":"product_tag-3-me-pcpy","10":"product_tag-3-me-pcpy-hcl","11":"product_tag-3-me-pcpy-reddit","12":"product_tag-nl","14":"first","15":"instock","16":"shipping-taxable","17":"purchasable","18":"product-type-variable"},"_links":{"self":[{"href":"https:\/\/researchchemicalshop.eu\/hr\/wp-json\/wp\/v2\/product\/1557","targetHints":{"allow":["GET"]}}],"collection":[{"href":"https:\/\/researchchemicalshop.eu\/hr\/wp-json\/wp\/v2\/product"}],"about":[{"href":"https:\/\/researchchemicalshop.eu\/hr\/wp-json\/wp\/v2\/types\/product"}],"replies":[{"embeddable":true,"href":"https:\/\/researchchemicalshop.eu\/hr\/wp-json\/wp\/v2\/comments?post=1557"}],"version-history":[{"count":1,"href":"https:\/\/researchchemicalshop.eu\/hr\/wp-json\/wp\/v2\/product\/1557\/revisions"}],"predecessor-version":[{"id":16487,"href":"https:\/\/researchchemicalshop.eu\/hr\/wp-json\/wp\/v2\/product\/1557\/revisions\/16487"}],"wp:featuredmedia":[{"embeddable":true,"href":"https:\/\/researchchemicalshop.eu\/hr\/wp-json\/wp\/v2\/media\/16872"}],"wp:attachment":[{"href":"https:\/\/researchchemicalshop.eu\/hr\/wp-json\/wp\/v2\/media?parent=1557"}],"wp:term":[{"taxonomy":"product_brand","embeddable":true,"href":"https:\/\/researchchemicalshop.eu\/hr\/wp-json\/wp\/v2\/product_brand?post=1557"},{"taxonomy":"product_cat","embeddable":true,"href":"https:\/\/researchchemicalshop.eu\/hr\/wp-json\/wp\/v2\/product_cat?post=1557"},{"taxonomy":"product_tag","embeddable":true,"href":"https:\/\/researchchemicalshop.eu\/hr\/wp-json\/wp\/v2\/product_tag?post=1557"}],"curies":[{"name":"wp","href":"https:\/\/api.w.org\/{rel}","templated":true}]}}