{"id":1311,"date":"2026-02-09T11:56:21","date_gmt":"2026-02-09T11:56:21","guid":{"rendered":"https:\/\/researchchemicalshop.eu\/?post_type=product&#038;p=1311"},"modified":"2026-02-28T18:13:46","modified_gmt":"2026-02-28T18:13:46","slug":"3-cec","status":"publish","type":"product","link":"https:\/\/researchchemicalshop.eu\/hr\/proizvod\/3-cec\/","title":{"rendered":"3 CEC HCl zakje 1gr"},"content":{"rendered":"<h3 data-start=\"4045\" data-end=\"4066\"><strong data-start=\"4049\" data-end=\"4064\">Uvod<\/strong><\/h3>\n<p data-start=\"4067\" data-end=\"4515\"><strong data-start=\"4067\" data-end=\"4091\">3-CEC HCl Zakje (1g)<\/strong> sadr\u017ei <strong data-start=\"4098\" data-end=\"4150\">1 gram 3-CEC (3-Chloorethcathinon) Hydrochloride<\/strong> od <strong data-start=\"4155\" data-end=\"4199\">laboratoriumkwaliteit (\u2265 98% zuiverheid)<\/strong>.<br data-start=\"4200\" data-end=\"4203\" \/>3-CEC is een <strong data-start=\"4216\" data-end=\"4251\">synthetische cathinonverbinding<\/strong> iz <strong data-start=\"4259\" data-end=\"4288\">\u03b2-keto-amphetaminefamilie<\/strong> en structureel verwant aan <strong data-start=\"4316\" data-end=\"4325\">3-CMC<\/strong> i <strong data-start=\"4329\" data-end=\"4338\">4-CEC<\/strong>. 3cec<br data-start=\"4339\" data-end=\"4342\" \/>Het wordt gebruikt voor <strong data-start=\"4366\" data-end=\"4414\">forenzi\u010dka, analiti\u010dka i kemijska istraga<\/strong>, met name bij <strong data-start=\"4429\" data-end=\"4470\">structure-activity relationship (SAR)<\/strong>-studies en <strong data-start=\"4482\" data-end=\"4512\">chromatografische analyses<\/strong>.<\/p>\n<p data-start=\"4517\" data-end=\"4693\">Het product wordt geleverd als een <strong data-start=\"4552\" data-end=\"4581\">fijn kristallijn HCl-zout<\/strong>, verpakt in een <strong data-start=\"4598\" data-end=\"4648\">vochtbestendig, hersluitbaar laboratoriumzakje<\/strong> om stabiliteit en kwaliteit te waarborgen.<\/p>\n<blockquote data-start=\"4695\" data-end=\"4839\">\n<p data-start=\"4697\" data-end=\"4839\">\u26a0\ufe0f <strong data-start=\"4700\" data-end=\"4711\">Molimo imajte na umu:<\/strong> 3-CEC HCl is uitsluitend bedoeld voor <strong data-start=\"4750\" data-end=\"4785\">istra\u017eiva\u010dka i analiti\u010dka upotreba<\/strong> \u2014 <strong data-start=\"4788\" data-end=\"4836\">nije za ljudsku ili \u017eivotinjsku prehranu<\/strong>.<\/p>\n<\/blockquote>\n<hr data-start=\"4841\" data-end=\"4844\" \/>\n<h3 data-start=\"4846\" data-end=\"4877\"><strong data-start=\"4850\" data-end=\"4877\">Klju\u010dne zna\u010dajke<\/strong><\/h3>\n<div class=\"_tableContainer_1rjym_1\">\n<div class=\"group _tableWrapper_1rjym_13 flex w-fit flex-col-reverse\" tabindex=\"-1\">\n<table class=\"w-fit min-w-(--thread-content-width)\" data-start=\"4879\" data-end=\"5457\">\n<thead data-start=\"4879\" data-end=\"4905\">\n<tr data-start=\"4879\" data-end=\"4905\">\n<th data-start=\"4879\" data-end=\"4889\" data-col-size=\"sm\">Karakteristi\u010dan<\/th>\n<th data-start=\"4889\" data-end=\"4905\" data-col-size=\"md\">Opis<\/th>\n<\/tr>\n<\/thead>\n<tbody data-start=\"4934\" data-end=\"5457\">\n<tr data-start=\"4934\" data-end=\"4992\">\n<td data-start=\"4934\" data-end=\"4955\" data-col-size=\"sm\"><strong data-start=\"4936\" data-end=\"4954\">Hemijski naziv<\/strong><\/td>\n<td data-start=\"4955\" data-end=\"4992\" data-col-size=\"md\">3-Chloorethcathinon Hydrochloride<\/td>\n<\/tr>\n<tr data-start=\"4993\" data-end=\"5031\">\n<td data-start=\"4993\" data-end=\"5018\" data-col-size=\"sm\"><strong data-start=\"4995\" data-end=\"5017\">Uobi\u010dajeni naziv<\/strong><\/td>\n<td data-start=\"5018\" data-end=\"5031\" data-col-size=\"md\">3-CEC HCl<\/td>\n<\/tr>\n<tr data-start=\"5032\" data-end=\"5074\">\n<td data-start=\"5032\" data-end=\"5056\" data-col-size=\"sm\"><strong data-start=\"5034\" data-end=\"5055\">Chemische Formule<\/strong><\/td>\n<td data-start=\"5056\" data-end=\"5074\" data-col-size=\"md\">C\u2081\u2081H\u2081\u2084ClNO\u00b7HCl<\/td>\n<\/tr>\n<tr data-start=\"5075\" data-end=\"5113\">\n<td data-start=\"5075\" data-end=\"5097\" data-col-size=\"sm\"><strong data-start=\"5077\" data-end=\"5096\">Molekulska te\u017eina<\/strong><\/td>\n<td data-start=\"5097\" data-end=\"5113\" data-col-size=\"md\">248,15 g\/mol<\/td>\n<\/tr>\n<tr data-start=\"5114\" data-end=\"5149\">\n<td data-start=\"5114\" data-end=\"5125\" data-col-size=\"sm\"><strong data-start=\"5116\" data-end=\"5124\">Obrazac<\/strong><\/td>\n<td data-start=\"5125\" data-end=\"5149\" data-col-size=\"md\">Kristallijn HCl-zout<\/td>\n<\/tr>\n<tr data-start=\"5150\" data-end=\"5188\">\n<td data-start=\"5150\" data-end=\"5168\" data-col-size=\"sm\"><strong data-start=\"5152\" data-end=\"5167\">Koli\u010dina<\/strong><\/td>\n<td data-start=\"5168\" data-end=\"5188\" data-col-size=\"md\">1 gram per zakje<\/td>\n<\/tr>\n<tr data-start=\"5189\" data-end=\"5240\">\n<td data-start=\"5189\" data-end=\"5206\" data-col-size=\"sm\"><strong data-start=\"5191\" data-end=\"5205\">\u010cisto\u0107a<\/strong><\/td>\n<td data-start=\"5206\" data-end=\"5240\" data-col-size=\"md\">\u2265 98% (ispitano HPLC-om i NMR-om)<\/td>\n<\/tr>\n<tr data-start=\"5241\" data-end=\"5310\">\n<td data-start=\"5241\" data-end=\"5264\" data-col-size=\"sm\"><strong data-start=\"5243\" data-end=\"5263\">Kemijski razred<\/strong><\/td>\n<td data-start=\"5264\" data-end=\"5310\" data-col-size=\"md\">Synthetische cathinon \/ \u03b2-keto-amphetamine<\/td>\n<\/tr>\n<tr data-start=\"5311\" data-end=\"5385\">\n<td data-start=\"5311\" data-end=\"5325\" data-col-size=\"sm\"><strong data-start=\"5313\" data-end=\"5324\">Upotrebljavati<\/strong><\/td>\n<td data-start=\"5325\" data-end=\"5385\" data-col-size=\"md\">Alleen voor analytisch, forensisch en chemisch onderzoek<\/td>\n<\/tr>\n<tr data-start=\"5386\" data-end=\"5457\">\n<td data-start=\"5386\" data-end=\"5403\" data-col-size=\"sm\"><strong data-start=\"5388\" data-end=\"5402\">Pakiranje<\/strong><\/td>\n<td data-start=\"5403\" data-end=\"5457\" data-col-size=\"md\">Hersluitbaar, antistatisch en vochtbestendig zakje<\/td>\n<\/tr>\n<\/tbody>\n<\/table>\n<\/div>\n<\/div>\n<hr data-start=\"5459\" data-end=\"5462\" \/>\n<h3 data-start=\"5464\" data-end=\"5481\"><strong data-start=\"5468\" data-end=\"5481\">Prednosti<\/strong><\/h3>\n<ul data-start=\"5483\" data-end=\"5888\">\n<li data-start=\"5483\" data-end=\"5575\">\n<p data-start=\"5485\" data-end=\"5575\"><strong data-start=\"5485\" data-end=\"5504\">Visoka \u010disto\u0107a<\/strong> \u2013 \u2265 98% laboratoriumkwaliteit voor betrouwbare onderzoeksresultaten.<\/p>\n<\/li>\n<li data-start=\"5576\" data-end=\"5664\">\n<p data-start=\"5578\" data-end=\"5664\"><strong data-start=\"5578\" data-end=\"5595\">Stalna forma<\/strong> \u2013 HCl-zoutvorm zorgt voor verbeterde oplosbaarheid en stabiliteit.<\/p>\n<\/li>\n<li data-start=\"5665\" data-end=\"5739\">\n<p data-start=\"5667\" data-end=\"5739\"><strong data-start=\"5667\" data-end=\"5688\">Nauwkeurig Getest<\/strong> \u2013 Getest via HPLC en NMR voor kwaliteitsborging.<\/p>\n<\/li>\n<li data-start=\"5740\" data-end=\"5817\">\n<p data-start=\"5742\" data-end=\"5817\"><strong data-start=\"5742\" data-end=\"5762\">Breed Toepasbaar<\/strong> \u2013 Geschikt voor GC\/MS, LC-MS, FTIR en NMR-onderzoek.<\/p>\n<\/li>\n<li data-start=\"5818\" data-end=\"5888\">\n<p data-start=\"5820\" data-end=\"5888\"><strong data-start=\"5820\" data-end=\"5842\">Sigurno pakiranje<\/strong> \u2013 Beschermt tegen vocht en verontreiniging. 3cec<\/p>\n<\/li>\n<\/ul>\n<hr data-start=\"5890\" data-end=\"5893\" \/>\n<h3 data-start=\"5895\" data-end=\"5947\"><strong data-start=\"5899\" data-end=\"5945\">Koristiti (samo u istra\u017eiva\u010dke svrhe)<\/strong><\/h3>\n<ol data-start=\"5949\" data-end=\"6297\">\n<li data-start=\"5949\" data-end=\"6018\">\n<p data-start=\"5952\" data-end=\"6018\"><strong data-start=\"5952\" data-end=\"5967\">Rukovanje:<\/strong> Nosite rukavice, za\u0161titne nao\u010dale i laboratorijsku haljinu.<\/p>\n<\/li>\n<li data-start=\"6019\" data-end=\"6078\">\n<p data-start=\"6022\" data-end=\"6078\"><strong data-start=\"6022\" data-end=\"6035\">Mjerenja:<\/strong> Gebruik geijkte laboratoriumweegschalen.<\/p>\n<\/li>\n<li data-start=\"6079\" data-end=\"6157\">\n<p data-start=\"6082\" data-end=\"6157\"><strong data-start=\"6082\" data-end=\"6093\">Skladi\u0161tenje:<\/strong> Bewaar koel (2\u20138\u00b0C), droog en donker in originele verpakking.<\/p>\n<\/li>\n<li data-start=\"6158\" data-end=\"6235\">\n<p data-start=\"6161\" data-end=\"6235\"><strong data-start=\"6161\" data-end=\"6173\">Analiza:<\/strong> Geschikt voor chromatografie, spectroscopie en SAR-studies.<\/p>\n<\/li>\n<li data-start=\"6236\" data-end=\"6297\">\n<p data-start=\"6239\" data-end=\"6297\"><strong data-start=\"6239\" data-end=\"6256\">Dokumentacija:<\/strong> Noteer batchnummers en testresultaten.<\/p>\n<\/li>\n<\/ol>\n<hr data-start=\"6299\" data-end=\"6302\" \/>\n<h3 data-start=\"6304\" data-end=\"6339\"><strong data-start=\"6308\" data-end=\"6337\">\u010cesto postavljana pitanja (FAQ)<\/strong><\/h3>\n<p data-start=\"6341\" data-end=\"6502\"><strong data-start=\"6341\" data-end=\"6365\">1. Wat is 3-CEC HCl?<\/strong><br data-start=\"6365\" data-end=\"6368\" \/><strong data-start=\"6368\" data-end=\"6399\">3-CEC (3-Chloorethcathinon)<\/strong> je <strong data-start=\"6407\" data-end=\"6442\">synthetische cathinonverbinding<\/strong> die wordt gebruikt in forensisch en analytisch onderzoek.<\/p>\n<p data-start=\"6504\" data-end=\"6632\"><strong data-start=\"6504\" data-end=\"6550\">2. Wat zit er in het 3-CEC HCl Zakje (1g)?<\/strong><br data-start=\"6550\" data-end=\"6553\" \/>Torba sadr\u017ei <strong data-start=\"6569\" data-end=\"6608\">1 gram 3-CEC HCl (\u2265 98% zuiverheid)<\/strong> in kristallijne vorm.<\/p>\n<p data-start=\"6634\" data-end=\"6828\"><strong data-start=\"6634\" data-end=\"6673\">3. Is het legaal om 3-CEC te kopen?<\/strong><br data-start=\"6673\" data-end=\"6676\" \/>The <strong data-start=\"6679\" data-end=\"6703\">legaliteit van 3-CEC<\/strong> verschilt per land. In sommige landen is het gereguleerd. Controleer altijd de lokale wetgeving voordat u <strong data-start=\"6810\" data-end=\"6825\">3-CEC koopt<\/strong>. <a href=\"https:\/\/researchchemicalshop.eu\/hr\/trgovina\/okategoriserad\/4mmc-kopen\/\">kupi 4mmc<\/a><a href=\"https:\/\/researchchemicalshop.eu\/hr\/trgovina\/okategoriserad\/prasak-benzokaina\/\">pra\u0161ak benzokaina<\/a><\/p>","protected":false},"excerpt":{"rendered":"<ul>\n<li><strong><span dir=\"auto\" style=\"vertical-align: inherit;\"><span dir=\"auto\" style=\"vertical-align: inherit;\">Retail packaging<\/span><\/span><br \/>\n<\/strong><\/li>\n<li><strong><span dir=\"auto\" style=\"vertical-align: inherit;\"><span dir=\"auto\" style=\"vertical-align: inherit;\">Amount of grams per bag: 1<\/span><\/span><\/strong><\/li>\n<li><strong><span dir=\"auto\" style=\"vertical-align: inherit;\"><span dir=\"auto\" style=\"vertical-align: inherit;\">Prices exclude 21% VAT<\/span><\/span><\/strong><\/li>\n<li><strong><span dir=\"auto\" style=\"vertical-align: inherit;\"><span dir=\"auto\" style=\"vertical-align: inherit;\">Recommended retail price: \u20ac25.00 incl. VAT<\/span><\/span><\/strong><\/li>\n<\/ul>","protected":false},"featured_media":16853,"comment_status":"closed","ping_status":"closed","template":"","meta":[],"product_brand":[23],"product_cat":[468],"product_tag":[377,378,22],"class_list":{"0":"post-1311","1":"product","2":"type-product","3":"status-publish","4":"has-post-thumbnail","6":"product_brand-research-chemical","7":"product_cat-b2b","8":"product_tag-3-cec","9":"product_tag-3cec","10":"product_tag-nl","12":"first","13":"instock","14":"shipping-taxable","15":"purchasable","16":"product-type-variable"},"_links":{"self":[{"href":"https:\/\/researchchemicalshop.eu\/hr\/wp-json\/wp\/v2\/product\/1311","targetHints":{"allow":["GET"]}}],"collection":[{"href":"https:\/\/researchchemicalshop.eu\/hr\/wp-json\/wp\/v2\/product"}],"about":[{"href":"https:\/\/researchchemicalshop.eu\/hr\/wp-json\/wp\/v2\/types\/product"}],"replies":[{"embeddable":true,"href":"https:\/\/researchchemicalshop.eu\/hr\/wp-json\/wp\/v2\/comments?post=1311"}],"version-history":[{"count":1,"href":"https:\/\/researchchemicalshop.eu\/hr\/wp-json\/wp\/v2\/product\/1311\/revisions"}],"predecessor-version":[{"id":16514,"href":"https:\/\/researchchemicalshop.eu\/hr\/wp-json\/wp\/v2\/product\/1311\/revisions\/16514"}],"wp:featuredmedia":[{"embeddable":true,"href":"https:\/\/researchchemicalshop.eu\/hr\/wp-json\/wp\/v2\/media\/16853"}],"wp:attachment":[{"href":"https:\/\/researchchemicalshop.eu\/hr\/wp-json\/wp\/v2\/media?parent=1311"}],"wp:term":[{"taxonomy":"product_brand","embeddable":true,"href":"https:\/\/researchchemicalshop.eu\/hr\/wp-json\/wp\/v2\/product_brand?post=1311"},{"taxonomy":"product_cat","embeddable":true,"href":"https:\/\/researchchemicalshop.eu\/hr\/wp-json\/wp\/v2\/product_cat?post=1311"},{"taxonomy":"product_tag","embeddable":true,"href":"https:\/\/researchchemicalshop.eu\/hr\/wp-json\/wp\/v2\/product_tag?post=1311"}],"curies":[{"name":"wp","href":"https:\/\/api.w.org\/{rel}","templated":true}]}}