{"id":1279,"date":"2026-02-09T11:56:13","date_gmt":"2026-02-09T11:56:13","guid":{"rendered":"https:\/\/researchchemicalshop.eu\/?post_type=product&#038;p=1279"},"modified":"2026-03-02T02:34:43","modified_gmt":"2026-03-02T02:34:43","slug":"kemijski-rasprsivac-maglice","status":"publish","type":"product","link":"https:\/\/researchchemicalshop.eu\/hr\/proizvod\/kemijski-rasprsivac-maglice\/","title":{"rendered":"Kemijski raspr\u0161iva\u010d maglice 4-HO-MET7%"},"content":{"rendered":"<h3 data-start=\"3979\" data-end=\"4000\"><strong data-start=\"3983\" data-end=\"3998\">Uvod<\/strong><\/h3>\n<p data-start=\"4001\" data-end=\"4480\"><strong data-start=\"4001\" data-end=\"4032\">Chem-Mist 4-HO-MET sprej 7%<\/strong> je <strong data-start=\"4040\" data-end=\"4088\">precizno formulirano istra\u017eiva\u010dko rje\u0161enje<\/strong> s <strong data-start=\"4093\" data-end=\"4147\">7% 4-HO-MET (4-hidroksi-N-metil-N-etiltriptamin)<\/strong> u <strong data-start=\"4155\" data-end=\"4189\">baza visoko\u010distog etanola i vode<\/strong>. 4 ho s<br data-start=\"4190\" data-end=\"4193\" \/>Pripada <strong data-start=\"4212\" data-end=\"4232\">klasa trip\u0442\u0430\u043c\u0438na<\/strong> i je strukturno povezan s <strong data-start=\"4263\" data-end=\"4287\">psilocin (4-HO-DMT)<\/strong> i <strong data-start=\"4291\" data-end=\"4304\">4-AcO-MET<\/strong>. Koristi se u <strong data-start=\"4328\" data-end=\"4369\">analiti\u010dka i neurokemijska istra\u017eivanja<\/strong> k <strong data-start=\"4375\" data-end=\"4394\">vezanje na receptor<\/strong>, <strong data-start=\"4396\" data-end=\"4431\">hromatografska svojstva<\/strong> i <strong data-start=\"4435\" data-end=\"4477\">odnosi strukture i aktivnosti (SAR)<\/strong>.<\/p>\n<p data-start=\"4482\" data-end=\"4647\">The <strong data-start=\"4486\" data-end=\"4513\">Kem-Mist raspr\u0161iva\u010dki sustav<\/strong> pravi <strong data-start=\"4520\" data-end=\"4569\">precizne i reproducibilne mikroaplikacije<\/strong> Pogodno za laboratorijska istra\u017eivanja, s kontroliranom dozom po spreju.<\/p>\n<blockquote data-start=\"4649\" data-end=\"4808\">\n<p data-start=\"4651\" data-end=\"4808\">\u26a0\ufe0f <strong data-start=\"4654\" data-end=\"4665\">Molimo imajte na umu:<\/strong> Chem-Mist 4-HO-MET sprej namijenjen je isklju\u010divo za <strong data-start=\"4719\" data-end=\"4754\">istra\u017eiva\u010dka i analiti\u010dka upotreba<\/strong> \u2014 <strong data-start=\"4757\" data-end=\"4806\">nije za ljudsku ili \u017eivotinjsku konzumaciju.<\/strong><\/p>\n<\/blockquote>\n<hr data-start=\"4810\" data-end=\"4813\" \/>\n<h3 data-start=\"4815\" data-end=\"4846\"><strong data-start=\"4819\" data-end=\"4846\">Klju\u010dne zna\u010dajke<\/strong><\/h3>\n<div class=\"_tableContainer_1rjym_1\">\n<div class=\"group _tableWrapper_1rjym_13 flex w-fit flex-col-reverse\" tabindex=\"-1\">\n<table class=\"w-fit min-w-(--thread-content-width)\" data-start=\"4848\" data-end=\"5462\">\n<thead data-start=\"4848\" data-end=\"4874\">\n<tr data-start=\"4848\" data-end=\"4874\">\n<th data-start=\"4848\" data-end=\"4858\" data-col-size=\"sm\">Karakteristi\u010dan<\/th>\n<th data-start=\"4858\" data-end=\"4874\" data-col-size=\"md\">Opis<\/th>\n<\/tr>\n<\/thead>\n<tbody data-start=\"4903\" data-end=\"5462\">\n<tr data-start=\"4903\" data-end=\"4978\">\n<td data-start=\"4903\" data-end=\"4924\" data-col-size=\"sm\"><strong data-start=\"4905\" data-end=\"4923\">Hemijski naziv<\/strong><\/td>\n<td data-start=\"4924\" data-end=\"4978\" data-col-size=\"md\">4-hidroksi-N-metil-N-etil-triptamin hidroklorid<\/td>\n<\/tr>\n<tr data-start=\"4979\" data-end=\"5026\">\n<td data-start=\"4979\" data-end=\"5004\" data-col-size=\"sm\"><strong data-start=\"4981\" data-end=\"5003\">Uobi\u010dajeni naziv<\/strong><\/td>\n<td data-start=\"5004\" data-end=\"5026\" data-col-size=\"md\">4-HO-MET \/ Metocin<\/td>\n<\/tr>\n<tr data-start=\"5027\" data-end=\"5065\">\n<td data-start=\"5027\" data-end=\"5046\" data-col-size=\"sm\"><strong data-start=\"5029\" data-end=\"5045\">Koncentracija<\/strong><\/td>\n<td data-start=\"5046\" data-end=\"5065\" data-col-size=\"md\">7% aktivna tvar<\/td>\n<\/tr>\n<tr data-start=\"5066\" data-end=\"5105\">\n<td data-start=\"5066\" data-end=\"5077\" data-col-size=\"sm\"><strong data-start=\"5068\" data-end=\"5076\">Obrazac<\/strong><\/td>\n<td data-start=\"5077\" data-end=\"5105\" data-col-size=\"md\">Teku\u0107i sprejni otopina<\/td>\n<\/tr>\n<tr data-start=\"5106\" data-end=\"5174\">\n<td data-start=\"5106\" data-end=\"5129\" data-col-size=\"sm\"><strong data-start=\"5108\" data-end=\"5128\">Baza otapala<\/strong><\/td>\n<td data-start=\"5129\" data-end=\"5174\" data-col-size=\"md\">Ethanol visoke \u010disto\u0107e + destilirana voda<\/td>\n<\/tr>\n<tr data-start=\"5175\" data-end=\"5226\">\n<td data-start=\"5175\" data-end=\"5192\" data-col-size=\"sm\"><strong data-start=\"5177\" data-end=\"5191\">\u010cisto\u0107a<\/strong><\/td>\n<td data-start=\"5192\" data-end=\"5226\" data-col-size=\"md\">\u2265 98% (ispitano HPLC-om i NMR-om)<\/td>\n<\/tr>\n<tr data-start=\"5227\" data-end=\"5273\">\n<td data-start=\"5227\" data-end=\"5250\" data-col-size=\"sm\"><strong data-start=\"5229\" data-end=\"5249\">Kemijski razred<\/strong><\/td>\n<td data-start=\"5250\" data-end=\"5273\" data-col-size=\"md\">Derivat trip\u0442\u0430\u043c\u0438na<\/td>\n<\/tr>\n<tr data-start=\"5274\" data-end=\"5327\">\n<td data-start=\"5274\" data-end=\"5299\" data-col-size=\"sm\"><strong data-start=\"5276\" data-end=\"5298\">Na\u010din primjene<\/strong><\/td>\n<td data-start=\"5299\" data-end=\"5327\" data-col-size=\"md\">Precizni raspr\u0161iva\u010d<\/td>\n<\/tr>\n<tr data-start=\"5328\" data-end=\"5407\">\n<td data-start=\"5328\" data-end=\"5342\" data-col-size=\"sm\"><strong data-start=\"5330\" data-end=\"5341\">Upotrebljavati<\/strong><\/td>\n<td data-start=\"5342\" data-end=\"5407\" data-col-size=\"md\">Samo za analiti\u010dka, forenzi\u010dka i neurokemijska istra\u017eivanja<\/td>\n<\/tr>\n<tr data-start=\"5408\" data-end=\"5462\">\n<td data-start=\"5408\" data-end=\"5425\" data-col-size=\"sm\"><strong data-start=\"5410\" data-end=\"5424\">Pakiranje<\/strong><\/td>\n<td data-start=\"5425\" data-end=\"5462\" data-col-size=\"md\">10 ml bo\u010dica s raspr\u0161iva\u010dem i zape\u010da\u0107enim \u010depom<\/td>\n<\/tr>\n<\/tbody>\n<\/table>\n<\/div>\n<\/div>\n<hr data-start=\"5464\" data-end=\"5467\" \/>\n<h3 data-start=\"5469\" data-end=\"5486\"><strong data-start=\"5473\" data-end=\"5486\">Prednosti<\/strong><\/h3>\n<ul data-start=\"5488\" data-end=\"5857\">\n<li data-start=\"5488\" data-end=\"5570\">\n<p data-start=\"5490\" data-end=\"5570\"><strong data-start=\"5490\" data-end=\"5516\">Precizna formula 7%<\/strong> \u2013 Osigurava stalnu i pouzdanu koncentraciju.<\/p>\n<\/li>\n<li data-start=\"5571\" data-end=\"5639\">\n<p data-start=\"5573\" data-end=\"5639\"><strong data-start=\"5573\" data-end=\"5590\">Spremno za upotrebu<\/strong> \u2013 Izravno primjenjivo za analiti\u010dko istra\u017eivanje.<\/p>\n<\/li>\n<li data-start=\"5640\" data-end=\"5722\">\n<p data-start=\"5642\" data-end=\"5722\"><strong data-start=\"5642\" data-end=\"5661\">Visoka \u010disto\u0107a<\/strong> \u2013 Laboratorijska kvaliteta \u2265 98% za dosljedne rezultate.<\/p>\n<\/li>\n<li data-start=\"5723\" data-end=\"5789\">\n<p data-start=\"5725\" data-end=\"5789\"><strong data-start=\"5725\" data-end=\"5749\">Precizni dizajn raspr\u0161iva\u010da<\/strong> \u2013 Reprodukcijska doza po spreju.<\/p>\n<\/li>\n<li data-start=\"5790\" data-end=\"5857\">\n<p data-start=\"5792\" data-end=\"5857\"><strong data-start=\"5792\" data-end=\"5816\">Stabilna formulacija<\/strong> \u2013 Odr\u017eava kvalitetu pri pravilnom skladi\u0161tenju. 4 ho with<\/p>\n<\/li>\n<\/ul>\n<hr data-start=\"5859\" data-end=\"5862\" \/>\n<h3 data-start=\"5864\" data-end=\"5916\"><strong data-start=\"5868\" data-end=\"5914\">Koristiti (samo u istra\u017eiva\u010dke svrhe)<\/strong><\/h3>\n<ol data-start=\"5918\" data-end=\"6313\">\n<li data-start=\"5918\" data-end=\"5987\">\n<p data-start=\"5921\" data-end=\"5987\"><strong data-start=\"5921\" data-end=\"5936\">Rukovanje:<\/strong> Nosite rukavice, za\u0161titne nao\u010dale i laboratorijsku haljinu.<\/p>\n<\/li>\n<li data-start=\"5988\" data-end=\"6062\">\n<p data-start=\"5991\" data-end=\"6062\"><strong data-start=\"5991\" data-end=\"6006\">Kalibracija:<\/strong> Jedno prskanje isporu\u010duje preciznu, ponovljivu koli\u010dinu.<\/p>\n<\/li>\n<li data-start=\"6063\" data-end=\"6156\">\n<p data-start=\"6066\" data-end=\"6156\"><strong data-start=\"6066\" data-end=\"6081\">Primjena:<\/strong> Poprskajte na analiti\u010dku povr\u0161inu ili testnu epruvetu za kromatografsku upotrebu.<\/p>\n<\/li>\n<li data-start=\"6157\" data-end=\"6233\">\n<p data-start=\"6160\" data-end=\"6233\"><strong data-start=\"6160\" data-end=\"6171\">Skladi\u0161tenje:<\/strong> \u010cuvati uspravno na hladnom (2\u20138 \u00b0C), suhom i tamnom mjestu.<\/p>\n<\/li>\n<li data-start=\"6234\" data-end=\"6313\">\n<p data-start=\"6237\" data-end=\"6313\"><strong data-start=\"6237\" data-end=\"6254\">Dokumentacija:<\/strong> Zabilje\u017eite broj serije, koli\u010dinu prskanja i metode analize. <a href=\"https:\/\/researchchemicalshop.eu\/hr\/trgovina\/okategoriserad\/4mmc-kopen\/\">kupi 4mmc<\/a><\/p>\n<\/li>\n<\/ol>\n<hr data-start=\"6315\" data-end=\"6318\" \/>\n<h3 data-start=\"6320\" data-end=\"6355\"><strong data-start=\"6324\" data-end=\"6353\">\u010cesto postavljana pitanja (FAQ)<\/strong><\/h3>\n<p data-start=\"6357\" data-end=\"6514\"><strong data-start=\"6357\" data-end=\"6399\">1. \u0160to je Chem-Mist 4-HO-MET Spray 7%?<\/strong><br data-start=\"6399\" data-end=\"6402\" \/>Jedan <strong data-start=\"6406\" data-end=\"6445\">7% istra\u017eiva\u010dka otopina 4-HO-MET-a<\/strong> u obliku teku\u0107eg spreja za analiti\u010dka i neurokemijska istra\u017eivanja.<\/p>\n<p data-start=\"6516\" data-end=\"6645\"><strong data-start=\"6516\" data-end=\"6564\">2. Koja je \u010disto\u0107a aktivne tvari?<\/strong><br data-start=\"6564\" data-end=\"6567\" \/>Aktivna tvar ima <strong data-start=\"6594\" data-end=\"6618\">\u010disto\u0107a \u2265 98%<\/strong>, ispitano HPLC-om i NMR-om.<\/p>\n<p data-start=\"6647\" data-end=\"6762\"><strong data-start=\"6647\" data-end=\"6688\">3. Kako treba \u010duvati Chem-Mist?<\/strong><br data-start=\"6688\" data-end=\"6691\" \/>Sa\u010duvaj <strong data-start=\"6698\" data-end=\"6731\">hladno (2\u20138 \u00b0C), suho i tamno<\/strong>, uspravno i pravilno zape\u010da\u0107eno.<\/p>\n<ul>\n<li><\/li>\n<\/ul>","protected":false},"excerpt":{"rendered":"<h2><strong><span dir=\"auto\" style=\"vertical-align: inherit;\"><span dir=\"auto\" style=\"vertical-align: inherit;\">Chem-mist 4-HO-MET 10 MG Spray &#8216;Liquid Shrooms&#8217;<\/span><\/span><\/strong><\/h2>\n<p><span dir=\"auto\" style=\"vertical-align: inherit;\"><span dir=\"auto\" style=\"vertical-align: inherit;\">The newest and easiest way to dose with 4-HO-MET! This handy pump is sturdy, durable, and fits easily in your pocket.<\/span><\/span><\/p>","protected":false},"featured_media":16960,"comment_status":"closed","ping_status":"closed","template":"","meta":[],"product_brand":[23],"product_cat":[40,583,322,306,41],"product_tag":[550,42,333],"class_list":{"0":"post-1279","1":"product","2":"type-product","3":"status-publish","4":"has-post-thumbnail","6":"product_brand-research-chemical","7":"product_cat-4-ho-met","8":"product_cat-4-ho-met-sprays","9":"product_cat-chem-mist-spray","10":"product_cat-liquid-rc","11":"product_cat-tryptamine","12":"product_tag-4-ho-met-psychonaut","13":"product_tag-4-ho-met","14":"product_tag-chem-mist-spray","16":"first","17":"instock","18":"shipping-taxable","19":"purchasable","20":"product-type-variable"},"_links":{"self":[{"href":"https:\/\/researchchemicalshop.eu\/hr\/wp-json\/wp\/v2\/product\/1279","targetHints":{"allow":["GET"]}}],"collection":[{"href":"https:\/\/researchchemicalshop.eu\/hr\/wp-json\/wp\/v2\/product"}],"about":[{"href":"https:\/\/researchchemicalshop.eu\/hr\/wp-json\/wp\/v2\/types\/product"}],"replies":[{"embeddable":true,"href":"https:\/\/researchchemicalshop.eu\/hr\/wp-json\/wp\/v2\/comments?post=1279"}],"version-history":[{"count":2,"href":"https:\/\/researchchemicalshop.eu\/hr\/wp-json\/wp\/v2\/product\/1279\/revisions"}],"predecessor-version":[{"id":16665,"href":"https:\/\/researchchemicalshop.eu\/hr\/wp-json\/wp\/v2\/product\/1279\/revisions\/16665"}],"wp:featuredmedia":[{"embeddable":true,"href":"https:\/\/researchchemicalshop.eu\/hr\/wp-json\/wp\/v2\/media\/16960"}],"wp:attachment":[{"href":"https:\/\/researchchemicalshop.eu\/hr\/wp-json\/wp\/v2\/media?parent=1279"}],"wp:term":[{"taxonomy":"product_brand","embeddable":true,"href":"https:\/\/researchchemicalshop.eu\/hr\/wp-json\/wp\/v2\/product_brand?post=1279"},{"taxonomy":"product_cat","embeddable":true,"href":"https:\/\/researchchemicalshop.eu\/hr\/wp-json\/wp\/v2\/product_cat?post=1279"},{"taxonomy":"product_tag","embeddable":true,"href":"https:\/\/researchchemicalshop.eu\/hr\/wp-json\/wp\/v2\/product_tag?post=1279"}],"curies":[{"name":"wp","href":"https:\/\/api.w.org\/{rel}","templated":true}]}}