{"id":1096,"date":"2026-02-09T11:55:47","date_gmt":"2026-02-09T11:55:47","guid":{"rendered":"https:\/\/researchchemicalshop.eu\/?post_type=product&#038;p=1096"},"modified":"2026-03-05T16:39:20","modified_gmt":"2026-03-05T16:39:20","slug":"chem-mist-noopept","status":"publish","type":"product","link":"https:\/\/researchchemicalshop.eu\/hr\/proizvod\/chem-mist-noopept\/","title":{"rendered":"Chem-mist NOOPEPT 1,5 mg sprej \u017evaka\u0107a guma"},"content":{"rendered":"<h2 data-start=\"3808\" data-end=\"3834\"><strong data-start=\"3811\" data-end=\"3834\">Opis proizvoda<\/strong><\/h2>\n<p data-start=\"3836\" data-end=\"4193\"><strong data-start=\"3836\" data-end=\"3880\">Chem-Mist Noopept 1,5 MG Spray Bubblegum<\/strong> je <strong data-start=\"3888\" data-end=\"3937\">onderzoeksoplossing van laboratoriumkwaliteit<\/strong>, ontworpen voor <strong data-start=\"3954\" data-end=\"4000\">neurofarmacologisch en cognitief onderzoek<\/strong>. chem-mist<br data-start=\"4001\" data-end=\"4004\" \/>Elke spray bevat <strong data-start=\"4021\" data-end=\"4084\">1,5 mg Noopept (N-phenylacetyl-L-prolylglycine ethyl ester)<\/strong>, een verbinding die vaak wordt onderzocht vanwege haar mogelijke <strong data-start=\"4150\" data-end=\"4190\">invloed op geheugen en leerprocessen<\/strong>.<\/p>\n<p data-start=\"4195\" data-end=\"4352\">The <strong data-start=\"4198\" data-end=\"4217\">Bubblegum-smaak<\/strong> zorgt voor eenvoudige differentiatie tussen testmonsters en maakt het product geschikt voor gecontroleerde experimentele toepassingen.<\/p>\n<p data-start=\"4354\" data-end=\"4516\">\u26a0\ufe0f <strong data-start=\"4357\" data-end=\"4368\">Molimo imajte na umu:<\/strong> <em data-start=\"4369\" data-end=\"4401\">Chem-Mist Noopept 1,5 MG Spray<\/em> is <strong data-start=\"4405\" data-end=\"4454\">Namijenjeno isklju\u010divo u istra\u017eiva\u010dke svrhe<\/strong> i <strong data-start=\"4458\" data-end=\"4515\">nije prikladno za ljudsku ili \u017eivotinjsku prehranu<\/strong>.<\/p>\n<hr data-start=\"4518\" data-end=\"4521\" \/>\n<h2 data-start=\"4523\" data-end=\"4553\"><strong data-start=\"4526\" data-end=\"4553\">Klju\u010dne zna\u010dajke<\/strong><\/h2>\n<ul data-start=\"4555\" data-end=\"4946\">\n<li data-start=\"4555\" data-end=\"4640\">\n<p data-start=\"4557\" data-end=\"4640\"><strong data-start=\"4557\" data-end=\"4577\">Visoka \u010disto\u0107a:<\/strong> Bevat analytisch geteste Noopept voor laboratoriumonderzoek.<\/p>\n<\/li>\n<li data-start=\"4641\" data-end=\"4715\">\n<p data-start=\"4643\" data-end=\"4715\"><strong data-start=\"4643\" data-end=\"4665\">Precieze Dosering:<\/strong> 1,5 mg per spray voor nauwkeurige experimenten.<\/p>\n<\/li>\n<li data-start=\"4716\" data-end=\"4803\">\n<p data-start=\"4718\" data-end=\"4803\"><strong data-start=\"4718\" data-end=\"4744\">Innovatieve Sprayvorm:<\/strong> Biedt gecontroleerde toepassing in onderzoeksomgevingen.<\/p>\n<\/li>\n<li data-start=\"4804\" data-end=\"4867\">\n<p data-start=\"4806\" data-end=\"4867\"><strong data-start=\"4806\" data-end=\"4826\">Bubblegum-Smaak:<\/strong> Gemakkelijk te onderscheiden monsters.<\/p>\n<\/li>\n<li data-start=\"4868\" data-end=\"4946\">\n<p data-start=\"4870\" data-end=\"4946\"><strong data-start=\"4870\" data-end=\"4893\">Veilige Verpakking:<\/strong> Luchtdicht en verzegeld voor maximale integriteit.<\/p>\n<\/li>\n<\/ul>\n<hr data-start=\"4948\" data-end=\"4951\" \/>\n<h2 data-start=\"4953\" data-end=\"4984\"><strong data-start=\"4956\" data-end=\"4984\">Voordelen voor Onderzoek<\/strong><\/h2>\n<ul data-start=\"4986\" data-end=\"5288\">\n<li data-start=\"4986\" data-end=\"5060\">\n<p data-start=\"4988\" data-end=\"5060\">Podr\u017eava <strong data-start=\"5000\" data-end=\"5057\">onderzoek naar cognitieve en neurochemische processen<\/strong>.<\/p>\n<\/li>\n<li data-start=\"5061\" data-end=\"5143\">\n<p data-start=\"5063\" data-end=\"5143\">Pogodno za <strong data-start=\"5077\" data-end=\"5140\">onderzoek naar neuroprotectieve en nootropische mechanismen<\/strong>.<\/p>\n<\/li>\n<li data-start=\"5144\" data-end=\"5216\">\n<p data-start=\"5146\" data-end=\"5216\">Bevordert <strong data-start=\"5156\" data-end=\"5182\">vergelijkende analyses<\/strong> met andere peptideverbindingen.<\/p>\n<\/li>\n<li data-start=\"5217\" data-end=\"5288\">\n<p data-start=\"5219\" data-end=\"5288\">Pru\u017ea <strong data-start=\"5230\" data-end=\"5285\">betrouwbare en reproduceerbare onderzoeksresultaten<\/strong>.<\/p>\n<\/li>\n<\/ul>\n<hr data-start=\"5290\" data-end=\"5293\" \/>\n<h2 data-start=\"5295\" data-end=\"5329\"><strong data-start=\"5298\" data-end=\"5329\">Gebruik (Onderzoekscontext)<\/strong><\/h2>\n<ol data-start=\"5331\" data-end=\"5545\">\n<li data-start=\"5331\" data-end=\"5376\">\n<p data-start=\"5334\" data-end=\"5376\">Alleen gebruiken in erkende laboratoria.<\/p>\n<\/li>\n<li data-start=\"5377\" data-end=\"5428\">\n<p data-start=\"5380\" data-end=\"5428\">Draag handschoenen, veiligheidsbril en labjas.<\/p>\n<\/li>\n<li data-start=\"5429\" data-end=\"5488\">\n<p data-start=\"5432\" data-end=\"5488\">Bewaar rechtop in een koele, donkere omgeving (&lt;25\u00b0C).<\/p>\n<\/li>\n<li data-start=\"5489\" data-end=\"5545\">\n<p data-start=\"5492\" data-end=\"5545\">Verwijder resten volgens de veiligheidsrichtlijnen.<\/p>\n<\/li>\n<\/ol>\n<blockquote data-start=\"5547\" data-end=\"5646\">\n<p data-start=\"5549\" data-end=\"5646\"><strong data-start=\"5549\" data-end=\"5560\">Molimo imajte na umu:<\/strong> <em data-start=\"5561\" data-end=\"5603\">Chem-Mist Noopept 1,5 MG Spray Bubblegum<\/em> is <strong data-start=\"5607\" data-end=\"5645\">uitsluitend bedoeld voor onderzoek<\/strong>.<\/p>\n<\/blockquote>\n<hr data-start=\"5648\" data-end=\"5651\" \/>\n<h2 data-start=\"5653\" data-end=\"5687\"><strong data-start=\"5656\" data-end=\"5687\">\u010cesto postavljana pitanja (FAQs)<\/strong><\/h2>\n<p data-start=\"5689\" data-end=\"5846\"><strong data-start=\"5689\" data-end=\"5741\">1. Waarvoor wordt Noopept gebruikt in onderzoek?<\/strong><br data-start=\"5741\" data-end=\"5744\" \/>Noopept wordt gebruikt voor <strong data-start=\"5772\" data-end=\"5843\">onderzoek naar geheugen, leerprocessen en neuroprotectieve effecten<\/strong>.<\/p>\n<p data-start=\"5848\" data-end=\"5928\"><strong data-start=\"5848\" data-end=\"5887\">2. Hoeveel Noopept bevat \u00e9\u00e9n spray?<\/strong><br data-start=\"5887\" data-end=\"5890\" \/>Elke spray bevat <strong data-start=\"5907\" data-end=\"5925\">1,5 mg Noopept<\/strong>.<\/p>\n<p data-start=\"5930\" data-end=\"6120\"><strong data-start=\"5930\" data-end=\"5985\">3. Is dit product bedoeld voor persoonlijk gebruik?<\/strong><br data-start=\"5985\" data-end=\"5988\" \/>Nee, dit product is <strong data-start=\"6008\" data-end=\"6055\">niet goedgekeurd voor menselijke consumptie<\/strong> en alleen beschikbaar voor <strong data-start=\"6083\" data-end=\"6117\">erkende onderzoeksinstellingen<\/strong>.<\/p>","protected":false},"excerpt":{"rendered":"<p>Productbeschrijving Chem-Mist Noopept 1,5 MG Spray Bubblegum is een onderzoeksoplossing van laboratoriumkwaliteit, ontworpen voor neurofarmacologisch en cognitief onderzoek. chem-mistElke spray<\/p>","protected":false},"featured_media":16964,"comment_status":"closed","ping_status":"closed","template":"","meta":[],"product_brand":[23],"product_cat":[322,306,67,516,68],"product_tag":[517,333,518,953,22,519,520,521,324],"class_list":{"0":"post-1096","1":"product","2":"type-product","3":"status-publish","4":"has-post-thumbnail","6":"product_brand-research-chemical","7":"product_cat-chem-mist-spray","8":"product_cat-liquid-rc","9":"product_cat-noopept","10":"product_cat-noopept-sprays","11":"product_cat-nootropics","12":"product_tag-buy-noopept-spray","13":"product_tag-chem-mist-spray","14":"product_tag-chem-mist","15":"product_tag-chem-mist-noopept","16":"product_tag-nl","17":"product_tag-noopept-nasal-spray","18":"product_tag-noopept-nasal-spray-diy","19":"product_tag-noopept-nasal-spray-dosage","20":"product_tag-spring-is-in-the-air","22":"first","23":"instock","24":"shipping-taxable","25":"purchasable","26":"product-type-variable"},"_links":{"self":[{"href":"https:\/\/researchchemicalshop.eu\/hr\/wp-json\/wp\/v2\/product\/1096","targetHints":{"allow":["GET"]}}],"collection":[{"href":"https:\/\/researchchemicalshop.eu\/hr\/wp-json\/wp\/v2\/product"}],"about":[{"href":"https:\/\/researchchemicalshop.eu\/hr\/wp-json\/wp\/v2\/types\/product"}],"replies":[{"embeddable":true,"href":"https:\/\/researchchemicalshop.eu\/hr\/wp-json\/wp\/v2\/comments?post=1096"}],"version-history":[{"count":1,"href":"https:\/\/researchchemicalshop.eu\/hr\/wp-json\/wp\/v2\/product\/1096\/revisions"}],"predecessor-version":[{"id":16553,"href":"https:\/\/researchchemicalshop.eu\/hr\/wp-json\/wp\/v2\/product\/1096\/revisions\/16553"}],"wp:featuredmedia":[{"embeddable":true,"href":"https:\/\/researchchemicalshop.eu\/hr\/wp-json\/wp\/v2\/media\/16964"}],"wp:attachment":[{"href":"https:\/\/researchchemicalshop.eu\/hr\/wp-json\/wp\/v2\/media?parent=1096"}],"wp:term":[{"taxonomy":"product_brand","embeddable":true,"href":"https:\/\/researchchemicalshop.eu\/hr\/wp-json\/wp\/v2\/product_brand?post=1096"},{"taxonomy":"product_cat","embeddable":true,"href":"https:\/\/researchchemicalshop.eu\/hr\/wp-json\/wp\/v2\/product_cat?post=1096"},{"taxonomy":"product_tag","embeddable":true,"href":"https:\/\/researchchemicalshop.eu\/hr\/wp-json\/wp\/v2\/product_tag?post=1096"}],"curies":[{"name":"wp","href":"https:\/\/api.w.org\/{rel}","templated":true}]}}