{"id":1042,"date":"2026-02-09T11:55:38","date_gmt":"2026-02-09T11:55:38","guid":{"rendered":"https:\/\/researchchemicalshop.eu\/?post_type=product&#038;p=1042"},"modified":"2026-03-05T16:51:01","modified_gmt":"2026-03-05T16:51:01","slug":"1d-lsd-3","status":"publish","type":"product","link":"https:\/\/researchchemicalshop.eu\/hr\/proizvod\/1d-lsd-3\/","title":{"rendered":"1D LSD 10 MCG pelete \u2013 mikrodiza"},"content":{"rendered":"<h3 data-start=\"5807\" data-end=\"5826\"><strong data-start=\"5811\" data-end=\"5826\"><span dir=\"auto\" style=\"vertical-align: inherit;\"><span dir=\"auto\" style=\"vertical-align: inherit;\">Uvod<\/span><\/span><\/strong><\/h3>\n<p data-start=\"5828\" data-end=\"6174\"><strong data-start=\"5828\" data-end=\"5871\"><span dir=\"auto\" style=\"vertical-align: inherit;\"><span dir=\"auto\" style=\"vertical-align: inherit;\">1D-LSD 10mcg peleti \u2013 Microdose izdanje<\/span><\/span><\/strong><span dir=\"auto\" style=\"vertical-align: inherit;\"><span dir=\"auto\" style=\"vertical-align: inherit;\"> jesu <\/span><\/span><strong data-start=\"5877\" data-end=\"5924\"><span dir=\"auto\" style=\"vertical-align: inherit;\"><span dir=\"auto\" style=\"vertical-align: inherit;\">istra\u017eiva\u010dki spojevi laboratorijske kvalitete<\/span><\/span><\/strong><span dir=\"auto\" style=\"vertical-align: inherit;\"><span dir=\"auto\" style=\"vertical-align: inherit;\"> razvijeno za <\/span><\/span><strong data-start=\"5942\" data-end=\"5986\"><span dir=\"auto\" style=\"vertical-align: inherit;\"><span dir=\"auto\" style=\"vertical-align: inherit;\">znanstveno i analiti\u010dko istra\u017eivanje<\/span><\/span><\/strong><span dir=\"auto\" style=\"vertical-align: inherit;\"><span dir=\"auto\" style=\"vertical-align: inherit;\"> . Svaki pelet sadr\u017ei to\u010dno <\/span><\/span><strong data-start=\"6012\" data-end=\"6085\"><span dir=\"auto\" style=\"vertical-align: inherit;\"><span dir=\"auto\" style=\"vertical-align: inherit;\">10 mikrograma (mcg) 1D-LSD-a (1-dietilamid-lisergi\u010dka kiselina dietilamid)<\/span><\/span><\/strong><span dir=\"auto\" style=\"vertical-align: inherit;\"><span dir=\"auto\" style=\"vertical-align: inherit;\"> , osiguravaju\u0107i <\/span><\/span><strong data-start=\"6102\" data-end=\"6143\"><span dir=\"auto\" style=\"vertical-align: inherit;\"><span dir=\"auto\" style=\"vertical-align: inherit;\">izvanredna preciznost i \u010disto\u0107a<\/span><\/span><\/strong><span dir=\"auto\" style=\"vertical-align: inherit;\"><span dir=\"auto\" style=\"vertical-align: inherit;\"> u istra\u017eivanjima mikrodoziranja. Mikrodozirajte 1p LSD<\/span><\/span><\/p>\n<p data-start=\"6176\" data-end=\"6334\"><span dir=\"auto\" style=\"vertical-align: inherit;\"><span dir=\"auto\" style=\"vertical-align: inherit;\">Ovi peleti su idealni za istra\u017eiva\u010de koji \u017eele prou\u010davati <\/span><\/span><strong data-start=\"6223\" data-end=\"6247\"><span dir=\"auto\" style=\"vertical-align: inherit;\"><span dir=\"auto\" style=\"vertical-align: inherit;\">analogi lizergamida<\/span><\/span><\/strong><span dir=\"auto\" style=\"vertical-align: inherit;\"><span dir=\"auto\" style=\"vertical-align: inherit;\"> i <\/span><\/span><strong data-start=\"6251\" data-end=\"6277\"><span dir=\"auto\" style=\"vertical-align: inherit;\"><span dir=\"auto\" style=\"vertical-align: inherit;\">u\u010dinci mikrodoziranja<\/span><\/span><\/strong><span dir=\"auto\" style=\"vertical-align: inherit;\"><span dir=\"auto\" style=\"vertical-align: inherit;\"> pod kontroliranim uvjetima.<\/span><\/span><\/p>\n<blockquote data-start=\"6336\" data-end=\"6474\">\n<p data-start=\"6338\" data-end=\"6474\"><span dir=\"auto\" style=\"vertical-align: inherit;\"><span dir=\"auto\" style=\"vertical-align: inherit;\">\u26a0\ufe0f <\/span><\/span><strong data-start=\"6341\" data-end=\"6352\"><span dir=\"auto\" style=\"vertical-align: inherit;\"><span dir=\"auto\" style=\"vertical-align: inherit;\">Molimo imajte na umu:<\/span><\/span><\/strong><span dir=\"auto\" style=\"vertical-align: inherit;\"><span dir=\"auto\" style=\"vertical-align: inherit;\"> Ovaj proizvod je za <\/span><\/span><strong data-start=\"6393\" data-end=\"6418\"><span dir=\"auto\" style=\"vertical-align: inherit;\"><span dir=\"auto\" style=\"vertical-align: inherit;\">laboratorijsko testiranje<\/span><\/span><\/strong><span dir=\"auto\" style=\"vertical-align: inherit;\"><span dir=\"auto\" style=\"vertical-align: inherit;\"> samo. Nije pogodno za ljudsku ili \u017eivotinjsku prehranu.<\/span><\/span><\/p>\n<\/blockquote>\n<hr data-start=\"6476\" data-end=\"6479\" \/>\n<h3 data-start=\"6481\" data-end=\"6512\"><strong data-start=\"6485\" data-end=\"6512\"><span dir=\"auto\" style=\"vertical-align: inherit;\"><span dir=\"auto\" style=\"vertical-align: inherit;\">Klju\u010dne zna\u010dajke<\/span><\/span><\/strong><\/h3>\n<ul data-start=\"6514\" data-end=\"6999\">\n<li data-start=\"6514\" data-end=\"6613\">\n<p data-start=\"6516\" data-end=\"6613\"><strong data-start=\"6516\" data-end=\"6536\"><span dir=\"auto\" style=\"vertical-align: inherit;\"><span dir=\"auto\" style=\"vertical-align: inherit;\">Precizna doza:<\/span><\/span><\/strong><span dir=\"auto\" style=\"vertical-align: inherit;\"><span dir=\"auto\" style=\"vertical-align: inherit;\"> Svaki pelet sadr\u017ei <\/span><\/span><strong data-start=\"6555\" data-end=\"6571\"><span dir=\"auto\" style=\"vertical-align: inherit;\"><span dir=\"auto\" style=\"vertical-align: inherit;\">10 mikrograma 1D-LSD-a<\/span><\/span><\/strong><span dir=\"auto\" style=\"vertical-align: inherit;\"><span dir=\"auto\" style=\"vertical-align: inherit;\"> za precizne studije mikrodoziranja.<\/span><\/span><\/p>\n<\/li>\n<li data-start=\"6614\" data-end=\"6704\">\n<p data-start=\"6616\" data-end=\"6704\"><strong data-start=\"6616\" data-end=\"6636\"><span dir=\"auto\" style=\"vertical-align: inherit;\"><span dir=\"auto\" style=\"vertical-align: inherit;\">Visoka \u010disto\u0107a:<\/span><\/span><\/strong><span dir=\"auto\" style=\"vertical-align: inherit;\"><span dir=\"auto\" style=\"vertical-align: inherit;\"> \u226599% analiti\u010dke \u010disto\u0107e, ispitano u laboratorijskim uvjetima.<\/span><\/span><\/p>\n<\/li>\n<li data-start=\"6705\" data-end=\"6772\">\n<p data-start=\"6707\" data-end=\"6772\"><strong data-start=\"6707\" data-end=\"6733\"><span dir=\"auto\" style=\"vertical-align: inherit;\"><span dir=\"auto\" style=\"vertical-align: inherit;\">Dosljedna kvaliteta:<\/span><\/span><\/strong><span dir=\"auto\" style=\"vertical-align: inherit;\"><span dir=\"auto\" style=\"vertical-align: inherit;\"> Proizvedeno za <\/span><\/span><strong data-start=\"6755\" data-end=\"6769\"><span dir=\"auto\" style=\"vertical-align: inherit;\"><span dir=\"auto\" style=\"vertical-align: inherit;\">GLP standardi<\/span><\/span><\/strong><span dir=\"auto\" style=\"vertical-align: inherit;\"><span dir=\"auto\" style=\"vertical-align: inherit;\"> .<\/span><\/span><\/p>\n<\/li>\n<li data-start=\"6773\" data-end=\"6831\">\n<p data-start=\"6775\" data-end=\"6831\"><strong data-start=\"6775\" data-end=\"6796\"><span dir=\"auto\" style=\"vertical-align: inherit;\"><span dir=\"auto\" style=\"vertical-align: inherit;\">Kemijski stabilno:<\/span><\/span><\/strong><span dir=\"auto\" style=\"vertical-align: inherit;\"><span dir=\"auto\" style=\"vertical-align: inherit;\"> Pogodno za dugoro\u010dno skladi\u0161tenje. Mikrodoza 1p LSD<\/span><\/span><\/p>\n<\/li>\n<li data-start=\"6832\" data-end=\"6916\">\n<p data-start=\"6834\" data-end=\"6916\"><strong data-start=\"6834\" data-end=\"6856\"><span dir=\"auto\" style=\"vertical-align: inherit;\"><span dir=\"auto\" style=\"vertical-align: inherit;\">Sigurno rukovanje:<\/span><\/span><\/strong><span dir=\"auto\" style=\"vertical-align: inherit;\"><span dir=\"auto\" style=\"vertical-align: inherit;\"> Pelletni oblik smanjuje izlo\u017eenost i rizik od kontaminacije.<\/span><\/span><\/p>\n<\/li>\n<li data-start=\"6917\" data-end=\"6999\">\n<p data-start=\"6919\" data-end=\"6999\"><strong data-start=\"6919\" data-end=\"6942\"><span dir=\"auto\" style=\"vertical-align: inherit;\"><span dir=\"auto\" style=\"vertical-align: inherit;\">Sigurno pakiranje:<\/span><\/span><\/strong><span dir=\"auto\" style=\"vertical-align: inherit;\"><span dir=\"auto\" style=\"vertical-align: inherit;\"> Zape\u010da\u0107eno i otporno na vlagu za maksimalnu za\u0161titu.<\/span><\/span><\/p>\n<\/li>\n<\/ul>\n<hr data-start=\"7001\" data-end=\"7004\" \/>\n<h3 data-start=\"7006\" data-end=\"7023\"><strong data-start=\"7010\" data-end=\"7023\"><span dir=\"auto\" style=\"vertical-align: inherit;\"><span dir=\"auto\" style=\"vertical-align: inherit;\">Prednosti<\/span><\/span><\/strong><\/h3>\n<ol data-start=\"7025\" data-end=\"7421\">\n<li data-start=\"7025\" data-end=\"7126\">\n<p data-start=\"7028\" data-end=\"7126\"><strong data-start=\"7028\" data-end=\"7068\"><span dir=\"auto\" style=\"vertical-align: inherit;\"><span dir=\"auto\" style=\"vertical-align: inherit;\">Idealno za istra\u017eivanje mikrodoziranja:<\/span><\/span><\/strong><span dir=\"auto\" style=\"vertical-align: inherit;\"><span dir=\"auto\" style=\"vertical-align: inherit;\"> Dizajnirano za ultraprecizne laboratorijske eksperimente.<\/span><\/span><\/p>\n<\/li>\n<li data-start=\"7127\" data-end=\"7200\">\n<p data-start=\"7130\" data-end=\"7200\"><strong data-start=\"7130\" data-end=\"7161\"><span dir=\"auto\" style=\"vertical-align: inherit;\"><span dir=\"auto\" style=\"vertical-align: inherit;\">Reprodukcijski rezultati:<\/span><\/span><\/strong><span dir=\"auto\" style=\"vertical-align: inherit;\"><span dir=\"auto\" style=\"vertical-align: inherit;\"> Dosljedni podaci pri ponovljenim testovima.<\/span><\/span><\/p>\n<\/li>\n<li data-start=\"7201\" data-end=\"7265\">\n<p data-start=\"7204\" data-end=\"7265\"><strong data-start=\"7204\" data-end=\"7226\"><span dir=\"auto\" style=\"vertical-align: inherit;\"><span dir=\"auto\" style=\"vertical-align: inherit;\">Sigurno za upotrebu:<\/span><\/span><\/strong><span dir=\"auto\" style=\"vertical-align: inherit;\"><span dir=\"auto\" style=\"vertical-align: inherit;\"> Manji rizik zbog \u010dvrstog oblika peleta.<\/span><\/span><\/p>\n<\/li>\n<li data-start=\"7266\" data-end=\"7352\">\n<p data-start=\"7269\" data-end=\"7352\"><strong data-start=\"7269\" data-end=\"7295\"><span dir=\"auto\" style=\"vertical-align: inherit;\"><span dir=\"auto\" style=\"vertical-align: inherit;\">Laboratorijska kvaliteta:<\/span><\/span><\/strong><span dir=\"auto\" style=\"vertical-align: inherit;\"><span dir=\"auto\" style=\"vertical-align: inherit;\"> Pouzdano za analiti\u010dke i kemijske testove.<\/span><\/span><\/p>\n<\/li>\n<li data-start=\"7353\" data-end=\"7421\">\n<p data-start=\"7356\" data-end=\"7421\"><strong data-start=\"7356\" data-end=\"7374\"><span dir=\"auto\" style=\"vertical-align: inherit;\"><span dir=\"auto\" style=\"vertical-align: inherit;\">Dug rok trajanja:<\/span><\/span><\/strong><span dir=\"auto\" style=\"vertical-align: inherit;\"><span dir=\"auto\" style=\"vertical-align: inherit;\"> Ostaje stabilno pod ispravnim uvjetima skladi\u0161tenja.<\/span><\/span><\/p>\n<\/li>\n<\/ol>\n<hr data-start=\"7423\" data-end=\"7426\" \/>\n<h3 data-start=\"7428\" data-end=\"7467\"><strong data-start=\"7432\" data-end=\"7467\"><span dir=\"auto\" style=\"vertical-align: inherit;\"><span dir=\"auto\" style=\"vertical-align: inherit;\">Koristiti (samo u istra\u017eiva\u010dke svrhe)<\/span><\/span><\/strong><\/h3>\n<ol data-start=\"7469\" data-end=\"7825\">\n<li data-start=\"7469\" data-end=\"7534\">\n<p data-start=\"7472\" data-end=\"7534\"><strong data-start=\"7472\" data-end=\"7502\"><span dir=\"auto\" style=\"vertical-align: inherit;\"><span dir=\"auto\" style=\"vertical-align: inherit;\">Wear protective clothing<\/span><\/span><\/strong><span dir=\"auto\" style=\"vertical-align: inherit;\"><span dir=\"auto\" style=\"vertical-align: inherit;\"> (gloves, goggles, lab coat).<\/span><\/span><\/p>\n<\/li>\n<li data-start=\"7535\" data-end=\"7623\">\n<p data-start=\"7538\" data-end=\"7623\"><strong data-start=\"7538\" data-end=\"7576\"><span dir=\"auto\" style=\"vertical-align: inherit;\"><span dir=\"auto\" style=\"vertical-align: inherit;\">Use calibrated instruments<\/span><\/span><\/strong><span dir=\"auto\" style=\"vertical-align: inherit;\"><span dir=\"auto\" style=\"vertical-align: inherit;\"> to measure the desired amount of pellets.<\/span><\/span><\/p>\n<\/li>\n<li data-start=\"7624\" data-end=\"7695\">\n<p data-start=\"7627\" data-end=\"7695\"><strong data-start=\"7627\" data-end=\"7649\"><span dir=\"auto\" style=\"vertical-align: inherit;\"><span dir=\"auto\" style=\"vertical-align: inherit;\">Handle with care<\/span><\/span><\/strong><span dir=\"auto\" style=\"vertical-align: inherit;\"><span dir=\"auto\" style=\"vertical-align: inherit;\"> in a controlled laboratory environment.<\/span><\/span><\/p>\n<\/li>\n<li data-start=\"7696\" data-end=\"7754\">\n<p data-start=\"7699\" data-end=\"7754\"><strong data-start=\"7699\" data-end=\"7729\"><span dir=\"auto\" style=\"vertical-align: inherit;\"><span dir=\"auto\" style=\"vertical-align: inherit;\">Store unused pellets<\/span><\/span><\/strong><span dir=\"auto\" style=\"vertical-align: inherit;\"><span dir=\"auto\" style=\"vertical-align: inherit;\"> in a cool, dry and dark place.<\/span><\/span><\/p>\n<\/li>\n<li data-start=\"7755\" data-end=\"7825\">\n<p data-start=\"7758\" data-end=\"7825\"><strong data-start=\"7758\" data-end=\"7777\"><span dir=\"auto\" style=\"vertical-align: inherit;\"><span dir=\"auto\" style=\"vertical-align: inherit;\">Dispose of waste<\/span><\/span><\/strong><span dir=\"auto\" style=\"vertical-align: inherit;\"><span dir=\"auto\" style=\"vertical-align: inherit;\"> in accordance with applicable safety regulations.<\/span><\/span><\/p>\n<\/li>\n<\/ol>\n<blockquote data-start=\"7827\" data-end=\"7904\">\n<p data-start=\"7829\" data-end=\"7904\"><span dir=\"auto\" style=\"vertical-align: inherit;\"><span dir=\"auto\" style=\"vertical-align: inherit;\">\u2697\ufe0f <\/span><\/span><strong data-start=\"7832\" data-end=\"7904\"><span dir=\"auto\" style=\"vertical-align: inherit;\"><span dir=\"auto\" style=\"vertical-align: inherit;\">For laboratory testing only \u2013 not for human consumption.<\/span><\/span><\/strong><\/p>\n<\/blockquote>\n<hr data-start=\"7906\" data-end=\"7909\" \/>\n<h3 data-start=\"7911\" data-end=\"7936\"><strong data-start=\"7915\" data-end=\"7936\"><span dir=\"auto\" style=\"vertical-align: inherit;\"><span dir=\"auto\" style=\"vertical-align: inherit;\">Storage instructions<\/span><\/span><\/strong><\/h3>\n<ul data-start=\"7938\" data-end=\"8110\">\n<li data-start=\"7938\" data-end=\"7976\">\n<p data-start=\"7940\" data-end=\"7976\"><strong data-start=\"7940\" data-end=\"7956\"><span dir=\"auto\" style=\"vertical-align: inherit;\"><span dir=\"auto\" style=\"vertical-align: inherit;\">Temperature:<\/span><\/span><\/strong><span dir=\"auto\" style=\"vertical-align: inherit;\"><span dir=\"auto\" style=\"vertical-align: inherit;\"> 2\u20138\u00b0C recommended.<\/span><\/span><\/p>\n<\/li>\n<li data-start=\"7977\" data-end=\"8020\">\n<p data-start=\"7979\" data-end=\"8020\"><strong data-start=\"7979\" data-end=\"7992\"><span dir=\"auto\" style=\"vertical-align: inherit;\"><span dir=\"auto\" style=\"vertical-align: inherit;\">Environment:<\/span><\/span><\/strong><span dir=\"auto\" style=\"vertical-align: inherit;\"><span dir=\"auto\" style=\"vertical-align: inherit;\"> Dry, dark and stable.<\/span><\/span><\/p>\n<\/li>\n<li data-start=\"8021\" data-end=\"8062\">\n<p data-start=\"8023\" data-end=\"8062\"><strong data-start=\"8023\" data-end=\"8038\"><span dir=\"auto\" style=\"vertical-align: inherit;\"><span dir=\"auto\" style=\"vertical-align: inherit;\">Packaging:<\/span><\/span><\/strong><span dir=\"auto\" style=\"vertical-align: inherit;\"><span dir=\"auto\" style=\"vertical-align: inherit;\"> Keep tightly closed.<\/span><\/span><\/p>\n<\/li>\n<li data-start=\"8063\" data-end=\"8110\">\n<p data-start=\"8065\" data-end=\"8110\"><strong data-start=\"8065\" data-end=\"8077\"><span dir=\"auto\" style=\"vertical-align: inherit;\"><span dir=\"auto\" style=\"vertical-align: inherit;\">Access:<\/span><\/span><\/strong><span dir=\"auto\" style=\"vertical-align: inherit;\"><span dir=\"auto\" style=\"vertical-align: inherit;\"> For authorized persons only.<\/span><\/span><\/p>\n<\/li>\n<\/ul>\n<hr data-start=\"8112\" data-end=\"8115\" \/>\n<h3 data-start=\"8117\" data-end=\"8152\"><strong data-start=\"8121\" data-end=\"8152\"><span dir=\"auto\" style=\"vertical-align: inherit;\"><span dir=\"auto\" style=\"vertical-align: inherit;\">Frequently Asked Questions (FAQs)<\/span><\/span><\/strong><\/h3>\n<p data-start=\"8154\" data-end=\"8318\"><strong data-start=\"8154\" data-end=\"8207\"><span dir=\"auto\" style=\"vertical-align: inherit;\"><span dir=\"auto\" style=\"vertical-align: inherit;\">1. What are 1D-LSD 10mcg Pellets used for?<\/span><\/span><\/strong><br data-start=\"8207\" data-end=\"8210\" \/><span dir=\"auto\" style=\"vertical-align: inherit;\"><span dir=\"auto\" style=\"vertical-align: inherit;\"> For <\/span><\/span><strong data-start=\"8215\" data-end=\"8259\"><span dir=\"auto\" style=\"vertical-align: inherit;\"><span dir=\"auto\" style=\"vertical-align: inherit;\">znanstveno i analiti\u010dko istra\u017eivanje<\/span><\/span><\/strong><span dir=\"auto\" style=\"vertical-align: inherit;\"><span dir=\"auto\" style=\"vertical-align: inherit;\"> , particularly microdosing studies and lysergamide analyses.<\/span><\/span><\/p>\n<p data-start=\"8320\" data-end=\"8487\"><strong data-start=\"8320\" data-end=\"8370\"><span dir=\"auto\" style=\"vertical-align: inherit;\"><span dir=\"auto\" style=\"vertical-align: inherit;\">2. Are these pellets suitable for human consumption?<\/span><\/span><\/strong><br data-start=\"8370\" data-end=\"8373\" \/><span dir=\"auto\" style=\"vertical-align: inherit;\"><span dir=\"auto\" style=\"vertical-align: inherit;\"> No, they are <\/span><\/span><strong data-start=\"8386\" data-end=\"8436\"><span dir=\"auto\" style=\"vertical-align: inherit;\"><span dir=\"auto\" style=\"vertical-align: inherit;\">intended for laboratory research only<\/span><\/span><\/strong><span dir=\"auto\" style=\"vertical-align: inherit;\"><span dir=\"auto\" style=\"vertical-align: inherit;\"> i <\/span><\/span><strong data-start=\"8440\" data-end=\"8484\"><span dir=\"auto\" style=\"vertical-align: inherit;\"><span dir=\"auto\" style=\"vertical-align: inherit;\">are not suitable for human consumption<\/span><\/span><\/strong><span dir=\"auto\" style=\"vertical-align: inherit;\"><span dir=\"auto\" style=\"vertical-align: inherit;\"> .<\/span><\/span><\/p>\n<p data-start=\"8489\" data-end=\"8630\"><strong data-start=\"8489\" data-end=\"8530\"><span dir=\"auto\" style=\"vertical-align: inherit;\"><span dir=\"auto\" style=\"vertical-align: inherit;\">3. How do I store the product correctly?<\/span><\/span><\/strong><br data-start=\"8530\" data-end=\"8533\" \/><span dir=\"auto\" style=\"vertical-align: inherit;\"><span dir=\"auto\" style=\"vertical-align: inherit;\"> Store it in a <\/span><\/span><strong data-start=\"8551\" data-end=\"8593\"><span dir=\"auto\" style=\"vertical-align: inherit;\"><span dir=\"auto\" style=\"vertical-align: inherit;\">cool, dry, dark place (2\u20138\u00b0C)<\/span><\/span><\/strong><span dir=\"auto\" style=\"vertical-align: inherit;\"><span dir=\"auto\" style=\"vertical-align: inherit;\"> in a tightly sealed container.<\/span><\/span><\/p>\n<hr data-start=\"8632\" data-end=\"8635\" \/>\n<h3 data-start=\"8637\" data-end=\"8654\"><strong data-start=\"8641\" data-end=\"8654\"><span dir=\"auto\" style=\"vertical-align: inherit;\"><span dir=\"auto\" style=\"vertical-align: inherit;\">Conclusion<\/span><\/span><\/strong><\/h3>\n<p data-start=\"8656\" data-end=\"8911\"><strong data-start=\"8656\" data-end=\"8690\"><span dir=\"auto\" style=\"vertical-align: inherit;\"><span dir=\"auto\" style=\"vertical-align: inherit;\">1D-LSD 10mcg Microdose Pellets<\/span><\/span><\/strong><span dir=\"auto\" style=\"vertical-align: inherit;\"><span dir=\"auto\" style=\"vertical-align: inherit;\"> \u017ertvovanje <\/span><\/span><strong data-start=\"8702\" data-end=\"8747\"><span dir=\"auto\" style=\"vertical-align: inherit;\"><span dir=\"auto\" style=\"vertical-align: inherit;\">precision, purity, and stability<\/span><\/span><\/strong><span dir=\"auto\" style=\"vertical-align: inherit;\"><span dir=\"auto\" style=\"vertical-align: inherit;\"> , ideal for professional laboratory research. Perfect for analytical microdosing experiments where reliability and repeatability are essential.<\/span><\/span><\/p>","protected":false},"excerpt":{"rendered":"<p>Introduction 1D-LSD 10mcg Pellets \u2013 Microdose Edition are laboratory-grade research compounds developed for scientific and analytical research . Each pellet<\/p>","protected":false},"featured_media":16811,"comment_status":"closed","ping_status":"closed","template":"","meta":[],"product_brand":[],"product_cat":[447,448,46,71],"product_tag":[960,449,396],"class_list":{"0":"post-1042","1":"product","2":"type-product","3":"status-publish","4":"has-post-thumbnail","6":"product_cat-1d-lsd","7":"product_cat-1d-lsd-pellets","8":"product_cat-lysergamides","9":"product_cat-pellets","10":"product_tag-1d-lsd","11":"product_tag-1p-lsd-microdose","12":"product_tag-de","14":"first","15":"instock","16":"shipping-taxable","17":"purchasable","18":"product-type-variable"},"_links":{"self":[{"href":"https:\/\/researchchemicalshop.eu\/hr\/wp-json\/wp\/v2\/product\/1042","targetHints":{"allow":["GET"]}}],"collection":[{"href":"https:\/\/researchchemicalshop.eu\/hr\/wp-json\/wp\/v2\/product"}],"about":[{"href":"https:\/\/researchchemicalshop.eu\/hr\/wp-json\/wp\/v2\/types\/product"}],"replies":[{"embeddable":true,"href":"https:\/\/researchchemicalshop.eu\/hr\/wp-json\/wp\/v2\/comments?post=1042"}],"version-history":[{"count":1,"href":"https:\/\/researchchemicalshop.eu\/hr\/wp-json\/wp\/v2\/product\/1042\/revisions"}],"predecessor-version":[{"id":16594,"href":"https:\/\/researchchemicalshop.eu\/hr\/wp-json\/wp\/v2\/product\/1042\/revisions\/16594"}],"wp:featuredmedia":[{"embeddable":true,"href":"https:\/\/researchchemicalshop.eu\/hr\/wp-json\/wp\/v2\/media\/16811"}],"wp:attachment":[{"href":"https:\/\/researchchemicalshop.eu\/hr\/wp-json\/wp\/v2\/media?parent=1042"}],"wp:term":[{"taxonomy":"product_brand","embeddable":true,"href":"https:\/\/researchchemicalshop.eu\/hr\/wp-json\/wp\/v2\/product_brand?post=1042"},{"taxonomy":"product_cat","embeddable":true,"href":"https:\/\/researchchemicalshop.eu\/hr\/wp-json\/wp\/v2\/product_cat?post=1042"},{"taxonomy":"product_tag","embeddable":true,"href":"https:\/\/researchchemicalshop.eu\/hr\/wp-json\/wp\/v2\/product_tag?post=1042"}],"curies":[{"name":"wp","href":"https:\/\/api.w.org\/{rel}","templated":true}]}}