{"id":738,"date":"2026-02-09T11:54:59","date_gmt":"2026-02-09T11:54:59","guid":{"rendered":"https:\/\/researchchemicalshop.eu\/?post_type=product&#038;p=738"},"modified":"2026-03-05T17:11:51","modified_gmt":"2026-03-05T17:11:51","slug":"mandala-jaune","status":"publish","type":"product","link":"https:\/\/researchchemicalshop.eu\/fr\/produit\/mandala-jaune\/","title":{"rendered":"Mandala jaune"},"content":{"rendered":"<h3 data-start=\"5416\" data-end=\"5435\"><strong data-start=\"5420\" data-end=\"5435\">Introduction<\/strong><\/h3>\n<p data-start=\"5437\" data-end=\"5656\">Le <strong data-start=\"5440\" data-end=\"5458\">Mandala jaune<\/strong> est un symbole intemporel de <strong data-start=\"5487\" data-end=\"5528\">\u00e9nergie, \u00e9clairage et transformation<\/strong>.<br data-start=\"5529\" data-end=\"5532\" \/>Dans les anciennes traditions spirituelles, le mandala repr\u00e9sente <strong data-start=\"5589\" data-end=\"5623\">l'\u00e9quilibre, la pl\u00e9nitude et la connexion<\/strong> entre le corps, l'\u00e2me et l'esprit.<\/p>\n<p data-start=\"5658\" data-end=\"5982\">Le <strong data-start=\"5661\" data-end=\"5675\">couleur jaune<\/strong> de ce mandala brille <strong data-start=\"5701\" data-end=\"5742\">optimisme, vitalit\u00e9 et cr\u00e9ativit\u00e9<\/strong> out - parfait pour les salles de m\u00e9ditation, les studios de yoga ou les espaces de vie o\u00f9 une \u00e9nergie positive est souhait\u00e9e.<br data-start=\"5841\" data-end=\"5844\" \/>Chaque Mandala jaune est <strong data-start=\"5870\" data-end=\"5906\">fabriqu\u00e9s avec soin et pr\u00e9cision<\/strong>, Il s'agit d'un symbole puissant qui r\u00e9unit l'esth\u00e9tique et la spiritualit\u00e9.<\/p>\n<hr data-start=\"5984\" data-end=\"5987\" \/>\n<h3 data-start=\"5989\" data-end=\"6020\"><strong data-start=\"5993\" data-end=\"6020\">Caract\u00e9ristiques principales<\/strong><\/h3>\n<ul data-start=\"6022\" data-end=\"6489\">\n<li data-start=\"6022\" data-end=\"6104\">\n<p data-start=\"6024\" data-end=\"6104\"><strong data-start=\"6024\" data-end=\"6047\">Conception symbolique :<\/strong> Repr\u00e9sente l'harmonie, la croissance et l'\u00e9quilibre spirituel.<\/p>\n<\/li>\n<li data-start=\"6105\" data-end=\"6176\">\n<p data-start=\"6107\" data-end=\"6176\"><strong data-start=\"6107\" data-end=\"6129\">Teinte jaune vif :<\/strong> Symbole de la lumi\u00e8re, de l'\u00e9nergie et de la cr\u00e9ativit\u00e9.<\/p>\n<\/li>\n<li data-start=\"6177\" data-end=\"6251\">\n<p data-start=\"6179\" data-end=\"6251\"><strong data-start=\"6179\" data-end=\"6207\">Mat\u00e9riaux de haute qualit\u00e9 :<\/strong> Fabriqu\u00e9s dans des tissus durables et r\u00e9sistants aux couleurs.<\/p>\n<\/li>\n<li data-start=\"6252\" data-end=\"6334\">\n<p data-start=\"6254\" data-end=\"6334\"><strong data-start=\"6254\" data-end=\"6277\">Utilisation polyvalente :<\/strong> Convient \u00e0 la d\u00e9coration murale, \u00e0 la m\u00e9ditation ou \u00e0 la pleine conscience.<\/p>\n<\/li>\n<li data-start=\"6335\" data-end=\"6411\">\n<p data-start=\"6337\" data-end=\"6411\"><strong data-start=\"6337\" data-end=\"6365\">Fabrication artisanale :<\/strong> Con\u00e7ue avec le souci du d\u00e9tail et de la sym\u00e9trie.<\/p>\n<\/li>\n<li data-start=\"6412\" data-end=\"6489\">\n<p data-start=\"6414\" data-end=\"6489\"><strong data-start=\"6414\" data-end=\"6440\">Produit de mani\u00e8re durable :<\/strong> Mat\u00e9riaux \u00e9cologiques et non toxiques.<\/p>\n<\/li>\n<\/ul>\n<hr data-start=\"6491\" data-end=\"6494\" \/>\n<h3 data-start=\"6496\" data-end=\"6513\"><strong data-start=\"6500\" data-end=\"6513\">Avantages<\/strong><\/h3>\n<ol data-start=\"6515\" data-end=\"6923\">\n<li data-start=\"6515\" data-end=\"6623\">\n<p data-start=\"6518\" data-end=\"6623\"><strong data-start=\"6518\" data-end=\"6561\">Favorise la positivit\u00e9 et la concentration :<\/strong> La couleur jaune stimule <strong data-start=\"6587\" data-end=\"6620\">la cr\u00e9ativit\u00e9 et la clart\u00e9 d'esprit<\/strong>.<\/p>\n<\/li>\n<li data-start=\"6624\" data-end=\"6707\">\n<p data-start=\"6627\" data-end=\"6707\"><strong data-start=\"6627\" data-end=\"6657\">Cr\u00e9e une atmosph\u00e8re calme :<\/strong> Id\u00e9al pour <strong data-start=\"6670\" data-end=\"6704\">yoga, m\u00e9ditation et relaxation<\/strong>.<\/p>\n<\/li>\n<li data-start=\"6708\" data-end=\"6773\">\n<p data-start=\"6711\" data-end=\"6773\"><strong data-start=\"6711\" data-end=\"6736\">Symbole d'harmonie :<\/strong> Apporte un \u00e9quilibre au corps et \u00e0 l'esprit.<\/p>\n<\/li>\n<li data-start=\"6774\" data-end=\"6847\">\n<p data-start=\"6777\" data-end=\"6847\"><strong data-start=\"6777\" data-end=\"6800\">Beaut\u00e9 visuelle :<\/strong> Une addition artistique \u00e0 tout int\u00e9rieur.<\/p>\n<\/li>\n<li data-start=\"6848\" data-end=\"6923\">\n<p data-start=\"6851\" data-end=\"6923\"><strong data-start=\"6851\" data-end=\"6883\">Outil pour la pleine conscience :<\/strong> Aide \u00e0 <strong data-start=\"6894\" data-end=\"6920\">concentration et autor\u00e9flexion<\/strong>.<\/p>\n<\/li>\n<\/ol>\n<hr data-start=\"6925\" data-end=\"6928\" \/>\n<h3 data-start=\"6930\" data-end=\"6945\"><strong data-start=\"6934\" data-end=\"6945\">Utilisation<\/strong><\/h3>\n<ol data-start=\"6947\" data-end=\"7325\">\n<li data-start=\"6947\" data-end=\"7035\">\n<p data-start=\"6950\" data-end=\"7035\"><strong data-start=\"6950\" data-end=\"6969\">Pour la m\u00e9ditation :<\/strong> Utiliser le mandala comme <strong data-start=\"6993\" data-end=\"7032\">point focal pour la concentration et le calme<\/strong>.<\/p>\n<\/li>\n<li data-start=\"7036\" data-end=\"7137\">\n<p data-start=\"7039\" data-end=\"7137\"><strong data-start=\"7039\" data-end=\"7058\">Pour la d\u00e9coration :<\/strong> Accrochez-la au mur ou placez-la sur un autel pour qu'elle devienne une source d'inspiration. <strong data-start=\"7113\" data-end=\"7134\">\u00e9nergie positive<\/strong>.<\/p>\n<\/li>\n<li data-start=\"7138\" data-end=\"7233\">\n<p data-start=\"7141\" data-end=\"7233\"><strong data-start=\"7141\" data-end=\"7164\">Pour l'autor\u00e9flexion :<\/strong> Utilisez-le comme symbole pour <strong data-start=\"7194\" data-end=\"7230\">le d\u00e9veloppement personnel et la prise de conscience<\/strong>.<\/p>\n<\/li>\n<li data-start=\"7234\" data-end=\"7325\">\n<p data-start=\"7237\" data-end=\"7325\"><strong data-start=\"7237\" data-end=\"7251\">Pour le yoga :<\/strong> Placez le mandala dans votre studio pour cr\u00e9er une atmosph\u00e8re de paix et de s\u00e9r\u00e9nit\u00e9. <strong data-start=\"7290\" data-end=\"7311\">atmosph\u00e8re apaisante<\/strong> cr\u00e9er.<\/p>\n<\/li>\n<\/ol>\n<blockquote data-start=\"7327\" data-end=\"7415\">\n<p data-start=\"7329\" data-end=\"7415\">\ud83c\udf3c <strong data-start=\"7332\" data-end=\"7340\">Conseil :<\/strong> Le Mandala jaune se pr\u00e9sente mieux sous un \u00e9clairage naturel.<\/p>\n<\/blockquote>\n<hr data-start=\"7417\" data-end=\"7420\" \/>\n<h3 data-start=\"7422\" data-end=\"7457\"><strong data-start=\"7426\" data-end=\"7457\">Foire aux questions (FAQ)<\/strong><\/h3>\n<p data-start=\"7459\" data-end=\"7636\"><strong data-start=\"7459\" data-end=\"7501\">1. Que symbolise le mandala jaune ?<\/strong><br data-start=\"7501\" data-end=\"7504\" \/>Le mandala jaune repr\u00e9sente <strong data-start=\"7533\" data-end=\"7568\">l'\u00e9nergie, la joie et l'illumination<\/strong>, et symbolise la <strong data-start=\"7589\" data-end=\"7633\">le lien entre le corps, l'esprit et l'\u00e2me<\/strong>.<\/p>\n<p data-start=\"7638\" data-end=\"7796\"><strong data-start=\"7638\" data-end=\"7679\">2. O\u00f9 puis-je accrocher mon mandala ?<\/strong><br data-start=\"7679\" data-end=\"7682\" \/>Au <strong data-start=\"7685\" data-end=\"7744\">salons, studios de yoga, salles de m\u00e9ditation ou bureaux<\/strong> - partout o\u00f9 vous souhaitez cr\u00e9er la paix et l'inspiration.<\/p>\n<p data-start=\"7798\" data-end=\"7920\"><strong data-start=\"7798\" data-end=\"7835\">3. Comment entretenir mon mandala ?<\/strong><br data-start=\"7835\" data-end=\"7838\" \/>\u00c9viter la lumi\u00e8re directe du soleil et l'humidit\u00e9. Nettoyer d\u00e9licatement avec un chiffon doux et sec.<\/p>\n<h5 class=\"serp-title\"><span dir=\"auto\">Mandala jaune<\/span><\/h5>\n<hr data-start=\"7922\" data-end=\"7925\" \/>\n<h3 data-start=\"7927\" data-end=\"7959\"><strong data-start=\"7931\" data-end=\"7959\">Sp\u00e9cifications techniques<\/strong><\/h3>\n<div class=\"_tableContainer_1rjym_1\">\n<div class=\"group _tableWrapper_1rjym_13 flex w-fit flex-col-reverse\" tabindex=\"-1\">\n<table class=\"w-fit min-w-(--thread-content-width)\" data-start=\"7961\" data-end=\"8422\">\n<thead data-start=\"7961\" data-end=\"7995\">\n<tr data-start=\"7961\" data-end=\"7995\">\n<th data-start=\"7961\" data-end=\"7980\" data-col-size=\"sm\"><strong data-start=\"7963\" data-end=\"7979\">Sp\u00e9cifications<\/strong><\/th>\n<th data-start=\"7980\" data-end=\"7995\" data-col-size=\"md\"><strong data-start=\"7982\" data-end=\"7993\">D\u00e9tails<\/strong><\/th>\n<\/tr>\n<\/thead>\n<tbody data-start=\"8032\" data-end=\"8422\">\n<tr data-start=\"8032\" data-end=\"8068\">\n<td data-start=\"8032\" data-end=\"8050\" data-col-size=\"sm\"><strong data-start=\"8034\" data-end=\"8049\">Nom du produit<\/strong><\/td>\n<td data-start=\"8050\" data-end=\"8068\" data-col-size=\"md\">Mandala jaune<\/td>\n<\/tr>\n<tr data-start=\"8069\" data-end=\"8105\">\n<td data-start=\"8069\" data-end=\"8090\" data-col-size=\"sm\"><strong data-start=\"8071\" data-end=\"8089\">Couleur primaire<\/strong><\/td>\n<td data-start=\"8090\" data-end=\"8105\" data-col-size=\"md\">Jaune \/ Or<\/td>\n<\/tr>\n<tr data-start=\"8106\" data-end=\"8150\">\n<td data-start=\"8106\" data-end=\"8122\" data-col-size=\"sm\"><strong data-start=\"8108\" data-end=\"8121\">Symbolisme<\/strong><\/td>\n<td data-start=\"8122\" data-end=\"8150\" data-col-size=\"md\">\u00c9nergie, joie, \u00e9quilibre<\/td>\n<\/tr>\n<tr data-start=\"8151\" data-end=\"8193\">\n<td data-start=\"8151\" data-end=\"8167\" data-col-size=\"sm\"><strong data-start=\"8153\" data-end=\"8166\">Mat\u00e9riau<\/strong><\/td>\n<td data-start=\"8167\" data-end=\"8193\" data-col-size=\"md\">Toile \/ Tissu durable<\/td>\n<\/tr>\n<tr data-start=\"8194\" data-end=\"8236\">\n<td data-start=\"8194\" data-end=\"8210\" data-col-size=\"sm\"><strong data-start=\"8196\" data-end=\"8209\">Finition<\/strong><\/td>\n<td data-start=\"8210\" data-end=\"8236\" data-col-size=\"md\">Fait \u00e0 la main ou imprim\u00e9<\/td>\n<\/tr>\n<tr data-start=\"8237\" data-end=\"8288\">\n<td data-start=\"8237\" data-end=\"8248\" data-col-size=\"sm\"><strong data-start=\"8239\" data-end=\"8247\">Formulaire<\/strong><\/td>\n<td data-start=\"8248\" data-end=\"8288\" data-col-size=\"md\">Cercle avec motif g\u00e9om\u00e9trique<\/td>\n<\/tr>\n<tr data-start=\"8289\" data-end=\"8357\">\n<td data-start=\"8289\" data-end=\"8303\" data-col-size=\"sm\"><strong data-start=\"8291\" data-end=\"8302\">Utilisation<\/strong><\/td>\n<td data-start=\"8303\" data-end=\"8357\" data-col-size=\"md\">D\u00e9coration \/ M\u00e9ditation \/ Yoga \/ Pratique spirituelle<\/td>\n<\/tr>\n<tr data-start=\"8358\" data-end=\"8422\">\n<td data-start=\"8358\" data-end=\"8374\" data-col-size=\"sm\"><strong data-start=\"8360\" data-end=\"8373\">Maintenance<\/strong><\/td>\n<td data-col-size=\"md\" data-start=\"8374\" data-end=\"8422\">Essuyer avec un chiffon doux, ne pas exposer \u00e0 la lumi\u00e8re du soleil.<\/td>\n<\/tr>\n<\/tbody>\n<\/table>\n<\/div>\n<\/div>\n<hr data-start=\"8424\" data-end=\"8427\" \/>\n<h3 data-start=\"8429\" data-end=\"8446\"><strong data-start=\"8433\" data-end=\"8446\">Conclusion<\/strong><\/h3>\n<p data-start=\"8448\" data-end=\"8700\">Le <strong data-start=\"8451\" data-end=\"8469\">Mandala jaune<\/strong> est plus qu'une d\u00e9coration - c'est une <strong data-start=\"8505\" data-end=\"8561\">symbole spirituel de la lumi\u00e8re, de l'\u00e9quilibre et de la cr\u00e9ativit\u00e9<\/strong>.<br data-start=\"8562\" data-end=\"8565\" \/>Qu'il soit utilis\u00e9 pour <strong data-start=\"8595\" data-end=\"8636\">yoga, m\u00e9ditation ou d\u00e9coration d'int\u00e9rieur<\/strong>, Il apporte <strong data-start=\"8649\" data-end=\"8682\">l'\u00e9nergie positive et l'harmonie<\/strong> dans n'importe quelle pi\u00e8ce.<\/p>","protected":false},"excerpt":{"rendered":"<h2><strong><span dir=\"auto\" style=\"vertical-align: inherit;\"><span dir=\"auto\" style=\"vertical-align: inherit;\">Yellow Mandala &#8216;Benzo Fury&#8217;<\/span><\/span><\/strong><\/h2>\n<p><strong><span dir=\"auto\" style=\"vertical-align: inherit;\"><span dir=\"auto\" style=\"vertical-align: inherit;\">The Yellow Mandala mix with 6-APB contains enough for one person to conduct research. Always start your research with a quarter or half a tube and then find the best dosage for your needs!<\/span><\/span><\/strong><\/p>","protected":false},"featured_media":17094,"comment_status":"closed","ping_status":"closed","template":"","meta":[],"product_brand":[],"product_cat":[24,25,17,306,307,26,41],"product_tag":[22,409],"class_list":{"0":"post-738","1":"product","2":"type-product","3":"status-publish","4":"has-post-thumbnail","6":"product_cat-apb-6","7":"product_cat-benzofuran","8":"product_cat-bijna-verboden","9":"product_cat-liquid-rc","10":"product_cat-mandala-mixes","11":"product_cat-sale","12":"product_cat-tryptamine","13":"product_tag-nl","14":"product_tag-yellow-mandala","16":"first","17":"instock","18":"sale","19":"shipping-taxable","20":"purchasable","21":"product-type-variable"},"_links":{"self":[{"href":"https:\/\/researchchemicalshop.eu\/fr\/wp-json\/wp\/v2\/product\/738","targetHints":{"allow":["GET"]}}],"collection":[{"href":"https:\/\/researchchemicalshop.eu\/fr\/wp-json\/wp\/v2\/product"}],"about":[{"href":"https:\/\/researchchemicalshop.eu\/fr\/wp-json\/wp\/v2\/types\/product"}],"replies":[{"embeddable":true,"href":"https:\/\/researchchemicalshop.eu\/fr\/wp-json\/wp\/v2\/comments?post=738"}],"version-history":[{"count":1,"href":"https:\/\/researchchemicalshop.eu\/fr\/wp-json\/wp\/v2\/product\/738\/revisions"}],"predecessor-version":[{"id":16601,"href":"https:\/\/researchchemicalshop.eu\/fr\/wp-json\/wp\/v2\/product\/738\/revisions\/16601"}],"wp:featuredmedia":[{"embeddable":true,"href":"https:\/\/researchchemicalshop.eu\/fr\/wp-json\/wp\/v2\/media\/17094"}],"wp:attachment":[{"href":"https:\/\/researchchemicalshop.eu\/fr\/wp-json\/wp\/v2\/media?parent=738"}],"wp:term":[{"taxonomy":"product_brand","embeddable":true,"href":"https:\/\/researchchemicalshop.eu\/fr\/wp-json\/wp\/v2\/product_brand?post=738"},{"taxonomy":"product_cat","embeddable":true,"href":"https:\/\/researchchemicalshop.eu\/fr\/wp-json\/wp\/v2\/product_cat?post=738"},{"taxonomy":"product_tag","embeddable":true,"href":"https:\/\/researchchemicalshop.eu\/fr\/wp-json\/wp\/v2\/product_tag?post=738"}],"curies":[{"name":"wp","href":"https:\/\/api.w.org\/{rel}","templated":true}]}}