{"id":687,"date":"2026-02-09T11:54:48","date_gmt":"2026-02-09T11:54:48","guid":{"rendered":"https:\/\/researchchemicalshop.eu\/?post_type=product&#038;p=687"},"modified":"2026-02-13T13:01:53","modified_gmt":"2026-02-13T13:01:53","slug":"pyrazolam-2","status":"publish","type":"product","link":"https:\/\/researchchemicalshop.eu\/fr\/produit\/pyrazolam-2\/","title":{"rendered":"Pyrazolam 3 MG Pellets"},"content":{"rendered":"<p data-start=\"4849\" data-end=\"5106\"><strong data-start=\"4849\" data-end=\"4862\">Pyrazolam<\/strong> est un <strong data-start=\"4870\" data-end=\"4897\">benzodiazepine-derivaat<\/strong> dat wordt gebruikt voor <strong data-start=\"4922\" data-end=\"4978\">wetenschappelijk, analytisch en forensisch onderzoek<\/strong>. In pelletvorm dient het als een <strong data-start=\"5012\" data-end=\"5051\">nauwkeurig afgemeten referentiestof<\/strong> voor laboratoriumkalibratie en verbindingherkenning. pyrazolam<\/p>\n<p data-start=\"5108\" data-end=\"5428\">Le <strong data-start=\"5111\" data-end=\"5137\">Pyrazolam 3 mg Pellets<\/strong> zijn uitsluitend bedoeld voor <strong data-start=\"5168\" data-end=\"5209\">onderzoek en analytische toepassingen<\/strong>. Ze zijn <strong data-start=\"5219\" data-end=\"5276\">impropres \u00e0 la consommation humaine ou animale<\/strong>. Laboratoria gebruiken deze pellets om benzodiazepine-analogen te bestuderen, detectiemethoden te ontwikkelen en toxicologische analyses uit te voeren.<\/p>\n<hr data-start=\"5430\" data-end=\"5433\" \/>\n<h3 data-start=\"5435\" data-end=\"5466\"><strong data-start=\"5439\" data-end=\"5466\">Caract\u00e9ristiques principales<\/strong><\/h3>\n<ul data-start=\"5468\" data-end=\"5962\">\n<li data-start=\"5468\" data-end=\"5569\">\n<p data-start=\"5470\" data-end=\"5569\"><strong data-start=\"5470\" data-end=\"5495\">Nauwkeurige Dosering:<\/strong> Elke pellet bevat 3 mg Pyrazolam voor consistente onderzoeksresultaten.<\/p>\n<\/li>\n<li data-start=\"5570\" data-end=\"5663\">\n<p data-start=\"5572\" data-end=\"5663\"><strong data-start=\"5572\" data-end=\"5592\">Haute puret\u00e9 :<\/strong> Geproduceerd onder strikte kwaliteitscontrole voor betrouwbare data.<\/p>\n<\/li>\n<li data-start=\"5664\" data-end=\"5763\">\n<p data-start=\"5666\" data-end=\"5763\"><strong data-start=\"5666\" data-end=\"5690\">Referentiestandaard:<\/strong> Geschikt voor analytische, toxicologische en forensische toepassingen.<\/p>\n<\/li>\n<li data-start=\"5764\" data-end=\"5868\">\n<p data-start=\"5766\" data-end=\"5868\"><strong data-start=\"5766\" data-end=\"5790\">Stabiele Pelletvorm:<\/strong> Gemakkelijk te bewaren, transporteren en hanteren zonder kwaliteitsverlies.<\/p>\n<\/li>\n<li data-start=\"5869\" data-end=\"5962\">\n<p data-start=\"5871\" data-end=\"5962\"><strong data-start=\"5871\" data-end=\"5888\">Documentation :<\/strong> Geleverd met een <strong data-start=\"5906\" data-end=\"5934\">certificat d'analyse (COA)<\/strong> en zuiverheidsverklaring.<\/p>\n<\/li>\n<\/ul>\n<hr data-start=\"5964\" data-end=\"5967\" \/>\n<h3 data-start=\"5969\" data-end=\"5986\"><strong data-start=\"5973\" data-end=\"5986\">Avantages<\/strong><\/h3>\n<ul data-start=\"5988\" data-end=\"6467\">\n<li data-start=\"5988\" data-end=\"6105\">\n<p data-start=\"5990\" data-end=\"6105\"><strong data-start=\"5990\" data-end=\"6026\">Verhoogde Analytenauwkeurigheid:<\/strong> Ondersteunt kalibratie van chromatografische en spectrometrische apparatuur.<\/p>\n<\/li>\n<li data-start=\"6106\" data-end=\"6203\">\n<p data-start=\"6108\" data-end=\"6203\"><strong data-start=\"6108\" data-end=\"6134\">Forensisch Toepasbaar:<\/strong> Gebruikt bij detectie van benzodiazepinen in forensisch onderzoek.<\/p>\n<\/li>\n<li data-start=\"6204\" data-end=\"6292\">\n<p data-start=\"6206\" data-end=\"6292\"><strong data-start=\"6206\" data-end=\"6228\">Valeur \u00e9ducative :<\/strong> Geschikt voor opleidingsprogramma\u2019s in chemie en toxicologie.<\/p>\n<\/li>\n<li data-start=\"6293\" data-end=\"6376\">\n<p data-start=\"6295\" data-end=\"6376\"><strong data-start=\"6295\" data-end=\"6326\">Reproduceerbare Resultaten:<\/strong> Pelletvorm minimaliseert variatie tussen tests.<\/p>\n<\/li>\n<li data-start=\"6377\" data-end=\"6467\">\n<p data-start=\"6379\" data-end=\"6467\"><strong data-start=\"6379\" data-end=\"6410\">Veilig Laboratoriumgebruik:<\/strong> Geproduceerd volgens internationale veiligheidsnormen.<\/p>\n<\/li>\n<\/ul>\n<hr data-start=\"6469\" data-end=\"6472\" \/>\n<h3 data-start=\"6474\" data-end=\"6535\"><strong data-start=\"6478\" data-end=\"6535\">Mode d'emploi (\u00e0 des fins de recherche uniquement)<\/strong><\/h3>\n<ol data-start=\"6537\" data-end=\"6883\">\n<li data-start=\"6537\" data-end=\"6639\">\n<p data-start=\"6540\" data-end=\"6639\"><strong data-start=\"6540\" data-end=\"6558\">Pr\u00e9paration :<\/strong> Gebruik uitsluitend in erkende laboratoria met geschikte beschermingsmiddelen.<\/p>\n<\/li>\n<li data-start=\"6640\" data-end=\"6732\">\n<p data-start=\"6643\" data-end=\"6732\"><strong data-start=\"6643\" data-end=\"6658\">Application :<\/strong> Gebruik volgens gevalideerde analytische of chromatografische methoden.<\/p>\n<\/li>\n<li data-start=\"6733\" data-end=\"6796\">\n<p data-start=\"6736\" data-end=\"6796\"><strong data-start=\"6736\" data-end=\"6747\">Stockage :<\/strong> Conserver au frais, au sec et \u00e0 l'abri de la lumi\u00e8re, bien ferm\u00e9.<\/p>\n<\/li>\n<li data-start=\"6797\" data-end=\"6883\">\n<p data-start=\"6800\" data-end=\"6883\"><strong data-start=\"6800\" data-end=\"6811\">Drainage :<\/strong> Verwijder restanten volgens lokale voorschriften voor chemisch afval.<\/p>\n<\/li>\n<\/ol>\n<hr data-start=\"6885\" data-end=\"6888\" \/>\n<h3 data-start=\"6890\" data-end=\"6924\"><strong data-start=\"6894\" data-end=\"6924\">S\u00e9curit\u00e9 et conformit\u00e9<\/strong><\/h3>\n<ul data-start=\"6926\" data-end=\"7348\">\n<li data-start=\"6926\" data-end=\"7022\">\n<p data-start=\"6928\" data-end=\"7022\"><strong data-start=\"6928\" data-end=\"6966\">Alleen voor Laboratoriumonderzoek:<\/strong> Niet bedoeld voor menselijke of dierlijke consumptie.<\/p>\n<\/li>\n<li data-start=\"7023\" data-end=\"7150\">\n<p data-start=\"7025\" data-end=\"7150\"><strong data-start=\"7025\" data-end=\"7053\">Consid\u00e9rations juridiques :<\/strong> De wettelijke status van Pyrazolam varieert per land. Controleer altijd de lokale regelgeving.<\/p>\n<\/li>\n<li data-start=\"7151\" data-end=\"7257\">\n<p data-start=\"7153\" data-end=\"7257\"><strong data-start=\"7153\" data-end=\"7181\">Sant\u00e9 et s\u00e9curit\u00e9 :<\/strong> Vermijd inademing of huidcontact. Gebruik onder toezicht van deskundigen.<\/p>\n<\/li>\n<li data-start=\"7258\" data-end=\"7348\">\n<p data-start=\"7260\" data-end=\"7348\"><strong data-start=\"7260\" data-end=\"7277\">Documentation :<\/strong> A <strong data-start=\"7282\" data-end=\"7318\">fiche de donn\u00e9es de s\u00e9curit\u00e9 (FDS)<\/strong> is beschikbaar op aanvraag.<\/p>\n<\/li>\n<\/ul>\n<hr data-start=\"7350\" data-end=\"7353\" \/>\n<h3 data-start=\"7355\" data-end=\"7390\"><strong data-start=\"7359\" data-end=\"7390\">Foire aux questions (FAQ)<\/strong><\/h3>\n<p data-start=\"7392\" data-end=\"7554\"><strong data-start=\"7392\" data-end=\"7447\">1. Waarvoor worden Pyrazolam 3 mg Pellets gebruikt?<\/strong><br data-start=\"7447\" data-end=\"7450\" \/>Ils sont utilis\u00e9s comme <strong data-start=\"7473\" data-end=\"7496\">referentiestandaard<\/strong> voor analytisch, forensisch en toxicologisch onderzoek.<\/p>\n<p data-start=\"7556\" data-end=\"7735\"><strong data-start=\"7556\" data-end=\"7616\">2. Zijn deze pellets bedoeld voor menselijke consumptie?<\/strong><br data-start=\"7616\" data-end=\"7619\" \/>Nee. Deze pellets zijn <strong data-start=\"7642\" data-end=\"7684\">uitsluitend voor laboratoriumonderzoek<\/strong> et <strong data-start=\"7688\" data-end=\"7732\">niet goedgekeurd voor medicinaal gebruik<\/strong>.<\/p>\n<p data-start=\"7737\" data-end=\"7893\"><strong data-start=\"7737\" data-end=\"7796\">3. Hoe moeten Pyrazolam 3 mg Pellets worden opgeslagen?<\/strong><br data-start=\"7796\" data-end=\"7799\" \/>Bewaar koel, droog en donker in een goed afgesloten container, uit de buurt van onbevoegden.<\/p>","protected":false},"excerpt":{"rendered":"<h2><span style=\"vertical-align: inherit;\"><span style=\"vertical-align: inherit;\">Pyrazolam 3 MG pellets properties<\/span><\/span><\/h2>\n<p><strong><span style=\"vertical-align: inherit;\"><span style=\"vertical-align: inherit;\">Synonym<\/span><\/span><\/strong><span style=\"vertical-align: inherit;\"><span style=\"vertical-align: inherit;\"> : <\/span><\/span><i><span style=\"vertical-align: inherit;\"><span style=\"vertical-align: inherit;\">8-bromo-1-methyl-6-(pyridin-2-yl)-4H-[1,2,4]triazolo[4,3-a][1,4]benzodiazepine <\/span><\/span><\/i><br \/>\n<strong><span style=\"vertical-align: inherit;\"><span style=\"vertical-align: inherit;\">CAS Number<\/span><\/span><\/strong><span style=\"vertical-align: inherit;\"><span style=\"vertical-align: inherit;\"> : 39243-02-2 <\/span><\/span><br \/>\n<strong><span style=\"vertical-align: inherit;\"><span style=\"vertical-align: inherit;\">Formula<\/span><\/span><\/strong><span style=\"vertical-align: inherit;\"><span style=\"vertical-align: inherit;\"> : C16H12BrN5 <\/span><\/span><br \/>\n<strong><span style=\"vertical-align: inherit;\"><span style=\"vertical-align: inherit;\">Molar Mass<\/span><\/span><\/strong><span style=\"vertical-align: inherit;\"><span style=\"vertical-align: inherit;\"> : 354.20 <\/span><\/span><br \/>\n<strong><span style=\"vertical-align: inherit;\"><span style=\"vertical-align: inherit;\">Purity<\/span><\/span><\/strong><span style=\"vertical-align: inherit;\"><span style=\"vertical-align: inherit;\"> : \u2265 99%<\/span><\/span><\/p>\n","protected":false},"featured_media":0,"comment_status":"closed","ping_status":"closed","template":"","meta":[],"product_brand":[23],"product_cat":[74,71,354,355],"product_tag":[22,356,357,358],"class_list":{"0":"post-687","1":"product","2":"type-product","3":"status-publish","5":"product_brand-research-chemical","6":"product_cat-benzodiazepinen","7":"product_cat-pellets","8":"product_cat-pyrazolam","9":"product_cat-pyrazolam-pellets","10":"product_tag-nl","11":"product_tag-pyrazolam","12":"product_tag-pyrazolam-kopen","13":"product_tag-pyrazolam-werking","15":"first","16":"instock","17":"shipping-taxable","18":"purchasable","19":"product-type-variable"},"_links":{"self":[{"href":"https:\/\/researchchemicalshop.eu\/fr\/wp-json\/wp\/v2\/product\/687","targetHints":{"allow":["GET"]}}],"collection":[{"href":"https:\/\/researchchemicalshop.eu\/fr\/wp-json\/wp\/v2\/product"}],"about":[{"href":"https:\/\/researchchemicalshop.eu\/fr\/wp-json\/wp\/v2\/types\/product"}],"replies":[{"embeddable":true,"href":"https:\/\/researchchemicalshop.eu\/fr\/wp-json\/wp\/v2\/comments?post=687"}],"version-history":[{"count":1,"href":"https:\/\/researchchemicalshop.eu\/fr\/wp-json\/wp\/v2\/product\/687\/revisions"}],"predecessor-version":[{"id":16626,"href":"https:\/\/researchchemicalshop.eu\/fr\/wp-json\/wp\/v2\/product\/687\/revisions\/16626"}],"wp:attachment":[{"href":"https:\/\/researchchemicalshop.eu\/fr\/wp-json\/wp\/v2\/media?parent=687"}],"wp:term":[{"taxonomy":"product_brand","embeddable":true,"href":"https:\/\/researchchemicalshop.eu\/fr\/wp-json\/wp\/v2\/product_brand?post=687"},{"taxonomy":"product_cat","embeddable":true,"href":"https:\/\/researchchemicalshop.eu\/fr\/wp-json\/wp\/v2\/product_cat?post=687"},{"taxonomy":"product_tag","embeddable":true,"href":"https:\/\/researchchemicalshop.eu\/fr\/wp-json\/wp\/v2\/product_tag?post=687"}],"curies":[{"name":"wp","href":"https:\/\/api.w.org\/{rel}","templated":true}]}}