{"id":684,"date":"2026-02-09T11:54:48","date_gmt":"2026-02-09T11:54:48","guid":{"rendered":"https:\/\/researchchemicalshop.eu\/?post_type=product&#038;p=684"},"modified":"2026-03-05T19:47:36","modified_gmt":"2026-03-05T19:47:36","slug":"2c-e-4","status":"publish","type":"product","link":"https:\/\/researchchemicalshop.eu\/fr\/produit\/2c-e-4\/","title":{"rendered":"2C-E Pellets 10 MG"},"content":{"rendered":"<p data-start=\"4783\" data-end=\"4975\"><strong data-start=\"4783\" data-end=\"4828\">2C-E (2,5-dimethoxy-4-ethylfenethylamine)<\/strong> est un <strong data-start=\"4836\" data-end=\"4869\">gesubstitueerde fenethylamine<\/strong> uit de <strong data-start=\"4877\" data-end=\"4889\">2C-serie<\/strong>, een groep verbindingen die in forensische en analytische chemie worden bestudeerd. 2c e<\/p>\n<p data-start=\"4977\" data-end=\"5157\">Le <strong data-start=\"4980\" data-end=\"5002\">2C-E 10 mg Pellets<\/strong> dienen als <strong data-start=\"5014\" data-end=\"5032\">substance de r\u00e9f\u00e9rence<\/strong> voor analytische kalibratie en methodenontwikkeling in laboratoria die onderzoek doen naar gesubstitueerde fenethylaminen.<\/p>\n<p data-start=\"5159\" data-end=\"5291\">Ce produit est <strong data-start=\"5174\" data-end=\"5229\">destin\u00e9s exclusivement \u00e0 la recherche scientifique<\/strong> et <strong data-start=\"5233\" data-end=\"5290\">impropres \u00e0 la consommation humaine ou animale<\/strong>.<\/p>\n<hr data-start=\"5293\" data-end=\"5296\" \/>\n<h3 data-start=\"5298\" data-end=\"5329\"><strong data-start=\"5302\" data-end=\"5329\">Caract\u00e9ristiques principales<\/strong><\/h3>\n<ul data-start=\"5331\" data-end=\"5813\">\n<li data-start=\"5331\" data-end=\"5430\">\n<p data-start=\"5333\" data-end=\"5430\"><strong data-start=\"5333\" data-end=\"5353\">Haute puret\u00e9 :<\/strong> Geproduceerd onder strikte kwaliteitscontrole voor betrouwbare resultaten.<\/p>\n<\/li>\n<li data-start=\"5431\" data-end=\"5522\">\n<p data-start=\"5433\" data-end=\"5522\"><strong data-start=\"5433\" data-end=\"5465\">Gestandaardiseerde Dosering:<\/strong> Elke pellet bevat 10 mg 2C-E voor nauwkeurige analyse.<\/p>\n<\/li>\n<li data-start=\"5523\" data-end=\"5632\">\n<p data-start=\"5525\" data-end=\"5632\"><strong data-start=\"5525\" data-end=\"5564\">Mat\u00e9riau de r\u00e9f\u00e9rence certifi\u00e9 :<\/strong> Fourni avec <strong data-start=\"5578\" data-end=\"5606\">certificat d'analyse (COA)<\/strong> et les donn\u00e9es de puret\u00e9.<\/p>\n<\/li>\n<li data-start=\"5633\" data-end=\"5719\">\n<p data-start=\"5635\" data-end=\"5719\"><strong data-start=\"5635\" data-end=\"5666\">D\u00e9ploiement analytique \u00e0 grande \u00e9chelle :<\/strong> Convient pour <strong data-start=\"5681\" data-end=\"5690\">GC-MS<\/strong>, <strong data-start=\"5692\" data-end=\"5704\">LC-MS\/MS<\/strong> et <strong data-start=\"5708\" data-end=\"5716\">HPLC<\/strong>.<\/p>\n<\/li>\n<li data-start=\"5720\" data-end=\"5813\">\n<p data-start=\"5722\" data-end=\"5813\"><strong data-start=\"5722\" data-end=\"5747\">Stabiele Formulering:<\/strong> Behoudt chemische stabiliteit onder aanbevolen opslagcondities. 2c e<\/p>\n<\/li>\n<\/ul>\n<hr data-start=\"5815\" data-end=\"5818\" \/>\n<h3 data-start=\"5820\" data-end=\"5837\"><strong data-start=\"5824\" data-end=\"5837\">Avantages<\/strong><\/h3>\n<ul data-start=\"5839\" data-end=\"6311\">\n<li data-start=\"5839\" data-end=\"5946\">\n<p data-start=\"5841\" data-end=\"5946\"><strong data-start=\"5841\" data-end=\"5878\">Ondersteunt Analytisch Onderzoek:<\/strong> Helpt bij de ontwikkeling van detectie- en identificatiemethoden.<\/p>\n<\/li>\n<li data-start=\"5947\" data-end=\"6051\">\n<p data-start=\"5949\" data-end=\"6051\"><strong data-start=\"5949\" data-end=\"5976\">Forensische Toepassing:<\/strong> Wordt gebruikt voor de classificatie van gesubstitueerde fenethylaminen.<\/p>\n<\/li>\n<li data-start=\"6052\" data-end=\"6120\">\n<p data-start=\"6054\" data-end=\"6120\"><strong data-start=\"6054\" data-end=\"6081\">\u00c9talonnage fiable :<\/strong> Zorgt voor constante meetresultaten.<\/p>\n<\/li>\n<li data-start=\"6121\" data-end=\"6211\">\n<p data-start=\"6123\" data-end=\"6211\"><strong data-start=\"6123\" data-end=\"6145\">Valeur \u00e9ducative :<\/strong> Geschikt voor academische opleidingen in chemie en toxicologie.<\/p>\n<\/li>\n<li data-start=\"6212\" data-end=\"6311\">\n<p data-start=\"6214\" data-end=\"6311\"><strong data-start=\"6214\" data-end=\"6249\">Conforme aux normes de laboratoire :<\/strong> Produit conform\u00e9ment aux directives internationales en mati\u00e8re de s\u00e9curit\u00e9.<\/p>\n<\/li>\n<\/ul>\n<hr data-start=\"6313\" data-end=\"6316\" \/>\n<h3 data-start=\"6318\" data-end=\"6379\"><strong data-start=\"6322\" data-end=\"6379\">Mode d'emploi (\u00e0 des fins de recherche uniquement)<\/strong><\/h3>\n<ol data-start=\"6381\" data-end=\"6729\">\n<li data-start=\"6381\" data-end=\"6471\">\n<p data-start=\"6384\" data-end=\"6471\"><strong data-start=\"6384\" data-end=\"6402\">Pr\u00e9paration :<\/strong> Gebruik in erkende laboratoria met geschikte beschermingsmiddelen.<\/p>\n<\/li>\n<li data-start=\"6472\" data-end=\"6592\">\n<p data-start=\"6475\" data-end=\"6592\"><strong data-start=\"6475\" data-end=\"6490\">Application :<\/strong> Gebruik voor analytische, chromatografische of spectrale analyses volgens gevalideerde protocollen.<\/p>\n<\/li>\n<li data-start=\"6593\" data-end=\"6656\">\n<p data-start=\"6596\" data-end=\"6656\"><strong data-start=\"6596\" data-end=\"6607\">Stockage :<\/strong> Conserver au frais, au sec et \u00e0 l'abri de la lumi\u00e8re, bien ferm\u00e9.<\/p>\n<\/li>\n<li data-start=\"6657\" data-end=\"6729\">\n<p data-start=\"6660\" data-end=\"6729\"><strong data-start=\"6660\" data-end=\"6671\">Drainage :<\/strong> Volg de lokale voorschriften voor chemisch afvalbeheer.<\/p>\n<\/li>\n<\/ol>\n<hr data-start=\"6731\" data-end=\"6734\" \/>\n<h3 data-start=\"6736\" data-end=\"6770\"><strong data-start=\"6740\" data-end=\"6770\">S\u00e9curit\u00e9 et conformit\u00e9<\/strong><\/h3>\n<ul data-start=\"6772\" data-end=\"7197\">\n<li data-start=\"6772\" data-end=\"6866\">\n<p data-start=\"6774\" data-end=\"6866\"><strong data-start=\"6774\" data-end=\"6810\">A utiliser uniquement en laboratoire :<\/strong> Niet bedoeld voor menselijke of dierlijke consumptie.<\/p>\n<\/li>\n<li data-start=\"6867\" data-end=\"6966\">\n<p data-start=\"6869\" data-end=\"6966\"><strong data-start=\"6869\" data-end=\"6891\">Wettelijke Status:<\/strong> 2C-E valt in veel landen onder de Opiumwet of vergelijkbare regelgeving.<\/p>\n<\/li>\n<li data-start=\"6967\" data-end=\"7072\">\n<p data-start=\"6969\" data-end=\"7072\"><strong data-start=\"6969\" data-end=\"6997\">Sant\u00e9 et s\u00e9curit\u00e9 :<\/strong> Vermijd inademing en huidcontact; werk in een goed geventileerde ruimte.<\/p>\n<\/li>\n<li data-start=\"7073\" data-end=\"7197\">\n<p data-start=\"7075\" data-end=\"7197\"><strong data-start=\"7075\" data-end=\"7092\">Documentation :<\/strong> A <strong data-start=\"7097\" data-end=\"7133\">fiche de donn\u00e9es de s\u00e9curit\u00e9 (FDS)<\/strong> et <strong data-start=\"7137\" data-end=\"7165\">certificat d'analyse (COA)<\/strong> sont disponibles sur demande.<\/p>\n<\/li>\n<\/ul>\n<hr data-start=\"7199\" data-end=\"7202\" \/>\n<h3 data-start=\"7204\" data-end=\"7239\"><strong data-start=\"7208\" data-end=\"7239\">Foire aux questions (FAQ)<\/strong><\/h3>\n<p data-start=\"7241\" data-end=\"7398\"><strong data-start=\"7241\" data-end=\"7277\">1. Waarvoor wordt 2C-E gebruikt?<\/strong><br data-start=\"7277\" data-end=\"7280\" \/>2C-E wordt gebruikt als <strong data-start=\"7304\" data-end=\"7327\">referentiestandaard<\/strong> voor analytisch en forensisch onderzoek naar fenethylamine-analogen.<\/p>\n<p data-start=\"7400\" data-end=\"7560\"><strong data-start=\"7400\" data-end=\"7451\">2. Is 2C-E geschikt voor menselijke consumptie?<\/strong><br data-start=\"7451\" data-end=\"7454\" \/>Non. Ce produit est <strong data-start=\"7474\" data-end=\"7512\">\u00e0 des fins de recherche uniquement<\/strong> et <strong data-start=\"7516\" data-end=\"7557\">non approuv\u00e9 pour un usage m\u00e9dical<\/strong>.<\/p>\n<p data-start=\"7562\" data-end=\"7689\"><strong data-start=\"7562\" data-end=\"7601\">3. Hoe moet 2C-E worden opgeslagen?<\/strong><br data-start=\"7601\" data-end=\"7604\" \/>Bewaar koel, droog en donker, goed afgesloten en buiten het bereik van onbevoegden.<\/p>","protected":false},"excerpt":{"rendered":"<h2><span style=\"vertical-align: inherit;\"><span style=\"vertical-align: inherit;\"><span dir=\"auto\" style=\"vertical-align: inherit;\"><span dir=\"auto\" style=\"vertical-align: inherit;\">2C-E properties<\/span><\/span><\/span><\/span><\/h2>\n<p><strong><span style=\"vertical-align: inherit;\"><span style=\"vertical-align: inherit;\"><span dir=\"auto\" style=\"vertical-align: inherit;\"><span dir=\"auto\" style=\"vertical-align: inherit;\">Synonyms<\/span><\/span><\/span><\/span><\/strong><span style=\"vertical-align: inherit;\"><span style=\"vertical-align: inherit;\"><span dir=\"auto\" style=\"vertical-align: inherit;\"><span dir=\"auto\" style=\"vertical-align: inherit;\"> : 2,5-dimethoxy-4-ethylphenethylamine, monohydrochloride <\/span><\/span><\/span><\/span><br \/>\n<strong><span style=\"vertical-align: inherit;\"><span style=\"vertical-align: inherit;\"><span dir=\"auto\" style=\"vertical-align: inherit;\"><span dir=\"auto\" style=\"vertical-align: inherit;\">CAS Number<\/span><\/span><\/span><\/span><\/strong><span style=\"vertical-align: inherit;\"><span style=\"vertical-align: inherit;\"><span dir=\"auto\" style=\"vertical-align: inherit;\"><span dir=\"auto\" style=\"vertical-align: inherit;\"> : 923013-67-6 <\/span><\/span><\/span><\/span><br \/>\n<strong><span style=\"vertical-align: inherit;\"><span style=\"vertical-align: inherit;\"><span dir=\"auto\" style=\"vertical-align: inherit;\"><span dir=\"auto\" style=\"vertical-align: inherit;\">Formula<\/span><\/span><\/span><\/span><\/strong><span style=\"vertical-align: inherit;\"><span style=\"vertical-align: inherit;\"><span dir=\"auto\" style=\"vertical-align: inherit;\"><span dir=\"auto\" style=\"vertical-align: inherit;\"> : C12H19NO2 \u2022 HCL <\/span><\/span><\/span><\/span><br \/>\n<strong><span style=\"vertical-align: inherit;\"><span style=\"vertical-align: inherit;\"><span dir=\"auto\" style=\"vertical-align: inherit;\"><span dir=\"auto\" style=\"vertical-align: inherit;\">Molar mass<\/span><\/span><\/span><\/span><\/strong><span style=\"vertical-align: inherit;\"><span style=\"vertical-align: inherit;\"><span dir=\"auto\" style=\"vertical-align: inherit;\"><span dir=\"auto\" style=\"vertical-align: inherit;\"> : 245.7 g\/mol <\/span><\/span><\/span><\/span><br \/>\n<strong><span style=\"vertical-align: inherit;\"><span style=\"vertical-align: inherit;\"><span dir=\"auto\" style=\"vertical-align: inherit;\"><span dir=\"auto\" style=\"vertical-align: inherit;\">Purity<\/span><\/span><\/span><\/span><\/strong><span style=\"vertical-align: inherit;\"><span style=\"vertical-align: inherit;\"><span dir=\"auto\" style=\"vertical-align: inherit;\"><span dir=\"auto\" style=\"vertical-align: inherit;\"> : \u226599%<\/span><\/span><\/span><\/span><\/p>","protected":false},"featured_media":16830,"comment_status":"closed","ping_status":"closed","template":"","meta":[],"product_brand":[],"product_cat":[16,345,17,18,71],"product_tag":[19,20,22],"class_list":{"0":"post-684","1":"product","2":"type-product","3":"status-publish","4":"has-post-thumbnail","6":"product_cat-2c-e","7":"product_cat-2c-e-pellets","8":"product_cat-bijna-verboden","9":"product_cat-fenethylamine","10":"product_cat-pellets","11":"product_tag-2c-e","12":"product_tag-2c-e-kopen","13":"product_tag-nl","15":"first","16":"instock","17":"shipping-taxable","18":"purchasable","19":"product-type-variable"},"_links":{"self":[{"href":"https:\/\/researchchemicalshop.eu\/fr\/wp-json\/wp\/v2\/product\/684","targetHints":{"allow":["GET"]}}],"collection":[{"href":"https:\/\/researchchemicalshop.eu\/fr\/wp-json\/wp\/v2\/product"}],"about":[{"href":"https:\/\/researchchemicalshop.eu\/fr\/wp-json\/wp\/v2\/types\/product"}],"replies":[{"embeddable":true,"href":"https:\/\/researchchemicalshop.eu\/fr\/wp-json\/wp\/v2\/comments?post=684"}],"version-history":[{"count":2,"href":"https:\/\/researchchemicalshop.eu\/fr\/wp-json\/wp\/v2\/product\/684\/revisions"}],"predecessor-version":[{"id":17099,"href":"https:\/\/researchchemicalshop.eu\/fr\/wp-json\/wp\/v2\/product\/684\/revisions\/17099"}],"wp:featuredmedia":[{"embeddable":true,"href":"https:\/\/researchchemicalshop.eu\/fr\/wp-json\/wp\/v2\/media\/16830"}],"wp:attachment":[{"href":"https:\/\/researchchemicalshop.eu\/fr\/wp-json\/wp\/v2\/media?parent=684"}],"wp:term":[{"taxonomy":"product_brand","embeddable":true,"href":"https:\/\/researchchemicalshop.eu\/fr\/wp-json\/wp\/v2\/product_brand?post=684"},{"taxonomy":"product_cat","embeddable":true,"href":"https:\/\/researchchemicalshop.eu\/fr\/wp-json\/wp\/v2\/product_cat?post=684"},{"taxonomy":"product_tag","embeddable":true,"href":"https:\/\/researchchemicalshop.eu\/fr\/wp-json\/wp\/v2\/product_tag?post=684"}],"curies":[{"name":"wp","href":"https:\/\/api.w.org\/{rel}","templated":true}]}}