{"id":673,"date":"2026-02-09T11:54:47","date_gmt":"2026-02-09T11:54:47","guid":{"rendered":"https:\/\/researchchemicalshop.eu\/?post_type=product&#038;p=673"},"modified":"2026-03-05T19:38:00","modified_gmt":"2026-03-05T19:38:00","slug":"5-meo-mipt-freebase","status":"publish","type":"product","link":"https:\/\/researchchemicalshop.eu\/fr\/produit\/5-meo-mipt-freebase\/","title":{"rendered":"5-MeO-MiPT base libre"},"content":{"rendered":"<p data-start=\"4864\" data-end=\"5134\"><strong data-start=\"4864\" data-end=\"4921\">5-MeO-MiPT (5-Methoxy-N-methyl-N-isopropyltryptamine)<\/strong> est un <strong data-start=\"4929\" data-end=\"4954\">tryptamine-verbinding<\/strong> die wordt gebruikt binnen de <strong data-start=\"4984\" data-end=\"5021\">analytische en forensische chemie<\/strong> voor het bestuderen van structuur, spectrale eigenschappen en detectiemethoden van vergelijkbare verbindingen.<\/p>\n<p data-start=\"5136\" data-end=\"5366\">Le <strong data-start=\"5139\" data-end=\"5156\">freebase-vorm<\/strong> van 5-MeO-MiPT is bijzonder nuttig voor <strong data-start=\"5197\" data-end=\"5243\">kalibratie, validatie en detectieonderzoek<\/strong>.<br data-start=\"5244\" data-end=\"5247\" \/>Het is <strong data-start=\"5254\" data-end=\"5304\">uitsluitend bedoeld voor laboratoriumonderzoek<\/strong> et <strong data-start=\"5308\" data-end=\"5365\">impropres \u00e0 la consommation humaine ou animale<\/strong>.<\/p>\n<hr data-start=\"5368\" data-end=\"5371\" \/>\n<h3 data-start=\"5373\" data-end=\"5404\"><strong data-start=\"5377\" data-end=\"5404\">Caract\u00e9ristiques principales<\/strong><\/h3>\n<ul data-start=\"5406\" data-end=\"5856\">\n<li data-start=\"5406\" data-end=\"5492\">\n<p data-start=\"5408\" data-end=\"5492\"><strong data-start=\"5408\" data-end=\"5428\">Haute puret\u00e9 :<\/strong> Geproduceerd onder gecontroleerde laboratoriumomstandigheden.<\/p>\n<\/li>\n<li data-start=\"5493\" data-end=\"5575\">\n<p data-start=\"5495\" data-end=\"5575\"><strong data-start=\"5495\" data-end=\"5513\">Freebase Vorm:<\/strong> Geschikt voor chemische analyse en spectrale identificatie.<\/p>\n<\/li>\n<li data-start=\"5576\" data-end=\"5685\">\n<p data-start=\"5578\" data-end=\"5685\"><strong data-start=\"5578\" data-end=\"5617\">Mat\u00e9riau de r\u00e9f\u00e9rence certifi\u00e9 :<\/strong> Fourni avec <strong data-start=\"5631\" data-end=\"5659\">certificat d'analyse (COA)<\/strong> et les donn\u00e9es de puret\u00e9.<\/p>\n<\/li>\n<li data-start=\"5686\" data-end=\"5783\">\n<p data-start=\"5688\" data-end=\"5783\"><strong data-start=\"5688\" data-end=\"5719\">D\u00e9ploiement analytique \u00e0 grande \u00e9chelle :<\/strong> Compatible avec <strong data-start=\"5735\" data-end=\"5744\">GC-MS<\/strong>, <strong data-start=\"5746\" data-end=\"5758\">LC-MS\/MS<\/strong>, <strong data-start=\"5760\" data-end=\"5768\">HPLC<\/strong> et <strong data-start=\"5772\" data-end=\"5780\">FTIR<\/strong>.<\/p>\n<\/li>\n<li data-start=\"5784\" data-end=\"5856\">\n<p data-start=\"5786\" data-end=\"5856\"><strong data-start=\"5786\" data-end=\"5813\">Composition stable :<\/strong> Behoudt stabiliteit bij correcte opslag.<\/p>\n<\/li>\n<\/ul>\n<hr data-start=\"5858\" data-end=\"5861\" \/>\n<h3 data-start=\"5863\" data-end=\"5880\"><strong data-start=\"5867\" data-end=\"5880\">Avantages<\/strong><\/h3>\n<ul data-start=\"5882\" data-end=\"6342\">\n<li data-start=\"5882\" data-end=\"5975\">\n<p data-start=\"5884\" data-end=\"5975\"><strong data-start=\"5884\" data-end=\"5921\">soutient la recherche m\u00e9dico-l\u00e9gale :<\/strong> Helpt bij de identificatie van tryptamine-analogen.<\/p>\n<\/li>\n<li data-start=\"5976\" data-end=\"6071\">\n<p data-start=\"5978\" data-end=\"6071\"><strong data-start=\"5978\" data-end=\"6005\">\u00c9talonnage fiable :<\/strong> Levert consistente gegevens voor validatie van analysemethoden.<\/p>\n<\/li>\n<li data-start=\"6072\" data-end=\"6159\">\n<p data-start=\"6074\" data-end=\"6159\"><strong data-start=\"6074\" data-end=\"6096\">Valeur \u00e9ducative :<\/strong> Convient aux cours universitaires de chimie analytique.<\/p>\n<\/li>\n<li data-start=\"6160\" data-end=\"6265\">\n<p data-start=\"6162\" data-end=\"6265\"><strong data-start=\"6162\" data-end=\"6193\">Wetenschappelijke Precisie:<\/strong> Geschikt voor methodologische ontwikkeling en vergelijkend onderzoek.<\/p>\n<\/li>\n<li data-start=\"6266\" data-end=\"6342\">\n<p data-start=\"6268\" data-end=\"6342\"><strong data-start=\"6268\" data-end=\"6303\">Conforme aux normes de laboratoire :<\/strong> Geleverd met volledige documentatie.<\/p>\n<\/li>\n<\/ul>\n<hr data-start=\"6344\" data-end=\"6347\" \/>\n<h3 data-start=\"6349\" data-end=\"6410\"><strong data-start=\"6353\" data-end=\"6410\">Mode d'emploi (\u00e0 des fins de recherche uniquement)<\/strong><\/h3>\n<ol data-start=\"6412\" data-end=\"6758\">\n<li data-start=\"6412\" data-end=\"6511\">\n<p data-start=\"6415\" data-end=\"6511\"><strong data-start=\"6415\" data-end=\"6429\">Manipulation :<\/strong> Gebruik uitsluitend in erkende laboratoria met geschikte veiligheidsuitrusting.<\/p>\n<\/li>\n<li data-start=\"6512\" data-end=\"6605\">\n<p data-start=\"6515\" data-end=\"6605\"><strong data-start=\"6515\" data-end=\"6533\">Pr\u00e9paration :<\/strong> Gebruik volgens gevalideerde protocollen voor analytische toepassing.<\/p>\n<\/li>\n<li data-start=\"6606\" data-end=\"6669\">\n<p data-start=\"6609\" data-end=\"6669\"><strong data-start=\"6609\" data-end=\"6620\">Stockage :<\/strong> Conserver au frais, au sec et \u00e0 l'abri de la lumi\u00e8re, bien ferm\u00e9.<\/p>\n<\/li>\n<li data-start=\"6670\" data-end=\"6758\">\n<p data-start=\"6673\" data-end=\"6758\"><strong data-start=\"6673\" data-end=\"6684\">Drainage :<\/strong> Verwerk restanten volgens lokale richtlijnen voor chemisch afvalbeheer.<\/p>\n<\/li>\n<\/ol>\n<hr data-start=\"6760\" data-end=\"6763\" \/>\n<h3 data-start=\"6765\" data-end=\"6799\"><strong data-start=\"6769\" data-end=\"6799\">S\u00e9curit\u00e9 et conformit\u00e9<\/strong><\/h3>\n<ul data-start=\"6801\" data-end=\"7241\">\n<li data-start=\"6801\" data-end=\"6896\">\n<p data-start=\"6803\" data-end=\"6896\"><strong data-start=\"6803\" data-end=\"6839\">A utiliser uniquement en laboratoire :<\/strong> Ne convient pas \u00e0 la consommation humaine ou animale.<\/p>\n<\/li>\n<li data-start=\"6897\" data-end=\"7011\">\n<p data-start=\"6899\" data-end=\"7011\"><strong data-start=\"6899\" data-end=\"6927\">Consid\u00e9rations juridiques :<\/strong> Controleer de lokale wetgeving omtrent 5-MeO-MiPT voordat u het product gebruikt.<\/p>\n<\/li>\n<li data-start=\"7012\" data-end=\"7116\">\n<p data-start=\"7014\" data-end=\"7116\"><strong data-start=\"7014\" data-end=\"7042\">Sant\u00e9 et s\u00e9curit\u00e9 :<\/strong> Vermijd huidcontact en inademing; draag geschikte beschermingsmiddelen.<\/p>\n<\/li>\n<li data-start=\"7117\" data-end=\"7241\">\n<p data-start=\"7119\" data-end=\"7241\"><strong data-start=\"7119\" data-end=\"7136\">Documentation :<\/strong> A <strong data-start=\"7141\" data-end=\"7177\">fiche de donn\u00e9es de s\u00e9curit\u00e9 (FDS)<\/strong> et <strong data-start=\"7181\" data-end=\"7209\">certificat d'analyse (COA)<\/strong> sont disponibles sur demande.<\/p>\n<\/li>\n<\/ul>\n<hr data-start=\"7243\" data-end=\"7246\" \/>\n<h3 data-start=\"7248\" data-end=\"7283\"><strong data-start=\"7252\" data-end=\"7283\">Foire aux questions (FAQ)<\/strong><\/h3>\n<p data-start=\"7285\" data-end=\"7454\"><strong data-start=\"7285\" data-end=\"7336\">1. Waarvoor wordt 5-MeO-MiPT Freebase gebruikt?<\/strong><br data-start=\"7336\" data-end=\"7339\" \/>Het wordt gebruikt als <strong data-start=\"7362\" data-end=\"7385\">referentiemateriaal<\/strong> in forensisch en analytisch onderzoek naar tryptamineverbindingen.<\/p>\n<p data-start=\"7456\" data-end=\"7648\"><strong data-start=\"7456\" data-end=\"7522\">2. Is 5-MeO-MiPT Freebase geschikt voor menselijke consumptie?<\/strong><br data-start=\"7522\" data-end=\"7525\" \/>Non. Ce produit est <strong data-start=\"7545\" data-end=\"7600\">destin\u00e9s exclusivement \u00e0 la recherche scientifique<\/strong> et <strong data-start=\"7604\" data-end=\"7645\">non approuv\u00e9 pour un usage m\u00e9dical<\/strong>.<\/p>\n<p data-start=\"7650\" data-end=\"7788\"><strong data-start=\"7650\" data-end=\"7704\">3. Hoe moet 5-MeO-MiPT Freebase worden opgeslagen?<\/strong><br data-start=\"7704\" data-end=\"7707\" \/>Conserver au frais, au sec et \u00e0 l'abri de la lumi\u00e8re, bien ferm\u00e9 et hors de port\u00e9e des personnes non autoris\u00e9es.<\/p>\n<p><a href=\"https:\/\/researchchemicalshop.eu\/fr\/boutique\/lysergamides\/1v-lsd-150-mcg-blotters\/\"><span dir=\"auto\" style=\"vertical-align: inherit;\"><span dir=\"auto\" style=\"vertical-align: inherit;\">1V-LSD 150 MCG Blotters <\/span><\/span><\/a><a href=\"https:\/\/researchchemicalshop.eu\/fr\/boutique\/fenethylamine\/2c-ef-2mg-capsules\/\"><span dir=\"auto\" style=\"vertical-align: inherit;\"><span dir=\"auto\" style=\"vertical-align: inherit;\">2C-EF 2mg Capsules <\/span><\/span><\/a><a href=\"https:\/\/researchchemicalshop.eu\/fr\/boutique\/presque-interdit\/6-cl-adba\/\"><span dir=\"auto\" style=\"vertical-align: inherit;\"><span dir=\"auto\" style=\"vertical-align: inherit;\">6-CL-ADBA <\/span><\/span><\/a><a href=\"https:\/\/researchchemicalshop.eu\/fr\/boutique\/cathinones\/2-cmc-kopen\/\"><span dir=\"auto\" style=\"vertical-align: inherit;\"><span dir=\"auto\" style=\"vertical-align: inherit;\">2-CMC 250mg granul\u00e9s <\/span><\/span><\/a><a href=\"https:\/\/researchchemicalshop.eu\/fr\/boutique\/overig\/meai\/\"><span dir=\"auto\" style=\"vertical-align: inherit;\"><span dir=\"auto\" style=\"vertical-align: inherit;\">MEAI<\/span><\/span><\/a><\/p>","protected":false},"excerpt":{"rendered":"<h3><span dir=\"auto\" style=\"vertical-align: inherit;\"><span dir=\"auto\" style=\"vertical-align: inherit;\">5-MeO-MiPT freebase properties<\/span><\/span><\/h3>\n<p><strong><span dir=\"auto\" style=\"vertical-align: inherit;\"><span dir=\"auto\" style=\"vertical-align: inherit;\">Synonym:<\/span><\/span><\/strong><span dir=\"auto\" style=\"vertical-align: inherit;\"><span dir=\"auto\" style=\"vertical-align: inherit;\"> 5-methoxy-N-isopropyl-N-methyltryptamine freebase <\/span><\/span><br \/>\n<strong><span dir=\"auto\" style=\"vertical-align: inherit;\"><span dir=\"auto\" style=\"vertical-align: inherit;\">CAS Number:<\/span><\/span><\/strong><span dir=\"auto\" style=\"vertical-align: inherit;\"><span dir=\"auto\" style=\"vertical-align: inherit;\"> 96096-55-8 <\/span><\/span><br \/>\n<strong><span dir=\"auto\" style=\"vertical-align: inherit;\"><span dir=\"auto\" style=\"vertical-align: inherit;\">Formula:<\/span><\/span><\/strong><span dir=\"auto\" style=\"vertical-align: inherit;\"><span dir=\"auto\" style=\"vertical-align: inherit;\"> 3-[2-(isopropylmethylamino)ethyl]-5-methoxyindole freebase <\/span><\/span><br \/>\n<strong><span dir=\"auto\" style=\"vertical-align: inherit;\"><span dir=\"auto\" style=\"vertical-align: inherit;\">Molecular mass:<\/span><\/span><\/strong><span dir=\"auto\" style=\"vertical-align: inherit;\"><span dir=\"auto\" style=\"vertical-align: inherit;\"> 282.8 g\/mol <\/span><\/span><br \/>\n<strong><span dir=\"auto\" style=\"vertical-align: inherit;\"><span dir=\"auto\" style=\"vertical-align: inherit;\">Purity:<\/span><\/span><\/strong><span dir=\"auto\" style=\"vertical-align: inherit;\"><span dir=\"auto\" style=\"vertical-align: inherit;\"> &gt;97%<\/span><\/span><\/p>\n","protected":false},"featured_media":16923,"comment_status":"closed","ping_status":"closed","template":"","meta":[],"product_brand":[23],"product_cat":[173,41],"product_tag":[316,317,318,22],"class_list":{"0":"post-673","1":"product","2":"type-product","3":"status-publish","4":"has-post-thumbnail","6":"product_brand-research-chemical","7":"product_cat-5-meo-mipt","8":"product_cat-tryptamine","9":"product_tag-5-meo-mipt","10":"product_tag-5-meo-mipt-freebase","11":"product_tag-5meomipt","12":"product_tag-nl","14":"first","15":"instock","16":"shipping-taxable","17":"purchasable","18":"product-type-variable"},"_links":{"self":[{"href":"https:\/\/researchchemicalshop.eu\/fr\/wp-json\/wp\/v2\/product\/673","targetHints":{"allow":["GET"]}}],"collection":[{"href":"https:\/\/researchchemicalshop.eu\/fr\/wp-json\/wp\/v2\/product"}],"about":[{"href":"https:\/\/researchchemicalshop.eu\/fr\/wp-json\/wp\/v2\/types\/product"}],"replies":[{"embeddable":true,"href":"https:\/\/researchchemicalshop.eu\/fr\/wp-json\/wp\/v2\/comments?post=673"}],"version-history":[{"count":1,"href":"https:\/\/researchchemicalshop.eu\/fr\/wp-json\/wp\/v2\/product\/673\/revisions"}],"predecessor-version":[{"id":16677,"href":"https:\/\/researchchemicalshop.eu\/fr\/wp-json\/wp\/v2\/product\/673\/revisions\/16677"}],"wp:featuredmedia":[{"embeddable":true,"href":"https:\/\/researchchemicalshop.eu\/fr\/wp-json\/wp\/v2\/media\/16923"}],"wp:attachment":[{"href":"https:\/\/researchchemicalshop.eu\/fr\/wp-json\/wp\/v2\/media?parent=673"}],"wp:term":[{"taxonomy":"product_brand","embeddable":true,"href":"https:\/\/researchchemicalshop.eu\/fr\/wp-json\/wp\/v2\/product_brand?post=673"},{"taxonomy":"product_cat","embeddable":true,"href":"https:\/\/researchchemicalshop.eu\/fr\/wp-json\/wp\/v2\/product_cat?post=673"},{"taxonomy":"product_tag","embeddable":true,"href":"https:\/\/researchchemicalshop.eu\/fr\/wp-json\/wp\/v2\/product_tag?post=673"}],"curies":[{"name":"wp","href":"https:\/\/api.w.org\/{rel}","templated":true}]}}