{"id":385,"date":"2026-02-09T11:52:43","date_gmt":"2026-02-09T11:52:43","guid":{"rendered":"https:\/\/researchchemicalshop.eu\/?post_type=product&#038;p=385"},"modified":"2026-03-06T01:52:05","modified_gmt":"2026-03-06T01:52:05","slug":"mpt-fumarate-n-methyl-n-propyltryptamine","status":"publish","type":"product","link":"https:\/\/researchchemicalshop.eu\/fr\/produit\/mpt-fumarate-n-methyl-n-propyltryptamine\/","title":{"rendered":"MPT fumarate (N-m\u00e9thyl-N-propyltryptamine)"},"content":{"rendered":"<h3><strong><span dir=\"auto\" style=\"vertical-align: inherit;\"><span dir=\"auto\" style=\"vertical-align: inherit;\">MPT Fumarate (N-methyl-N-propyltryptamine) \u2013 Product Description, Use &amp; Safety Information<\/span><\/span><\/strong><\/h3>\n<p data-start=\"3731\" data-end=\"3913\"><strong data-start=\"3731\" data-end=\"3777\">MPT Fumaraat (N-Methyl-N-Propyltryptamine)<\/strong> est un <strong data-start=\"3785\" data-end=\"3827\">compos\u00e9 de recherche de haute puret\u00e9<\/strong>, d\u00e9velopp\u00e9 pour <strong data-start=\"3845\" data-end=\"3910\">neurowetenschappelijk, farmacologisch en analytisch onderzoek<\/strong>. mpt fumarate<\/p>\n<p data-start=\"3915\" data-end=\"4145\">MPT behoort tot de <strong data-start=\"3934\" data-end=\"3955\">tryptaminefamilie<\/strong>, nauw verwant aan verbindingen zoals <strong data-start=\"3993\" data-end=\"4000\">DMT<\/strong> et <strong data-start=\"4004\" data-end=\"4012\">MiPT<\/strong>, en wordt gebruikt voor <strong data-start=\"4037\" data-end=\"4096\">onderzoek naar serotonine-receptoren (5-HT2A en 5-HT1A)<\/strong> et <strong data-start=\"4100\" data-end=\"4142\">les relations structure-activit\u00e9 (SAR)<\/strong>.<\/p>\n<p data-start=\"4147\" data-end=\"4326\">Le <strong data-start=\"4150\" data-end=\"4170\">fumaraatzoutvorm<\/strong> zorgt voor <strong data-start=\"4182\" data-end=\"4245\">betere chemische stabiliteit, oplosbaarheid en houdbaarheid<\/strong>, wat essentieel is voor langdurige opslag en nauwkeurig laboratoriumonderzoek.<\/p>\n<blockquote data-start=\"4328\" data-end=\"4479\">\n<p data-start=\"4330\" data-end=\"4479\">\u26a0\ufe0f <strong data-start=\"4333\" data-end=\"4344\">Remarque :<\/strong> Ce produit est <strong data-start=\"4360\" data-end=\"4415\">destin\u00e9s exclusivement \u00e0 la recherche scientifique<\/strong> et <strong data-start=\"4419\" data-end=\"4476\">impropres \u00e0 la consommation humaine ou animale<\/strong>.<\/p>\n<\/blockquote>\n<hr data-start=\"4481\" data-end=\"4484\" \/>\n<h3 data-start=\"4486\" data-end=\"4517\"><strong data-start=\"4490\" data-end=\"4517\">Caract\u00e9ristiques principales<\/strong><\/h3>\n<ul data-start=\"4518\" data-end=\"4933\">\n<li data-start=\"4518\" data-end=\"4613\">\n<p data-start=\"4520\" data-end=\"4613\"><strong data-start=\"4520\" data-end=\"4546\">Haute puret\u00e9 (\u226599%)<\/strong> \u2013 Laboratoriumgetest voor identiteit en chemische samenstelling.<\/p>\n<\/li>\n<li data-start=\"4614\" data-end=\"4693\">\n<p data-start=\"4616\" data-end=\"4693\"><strong data-start=\"4616\" data-end=\"4645\">Stabiele Fumaraatzoutvorm<\/strong> \u2013 Verhoogt houdbaarheid en opslagstabiliteit.<\/p>\n<\/li>\n<li data-start=\"4694\" data-end=\"4781\">\n<p data-start=\"4696\" data-end=\"4781\"><strong data-start=\"4696\" data-end=\"4735\">Farmacologische Onderzoeksstandaard<\/strong> \u2013 Geschikt voor receptor- en SAR-onderzoek. mpt fumarate<\/p>\n<\/li>\n<li data-start=\"4782\" data-end=\"4852\">\n<p data-start=\"4784\" data-end=\"4852\"><strong data-start=\"4784\" data-end=\"4809\">Consistente Kwaliteit<\/strong> - Produit selon des normes similaires \u00e0 celles des BPF.<\/p>\n<\/li>\n<li data-start=\"4853\" data-end=\"4933\">\n<p data-start=\"4855\" data-end=\"4933\"><strong data-start=\"4855\" data-end=\"4877\">Emballage s\u00fbr<\/strong> \u2013 Luchtdicht en lichtdicht voor maximale bescherming.<\/p>\n<\/li>\n<\/ul>\n<hr data-start=\"4935\" data-end=\"4938\" \/>\n<h3 data-start=\"4940\" data-end=\"4957\"><strong data-start=\"4944\" data-end=\"4957\">Avantages<\/strong><\/h3>\n<ul data-start=\"4958\" data-end=\"5228\">\n<li data-start=\"4958\" data-end=\"5038\">\n<p data-start=\"4960\" data-end=\"5038\">Ondersteunt <strong data-start=\"4972\" data-end=\"5035\">onderzoek naar serotonine-receptoren en tryptamine-analogen<\/strong>.<\/p>\n<\/li>\n<li data-start=\"5039\" data-end=\"5099\">\n<p data-start=\"5041\" data-end=\"5099\"><strong data-start=\"5041\" data-end=\"5096\">Betrouwbare en reproduceerbare onderzoeksresultaten<\/strong>.<\/p>\n<\/li>\n<li data-start=\"5100\" data-end=\"5154\">\n<p data-start=\"5102\" data-end=\"5154\"><strong data-start=\"5102\" data-end=\"5128\">Am\u00e9lioration de la stabilit\u00e9<\/strong> voor langdurige opslag.<\/p>\n<\/li>\n<li data-start=\"5155\" data-end=\"5228\">\n<p data-start=\"5157\" data-end=\"5228\">Convient pour <strong data-start=\"5171\" data-end=\"5225\">academisch, farmacologisch en analytisch onderzoek<\/strong>.<\/p>\n<\/li>\n<\/ul>\n<hr data-start=\"5230\" data-end=\"5233\" \/>\n<h3 data-start=\"5235\" data-end=\"5250\"><strong data-start=\"5239\" data-end=\"5250\">Utilisation<\/strong><\/h3>\n<ul data-start=\"5251\" data-end=\"5522\">\n<li data-start=\"5251\" data-end=\"5321\">\n<p data-start=\"5253\" data-end=\"5321\">A utiliser uniquement par <strong data-start=\"5278\" data-end=\"5318\">personnel de laboratoire qualifi\u00e9<\/strong>.<\/p>\n<\/li>\n<li data-start=\"5322\" data-end=\"5398\">\n<p data-start=\"5324\" data-end=\"5398\">Utiliser des <strong data-start=\"5342\" data-end=\"5366\">\u00e9quipement de protection<\/strong> (gants, lunettes, blouse).<\/p>\n<\/li>\n<li data-start=\"5399\" data-end=\"5463\">\n<p data-start=\"5401\" data-end=\"5463\">Stocker sur un <strong data-start=\"5416\" data-end=\"5450\">endroit frais, sec et sombre<\/strong> (15-25\u00b0C).<\/p>\n<\/li>\n<li data-start=\"5464\" data-end=\"5522\">\n<p data-start=\"5466\" data-end=\"5522\">Ne convient pas \u00e0 la consommation humaine ou animale.<\/p>\n<\/li>\n<\/ul>\n<hr data-start=\"5524\" data-end=\"5527\" \/>\n<h3 data-start=\"5529\" data-end=\"5564\"><strong data-start=\"5533\" data-end=\"5564\">Foire aux questions (FAQ)<\/strong><\/h3>\n<p data-start=\"5566\" data-end=\"5742\"><strong data-start=\"5566\" data-end=\"5610\">1. Waarvoor wordt MPT Fumaraat gebruikt?<\/strong><br data-start=\"5610\" data-end=\"5613\" \/>MPT Fumaraat wordt gebruikt in <strong data-start=\"5644\" data-end=\"5689\">la recherche pharmacologique et neurochimique<\/strong> naar tryptamine-analogen en serotonine-receptoren.<\/p>\n<p data-start=\"5744\" data-end=\"5919\"><strong data-start=\"5744\" data-end=\"5797\">2. Is MPT Fumaraat veilig voor menselijk gebruik?<\/strong><br data-start=\"5797\" data-end=\"5800\" \/>Non. Ce produit est <strong data-start=\"5820\" data-end=\"5869\">\u00e0 des fins de recherche uniquement<\/strong> et non approuv\u00e9s pour la consommation humaine.<\/p>\n<p data-start=\"5921\" data-end=\"6079\"><strong data-start=\"5921\" data-end=\"5965\">3. Hoe moet MPT Fumaraat worden bewaard?<\/strong><br data-start=\"5965\" data-end=\"5968\" \/>Conserver dans un <strong data-start=\"5983\" data-end=\"6013\">emballage herm\u00e9tiquement ferm\u00e9<\/strong> \u00e0 temp\u00e9rature ambiante (15-25\u00b0C), \u00e0 l'abri de la lumi\u00e8re et de l'humidit\u00e9.<\/p>","protected":false},"excerpt":{"rendered":"<h3><span style=\"vertical-align: inherit;\"><span style=\"vertical-align: inherit;\"><span dir=\"auto\" style=\"vertical-align: inherit;\"><span dir=\"auto\" style=\"vertical-align: inherit;\">MPT fumarate properties<\/span><\/span><\/span><\/span><\/h3>\n<p><strong><span style=\"vertical-align: inherit;\"><span style=\"vertical-align: inherit;\"><span dir=\"auto\" style=\"vertical-align: inherit;\"><span dir=\"auto\" style=\"vertical-align: inherit;\">Synonym:<\/span><\/span><\/span><\/span><\/strong><span style=\"vertical-align: inherit;\"><span style=\"vertical-align: inherit;\"><span dir=\"auto\" style=\"vertical-align: inherit;\"><span dir=\"auto\" style=\"vertical-align: inherit;\"> N-methyl-N-propyltryptamine fumarate <\/span><\/span><\/span><\/span><br \/>\n<strong><span style=\"vertical-align: inherit;\"><span style=\"vertical-align: inherit;\"><span dir=\"auto\" style=\"vertical-align: inherit;\"><span dir=\"auto\" style=\"vertical-align: inherit;\">CAS Number:<\/span><\/span><\/span><\/span><\/strong><span style=\"vertical-align: inherit;\"><span style=\"vertical-align: inherit;\"><span dir=\"auto\" style=\"vertical-align: inherit;\"><span dir=\"auto\" style=\"vertical-align: inherit;\"> n\/a <\/span><\/span><\/span><\/span><br \/>\n<strong><span style=\"vertical-align: inherit;\"><span style=\"vertical-align: inherit;\"><span dir=\"auto\" style=\"vertical-align: inherit;\"><span dir=\"auto\" style=\"vertical-align: inherit;\">Formula:<\/span><\/span><\/span><\/span><\/strong><span style=\"vertical-align: inherit;\"><span style=\"vertical-align: inherit;\"><span dir=\"auto\" style=\"vertical-align: inherit;\"><span dir=\"auto\" style=\"vertical-align: inherit;\"> 3-[2-(propyl(methyl)amino)ethyl]-1H-indole fumarate <\/span><\/span><\/span><\/span><br \/>\n<strong><span style=\"vertical-align: inherit;\"><span style=\"vertical-align: inherit;\"><span dir=\"auto\" style=\"vertical-align: inherit;\"><span dir=\"auto\" style=\"vertical-align: inherit;\">Molar Mass:<\/span><\/span><\/span><\/span><\/strong><span style=\"vertical-align: inherit;\"><span style=\"vertical-align: inherit;\"><span dir=\"auto\" style=\"vertical-align: inherit;\"><span dir=\"auto\" style=\"vertical-align: inherit;\"> 332.4 g\/mol <\/span><\/span><\/span><\/span><br \/>\n<strong><span style=\"vertical-align: inherit;\"><span style=\"vertical-align: inherit;\"><span dir=\"auto\" style=\"vertical-align: inherit;\"><span dir=\"auto\" style=\"vertical-align: inherit;\">Purity:<\/span><\/span><\/span><\/span><\/strong><span style=\"vertical-align: inherit;\"><span style=\"vertical-align: inherit;\"><span dir=\"auto\" style=\"vertical-align: inherit;\"><span dir=\"auto\" style=\"vertical-align: inherit;\"> &gt;97%<\/span><\/span><\/span><\/span><\/p>\n","protected":false},"featured_media":17031,"comment_status":"closed","ping_status":"closed","template":"","meta":[],"product_brand":[],"product_cat":[244,26,41],"product_tag":[245,246,22],"class_list":{"0":"post-385","1":"product","2":"type-product","3":"status-publish","4":"has-post-thumbnail","6":"product_cat-mpt","7":"product_cat-sale","8":"product_cat-tryptamine","9":"product_tag-mpt-fumarate","10":"product_tag-mpt-fumarate-kopen","11":"product_tag-nl","13":"first","14":"instock","15":"sale","16":"shipping-taxable","17":"purchasable","18":"product-type-variable"},"_links":{"self":[{"href":"https:\/\/researchchemicalshop.eu\/fr\/wp-json\/wp\/v2\/product\/385","targetHints":{"allow":["GET"]}}],"collection":[{"href":"https:\/\/researchchemicalshop.eu\/fr\/wp-json\/wp\/v2\/product"}],"about":[{"href":"https:\/\/researchchemicalshop.eu\/fr\/wp-json\/wp\/v2\/types\/product"}],"replies":[{"embeddable":true,"href":"https:\/\/researchchemicalshop.eu\/fr\/wp-json\/wp\/v2\/comments?post=385"}],"version-history":[{"count":1,"href":"https:\/\/researchchemicalshop.eu\/fr\/wp-json\/wp\/v2\/product\/385\/revisions"}],"predecessor-version":[{"id":16695,"href":"https:\/\/researchchemicalshop.eu\/fr\/wp-json\/wp\/v2\/product\/385\/revisions\/16695"}],"wp:featuredmedia":[{"embeddable":true,"href":"https:\/\/researchchemicalshop.eu\/fr\/wp-json\/wp\/v2\/media\/17031"}],"wp:attachment":[{"href":"https:\/\/researchchemicalshop.eu\/fr\/wp-json\/wp\/v2\/media?parent=385"}],"wp:term":[{"taxonomy":"product_brand","embeddable":true,"href":"https:\/\/researchchemicalshop.eu\/fr\/wp-json\/wp\/v2\/product_brand?post=385"},{"taxonomy":"product_cat","embeddable":true,"href":"https:\/\/researchchemicalshop.eu\/fr\/wp-json\/wp\/v2\/product_cat?post=385"},{"taxonomy":"product_tag","embeddable":true,"href":"https:\/\/researchchemicalshop.eu\/fr\/wp-json\/wp\/v2\/product_tag?post=385"}],"curies":[{"name":"wp","href":"https:\/\/api.w.org\/{rel}","templated":true}]}}