{"id":377,"date":"2026-02-09T11:52:42","date_gmt":"2026-02-09T11:52:42","guid":{"rendered":"https:\/\/researchchemicalshop.eu\/?post_type=product&#038;p=377"},"modified":"2026-03-06T03:50:42","modified_gmt":"2026-03-06T03:50:42","slug":"5-meo-dmt-freebase","status":"publish","type":"product","link":"https:\/\/researchchemicalshop.eu\/fr\/produit\/5-meo-dmt-freebase\/","title":{"rendered":"5-MeO-DMT freebase"},"content":{"rendered":"<h3><strong><span dir=\"auto\" style=\"vertical-align: inherit;\"><span dir=\"auto\" style=\"vertical-align: inherit;\">5-MeO-DMT Freebase \u2013 Scientific Product Documentation<\/span><\/span><\/strong><\/h3>\n<p data-start=\"4033\" data-end=\"4225\"><strong data-start=\"4033\" data-end=\"4090\">5-MeO-DMT Freebase (5-Methoxy-N,N-Dimethyltryptamine)<\/strong> est un <strong data-start=\"4098\" data-end=\"4140\">compos\u00e9 de recherche de haute puret\u00e9<\/strong>, ontworpen voor <strong data-start=\"4157\" data-end=\"4222\">neurowetenschappelijk, farmacologisch en analytisch onderzoek<\/strong>. <span class=\"___SBox_epc1q-ko_ ___SText_zko9t-ko_\" data-ui-name=\"Link.Text\">5 meo dmt freebase<\/span><\/p>\n<p data-start=\"4227\" data-end=\"4608\">Het is een <strong data-start=\"4238\" data-end=\"4279\">natuurlijk voorkomend indoolalkalo\u00efde<\/strong>, verwant aan <strong data-start=\"4293\" data-end=\"4300\">DMT<\/strong>, en behoort tot de <strong data-start=\"4320\" data-end=\"4340\">tryptamineklasse<\/strong>. Door de <strong data-start=\"4350\" data-end=\"4389\">methoxy-substitutie op de 5-positie<\/strong> van de indoolring vertoont 5-MeO-DMT unieke <strong data-start=\"4434\" data-end=\"4500\">bindingskenmerken met serotonine-receptoren (5-HT1A en 5-HT2A)<\/strong>, wat het een waardevol onderzoeksinstrument maakt voor <strong data-start=\"4556\" data-end=\"4597\">la relation structure-activit\u00e9 (SAR)<\/strong>-studies.<\/p>\n<p data-start=\"4610\" data-end=\"4776\">Le <strong data-start=\"4613\" data-end=\"4629\">freebasevorm<\/strong> biedt optimale <strong data-start=\"4645\" data-end=\"4686\">chemische zuiverheid en oplosbaarheid<\/strong>, ideaal voor gecontroleerde laboratoriumexperimenten en analytisch referentieonderzoek.<\/p>\n<blockquote data-start=\"4778\" data-end=\"4929\">\n<p data-start=\"4780\" data-end=\"4929\">\u26a0\ufe0f <strong data-start=\"4783\" data-end=\"4794\">Remarque :<\/strong> Ce produit est <strong data-start=\"4810\" data-end=\"4865\">destin\u00e9s exclusivement \u00e0 la recherche scientifique<\/strong> et <strong data-start=\"4869\" data-end=\"4926\">impropres \u00e0 la consommation humaine ou animale<\/strong>.<\/p>\n<\/blockquote>\n<hr data-start=\"4931\" data-end=\"4934\" \/>\n<h3 data-start=\"4936\" data-end=\"4967\"><strong data-start=\"4940\" data-end=\"4967\">Caract\u00e9ristiques principales<\/strong><\/h3>\n<ul data-start=\"4968\" data-end=\"5398\">\n<li data-start=\"4968\" data-end=\"5066\">\n<p data-start=\"4970\" data-end=\"5066\"><strong data-start=\"4970\" data-end=\"4996\">Haute puret\u00e9 (\u226599%)<\/strong> - L'identit\u00e9, la stabilit\u00e9 et la composition ont \u00e9t\u00e9 test\u00e9es en laboratoire. <span class=\"___SBox_epc1q-ko_ ___SText_zko9t-ko_\" data-ui-name=\"Link.Text\">5 meo dmt freebase<\/span><\/p>\n<\/li>\n<li data-start=\"5067\" data-end=\"5154\">\n<p data-start=\"5069\" data-end=\"5154\"><strong data-start=\"5069\" data-end=\"5108\">Farmacologische Onderzoeksstandaard<\/strong> - Convient pour les \u00e9tudes sur les r\u00e9cepteurs et les SAR.<\/p>\n<\/li>\n<li data-start=\"5155\" data-end=\"5234\">\n<p data-start=\"5157\" data-end=\"5234\"><strong data-start=\"5157\" data-end=\"5173\">Freebasevorm<\/strong> \u2013 Biedt maximale veelzijdigheid voor analytisch onderzoek.<\/p>\n<\/li>\n<li data-start=\"5235\" data-end=\"5317\">\n<p data-start=\"5237\" data-end=\"5317\"><strong data-start=\"5237\" data-end=\"5262\">Production de type BPF<\/strong> \u2013 Gegarandeerde consistentie en reproduceerbaarheid.<\/p>\n<\/li>\n<li data-start=\"5318\" data-end=\"5398\">\n<p data-start=\"5320\" data-end=\"5398\"><strong data-start=\"5320\" data-end=\"5342\">Emballage s\u00fbr<\/strong> - Etanche \u00e0 l'air et \u00e0 la lumi\u00e8re pour une protection optimale.<\/p>\n<\/li>\n<\/ul>\n<hr data-start=\"5400\" data-end=\"5403\" \/>\n<h3 data-start=\"5405\" data-end=\"5422\"><strong data-start=\"5409\" data-end=\"5422\">Avantages<\/strong><\/h3>\n<ul data-start=\"5423\" data-end=\"5669\">\n<li data-start=\"5423\" data-end=\"5503\">\n<p data-start=\"5425\" data-end=\"5503\">Ondersteunt <strong data-start=\"5437\" data-end=\"5500\">onderzoek naar serotonine-receptoren en tryptamine-analogen<\/strong>.<\/p>\n<\/li>\n<li data-start=\"5504\" data-end=\"5566\">\n<p data-start=\"5506\" data-end=\"5566\">Convient pour <strong data-start=\"5520\" data-end=\"5563\">farmacologisch en biochemisch onderzoek<\/strong>.<\/p>\n<\/li>\n<li data-start=\"5567\" data-end=\"5615\">\n<p data-start=\"5569\" data-end=\"5615\"><strong data-start=\"5569\" data-end=\"5612\">Uitstekende oplosbaarheid en zuiverheid<\/strong>.<\/p>\n<\/li>\n<li data-start=\"5616\" data-end=\"5669\">\n<p data-start=\"5618\" data-end=\"5669\">Id\u00e9al pour <strong data-start=\"5630\" data-end=\"5666\">academisch en analytisch gebruik<\/strong>.<\/p>\n<\/li>\n<\/ul>\n<hr data-start=\"5671\" data-end=\"5674\" \/>\n<h3 data-start=\"5676\" data-end=\"5691\"><strong data-start=\"5680\" data-end=\"5691\">Utilisation<\/strong><\/h3>\n<ul data-start=\"5692\" data-end=\"5963\">\n<li data-start=\"5692\" data-end=\"5762\">\n<p data-start=\"5694\" data-end=\"5762\">A utiliser uniquement par <strong data-start=\"5719\" data-end=\"5759\">personnel de laboratoire qualifi\u00e9<\/strong>.<\/p>\n<\/li>\n<li data-start=\"5763\" data-end=\"5839\">\n<p data-start=\"5765\" data-end=\"5839\">Utiliser des <strong data-start=\"5783\" data-end=\"5807\">\u00e9quipement de protection<\/strong> (gants, lunettes, blouse).<\/p>\n<\/li>\n<li data-start=\"5840\" data-end=\"5904\">\n<p data-start=\"5842\" data-end=\"5904\">Stocker sur un <strong data-start=\"5857\" data-end=\"5891\">endroit frais, sec et sombre<\/strong> (15-25\u00b0C).<\/p>\n<\/li>\n<li data-start=\"5905\" data-end=\"5963\">\n<p data-start=\"5907\" data-end=\"5963\">Ne convient pas \u00e0 la consommation humaine ou animale.<\/p>\n<\/li>\n<\/ul>\n<hr data-start=\"5965\" data-end=\"5968\" \/>\n<h3 data-start=\"5970\" data-end=\"6005\"><strong data-start=\"5974\" data-end=\"6005\">Foire aux questions (FAQ)<\/strong><\/h3>\n<p data-start=\"6007\" data-end=\"6187\"><strong data-start=\"6007\" data-end=\"6057\">1. Waarvoor wordt 5-MeO-DMT Freebase gebruikt?<\/strong><br data-start=\"6057\" data-end=\"6060\" \/>5-MeO-DMT wordt gebruikt in <strong data-start=\"6088\" data-end=\"6133\">la recherche pharmacologique et neurochimique<\/strong> naar serotonine-receptoren en structurele analogen.<\/p>\n<p data-start=\"6189\" data-end=\"6370\"><strong data-start=\"6189\" data-end=\"6248\">2. Is 5-MeO-DMT Freebase veilig voor menselijk gebruik?<\/strong><br data-start=\"6248\" data-end=\"6251\" \/>Non. Ce produit est <strong data-start=\"6271\" data-end=\"6320\">\u00e0 des fins de recherche uniquement<\/strong> et non approuv\u00e9s pour la consommation humaine.<\/p>\n<p data-start=\"6372\" data-end=\"6544\"><strong data-start=\"6372\" data-end=\"6422\">3. Hoe moet 5-MeO-DMT Freebase worden bewaard?<\/strong><br data-start=\"6422\" data-end=\"6425\" \/>Conserver dans un <strong data-start=\"6440\" data-end=\"6470\">emballage herm\u00e9tiquement ferm\u00e9<\/strong> bij kamertemperatuur (15\u201325\u00b0C), beschermd tegen vocht, warmte en licht.<\/p>","protected":false},"excerpt":{"rendered":"<h3><span style=\"vertical-align: inherit;\"><span style=\"vertical-align: inherit;\"><span dir=\"auto\" style=\"vertical-align: inherit;\"><span dir=\"auto\" style=\"vertical-align: inherit;\">5-MeO-DMT freebase properties<\/span><\/span><\/span><\/span><\/h3>\n<p><strong><span style=\"vertical-align: inherit;\"><span style=\"vertical-align: inherit;\"><span dir=\"auto\" style=\"vertical-align: inherit;\"><span dir=\"auto\" style=\"vertical-align: inherit;\">Synonym:<\/span><\/span><\/span><\/span><\/strong><span style=\"vertical-align: inherit;\"><span style=\"vertical-align: inherit;\"><span dir=\"auto\" style=\"vertical-align: inherit;\"><span dir=\"auto\" style=\"vertical-align: inherit;\"> 5-methoxy-N,N-dimethyltryptamine <\/span><\/span><\/span><\/span><br \/>\n<strong><span style=\"vertical-align: inherit;\"><span style=\"vertical-align: inherit;\"><span dir=\"auto\" style=\"vertical-align: inherit;\"><span dir=\"auto\" style=\"vertical-align: inherit;\">CAS Number:<\/span><\/span><\/span><\/span><\/strong><span style=\"vertical-align: inherit;\"><span style=\"vertical-align: inherit;\"><span dir=\"auto\" style=\"vertical-align: inherit;\"><span dir=\"auto\" style=\"vertical-align: inherit;\"> 1019-45-0 <\/span><\/span><\/span><\/span><br \/>\n<strong><span style=\"vertical-align: inherit;\"><span style=\"vertical-align: inherit;\"><span dir=\"auto\" style=\"vertical-align: inherit;\"><span dir=\"auto\" style=\"vertical-align: inherit;\">Formula:<\/span><\/span><\/span><\/span><\/strong><span style=\"vertical-align: inherit;\"><span style=\"vertical-align: inherit;\"><span dir=\"auto\" style=\"vertical-align: inherit;\"><span dir=\"auto\" style=\"vertical-align: inherit;\"> 3-[2-(dimethylamino)ethyl]-5-methoxyindole <\/span><\/span><\/span><\/span><br \/>\n<strong><span style=\"vertical-align: inherit;\"><span style=\"vertical-align: inherit;\"><span dir=\"auto\" style=\"vertical-align: inherit;\"><span dir=\"auto\" style=\"vertical-align: inherit;\">Molar Mass:<\/span><\/span><\/span><\/span><\/strong><span style=\"vertical-align: inherit;\"><span style=\"vertical-align: inherit;\"><span dir=\"auto\" style=\"vertical-align: inherit;\"><span dir=\"auto\" style=\"vertical-align: inherit;\"> 218.3 g\/mol <\/span><\/span><\/span><\/span><br \/>\n<strong><span style=\"vertical-align: inherit;\"><span style=\"vertical-align: inherit;\"><span dir=\"auto\" style=\"vertical-align: inherit;\"><span dir=\"auto\" style=\"vertical-align: inherit;\">Purity:<\/span><\/span><\/span><\/span><\/strong><span style=\"vertical-align: inherit;\"><span style=\"vertical-align: inherit;\"><span dir=\"auto\" style=\"vertical-align: inherit;\"><span dir=\"auto\" style=\"vertical-align: inherit;\"> &gt;97%<\/span><\/span><\/span><\/span><\/p>\n","protected":false},"featured_media":16919,"comment_status":"closed","ping_status":"closed","template":"","meta":[],"product_brand":[],"product_cat":[224,41],"product_tag":[225,226,22],"class_list":{"0":"post-377","1":"product","2":"type-product","3":"status-publish","4":"has-post-thumbnail","6":"product_cat-dmt-5-meo-dmt","7":"product_cat-tryptamine","8":"product_tag-5-meo-dmt-freebase-kopen","9":"product_tag-5-meo-dmt-freebase","10":"product_tag-nl","12":"first","13":"instock","14":"shipping-taxable","15":"purchasable","16":"product-type-variable"},"_links":{"self":[{"href":"https:\/\/researchchemicalshop.eu\/fr\/wp-json\/wp\/v2\/product\/377","targetHints":{"allow":["GET"]}}],"collection":[{"href":"https:\/\/researchchemicalshop.eu\/fr\/wp-json\/wp\/v2\/product"}],"about":[{"href":"https:\/\/researchchemicalshop.eu\/fr\/wp-json\/wp\/v2\/types\/product"}],"replies":[{"embeddable":true,"href":"https:\/\/researchchemicalshop.eu\/fr\/wp-json\/wp\/v2\/comments?post=377"}],"version-history":[{"count":1,"href":"https:\/\/researchchemicalshop.eu\/fr\/wp-json\/wp\/v2\/product\/377\/revisions"}],"predecessor-version":[{"id":16715,"href":"https:\/\/researchchemicalshop.eu\/fr\/wp-json\/wp\/v2\/product\/377\/revisions\/16715"}],"wp:featuredmedia":[{"embeddable":true,"href":"https:\/\/researchchemicalshop.eu\/fr\/wp-json\/wp\/v2\/media\/16919"}],"wp:attachment":[{"href":"https:\/\/researchchemicalshop.eu\/fr\/wp-json\/wp\/v2\/media?parent=377"}],"wp:term":[{"taxonomy":"product_brand","embeddable":true,"href":"https:\/\/researchchemicalshop.eu\/fr\/wp-json\/wp\/v2\/product_brand?post=377"},{"taxonomy":"product_cat","embeddable":true,"href":"https:\/\/researchchemicalshop.eu\/fr\/wp-json\/wp\/v2\/product_cat?post=377"},{"taxonomy":"product_tag","embeddable":true,"href":"https:\/\/researchchemicalshop.eu\/fr\/wp-json\/wp\/v2\/product_tag?post=377"}],"curies":[{"name":"wp","href":"https:\/\/api.w.org\/{rel}","templated":true}]}}