{"id":1602,"date":"2026-02-09T11:57:05","date_gmt":"2026-02-09T11:57:05","guid":{"rendered":"https:\/\/researchchemicalshop.eu\/?post_type=product&#038;p=1602"},"modified":"2026-02-28T15:21:35","modified_gmt":"2026-02-28T15:21:35","slug":"2-fea","status":"publish","type":"product","link":"https:\/\/researchchemicalshop.eu\/fr\/produit\/2-fea\/","title":{"rendered":"2 FEA 60 MG Pellets"},"content":{"rendered":"<h3 data-start=\"3989\" data-end=\"4008\"><strong data-start=\"3993\" data-end=\"4008\">Introduction<\/strong><\/h3>\n<p data-start=\"4009\" data-end=\"4295\"><span class=\"___SBox_4905a-ko_ ___SText_1ifhk-ko_\" data-ui-name=\"Link.Text\">2 fea<\/span>, Notre <strong data-start=\"4014\" data-end=\"4041\">60 mg onderzoekspellets<\/strong> zijn zorgvuldig ontwikkeld voor <strong data-start=\"4074\" data-end=\"4130\">la recherche scientifique, m\u00e9dico-l\u00e9gale et analytique<\/strong>. <span dir=\"auto\" style=\"vertical-align: inherit;\">2-FEA<\/span><br data-start=\"4131\" data-end=\"4134\" \/>Elke pellet wordt vervaardigd onder <strong data-start=\"4170\" data-end=\"4208\">des conditions de laboratoire strictes<\/strong>, wat zorgt voor <strong data-start=\"4225\" data-end=\"4292\">chemische stabiliteit, zuiverheid en reproduceerbare resultaten<\/strong>.<\/p>\n<p data-start=\"4297\" data-end=\"4394\">Ze zijn geschikt voor <strong data-start=\"4319\" data-end=\"4391\">analytische kalibratie, validatie en vergelijkend chemisch onderzoek<\/strong>.<\/p>\n<blockquote data-start=\"4396\" data-end=\"4505\">\n<p data-start=\"4398\" data-end=\"4505\">\u26a0\ufe0f <strong data-start=\"4401\" data-end=\"4505\">Destin\u00e9 uniquement \u00e0 un usage en laboratoire. Ne convient pas \u00e0 la consommation humaine ou animale.<\/strong><\/p>\n<\/blockquote>\n<h3 data-start=\"4512\" data-end=\"4543\"><strong data-start=\"4516\" data-end=\"4543\">Caract\u00e9ristiques principales<\/strong><\/h3>\n<ul data-start=\"4544\" data-end=\"5057\">\n<li data-start=\"4544\" data-end=\"4614\">\n<p data-start=\"4546\" data-end=\"4614\"><strong data-start=\"4546\" data-end=\"4572\">Haute puret\u00e9 (\u226599%)<\/strong> - Test\u00e9 et v\u00e9rifi\u00e9 de mani\u00e8re ind\u00e9pendante.<\/p>\n<\/li>\n<li data-start=\"4615\" data-end=\"4700\">\n<p data-start=\"4617\" data-end=\"4700\"><strong data-start=\"4617\" data-end=\"4648\">Precieze Dosering van 60 mg<\/strong> \u2013 Voor betrouwbare en reproduceerbare resultaten.<\/p>\n<\/li>\n<li data-start=\"4701\" data-end=\"4784\">\n<p data-start=\"4703\" data-end=\"4784\"><strong data-start=\"4703\" data-end=\"4739\">Composition chimique stable<\/strong> \u2013 Behoudt integriteit bij correcte opslag.<\/p>\n<\/li>\n<li data-start=\"4785\" data-end=\"4871\">\n<p data-start=\"4787\" data-end=\"4871\"><strong data-start=\"4787\" data-end=\"4812\">Qualit\u00e9 des laboratoires<\/strong> - Produit selon les normes de s\u00e9curit\u00e9 internationales.<\/p>\n<\/li>\n<li data-start=\"4872\" data-end=\"4951\">\n<p data-start=\"4874\" data-end=\"4951\"><strong data-start=\"4874\" data-end=\"4901\">Emballage protecteur<\/strong> \u2013 Luchtdicht, vochtbestendig en lichtbeschermd.<\/p>\n<\/li>\n<li data-start=\"4952\" data-end=\"5057\">\n<p data-start=\"4954\" data-end=\"5057\"><strong data-start=\"4954\" data-end=\"4991\">Alleen voor Professioneel Gebruik<\/strong> \u2013 Ontworpen voor erkende laboratoria en onderzoeksinstellingen.<\/p>\n<\/li>\n<\/ul>\n<h3 data-start=\"5064\" data-end=\"5081\"><strong data-start=\"5068\" data-end=\"5081\">Avantages<\/strong><\/h3>\n<ul data-start=\"5082\" data-end=\"5516\">\n<li data-start=\"5082\" data-end=\"5166\">\n<p data-start=\"5084\" data-end=\"5166\"><strong data-start=\"5084\" data-end=\"5120\">Consistente Onderzoeksresultaten<\/strong> \u2013 Voor nauwkeurige en reproduceerbare data.<\/p>\n<\/li>\n<li data-start=\"5167\" data-end=\"5272\">\n<p data-start=\"5169\" data-end=\"5272\"><strong data-start=\"5169\" data-end=\"5207\">Wetenschappelijk Geteste Kwaliteit<\/strong> - La puret\u00e9 et la stabilit\u00e9 de chaque lot sont contr\u00f4l\u00e9es.<\/p>\n<\/li>\n<li data-start=\"5273\" data-end=\"5341\">\n<p data-start=\"5275\" data-end=\"5341\"><strong data-start=\"5275\" data-end=\"5301\">Stabilit\u00e9 \u00e0 long terme<\/strong> - Chimiquement stable lorsqu'il est stock\u00e9 correctement.<\/p>\n<\/li>\n<li data-start=\"5342\" data-end=\"5434\">\n<p data-start=\"5344\" data-end=\"5434\"><strong data-start=\"5344\" data-end=\"5368\">Produit de mani\u00e8re \u00e9thique<\/strong> - Conforme aux directives internationales en mati\u00e8re de s\u00e9curit\u00e9.<\/p>\n<\/li>\n<li data-start=\"5435\" data-end=\"5516\">\n<p data-start=\"5437\" data-end=\"5516\"><strong data-start=\"5437\" data-end=\"5466\">Forme conviviale<\/strong> \u2013 Pellets verminderen risico\u2019s op contaminatie.<\/p>\n<\/li>\n<\/ul>\n<h3 data-start=\"5523\" data-end=\"5538\"><strong data-start=\"5527\" data-end=\"5538\">Utilisation<\/strong><\/h3>\n<ol data-start=\"5539\" data-end=\"5950\">\n<li data-start=\"5539\" data-end=\"5640\">\n<p data-start=\"5542\" data-end=\"5640\"><strong data-start=\"5542\" data-end=\"5577\">R\u00e9serv\u00e9 \u00e0 l'usage des laboratoires<\/strong> - A utiliser uniquement dans les institutions de recherche agr\u00e9\u00e9es.<\/p>\n<\/li>\n<li data-start=\"5641\" data-end=\"5708\">\n<p data-start=\"5644\" data-end=\"5708\"><strong data-start=\"5644\" data-end=\"5654\">Stockage<\/strong> - Stocker sur un <strong data-start=\"5671\" data-end=\"5705\">endroit frais, sec et sombre<\/strong>.<\/p>\n<\/li>\n<li data-start=\"5709\" data-end=\"5791\">\n<p data-start=\"5712\" data-end=\"5791\"><strong data-start=\"5712\" data-end=\"5729\">Travailler en toute s\u00e9curit\u00e9<\/strong> \u2013 Gebruik handschoenen, laboratoriumjas en veiligheidsbril.<\/p>\n<\/li>\n<li data-start=\"5792\" data-end=\"5871\">\n<p data-start=\"5795\" data-end=\"5871\"><strong data-start=\"5795\" data-end=\"5807\">Mesures<\/strong> - Utiliser un \u00e9quipement calibr\u00e9 pour des analyses pr\u00e9cises.<\/p>\n<\/li>\n<li data-start=\"5872\" data-end=\"5950\">\n<p data-start=\"5875\" data-end=\"5950\"><strong data-start=\"5875\" data-end=\"5891\">Avertissement<\/strong> - Ne convient pas \u00e0 la consommation humaine ou animale.<\/p>\n<\/li>\n<\/ol>\n<h3 data-start=\"5957\" data-end=\"5984\"><strong data-start=\"5961\" data-end=\"5984\">Questions fr\u00e9quemment pos\u00e9es<\/strong><\/h3>\n<p data-start=\"5986\" data-end=\"6181\"><strong data-start=\"5986\" data-end=\"6042\">1. Waarvoor worden 60 mg onderzoekspellets gebruikt?<\/strong><br data-start=\"6042\" data-end=\"6045\" \/>Ils sont utilis\u00e9s pour <strong data-start=\"6069\" data-end=\"6113\">la recherche scientifique et analytique<\/strong>, waaronder kalibratie en gecontroleerde laboratoriumexperimenten.<\/p>\n<p data-start=\"6183\" data-end=\"6345\"><strong data-start=\"6183\" data-end=\"6250\">2. Ces pastilles peuvent-elles \u00eatre utilis\u00e9es en dehors d'un laboratoire ?<\/strong><br data-start=\"6250\" data-end=\"6253\" \/>Non. Ces produits sont <strong data-start=\"6278\" data-end=\"6342\">destin\u00e9 exclusivement \u00e0 la recherche professionnelle en laboratoire<\/strong>.<\/p>\n<p data-start=\"6347\" data-end=\"6493\"><strong data-start=\"6347\" data-end=\"6391\">3. Comment les granul\u00e9s doivent-ils \u00eatre stock\u00e9s ?<\/strong><br data-start=\"6391\" data-end=\"6394\" \/>Gardez-les dans leur <strong data-start=\"6411\" data-end=\"6448\">emballage original et herm\u00e9tique<\/strong> sur un <strong data-start=\"6456\" data-end=\"6490\">endroit frais, sec et sombre<\/strong>.<\/p>\n<h3 data-start=\"6500\" data-end=\"6518\"><strong data-start=\"6504\" data-end=\"6518\">Clause de non-responsabilit\u00e9<\/strong><\/h3>\n<p data-start=\"6519\" data-end=\"6751\">Ce produit est <strong data-start=\"6534\" data-end=\"6583\">\u00e0 des fins de recherche uniquement<\/strong>. <strong data-start=\"6585\" data-end=\"6643\">Ne convient pas \u00e0 la consommation humaine ou animale.<\/strong><br data-start=\"6643\" data-end=\"6646\" \/>En achetant, vous confirmez que vous vous conformez \u00e0 toutes les exigences l\u00e9gales et de s\u00e9curit\u00e9 applicables.<\/p>\n<h3><strong><span dir=\"auto\" style=\"vertical-align: inherit;\"><span dir=\"auto\" style=\"vertical-align: inherit;\">2-FEA 60 MG Pellets \u2013 Stimulant Research Chemical for Scientific Research<\/span><\/span><\/strong><\/h3>\n<h4><strong><span dir=\"auto\" style=\"vertical-align: inherit;\"><span dir=\"auto\" style=\"vertical-align: inherit;\">What is 2-FEA?<\/span><\/span><\/strong><\/h4>\n<p class=\"ds-markdown-paragraph\"><span dir=\"auto\" style=\"vertical-align: inherit;\"><span dir=\"auto\" style=\"vertical-align: inherit;\">2-FEA (2-Fluoroethamphetamine) is a research chemical in the amphetamine family, known for its\u00a0 <\/span><\/span><strong><span dir=\"auto\" style=\"vertical-align: inherit;\"><span dir=\"auto\" style=\"vertical-align: inherit;\">stimulating and mild empathogenic properties<\/span><\/span><\/strong><span dir=\"auto\" style=\"vertical-align: inherit;\"><span dir=\"auto\" style=\"vertical-align: inherit;\"> . This substance is intended for\u00a0 <\/span><\/span><strong><span dir=\"auto\" style=\"vertical-align: inherit;\"><span dir=\"auto\" style=\"vertical-align: inherit;\">scientific analysis<\/span><\/span><\/strong><span dir=\"auto\" style=\"vertical-align: inherit;\"><span dir=\"auto\" style=\"vertical-align: inherit;\"> only \u00a0and is not endorsed for human use.<\/span><\/span><\/p>\n<p class=\"ds-markdown-paragraph\"><span dir=\"auto\" style=\"vertical-align: inherit;\"><span dir=\"auto\" style=\"vertical-align: inherit;\">Notre\u00a0 <\/span><\/span><strong><span dir=\"auto\" style=\"vertical-align: inherit;\"><span dir=\"auto\" style=\"vertical-align: inherit;\">2-FEA 60 MG pellets<\/span><\/span><\/strong><span dir=\"auto\" style=\"vertical-align: inherit;\"><span dir=\"auto\" style=\"vertical-align: inherit;\"> \u00a0fournir\u00a0 <\/span><\/span><strong><span dir=\"auto\" style=\"vertical-align: inherit;\"><span dir=\"auto\" style=\"vertical-align: inherit;\">precise dosing<\/span><\/span><\/strong><span dir=\"auto\" style=\"vertical-align: inherit;\"><span dir=\"auto\" style=\"vertical-align: inherit;\"> , ideal for controlled laboratory experiments and pharmacological research.<\/span><\/span><\/p>\n<h3><strong><span dir=\"auto\" style=\"vertical-align: inherit;\"><span dir=\"auto\" style=\"vertical-align: inherit;\">Caract\u00e9ristiques du produit :<\/span><\/span><\/strong><\/h3>\n<p class=\"ds-markdown-paragraph\">\u2705\u00a0<strong><span dir=\"auto\" style=\"vertical-align: inherit;\"><span dir=\"auto\" style=\"vertical-align: inherit;\">High Purity<\/span><\/span><\/strong><span dir=\"auto\" style=\"vertical-align: inherit;\"><span dir=\"auto\" style=\"vertical-align: inherit;\"> \u00a0- Optimis\u00e9 pour des r\u00e9sultats de recherche fiables. <\/span><\/span><br \/>\n\u2705\u00a0<strong><span dir=\"auto\" style=\"vertical-align: inherit;\"><span dir=\"auto\" style=\"vertical-align: inherit;\">Precision Dosage<\/span><\/span><\/strong><span dir=\"auto\" style=\"vertical-align: inherit;\"><span dir=\"auto\" style=\"vertical-align: inherit;\"> \u00a0- Chaque pastille contient exactement\u00a0 <\/span><\/span><strong><span dir=\"auto\" style=\"vertical-align: inherit;\"><span dir=\"auto\" style=\"vertical-align: inherit;\">60 mg of 2-FEA<\/span><\/span><\/strong><span dir=\"auto\" style=\"vertical-align: inherit;\"><span dir=\"auto\" style=\"vertical-align: inherit;\"> . <\/span><\/span><br \/>\n\u2705\u00a0<strong><span dir=\"auto\" style=\"vertical-align: inherit;\"><span dir=\"auto\" style=\"vertical-align: inherit;\">Quality Assured<\/span><\/span><\/strong><span dir=\"auto\" style=\"vertical-align: inherit;\"><span dir=\"auto\" style=\"vertical-align: inherit;\"> \u00a0\u2013 Manufactured under strict laboratory conditions. <\/span><\/span><br \/>\n\u2705\u00a0<strong><span dir=\"auto\" style=\"vertical-align: inherit;\"><span dir=\"auto\" style=\"vertical-align: inherit;\">Consistent Composition<\/span><\/span><\/strong><span dir=\"auto\" style=\"vertical-align: inherit;\"><span dir=\"auto\" style=\"vertical-align: inherit;\"> \u00a0\u2013 Suitable for repeatable experiments.<\/span><\/span><\/p>\n<h3><strong><span dir=\"auto\" style=\"vertical-align: inherit;\"><span dir=\"auto\" style=\"vertical-align: inherit;\">Applications possibles dans la recherche :<\/span><\/span><\/strong><\/h3>\n<ul>\n<li>\n<p class=\"ds-markdown-paragraph\"><strong><span dir=\"auto\" style=\"vertical-align: inherit;\"><span dir=\"auto\" style=\"vertical-align: inherit;\">Neurochemical studies<\/span><\/span><\/strong><span dir=\"auto\" style=\"vertical-align: inherit;\"><span dir=\"auto\" style=\"vertical-align: inherit;\"> \u00a0\u2013 Effects on dopamine and noradrenaline systems.<\/span><\/span><\/p>\n<\/li>\n<li>\n<p class=\"ds-markdown-paragraph\"><strong><span dir=\"auto\" style=\"vertical-align: inherit;\"><span dir=\"auto\" style=\"vertical-align: inherit;\">Behavioural experiments<\/span><\/span><\/strong><span dir=\"auto\" style=\"vertical-align: inherit;\"><span dir=\"auto\" style=\"vertical-align: inherit;\"> \u00a0\u2013 Influence on motor activity and alertness.<\/span><\/span><\/p>\n<\/li>\n<li>\n<p class=\"ds-markdown-paragraph\"><strong><span dir=\"auto\" style=\"vertical-align: inherit;\"><span dir=\"auto\" style=\"vertical-align: inherit;\">Pharmacologie comparative<\/span><\/span><\/strong><span dir=\"auto\" style=\"vertical-align: inherit;\"><span dir=\"auto\" style=\"vertical-align: inherit;\"> \u00a0\u2013 Analysis in relation to related amphetamine derivatives (e.g., 3-FEA, 4-FA).<\/span><\/span><\/p>\n<\/li>\n<\/ul>\n<h3><strong><span dir=\"auto\" style=\"vertical-align: inherit;\"><span dir=\"auto\" style=\"vertical-align: inherit;\">Informations de s\u00e9curit\u00e9 et directives d'utilisation :<\/span><\/span><\/strong><\/h3>\n<p class=\"ds-markdown-paragraph\">\u26a0\u00a0<strong><span dir=\"auto\" style=\"vertical-align: inherit;\"><span dir=\"auto\" style=\"vertical-align: inherit;\">R\u00e9serv\u00e9 \u00e0 l'usage de la recherche<\/span><\/span><\/strong><span dir=\"auto\" style=\"vertical-align: inherit;\"><span dir=\"auto\" style=\"vertical-align: inherit;\"> \u00a0\u2013 Not suitable for human consumption. <\/span><\/span><br \/>\n\u26a0\u00a0<strong><span dir=\"auto\" style=\"vertical-align: inherit;\"><span dir=\"auto\" style=\"vertical-align: inherit;\">Dosage recommand\u00e9 pour la recherche :<\/span><\/span><\/strong><\/p>\n<ul>\n<li>\n<p class=\"ds-markdown-paragraph\"><strong><span dir=\"auto\" style=\"vertical-align: inherit;\"><span dir=\"auto\" style=\"vertical-align: inherit;\">60 mg<\/span><\/span><\/strong><span dir=\"auto\" style=\"vertical-align: inherit;\"><span dir=\"auto\" style=\"vertical-align: inherit;\"> \u00a0est un\u00a0 <\/span><\/span><strong><span dir=\"auto\" style=\"vertical-align: inherit;\"><span dir=\"auto\" style=\"vertical-align: inherit;\">medium dose<\/span><\/span><\/strong><span dir=\"auto\" style=\"vertical-align: inherit;\"><span dir=\"auto\" style=\"vertical-align: inherit;\"> ; lower doses (20-40 mg) may be considered for preliminary testing.<\/span><\/span><\/p>\n<\/li>\n<li>\n<p class=\"ds-markdown-paragraph\"><span dir=\"auto\" style=\"vertical-align: inherit;\"><span dir=\"auto\" style=\"vertical-align: inherit;\">Avoid combination with\u00a0 <\/span><\/span><strong><span dir=\"auto\" style=\"vertical-align: inherit;\"><span dir=\"auto\" style=\"vertical-align: inherit;\">MAOIs, SSRIs or other stimulants<\/span><\/span><\/strong><span dir=\"auto\" style=\"vertical-align: inherit;\"><span dir=\"auto\" style=\"vertical-align: inherit;\"> .<\/span><\/span><\/p>\n<\/li>\n<li>\n<p class=\"ds-markdown-paragraph\"><strong><span dir=\"auto\" style=\"vertical-align: inherit;\"><span dir=\"auto\" style=\"vertical-align: inherit;\">Toujours tester<\/span><\/span><\/strong><span dir=\"auto\" style=\"vertical-align: inherit;\"><span dir=\"auto\" style=\"vertical-align: inherit;\"> \u00a0\u2013 Use reagent kits (Marquis, Mecke) to verify purity. <\/span><\/span><br \/>\n\u26a0\u00a0<strong><span dir=\"auto\" style=\"vertical-align: inherit;\"><span dir=\"auto\" style=\"vertical-align: inherit;\">Conseils de stockage<\/span><\/span><\/strong><span dir=\"auto\" style=\"vertical-align: inherit;\"><span dir=\"auto\" style=\"vertical-align: inherit;\"> \u00a0- Conserver dans un\u00a0 <\/span><\/span><strong><span dir=\"auto\" style=\"vertical-align: inherit;\"><span dir=\"auto\" style=\"vertical-align: inherit;\">endroit frais et sec<\/span><\/span><\/strong><span dir=\"auto\" style=\"vertical-align: inherit;\"><span dir=\"auto\" style=\"vertical-align: inherit;\"> , out of direct sunlight.<\/span><\/span><\/p>\n<\/li>\n<\/ul>\n<h3><strong><span dir=\"auto\" style=\"vertical-align: inherit;\"><span dir=\"auto\" style=\"vertical-align: inherit;\">Statut juridique :<\/span><\/span><\/strong><\/h3>\n<ul>\n<li>\n<p class=\"ds-markdown-paragraph\"><strong><span dir=\"auto\" style=\"vertical-align: inherit;\"><span dir=\"auto\" style=\"vertical-align: inherit;\">2-FEA is an unregistered NPS (New Psychoactive Substance)<\/span><\/span><\/strong><span dir=\"auto\" style=\"vertical-align: inherit;\"><span dir=\"auto\" style=\"vertical-align: inherit;\"> in some countries\u00a0 <\/span><span dir=\"auto\" style=\"vertical-align: inherit;\">.<\/span><\/span><\/p>\n<\/li>\n<li>\n<p class=\"ds-markdown-paragraph\"><strong><span dir=\"auto\" style=\"vertical-align: inherit;\"><span dir=\"auto\" style=\"vertical-align: inherit;\">Not legal for recreational use<\/span><\/span><\/strong><span dir=\"auto\" style=\"vertical-align: inherit;\"><span dir=\"auto\" style=\"vertical-align: inherit;\"> \u00a0\u2013 Only for scientific institutions with proper permits.<\/span><\/span><\/p>\n<\/li>\n<\/ul>\n<h3><strong><span dir=\"auto\" style=\"vertical-align: inherit;\"><span dir=\"auto\" style=\"vertical-align: inherit;\">Why Buy Our 2-FEA Pellets?<\/span><\/span><\/strong><\/h3>\n<p class=\"ds-markdown-paragraph\">\ud83d\udd2c\u00a0<strong><span dir=\"auto\" style=\"vertical-align: inherit;\"><span dir=\"auto\" style=\"vertical-align: inherit;\">Advanced quality control<\/span><\/span><\/strong><span dir=\"auto\" style=\"vertical-align: inherit;\"><span dir=\"auto\" style=\"vertical-align: inherit;\"> \u00a0\u2013 HPLC\/MS analysis. <\/span><\/span><br \/>\n\ud83d\udce6\u00a0<strong><span dir=\"auto\" style=\"vertical-align: inherit;\"><span dir=\"auto\" style=\"vertical-align: inherit;\">Secure and discreet shipping<\/span><\/span><\/strong><span dir=\"auto\" style=\"vertical-align: inherit;\"><span dir=\"auto\" style=\"vertical-align: inherit;\"> \u00a0\u2013 Tracking available. <\/span><\/span><br \/>\n\ud83d\udcda\u00a0<strong><span dir=\"auto\" style=\"vertical-align: inherit;\"><span dir=\"auto\" style=\"vertical-align: inherit;\">Scientific support<\/span><\/span><\/strong><span dir=\"auto\" style=\"vertical-align: inherit;\"><span dir=\"auto\" style=\"vertical-align: inherit;\"> \u00a0- Fiche de donn\u00e9es de s\u00e9curit\u00e9 (MSDS) disponible sur demande.<\/span><\/span><\/p>\n<p class=\"ds-markdown-paragraph\"><strong><span dir=\"auto\" style=\"vertical-align: inherit;\"><span dir=\"auto\" style=\"vertical-align: inherit;\">Remarque importante :<\/span><\/span><\/strong><br \/>\n<span dir=\"auto\" style=\"vertical-align: inherit;\"><span dir=\"auto\" style=\"vertical-align: inherit;\"> Ce produit est\u00a0 <\/span><\/span><strong><span dir=\"auto\" style=\"vertical-align: inherit;\"><span dir=\"auto\" style=\"vertical-align: inherit;\">intended for research laboratories only<\/span><\/span><\/strong><span dir=\"auto\" style=\"vertical-align: inherit;\"><span dir=\"auto\" style=\"vertical-align: inherit;\"> \u00a0and not for private experimentation.<\/span><\/span><\/p>","protected":false},"excerpt":{"rendered":"<h2><span dir=\"auto\" style=\"vertical-align: inherit;\"><span dir=\"auto\" style=\"vertical-align: inherit;\">2-FEA pellets properties<\/span><\/span><\/h2>\n<p><strong><span dir=\"auto\" style=\"vertical-align: inherit;\"><span dir=\"auto\" style=\"vertical-align: inherit;\">Synonym<\/span><\/span><\/strong><span dir=\"auto\" style=\"vertical-align: inherit;\"><span dir=\"auto\" style=\"vertical-align: inherit;\"> : <\/span><\/span><i><span dir=\"auto\" style=\"vertical-align: inherit;\"><span dir=\"auto\" style=\"vertical-align: inherit;\">2-Fluorethamphetamine <\/span><\/span><\/i><br \/>\n<strong><span dir=\"auto\" style=\"vertical-align: inherit;\"><span dir=\"auto\" style=\"vertical-align: inherit;\">CAS Number<\/span><\/span><\/strong><span dir=\"auto\" style=\"vertical-align: inherit;\"><span dir=\"auto\" style=\"vertical-align: inherit;\"> : 0460-08-02 <\/span><\/span><br \/>\n<strong><span dir=\"auto\" style=\"vertical-align: inherit;\"><span dir=\"auto\" style=\"vertical-align: inherit;\">Formula<\/span><\/span><\/strong><span dir=\"auto\" style=\"vertical-align: inherit;\"><span dir=\"auto\" style=\"vertical-align: inherit;\"> : <\/span><\/span><br \/>\n<strong><span dir=\"auto\" style=\"vertical-align: inherit;\"><span dir=\"auto\" style=\"vertical-align: inherit;\">Molar mass<\/span><\/span><\/strong><span dir=\"auto\" style=\"vertical-align: inherit;\"><span dir=\"auto\" style=\"vertical-align: inherit;\"> : g\/mol <\/span><\/span><br \/>\n<strong><span dir=\"auto\" style=\"vertical-align: inherit;\"><span dir=\"auto\" style=\"vertical-align: inherit;\">Purity<\/span><\/span><\/strong><span dir=\"auto\" style=\"vertical-align: inherit;\"><span dir=\"auto\" style=\"vertical-align: inherit;\"> : \u226598%<\/span><\/span><\/p>","protected":false},"featured_media":16843,"comment_status":"closed","ping_status":"closed","template":"","meta":[],"product_brand":[23],"product_cat":[405,589,17,32,71],"product_tag":[267,268,406,746,22],"class_list":{"0":"post-1602","1":"product","2":"type-product","3":"status-publish","4":"has-post-thumbnail","6":"product_brand-research-chemical","7":"product_cat-2-fea","8":"product_cat-2-fea-pellets","9":"product_cat-bijna-verboden","10":"product_cat-gefluoreerden","11":"product_cat-pellets","12":"product_tag-2-fea","13":"product_tag-2-fea-kopen","14":"product_tag-2-fluoroethamfetamine","15":"product_tag-2fea","16":"product_tag-nl","18":"first","19":"instock","20":"shipping-taxable","21":"purchasable","22":"product-type-variable"},"_links":{"self":[{"href":"https:\/\/researchchemicalshop.eu\/fr\/wp-json\/wp\/v2\/product\/1602","targetHints":{"allow":["GET"]}}],"collection":[{"href":"https:\/\/researchchemicalshop.eu\/fr\/wp-json\/wp\/v2\/product"}],"about":[{"href":"https:\/\/researchchemicalshop.eu\/fr\/wp-json\/wp\/v2\/types\/product"}],"replies":[{"embeddable":true,"href":"https:\/\/researchchemicalshop.eu\/fr\/wp-json\/wp\/v2\/comments?post=1602"}],"version-history":[{"count":4,"href":"https:\/\/researchchemicalshop.eu\/fr\/wp-json\/wp\/v2\/product\/1602\/revisions"}],"predecessor-version":[{"id":16468,"href":"https:\/\/researchchemicalshop.eu\/fr\/wp-json\/wp\/v2\/product\/1602\/revisions\/16468"}],"wp:featuredmedia":[{"embeddable":true,"href":"https:\/\/researchchemicalshop.eu\/fr\/wp-json\/wp\/v2\/media\/16843"}],"wp:attachment":[{"href":"https:\/\/researchchemicalshop.eu\/fr\/wp-json\/wp\/v2\/media?parent=1602"}],"wp:term":[{"taxonomy":"product_brand","embeddable":true,"href":"https:\/\/researchchemicalshop.eu\/fr\/wp-json\/wp\/v2\/product_brand?post=1602"},{"taxonomy":"product_cat","embeddable":true,"href":"https:\/\/researchchemicalshop.eu\/fr\/wp-json\/wp\/v2\/product_cat?post=1602"},{"taxonomy":"product_tag","embeddable":true,"href":"https:\/\/researchchemicalshop.eu\/fr\/wp-json\/wp\/v2\/product_tag?post=1602"}],"curies":[{"name":"wp","href":"https:\/\/api.w.org\/{rel}","templated":true}]}}