{"id":1600,"date":"2026-02-09T11:57:05","date_gmt":"2026-02-09T11:57:05","guid":{"rendered":"https:\/\/researchchemicalshop.eu\/?post_type=product&#038;p=1600"},"modified":"2026-02-27T08:56:07","modified_gmt":"2026-02-27T08:56:07","slug":"5-mapb-2","status":"publish","type":"product","link":"https:\/\/researchchemicalshop.eu\/fr\/produit\/5-mapb-2\/","title":{"rendered":"5 MAPB 50mg Pellets"},"content":{"rendered":"<h3 data-start=\"4041\" data-end=\"4060\"><strong data-start=\"4045\" data-end=\"4060\">Introduction<\/strong><\/h3>\n<p data-start=\"4061\" data-end=\"4345\"><span class=\"___SBox_4905a-ko_ ___SText_1ifhk-ko_\" data-ui-name=\"Link.Text\">Acheter 5 mapb, 5 mapb<\/span>, Notre <strong data-start=\"4066\" data-end=\"4093\">50 mg pastilles de recherche<\/strong> ont \u00e9t\u00e9 d\u00e9velopp\u00e9es avec pr\u00e9cision pour les <strong data-start=\"4128\" data-end=\"4184\">la recherche scientifique, m\u00e9dico-l\u00e9gale et analytique<\/strong>.<br data-start=\"4185\" data-end=\"4188\" \/>Chaque pastille est produite sous <strong data-start=\"4225\" data-end=\"4263\">des conditions de laboratoire strictes<\/strong> et propose <strong data-start=\"4273\" data-end=\"4342\">coh\u00e9rence chimique, stabilit\u00e9 et r\u00e9sultats reproductibles<\/strong>. <span dir=\"auto\" style=\"vertical-align: inherit;\">5-MAPB<\/span><\/p>\n<p data-start=\"4347\" data-end=\"4518\">Ces granul\u00e9s sont id\u00e9aux pour <strong data-start=\"4377\" data-end=\"4440\">l'\u00e9talonnage analytique, la validation et les essais comparatifs<\/strong>. Ils r\u00e9pondent aux normes de qualit\u00e9 les plus \u00e9lev\u00e9es pour les laboratoires professionnels.<\/p>\n<blockquote data-start=\"4520\" data-end=\"4629\">\n<p data-start=\"4522\" data-end=\"4629\">\u26a0\ufe0f <strong data-start=\"4525\" data-end=\"4629\">Destin\u00e9 uniquement \u00e0 un usage en laboratoire. Ne convient pas \u00e0 la consommation humaine ou animale.<\/strong><\/p>\n<\/blockquote>\n<h3 data-start=\"4636\" data-end=\"4667\"><strong data-start=\"4640\" data-end=\"4667\">Caract\u00e9ristiques principales<\/strong><\/h3>\n<ul data-start=\"4668\" data-end=\"5176\">\n<li data-start=\"4668\" data-end=\"4738\">\n<p data-start=\"4670\" data-end=\"4738\"><strong data-start=\"4670\" data-end=\"4696\">Haute puret\u00e9 (\u226599%)<\/strong> - Test\u00e9 et v\u00e9rifi\u00e9 de mani\u00e8re ind\u00e9pendante.<\/p>\n<\/li>\n<li data-start=\"4739\" data-end=\"4826\">\n<p data-start=\"4741\" data-end=\"4826\"><strong data-start=\"4741\" data-end=\"4783\">Dosage pr\u00e9cis de 50 mg par comprim\u00e9<\/strong> - Pour des r\u00e9sultats de recherche pr\u00e9cis.<\/p>\n<\/li>\n<li data-start=\"4827\" data-end=\"4906\">\n<p data-start=\"4829\" data-end=\"4906\"><strong data-start=\"4829\" data-end=\"4865\">Composition chimique stable<\/strong> - Conserve sa qualit\u00e9 s'il est stock\u00e9 correctement.<\/p>\n<\/li>\n<li data-start=\"4907\" data-end=\"4993\">\n<p data-start=\"4909\" data-end=\"4993\"><strong data-start=\"4909\" data-end=\"4934\">Qualit\u00e9 des laboratoires<\/strong> - Produit selon les normes de s\u00e9curit\u00e9 internationales.<\/p>\n<\/li>\n<li data-start=\"4994\" data-end=\"5084\">\n<p data-start=\"4996\" data-end=\"5084\"><strong data-start=\"4996\" data-end=\"5023\">Emballage protecteur<\/strong> - Etanche \u00e0 l'air et \u00e0 la lumi\u00e8re pour une dur\u00e9e de conservation optimale.<\/p>\n<\/li>\n<li data-start=\"5085\" data-end=\"5176\">\n<p data-start=\"5087\" data-end=\"5176\"><strong data-start=\"5087\" data-end=\"5120\">R\u00e9serv\u00e9 \u00e0 la recherche<\/strong> - Con\u00e7u pour la recherche professionnelle en laboratoire.<\/p>\n<\/li>\n<\/ul>\n<h3 data-start=\"5183\" data-end=\"5200\"><strong data-start=\"5187\" data-end=\"5200\">Avantages<\/strong><\/h3>\n<ul data-start=\"5201\" data-end=\"5630\">\n<li data-start=\"5201\" data-end=\"5285\">\n<p data-start=\"5203\" data-end=\"5285\"><strong data-start=\"5203\" data-end=\"5239\">Des r\u00e9sultats de recherche fiables<\/strong> - Pour des donn\u00e9es coh\u00e9rentes et reproductibles.<\/p>\n<\/li>\n<li data-start=\"5286\" data-end=\"5354\">\n<p data-start=\"5288\" data-end=\"5354\"><strong data-start=\"5288\" data-end=\"5314\">Stabilit\u00e9 \u00e0 long terme<\/strong> - Chimiquement stable lorsqu'il est stock\u00e9 correctement.<\/p>\n<\/li>\n<li data-start=\"5355\" data-end=\"5442\">\n<p data-start=\"5357\" data-end=\"5442\"><strong data-start=\"5357\" data-end=\"5381\">Produit de mani\u00e8re \u00e9thique<\/strong> - Conforme aux normes de s\u00e9curit\u00e9 internationales.<\/p>\n<\/li>\n<li data-start=\"5443\" data-end=\"5537\">\n<p data-start=\"5445\" data-end=\"5537\"><strong data-start=\"5445\" data-end=\"5472\">Test\u00e9 scientifiquement<\/strong> - La puret\u00e9 et la stabilit\u00e9 de chaque lot sont contr\u00f4l\u00e9es.<\/p>\n<\/li>\n<li data-start=\"5538\" data-end=\"5630\">\n<p data-start=\"5540\" data-end=\"5630\"><strong data-start=\"5540\" data-end=\"5569\">Forme conviviale<\/strong> - Les granul\u00e9s r\u00e9duisent le risque de contamination et de gaspillage.<\/p>\n<\/li>\n<\/ul>\n<h3 data-start=\"5637\" data-end=\"5652\"><strong data-start=\"5641\" data-end=\"5652\">Utilisation<\/strong><\/h3>\n<ol data-start=\"5653\" data-end=\"6075\">\n<li data-start=\"5653\" data-end=\"5754\">\n<p data-start=\"5656\" data-end=\"5754\"><strong data-start=\"5656\" data-end=\"5691\">R\u00e9serv\u00e9 \u00e0 l'usage des laboratoires<\/strong> - A utiliser uniquement dans les institutions de recherche agr\u00e9\u00e9es.<\/p>\n<\/li>\n<li data-start=\"5755\" data-end=\"5822\">\n<p data-start=\"5758\" data-end=\"5822\"><strong data-start=\"5758\" data-end=\"5768\">Stockage<\/strong> - Stocker sur un <strong data-start=\"5785\" data-end=\"5819\">endroit frais, sec et sombre<\/strong>.<\/p>\n<\/li>\n<li data-start=\"5823\" data-end=\"5905\">\n<p data-start=\"5826\" data-end=\"5905\"><strong data-start=\"5826\" data-end=\"5843\">Travailler en toute s\u00e9curit\u00e9<\/strong> - Utilisez des gants, des lunettes de protection et une blouse de laboratoire.<\/p>\n<\/li>\n<li data-start=\"5906\" data-end=\"5985\">\n<p data-start=\"5909\" data-end=\"5985\"><strong data-start=\"5909\" data-end=\"5921\">Mesures<\/strong> - Utiliser un \u00e9quipement calibr\u00e9 pour des analyses pr\u00e9cises.<\/p>\n<\/li>\n<li data-start=\"5986\" data-end=\"6075\">\n<p data-start=\"5989\" data-end=\"6075\"><strong data-start=\"5989\" data-end=\"6016\">Avertissement de s\u00e9curit\u00e9<\/strong> - Ne convient pas \u00e0 la consommation humaine ou animale.<\/p>\n<\/li>\n<\/ol>\n<h3 data-start=\"6082\" data-end=\"6109\"><strong data-start=\"6086\" data-end=\"6109\">Questions fr\u00e9quemment pos\u00e9es<\/strong><\/h3>\n<p data-start=\"6111\" data-end=\"6290\"><strong data-start=\"6111\" data-end=\"6167\">1. \u00c0 quoi servent les pastilles de recherche de 50 mg ?<\/strong><br data-start=\"6167\" data-end=\"6170\" \/>Ils sont utilis\u00e9s pour <strong data-start=\"6194\" data-end=\"6238\">la recherche scientifique et analytique<\/strong>, Les m\u00e9thodes d'\u00e9valuation de la qualit\u00e9 de l'eau, telles que l'\u00e9talonnage et les exp\u00e9riences contr\u00f4l\u00e9es, sont \u00e9galement tr\u00e8s utiles.<\/p>\n<p data-start=\"6292\" data-end=\"6454\"><strong data-start=\"6292\" data-end=\"6359\">2. Ces pastilles peuvent-elles \u00eatre utilis\u00e9es en dehors d'un laboratoire ?<\/strong><br data-start=\"6359\" data-end=\"6362\" \/>Non. Ces produits sont <strong data-start=\"6387\" data-end=\"6451\">destin\u00e9 exclusivement \u00e0 la recherche professionnelle en laboratoire<\/strong>.<\/p>\n<p data-start=\"6456\" data-end=\"6602\"><strong data-start=\"6456\" data-end=\"6500\">3. Comment les granul\u00e9s doivent-ils \u00eatre stock\u00e9s ?<\/strong><br data-start=\"6500\" data-end=\"6503\" \/>Gardez-les dans leur <strong data-start=\"6520\" data-end=\"6557\">emballage original et herm\u00e9tique<\/strong> sur un <strong data-start=\"6565\" data-end=\"6599\">endroit frais, sec et sombre<\/strong>.<\/p>\n<h3 data-start=\"6609\" data-end=\"6627\"><strong data-start=\"6613\" data-end=\"6627\">Clause de non-responsabilit\u00e9<\/strong><\/h3>\n<p data-start=\"6628\" data-end=\"6860\">Ce produit est <strong data-start=\"6643\" data-end=\"6692\">\u00e0 des fins de recherche uniquement<\/strong>. <strong data-start=\"6694\" data-end=\"6752\">Ne convient pas \u00e0 la consommation humaine ou animale.<\/strong><br data-start=\"6752\" data-end=\"6755\" \/>En achetant, vous confirmez que vous vous conformez \u00e0 toutes les exigences l\u00e9gales et de s\u00e9curit\u00e9 applicables.<\/p>\n<h3><strong><span dir=\"auto\" style=\"vertical-align: inherit;\"><span dir=\"auto\" style=\"vertical-align: inherit;\">5-MAPB 50mg Pellets - Produit chimique de recherche aux propri\u00e9t\u00e9s entactog\u00e8nes<\/span><\/span><\/strong><\/h3>\n<h4><strong><span dir=\"auto\" style=\"vertical-align: inherit;\"><span dir=\"auto\" style=\"vertical-align: inherit;\">Qu'est-ce que le 5-MAPB ?<\/span><\/span><\/strong><\/h4>\n<p class=\"ds-markdown-paragraph\"><span dir=\"auto\" style=\"vertical-align: inherit;\"><span dir=\"auto\" style=\"vertical-align: inherit;\">Le 5-MAPB, 5-MAPB (5-(2-m\u00e9thylaminopropyl)benzofurane) est un produit chimique de recherche de la classe des benzofuranes, apparent\u00e9 \u00e0 des compos\u00e9s tels que le 6-APB et le MDAI. Il est connu pour ses <\/span><\/span><strong><span dir=\"auto\" style=\"vertical-align: inherit;\"><span dir=\"auto\" style=\"vertical-align: inherit;\">effets empathog\u00e8nes puissants et l\u00e9g\u00e8rement stimulants<\/span><\/span><\/strong><span dir=\"auto\" style=\"vertical-align: inherit;\"><span dir=\"auto\" style=\"vertical-align: inherit;\"> , Le projet de loi sur l'\u00e9ducation a \u00e9t\u00e9 adopt\u00e9 par le Parlement europ\u00e9en, ce qui le rend int\u00e9ressant pour les personnes \u00e2g\u00e9es.\u00a0 <\/span><\/span><strong><span dir=\"auto\" style=\"vertical-align: inherit;\"><span dir=\"auto\" style=\"vertical-align: inherit;\">recherche<\/span><\/span><\/strong><span dir=\"auto\" style=\"vertical-align: inherit;\"><span dir=\"auto\" style=\"vertical-align: inherit;\"> \u00a0Sur les syst\u00e8mes s\u00e9rotoninergiques.<\/span><\/span><\/p>\n<p class=\"ds-markdown-paragraph\"><span dir=\"auto\" style=\"vertical-align: inherit;\"><span dir=\"auto\" style=\"vertical-align: inherit;\">Notre\u00a0 <\/span><\/span><strong><span dir=\"auto\" style=\"vertical-align: inherit;\"><span dir=\"auto\" style=\"vertical-align: inherit;\">5-MAPB 50mg granul\u00e9s<\/span><\/span><\/strong><span dir=\"auto\" style=\"vertical-align: inherit;\"><span dir=\"auto\" style=\"vertical-align: inherit;\"> \u00a0fournir\u00a0 <\/span><\/span><strong><span dir=\"auto\" style=\"vertical-align: inherit;\"><span dir=\"auto\" style=\"vertical-align: inherit;\">un dosage pr\u00e9cis et constant<\/span><\/span><\/strong><span dir=\"auto\" style=\"vertical-align: inherit;\"><span dir=\"auto\" style=\"vertical-align: inherit;\"> , id\u00e9al pour les \u00e9tudes pharmacologiques contr\u00f4l\u00e9es.<\/span><\/span><\/p>\n<h3><strong><span dir=\"auto\" style=\"vertical-align: inherit;\"><span dir=\"auto\" style=\"vertical-align: inherit;\">Caract\u00e9ristiques du produit :<\/span><\/span><\/strong><\/h3>\n<p class=\"ds-markdown-paragraph\">\u2705\u00a0<strong><span dir=\"auto\" style=\"vertical-align: inherit;\"><span dir=\"auto\" style=\"vertical-align: inherit;\">Haute puret\u00e9<\/span><\/span><\/strong><span dir=\"auto\" style=\"vertical-align: inherit;\"><span dir=\"auto\" style=\"vertical-align: inherit;\"> \u00a0- Optimis\u00e9 pour des r\u00e9sultats de recherche fiables. <\/span><\/span><br \/>\n\u2705\u00a0<strong><span dir=\"auto\" style=\"vertical-align: inherit;\"><span dir=\"auto\" style=\"vertical-align: inherit;\">Dosage de pr\u00e9cision<\/span><\/span><\/strong><span dir=\"auto\" style=\"vertical-align: inherit;\"><span dir=\"auto\" style=\"vertical-align: inherit;\"> \u00a0- Chaque pastille contient exactement\u00a0 <\/span><\/span><strong><span dir=\"auto\" style=\"vertical-align: inherit;\"><span dir=\"auto\" style=\"vertical-align: inherit;\">50 mg de 5-MAPB<\/span><\/span><\/strong><span dir=\"auto\" style=\"vertical-align: inherit;\"><span dir=\"auto\" style=\"vertical-align: inherit;\"> . <\/span><\/span><br \/>\n\u2705\u00a0<strong><span dir=\"auto\" style=\"vertical-align: inherit;\"><span dir=\"auto\" style=\"vertical-align: inherit;\">Adapt\u00e9 \u00e0 la recherche sur la s\u00e9rotonine<\/span><\/span><\/strong><span dir=\"auto\" style=\"vertical-align: inherit;\"><span dir=\"auto\" style=\"vertical-align: inherit;\"> \u00a0- Application potentielle dans les \u00e9tudes neurochimiques. <\/span><\/span><br \/>\n\u2705\u00a0<strong><span dir=\"auto\" style=\"vertical-align: inherit;\"><span dir=\"auto\" style=\"vertical-align: inherit;\">Composition stable<\/span><\/span><\/strong><span dir=\"auto\" style=\"vertical-align: inherit;\"><span dir=\"auto\" style=\"vertical-align: inherit;\"> \u00a0- Longue dur\u00e9e de conservation si le produit est stock\u00e9 correctement.<\/span><\/span><\/p>\n<h3><strong><span dir=\"auto\" style=\"vertical-align: inherit;\"><span dir=\"auto\" style=\"vertical-align: inherit;\">Applications possibles dans la recherche :<\/span><\/span><\/strong><\/h3>\n<ul>\n<li>\n<p class=\"ds-markdown-paragraph\"><strong><span dir=\"auto\" style=\"vertical-align: inherit;\"><span dir=\"auto\" style=\"vertical-align: inherit;\">Neuropharmacologie<\/span><\/span><\/strong><span dir=\"auto\" style=\"vertical-align: inherit;\"><span dir=\"auto\" style=\"vertical-align: inherit;\"> \u00a0- Recherche sur la lib\u00e9ration et la recapture de la s\u00e9rotonine.<\/span><\/span><\/p>\n<\/li>\n<li>\n<p class=\"ds-markdown-paragraph\"><strong><span dir=\"auto\" style=\"vertical-align: inherit;\"><span dir=\"auto\" style=\"vertical-align: inherit;\">\u00c9tudes comportementales<\/span><\/span><\/strong><span dir=\"auto\" style=\"vertical-align: inherit;\"><span dir=\"auto\" style=\"vertical-align: inherit;\"> \u00a0- Effets sur le comportement social et la r\u00e9action \u00e9motionnelle.<\/span><\/span><\/p>\n<\/li>\n<li>\n<p class=\"ds-markdown-paragraph\"><strong><span dir=\"auto\" style=\"vertical-align: inherit;\"><span dir=\"auto\" style=\"vertical-align: inherit;\">Analyses comparatives<\/span><\/span><\/strong><span dir=\"auto\" style=\"vertical-align: inherit;\"><span dir=\"auto\" style=\"vertical-align: inherit;\"> \u00a0- \u00c9valuation par rapport \u00e0 des compos\u00e9s apparent\u00e9s (par exemple, MDMA, 6-APB).<\/span><\/span><\/p>\n<\/li>\n<\/ul>\n<h3><strong><span dir=\"auto\" style=\"vertical-align: inherit;\"><span dir=\"auto\" style=\"vertical-align: inherit;\">Informations de s\u00e9curit\u00e9 et directives d'utilisation :<\/span><\/span><\/strong><\/h3>\n<p class=\"ds-markdown-paragraph\">\u26a0\u00a0<strong><span dir=\"auto\" style=\"vertical-align: inherit;\"><span dir=\"auto\" style=\"vertical-align: inherit;\">R\u00e9serv\u00e9 \u00e0 l'usage de la recherche<\/span><\/span><\/strong><span dir=\"auto\" style=\"vertical-align: inherit;\"><span dir=\"auto\" style=\"vertical-align: inherit;\"> \u00a0- Non destin\u00e9 \u00e0 la consommation humaine ou animale. <\/span><\/span><br \/>\n\u26a0\u00a0<strong><span dir=\"auto\" style=\"vertical-align: inherit;\"><span dir=\"auto\" style=\"vertical-align: inherit;\">Dosage recommand\u00e9 pour la recherche :<\/span><\/span><\/strong><\/p>\n<ul>\n<li>\n<p class=\"ds-markdown-paragraph\"><strong><span dir=\"auto\" style=\"vertical-align: inherit;\"><span dir=\"auto\" style=\"vertical-align: inherit;\">50 mg<\/span><\/span><\/strong><span dir=\"auto\" style=\"vertical-align: inherit;\"><span dir=\"auto\" style=\"vertical-align: inherit;\"> \u00a0est un\u00a0 <\/span><\/span><strong><span dir=\"auto\" style=\"vertical-align: inherit;\"><span dir=\"auto\" style=\"vertical-align: inherit;\">dose mod\u00e9r\u00e9e<\/span><\/span><\/strong><span dir=\"auto\" style=\"vertical-align: inherit;\"><span dir=\"auto\" style=\"vertical-align: inherit;\"> \u00a0pour l'investigation initiale ; des doses plus faibles (20-30 mg) peuvent \u00eatre envisag\u00e9es.<\/span><\/span><\/p>\n<\/li>\n<li>\n<p class=\"ds-markdown-paragraph\"><strong><span dir=\"auto\" style=\"vertical-align: inherit;\"><span dir=\"auto\" style=\"vertical-align: inherit;\">\u00c9viter les combinaisons<\/span><\/span><\/strong><span dir=\"auto\" style=\"vertical-align: inherit;\"><span dir=\"auto\" style=\"vertical-align: inherit;\"> \u00a0avec des inhibiteurs de la MAO, des ISRS ou d'autres substances s\u00e9rotoninergiques (risque de syndrome s\u00e9rotoninergique).<\/span><\/span><\/p>\n<\/li>\n<li>\n<p class=\"ds-markdown-paragraph\"><strong><span dir=\"auto\" style=\"vertical-align: inherit;\"><span dir=\"auto\" style=\"vertical-align: inherit;\">Toujours tester<\/span><\/span><\/strong><span dir=\"auto\" style=\"vertical-align: inherit;\"><span dir=\"auto\" style=\"vertical-align: inherit;\"> \u00a0- Utiliser des kits de r\u00e9actifs (Marquis, Mecke, Froehde) pour v\u00e9rifier la puret\u00e9. <\/span><\/span><br \/>\n\u26a0\u00a0<strong><span dir=\"auto\" style=\"vertical-align: inherit;\"><span dir=\"auto\" style=\"vertical-align: inherit;\">Conseils de stockage<\/span><\/span><\/strong><span dir=\"auto\" style=\"vertical-align: inherit;\"><span dir=\"auto\" style=\"vertical-align: inherit;\"> \u00a0- Conserver dans un\u00a0 <\/span><\/span><strong><span dir=\"auto\" style=\"vertical-align: inherit;\"><span dir=\"auto\" style=\"vertical-align: inherit;\">endroit frais et sec<\/span><\/span><\/strong><span dir=\"auto\" style=\"vertical-align: inherit;\"><span dir=\"auto\" style=\"vertical-align: inherit;\"> , \u00e0 l'abri de la lumi\u00e8re et de l'humidit\u00e9.<\/span><\/span><\/p>\n<\/li>\n<\/ul>\n<h3><strong><span dir=\"auto\" style=\"vertical-align: inherit;\"><span dir=\"auto\" style=\"vertical-align: inherit;\">Statut juridique :<\/span><\/span><\/strong><\/h3>\n<ul>\n<li>\n<p class=\"ds-markdown-paragraph\"><span dir=\"auto\" style=\"vertical-align: inherit;\"><span dir=\"auto\" style=\"vertical-align: inherit;\">Le 5-MAPB est class\u00e9 sous la rubrique\u00a0 <\/span><\/span><strong><span dir=\"auto\" style=\"vertical-align: inherit;\"><span dir=\"auto\" style=\"vertical-align: inherit;\">Loi sur l'opium<\/span><\/span><\/strong><span dir=\"auto\" style=\"vertical-align: inherit;\"><span dir=\"auto\" style=\"vertical-align: inherit;\"> dans certains pays (par exemple aux Pays-Bas sous le nom de NPS).<\/span><\/span><\/p>\n<\/li>\n<li>\n<p class=\"ds-markdown-paragraph\"><strong><span dir=\"auto\" style=\"vertical-align: inherit;\"><span dir=\"auto\" style=\"vertical-align: inherit;\">Ne pas utiliser \u00e0 des fins r\u00e9cr\u00e9atives<\/span><\/span><\/strong><span dir=\"auto\" style=\"vertical-align: inherit;\"><span dir=\"auto\" style=\"vertical-align: inherit;\"> \u00a0- L\u00e9gale uniquement pour les installations de recherche autoris\u00e9es.<\/span><\/span><\/p>\n<\/li>\n<\/ul>\n<h3><strong><span dir=\"auto\" style=\"vertical-align: inherit;\"><span dir=\"auto\" style=\"vertical-align: inherit;\">Pourquoi acheter nos granul\u00e9s de 5-MAPB ?<\/span><\/span><\/strong><\/h3>\n<p class=\"ds-markdown-paragraph\">\ud83d\udd2c\u00a0<strong><span dir=\"auto\" style=\"vertical-align: inherit;\"><span dir=\"auto\" style=\"vertical-align: inherit;\">Assurance qualit\u00e9<\/span><\/span><\/strong><span dir=\"auto\" style=\"vertical-align: inherit;\"><span dir=\"auto\" style=\"vertical-align: inherit;\"> \u00a0- Analyse avanc\u00e9e (HPLC\/MS) pour la puret\u00e9. <\/span><\/span><br \/>\n\ud83d\udce6\u00a0<strong><span dir=\"auto\" style=\"vertical-align: inherit;\"><span dir=\"auto\" style=\"vertical-align: inherit;\">Exp\u00e9dition discr\u00e8te et s\u00e9curis\u00e9e<\/span><\/span><\/strong><span dir=\"auto\" style=\"vertical-align: inherit;\"><span dir=\"auto\" style=\"vertical-align: inherit;\"> \u00a0- Possibilit\u00e9 de suivi et de tra\u00e7abilit\u00e9. <\/span><\/span><br \/>\n\ud83d\udcda\u00a0<strong><span dir=\"auto\" style=\"vertical-align: inherit;\"><span dir=\"auto\" style=\"vertical-align: inherit;\">Soutien scientifique<\/span><\/span><\/strong><span dir=\"auto\" style=\"vertical-align: inherit;\"><span dir=\"auto\" style=\"vertical-align: inherit;\"> \u00a0- Fiche de donn\u00e9es de s\u00e9curit\u00e9 (MSDS) disponible sur demande.<\/span><\/span><\/p>\n<p class=\"ds-markdown-paragraph\"><strong><span dir=\"auto\" style=\"vertical-align: inherit;\"><span dir=\"auto\" style=\"vertical-align: inherit;\">Remarque importante :<\/span><\/span><\/strong><br \/>\n<span dir=\"auto\" style=\"vertical-align: inherit;\"><span dir=\"auto\" style=\"vertical-align: inherit;\"> Ce produit est\u00a0 <\/span><\/span><strong><span dir=\"auto\" style=\"vertical-align: inherit;\"><span dir=\"auto\" style=\"vertical-align: inherit;\">\u00e0 des fins de recherche scientifique uniquement<\/span><\/span><\/strong><span dir=\"auto\" style=\"vertical-align: inherit;\"><span dir=\"auto\" style=\"vertical-align: inherit;\"> et non \u00e0 des fins d'exp\u00e9rimentation ou de consommation priv\u00e9e. <\/span><\/span><a href=\"https:\/\/researchchemicalshop.eu\/fr\/boutique\/iboga-ibogaine\/iboga-root-bark\/\"><span dir=\"auto\" style=\"vertical-align: inherit;\"><span dir=\"auto\" style=\"vertical-align: inherit;\">\u00c9corce de racine d'iboga<\/span><\/span><\/a><a href=\"https:\/\/researchchemicalshop.eu\/fr\/boutique\/iboga-ibogaine\/buy-ibogaine-hcl-online\/\"><span dir=\"auto\" style=\"vertical-align: inherit;\"><span dir=\"auto\" style=\"vertical-align: inherit;\">buy ibogaine hcl online<\/span><\/span><\/a><a href=\"https:\/\/researchchemicalshop.eu\/fr\/boutique\/lysergamides\/1cp-lsd\/\"><span dir=\"auto\" style=\"vertical-align: inherit;\"><span dir=\"auto\" style=\"vertical-align: inherit;\">1cp lsd <\/span><\/span><\/a><a href=\"https:\/\/researchchemicalshop.eu\/fr\/boutique\/pellets-for-pellet\/o-dsmt-50mg-pellets\/\"><span dir=\"auto\" style=\"vertical-align: inherit;\"><span dir=\"auto\" style=\"vertical-align: inherit;\">o-dsmt <\/span><\/span><\/a><a href=\"https:\/\/researchchemicalshop.eu\/fr\/boutique\/lysergamides\/1vlsd\/\"><span dir=\"auto\" style=\"vertical-align: inherit;\"><span dir=\"auto\" style=\"vertical-align: inherit;\">1vlsd<\/span><\/span><\/a><\/p>","protected":false},"excerpt":{"rendered":"<p><strong><span dir=\"auto\" style=\"vertical-align: inherit;\"><span dir=\"auto\" style=\"vertical-align: inherit;\">5-MAPB 50mg Pellets<\/span><\/span><\/strong><\/p>\n<p><span dir=\"auto\" style=\"vertical-align: inherit;\"><span dir=\"auto\" style=\"vertical-align: inherit;\">Synonym: 1-(benzofuran-5-yl)-N-methylpropan-2-amine <\/span><\/span><br \/>\n<strong><span dir=\"auto\" style=\"vertical-align: inherit;\"><span dir=\"auto\" style=\"vertical-align: inherit;\">CAS Number:<\/span><\/span><\/strong><span dir=\"auto\" style=\"vertical-align: inherit;\"><span dir=\"auto\" style=\"vertical-align: inherit;\"> \u00a01354631-77-8 <\/span><\/span><br \/>\n<strong><span dir=\"auto\" style=\"vertical-align: inherit;\"><span dir=\"auto\" style=\"vertical-align: inherit;\">Formula:<\/span><\/span><\/strong><span dir=\"auto\" style=\"vertical-align: inherit;\"><span dir=\"auto\" style=\"vertical-align: inherit;\"> C12H15NO <\/span><\/span><br \/>\n<strong><span dir=\"auto\" style=\"vertical-align: inherit;\"><span dir=\"auto\" style=\"vertical-align: inherit;\">Molar mass:<\/span><\/span><\/strong><span dir=\"auto\" style=\"vertical-align: inherit;\"><span dir=\"auto\" style=\"vertical-align: inherit;\"> \u00a0189.25 g\/mol <\/span><\/span><br \/>\n<strong><span dir=\"auto\" style=\"vertical-align: inherit;\"><span dir=\"auto\" style=\"vertical-align: inherit;\">Purity:<\/span><\/span><\/strong><span dir=\"auto\" style=\"vertical-align: inherit;\"><span dir=\"auto\" style=\"vertical-align: inherit;\"> \u00a0&gt;98%<\/span><\/span><\/p>","protected":false},"featured_media":16913,"comment_status":"closed","ping_status":"closed","template":"","meta":[],"product_brand":[23],"product_cat":[136,593,25,17,71],"product_tag":[137,138,139,618,742,22],"class_list":{"0":"post-1600","1":"product","2":"type-product","3":"status-publish","4":"has-post-thumbnail","6":"product_brand-research-chemical","7":"product_cat-5-mapb","8":"product_cat-5-mapb-pellets","9":"product_cat-benzofuran","10":"product_cat-bijna-verboden","11":"product_cat-pellets","12":"product_tag-5-mapb","13":"product_tag-5-mapb-ervaring","14":"product_tag-5-mapb-kopen","15":"product_tag-5mapb","16":"product_tag-mapb","17":"product_tag-nl","19":"first","20":"instock","21":"shipping-taxable","22":"purchasable","23":"product-type-variable"},"_links":{"self":[{"href":"https:\/\/researchchemicalshop.eu\/fr\/wp-json\/wp\/v2\/product\/1600","targetHints":{"allow":["GET"]}}],"collection":[{"href":"https:\/\/researchchemicalshop.eu\/fr\/wp-json\/wp\/v2\/product"}],"about":[{"href":"https:\/\/researchchemicalshop.eu\/fr\/wp-json\/wp\/v2\/types\/product"}],"replies":[{"embeddable":true,"href":"https:\/\/researchchemicalshop.eu\/fr\/wp-json\/wp\/v2\/comments?post=1600"}],"version-history":[{"count":4,"href":"https:\/\/researchchemicalshop.eu\/fr\/wp-json\/wp\/v2\/product\/1600\/revisions"}],"predecessor-version":[{"id":16469,"href":"https:\/\/researchchemicalshop.eu\/fr\/wp-json\/wp\/v2\/product\/1600\/revisions\/16469"}],"wp:featuredmedia":[{"embeddable":true,"href":"https:\/\/researchchemicalshop.eu\/fr\/wp-json\/wp\/v2\/media\/16913"}],"wp:attachment":[{"href":"https:\/\/researchchemicalshop.eu\/fr\/wp-json\/wp\/v2\/media?parent=1600"}],"wp:term":[{"taxonomy":"product_brand","embeddable":true,"href":"https:\/\/researchchemicalshop.eu\/fr\/wp-json\/wp\/v2\/product_brand?post=1600"},{"taxonomy":"product_cat","embeddable":true,"href":"https:\/\/researchchemicalshop.eu\/fr\/wp-json\/wp\/v2\/product_cat?post=1600"},{"taxonomy":"product_tag","embeddable":true,"href":"https:\/\/researchchemicalshop.eu\/fr\/wp-json\/wp\/v2\/product_tag?post=1600"}],"curies":[{"name":"wp","href":"https:\/\/api.w.org\/{rel}","templated":true}]}}