{"id":1315,"date":"2026-02-09T11:56:21","date_gmt":"2026-02-09T11:56:21","guid":{"rendered":"https:\/\/researchchemicalshop.eu\/?post_type=product&#038;p=1315"},"modified":"2026-03-02T01:54:23","modified_gmt":"2026-03-02T01:54:23","slug":"6-apb-benzo-fury","status":"publish","type":"product","link":"https:\/\/researchchemicalshop.eu\/fr\/produit\/6-apb-benzo-fury\/","title":{"rendered":"6 apb benzo fury 100mg Pellets"},"content":{"rendered":"<h3 data-start=\"4092\" data-end=\"4113\"><strong data-start=\"4096\" data-end=\"4111\">Introduction<\/strong><\/h3>\n<p data-start=\"4114\" data-end=\"4550\"><strong data-start=\"4114\" data-end=\"4148\">Benzo Fury 6-APB 100mg Pellets<\/strong> contenir <strong data-start=\"4158\" data-end=\"4203\">100mg 6-APB (6-(2-aminopropyl)benzofurane)<\/strong> avec un <strong data-start=\"4212\" data-end=\"4236\">puret\u00e9 de \u2265 98%<\/strong>, sp\u00e9cialement con\u00e7u pour les <strong data-start=\"4263\" data-end=\"4316\">la recherche analytique, m\u00e9dico-l\u00e9gale et neurochimique<\/strong>. 6 apb benzo fury\u00a0<br data-start=\"4317\" data-end=\"4320\" \/>6-APB, plus connu sous le nom de <strong data-start=\"4344\" data-end=\"4361\">\u201cBenzo Fury\u201d, \"Benzo Fury\", \"Benzo Fury\", \"Benzo Fury\".\u201d<\/strong> est un <strong data-start=\"4369\" data-end=\"4407\">compos\u00e9 synth\u00e9tique de benzofurane<\/strong> et structurellement li\u00e9 \u00e0 <strong data-start=\"4435\" data-end=\"4442\">MDA<\/strong>. Il fait l'objet d'une enqu\u00eate en raison de ses <strong data-start=\"4478\" data-end=\"4519\">affinit\u00e9 avec les transporteurs de monoamines<\/strong> et <strong data-start=\"4523\" data-end=\"4547\">r\u00e9cepteurs de s\u00e9rotonine<\/strong>.<\/p>\n<p data-start=\"4552\" data-end=\"4701\">Chaque granul\u00e9 est produit avec pr\u00e9cision et <strong data-start=\"4594\" data-end=\"4643\">emball\u00e9 dans un blister de protection<\/strong> pour une stabilit\u00e9 maximale et une fiabilit\u00e9 de la recherche.<\/p>\n<blockquote data-start=\"4703\" data-end=\"4849\">\n<p data-start=\"4705\" data-end=\"4849\">\u26a0\ufe0f <strong data-start=\"4708\" data-end=\"4719\">Remarque :<\/strong> Ce produit est destin\u00e9 exclusivement \u00e0 <strong data-start=\"4760\" data-end=\"4795\">la recherche et l'analyse<\/strong> \u2014 <strong data-start=\"4798\" data-end=\"4846\">non destin\u00e9 \u00e0 la consommation humaine ou animale<\/strong>.<\/p>\n<\/blockquote>\n<hr data-start=\"4851\" data-end=\"4854\" \/>\n<h3 data-start=\"4856\" data-end=\"4887\"><strong data-start=\"4860\" data-end=\"4887\">Caract\u00e9ristiques principales<\/strong><\/h3>\n<div class=\"_tableContainer_1rjym_1\">\n<div class=\"group _tableWrapper_1rjym_13 flex w-fit flex-col-reverse\" tabindex=\"-1\">\n<table class=\"w-fit min-w-(--thread-content-width)\" data-start=\"4889\" data-end=\"5461\">\n<thead data-start=\"4889\" data-end=\"4915\">\n<tr data-start=\"4889\" data-end=\"4915\">\n<th data-start=\"4889\" data-end=\"4899\" data-col-size=\"sm\">Fonctionnalit\u00e9<\/th>\n<th data-start=\"4899\" data-end=\"4915\" data-col-size=\"md\">Description<\/th>\n<\/tr>\n<\/thead>\n<tbody data-start=\"4944\" data-end=\"5461\">\n<tr data-start=\"4944\" data-end=\"4996\">\n<td data-start=\"4944\" data-end=\"4965\" data-col-size=\"sm\"><strong data-start=\"4946\" data-end=\"4964\">Nom chimique<\/strong><\/td>\n<td data-start=\"4965\" data-end=\"4996\" data-col-size=\"md\">6-(2-Aminopropyl)benzofurane<\/td>\n<\/tr>\n<tr data-start=\"4997\" data-end=\"5044\">\n<td data-start=\"4997\" data-end=\"5022\" data-col-size=\"sm\"><strong data-start=\"4999\" data-end=\"5021\">Nom commun<\/strong><\/td>\n<td data-start=\"5022\" data-end=\"5044\" data-col-size=\"md\">6-APB \/ Benzo Fury<\/td>\n<\/tr>\n<tr data-start=\"5045\" data-end=\"5081\">\n<td data-start=\"5045\" data-end=\"5069\" data-col-size=\"sm\"><strong data-start=\"5047\" data-end=\"5068\">Formule chimique<\/strong><\/td>\n<td data-start=\"5069\" data-end=\"5081\" data-col-size=\"md\">C\u2081\u2081H\u2081\u2083NO<\/td>\n<\/tr>\n<tr data-start=\"5082\" data-end=\"5120\">\n<td data-start=\"5082\" data-end=\"5104\" data-col-size=\"sm\"><strong data-start=\"5084\" data-end=\"5103\">Poids mol\u00e9culaire<\/strong><\/td>\n<td data-start=\"5104\" data-end=\"5120\" data-col-size=\"md\">175,23 g\/mol<\/td>\n<\/tr>\n<tr data-start=\"5121\" data-end=\"5156\">\n<td data-start=\"5121\" data-end=\"5136\" data-col-size=\"sm\"><strong data-start=\"5123\" data-end=\"5135\">Dosage<\/strong><\/td>\n<td data-start=\"5136\" data-end=\"5156\" data-col-size=\"md\">100 mg par comprim\u00e9<\/td>\n<\/tr>\n<tr data-start=\"5157\" data-end=\"5204\">\n<td data-start=\"5157\" data-end=\"5168\" data-col-size=\"sm\"><strong data-start=\"5159\" data-end=\"5167\">Formulaire<\/strong><\/td>\n<td data-start=\"5168\" data-end=\"5204\" data-col-size=\"md\">Pastille solide (blister)<\/td>\n<\/tr>\n<tr data-start=\"5205\" data-end=\"5256\">\n<td data-start=\"5205\" data-end=\"5222\" data-col-size=\"sm\"><strong data-start=\"5207\" data-end=\"5221\">La puret\u00e9<\/strong><\/td>\n<td data-start=\"5222\" data-end=\"5256\" data-col-size=\"md\">\u2265 98% (test\u00e9 par HPLC et RMN)<\/td>\n<\/tr>\n<tr data-start=\"5257\" data-end=\"5319\">\n<td data-start=\"5257\" data-end=\"5280\" data-col-size=\"sm\"><strong data-start=\"5259\" data-end=\"5279\">Classe chimique<\/strong><\/td>\n<td data-start=\"5280\" data-end=\"5319\" data-col-size=\"md\">Analogues du benzofurane et de la ph\u00e9n\u00e9thylamine<\/td>\n<\/tr>\n<tr data-start=\"5320\" data-end=\"5399\">\n<td data-start=\"5320\" data-end=\"5334\" data-col-size=\"sm\"><strong data-start=\"5322\" data-end=\"5333\">Utilisation<\/strong><\/td>\n<td data-start=\"5334\" data-end=\"5399\" data-col-size=\"md\">Uniquement pour la recherche analytique, m\u00e9dico-l\u00e9gale et neurochimique<\/td>\n<\/tr>\n<tr data-start=\"5400\" data-end=\"5461\">\n<td data-start=\"5400\" data-end=\"5417\" data-col-size=\"sm\"><strong data-start=\"5402\" data-end=\"5416\">Emballage<\/strong><\/td>\n<td data-start=\"5417\" data-end=\"5461\" data-col-size=\"md\">Blister avec sceau de laboratoire<\/td>\n<\/tr>\n<\/tbody>\n<\/table>\n<\/div>\n<\/div>\n<hr data-start=\"5463\" data-end=\"5466\" \/>\n<h3 data-start=\"5468\" data-end=\"5485\"><strong data-start=\"5472\" data-end=\"5485\">Avantages<\/strong><\/h3>\n<ul data-start=\"5487\" data-end=\"5897\">\n<li data-start=\"5487\" data-end=\"5579\">\n<p data-start=\"5489\" data-end=\"5579\"><strong data-start=\"5489\" data-end=\"5508\">Haute puret\u00e9<\/strong> - \u2265 98% grade de laboratoire pour des r\u00e9sultats d'examen pr\u00e9cis.<\/p>\n<\/li>\n<li data-start=\"5580\" data-end=\"5654\">\n<p data-start=\"5582\" data-end=\"5654\"><strong data-start=\"5582\" data-end=\"5606\">Un dosage pr\u00e9cis<\/strong> - 100 mg par pastille pour des analyses coh\u00e9rentes.<\/p>\n<\/li>\n<li data-start=\"5655\" data-end=\"5742\">\n<p data-start=\"5657\" data-end=\"5742\"><strong data-start=\"5657\" data-end=\"5682\">Emballage protecteur<\/strong> - L'emballage sous blister emp\u00eache la d\u00e9gradation par l'air ou l'humidit\u00e9.<\/p>\n<\/li>\n<li data-start=\"5743\" data-end=\"5826\">\n<p data-start=\"5745\" data-end=\"5826\"><strong data-start=\"5745\" data-end=\"5775\">Chauss\u00e9e de recherche large<\/strong> - Convient pour GC\/MS, LC-MS, FTIR, NMR et HPLC.<\/p>\n<\/li>\n<li data-start=\"5827\" data-end=\"5897\">\n<p data-start=\"5829\" data-end=\"5897\"><strong data-start=\"5829\" data-end=\"5854\">Qualit\u00e9 tra\u00e7able<\/strong> - Informations compl\u00e8tes sur les lots disponibles.<\/p>\n<\/li>\n<\/ul>\n<hr data-start=\"5899\" data-end=\"5902\" \/>\n<h3 data-start=\"5904\" data-end=\"5956\"><strong data-start=\"5908\" data-end=\"5954\">Utilisation (\u00e0 des fins de recherche uniquement)<\/strong><\/h3>\n<ol data-start=\"5958\" data-end=\"6344\">\n<li data-start=\"5958\" data-end=\"6027\">\n<p data-start=\"5961\" data-end=\"6027\"><strong data-start=\"5961\" data-end=\"5976\">Manipulation :<\/strong> Utilisez des gants, des lunettes de protection et une blouse de laboratoire.<\/p>\n<\/li>\n<li data-start=\"6028\" data-end=\"6127\">\n<p data-start=\"6031\" data-end=\"6127\"><strong data-start=\"6031\" data-end=\"6044\">Mesures :<\/strong> Chaque pastille contient exactement 100 mg ; ne pas ajuster en dehors des conditions de laboratoire.<\/p>\n<\/li>\n<li data-start=\"6128\" data-end=\"6182\">\n<p data-start=\"6131\" data-end=\"6182\"><strong data-start=\"6131\" data-end=\"6142\">Stockage :<\/strong> Conserver au frais (2-8\u00b0C), au sec et \u00e0 l'abri de la lumi\u00e8re.<\/p>\n<\/li>\n<li data-start=\"6183\" data-end=\"6272\">\n<p data-start=\"6186\" data-end=\"6272\"><strong data-start=\"6186\" data-end=\"6198\">Analyse :<\/strong> Convient \u00e0 la chromatographie, \u00e0 la spectroscopie et \u00e0 la recherche neurochimique.<\/p>\n<\/li>\n<li data-start=\"6273\" data-end=\"6344\">\n<p data-start=\"6276\" data-end=\"6344\"><strong data-start=\"6276\" data-end=\"6293\">Documentation :<\/strong> Notez les num\u00e9ros de lot et la puret\u00e9 pour assurer la conformit\u00e9. 6 apb benzo fury<\/p>\n<\/li>\n<\/ol>\n<hr data-start=\"6346\" data-end=\"6349\" \/>\n<h3 data-start=\"6351\" data-end=\"6386\"><strong data-start=\"6355\" data-end=\"6384\">Foire aux questions (FAQ)<\/strong><\/h3>\n<p data-start=\"6388\" data-end=\"6562\"><strong data-start=\"6388\" data-end=\"6421\">1. Qu'est-ce que le 6-APB (Benzo Fury) ?<\/strong><br data-start=\"6421\" data-end=\"6424\" \/><strong data-start=\"6424\" data-end=\"6433\">6-APB<\/strong> est un <strong data-start=\"6441\" data-end=\"6479\">compos\u00e9 synth\u00e9tique de benzofurane<\/strong> utilis\u00e9 pour la recherche sur les r\u00e9cepteurs des monoamines et la neurotransmission.<\/p>\n<p data-start=\"6564\" data-end=\"6705\"><strong data-start=\"6564\" data-end=\"6616\">2. A quoi servent les comprim\u00e9s de 6-APB 100mg ?<\/strong><br data-start=\"6616\" data-end=\"6619\" \/>Les granul\u00e9s sont destin\u00e9s \u00e0 <strong data-start=\"6648\" data-end=\"6702\">la recherche analytique, m\u00e9dico-l\u00e9gale et pharmacologique<\/strong>.<\/p>\n<p data-start=\"6707\" data-end=\"6863\"><strong data-start=\"6707\" data-end=\"6746\">3. Est-il l\u00e9gal d'acheter du 6-APB ?<\/strong><br data-start=\"6746\" data-end=\"6749\" \/>Le <strong data-start=\"6752\" data-end=\"6776\">l\u00e9galit\u00e9 du 6-APB<\/strong> varie d'un pays \u00e0 l'autre. V\u00e9rifiez toujours la l\u00e9gislation locale avant de <strong data-start=\"6845\" data-end=\"6860\">6-APB ach\u00e8te<\/strong>.<\/p>","protected":false},"excerpt":{"rendered":"<p>Introductie Benzo Fury 6-APB 100mg Pellets bevatten 100mg 6-APB (6-(2-aminopropyl)benzofuran) met een zuiverheid van \u2265 98%, speciaal ontwikkeld voor analytisch,<\/p>","protected":false},"featured_media":16941,"comment_status":"closed","ping_status":"closed","template":"","meta":[],"product_brand":[],"product_cat":[24,413,25,17,71,26],"product_tag":[478,481,22],"class_list":{"0":"post-1315","1":"product","2":"type-product","3":"status-publish","4":"has-post-thumbnail","6":"product_cat-apb-6","7":"product_cat-6-apb-pellets","8":"product_cat-benzofuran","9":"product_cat-bijna-verboden","10":"product_cat-pellets","11":"product_cat-sale","12":"product_tag-6-apb-benzo-fury","13":"product_tag-apb-6","14":"product_tag-nl","16":"first","17":"instock","18":"sale","19":"shipping-taxable","20":"purchasable","21":"product-type-variable"},"_links":{"self":[{"href":"https:\/\/researchchemicalshop.eu\/fr\/wp-json\/wp\/v2\/product\/1315","targetHints":{"allow":["GET"]}}],"collection":[{"href":"https:\/\/researchchemicalshop.eu\/fr\/wp-json\/wp\/v2\/product"}],"about":[{"href":"https:\/\/researchchemicalshop.eu\/fr\/wp-json\/wp\/v2\/types\/product"}],"replies":[{"embeddable":true,"href":"https:\/\/researchchemicalshop.eu\/fr\/wp-json\/wp\/v2\/comments?post=1315"}],"version-history":[{"count":1,"href":"https:\/\/researchchemicalshop.eu\/fr\/wp-json\/wp\/v2\/product\/1315\/revisions"}],"predecessor-version":[{"id":16518,"href":"https:\/\/researchchemicalshop.eu\/fr\/wp-json\/wp\/v2\/product\/1315\/revisions\/16518"}],"wp:featuredmedia":[{"embeddable":true,"href":"https:\/\/researchchemicalshop.eu\/fr\/wp-json\/wp\/v2\/media\/16941"}],"wp:attachment":[{"href":"https:\/\/researchchemicalshop.eu\/fr\/wp-json\/wp\/v2\/media?parent=1315"}],"wp:term":[{"taxonomy":"product_brand","embeddable":true,"href":"https:\/\/researchchemicalshop.eu\/fr\/wp-json\/wp\/v2\/product_brand?post=1315"},{"taxonomy":"product_cat","embeddable":true,"href":"https:\/\/researchchemicalshop.eu\/fr\/wp-json\/wp\/v2\/product_cat?post=1315"},{"taxonomy":"product_tag","embeddable":true,"href":"https:\/\/researchchemicalshop.eu\/fr\/wp-json\/wp\/v2\/product_tag?post=1315"}],"curies":[{"name":"wp","href":"https:\/\/api.w.org\/{rel}","templated":true}]}}