{"id":1301,"date":"2026-02-09T11:56:21","date_gmt":"2026-02-09T11:56:21","guid":{"rendered":"https:\/\/researchchemicalshop.eu\/?post_type=product&#038;p=1301"},"modified":"2026-02-13T11:11:59","modified_gmt":"2026-02-13T11:11:59","slug":"newphoria-2-3-fea","status":"publish","type":"product","link":"https:\/\/researchchemicalshop.eu\/fr\/produit\/newphoria-2-3-fea\/","title":{"rendered":"Newphoria 2\/3-FEA 35 MG\/100MG Pellets"},"content":{"rendered":"<h3 data-start=\"4220\" data-end=\"4241\"><strong data-start=\"4224\" data-end=\"4239\">Introduction<\/strong><\/h3>\n<p data-start=\"4242\" data-end=\"4512\"><strong data-start=\"4242\" data-end=\"4284\">Newphoria 2\/3-FEA 35mg \/ 100mg Pellets<\/strong> bevatten een precieze combinatie van <strong data-start=\"4322\" data-end=\"4357\">2-FEA (2-Fluoroethylamfetamine)<\/strong> et <strong data-start=\"4361\" data-end=\"4396\">3-FEA (3-Fluoroethylamfetamine)<\/strong> \u2014 twee <strong data-start=\"4404\" data-end=\"4442\">fluorvervangen amfetamine-analogen<\/strong> die veel worden gebruikt in <strong data-start=\"4471\" data-end=\"4509\">forensisch en analytisch onderzoek<\/strong>. 2 fea\u200b<\/p>\n<p data-start=\"4514\" data-end=\"4730\">Dankzij de <strong data-start=\"4525\" data-end=\"4554\">2- en 3-fluorsubstituties<\/strong> op de fenethylamine-structuur zijn deze verbindingen ideaal voor onderzoek naar <strong data-start=\"4635\" data-end=\"4677\">les relations structure-activit\u00e9 (SAR)<\/strong> et <strong data-start=\"4681\" data-end=\"4700\">receptorbinding<\/strong> binnen de amfetamineklasse.<\/p>\n<p data-start=\"4732\" data-end=\"4950\">Chaque pastille contient <strong data-start=\"4750\" data-end=\"4767\">35mg of 100mg<\/strong> van de actieve onderzoeksformule met een <strong data-start=\"4809\" data-end=\"4833\">puret\u00e9 de \u2265 98%<\/strong>, getest via <strong data-start=\"4846\" data-end=\"4861\">HPLC en NMR<\/strong>. De pellets zijn <strong data-start=\"4879\" data-end=\"4897\">blisterverpakt<\/strong> voor optimale bescherming en nauwkeurige dosering.<\/p>\n<blockquote data-start=\"4952\" data-end=\"5098\">\n<p data-start=\"4954\" data-end=\"5098\">\u26a0\ufe0f <strong data-start=\"4957\" data-end=\"4968\">Remarque :<\/strong> Ce produit est destin\u00e9 exclusivement \u00e0 <strong data-start=\"5009\" data-end=\"5044\">la recherche et l'analyse<\/strong> \u2014 <strong data-start=\"5047\" data-end=\"5095\">non destin\u00e9 \u00e0 la consommation humaine ou animale<\/strong>.<\/p>\n<\/blockquote>\n<hr data-start=\"5100\" data-end=\"5103\" \/>\n<h3 data-start=\"5105\" data-end=\"5136\"><strong data-start=\"5109\" data-end=\"5136\">Caract\u00e9ristiques principales<\/strong><\/h3>\n<div class=\"_tableContainer_1rjym_1\">\n<div class=\"group _tableWrapper_1rjym_13 flex w-fit flex-col-reverse\" tabindex=\"-1\">\n<table class=\"w-fit min-w-(--thread-content-width)\" data-start=\"5138\" data-end=\"5755\">\n<thead data-start=\"5138\" data-end=\"5164\">\n<tr data-start=\"5138\" data-end=\"5164\">\n<th data-start=\"5138\" data-end=\"5148\" data-col-size=\"sm\">Fonctionnalit\u00e9<\/th>\n<th data-start=\"5148\" data-end=\"5164\" data-col-size=\"md\">Description<\/th>\n<\/tr>\n<\/thead>\n<tbody data-start=\"5193\" data-end=\"5755\">\n<tr data-start=\"5193\" data-end=\"5240\">\n<td data-start=\"5193\" data-end=\"5211\" data-col-size=\"sm\"><strong data-start=\"5195\" data-end=\"5210\">Nom du produit<\/strong><\/td>\n<td data-start=\"5211\" data-end=\"5240\" data-col-size=\"md\">Newphoria 2\/3-FEA Pellets<\/td>\n<\/tr>\n<tr data-start=\"5241\" data-end=\"5324\">\n<td data-start=\"5241\" data-end=\"5271\" data-col-size=\"sm\"><strong data-start=\"5243\" data-end=\"5270\">Chemische Samenstelling<\/strong><\/td>\n<td data-start=\"5271\" data-end=\"5324\" data-col-size=\"md\">2-Fluoroethylamfetamine &amp; 3-Fluoroethylamfetamine<\/td>\n<\/tr>\n<tr data-start=\"5325\" data-end=\"5370\">\n<td data-start=\"5325\" data-end=\"5342\" data-col-size=\"sm\"><strong data-start=\"5327\" data-end=\"5341\">Doseringen<\/strong><\/td>\n<td data-start=\"5342\" data-end=\"5370\" data-col-size=\"md\">35mg of 100mg per pellet<\/td>\n<\/tr>\n<tr data-start=\"5371\" data-end=\"5407\">\n<td data-start=\"5371\" data-end=\"5395\" data-col-size=\"sm\"><strong data-start=\"5373\" data-end=\"5394\">Formule chimique<\/strong><\/td>\n<td data-start=\"5395\" data-end=\"5407\" data-col-size=\"md\">C\u2081\u2081H\u2081\u2086FN<\/td>\n<\/tr>\n<tr data-start=\"5408\" data-end=\"5446\">\n<td data-start=\"5408\" data-end=\"5430\" data-col-size=\"sm\"><strong data-start=\"5410\" data-end=\"5429\">Poids mol\u00e9culaire<\/strong><\/td>\n<td data-start=\"5430\" data-end=\"5446\" data-col-size=\"md\">181,25 g\/mol<\/td>\n<\/tr>\n<tr data-start=\"5447\" data-end=\"5494\">\n<td data-start=\"5447\" data-end=\"5458\" data-col-size=\"sm\"><strong data-start=\"5449\" data-end=\"5457\">Formulaire<\/strong><\/td>\n<td data-start=\"5458\" data-end=\"5494\" data-col-size=\"md\">Pastille solide (blister)<\/td>\n<\/tr>\n<tr data-start=\"5495\" data-end=\"5546\">\n<td data-start=\"5495\" data-end=\"5512\" data-col-size=\"sm\"><strong data-start=\"5497\" data-end=\"5511\">La puret\u00e9<\/strong><\/td>\n<td data-start=\"5512\" data-end=\"5546\" data-col-size=\"md\">\u2265 98% (test\u00e9 par HPLC et RMN)<\/td>\n<\/tr>\n<tr data-start=\"5547\" data-end=\"5613\">\n<td data-start=\"5547\" data-end=\"5570\" data-col-size=\"sm\"><strong data-start=\"5549\" data-end=\"5569\">Classe chimique<\/strong><\/td>\n<td data-start=\"5570\" data-end=\"5613\" data-col-size=\"md\">Fluoramfetamine \/ Fenethylamine-analoog<\/td>\n<\/tr>\n<tr data-start=\"5614\" data-end=\"5693\">\n<td data-start=\"5614\" data-end=\"5628\" data-col-size=\"sm\"><strong data-start=\"5616\" data-end=\"5627\">Utilisation<\/strong><\/td>\n<td data-start=\"5628\" data-end=\"5693\" data-col-size=\"md\">Uniquement pour la recherche analytique, m\u00e9dico-l\u00e9gale et neurochimique<\/td>\n<\/tr>\n<tr data-start=\"5694\" data-end=\"5755\">\n<td data-start=\"5694\" data-end=\"5711\" data-col-size=\"sm\"><strong data-start=\"5696\" data-end=\"5710\">Emballage<\/strong><\/td>\n<td data-start=\"5711\" data-end=\"5755\" data-col-size=\"md\">Blisterstrip met verzegeling tegen vocht<\/td>\n<\/tr>\n<\/tbody>\n<\/table>\n<\/div>\n<\/div>\n<hr data-start=\"5757\" data-end=\"5760\" \/>\n<h3 data-start=\"5762\" data-end=\"5779\"><strong data-start=\"5766\" data-end=\"5779\">Avantages<\/strong><\/h3>\n<ul data-start=\"5781\" data-end=\"6184\">\n<li data-start=\"5781\" data-end=\"5866\">\n<p data-start=\"5783\" data-end=\"5866\"><strong data-start=\"5783\" data-end=\"5812\">Dubbele Onderzoeksformule<\/strong> \u2013 Bevat 2-FEA en 3-FEA voor vergelijkend onderzoek.<\/p>\n<\/li>\n<li data-start=\"5867\" data-end=\"5949\">\n<p data-start=\"5869\" data-end=\"5949\"><strong data-start=\"5869\" data-end=\"5888\">Haute puret\u00e9<\/strong> \u2013 \u2265 98% laboratoriumkwaliteit voor betrouwbare resultaten.<\/p>\n<\/li>\n<li data-start=\"5950\" data-end=\"6028\">\n<p data-start=\"5952\" data-end=\"6028\"><strong data-start=\"5952\" data-end=\"5971\">Twee Doseringen<\/strong> \u2013 Verkrijgbaar in 35mg en 100mg voor flexibel gebruik.<\/p>\n<\/li>\n<li data-start=\"6029\" data-end=\"6115\">\n<p data-start=\"6031\" data-end=\"6115\"><strong data-start=\"6031\" data-end=\"6056\">Emballage protecteur<\/strong> \u2013 Blisterverpakking voorkomt degradatie en contaminatie.<\/p>\n<\/li>\n<li data-start=\"6116\" data-end=\"6184\">\n<p data-start=\"6118\" data-end=\"6184\"><strong data-start=\"6118\" data-end=\"6146\">Gecontroleerde Productie<\/strong> \u2013 Elke batch getest en traceerbaar.<\/p>\n<\/li>\n<\/ul>\n<hr data-start=\"6186\" data-end=\"6189\" \/>\n<h3 data-start=\"6191\" data-end=\"6243\"><strong data-start=\"6195\" data-end=\"6241\">Utilisation (\u00e0 des fins de recherche uniquement)<\/strong><\/h3>\n<ol data-start=\"6245\" data-end=\"6588\">\n<li data-start=\"6245\" data-end=\"6314\">\n<p data-start=\"6248\" data-end=\"6314\"><strong data-start=\"6248\" data-end=\"6263\">Manipulation :<\/strong> Utilisez des gants, des lunettes de protection et une blouse de laboratoire.<\/p>\n<\/li>\n<li data-start=\"6315\" data-end=\"6386\">\n<p data-start=\"6318\" data-end=\"6386\"><strong data-start=\"6318\" data-end=\"6331\">Mesures :<\/strong> Elke pellet is nauwkeurig afgewogen (35mg of 100mg). 2 fea\u200b<\/p>\n<\/li>\n<li data-start=\"6387\" data-end=\"6465\">\n<p data-start=\"6390\" data-end=\"6465\"><strong data-start=\"6390\" data-end=\"6401\">Stockage :<\/strong> Bewaar koel (2\u20138\u00b0C), droog en donker in originele verpakking.<\/p>\n<\/li>\n<li data-start=\"6466\" data-end=\"6525\">\n<p data-start=\"6469\" data-end=\"6525\"><strong data-start=\"6469\" data-end=\"6481\">Analyse :<\/strong> Geschikt voor GC\/MS, LC-MS, FTIR en HPLC.<\/p>\n<\/li>\n<li data-start=\"6526\" data-end=\"6588\">\n<p data-start=\"6529\" data-end=\"6588\"><strong data-start=\"6529\" data-end=\"6546\">Documentation :<\/strong> Noteer batchnummers en analysemethoden.<\/p>\n<\/li>\n<\/ol>\n<hr data-start=\"6590\" data-end=\"6593\" \/>\n<h3 data-start=\"6595\" data-end=\"6630\"><strong data-start=\"6599\" data-end=\"6628\">Foire aux questions (FAQ)<\/strong><\/h3>\n<p data-start=\"6632\" data-end=\"6773\"><strong data-start=\"6632\" data-end=\"6664\">1. Wat is Newphoria 2\/3-FEA?<\/strong><br data-start=\"6664\" data-end=\"6667\" \/>A <strong data-start=\"6671\" data-end=\"6690\">onderzoeksblend<\/strong> van <strong data-start=\"6695\" data-end=\"6713\">2-FEA en 3-FEA<\/strong>, ontwikkeld voor analytische en forensische toepassingen.<\/p>\n<p data-start=\"6775\" data-end=\"6890\"><strong data-start=\"6775\" data-end=\"6807\">2. Welke doseringen zijn er?<\/strong><br data-start=\"6807\" data-end=\"6810\" \/>Verkrijgbaar in <strong data-start=\"6826\" data-end=\"6843\">35mg of 100mg<\/strong> per pellet met een zuiverheid van <strong data-start=\"6878\" data-end=\"6887\">\u2265 98%<\/strong>.<\/p>\n<p data-start=\"6892\" data-end=\"7092\"><strong data-start=\"6892\" data-end=\"6943\">3. Is het legaal om Newphoria 2\/3-FEA te kopen?<\/strong><br data-start=\"6943\" data-end=\"6946\" \/>Le <strong data-start=\"6949\" data-end=\"6993\">legaliteit van fluoroamfetamine-analogen<\/strong> varie d'un pays \u00e0 l'autre. V\u00e9rifiez toujours la l\u00e9gislation locale avant de <strong data-start=\"7062\" data-end=\"7089\">Newphoria 2\/3-FEA koopt<\/strong>.<\/p>","protected":false},"excerpt":{"rendered":"<p>Introductie Newphoria 2\/3-FEA 35mg \/ 100mg Pellets bevatten een precieze combinatie van 2-FEA (2-Fluoroethylamfetamine) en 3-FEA (3-Fluoroethylamfetamine) \u2014 twee fluorvervangen<\/p>","protected":false},"featured_media":1331,"comment_status":"closed","ping_status":"closed","template":"","meta":[],"product_brand":[23],"product_cat":[405,589,407,590,17,32,71],"product_tag":[267,536,947,541,544,22],"class_list":{"0":"post-1301","1":"product","2":"type-product","3":"status-publish","4":"has-post-thumbnail","6":"product_brand-research-chemical","7":"product_cat-2-fea","8":"product_cat-2-fea-pellets","9":"product_cat-3-fea","10":"product_cat-3-fea-pellets","11":"product_cat-bijna-verboden","12":"product_cat-gefluoreerden","13":"product_cat-pellets","14":"product_tag-2-fea","15":"product_tag-2-fea-3-fea-research-chemical","16":"product_tag-newphoria-2-3-fea","17":"product_tag-newphoria-35mg-pellets","18":"product_tag-newphoria-pellets","19":"product_tag-nl","21":"first","22":"instock","23":"shipping-taxable","24":"purchasable","25":"product-type-variable"},"_links":{"self":[{"href":"https:\/\/researchchemicalshop.eu\/fr\/wp-json\/wp\/v2\/product\/1301","targetHints":{"allow":["GET"]}}],"collection":[{"href":"https:\/\/researchchemicalshop.eu\/fr\/wp-json\/wp\/v2\/product"}],"about":[{"href":"https:\/\/researchchemicalshop.eu\/fr\/wp-json\/wp\/v2\/types\/product"}],"replies":[{"embeddable":true,"href":"https:\/\/researchchemicalshop.eu\/fr\/wp-json\/wp\/v2\/comments?post=1301"}],"version-history":[{"count":1,"href":"https:\/\/researchchemicalshop.eu\/fr\/wp-json\/wp\/v2\/product\/1301\/revisions"}],"predecessor-version":[{"id":16524,"href":"https:\/\/researchchemicalshop.eu\/fr\/wp-json\/wp\/v2\/product\/1301\/revisions\/16524"}],"wp:featuredmedia":[{"embeddable":true,"href":"https:\/\/researchchemicalshop.eu\/fr\/wp-json\/wp\/v2\/media\/1331"}],"wp:attachment":[{"href":"https:\/\/researchchemicalshop.eu\/fr\/wp-json\/wp\/v2\/media?parent=1301"}],"wp:term":[{"taxonomy":"product_brand","embeddable":true,"href":"https:\/\/researchchemicalshop.eu\/fr\/wp-json\/wp\/v2\/product_brand?post=1301"},{"taxonomy":"product_cat","embeddable":true,"href":"https:\/\/researchchemicalshop.eu\/fr\/wp-json\/wp\/v2\/product_cat?post=1301"},{"taxonomy":"product_tag","embeddable":true,"href":"https:\/\/researchchemicalshop.eu\/fr\/wp-json\/wp\/v2\/product_tag?post=1301"}],"curies":[{"name":"wp","href":"https:\/\/api.w.org\/{rel}","templated":true}]}}