{"id":1044,"date":"2026-02-09T11:55:38","date_gmt":"2026-02-09T11:55:38","guid":{"rendered":"https:\/\/researchchemicalshop.eu\/?post_type=product&#038;p=1044"},"modified":"2026-03-05T16:54:37","modified_gmt":"2026-03-05T16:54:37","slug":"1d-lsd-2","status":"publish","type":"product","link":"https:\/\/researchchemicalshop.eu\/fr\/produit\/1d-lsd-2\/","title":{"rendered":"1D-LSD 150mcg Blotters"},"content":{"rendered":"<h3 data-start=\"5286\" data-end=\"5305\"><strong data-start=\"5290\" data-end=\"5305\"><span dir=\"auto\" style=\"vertical-align: inherit;\"><span dir=\"auto\" style=\"vertical-align: inherit;\">Introduction<\/span><\/span><\/strong><\/h3>\n<p data-start=\"5307\" data-end=\"5613\"><strong data-start=\"5307\" data-end=\"5333\"><span dir=\"auto\" style=\"vertical-align: inherit;\"><span dir=\"auto\" style=\"vertical-align: inherit;\">1D-LSD 150mcg Blotters<\/span><\/span><\/strong><span dir=\"auto\" style=\"vertical-align: inherit;\"><span dir=\"auto\" style=\"vertical-align: inherit;\"> sont <\/span><\/span><strong data-start=\"5339\" data-end=\"5386\"><span dir=\"auto\" style=\"vertical-align: inherit;\"><span dir=\"auto\" style=\"vertical-align: inherit;\">substances de recherche de qualit\u00e9 laboratoire<\/span><\/span><\/strong><span dir=\"auto\" style=\"vertical-align: inherit;\"><span dir=\"auto\" style=\"vertical-align: inherit;\"> destin\u00e9 \u00e0 <\/span><\/span><strong data-start=\"5401\" data-end=\"5445\"><span dir=\"auto\" style=\"vertical-align: inherit;\"><span dir=\"auto\" style=\"vertical-align: inherit;\">la recherche scientifique et analytique<\/span><\/span><\/strong><span dir=\"auto\" style=\"vertical-align: inherit;\"><span dir=\"auto\" style=\"vertical-align: inherit;\"> . Chaque buvard contient <\/span><\/span><strong data-start=\"5466\" data-end=\"5534\"><span dir=\"auto\" style=\"vertical-align: inherit;\"><span dir=\"auto\" style=\"vertical-align: inherit;\">150 microgrammes de 1D-LSD (1-Diethylamide-Lysergic Acid Diethylamide)<\/span><\/span><\/strong><span dir=\"auto\" style=\"vertical-align: inherit;\"><span dir=\"auto\" style=\"vertical-align: inherit;\"> , soigneusement formul\u00e9es pour <\/span><\/span><strong data-start=\"5565\" data-end=\"5610\"><span dir=\"auto\" style=\"vertical-align: inherit;\"><span dir=\"auto\" style=\"vertical-align: inherit;\">l'exactitude, la puret\u00e9 et la stabilit\u00e9<\/span><\/span><\/strong><span dir=\"auto\" style=\"vertical-align: inherit;\"><span dir=\"auto\" style=\"vertical-align: inherit;\"> . 1dlsd<\/span><\/span><\/p>\n<p data-start=\"5615\" data-end=\"5824\"><span dir=\"auto\" style=\"vertical-align: inherit;\"><span dir=\"auto\" style=\"vertical-align: inherit;\">Ces buvards sont fabriqu\u00e9s sous un contr\u00f4le de qualit\u00e9 strict et fournissent <\/span><\/span><strong data-start=\"5692\" data-end=\"5731\"><span dir=\"auto\" style=\"vertical-align: inherit;\"><span dir=\"auto\" style=\"vertical-align: inherit;\">des r\u00e9sultats coh\u00e9rents et fiables<\/span><\/span><\/strong><span dir=\"auto\" style=\"vertical-align: inherit;\"><span dir=\"auto\" style=\"vertical-align: inherit;\"> pour les chercheurs qui \u00e9tudient <\/span><\/span><strong data-start=\"5754\" data-end=\"5778\"><span dir=\"auto\" style=\"vertical-align: inherit;\"><span dir=\"auto\" style=\"vertical-align: inherit;\">analogues du lysergamide<\/span><\/span><\/strong><span dir=\"auto\" style=\"vertical-align: inherit;\"><span dir=\"auto\" style=\"vertical-align: inherit;\"> ou effectuer des analyses chimiques.<\/span><\/span><\/p>\n<blockquote data-start=\"5826\" data-end=\"5957\">\n<p data-start=\"5828\" data-end=\"5957\"><span dir=\"auto\" style=\"vertical-align: inherit;\"><span dir=\"auto\" style=\"vertical-align: inherit;\">\u26a0\ufe0f <\/span><\/span><strong data-start=\"5831\" data-end=\"5842\"><span dir=\"auto\" style=\"vertical-align: inherit;\"><span dir=\"auto\" style=\"vertical-align: inherit;\">A noter :<\/span><\/span><\/strong><span dir=\"auto\" style=\"vertical-align: inherit;\"><span dir=\"auto\" style=\"vertical-align: inherit;\"> Ce produit est destin\u00e9 \u00e0 <\/span><\/span><strong data-start=\"5883\" data-end=\"5908\"><span dir=\"auto\" style=\"vertical-align: inherit;\"><span dir=\"auto\" style=\"vertical-align: inherit;\">essais en laboratoire<\/span><\/span><\/strong><span dir=\"auto\" style=\"vertical-align: inherit;\"><span dir=\"auto\" style=\"vertical-align: inherit;\"> uniquement et <\/span><\/span><strong data-start=\"5912\" data-end=\"5956\"><span dir=\"auto\" style=\"vertical-align: inherit;\"><span dir=\"auto\" style=\"vertical-align: inherit;\">ne convient pas \u00e0 la consommation humaine<\/span><\/span><\/strong><span dir=\"auto\" style=\"vertical-align: inherit;\"><span dir=\"auto\" style=\"vertical-align: inherit;\"> .<\/span><\/span><\/p>\n<\/blockquote>\n<hr data-start=\"5959\" data-end=\"5962\" \/>\n<h3 data-start=\"5964\" data-end=\"5995\"><strong data-start=\"5968\" data-end=\"5995\"><span dir=\"auto\" style=\"vertical-align: inherit;\"><span dir=\"auto\" style=\"vertical-align: inherit;\">Caract\u00e9ristiques principales<\/span><\/span><\/strong><\/h3>\n<ul data-start=\"5997\" data-end=\"6539\">\n<li data-start=\"5997\" data-end=\"6086\">\n<p data-start=\"5999\" data-end=\"6086\"><strong data-start=\"5999\" data-end=\"6030\"><span dir=\"auto\" style=\"vertical-align: inherit;\"><span dir=\"auto\" style=\"vertical-align: inherit;\">Dosage pr\u00e9cis de 150 mcg :<\/span><\/span><\/strong><span dir=\"auto\" style=\"vertical-align: inherit;\"><span dir=\"auto\" style=\"vertical-align: inherit;\"> Pour des r\u00e9sultats de recherche coh\u00e9rents et fiables.<\/span><\/span><\/p>\n<\/li>\n<li data-start=\"6087\" data-end=\"6190\">\n<p data-start=\"6089\" data-end=\"6190\"><strong data-start=\"6089\" data-end=\"6114\"><span dir=\"auto\" style=\"vertical-align: inherit;\"><span dir=\"auto\" style=\"vertical-align: inherit;\">Puret\u00e9 de la recherche :<\/span><\/span><\/strong><span dir=\"auto\" style=\"vertical-align: inherit;\"><span dir=\"auto\" style=\"vertical-align: inherit;\"> Produit selon les normes de laboratoire avec une puret\u00e9 de \u226599%.<\/span><\/span><\/p>\n<\/li>\n<li data-start=\"6191\" data-end=\"6271\">\n<p data-start=\"6193\" data-end=\"6271\"><strong data-start=\"6193\" data-end=\"6219\"><span dir=\"auto\" style=\"vertical-align: inherit;\"><span dir=\"auto\" style=\"vertical-align: inherit;\">Stabilit\u00e9 chimique :<\/span><\/span><\/strong><span dir=\"auto\" style=\"vertical-align: inherit;\"><span dir=\"auto\" style=\"vertical-align: inherit;\"> Reste puissant et efficace lorsqu'il est conserv\u00e9 correctement.<\/span><\/span><\/p>\n<\/li>\n<li data-start=\"6272\" data-end=\"6365\">\n<p data-start=\"6274\" data-end=\"6365\"><strong data-start=\"6274\" data-end=\"6298\"><span dir=\"auto\" style=\"vertical-align: inherit;\"><span dir=\"auto\" style=\"vertical-align: inherit;\">Format pratique du buvard :<\/span><\/span><\/strong><span dir=\"auto\" style=\"vertical-align: inherit;\"><span dir=\"auto\" style=\"vertical-align: inherit;\"> Facile \u00e0 mesurer et \u00e0 manipuler en laboratoire.<\/span><\/span><\/p>\n<\/li>\n<li data-start=\"6366\" data-end=\"6449\">\n<p data-start=\"6368\" data-end=\"6449\"><strong data-start=\"6368\" data-end=\"6385\"><span dir=\"auto\" style=\"vertical-align: inherit;\"><span dir=\"auto\" style=\"vertical-align: inherit;\">Test\u00e9 par lots :<\/span><\/span><\/strong><span dir=\"auto\" style=\"vertical-align: inherit;\"><span dir=\"auto\" style=\"vertical-align: inherit;\"> Chaque lot est contr\u00f4l\u00e9 pour en v\u00e9rifier la puret\u00e9 et la coh\u00e9rence.<\/span><\/span><\/p>\n<\/li>\n<li data-start=\"6450\" data-end=\"6539\">\n<p data-start=\"6452\" data-end=\"6539\"><strong data-start=\"6452\" data-end=\"6475\"><span dir=\"auto\" style=\"vertical-align: inherit;\"><span dir=\"auto\" style=\"vertical-align: inherit;\">Emballage s\u00e9curis\u00e9 :<\/span><\/span><\/strong><span dir=\"auto\" style=\"vertical-align: inherit;\"><span dir=\"auto\" style=\"vertical-align: inherit;\"> Scell\u00e9 et r\u00e9sistant \u00e0 l'humidit\u00e9 pour une int\u00e9grit\u00e9 optimale du produit.<\/span><\/span><\/p>\n<\/li>\n<\/ul>\n<hr data-start=\"6541\" data-end=\"6544\" \/>\n<h3 data-start=\"6546\" data-end=\"6563\"><strong data-start=\"6550\" data-end=\"6563\"><span dir=\"auto\" style=\"vertical-align: inherit;\"><span dir=\"auto\" style=\"vertical-align: inherit;\">Avantages<\/span><\/span><\/strong><\/h3>\n<ol data-start=\"6565\" data-end=\"6986\">\n<li data-start=\"6565\" data-end=\"6654\">\n<p data-start=\"6568\" data-end=\"6654\"><strong data-start=\"6568\" data-end=\"6603\"><span dir=\"auto\" style=\"vertical-align: inherit;\"><span dir=\"auto\" style=\"vertical-align: inherit;\">Des r\u00e9sultats de recherche coh\u00e9rents :<\/span><\/span><\/strong><span dir=\"auto\" style=\"vertical-align: inherit;\"><span dir=\"auto\" style=\"vertical-align: inherit;\"> Des performances fiables dans la recherche analytique.<\/span><\/span><\/p>\n<\/li>\n<li data-start=\"6655\" data-end=\"6738\">\n<p data-start=\"6658\" data-end=\"6738\"><strong data-start=\"6658\" data-end=\"6683\"><span dir=\"auto\" style=\"vertical-align: inherit;\"><span dir=\"auto\" style=\"vertical-align: inherit;\">Facile \u00e0 utiliser :<\/span><\/span><\/strong><span dir=\"auto\" style=\"vertical-align: inherit;\"><span dir=\"auto\" style=\"vertical-align: inherit;\"> La forme du buvard r\u00e9duit le contact et le risque de contamination.<\/span><\/span><\/p>\n<\/li>\n<li data-start=\"6739\" data-end=\"6815\">\n<p data-start=\"6742\" data-end=\"6815\"><strong data-start=\"6742\" data-end=\"6766\"><span dir=\"auto\" style=\"vertical-align: inherit;\"><span dir=\"auto\" style=\"vertical-align: inherit;\">Haute pr\u00e9cision :<\/span><\/span><\/strong><span dir=\"auto\" style=\"vertical-align: inherit;\"><span dir=\"auto\" style=\"vertical-align: inherit;\"> Id\u00e9al pour les analyses chimiques et structurelles. 1 dlsd<\/span><\/span><\/p>\n<\/li>\n<li data-start=\"6816\" data-end=\"6894\">\n<p data-start=\"6819\" data-end=\"6894\"><strong data-start=\"6819\" data-end=\"6846\"><span dir=\"auto\" style=\"vertical-align: inherit;\"><span dir=\"auto\" style=\"vertical-align: inherit;\">Stabilit\u00e9 \u00e0 long terme :<\/span><\/span><\/strong><span dir=\"auto\" style=\"vertical-align: inherit;\"><span dir=\"auto\" style=\"vertical-align: inherit;\"> Convient aux projets de recherche \u00e0 long terme.<\/span><\/span><\/p>\n<\/li>\n<li data-start=\"6895\" data-end=\"6986\">\n<p data-start=\"6898\" data-end=\"6986\"><strong data-start=\"6898\" data-end=\"6924\"><span dir=\"auto\" style=\"vertical-align: inherit;\"><span dir=\"auto\" style=\"vertical-align: inherit;\">Qualit\u00e9 fiable :<\/span><\/span><\/strong><span dir=\"auto\" style=\"vertical-align: inherit;\"><span dir=\"auto\" style=\"vertical-align: inherit;\"> Fabriqu\u00e9 selon les normes BPL (bonnes pratiques de laboratoire).<\/span><\/span><\/p>\n<\/li>\n<\/ol>\n<hr data-start=\"6988\" data-end=\"6991\" \/>\n<h3 data-start=\"6993\" data-end=\"7032\"><strong data-start=\"6997\" data-end=\"7032\"><span dir=\"auto\" style=\"vertical-align: inherit;\"><span dir=\"auto\" style=\"vertical-align: inherit;\">Utilisation (pour la recherche uniquement)<\/span><\/span><\/strong><\/h3>\n<ol data-start=\"7034\" data-end=\"7419\">\n<li data-start=\"7034\" data-end=\"7116\">\n<p data-start=\"7037\" data-end=\"7116\"><strong data-start=\"7037\" data-end=\"7067\"><span dir=\"auto\" style=\"vertical-align: inherit;\"><span dir=\"auto\" style=\"vertical-align: inherit;\">Porter des v\u00eatements de protection<\/span><\/span><\/strong><span dir=\"auto\" style=\"vertical-align: inherit;\"><span dir=\"auto\" style=\"vertical-align: inherit;\"> comme des gants, des lunettes de s\u00e9curit\u00e9 et une blouse de laboratoire.<\/span><\/span><\/p>\n<\/li>\n<li data-start=\"7117\" data-end=\"7206\">\n<p data-start=\"7120\" data-end=\"7206\"><strong data-start=\"7120\" data-end=\"7153\"><span dir=\"auto\" style=\"vertical-align: inherit;\"><span dir=\"auto\" style=\"vertical-align: inherit;\">Utiliser des instruments st\u00e9riles<\/span><\/span><\/strong><span dir=\"auto\" style=\"vertical-align: inherit;\"><span dir=\"auto\" style=\"vertical-align: inherit;\"> pour retirer et mesurer avec pr\u00e9cision les buvards.<\/span><\/span><\/p>\n<\/li>\n<li data-start=\"7207\" data-end=\"7278\">\n<p data-start=\"7210\" data-end=\"7278\"><strong data-start=\"7210\" data-end=\"7225\"><span dir=\"auto\" style=\"vertical-align: inherit;\"><span dir=\"auto\" style=\"vertical-align: inherit;\">Document<\/span><\/span><\/strong><span dir=\"auto\" style=\"vertical-align: inherit;\"><span dir=\"auto\" style=\"vertical-align: inherit;\"> le nombre de buvards utilis\u00e9s pour chaque exp\u00e9rience.<\/span><\/span><\/p>\n<\/li>\n<li data-start=\"7279\" data-end=\"7355\">\n<p data-start=\"7282\" data-end=\"7355\"><strong data-start=\"7282\" data-end=\"7292\"><span dir=\"auto\" style=\"vertical-align: inherit;\"><span dir=\"auto\" style=\"vertical-align: inherit;\">Magasin<\/span><\/span><\/strong><span dir=\"auto\" style=\"vertical-align: inherit;\"><span dir=\"auto\" style=\"vertical-align: inherit;\"> Les buvards restants doivent \u00eatre conserv\u00e9s dans un endroit frais, sec et sombre.<\/span><\/span><\/p>\n<\/li>\n<li data-start=\"7356\" data-end=\"7419\">\n<p data-start=\"7359\" data-end=\"7419\"><strong data-start=\"7359\" data-end=\"7378\"><span dir=\"auto\" style=\"vertical-align: inherit;\"><span dir=\"auto\" style=\"vertical-align: inherit;\">\u00c9liminer les d\u00e9chets<\/span><\/span><\/strong><span dir=\"auto\" style=\"vertical-align: inherit;\"><span dir=\"auto\" style=\"vertical-align: inherit;\"> conform\u00e9ment aux directives de s\u00e9curit\u00e9 locales.<\/span><\/span><\/p>\n<\/li>\n<\/ol>\n<blockquote data-start=\"7421\" data-end=\"7526\">\n<p data-start=\"7423\" data-end=\"7526\"><span dir=\"auto\" style=\"vertical-align: inherit;\"><span dir=\"auto\" style=\"vertical-align: inherit;\">\u26a0\ufe0f <\/span><\/span><strong data-start=\"7426\" data-end=\"7484\"><span dir=\"auto\" style=\"vertical-align: inherit;\"><span dir=\"auto\" style=\"vertical-align: inherit;\">Ne convient pas \u00e0 la consommation humaine ou animale. Pour les <\/span><\/span><\/strong><strong data-start=\"7497\" data-end=\"7525\"><span dir=\"auto\" style=\"vertical-align: inherit;\"><span dir=\"auto\" style=\"vertical-align: inherit;\">utilisation scientifique<\/span><\/span><\/strong><span dir=\"auto\" style=\"vertical-align: inherit;\"><span dir=\"auto\" style=\"vertical-align: inherit;\"> seulement <\/span><span dir=\"auto\" style=\"vertical-align: inherit;\">.<\/span><\/span><\/p>\n<\/blockquote>\n<hr data-start=\"7528\" data-end=\"7531\" \/>\n<h3 data-start=\"7533\" data-end=\"7558\"><strong data-start=\"7537\" data-end=\"7558\"><span dir=\"auto\" style=\"vertical-align: inherit;\"><span dir=\"auto\" style=\"vertical-align: inherit;\">Instructions de stockage<\/span><\/span><\/strong><\/h3>\n<ul data-start=\"7560\" data-end=\"7704\">\n<li data-start=\"7560\" data-end=\"7618\">\n<p data-start=\"7562\" data-end=\"7618\"><span dir=\"auto\" style=\"vertical-align: inherit;\"><span dir=\"auto\" style=\"vertical-align: inherit;\">Magasin \u00e0 <\/span><\/span><strong data-start=\"7573\" data-end=\"7582\"><span dir=\"auto\" style=\"vertical-align: inherit;\"><span dir=\"auto\" style=\"vertical-align: inherit;\">2-8\u00b0C<\/span><\/span><\/strong><span dir=\"auto\" style=\"vertical-align: inherit;\"><span dir=\"auto\" style=\"vertical-align: inherit;\"> , \u00e0 l'abri de la lumi\u00e8re et de l'humidit\u00e9.<\/span><\/span><\/p>\n<\/li>\n<li data-start=\"7619\" data-end=\"7662\">\n<p data-start=\"7621\" data-end=\"7662\"><span dir=\"auto\" style=\"vertical-align: inherit;\"><span dir=\"auto\" style=\"vertical-align: inherit;\">Conserver le r\u00e9cipient <\/span><\/span><strong data-start=\"7640\" data-end=\"7659\"><span dir=\"auto\" style=\"vertical-align: inherit;\"><span dir=\"auto\" style=\"vertical-align: inherit;\">ferm\u00e9 herm\u00e9tiquement<\/span><\/span><\/strong><span dir=\"auto\" style=\"vertical-align: inherit;\"><span dir=\"auto\" style=\"vertical-align: inherit;\"> .<\/span><\/span><\/p>\n<\/li>\n<li data-start=\"7663\" data-end=\"7704\">\n<p data-start=\"7665\" data-end=\"7704\"><span dir=\"auto\" style=\"vertical-align: inherit;\"><span dir=\"auto\" style=\"vertical-align: inherit;\">Placer hors de port\u00e9e des personnes non autoris\u00e9es.<\/span><\/span><\/p>\n<\/li>\n<\/ul>\n<hr data-start=\"7706\" data-end=\"7709\" \/>\n<h3 data-start=\"7711\" data-end=\"7746\"><strong data-start=\"7715\" data-end=\"7746\"><span dir=\"auto\" style=\"vertical-align: inherit;\"><span dir=\"auto\" style=\"vertical-align: inherit;\">Foire aux questions (FAQ)<\/span><\/span><\/strong><\/h3>\n<p data-start=\"7748\" data-end=\"7932\"><strong data-start=\"7748\" data-end=\"7803\"><span dir=\"auto\" style=\"vertical-align: inherit;\"><span dir=\"auto\" style=\"vertical-align: inherit;\">1. A quoi servent les buvards 1D-LSD 150mcg ?<\/span><\/span><\/strong><br data-start=\"7803\" data-end=\"7806\" \/><span dir=\"auto\" style=\"vertical-align: inherit;\"><span dir=\"auto\" style=\"vertical-align: inherit;\"> Pour <\/span><\/span><strong data-start=\"7811\" data-end=\"7855\"><span dir=\"auto\" style=\"vertical-align: inherit;\"><span dir=\"auto\" style=\"vertical-align: inherit;\">la recherche scientifique et analytique<\/span><\/span><\/strong><span dir=\"auto\" style=\"vertical-align: inherit;\"><span dir=\"auto\" style=\"vertical-align: inherit;\"> Sur les analogues du lysergamide dans des conditions de laboratoire contr\u00f4l\u00e9es.<\/span><\/span><\/p>\n<p data-start=\"7934\" data-end=\"8100\"><strong data-start=\"7934\" data-end=\"7983\"><span dir=\"auto\" style=\"vertical-align: inherit;\"><span dir=\"auto\" style=\"vertical-align: inherit;\">2. Ces buvards peuvent-ils \u00eatre consomm\u00e9s sans danger ?<\/span><\/span><\/strong><br data-start=\"7983\" data-end=\"7986\" \/><span dir=\"auto\" style=\"vertical-align: inherit;\"><span dir=\"auto\" style=\"vertical-align: inherit;\"> Non. Ils sont <\/span><\/span><strong data-start=\"7999\" data-end=\"8049\"><span dir=\"auto\" style=\"vertical-align: inherit;\"><span dir=\"auto\" style=\"vertical-align: inherit;\">destin\u00e9 \u00e0 \u00eatre test\u00e9 en laboratoire uniquement<\/span><\/span><\/strong><span dir=\"auto\" style=\"vertical-align: inherit;\"><span dir=\"auto\" style=\"vertical-align: inherit;\"> et <\/span><\/span><strong data-start=\"8053\" data-end=\"8097\"><span dir=\"auto\" style=\"vertical-align: inherit;\"><span dir=\"auto\" style=\"vertical-align: inherit;\">ne conviennent pas \u00e0 la consommation humaine<\/span><\/span><\/strong><span dir=\"auto\" style=\"vertical-align: inherit;\"><span dir=\"auto\" style=\"vertical-align: inherit;\"> .<\/span><\/span><\/p>\n<p data-start=\"8102\" data-end=\"8238\"><strong data-start=\"8102\" data-end=\"8147\"><span dir=\"auto\" style=\"vertical-align: inherit;\"><span dir=\"auto\" style=\"vertical-align: inherit;\">3. Quelle est la meilleure fa\u00e7on de stocker les buvards ?<\/span><\/span><\/strong><br data-start=\"8147\" data-end=\"8150\" \/><span dir=\"auto\" style=\"vertical-align: inherit;\"><span dir=\"auto\" style=\"vertical-align: inherit;\"> Conservez-les dans un <\/span><\/span><strong data-start=\"8167\" data-end=\"8201\"><span dir=\"auto\" style=\"vertical-align: inherit;\"><span dir=\"auto\" style=\"vertical-align: inherit;\">endroit frais, sec et sombre<\/span><\/span><\/strong><span dir=\"auto\" style=\"vertical-align: inherit;\"><span dir=\"auto\" style=\"vertical-align: inherit;\"> \u00e0 une temp\u00e9rature de <\/span><\/span><strong data-start=\"8226\" data-end=\"8235\"><span dir=\"auto\" style=\"vertical-align: inherit;\"><span dir=\"auto\" style=\"vertical-align: inherit;\">2-8\u00b0C<\/span><\/span><\/strong><span dir=\"auto\" style=\"vertical-align: inherit;\"><span dir=\"auto\" style=\"vertical-align: inherit;\"> .<\/span><\/span><\/p>\n<hr data-start=\"8240\" data-end=\"8243\" \/>\n<h3 data-start=\"8245\" data-end=\"8262\"><strong data-start=\"8249\" data-end=\"8262\"><span dir=\"auto\" style=\"vertical-align: inherit;\"><span dir=\"auto\" style=\"vertical-align: inherit;\">Conclusion<\/span><\/span><\/strong><\/h3>\n<p data-start=\"8264\" data-end=\"8545\"><strong data-start=\"8264\" data-end=\"8290\"><span dir=\"auto\" style=\"vertical-align: inherit;\"><span dir=\"auto\" style=\"vertical-align: inherit;\">1D-LSD 150mcg buvards<\/span><\/span><\/strong><span dir=\"auto\" style=\"vertical-align: inherit;\"><span dir=\"auto\" style=\"vertical-align: inherit;\"> garantie <\/span><\/span><strong data-start=\"8309\" data-end=\"8356\"><span dir=\"auto\" style=\"vertical-align: inherit;\"><span dir=\"auto\" style=\"vertical-align: inherit;\">une pr\u00e9cision et une puret\u00e9 exceptionnelles<\/span><\/span><\/strong><span dir=\"auto\" style=\"vertical-align: inherit;\"><span dir=\"auto\" style=\"vertical-align: inherit;\"> dans la recherche analytique. Leur dosage contr\u00f4l\u00e9, leur grande stabilit\u00e9 et leur composition fiable en font des produits de choix pour la recherche analytique. <\/span><\/span><strong data-start=\"8469\" data-end=\"8516\"><span dir=\"auto\" style=\"vertical-align: inherit;\"><span dir=\"auto\" style=\"vertical-align: inherit;\">choix id\u00e9al pour les laboratoires professionnels<\/span><\/span><\/strong><span dir=\"auto\" style=\"vertical-align: inherit;\"><span dir=\"auto\" style=\"vertical-align: inherit;\"> et des instituts de recherche.<\/span><\/span><\/p>","protected":false},"excerpt":{"rendered":"<h2><span style=\"vertical-align: inherit;\"><span style=\"vertical-align: inherit;\"><span dir=\"auto\" style=\"vertical-align: inherit;\"><span dir=\"auto\" style=\"vertical-align: inherit;\">1D-LSD 150mcg Blotters<\/span><\/span><\/span><\/span><\/h2>\n<p><span style=\"vertical-align: inherit;\"><span style=\"vertical-align: inherit;\"><span dir=\"auto\" style=\"vertical-align: inherit;\"><span dir=\"auto\" style=\"vertical-align: inherit;\">1D-LSD is a substance that we only sell for research purposes.<\/span><\/span><\/span><\/span><\/p>","protected":false},"featured_media":16812,"comment_status":"closed","ping_status":"closed","template":"","meta":[],"product_brand":[23],"product_cat":[447,46],"product_tag":[960,451,396,48,49],"class_list":{"0":"post-1044","1":"product","2":"type-product","3":"status-publish","4":"has-post-thumbnail","6":"product_brand-research-chemical","7":"product_cat-1d-lsd","8":"product_cat-lysergamides","9":"product_tag-1d-lsd","10":"product_tag-1dlsd","11":"product_tag-de","12":"product_tag-lsd","13":"product_tag-lsd-blotter","15":"first","16":"instock","17":"shipping-taxable","18":"purchasable","19":"product-type-variable"},"_links":{"self":[{"href":"https:\/\/researchchemicalshop.eu\/fr\/wp-json\/wp\/v2\/product\/1044","targetHints":{"allow":["GET"]}}],"collection":[{"href":"https:\/\/researchchemicalshop.eu\/fr\/wp-json\/wp\/v2\/product"}],"about":[{"href":"https:\/\/researchchemicalshop.eu\/fr\/wp-json\/wp\/v2\/types\/product"}],"replies":[{"embeddable":true,"href":"https:\/\/researchchemicalshop.eu\/fr\/wp-json\/wp\/v2\/comments?post=1044"}],"version-history":[{"count":1,"href":"https:\/\/researchchemicalshop.eu\/fr\/wp-json\/wp\/v2\/product\/1044\/revisions"}],"predecessor-version":[{"id":16596,"href":"https:\/\/researchchemicalshop.eu\/fr\/wp-json\/wp\/v2\/product\/1044\/revisions\/16596"}],"wp:featuredmedia":[{"embeddable":true,"href":"https:\/\/researchchemicalshop.eu\/fr\/wp-json\/wp\/v2\/media\/16812"}],"wp:attachment":[{"href":"https:\/\/researchchemicalshop.eu\/fr\/wp-json\/wp\/v2\/media?parent=1044"}],"wp:term":[{"taxonomy":"product_brand","embeddable":true,"href":"https:\/\/researchchemicalshop.eu\/fr\/wp-json\/wp\/v2\/product_brand?post=1044"},{"taxonomy":"product_cat","embeddable":true,"href":"https:\/\/researchchemicalshop.eu\/fr\/wp-json\/wp\/v2\/product_cat?post=1044"},{"taxonomy":"product_tag","embeddable":true,"href":"https:\/\/researchchemicalshop.eu\/fr\/wp-json\/wp\/v2\/product_tag?post=1044"}],"curies":[{"name":"wp","href":"https:\/\/api.w.org\/{rel}","templated":true}]}}