{"id":690,"date":"2026-02-09T11:54:48","date_gmt":"2026-02-09T11:54:48","guid":{"rendered":"https:\/\/researchchemicalshop.eu\/?post_type=product&#038;p=690"},"modified":"2026-02-13T13:05:35","modified_gmt":"2026-02-13T13:05:35","slug":"4c-mar","status":"publish","type":"product","link":"https:\/\/researchchemicalshop.eu\/fi\/tuote\/4c-mar\/","title":{"rendered":"4C MAR (4-Chlorine-4-methylaminorex)"},"content":{"rendered":"<p data-start=\"4910\" data-end=\"5181\"><strong data-start=\"4910\" data-end=\"4948\">4C-MAR (4-Chloor-4-methylaminorex)<\/strong> on <strong data-start=\"4956\" data-end=\"4989\">synthetisch aminorex-derivaat<\/strong> dat behoort tot de <strong data-start=\"5009\" data-end=\"5046\">oxazoline-klasse van verbindingen<\/strong>. Het wordt bestudeerd binnen <strong data-start=\"5076\" data-end=\"5113\">forensische en analytische chemie<\/strong> vanwege de structurele overeenkomst met andere aminorex-analogen. 4c mar<\/p>\n<p data-start=\"5183\" data-end=\"5453\">4C-MAR wordt uitsluitend gebruikt als <strong data-start=\"5221\" data-end=\"5239\">referentiestof<\/strong> ja <strong data-start=\"5243\" data-end=\"5267\">analytisch materiaal<\/strong> voor wetenschappelijke doeleinden. Het is <strong data-start=\"5310\" data-end=\"5367\">ei kelpaa ihmisten tai el\u00e4inten ravinnoksi<\/strong> en mag alleen worden gehanteerd door gekwalificeerd personeel in erkende laboratoria.<\/p>\n<hr data-start=\"5455\" data-end=\"5458\" \/>\n<h3 data-start=\"5460\" data-end=\"5491\"><strong data-start=\"5464\" data-end=\"5491\">T\u00e4rkeimm\u00e4t ominaisuudet<\/strong><\/h3>\n<ul data-start=\"5493\" data-end=\"6020\">\n<li data-start=\"5493\" data-end=\"5606\">\n<p data-start=\"5495\" data-end=\"5606\"><strong data-start=\"5495\" data-end=\"5515\">Korkea puhtaus:<\/strong> Geproduceerd onder strikte kwaliteitscontrole voor reproduceerbare onderzoeksresultaten.<\/p>\n<\/li>\n<li data-start=\"5607\" data-end=\"5720\">\n<p data-start=\"5609\" data-end=\"5720\"><strong data-start=\"5609\" data-end=\"5642\">Structurele Onderzoekswaarde:<\/strong> Geschikt voor studies naar aminorex-analogen en hun spectraaleigenschappen.<\/p>\n<\/li>\n<li data-start=\"5721\" data-end=\"5814\">\n<p data-start=\"5723\" data-end=\"5814\"><strong data-start=\"5723\" data-end=\"5762\">Sertifioitu vertailumateriaali:<\/strong> Geleverd met batchspecifieke analysecertificaten.<\/p>\n<\/li>\n<li data-start=\"5815\" data-end=\"5911\">\n<p data-start=\"5817\" data-end=\"5911\"><strong data-start=\"5817\" data-end=\"5849\">Analytische Compatibiliteit:<\/strong> Geschikt voor gebruik met <strong data-start=\"5876\" data-end=\"5885\">GC-MS<\/strong>, <strong data-start=\"5887\" data-end=\"5896\">LC-MS<\/strong> ja <strong data-start=\"5900\" data-end=\"5908\">HPLC<\/strong>.<\/p>\n<\/li>\n<li data-start=\"5912\" data-end=\"6020\">\n<p data-start=\"5914\" data-end=\"6020\"><strong data-start=\"5914\" data-end=\"5941\">Stabiele Samenstelling:<\/strong> Ontworpen voor langdurige opslag onder standaard laboratoriumomstandigheden.<\/p>\n<\/li>\n<\/ul>\n<hr data-start=\"6022\" data-end=\"6025\" \/>\n<h3 data-start=\"6027\" data-end=\"6044\"><strong data-start=\"6031\" data-end=\"6044\">Edut<\/strong><\/h3>\n<ul data-start=\"6046\" data-end=\"6551\">\n<li data-start=\"6046\" data-end=\"6180\">\n<p data-start=\"6048\" data-end=\"6180\"><strong data-start=\"6048\" data-end=\"6085\">Ondersteunt Analytisch Onderzoek:<\/strong> Helpt bij de ontwikkeling van detectie- en kwantificatiemethoden voor aminorex-verbindingen.<\/p>\n<\/li>\n<li data-start=\"6181\" data-end=\"6276\">\n<p data-start=\"6183\" data-end=\"6276\"><strong data-start=\"6183\" data-end=\"6205\">Forensisch Belang:<\/strong> Wordt gebruikt bij de identificatie van nieuwe synthetische stoffen.<\/p>\n<\/li>\n<li data-start=\"6277\" data-end=\"6352\">\n<p data-start=\"6279\" data-end=\"6352\"><strong data-start=\"6279\" data-end=\"6306\">Betrouwbare Resultaten:<\/strong> Hoge zuiverheid vermindert meetafwijkingen.<\/p>\n<\/li>\n<li data-start=\"6353\" data-end=\"6455\">\n<p data-start=\"6355\" data-end=\"6455\"><strong data-start=\"6355\" data-end=\"6393\">Compatibel met Moderne Apparatuur:<\/strong> Betrouwbare prestaties bij chromatografie en spectrometrie.<\/p>\n<\/li>\n<li data-start=\"6456\" data-end=\"6551\">\n<p data-start=\"6458\" data-end=\"6551\"><strong data-start=\"6458\" data-end=\"6484\">Educatieve Toepassing:<\/strong> Geschikt voor academische en toxicologische onderzoeksprojecten. 4c mar<\/p>\n<\/li>\n<\/ul>\n<hr data-start=\"6553\" data-end=\"6556\" \/>\n<h3 data-start=\"6558\" data-end=\"6619\"><strong data-start=\"6562\" data-end=\"6619\">K\u00e4ytt\u00f6ohjeet (vain tutkimustarkoituksiin)<\/strong><\/h3>\n<ol data-start=\"6621\" data-end=\"7012\">\n<li data-start=\"6621\" data-end=\"6720\">\n<p data-start=\"6624\" data-end=\"6720\"><strong data-start=\"6624\" data-end=\"6638\">Hantering:<\/strong> Alleen te gebruiken in erkende laboratoria met de juiste veiligheidsuitrusting.<\/p>\n<\/li>\n<li data-start=\"6721\" data-end=\"6807\">\n<p data-start=\"6724\" data-end=\"6807\"><strong data-start=\"6724\" data-end=\"6742\">Valmistelu:<\/strong> Bereid of verdun volgens vastgestelde analytische protocollen.<\/p>\n<\/li>\n<li data-start=\"6808\" data-end=\"6923\">\n<p data-start=\"6811\" data-end=\"6923\"><strong data-start=\"6811\" data-end=\"6822\">Varastointi:<\/strong> Bewaar op een <strong data-start=\"6837\" data-end=\"6869\">koele, droge en donkere plek<\/strong>, goed afgesloten in chemisch bestendige verpakking.<\/p>\n<\/li>\n<li data-start=\"6924\" data-end=\"7012\">\n<p data-start=\"6927\" data-end=\"7012\"><strong data-start=\"6927\" data-end=\"6938\">Viem\u00e4r\u00f6inti:<\/strong> Verwijder resten volgens lokale en milieuwetgeving voor chemisch afval.<\/p>\n<\/li>\n<\/ol>\n<hr data-start=\"7014\" data-end=\"7017\" \/>\n<h3 data-start=\"7019\" data-end=\"7053\"><strong data-start=\"7023\" data-end=\"7053\">Turvallisuus ja vaatimustenmukaisuus<\/strong><\/h3>\n<ul data-start=\"7055\" data-end=\"7490\">\n<li data-start=\"7055\" data-end=\"7150\">\n<p data-start=\"7057\" data-end=\"7150\"><strong data-start=\"7057\" data-end=\"7093\">Vain laboratoriok\u00e4ytt\u00f6\u00f6n:<\/strong> Ei sovellu ihmisten tai el\u00e4inten ravinnoksi.<\/p>\n<\/li>\n<li data-start=\"7151\" data-end=\"7261\">\n<p data-start=\"7153\" data-end=\"7261\"><strong data-start=\"7153\" data-end=\"7181\">Oikeudelliset n\u00e4k\u00f6kohdat:<\/strong> Controleer altijd de lokale wetgeving voordat u 4C-MAR aanschaft of gebruikt.<\/p>\n<\/li>\n<li data-start=\"7262\" data-end=\"7365\">\n<p data-start=\"7264\" data-end=\"7365\"><strong data-start=\"7264\" data-end=\"7282\">Veilig Werken:<\/strong> Vermijd huid- of oogcontact en gebruik altijd persoonlijke beschermingsmiddelen.<\/p>\n<\/li>\n<li data-start=\"7366\" data-end=\"7490\">\n<p data-start=\"7368\" data-end=\"7490\"><strong data-start=\"7368\" data-end=\"7385\">Dokumentaatio:<\/strong> A <strong data-start=\"7390\" data-end=\"7426\">k\u00e4ytt\u00f6turvallisuustiedote (MSDS)<\/strong> ja <strong data-start=\"7430\" data-end=\"7458\">analyysitodistus (COA)<\/strong> zijn op aanvraag beschikbaar.<\/p>\n<\/li>\n<\/ul>\n<hr data-start=\"7492\" data-end=\"7495\" \/>\n<h3 data-start=\"7497\" data-end=\"7532\"><strong data-start=\"7501\" data-end=\"7532\">Usein kysytyt kysymykset (FAQ)<\/strong><\/h3>\n<p data-start=\"7534\" data-end=\"7684\"><strong data-start=\"7534\" data-end=\"7572\">1. Waarvoor wordt 4C-MAR gebruikt?<\/strong><br data-start=\"7572\" data-end=\"7575\" \/>4C-MAR wordt gebruikt als <strong data-start=\"7601\" data-end=\"7619\">referentiestof<\/strong> voor analytische en forensische studies van aminorex-analogen.<\/p>\n<p data-start=\"7686\" data-end=\"7879\"><strong data-start=\"7686\" data-end=\"7737\">2. Is 4C-MAR veilig voor menselijke consumptie?<\/strong><br data-start=\"7737\" data-end=\"7740\" \/>Ei. T\u00e4m\u00e4 tuote on <strong data-start=\"7760\" data-end=\"7815\">jotka on tarkoitettu yksinomaan tieteelliseen tutkimukseen<\/strong> ja <strong data-start=\"7819\" data-end=\"7876\">ei kelpaa ihmisten tai el\u00e4inten ravinnoksi<\/strong>.<\/p>\n<p data-start=\"7881\" data-end=\"8030\"><strong data-start=\"7881\" data-end=\"7922\">3. Hoe moet 4C-MAR worden opgeslagen?<\/strong><br data-start=\"7922\" data-end=\"7925\" \/>Bewaar op een <strong data-start=\"7939\" data-end=\"7973\">viile\u00e4ss\u00e4, kuivassa ja pime\u00e4ss\u00e4 paikassa<\/strong>, goed afgesloten en buiten het bereik van onbevoegden.<\/p>","protected":false},"excerpt":{"rendered":"<h2><span style=\"vertical-align: inherit;\"><span style=\"vertical-align: inherit;\">4C-MAR \/ <\/span><\/span><b><span style=\"vertical-align: inherit;\"><span style=\"vertical-align: inherit;\">4\u2032-Chlorine-4-methylaminorex<\/span><\/span><\/b><span style=\"vertical-align: inherit;\"><span style=\"vertical-align: inherit;\"> properties<\/span><\/span><\/h2>\n<p><strong><span style=\"vertical-align: inherit;\"><span style=\"vertical-align: inherit;\">CAS Number<\/span><\/span><\/strong><span style=\"vertical-align: inherit;\"><span style=\"vertical-align: inherit;\"> : N\/A <\/span><\/span><br \/>\n<strong><span style=\"vertical-align: inherit;\"><span style=\"vertical-align: inherit;\">Formula<\/span><\/span><\/strong><span style=\"vertical-align: inherit;\"><span style=\"vertical-align: inherit;\"> : <\/span><\/span><span title=\"Carbon\"><span style=\"vertical-align: inherit;\"><span style=\"vertical-align: inherit;\">C <\/span><\/span><\/span><sub><span style=\"vertical-align: inherit;\"><span style=\"vertical-align: inherit;\">10 <\/span><\/span><\/sub><span title=\"Hydrogen\"><span style=\"vertical-align: inherit;\"><span style=\"vertical-align: inherit;\">H <\/span><\/span><\/span><sub><span style=\"vertical-align: inherit;\"><span style=\"vertical-align: inherit;\">11 <\/span><\/span><\/sub><span title=\"Fluorine\"><span style=\"vertical-align: inherit;\"><span style=\"vertical-align: inherit;\">F <\/span><\/span><\/span><span title=\"Nitrogen\"><span style=\"vertical-align: inherit;\"><span style=\"vertical-align: inherit;\">N <\/span><\/span><\/span><sub><span style=\"vertical-align: inherit;\"><span style=\"vertical-align: inherit;\">2 <\/span><\/span><\/sub><span title=\"Oxygen\"><span style=\"vertical-align: inherit;\"><span style=\"vertical-align: inherit;\">O <\/span><\/span><\/span><br \/>\n<strong><span style=\"vertical-align: inherit;\"><span style=\"vertical-align: inherit;\">Molar Mass<\/span><\/span><\/strong><span style=\"vertical-align: inherit;\"><span style=\"vertical-align: inherit;\"> : <\/span><\/span><span class=\"nowrap\"><span style=\"vertical-align: inherit;\"><span style=\"vertical-align: inherit;\">195.039<\/span><\/span><\/span><span style=\"vertical-align: inherit;\"><span style=\"vertical-align: inherit;\"> g mol <\/span><\/span><br \/>\n<strong><span style=\"vertical-align: inherit;\"><span style=\"vertical-align: inherit;\">Purity<\/span><\/span><\/strong><span style=\"vertical-align: inherit;\"><span style=\"vertical-align: inherit;\"> : \u226598%<\/span><\/span><\/p>","protected":false},"featured_media":0,"comment_status":"closed","ping_status":"closed","template":"","meta":[],"product_brand":[],"product_cat":[359],"product_tag":[364,365,22],"class_list":{"0":"post-690","1":"product","2":"type-product","3":"status-publish","5":"product_cat-aminorex","6":"product_tag-4c-mar","7":"product_tag-4c-mar-kopen","8":"product_tag-nl","10":"first","11":"instock","12":"shipping-taxable","13":"purchasable","14":"product-type-variable"},"_links":{"self":[{"href":"https:\/\/researchchemicalshop.eu\/fi\/wp-json\/wp\/v2\/product\/690","targetHints":{"allow":["GET"]}}],"collection":[{"href":"https:\/\/researchchemicalshop.eu\/fi\/wp-json\/wp\/v2\/product"}],"about":[{"href":"https:\/\/researchchemicalshop.eu\/fi\/wp-json\/wp\/v2\/types\/product"}],"replies":[{"embeddable":true,"href":"https:\/\/researchchemicalshop.eu\/fi\/wp-json\/wp\/v2\/comments?post=690"}],"version-history":[{"count":2,"href":"https:\/\/researchchemicalshop.eu\/fi\/wp-json\/wp\/v2\/product\/690\/revisions"}],"predecessor-version":[{"id":16630,"href":"https:\/\/researchchemicalshop.eu\/fi\/wp-json\/wp\/v2\/product\/690\/revisions\/16630"}],"wp:attachment":[{"href":"https:\/\/researchchemicalshop.eu\/fi\/wp-json\/wp\/v2\/media?parent=690"}],"wp:term":[{"taxonomy":"product_brand","embeddable":true,"href":"https:\/\/researchchemicalshop.eu\/fi\/wp-json\/wp\/v2\/product_brand?post=690"},{"taxonomy":"product_cat","embeddable":true,"href":"https:\/\/researchchemicalshop.eu\/fi\/wp-json\/wp\/v2\/product_cat?post=690"},{"taxonomy":"product_tag","embeddable":true,"href":"https:\/\/researchchemicalshop.eu\/fi\/wp-json\/wp\/v2\/product_tag?post=690"}],"curies":[{"name":"wp","href":"https:\/\/api.w.org\/{rel}","templated":true}]}}